{"id":7735,"date":"2025-11-21T11:20:28","date_gmt":"2025-11-21T11:20:28","guid":{"rendered":"https:\/\/chemgramx.com\/?post_type=product&#038;p=7735"},"modified":"2025-11-21T11:21:52","modified_gmt":"2025-11-21T11:21:52","slug":"methallylescaline-hydrochloride-bestellung-online","status":"publish","type":"product","link":"https:\/\/chemgramx.com\/es\/product\/methallylescaline-hydrochloride-bestellung-online\/","title":{"rendered":"Methallylescaline Hydrochloride Pedido en l\u00ednea"},"content":{"rendered":"<p><b>Clorhidrato de metillescalina<\/b> (abreviatura: Methallylescaline HCl) es un <b>producto qu\u00edmico de investigaci\u00f3n de gran pureza anal\u00edtica<\/b>, que se ha desarrollado especialmente para cumplir los requisitos m\u00e1s exigentes de la <b>investigaci\u00f3n qu\u00edmica y farmacol\u00f3gica<\/b> para hacerle justicia. Como importante representante de la <b>Derivados de la fenetilamina<\/b>, estructuralmente estrechamente relacionado con el conocido <b>Mescalina<\/b> y la clase de <b>Escalina<\/b> relacionada, esta sustancia ofrece una firma molecular \u00fanica para la investigaci\u00f3n de interacciones biol\u00f3gicas complejas. Con una <b>pureza m\u00ednima confirmada anal\u00edticamente de <span class=\"math-inline\" data-math=\"ge97,%\">97%<\/span><\/b>\u00a0Methallylescaline HCl es la herramienta ideal para los cient\u00edficos que trabajan en <b>entornos de laboratorio controlados<\/b> en <b>Resultados precisos y reproducibles<\/b> dependen.<\/p>\n<p>Insistimos: la compra y el uso de este producto son <b>exclusivamente con fines de investigaci\u00f3n<\/b> y estrictamente limitado a <b>Expertos cualificados<\/b> en <b>laboratorios autorizados y homologados<\/b> limitado. Esto sirve para garantizar el cumplimiento de todos los <b>Normas legales y de seguridad<\/b>.<a href=\"\/product\/methallylescaline-hydrochloride-kaufen\/\"> Metillescalina<\/a> El HCl es un reactivo inestimable en la moderna <b>Estudio de los receptores de serotonina<\/b> y el <b>investigaci\u00f3n neuroqu\u00edmica b\u00e1sica<\/b>.<\/p>\n<h2>\u00a0Caracterizaci\u00f3n molecular y caracter\u00edsticas de calidad garantizadas<\/h2>\n<p>La integridad molecular y la pureza de un producto qu\u00edmico de investigaci\u00f3n son fundamentales para la validez de los experimentos cient\u00edficos. El clorhidrato de metillescalina se fabrica y se somete a pruebas anal\u00edticas en las condiciones m\u00e1s estrictas para garantizar una calidad inigualable.<\/p>\n<h3>La huella qu\u00edmica detallada (especificaciones del producto)<\/h3>\n<p>El HCl de metillescalina se caracteriza por su estructura espec\u00edfica, definida por los patrones de sustituci\u00f3n en el anillo fenilo. La introducci\u00f3n de los <b>Grupo met\u00edlico<\/b> a la posici\u00f3n 4 del anillo modifica las propiedades lipof\u00edlicas y est\u00e9ricas de la mol\u00e9cula en comparaci\u00f3n con sus an\u00e1logos, lo que da lugar a unas propiedades \u00fanicas <b>perfiles farmacol\u00f3gicos<\/b> que deben investigarse.<\/p>\n<ul>\n<li><b>Nombre IUPAC:<\/b> La denominaci\u00f3n exacta es <b>2,5-<a href=\"\/product\/4f-php-4-fluorophenylpyrrolidin-online-kaufen\/\">Dimetoxi<\/a>-4-(2-metilalil)clorhidrato de fenetilamina<\/b>. Esta nomenclatura detallada permite una identificaci\u00f3n clara en el discurso cient\u00edfico mundial.<\/li>\n<li><b>Peso molecular:<\/b> El peso molecular exacto es <b>289,80 g\/mol<\/b>. Esta especificaci\u00f3n exacta es esencial para la preparaci\u00f3n de soluciones molares y la dosificaci\u00f3n exacta en ensayos cuantitativos.<\/li>\n<li><b>Formulaci\u00f3n qu\u00edmica:<\/b> La sustancia tiene forma de <b>polvo cristalino<\/b> que garantiza una f\u00e1cil manipulaci\u00f3n y un pesaje preciso en el laboratorio.<\/li>\n<li><b>Solubilidad:<\/b> El HCl de metillescalina tiene un <b>buena solubilidad en agua<\/b> que facilita la preparaci\u00f3n r\u00e1pida y homog\u00e9nea de soluciones madre acuosas para <span class=\"math-inline\" data-math=\"In\">En<\/span> <span class=\"math-inline\" data-math=\"vitro\">vitro<\/span>- y <span class=\"math-inline\" data-math=\"In\">En<\/span> <span class=\"math-inline\" data-math=\"vivo\">vivo<\/span>-experimentos (en estricto cumplimiento de los requisitos legales).<\/li>\n<\/ul>\n<h3>La importancia de la verificaci\u00f3n anal\u00edtica<\/h3>\n<p>Concedemos gran importancia a la <b>Coherencia de los lotes<\/b> y el <b>verificaci\u00f3n anal\u00edtica<\/b> de cada unidad. S\u00f3lo mediante estos estrictos controles pueden los investigadores validar y reproducir sus resultados.<\/p>\n<ol start=\"1\">\n<li><b>Confirmaci\u00f3n de pureza:<\/b> La pureza de <b><span class=\"math-inline\" data-math=\"ge97,%\">97%<\/span><\/b>\u00a0se caracteriza principalmente por <b>HPLC (cromatograf\u00eda l\u00edquida de alto rendimiento)<\/b> confirmado. Esto garantiza que las impurezas, incluidas las impurezas isom\u00e9ricas o los subproductos de s\u00edntesis, se reducen a un m\u00ednimo absoluto.<\/li>\n<li><b>Documentaci\u00f3n anal\u00edtica:<\/b> Por cada lote entregado, recibir\u00e1 un completo <b>Certificado de an\u00e1lisis (CdA)<\/b>. Este documento no s\u00f3lo documenta la pureza, sino que a menudo tambi\u00e9n proporciona m\u00e1s datos espectrales (por ejemplo. <b>GC\/MS<\/b> o <b>RMN<\/b>, si est\u00e1n disponibles), que son esenciales para la caracterizaci\u00f3n qu\u00edmica.<\/li>\n<li><b>Garant\u00eda de calidad:<\/b> Nuestros procedimientos estandarizados garantizan <b>Calidad constante<\/b>. Esto es especialmente importante para los estudios a largo plazo en los que se utilizan muestras de diferentes lotes.<\/li>\n<\/ol>\n<h2>\u00a0Campos centrales de investigaci\u00f3n y \u00e1mbitos de aplicaci\u00f3n<\/h2>\n<p>Debido a su proximidad estructural con las sustancias psicotr\u00f3picas <a href=\"\/product\/etomethazene-online-kaufen\/\">Metillescalina<\/a> hidrocloruro es un objeto de investigaci\u00f3n muy relevante en diversos \u00e1mbitos de la <b>Biomedicina<\/b> y <b>Toxicolog\u00eda<\/b>.<\/p>\n<h3>Estudios neurofarmacol\u00f3gicos y ensayos de receptores<\/h3>\n<p>Como agonista potencial en <b>Receptores de serotonina<\/b>, especialmente subtipos como <span class=\"math-inline\" data-math=\"5-HT_{2A}\">5-HT_{2A}<\/span> y <span class=\"math-inline\" data-math=\"5-HT_{2C}\">5-HT_{2C}<\/span>, El HCl de metaloescalina es un valioso <b>Mol\u00e9cula qu\u00edmica especial<\/b>. Los investigadores lo utilizan para:<\/p>\n<ul>\n<li><b>Perfiles de uni\u00f3n a receptores<\/b> y el <b>Afinidad<\/b> a diferentes neurorreceptores.<\/li>\n<li>En <b>Actividad funcional<\/b> de los receptores activados (por ejemplo, mediante <span class=\"math-inline\" data-math=\"Ca^{2+}\">Ca^{2+}<\/span>-movilizaci\u00f3n o <span class=\"math-inline\" data-math=\"IP_3\">IP_3<\/span>-acumulaci\u00f3n).<\/li>\n<li>Una comprensi\u00f3n m\u00e1s profunda de la <b>Relaciones estructura-actividad (SAR)<\/b> dentro de la clase de las fenetilaminas. Modificando sistem\u00e1ticamente el grupo metalo, los cient\u00edficos pueden probar hip\u00f3tesis sobre la interacci\u00f3n de la mol\u00e9cula con el sitio de uni\u00f3n del receptor.<\/li>\n<li>En <b>Farmacodin\u00e1mica<\/b> y las v\u00edas de se\u00f1alizaci\u00f3n celular desencadenadas por estas nuevas sustancias.<\/li>\n<\/ul>\n<p>Estos estudios fundamentales son la base del dise\u00f1o de nuevas terapias espec\u00edficas para enfermedades neurol\u00f3gicas y psiqui\u00e1tricas.<\/p>\n<h3>Investigaci\u00f3n del metabolismo, medicina forense y toxicolog\u00eda<\/h3>\n<p>Un \u00e1mbito de aplicaci\u00f3n cada vez m\u00e1s importante es el <b>Investigaci\u00f3n del metabolismo<\/b>. Dado que el HCl de metillescalina pertenece a la <b>nuevas sustancias psicotr\u00f3picas (NSP)<\/b> Dado que los metabolitos pueden contarse entre las sustancias m\u00e1s importantes, es de crucial importancia disponer de datos fiables sobre la v\u00eda de degradaci\u00f3n metab\u00f3lica en el organismo humano y animal.<\/p>\n<ul>\n<li><b>Identificaci\u00f3n del metabolismo:<\/b> La investigaci\u00f3n del <b>v\u00edas de degradaci\u00f3n qu\u00edmica<\/b> en <span class=\"math-inline\" data-math=\"In\">En<\/span>\u00a0<span class=\"math-inline\" data-math=\"vitro\">vitro<\/span>-(por ejemplo, utilizando microsomas de h\u00edgado humano o enzimas recombinantes del citocromo P450). Los <b>Metabolitos<\/b> deben caracterizarse qu\u00edmicamente, a menudo mediante <b>LC-MS\/MS<\/b>.<\/li>\n<li><b>Evaluaci\u00f3n toxicol\u00f3gica:<\/b> Los resultados de los estudios del metabolismo son fundamentales para la <b>Evaluaci\u00f3n toxicol\u00f3gica y basada en el riesgo<\/b> la sustancia.<\/li>\n<li><b>An\u00e1lisis forense:<\/b> Los datos obtenidos sobre los metabolitos sirven como material de referencia y permiten a los laboratorios forenses desarrollar m\u00e9todos v\u00e1lidos para la detecci\u00f3n de metabolitos. <b>M\u00e9todos de detecci\u00f3n<\/b> para la identificaci\u00f3n y cuantificaci\u00f3n en muestras biol\u00f3gicas.<\/li>\n<\/ul>\n<h2>\u00a0Protocolos de seguridad y directrices de manipulaci\u00f3n m\u00e1s estrictos<\/h2>\n<p>La manipulaci\u00f3n del clorhidrato de metaloescalina requiere un alto grado de responsabilidad y el cumplimiento estricto de las normas de laboratorio reconocidas internacionalmente.<\/p>\n<h3>Normas de laboratorio y EPI exigidos<\/h3>\n<p>La aplicaci\u00f3n s\u00f3lo puede utilizarse en un <b>Conforme a las BPL<\/b> (<b>Buenas pr\u00e1cticas de laboratorio<\/b>). Cumplimiento de lo siguiente <b>Protocolos de seguridad<\/b> es inevitable:<\/p>\n<ul>\n<li><b>Entorno de trabajo:<\/b> El uso se limita a <b>entornos de laboratorio profesionales<\/b> limitado.<\/li>\n<li><b>Ventilaci\u00f3n:<\/b> <b>Buena circulaci\u00f3n del aire<\/b> y el uso de <b>Sistemas de vitrinas de gases<\/b> (campanas extractoras) son esenciales para evitar la inhalaci\u00f3n de part\u00edculas finas o aerosoles.<\/li>\n<li><b>Equipo de protecci\u00f3n individual (EPI):<\/b> Los investigadores siempre tienen que encontrar <b>Ropa de protecci\u00f3n<\/b> incluyendo <b>Bata de laboratorio<\/b>, resistente a los productos qu\u00edmicos <b>Guantes<\/b> (Nitrilo o Viton, seg\u00fan el protocolo) y un <b>Gafas de protecci\u00f3n<\/b> o una pantalla facial. Para la manipulaci\u00f3n de polvo, protecci\u00f3n adicional <b>Protecci\u00f3n respiratoria<\/b> necesario.<\/li>\n<li><b>Precauciones de emergencia:<\/b> Funcional <b>Duchas oculares<\/b> y <b>Duchas de emergencia<\/b> deben ser f\u00e1cilmente accesibles en todo momento.<\/li>\n<\/ul>\n<h3>Condiciones \u00f3ptimas de almacenamiento y estabilidad<\/h3>\n<p>Para preservar la <b>integridad anal\u00edtica<\/b> y el <b>Estabilidad a largo plazo<\/b> Methallylescaline HCl debe conservarse correctamente:<\/p>\n<ol start=\"1\">\n<li><b>Control de temperatura:<\/b> Se produce un almacenamiento \u00f3ptimo <b>genial<\/b> a una temperatura de <b>2-8 \u00b0C (almacenamiento en frigor\u00edfico)<\/b>. Deben evitarse las fluctuaciones de temperatura.<\/li>\n<li><b>Control de la humedad:<\/b> El almacenamiento debe <b>seco<\/b> con una humedad relativa idealmente inferior a <b>60 %<\/b>.<\/li>\n<li><b>Protecci\u00f3n contra la luz:<\/b> Como la conexi\u00f3n <b>fotosensible<\/b> puede ser, debe estar en <b>recipientes oscuros y opacos<\/b> para evitar la degradaci\u00f3n fotol\u00edtica.<\/li>\n<li><b>Embalaje:<\/b> Los contenedores deben <b>herm\u00e9ticamente cerrado<\/b> y claramente etiquetados de acuerdo con las normas del laboratorio.<\/li>\n<\/ol>\n<h2>\u00a0Proceso de pedido y cumplimiento de la legislaci\u00f3n<\/h2>\n<p>Garantizamos que el clorhidrato de metillescalina se distribuye de forma transparente y exclusivamente en el marco de la investigaci\u00f3n cient\u00edfica legal.<\/p>\n<h3>Cantidades disponibles y requisitos de pedido<\/h3>\n<p>Para satisfacer las distintas necesidades, desde proyectos piloto hasta estudios exhaustivos, ofrecemos diversos <b>Cantidades disponibles<\/b> a:<\/p>\n<ul>\n<li><b>Muestra de investigaci\u00f3n:<\/b> 100 mg (para estudios piloto y an\u00e1lisis)<\/li>\n<li><b>Peque\u00f1a cantidad:<\/b> 500 mg<\/li>\n<li><b>Cantidad est\u00e1ndar:<\/b> 1 g<\/li>\n<li><b>Cantidad a granel:<\/b> 5 g (Para proyectos de mayor envergadura o como patr\u00f3n de referencia)<\/li>\n<\/ul>\n<p>Cumplimiento de lo siguiente <b>Requisitos del pedido<\/b> es obligatorio:<\/p>\n<ol start=\"1\">\n<li>Prueba de una <b>instituci\u00f3n de investigaci\u00f3n autorizada<\/b> (prueba del estatuto institucional o de empresa).<\/li>\n<li>Una precisa <b>Descripci\u00f3n del objetivo cient\u00edfico<\/b> (Sinopsis del protocolo de investigaci\u00f3n).<\/li>\n<li>El jur\u00eddicamente vinculante <b>Confirmaci\u00f3n de acuse de recibo<\/b> y aceptaci\u00f3n de la <b>Ficha de datos de seguridad (FDS)<\/b>.<\/li>\n<\/ol>\n<p><b>Aviso legal:<\/b> Al adquirir el producto, el comprador confirma irrevocablemente que el uso de Clorhidrato de metalliscalina <b>exclusivamente en el contexto de aplicaciones jur\u00eddicas, cient\u00edficas<\/b> y en entornos de laboratorio controlados. Toda la responsabilidad del cumplimiento de las leyes nacionales e internacionales, las normas de seguridad y las directrices de manipulaci\u00f3n recae en el comprador. Queda prohibido cualquier uso indebido o no autorizado, en particular el consumo humano. <b>estrictamente prohibido<\/b> y conlleva consecuencias jur\u00eddicas.<\/p>","protected":false},"excerpt":{"rendered":"<p>Comprar Methallylescaline Hydrochloride: Producto qu\u00edmico de investigaci\u00f3n de alta pureza en forma de clorhidrato. Exclusivamente para fines de investigaci\u00f3n cient\u00edfica en entornos de laboratorio. Calidad probada en laboratorio con certificado de an\u00e1lisis.<\/p>","protected":false},"featured_media":7772,"comment_status":"open","ping_status":"closed","template":"","meta":{"_joinchat":[]},"product_brand":[],"product_cat":[51],"product_tag":[],"class_list":{"0":"post-7735","1":"product","2":"type-product","3":"status-publish","4":"has-post-thumbnail","6":"product_cat-phenethylamines","8":"first","9":"instock","10":"shipping-taxable","11":"purchasable","12":"product-type-variable"},"yoast_head":"<!-- This site is optimized with the Yoast SEO plugin v27.5 - https:\/\/yoast.com\/product\/yoast-seo-wordpress\/ -->\n<title>Methallylescaline HCl Kaufen | Research Chemical | Laborqualit\u00e4tChemgramx<\/title>\n<meta name=\"description\" content=\"Methallylescaline Hydrochloride kaufen - Hochreine Forschungschemikalie f\u00fcr wissenschaftliche Zwecke. Laborgepr\u00fcfte Qualit\u00e4t, diskret &amp; sicher. Nur f\u00fcr Forschungszwecke.\" \/>\n<meta name=\"robots\" content=\"index, follow, max-snippet:-1, max-image-preview:large, max-video-preview:-1\" \/>\n<link rel=\"canonical\" href=\"https:\/\/chemgramx.com\/es\/producto-1\/methallylescaline-hydrochloride-bestellung-online\/\" \/>\n<meta property=\"og:locale\" content=\"es_ES\" \/>\n<meta property=\"og:type\" content=\"article\" \/>\n<meta property=\"og:title\" content=\"Methallylescaline HCl Kaufen | Research Chemical | Laborqualit\u00e4tChemgramx\" \/>\n<meta property=\"og:description\" content=\"Methallylescaline Hydrochloride kaufen - Hochreine Forschungschemikalie f\u00fcr wissenschaftliche Zwecke. Laborgepr\u00fcfte Qualit\u00e4t, diskret &amp; sicher. Nur f\u00fcr Forschungszwecke.\" \/>\n<meta property=\"og:url\" content=\"https:\/\/chemgramx.com\/es\/producto-1\/methallylescaline-hydrochloride-bestellung-online\/\" \/>\n<meta property=\"og:site_name\" content=\"Chemgramx\" \/>\n<meta property=\"article:modified_time\" content=\"2025-11-21T11:21:52+00:00\" \/>\n<meta property=\"og:image\" content=\"https:\/\/chemgramx.com\/wp-content\/uploads\/2025\/11\/methallylescaline-hydrochloride-chem-store-online.png\" \/>\n\t<meta property=\"og:image:width\" content=\"660\" \/>\n\t<meta property=\"og:image:height\" content=\"530\" \/>\n\t<meta property=\"og:image:type\" content=\"image\/png\" \/>\n<meta name=\"twitter:card\" content=\"summary_large_image\" \/>\n<meta name=\"twitter:label1\" content=\"Tiempo de lectura\" \/>\n\t<meta name=\"twitter:data1\" content=\"5 minutos\" \/>\n<script type=\"application\/ld+json\" class=\"yoast-schema-graph\">{\"@context\":\"https:\\\/\\\/schema.org\",\"@graph\":[{\"@type\":\"WebPage\",\"@id\":\"https:\\\/\\\/chemgramx.com\\\/product\\\/methallylescaline-hydrochloride-bestellung-online\\\/\",\"url\":\"https:\\\/\\\/chemgramx.com\\\/product\\\/methallylescaline-hydrochloride-bestellung-online\\\/\",\"name\":\"Methallylescaline HCl Kaufen | Research Chemical | Laborqualit\u00e4tChemgramx\",\"isPartOf\":{\"@id\":\"https:\\\/\\\/chemgramx.com\\\/#website\"},\"primaryImageOfPage\":{\"@id\":\"https:\\\/\\\/chemgramx.com\\\/product\\\/methallylescaline-hydrochloride-bestellung-online\\\/#primaryimage\"},\"image\":{\"@id\":\"https:\\\/\\\/chemgramx.com\\\/product\\\/methallylescaline-hydrochloride-bestellung-online\\\/#primaryimage\"},\"thumbnailUrl\":\"https:\\\/\\\/chemgramx.com\\\/wp-content\\\/uploads\\\/2025\\\/11\\\/methallylescaline-hydrochloride-chem-store-online.png\",\"datePublished\":\"2025-11-21T11:20:28+00:00\",\"dateModified\":\"2025-11-21T11:21:52+00:00\",\"description\":\"Methallylescaline Hydrochloride kaufen - Hochreine Forschungschemikalie f\u00fcr wissenschaftliche Zwecke. Laborgepr\u00fcfte Qualit\u00e4t, diskret &amp; sicher. Nur f\u00fcr Forschungszwecke.\",\"breadcrumb\":{\"@id\":\"https:\\\/\\\/chemgramx.com\\\/product\\\/methallylescaline-hydrochloride-bestellung-online\\\/#breadcrumb\"},\"inLanguage\":\"es\",\"potentialAction\":[{\"@type\":\"ReadAction\",\"target\":[\"https:\\\/\\\/chemgramx.com\\\/product\\\/methallylescaline-hydrochloride-bestellung-online\\\/\"]}]},{\"@type\":\"ImageObject\",\"inLanguage\":\"es\",\"@id\":\"https:\\\/\\\/chemgramx.com\\\/product\\\/methallylescaline-hydrochloride-bestellung-online\\\/#primaryimage\",\"url\":\"https:\\\/\\\/chemgramx.com\\\/wp-content\\\/uploads\\\/2025\\\/11\\\/methallylescaline-hydrochloride-chem-store-online.png\",\"contentUrl\":\"https:\\\/\\\/chemgramx.com\\\/wp-content\\\/uploads\\\/2025\\\/11\\\/methallylescaline-hydrochloride-chem-store-online.png\",\"width\":660,\"height\":530},{\"@type\":\"BreadcrumbList\",\"@id\":\"https:\\\/\\\/chemgramx.com\\\/product\\\/methallylescaline-hydrochloride-bestellung-online\\\/#breadcrumb\",\"itemListElement\":[{\"@type\":\"ListItem\",\"position\":1,\"name\":\"Home\",\"item\":\"https:\\\/\\\/chemgramx.com\\\/\"},{\"@type\":\"ListItem\",\"position\":2,\"name\":\"Shop\",\"item\":\"https:\\\/\\\/chemgramx.com\\\/shop\\\/\"},{\"@type\":\"ListItem\",\"position\":3,\"name\":\"Methallylescaline Hydrochloride Bestellung Online\"}]},{\"@type\":\"WebSite\",\"@id\":\"https:\\\/\\\/chemgramx.com\\\/#website\",\"url\":\"https:\\\/\\\/chemgramx.com\\\/\",\"name\":\"Chemgramx\",\"description\":\"\",\"publisher\":{\"@id\":\"https:\\\/\\\/chemgramx.com\\\/#organization\"},\"potentialAction\":[{\"@type\":\"SearchAction\",\"target\":{\"@type\":\"EntryPoint\",\"urlTemplate\":\"https:\\\/\\\/chemgramx.com\\\/?s={search_term_string}\"},\"query-input\":{\"@type\":\"PropertyValueSpecification\",\"valueRequired\":true,\"valueName\":\"search_term_string\"}}],\"inLanguage\":\"es\"},{\"@type\":\"Organization\",\"@id\":\"https:\\\/\\\/chemgramx.com\\\/#organization\",\"name\":\"Chemgramx\",\"url\":\"https:\\\/\\\/chemgramx.com\\\/\",\"logo\":{\"@type\":\"ImageObject\",\"inLanguage\":\"es\",\"@id\":\"https:\\\/\\\/chemgramx.com\\\/#\\\/schema\\\/logo\\\/image\\\/\",\"url\":\"https:\\\/\\\/chemgramx.com\\\/wp-content\\\/uploads\\\/2024\\\/10\\\/final-logo.png\",\"contentUrl\":\"https:\\\/\\\/chemgramx.com\\\/wp-content\\\/uploads\\\/2024\\\/10\\\/final-logo.png\",\"width\":250,\"height\":48,\"caption\":\"Chemgramx\"},\"image\":{\"@id\":\"https:\\\/\\\/chemgramx.com\\\/#\\\/schema\\\/logo\\\/image\\\/\"}}]}<\/script>\n<!-- \/ Yoast SEO plugin. -->","yoast_head_json":{"title":"Comprar Methallylescaline HCl | Investigaci\u00f3n Qu\u00edmica | Laboratorio CalidadChemgramx","description":"Comprar Methallylescaline Hydrochloride - Qu\u00edmico de investigaci\u00f3n de alta pureza para fines cient\u00edficos. Calidad probada en laboratorio, discreto y seguro. S\u00f3lo para uso en investigaci\u00f3n.","robots":{"index":"index","follow":"follow","max-snippet":"max-snippet:-1","max-image-preview":"max-image-preview:large","max-video-preview":"max-video-preview:-1"},"canonical":"https:\/\/chemgramx.com\/es\/producto-1\/methallylescaline-hydrochloride-bestellung-online\/","og_locale":"es_ES","og_type":"article","og_title":"Methallylescaline HCl Kaufen | Research Chemical | Laborqualit\u00e4tChemgramx","og_description":"Methallylescaline Hydrochloride kaufen - Hochreine Forschungschemikalie f\u00fcr wissenschaftliche Zwecke. Laborgepr\u00fcfte Qualit\u00e4t, diskret &amp; sicher. Nur f\u00fcr Forschungszwecke.","og_url":"https:\/\/chemgramx.com\/es\/producto-1\/methallylescaline-hydrochloride-bestellung-online\/","og_site_name":"Chemgramx","article_modified_time":"2025-11-21T11:21:52+00:00","og_image":[{"width":660,"height":530,"url":"https:\/\/chemgramx.com\/wp-content\/uploads\/2025\/11\/methallylescaline-hydrochloride-chem-store-online.png","type":"image\/png"}],"twitter_card":"summary_large_image","twitter_misc":{"Tiempo de lectura":"5 minutos"},"schema":{"@context":"https:\/\/schema.org","@graph":[{"@type":"WebPage","@id":"https:\/\/chemgramx.com\/product\/methallylescaline-hydrochloride-bestellung-online\/","url":"https:\/\/chemgramx.com\/product\/methallylescaline-hydrochloride-bestellung-online\/","name":"Comprar Methallylescaline HCl | Investigaci\u00f3n Qu\u00edmica | Laboratorio CalidadChemgramx","isPartOf":{"@id":"https:\/\/chemgramx.com\/#website"},"primaryImageOfPage":{"@id":"https:\/\/chemgramx.com\/product\/methallylescaline-hydrochloride-bestellung-online\/#primaryimage"},"image":{"@id":"https:\/\/chemgramx.com\/product\/methallylescaline-hydrochloride-bestellung-online\/#primaryimage"},"thumbnailUrl":"https:\/\/chemgramx.com\/wp-content\/uploads\/2025\/11\/methallylescaline-hydrochloride-chem-store-online.png","datePublished":"2025-11-21T11:20:28+00:00","dateModified":"2025-11-21T11:21:52+00:00","description":"Comprar Methallylescaline Hydrochloride - Qu\u00edmico de investigaci\u00f3n de alta pureza para fines cient\u00edficos. Calidad probada en laboratorio, discreto y seguro. S\u00f3lo para uso en investigaci\u00f3n.","breadcrumb":{"@id":"https:\/\/chemgramx.com\/product\/methallylescaline-hydrochloride-bestellung-online\/#breadcrumb"},"inLanguage":"es","potentialAction":[{"@type":"ReadAction","target":["https:\/\/chemgramx.com\/product\/methallylescaline-hydrochloride-bestellung-online\/"]}]},{"@type":"ImageObject","inLanguage":"es","@id":"https:\/\/chemgramx.com\/product\/methallylescaline-hydrochloride-bestellung-online\/#primaryimage","url":"https:\/\/chemgramx.com\/wp-content\/uploads\/2025\/11\/methallylescaline-hydrochloride-chem-store-online.png","contentUrl":"https:\/\/chemgramx.com\/wp-content\/uploads\/2025\/11\/methallylescaline-hydrochloride-chem-store-online.png","width":660,"height":530},{"@type":"BreadcrumbList","@id":"https:\/\/chemgramx.com\/product\/methallylescaline-hydrochloride-bestellung-online\/#breadcrumb","itemListElement":[{"@type":"ListItem","position":1,"name":"Home","item":"https:\/\/chemgramx.com\/"},{"@type":"ListItem","position":2,"name":"Shop","item":"https:\/\/chemgramx.com\/shop\/"},{"@type":"ListItem","position":3,"name":"Methallylescaline Hydrochloride Bestellung Online"}]},{"@type":"WebSite","@id":"https:\/\/chemgramx.com\/#website","url":"https:\/\/chemgramx.com\/","name":"Chemgramx","description":"","publisher":{"@id":"https:\/\/chemgramx.com\/#organization"},"potentialAction":[{"@type":"SearchAction","target":{"@type":"EntryPoint","urlTemplate":"https:\/\/chemgramx.com\/?s={search_term_string}"},"query-input":{"@type":"PropertyValueSpecification","valueRequired":true,"valueName":"search_term_string"}}],"inLanguage":"es"},{"@type":"Organization","@id":"https:\/\/chemgramx.com\/#organization","name":"Chemgramx","url":"https:\/\/chemgramx.com\/","logo":{"@type":"ImageObject","inLanguage":"es","@id":"https:\/\/chemgramx.com\/#\/schema\/logo\/image\/","url":"https:\/\/chemgramx.com\/wp-content\/uploads\/2024\/10\/final-logo.png","contentUrl":"https:\/\/chemgramx.com\/wp-content\/uploads\/2024\/10\/final-logo.png","width":250,"height":48,"caption":"Chemgramx"},"image":{"@id":"https:\/\/chemgramx.com\/#\/schema\/logo\/image\/"}}]}},"_links":{"self":[{"href":"https:\/\/chemgramx.com\/es\/wp-json\/wp\/v2\/product\/7735","targetHints":{"allow":["GET"]}}],"collection":[{"href":"https:\/\/chemgramx.com\/es\/wp-json\/wp\/v2\/product"}],"about":[{"href":"https:\/\/chemgramx.com\/es\/wp-json\/wp\/v2\/types\/product"}],"replies":[{"embeddable":true,"href":"https:\/\/chemgramx.com\/es\/wp-json\/wp\/v2\/comments?post=7735"}],"wp:featuredmedia":[{"embeddable":true,"href":"https:\/\/chemgramx.com\/es\/wp-json\/wp\/v2\/media\/7772"}],"wp:attachment":[{"href":"https:\/\/chemgramx.com\/es\/wp-json\/wp\/v2\/media?parent=7735"}],"wp:term":[{"taxonomy":"product_brand","embeddable":true,"href":"https:\/\/chemgramx.com\/es\/wp-json\/wp\/v2\/product_brand?post=7735"},{"taxonomy":"product_cat","embeddable":true,"href":"https:\/\/chemgramx.com\/es\/wp-json\/wp\/v2\/product_cat?post=7735"},{"taxonomy":"product_tag","embeddable":true,"href":"https:\/\/chemgramx.com\/es\/wp-json\/wp\/v2\/product_tag?post=7735"}],"curies":[{"name":"wp","href":"https:\/\/api.w.org\/{rel}","templated":true}]}}