{"id":7736,"date":"2025-11-21T11:20:28","date_gmt":"2025-11-21T11:20:28","guid":{"rendered":"https:\/\/chemgramx.com\/?post_type=product&#038;p=7736"},"modified":"2025-11-21T11:21:52","modified_gmt":"2025-11-21T11:21:52","slug":"3-meo-pcp-3-methoxyphencyclidine-comprar-online","status":"publish","type":"product","link":"https:\/\/chemgramx.com\/es\/producto-2\/3-meo-pcp-3-methoxyphencyclidine-comprar-online\/","title":{"rendered":"3-MeO-PCP (3-Metoxifenciclidina) Comprar Online"},"content":{"rendered":"<p data-start=\"296\" data-end=\"721\">La 3-MeO-PCP (3-metoxifenciclidina) es un disociativo del grupo de las arilciclohexilaminas que est\u00e1 recibiendo cada vez m\u00e1s atenci\u00f3n tanto en la investigaci\u00f3n como en la psicon\u00e1utica experimental. Muchos lo eligen.<a href=\"https:\/\/chemgramx.com\/es\/producto-2\/3-meo-pcp-3-methoxyphencyclidin\/\">Comprar 3-MeO-PCP online<\/a>Se utiliza principalmente para estudios cient\u00edficos o exploraci\u00f3n psicoactiva. Debido a sus potentes efectos disociativos, suele compararse con sustancias como la ketamina.<\/p>\n<p data-start=\"723\" data-end=\"897\">Al solicitar 3-MeO-PCP en l\u00ednea, es especialmente importante prestar atenci\u00f3n a la seguridad, la legalidad y la calidad del producto para garantizar un resultado de investigaci\u00f3n confiable.<\/p>\n<h3 data-start=\"899\" data-end=\"947\">\u00bfQu\u00e9 es el 3-MeO-PCP (3-metoxifenciclidina)?<\/h3>\n<p data-start=\"949\" data-end=\"981\">Composici\u00f3n qu\u00edmica:<\/p>\n<p data-start=\"983\" data-end=\"1344\"><a href=\"https:\/\/en.wikipedia.org\/wiki\/3-MeO-PCP\">3-Metoxifenciclidina<\/a> Pertenece a la familia de las arilciclohexilaminas y est\u00e1 estructuralmente relacionada con la fenciclidina (PCP). Su f\u00f3rmula qu\u00edmica es C\u2081\u2084H\u2082\u2084NO\u2082. Act\u00faa principalmente como antagonista del receptor NMDA, causando sus caracter\u00edsticos efectos disociativos. Los investigadores que buscan comprar 3-MeO-PCP en l\u00ednea valoran estas propiedades para realizar estudios precisos.<\/p>\n<h3 data-start=\"1346\" data-end=\"1377\">Usos comunes<\/h3>\n<ul data-start=\"1379\" data-end=\"1591\">\n<li data-start=\"1379\" data-end=\"1469\">\n<p data-start=\"1381\" data-end=\"1469\">Investigaci\u00f3n: Uso en neurofarmacolog\u00eda para estudiar los receptores NMDA.<\/p>\n<\/li>\n<li data-start=\"1470\" data-end=\"1591\">\n<p data-start=\"1472\" data-end=\"1591\">Exploraci\u00f3n psicoactiva: conocida en los c\u00edrculos psicon\u00e1uticos por sus efectos disociativos y de expansi\u00f3n mental.<\/p>\n<\/li>\n<\/ul>\n<h3 data-start=\"1593\" data-end=\"1617\">Estatus legal<\/h3>\n<p data-start=\"1619\" data-end=\"1925\">La legalidad de la venta de3-MeO-PCP var\u00eda mucho seg\u00fan los pa\u00edses. En Alemania, entra dentro de la Ley de Nuevas Sustancias Psicoactivas (NpSG). En otros pa\u00edses, puede ser legal comprarla con fines de investigaci\u00f3n. Los compradores deben informarse sobre la situaci\u00f3n legal actual antes de adquirir 3-MeO-PCP.<\/p>\n<h3 data-start=\"1927\" data-end=\"1963\">\u00bfPor qu\u00e9 comprar 3-MeO-PCP en l\u00ednea?<\/h3>\n<p data-start=\"1965\" data-end=\"2005\"><strong data-start=\"1965\" data-end=\"2003\">Accesibilidad y conveniencia:<\/strong><\/p>\n<p data-start=\"2007\" data-end=\"2168\">Las tiendas en l\u00ednea te permiten pedir 3-MeO-PCP de forma r\u00e1pida y discreta, directamente desde casa. El env\u00edo suele ser an\u00f3nimo y r\u00e1pido.<\/p>\n<p data-start=\"2170\" data-end=\"2199\">Mayor selecci\u00f3n de productos:<\/p>\n<p data-start=\"2201\" data-end=\"2398\">Internet ofrece acceso a una amplia variedad de proveedores, dosis y precios de 3-MeO-PCP. Quienes buscan vender 3-MeO-PCP suelen encontrar el mejor precio en l\u00ednea.<\/p>\n<h3 data-start=\"2764\" data-end=\"2814\">\u00bfC\u00f3mo encontrar un proveedor confiable?<\/h3>\n<p data-start=\"2816\" data-end=\"2834\">Se\u00f1ales de advertencia:<\/p>\n<ul data-start=\"2836\" data-end=\"2972\">\n<li data-start=\"2836\" data-end=\"2888\">\n<p data-start=\"2838\" data-end=\"2888\">Sin sello ni sede en un pa\u00eds de alto riesgo<\/p>\n<\/li>\n<li data-start=\"2889\" data-end=\"2916\">\n<p data-start=\"2891\" data-end=\"2916\">Falta evidencia de laboratorio<\/p>\n<\/li>\n<li data-start=\"2917\" data-end=\"2972\">\n<p data-start=\"2919\" data-end=\"2972\">Sin valoraciones de clientes ni rese\u00f1as falsas<\/p>\n<\/li>\n<\/ul>\n<p data-start=\"2974\" data-end=\"3015\">Rese\u00f1as y comentarios de la comunidad:<\/p>\n<p data-start=\"3017\" data-end=\"3193\">Fuentes confiables como foros (p. ej., Reddit) ofrecen rese\u00f1as honestas. Aseg\u00farese de que los comentarios positivos sean constantes antes de pedir 3-MeO-PCP.<\/p>\n<p data-start=\"3195\" data-end=\"3240\">An\u00e1lisis de laboratorio y certificados de pureza:<\/p>\n<p data-start=\"3242\" data-end=\"3424\">Un proveedor confiable proporcionar\u00e1 CoA (certificados de an\u00e1lisis) que confirmen una pureza qu\u00edmica de al menos el 98%, algo imprescindible si desea comprar 3-MeO-PCP en l\u00ednea.<\/p>\n<h3 data-start=\"3426\" data-end=\"3468\">Consideraciones legales y \u00e9ticas<\/h3>\n<p data-start=\"3470\" data-end=\"3510\">Leyes locales e internacionales:<\/p>\n<p data-start=\"3512\" data-end=\"3646\">Antes de comprar 3-MeO-PCP en l\u00ednea, consulte las leyes de su pa\u00eds. La posesi\u00f3n y el comercio son ilegales en Alemania.<\/p>\n<p data-start=\"3648\" data-end=\"3680\">Responsabilidad del comprador:<\/p>\n<p data-start=\"3682\" data-end=\"3924\">Incluso si el vendedor opera en un pa\u00eds donde la sustancia es legal, la responsabilidad de cualquier consecuencia legal recae en el comprador. El manejo responsable y el cumplimiento de la normativa legal son esenciales.<\/p>\n<h3 data-start=\"3926\" data-end=\"3937\">Conclusi\u00f3n<\/h3>\n<p data-start=\"3939\" data-end=\"4195\">El 3-MeO-PCP es un potente compuesto disociativo que despierta un creciente inter\u00e9s en la investigaci\u00f3n y la psicoterapia. Comprar 3-MeO-PCP en l\u00ednea ofrece muchos beneficios, pero requiere una selecci\u00f3n cuidadosa y la consideraci\u00f3n de los riesgos legales.<\/p>\n<p data-start=\"4197\" data-end=\"4252\">Consejos finales para una compra segura y legal:<\/p>\n<ul data-start=\"4254\" data-end=\"4468\">\n<li data-start=\"4254\" data-end=\"4291\">\n<p data-start=\"4256\" data-end=\"4291\">Compre \u00fanicamente de proveedores con CoA<\/p>\n<\/li>\n<li data-start=\"4292\" data-end=\"4327\">\n<p data-start=\"4294\" data-end=\"4327\">Investigar activamente en foros especializados<\/p>\n<\/li>\n<li data-start=\"4328\" data-end=\"4363\">\n<p data-start=\"4330\" data-end=\"4363\">Evite precios extremadamente bajos<\/p>\n<\/li>\n<li data-start=\"4364\" data-end=\"4403\">\n<p data-start=\"4366\" data-end=\"4403\">Cumplir estrictamente las leyes locales<\/p>\n<\/li>\n<li data-start=\"4404\" data-end=\"4468\">\n<p data-start=\"4406\" data-end=\"4468\">Almacene sustancias de forma segura y \u00faselas de manera responsable<\/p>\n<\/li>\n<\/ul>","protected":false},"excerpt":{"rendered":"<p>La 3-MEO-PCP (3-metoxifenciclidina) es una sustancia psicoactiva que pertenece a la clase de los disociativos. Es un derivado de la PCP (fenciclidina) y se utiliza con frecuencia en investigaci\u00f3n.<\/p>\n<h3>N\u00famero CAS: <strong>13794-69-5<\/strong><br \/>\nF\u00f3rmula qu\u00edmica: <strong>C13H18ClN<\/strong><\/h3>","protected":false},"featured_media":7773,"comment_status":"open","ping_status":"closed","template":"","meta":{"_joinchat":[]},"product_brand":[],"product_cat":[51],"product_tag":[2714,2716,2707,2715,2713,2708,2709,2711,2710,2712],"class_list":{"0":"post-7736","1":"product","2":"type-product","3":"status-publish","4":"has-post-thumbnail","6":"product_cat-phenethylamines","7":"product_tag-3-meo-pcp-chemikalien","8":"product_tag-3-meo-pcp-drogen","9":"product_tag-3-meo-pcp-kaufen","10":"product_tag-3-meo-pcp-kaufen-deutschland","11":"product_tag-3-meo-pcp-kaufen-online","12":"product_tag-3-meo-pcp-kristalle","13":"product_tag-3-meo-pcp-online-kaufen","14":"product_tag-3-meo-pcp-preis","15":"product_tag-3-meo-pcp-prodej","16":"product_tag-3-methoxyphencyclidin","18":"first","19":"instock","20":"shipping-taxable","21":"purchasable","22":"product-type-variable"},"yoast_head":"<!-- This site is optimized with the Yoast SEO plugin v26.3 - https:\/\/yoast.com\/wordpress\/plugins\/seo\/ -->\n<title>3-MeO-PCP (3-Methoxyphencyclidin) online kaufen \u2013 3-MeO-PCP zu verkaufen<\/title>\n<meta name=\"description\" content=\"Unser Shop bietet 3-MeO-PCP (3-Methoxyphencyclidin) in Topqualit\u00e4t zum Verkauf an. Die Qualit\u00e4t unserer Produkte ist einfach unschlagbar. Wenn Sie sie brauchen, k\u00f6nnen Sie 3-MeO-PCP (3-Methoxyphencyclidin) sofort online kaufen. Jetzt bestellen!\" \/>\n<meta name=\"robots\" content=\"noindex, follow, max-snippet:-1, max-image-preview:large, max-video-preview:-1\" \/>\n<meta property=\"og:locale\" content=\"es_ES\" \/>\n<meta property=\"og:type\" content=\"article\" \/>\n<meta property=\"og:title\" content=\"3-MeO-PCP (3-Methoxyphencyclidin) online kaufen \u2013 3-MeO-PCP zu verkaufen\" \/>\n<meta property=\"og:description\" content=\"Unser Shop bietet 3-MeO-PCP (3-Methoxyphencyclidin) in Topqualit\u00e4t zum Verkauf an. Die Qualit\u00e4t unserer Produkte ist einfach unschlagbar. Wenn Sie sie brauchen, k\u00f6nnen Sie 3-MeO-PCP (3-Methoxyphencyclidin) sofort online kaufen. Jetzt bestellen!\" \/>\n<meta property=\"og:url\" content=\"https:\/\/chemgramx.com\/es\/producto-2\/3-meo-pcp-3-methoxyphencyclidine-comprar-online\/\" \/>\n<meta property=\"og:site_name\" content=\"Chemgramx\" \/>\n<meta property=\"article:modified_time\" content=\"2025-11-21T11:21:52+00:00\" \/>\n<meta property=\"og:image\" content=\"https:\/\/chemgramx.com\/wp-content\/uploads\/2025\/11\/3-meo-pcp.jpeg\" \/>\n\t<meta property=\"og:image:width\" content=\"653\" \/>\n\t<meta property=\"og:image:height\" content=\"492\" \/>\n\t<meta property=\"og:image:type\" content=\"image\/jpeg\" \/>\n<meta name=\"twitter:card\" content=\"summary_large_image\" \/>\n<meta name=\"twitter:label1\" content=\"Tiempo de lectura\" \/>\n\t<meta name=\"twitter:data1\" content=\"3 minutos\" \/>\n<script type=\"application\/ld+json\" class=\"yoast-schema-graph\">{\"@context\":\"https:\/\/schema.org\",\"@graph\":[{\"@type\":\"WebPage\",\"@id\":\"https:\/\/chemgramx.com\/product\/3-meo-pcp-3-methoxyphencyclidin-online-kaufen\/\",\"url\":\"https:\/\/chemgramx.com\/product\/3-meo-pcp-3-methoxyphencyclidin-online-kaufen\/\",\"name\":\"3-MeO-PCP (3-Methoxyphencyclidin) online kaufen \u2013 3-MeO-PCP zu verkaufen\",\"isPartOf\":{\"@id\":\"https:\/\/chemgramx.com\/#website\"},\"primaryImageOfPage\":{\"@id\":\"https:\/\/chemgramx.com\/product\/3-meo-pcp-3-methoxyphencyclidin-online-kaufen\/#primaryimage\"},\"image\":{\"@id\":\"https:\/\/chemgramx.com\/product\/3-meo-pcp-3-methoxyphencyclidin-online-kaufen\/#primaryimage\"},\"thumbnailUrl\":\"https:\/\/chemgramx.com\/wp-content\/uploads\/2025\/11\/3-meo-pcp.jpeg\",\"datePublished\":\"2025-11-21T11:20:28+00:00\",\"dateModified\":\"2025-11-21T11:21:52+00:00\",\"description\":\"Unser Shop bietet 3-MeO-PCP (3-Methoxyphencyclidin) in Topqualit\u00e4t zum Verkauf an. Die Qualit\u00e4t unserer Produkte ist einfach unschlagbar. Wenn Sie sie brauchen, k\u00f6nnen Sie 3-MeO-PCP (3-Methoxyphencyclidin) sofort online kaufen. Jetzt bestellen!\",\"breadcrumb\":{\"@id\":\"https:\/\/chemgramx.com\/product\/3-meo-pcp-3-methoxyphencyclidin-online-kaufen\/#breadcrumb\"},\"inLanguage\":\"es\",\"potentialAction\":[{\"@type\":\"ReadAction\",\"target\":[\"https:\/\/chemgramx.com\/product\/3-meo-pcp-3-methoxyphencyclidin-online-kaufen\/\"]}]},{\"@type\":\"ImageObject\",\"inLanguage\":\"es\",\"@id\":\"https:\/\/chemgramx.com\/product\/3-meo-pcp-3-methoxyphencyclidin-online-kaufen\/#primaryimage\",\"url\":\"https:\/\/chemgramx.com\/wp-content\/uploads\/2025\/11\/3-meo-pcp.jpeg\",\"contentUrl\":\"https:\/\/chemgramx.com\/wp-content\/uploads\/2025\/11\/3-meo-pcp.jpeg\",\"width\":653,\"height\":492},{\"@type\":\"BreadcrumbList\",\"@id\":\"https:\/\/chemgramx.com\/product\/3-meo-pcp-3-methoxyphencyclidin-online-kaufen\/#breadcrumb\",\"itemListElement\":[{\"@type\":\"ListItem\",\"position\":1,\"name\":\"Home\",\"item\":\"https:\/\/chemgramx.com\/\"},{\"@type\":\"ListItem\",\"position\":2,\"name\":\"Shop\",\"item\":\"https:\/\/chemgramx.com\/shop\/\"},{\"@type\":\"ListItem\",\"position\":3,\"name\":\"3-MeO-PCP (3-Methoxyphencyclidin) Online Kaufen\"}]},{\"@type\":\"WebSite\",\"@id\":\"https:\/\/chemgramx.com\/#website\",\"url\":\"https:\/\/chemgramx.com\/\",\"name\":\"Chemgramx\",\"description\":\"\",\"publisher\":{\"@id\":\"https:\/\/chemgramx.com\/#organization\"},\"potentialAction\":[{\"@type\":\"SearchAction\",\"target\":{\"@type\":\"EntryPoint\",\"urlTemplate\":\"https:\/\/chemgramx.com\/?s={search_term_string}\"},\"query-input\":{\"@type\":\"PropertyValueSpecification\",\"valueRequired\":true,\"valueName\":\"search_term_string\"}}],\"inLanguage\":\"es\"},{\"@type\":\"Organization\",\"@id\":\"https:\/\/chemgramx.com\/#organization\",\"name\":\"Chemgramx\",\"url\":\"https:\/\/chemgramx.com\/\",\"logo\":{\"@type\":\"ImageObject\",\"inLanguage\":\"es\",\"@id\":\"https:\/\/chemgramx.com\/#\/schema\/logo\/image\/\",\"url\":\"https:\/\/chemgramx.com\/wp-content\/uploads\/2024\/10\/final-logo.png\",\"contentUrl\":\"https:\/\/chemgramx.com\/wp-content\/uploads\/2024\/10\/final-logo.png\",\"width\":250,\"height\":48,\"caption\":\"Chemgramx\"},\"image\":{\"@id\":\"https:\/\/chemgramx.com\/#\/schema\/logo\/image\/\"}}]}<\/script>\n<!-- \/ Yoast SEO plugin. -->","yoast_head_json":{"title":"Compre 3-MeO-PCP (3-Metoxi Fenciclidina) en l\u00ednea \u2013 3-MeO-PCP a la venta","description":"Nuestra tienda ofrece 3-MeO-PCP (3-Metoxifenciclidina) de primera calidad. La calidad de nuestros productos es simplemente inmejorable. Siempre que lo necesite, puede comprar 3-MeO-PCP (3-Metoxifenciclidina) en l\u00ednea de inmediato. \u00a1Ordene ahora!","robots":{"index":"noindex","follow":"follow","max-snippet":"max-snippet:-1","max-image-preview":"max-image-preview:large","max-video-preview":"max-video-preview:-1"},"og_locale":"es_ES","og_type":"article","og_title":"3-MeO-PCP (3-Methoxyphencyclidin) online kaufen \u2013 3-MeO-PCP zu verkaufen","og_description":"Unser Shop bietet 3-MeO-PCP (3-Methoxyphencyclidin) in Topqualit\u00e4t zum Verkauf an. Die Qualit\u00e4t unserer Produkte ist einfach unschlagbar. Wenn Sie sie brauchen, k\u00f6nnen Sie 3-MeO-PCP (3-Methoxyphencyclidin) sofort online kaufen. Jetzt bestellen!","og_url":"https:\/\/chemgramx.com\/es\/producto-2\/3-meo-pcp-3-methoxyphencyclidine-comprar-online\/","og_site_name":"Chemgramx","article_modified_time":"2025-11-21T11:21:52+00:00","og_image":[{"width":653,"height":492,"url":"https:\/\/chemgramx.com\/wp-content\/uploads\/2025\/11\/3-meo-pcp.jpeg","type":"image\/jpeg"}],"twitter_card":"summary_large_image","twitter_misc":{"Tiempo de lectura":"3 minutos"},"schema":{"@context":"https:\/\/schema.org","@graph":[{"@type":"WebPage","@id":"https:\/\/chemgramx.com\/product\/3-meo-pcp-3-methoxyphencyclidin-online-kaufen\/","url":"https:\/\/chemgramx.com\/product\/3-meo-pcp-3-methoxyphencyclidin-online-kaufen\/","name":"Compre 3-MeO-PCP (3-Metoxi Fenciclidina) en l\u00ednea \u2013 3-MeO-PCP a la venta","isPartOf":{"@id":"https:\/\/chemgramx.com\/#website"},"primaryImageOfPage":{"@id":"https:\/\/chemgramx.com\/product\/3-meo-pcp-3-methoxyphencyclidin-online-kaufen\/#primaryimage"},"image":{"@id":"https:\/\/chemgramx.com\/product\/3-meo-pcp-3-methoxyphencyclidin-online-kaufen\/#primaryimage"},"thumbnailUrl":"https:\/\/chemgramx.com\/wp-content\/uploads\/2025\/11\/3-meo-pcp.jpeg","datePublished":"2025-11-21T11:20:28+00:00","dateModified":"2025-11-21T11:21:52+00:00","description":"Nuestra tienda ofrece 3-MeO-PCP (3-Metoxifenciclidina) de primera calidad. La calidad de nuestros productos es simplemente inmejorable. Siempre que lo necesite, puede comprar 3-MeO-PCP (3-Metoxifenciclidina) en l\u00ednea de inmediato. \u00a1Ordene ahora!","breadcrumb":{"@id":"https:\/\/chemgramx.com\/product\/3-meo-pcp-3-methoxyphencyclidin-online-kaufen\/#breadcrumb"},"inLanguage":"es","potentialAction":[{"@type":"ReadAction","target":["https:\/\/chemgramx.com\/product\/3-meo-pcp-3-methoxyphencyclidin-online-kaufen\/"]}]},{"@type":"ImageObject","inLanguage":"es","@id":"https:\/\/chemgramx.com\/product\/3-meo-pcp-3-methoxyphencyclidin-online-kaufen\/#primaryimage","url":"https:\/\/chemgramx.com\/wp-content\/uploads\/2025\/11\/3-meo-pcp.jpeg","contentUrl":"https:\/\/chemgramx.com\/wp-content\/uploads\/2025\/11\/3-meo-pcp.jpeg","width":653,"height":492},{"@type":"BreadcrumbList","@id":"https:\/\/chemgramx.com\/product\/3-meo-pcp-3-methoxyphencyclidin-online-kaufen\/#breadcrumb","itemListElement":[{"@type":"ListItem","position":1,"name":"Home","item":"https:\/\/chemgramx.com\/"},{"@type":"ListItem","position":2,"name":"Shop","item":"https:\/\/chemgramx.com\/shop\/"},{"@type":"ListItem","position":3,"name":"3-MeO-PCP (3-Methoxyphencyclidin) Online Kaufen"}]},{"@type":"WebSite","@id":"https:\/\/chemgramx.com\/#website","url":"https:\/\/chemgramx.com\/","name":"Chemgramx","description":"","publisher":{"@id":"https:\/\/chemgramx.com\/#organization"},"potentialAction":[{"@type":"SearchAction","target":{"@type":"EntryPoint","urlTemplate":"https:\/\/chemgramx.com\/?s={search_term_string}"},"query-input":{"@type":"PropertyValueSpecification","valueRequired":true,"valueName":"search_term_string"}}],"inLanguage":"es"},{"@type":"Organization","@id":"https:\/\/chemgramx.com\/#organization","name":"Chemgramx","url":"https:\/\/chemgramx.com\/","logo":{"@type":"ImageObject","inLanguage":"es","@id":"https:\/\/chemgramx.com\/#\/schema\/logo\/image\/","url":"https:\/\/chemgramx.com\/wp-content\/uploads\/2024\/10\/final-logo.png","contentUrl":"https:\/\/chemgramx.com\/wp-content\/uploads\/2024\/10\/final-logo.png","width":250,"height":48,"caption":"Chemgramx"},"image":{"@id":"https:\/\/chemgramx.com\/#\/schema\/logo\/image\/"}}]}},"_links":{"self":[{"href":"https:\/\/chemgramx.com\/es\/wp-json\/wp\/v2\/product\/7736","targetHints":{"allow":["GET"]}}],"collection":[{"href":"https:\/\/chemgramx.com\/es\/wp-json\/wp\/v2\/product"}],"about":[{"href":"https:\/\/chemgramx.com\/es\/wp-json\/wp\/v2\/types\/product"}],"replies":[{"embeddable":true,"href":"https:\/\/chemgramx.com\/es\/wp-json\/wp\/v2\/comments?post=7736"}],"wp:featuredmedia":[{"embeddable":true,"href":"https:\/\/chemgramx.com\/es\/wp-json\/wp\/v2\/media\/7773"}],"wp:attachment":[{"href":"https:\/\/chemgramx.com\/es\/wp-json\/wp\/v2\/media?parent=7736"}],"wp:term":[{"taxonomy":"product_brand","embeddable":true,"href":"https:\/\/chemgramx.com\/es\/wp-json\/wp\/v2\/product_brand?post=7736"},{"taxonomy":"product_cat","embeddable":true,"href":"https:\/\/chemgramx.com\/es\/wp-json\/wp\/v2\/product_cat?post=7736"},{"taxonomy":"product_tag","embeddable":true,"href":"https:\/\/chemgramx.com\/es\/wp-json\/wp\/v2\/product_tag?post=7736"}],"curies":[{"name":"wp","href":"https:\/\/api.w.org\/{rel}","templated":true}]}}