{"id":7803,"date":"2025-11-21T11:21:27","date_gmt":"2025-11-21T11:21:27","guid":{"rendered":"https:\/\/chemgramx.com\/?post_type=product&#038;p=7803"},"modified":"2025-11-21T11:23:48","modified_gmt":"2025-11-21T11:23:48","slug":"comprar-setas-magicas","status":"publish","type":"product","link":"https:\/\/chemgramx.com\/es\/product\/magic-mushrooms-kaufen\/","title":{"rendered":"Comprar setas m\u00e1gicas"},"content":{"rendered":"<p class=\"ds-markdown-paragraph\">Descubra nuestras setas m\u00e1gicas de primera calidad: reci\u00e9n recolectadas, secadas con cuidado y de la m\u00e1xima calidad. Ofrecemos distintas variedades de setas con psilocibina para todos los niveles de experiencia, desde variedades suaves para principiantes hasta variedades intensas para usuarios experimentados.<\/p>\n<p class=\"ds-markdown-paragraph\"><strong>Lo que caracteriza a nuestras setas m\u00e1gicas<\/strong><\/p>\n<ul>\n<li>\n<p class=\"ds-markdown-paragraph\"><strong>Garant\u00eda de frescura:<\/strong>\u00a0Todas las setas se recolectan frescas y se secan a baja temperatura<\/p>\n<\/li>\n<li>\n<p class=\"ds-markdown-paragraph\"><strong>Cr\u00eda controlada:<\/strong>\u00a0Cr\u00eda cuidadosa en condiciones \u00f3ptimas sin pesticidas<\/p>\n<\/li>\n<li>\n<p class=\"ds-markdown-paragraph\"><strong>Datos sobre el almid\u00f3n:<\/strong>\u00a0Etiquetado transparente de la potencia de cada variedad<\/p>\n<\/li>\n<li>\n<p class=\"ds-markdown-paragraph\"><strong>Disponibilidad inmediata para la entrega:<\/strong>\u00a0Env\u00edo diario para la m\u00e1xima frescura<\/p>\n<\/li>\n<\/ul>\n<p class=\"ds-markdown-paragraph\"><strong>Nuestras variedades de setas m\u00e1gicas m\u00e1s vendidas<\/strong><\/p>\n<p class=\"ds-markdown-paragraph\"><strong>Profesor de oro (nivel inicial)<\/strong><\/p>\n<ul>\n<li>\n<p class=\"ds-markdown-paragraph\">Efecto suave pero profundo<\/p>\n<\/li>\n<li>\n<p class=\"ds-markdown-paragraph\">Ideal para las primeras experiencias psicod\u00e9licas<\/p>\n<\/li>\n<li>\n<p class=\"ds-markdown-paragraph\">Especialmente indicado para la pr\u00e1ctica espiritual<\/p>\n<\/li>\n<\/ul>\n<p class=\"ds-markdown-paragraph\"><strong>McKennaii (Mediana)<\/strong><\/p>\n<ul>\n<li>\n<p class=\"ds-markdown-paragraph\">Efectos visuales intensos<\/p>\n<\/li>\n<li>\n<p class=\"ds-markdown-paragraph\">Creatividad y energ\u00eda<\/p>\n<\/li>\n<li>\n<p class=\"ds-markdown-paragraph\">Variedad popular para usuarios experimentados<\/p>\n<\/li>\n<\/ul>\n<p class=\"ds-markdown-paragraph\"><strong>Envidia del pene (Fuerte)<\/strong><\/p>\n<ul>\n<li>\n<p class=\"ds-markdown-paragraph\">Variante muy potente con un fuerte efecto<\/p>\n<\/li>\n<li>\n<p class=\"ds-markdown-paragraph\">Profunda experiencia de expansi\u00f3n mental<\/p>\n<\/li>\n<li>\n<p class=\"ds-markdown-paragraph\">Exclusivamente para usuarios muy experimentados<\/p>\n<\/li>\n<\/ul>\n<p class=\"ds-markdown-paragraph\"><strong>\u00bfQu\u00e9 son las setas m\u00e1gicas?<\/strong><\/p>\n<p class=\"ds-markdown-paragraph\">Las setas m\u00e1gicas (setas que contienen psilocibina) contienen los compuestos psicoactivos psilocibina y psilocina. Se han utilizado durante miles de a\u00f1os en diversas culturas con fines espirituales y rituales. El efecto puede variar en funci\u00f3n de la variedad, la dosis y el set\/colocaci\u00f3n.<\/p>\n<p class=\"ds-markdown-paragraph\"><strong>Manipulaci\u00f3n segura de las setas m\u00e1gicas<\/strong><\/p>\n<p class=\"ds-markdown-paragraph\"><strong>Reglas b\u00e1sicas importantes para una experiencia positiva:<\/strong><\/p>\n<ul>\n<li>\n<p class=\"ds-markdown-paragraph\"><strong>Set &amp; Setting:<\/strong>\u00a0Consumir s\u00f3lo en un estado de \u00e1nimo positivo y en un entorno familiar<\/p>\n<\/li>\n<li>\n<p class=\"ds-markdown-paragraph\"><strong>Dosificaci\u00f3n:<\/strong>\u00a0Empezar con peque\u00f1as cantidades (0,5-1g de setas secas)<\/p>\n<\/li>\n<li>\n<p class=\"ds-markdown-paragraph\"><strong>Tripsitter:<\/strong>\u00a0Lleve siempre consigo un acompa\u00f1ante sobrio<\/p>\n<\/li>\n<li>\n<p class=\"ds-markdown-paragraph\"><strong>Tiempo suficiente:<\/strong>\u00a0Programar de 6 a 8 horas sin obligaciones<\/p>\n<\/li>\n<\/ul>\n<p class=\"ds-markdown-paragraph\"><strong>C\u00f3mo funciona el pedido<\/strong><\/p>\n<ol start=\"1\">\n<li>\n<p class=\"ds-markdown-paragraph\"><strong>Seleccione la variedad:<\/strong>\u00a0Elija su Magic favorito<a href=\"https:\/\/chemgramx.com\/product\/truffles-kaufen\/\"> Setas<\/a> Variedad<\/p>\n<\/li>\n<li>\n<p class=\"ds-markdown-paragraph\"><strong>Cantidad fijada:<\/strong>\u00a0Elija entre paquetes de 5 g, 10 g o 25 g<\/p>\n<\/li>\n<li>\n<p class=\"ds-markdown-paragraph\"><strong>Pago discreto:<\/strong>\u00a0Varios m\u00e9todos de pago seguro disponibles<\/p>\n<\/li>\n<li>\n<p class=\"ds-markdown-paragraph\"><strong>Entrega r\u00e1pida:<\/strong>\u00a0Embalado discretamente por DHL o Hermes<\/p>\n<\/li>\n<\/ol>\n<p class=\"ds-markdown-paragraph\"><strong>Preguntas m\u00e1s frecuentes (FAQ)<\/strong><\/p>\n<p class=\"ds-markdown-paragraph\"><strong>P: \u00bfCon qu\u00e9 rapidez act\u00faan las setas m\u00e1gicas?<\/strong><br \/>\nR: El efecto suele aparecer a los 20-40 minutos y dura entre 4 y 6 horas.<\/p>\n<p class=\"ds-markdown-paragraph\"><strong>P: \u00bfC\u00f3mo se almacenan las setas?<\/strong><br \/>\nR: Gu\u00e1rdelos en un lugar seco, oscuro y fresco, en un recipiente herm\u00e9tico. Se conservar\u00e1n durante meses.<\/p>\n<p class=\"ds-markdown-paragraph\"><strong>P: \u00bfQu\u00e9 diferencia hay entre las setas frescas y las secas?<\/strong><br \/>\nR: Las setas secas son unas 10 veces m\u00e1s potentes. 10 g de setas frescas corresponden aproximadamente a 1 g de setas secas.<\/p>\n<p class=\"ds-markdown-paragraph\"><strong>P: \u00bfEs legal la compra en Alemania?<\/strong><br \/>\nR: La psilocibina entra dentro de la Ley de Estupefacientes. S\u00f3lo realizamos env\u00edos a pa\u00edses en los que es legal.<\/p>\n<p class=\"ds-markdown-paragraph\"><strong>P: \u00bfQu\u00e9 variedad es adecuada para principiantes?<\/strong><br \/>\nA: Golden Teacher o B+ son ideales para principiantes por su efecto suave y de gu\u00eda.<\/p>\n<p class=\"ds-markdown-paragraph\"><strong>Por qu\u00e9 deber\u00eda hacernos un pedido<\/strong><\/p>\n<ul>\n<li>\n<p class=\"ds-markdown-paragraph\">Meses de experiencia en cultivo y distribuci\u00f3n<\/p>\n<\/li>\n<li>\n<p class=\"ds-markdown-paragraph\">Asesoramiento personal antes y despu\u00e9s de la compra<\/p>\n<\/li>\n<li>\n<p class=\"ds-markdown-paragraph\">Origen transparente de todos los productos<\/p>\n<\/li>\n<li>\n<p class=\"ds-markdown-paragraph\">Discreci\u00f3n y fiabilidad<\/p>\n<\/li>\n<\/ul>\n<p class=\"ds-markdown-paragraph\"><strong>Comience hoy mismo su viaje<\/strong><\/p>\n<p class=\"ds-markdown-paragraph\">Tanto si quieres adquirir tu primera experiencia como profundizar en tu pr\u00e1ctica, nuestras setas m\u00e1gicas te ofrecen la base perfecta para una experiencia transformadora.<\/p>","protected":false},"excerpt":{"rendered":"<p>Compre setas m\u00e1gicas frescas y discretas. Nuestras setas con psilocibina se cultivan de forma controlada y se secan con cuidado. Diferentes potencias para principiantes y usuarios experimentados. Env\u00edo y asesoramiento r\u00e1pidos.<\/p>","protected":false},"featured_media":7835,"comment_status":"open","ping_status":"closed","template":"","meta":{"_joinchat":[]},"product_brand":[],"product_cat":[3192],"product_tag":[2879,2880,2876,2873,2878,2881,2877,2874,2882,2875],"class_list":{"0":"post-7803","1":"product","2":"type-product","3":"status-publish","4":"has-post-thumbnail","6":"product_cat-ketamine","7":"product_tag-bewusstseinserweiternd","8":"product_tag-frische-magic-mushrooms","9":"product_tag-magic-mushrooms-deutschland","10":"product_tag-magic-mushrooms-kaufen","11":"product_tag-microdosing-pilze","12":"product_tag-pilze-online-kaufen","13":"product_tag-psilocybe","14":"product_tag-psilocybin-pilze","15":"product_tag-psychedelische-erfahrung","16":"product_tag-psychedelische-pilze","18":"first","19":"instock","20":"shipping-taxable","21":"purchasable","22":"product-type-variable"},"yoast_head":"<!-- This site is optimized with the Yoast SEO plugin v27.5 - https:\/\/yoast.com\/product\/yoast-seo-wordpress\/ -->\n<title>Magic Mushrooms Kaufen | Frisch &amp; Diskret Geliefert Chemgramx<\/title>\n<meta name=\"description\" content=\"Magic Mushrooms kaufen mit Frische-Garantie. Diskret verpackt, schnelle Lieferung &amp; deutsche Qualit\u00e4t. Verschiedene Sorten f\u00fcr bewusste Erfahrungen. Jetzt entdecken!\" \/>\n<meta name=\"robots\" content=\"index, follow, max-snippet:-1, max-image-preview:large, max-video-preview:-1\" \/>\n<link rel=\"canonical\" href=\"https:\/\/chemgramx.com\/es\/producto-1\/comprar-setas-magicas\/\" \/>\n<meta property=\"og:locale\" content=\"es_ES\" \/>\n<meta property=\"og:type\" content=\"article\" \/>\n<meta property=\"og:title\" content=\"Magic Mushrooms Kaufen | Frisch &amp; Diskret Geliefert Chemgramx\" \/>\n<meta property=\"og:description\" content=\"Magic Mushrooms kaufen mit Frische-Garantie. Diskret verpackt, schnelle Lieferung &amp; deutsche Qualit\u00e4t. Verschiedene Sorten f\u00fcr bewusste Erfahrungen. Jetzt entdecken!\" \/>\n<meta property=\"og:url\" content=\"https:\/\/chemgramx.com\/es\/producto-1\/comprar-setas-magicas\/\" \/>\n<meta property=\"og:site_name\" content=\"Chemgramx\" \/>\n<meta property=\"article:modified_time\" content=\"2025-11-21T11:23:48+00:00\" \/>\n<meta property=\"og:image\" content=\"https:\/\/chemgramx.com\/wp-content\/uploads\/2025\/11\/magic-mushrooms-near-me-effects-types-identification-psilocybin-guide-.png\" \/>\n\t<meta property=\"og:image:width\" content=\"1024\" \/>\n\t<meta property=\"og:image:height\" content=\"1536\" \/>\n\t<meta property=\"og:image:type\" content=\"image\/png\" \/>\n<meta name=\"twitter:card\" content=\"summary_large_image\" \/>\n<meta name=\"twitter:label1\" content=\"Tiempo de lectura\" \/>\n\t<meta name=\"twitter:data1\" content=\"2 minutos\" \/>\n<script type=\"application\/ld+json\" class=\"yoast-schema-graph\">{\"@context\":\"https:\\\/\\\/schema.org\",\"@graph\":[{\"@type\":\"WebPage\",\"@id\":\"https:\\\/\\\/chemgramx.com\\\/product\\\/magic-mushrooms-kaufen\\\/\",\"url\":\"https:\\\/\\\/chemgramx.com\\\/product\\\/magic-mushrooms-kaufen\\\/\",\"name\":\"Magic Mushrooms Kaufen | Frisch &amp; Diskret Geliefert Chemgramx\",\"isPartOf\":{\"@id\":\"https:\\\/\\\/chemgramx.com\\\/#website\"},\"primaryImageOfPage\":{\"@id\":\"https:\\\/\\\/chemgramx.com\\\/product\\\/magic-mushrooms-kaufen\\\/#primaryimage\"},\"image\":{\"@id\":\"https:\\\/\\\/chemgramx.com\\\/product\\\/magic-mushrooms-kaufen\\\/#primaryimage\"},\"thumbnailUrl\":\"https:\\\/\\\/chemgramx.com\\\/wp-content\\\/uploads\\\/2025\\\/11\\\/magic-mushrooms-near-me-effects-types-identification-psilocybin-guide-.png\",\"datePublished\":\"2025-11-21T11:21:27+00:00\",\"dateModified\":\"2025-11-21T11:23:48+00:00\",\"description\":\"Magic Mushrooms kaufen mit Frische-Garantie. Diskret verpackt, schnelle Lieferung &amp; deutsche Qualit\u00e4t. Verschiedene Sorten f\u00fcr bewusste Erfahrungen. Jetzt entdecken!\",\"breadcrumb\":{\"@id\":\"https:\\\/\\\/chemgramx.com\\\/product\\\/magic-mushrooms-kaufen\\\/#breadcrumb\"},\"inLanguage\":\"es\",\"potentialAction\":[{\"@type\":\"ReadAction\",\"target\":[\"https:\\\/\\\/chemgramx.com\\\/product\\\/magic-mushrooms-kaufen\\\/\"]}]},{\"@type\":\"ImageObject\",\"inLanguage\":\"es\",\"@id\":\"https:\\\/\\\/chemgramx.com\\\/product\\\/magic-mushrooms-kaufen\\\/#primaryimage\",\"url\":\"https:\\\/\\\/chemgramx.com\\\/wp-content\\\/uploads\\\/2025\\\/11\\\/magic-mushrooms-near-me-effects-types-identification-psilocybin-guide-.png\",\"contentUrl\":\"https:\\\/\\\/chemgramx.com\\\/wp-content\\\/uploads\\\/2025\\\/11\\\/magic-mushrooms-near-me-effects-types-identification-psilocybin-guide-.png\",\"width\":1024,\"height\":1536},{\"@type\":\"BreadcrumbList\",\"@id\":\"https:\\\/\\\/chemgramx.com\\\/product\\\/magic-mushrooms-kaufen\\\/#breadcrumb\",\"itemListElement\":[{\"@type\":\"ListItem\",\"position\":1,\"name\":\"Home\",\"item\":\"https:\\\/\\\/chemgramx.com\\\/\"},{\"@type\":\"ListItem\",\"position\":2,\"name\":\"Shop\",\"item\":\"https:\\\/\\\/chemgramx.com\\\/shop\\\/\"},{\"@type\":\"ListItem\",\"position\":3,\"name\":\"Magic Mushrooms kaufen\"}]},{\"@type\":\"WebSite\",\"@id\":\"https:\\\/\\\/chemgramx.com\\\/#website\",\"url\":\"https:\\\/\\\/chemgramx.com\\\/\",\"name\":\"Chemgramx\",\"description\":\"\",\"publisher\":{\"@id\":\"https:\\\/\\\/chemgramx.com\\\/#organization\"},\"potentialAction\":[{\"@type\":\"SearchAction\",\"target\":{\"@type\":\"EntryPoint\",\"urlTemplate\":\"https:\\\/\\\/chemgramx.com\\\/?s={search_term_string}\"},\"query-input\":{\"@type\":\"PropertyValueSpecification\",\"valueRequired\":true,\"valueName\":\"search_term_string\"}}],\"inLanguage\":\"es\"},{\"@type\":\"Organization\",\"@id\":\"https:\\\/\\\/chemgramx.com\\\/#organization\",\"name\":\"Chemgramx\",\"url\":\"https:\\\/\\\/chemgramx.com\\\/\",\"logo\":{\"@type\":\"ImageObject\",\"inLanguage\":\"es\",\"@id\":\"https:\\\/\\\/chemgramx.com\\\/#\\\/schema\\\/logo\\\/image\\\/\",\"url\":\"https:\\\/\\\/chemgramx.com\\\/wp-content\\\/uploads\\\/2024\\\/10\\\/final-logo.png\",\"contentUrl\":\"https:\\\/\\\/chemgramx.com\\\/wp-content\\\/uploads\\\/2024\\\/10\\\/final-logo.png\",\"width\":250,\"height\":48,\"caption\":\"Chemgramx\"},\"image\":{\"@id\":\"https:\\\/\\\/chemgramx.com\\\/#\\\/schema\\\/logo\\\/image\\\/\"}}]}<\/script>\n<!-- \/ Yoast SEO plugin. -->","yoast_head_json":{"title":"Magic Mushrooms Kaufen | Frisch &amp; Diskret Geliefert Chemgramx","description":"Magic Mushrooms kaufen mit Frische-Garantie. Diskret verpackt, schnelle Lieferung &amp; deutsche Qualit\u00e4t. Verschiedene Sorten f\u00fcr bewusste Erfahrungen. Jetzt entdecken!","robots":{"index":"index","follow":"follow","max-snippet":"max-snippet:-1","max-image-preview":"max-image-preview:large","max-video-preview":"max-video-preview:-1"},"canonical":"https:\/\/chemgramx.com\/es\/producto-1\/comprar-setas-magicas\/","og_locale":"es_ES","og_type":"article","og_title":"Magic Mushrooms Kaufen | Frisch &amp; Diskret Geliefert Chemgramx","og_description":"Magic Mushrooms kaufen mit Frische-Garantie. Diskret verpackt, schnelle Lieferung &amp; deutsche Qualit\u00e4t. Verschiedene Sorten f\u00fcr bewusste Erfahrungen. Jetzt entdecken!","og_url":"https:\/\/chemgramx.com\/es\/producto-1\/comprar-setas-magicas\/","og_site_name":"Chemgramx","article_modified_time":"2025-11-21T11:23:48+00:00","og_image":[{"width":1024,"height":1536,"url":"https:\/\/chemgramx.com\/wp-content\/uploads\/2025\/11\/magic-mushrooms-near-me-effects-types-identification-psilocybin-guide-.png","type":"image\/png"}],"twitter_card":"summary_large_image","twitter_misc":{"Tiempo de lectura":"2 minutos"},"schema":{"@context":"https:\/\/schema.org","@graph":[{"@type":"WebPage","@id":"https:\/\/chemgramx.com\/product\/magic-mushrooms-kaufen\/","url":"https:\/\/chemgramx.com\/product\/magic-mushrooms-kaufen\/","name":"Magic Mushrooms Kaufen | Frisch &amp; Diskret Geliefert Chemgramx","isPartOf":{"@id":"https:\/\/chemgramx.com\/#website"},"primaryImageOfPage":{"@id":"https:\/\/chemgramx.com\/product\/magic-mushrooms-kaufen\/#primaryimage"},"image":{"@id":"https:\/\/chemgramx.com\/product\/magic-mushrooms-kaufen\/#primaryimage"},"thumbnailUrl":"https:\/\/chemgramx.com\/wp-content\/uploads\/2025\/11\/magic-mushrooms-near-me-effects-types-identification-psilocybin-guide-.png","datePublished":"2025-11-21T11:21:27+00:00","dateModified":"2025-11-21T11:23:48+00:00","description":"Magic Mushrooms kaufen mit Frische-Garantie. Diskret verpackt, schnelle Lieferung &amp; deutsche Qualit\u00e4t. Verschiedene Sorten f\u00fcr bewusste Erfahrungen. Jetzt entdecken!","breadcrumb":{"@id":"https:\/\/chemgramx.com\/product\/magic-mushrooms-kaufen\/#breadcrumb"},"inLanguage":"es","potentialAction":[{"@type":"ReadAction","target":["https:\/\/chemgramx.com\/product\/magic-mushrooms-kaufen\/"]}]},{"@type":"ImageObject","inLanguage":"es","@id":"https:\/\/chemgramx.com\/product\/magic-mushrooms-kaufen\/#primaryimage","url":"https:\/\/chemgramx.com\/wp-content\/uploads\/2025\/11\/magic-mushrooms-near-me-effects-types-identification-psilocybin-guide-.png","contentUrl":"https:\/\/chemgramx.com\/wp-content\/uploads\/2025\/11\/magic-mushrooms-near-me-effects-types-identification-psilocybin-guide-.png","width":1024,"height":1536},{"@type":"BreadcrumbList","@id":"https:\/\/chemgramx.com\/product\/magic-mushrooms-kaufen\/#breadcrumb","itemListElement":[{"@type":"ListItem","position":1,"name":"Home","item":"https:\/\/chemgramx.com\/"},{"@type":"ListItem","position":2,"name":"Shop","item":"https:\/\/chemgramx.com\/shop\/"},{"@type":"ListItem","position":3,"name":"Magic Mushrooms kaufen"}]},{"@type":"WebSite","@id":"https:\/\/chemgramx.com\/#website","url":"https:\/\/chemgramx.com\/","name":"Chemgramx","description":"","publisher":{"@id":"https:\/\/chemgramx.com\/#organization"},"potentialAction":[{"@type":"SearchAction","target":{"@type":"EntryPoint","urlTemplate":"https:\/\/chemgramx.com\/?s={search_term_string}"},"query-input":{"@type":"PropertyValueSpecification","valueRequired":true,"valueName":"search_term_string"}}],"inLanguage":"es"},{"@type":"Organization","@id":"https:\/\/chemgramx.com\/#organization","name":"Chemgramx","url":"https:\/\/chemgramx.com\/","logo":{"@type":"ImageObject","inLanguage":"es","@id":"https:\/\/chemgramx.com\/#\/schema\/logo\/image\/","url":"https:\/\/chemgramx.com\/wp-content\/uploads\/2024\/10\/final-logo.png","contentUrl":"https:\/\/chemgramx.com\/wp-content\/uploads\/2024\/10\/final-logo.png","width":250,"height":48,"caption":"Chemgramx"},"image":{"@id":"https:\/\/chemgramx.com\/#\/schema\/logo\/image\/"}}]}},"_links":{"self":[{"href":"https:\/\/chemgramx.com\/es\/wp-json\/wp\/v2\/product\/7803","targetHints":{"allow":["GET"]}}],"collection":[{"href":"https:\/\/chemgramx.com\/es\/wp-json\/wp\/v2\/product"}],"about":[{"href":"https:\/\/chemgramx.com\/es\/wp-json\/wp\/v2\/types\/product"}],"replies":[{"embeddable":true,"href":"https:\/\/chemgramx.com\/es\/wp-json\/wp\/v2\/comments?post=7803"}],"wp:featuredmedia":[{"embeddable":true,"href":"https:\/\/chemgramx.com\/es\/wp-json\/wp\/v2\/media\/7835"}],"wp:attachment":[{"href":"https:\/\/chemgramx.com\/es\/wp-json\/wp\/v2\/media?parent=7803"}],"wp:term":[{"taxonomy":"product_brand","embeddable":true,"href":"https:\/\/chemgramx.com\/es\/wp-json\/wp\/v2\/product_brand?post=7803"},{"taxonomy":"product_cat","embeddable":true,"href":"https:\/\/chemgramx.com\/es\/wp-json\/wp\/v2\/product_cat?post=7803"},{"taxonomy":"product_tag","embeddable":true,"href":"https:\/\/chemgramx.com\/es\/wp-json\/wp\/v2\/product_tag?post=7803"}],"curies":[{"name":"wp","href":"https:\/\/api.w.org\/{rel}","templated":true}]}}