{"id":7804,"date":"2025-11-21T11:21:28","date_gmt":"2025-11-21T11:21:28","guid":{"rendered":"https:\/\/chemgramx.com\/?post_type=product&#038;p=7804"},"modified":"2025-11-21T11:23:48","modified_gmt":"2025-11-21T11:23:48","slug":"comprar-lsd","status":"publish","type":"product","link":"https:\/\/chemgramx.com\/es\/product\/lsd-kaufen\/","title":{"rendered":"Comprar LSD"},"content":{"rendered":"<p class=\"ds-markdown-paragraph\"><strong>Comprar LSD - M\u00e1xima calidad para experiencias conscientes<\/strong><\/p>\n<p class=\"ds-markdown-paragraph\">Experimenta el poder transformador del LSD con nuestros secantes ultrapuros y probados en laboratorio. S\u00f3lo ofrecemos productos con pureza garantizada y dosificaci\u00f3n precisa - para una experiencia segura y profunda.<\/p>\n<p class=\"ds-markdown-paragraph\"><strong>Por qu\u00e9 nuestros papeles secantes LSD son la elecci\u00f3n correcta<\/strong><\/p>\n<ul>\n<li>\n<p class=\"ds-markdown-paragraph\"><strong>Pureza 99,9%:<\/strong>\u00a0La pureza y la identidad de cada lote se analizan en laboratorio.<\/p>\n<\/li>\n<li>\n<p class=\"ds-markdown-paragraph\"><strong>Dosificaci\u00f3n precisa:<\/strong>\u00a0Potencia constante para experiencias predecibles<\/p>\n<\/li>\n<li>\n<p class=\"ds-markdown-paragraph\"><strong>Control de calidad profesional:<\/strong>\u00a0An\u00e1lisis documentados para una m\u00e1xima transparencia<\/p>\n<\/li>\n<li>\n<p class=\"ds-markdown-paragraph\"><strong>Env\u00edo discreto a la UE:<\/strong>\u00a0Entrega r\u00e1pida en embalaje neutro<\/p>\n<\/li>\n<\/ul>\n<p class=\"ds-markdown-paragraph\"><strong>Nuestra cartera de productos<\/strong><\/p>\n<p class=\"ds-markdown-paragraph\"><strong>LSD-Blotter - Diferentes potencias<\/strong><\/p>\n<ul>\n<li>\n<p class=\"ds-markdown-paragraph\"><strong>Dosis inicial (75\u03bcg):<\/strong>\u00a0Introducci\u00f3n suave para las primeras experiencias<\/p>\n<\/li>\n<li>\n<p class=\"ds-markdown-paragraph\"><strong>Dosis est\u00e1ndar (150\u03bcg):<\/strong>\u00a0Fuerza equilibrada para experiencias en profundidad<\/p>\n<\/li>\n<li>\n<p class=\"ds-markdown-paragraph\"><strong>Dosis experimentada (250\u03bcg):<\/strong>\u00a0Experiencia intensiva para usuarios experimentados<\/p>\n<\/li>\n<\/ul>\n<p class=\"ds-markdown-paragraph\"><strong>Informaci\u00f3n importante sobre el LSD<\/strong><\/p>\n<p class=\"ds-markdown-paragraph\">La LSD (dietilamida del \u00e1cido lis\u00e9rgico) es una de las sustancias psicoactivas m\u00e1s potentes. Incluso las cantidades m\u00e1s peque\u00f1as pueden alterar profundamente la conciencia. Los efectos suelen durar de 8 a 12 horas e incluyen:<\/p>\n<ul>\n<li>\n<p class=\"ds-markdown-paragraph\">Percepciones sensoriales mejoradas<\/p>\n<\/li>\n<li>\n<p class=\"ds-markdown-paragraph\">Cambio en el sentido del tiempo<\/p>\n<\/li>\n<li>\n<p class=\"ds-markdown-paragraph\">Procesos de pensamiento profundos<\/p>\n<\/li>\n<li>\n<p class=\"ds-markdown-paragraph\">Patrones visuales y alucinaciones<\/p>\n<\/li>\n<\/ul>\n<p class=\"ds-markdown-paragraph\"><strong>La seguridad siempre es lo primero - Nuestras directrices<\/strong><\/p>\n<p class=\"ds-markdown-paragraph\"><strong>El uso responsable es esencial:<\/strong><\/p>\n<ul>\n<li>\n<p class=\"ds-markdown-paragraph\"><strong>Set &amp; Setting:<\/strong>\u00a0Consumir s\u00f3lo en un ambiente positivo y seguro<\/p>\n<\/li>\n<li>\n<p class=\"ds-markdown-paragraph\"><strong>Tripsitter:<\/strong>\u00a0Acomp\u00e1\u00f1ate siempre de una persona sobria y de confianza<\/p>\n<\/li>\n<li>\n<p class=\"ds-markdown-paragraph\"><strong>Dosis de prueba:<\/strong>\u00a0Empezar siempre con una dosis baja<\/p>\n<\/li>\n<li>\n<p class=\"ds-markdown-paragraph\"><strong>Contraindicaciones:<\/strong>\u00a0No apto para personas con enfermedades mentales preexistentes<\/p>\n<\/li>\n<\/ul>\n<p class=\"ds-markdown-paragraph\"><strong>C\u00f3mo hacernos un pedido<\/strong><\/p>\n<ol start=\"1\">\n<li>\n<p class=\"ds-markdown-paragraph\"><strong>Elija su producto:<\/strong>\u00a0Decidir la dosis adecuada<\/p>\n<\/li>\n<li>\n<p class=\"ds-markdown-paragraph\"><strong>Pago seguro:<\/strong>\u00a0Varias opciones de pago discreto<\/p>\n<\/li>\n<li>\n<p class=\"ds-markdown-paragraph\"><strong>Env\u00edo discreto:<\/strong>\u00a0Envases sin indicaci\u00f3n del contenido<\/p>\n<\/li>\n<li>\n<p class=\"ds-markdown-paragraph\"><strong>Entrega r\u00e1pida:<\/strong>\u00a0Env\u00edo DHL en <a href=\"https:\/\/chemgramx.com\/product\/ketaset-ketamine-kaufen\/\">Alemania<\/a><\/p>\n<\/li>\n<\/ol>\n<p class=\"ds-markdown-paragraph\"><strong>Preguntas m\u00e1s frecuentes (FAQ)<\/strong><\/p>\n<p class=\"ds-markdown-paragraph\"><strong>P: \u00bfCu\u00e1nto tarda el env\u00edo?<\/strong><br \/>\nR: Plazo de entrega en Alemania: 1-2 d\u00edas laborables. UE: 2-5 d\u00edas laborables.<\/p>\n<p class=\"ds-markdown-paragraph\"><strong>P: \u00bfSe someten los secantes a pruebas de laboratorio?<\/strong><br \/>\nR: S\u00ed, laboratorios independientes comprueban la pureza y la dosis de cada lote.<\/p>\n<p class=\"ds-markdown-paragraph\"><strong>P: \u00bfCu\u00e1l es la diferencia entre 1D-LSD y LSD-25?<\/strong><br \/>\nR: El 1D-LSD es un an\u00e1logo m\u00e1s legal que se convierte en LSD-25 en el cuerpo. El efecto es muy similar.<\/p>\n<p class=\"ds-markdown-paragraph\"><strong>P: \u00bfC\u00f3mo se almacena correctamente la LSD?<\/strong><br \/>\nR: Fresco, seco y protegido de la luz en un envase oscuro. As\u00ed se mantendr\u00e1 estable durante a\u00f1os.<\/p>\n<p class=\"ds-markdown-paragraph\"><strong>P: \u00bfEs legal la compra en Alemania?<\/strong><br \/>\nR: El LSD entra dentro de la Ley de Estupefacientes. S\u00f3lo realizamos env\u00edos a pa\u00edses en los que es legal.<\/p>\n<p class=\"ds-markdown-paragraph\"><strong>Por qu\u00e9 puede confiar en nosotros<\/strong><\/p>\n<p class=\"ds-markdown-paragraph\">Nuestras prioridades son su seguridad y satisfacci\u00f3n. Ofrecemos:<\/p>\n<ul>\n<li>\n<p class=\"ds-markdown-paragraph\">Controles de calidad transparentes<\/p>\n<\/li>\n<li>\n<p class=\"ds-markdown-paragraph\">Discreci\u00f3n y protecci\u00f3n de datos<\/p>\n<\/li>\n<li>\n<p class=\"ds-markdown-paragraph\">Un servicio de atenci\u00f3n al cliente competente<\/p>\n<\/li>\n<li>\n<p class=\"ds-markdown-paragraph\">A\u00f1os de experiencia<\/p>\n<\/li>\n<\/ul>\n<p class=\"ds-markdown-paragraph\"><strong>Comience hoy mismo su viaje<\/strong><\/p>\n<p class=\"ds-markdown-paragraph\">Descubra el mundo del LSD con un socio de confianza. Pide ahora nuestros papeles secantes probados en laboratorio y vive una profunda experiencia de expansi\u00f3n mental.<\/p>","protected":false},"excerpt":{"rendered":"<p>Experimenta el LSD de la m\u00e1s alta calidad, perfecto para microdosis y viajes conscientes. Nuestros secantes de LSD se prueban en laboratorio, se dosifican de forma consistente y se entregan discretamente. Env\u00edo r\u00e1pido desde la UE. Se requiere un uso responsable.<\/p>","protected":false},"featured_media":7837,"comment_status":"open","ping_status":"closed","template":"","meta":{"_joinchat":[]},"product_brand":[],"product_cat":[3192],"product_tag":[2868,2867,2872,2871,2864,2557,2869,2865,2866,2870],"class_list":{"0":"post-7804","1":"product","2":"type-product","3":"status-publish","4":"has-post-thumbnail","6":"product_cat-ketamine","7":"product_tag-1d-lsd","8":"product_tag-bewusstseinserweiterung","9":"product_tag-diskreter-versand","10":"product_tag-laborgeprueft","11":"product_tag-lsd-blotter","12":"product_tag-lsd-kaufen","13":"product_tag-lsd-25","14":"product_tag-mikrodosierung","15":"product_tag-psychedelisch","16":"product_tag-psychoaktiv","18":"first","19":"instock","20":"shipping-taxable","21":"purchasable","22":"product-type-variable"},"yoast_head":"<!-- This site is optimized with the Yoast SEO plugin v27.5 - https:\/\/yoast.com\/product\/yoast-seo-wordpress\/ -->\n<title>LSD Kaufen | H\u00f6chste Reinheit &amp; Diskret | Chemgramx<\/title>\n<meta name=\"description\" content=\"LSD kaufen mit 99,9% Reinheit. Diskret verpackt, sicher bezahlt, schneller EU-Versand. Laborkontrolliert &amp; zufrieden garantiert. Jetzt entdecken!\" \/>\n<meta name=\"robots\" content=\"index, follow, max-snippet:-1, max-image-preview:large, max-video-preview:-1\" \/>\n<link rel=\"canonical\" href=\"https:\/\/chemgramx.com\/es\/producto-1\/comprar-lsd\/\" \/>\n<meta property=\"og:locale\" content=\"es_ES\" \/>\n<meta property=\"og:type\" content=\"article\" \/>\n<meta property=\"og:title\" content=\"LSD Kaufen | H\u00f6chste Reinheit &amp; Diskret | Chemgramx\" \/>\n<meta property=\"og:description\" content=\"LSD kaufen mit 99,9% Reinheit. Diskret verpackt, sicher bezahlt, schneller EU-Versand. Laborkontrolliert &amp; zufrieden garantiert. Jetzt entdecken!\" \/>\n<meta property=\"og:url\" content=\"https:\/\/chemgramx.com\/es\/producto-1\/comprar-lsd\/\" \/>\n<meta property=\"og:site_name\" content=\"Chemgramx\" \/>\n<meta property=\"article:modified_time\" content=\"2025-11-21T11:23:48+00:00\" \/>\n<meta property=\"og:image\" content=\"https:\/\/chemgramx.com\/wp-content\/uploads\/2025\/11\/shop-lsd-tabs-blotters-gel-tabs-dosage-side-effects-more-medibo-1024x683.png\" \/>\n\t<meta property=\"og:image:width\" content=\"1024\" \/>\n\t<meta property=\"og:image:height\" content=\"683\" \/>\n\t<meta property=\"og:image:type\" content=\"image\/png\" \/>\n<meta name=\"twitter:card\" content=\"summary_large_image\" \/>\n<meta name=\"twitter:label1\" content=\"Tiempo de lectura\" \/>\n\t<meta name=\"twitter:data1\" content=\"2 minutos\" \/>\n<script type=\"application\/ld+json\" class=\"yoast-schema-graph\">{\"@context\":\"https:\\\/\\\/schema.org\",\"@graph\":[{\"@type\":\"WebPage\",\"@id\":\"https:\\\/\\\/chemgramx.com\\\/product\\\/lsd-kaufen\\\/\",\"url\":\"https:\\\/\\\/chemgramx.com\\\/product\\\/lsd-kaufen\\\/\",\"name\":\"LSD Kaufen | H\u00f6chste Reinheit &amp; Diskret | Chemgramx\",\"isPartOf\":{\"@id\":\"https:\\\/\\\/chemgramx.com\\\/#website\"},\"primaryImageOfPage\":{\"@id\":\"https:\\\/\\\/chemgramx.com\\\/product\\\/lsd-kaufen\\\/#primaryimage\"},\"image\":{\"@id\":\"https:\\\/\\\/chemgramx.com\\\/product\\\/lsd-kaufen\\\/#primaryimage\"},\"thumbnailUrl\":\"https:\\\/\\\/chemgramx.com\\\/wp-content\\\/uploads\\\/2025\\\/11\\\/shop-lsd-tabs-blotters-gel-tabs-dosage-side-effects-more-medibo.png\",\"datePublished\":\"2025-11-21T11:21:28+00:00\",\"dateModified\":\"2025-11-21T11:23:48+00:00\",\"description\":\"LSD kaufen mit 99,9% Reinheit. Diskret verpackt, sicher bezahlt, schneller EU-Versand. Laborkontrolliert &amp; zufrieden garantiert. Jetzt entdecken!\",\"breadcrumb\":{\"@id\":\"https:\\\/\\\/chemgramx.com\\\/product\\\/lsd-kaufen\\\/#breadcrumb\"},\"inLanguage\":\"es\",\"potentialAction\":[{\"@type\":\"ReadAction\",\"target\":[\"https:\\\/\\\/chemgramx.com\\\/product\\\/lsd-kaufen\\\/\"]}]},{\"@type\":\"ImageObject\",\"inLanguage\":\"es\",\"@id\":\"https:\\\/\\\/chemgramx.com\\\/product\\\/lsd-kaufen\\\/#primaryimage\",\"url\":\"https:\\\/\\\/chemgramx.com\\\/wp-content\\\/uploads\\\/2025\\\/11\\\/shop-lsd-tabs-blotters-gel-tabs-dosage-side-effects-more-medibo.png\",\"contentUrl\":\"https:\\\/\\\/chemgramx.com\\\/wp-content\\\/uploads\\\/2025\\\/11\\\/shop-lsd-tabs-blotters-gel-tabs-dosage-side-effects-more-medibo.png\",\"width\":1536,\"height\":1024},{\"@type\":\"BreadcrumbList\",\"@id\":\"https:\\\/\\\/chemgramx.com\\\/product\\\/lsd-kaufen\\\/#breadcrumb\",\"itemListElement\":[{\"@type\":\"ListItem\",\"position\":1,\"name\":\"Home\",\"item\":\"https:\\\/\\\/chemgramx.com\\\/\"},{\"@type\":\"ListItem\",\"position\":2,\"name\":\"Shop\",\"item\":\"https:\\\/\\\/chemgramx.com\\\/shop\\\/\"},{\"@type\":\"ListItem\",\"position\":3,\"name\":\"LSD Kaufen\"}]},{\"@type\":\"WebSite\",\"@id\":\"https:\\\/\\\/chemgramx.com\\\/#website\",\"url\":\"https:\\\/\\\/chemgramx.com\\\/\",\"name\":\"Chemgramx\",\"description\":\"\",\"publisher\":{\"@id\":\"https:\\\/\\\/chemgramx.com\\\/#organization\"},\"potentialAction\":[{\"@type\":\"SearchAction\",\"target\":{\"@type\":\"EntryPoint\",\"urlTemplate\":\"https:\\\/\\\/chemgramx.com\\\/?s={search_term_string}\"},\"query-input\":{\"@type\":\"PropertyValueSpecification\",\"valueRequired\":true,\"valueName\":\"search_term_string\"}}],\"inLanguage\":\"es\"},{\"@type\":\"Organization\",\"@id\":\"https:\\\/\\\/chemgramx.com\\\/#organization\",\"name\":\"Chemgramx\",\"url\":\"https:\\\/\\\/chemgramx.com\\\/\",\"logo\":{\"@type\":\"ImageObject\",\"inLanguage\":\"es\",\"@id\":\"https:\\\/\\\/chemgramx.com\\\/#\\\/schema\\\/logo\\\/image\\\/\",\"url\":\"https:\\\/\\\/chemgramx.com\\\/wp-content\\\/uploads\\\/2024\\\/10\\\/final-logo.png\",\"contentUrl\":\"https:\\\/\\\/chemgramx.com\\\/wp-content\\\/uploads\\\/2024\\\/10\\\/final-logo.png\",\"width\":250,\"height\":48,\"caption\":\"Chemgramx\"},\"image\":{\"@id\":\"https:\\\/\\\/chemgramx.com\\\/#\\\/schema\\\/logo\\\/image\\\/\"}}]}<\/script>\n<!-- \/ Yoast SEO plugin. -->","yoast_head_json":{"title":"LSD Kaufen | H\u00f6chste Reinheit &amp; Diskret | Chemgramx","description":"LSD kaufen mit 99,9% Reinheit. Diskret verpackt, sicher bezahlt, schneller EU-Versand. Laborkontrolliert &amp; zufrieden garantiert. Jetzt entdecken!","robots":{"index":"index","follow":"follow","max-snippet":"max-snippet:-1","max-image-preview":"max-image-preview:large","max-video-preview":"max-video-preview:-1"},"canonical":"https:\/\/chemgramx.com\/es\/producto-1\/comprar-lsd\/","og_locale":"es_ES","og_type":"article","og_title":"LSD Kaufen | H\u00f6chste Reinheit &amp; Diskret | Chemgramx","og_description":"LSD kaufen mit 99,9% Reinheit. Diskret verpackt, sicher bezahlt, schneller EU-Versand. Laborkontrolliert &amp; zufrieden garantiert. Jetzt entdecken!","og_url":"https:\/\/chemgramx.com\/es\/producto-1\/comprar-lsd\/","og_site_name":"Chemgramx","article_modified_time":"2025-11-21T11:23:48+00:00","og_image":[{"width":1024,"height":683,"url":"https:\/\/chemgramx.com\/wp-content\/uploads\/2025\/11\/shop-lsd-tabs-blotters-gel-tabs-dosage-side-effects-more-medibo-1024x683.png","type":"image\/png"}],"twitter_card":"summary_large_image","twitter_misc":{"Tiempo de lectura":"2 minutos"},"schema":{"@context":"https:\/\/schema.org","@graph":[{"@type":"WebPage","@id":"https:\/\/chemgramx.com\/product\/lsd-kaufen\/","url":"https:\/\/chemgramx.com\/product\/lsd-kaufen\/","name":"LSD Kaufen | H\u00f6chste Reinheit &amp; Diskret | Chemgramx","isPartOf":{"@id":"https:\/\/chemgramx.com\/#website"},"primaryImageOfPage":{"@id":"https:\/\/chemgramx.com\/product\/lsd-kaufen\/#primaryimage"},"image":{"@id":"https:\/\/chemgramx.com\/product\/lsd-kaufen\/#primaryimage"},"thumbnailUrl":"https:\/\/chemgramx.com\/wp-content\/uploads\/2025\/11\/shop-lsd-tabs-blotters-gel-tabs-dosage-side-effects-more-medibo.png","datePublished":"2025-11-21T11:21:28+00:00","dateModified":"2025-11-21T11:23:48+00:00","description":"LSD kaufen mit 99,9% Reinheit. Diskret verpackt, sicher bezahlt, schneller EU-Versand. Laborkontrolliert &amp; zufrieden garantiert. Jetzt entdecken!","breadcrumb":{"@id":"https:\/\/chemgramx.com\/product\/lsd-kaufen\/#breadcrumb"},"inLanguage":"es","potentialAction":[{"@type":"ReadAction","target":["https:\/\/chemgramx.com\/product\/lsd-kaufen\/"]}]},{"@type":"ImageObject","inLanguage":"es","@id":"https:\/\/chemgramx.com\/product\/lsd-kaufen\/#primaryimage","url":"https:\/\/chemgramx.com\/wp-content\/uploads\/2025\/11\/shop-lsd-tabs-blotters-gel-tabs-dosage-side-effects-more-medibo.png","contentUrl":"https:\/\/chemgramx.com\/wp-content\/uploads\/2025\/11\/shop-lsd-tabs-blotters-gel-tabs-dosage-side-effects-more-medibo.png","width":1536,"height":1024},{"@type":"BreadcrumbList","@id":"https:\/\/chemgramx.com\/product\/lsd-kaufen\/#breadcrumb","itemListElement":[{"@type":"ListItem","position":1,"name":"Home","item":"https:\/\/chemgramx.com\/"},{"@type":"ListItem","position":2,"name":"Shop","item":"https:\/\/chemgramx.com\/shop\/"},{"@type":"ListItem","position":3,"name":"LSD Kaufen"}]},{"@type":"WebSite","@id":"https:\/\/chemgramx.com\/#website","url":"https:\/\/chemgramx.com\/","name":"Chemgramx","description":"","publisher":{"@id":"https:\/\/chemgramx.com\/#organization"},"potentialAction":[{"@type":"SearchAction","target":{"@type":"EntryPoint","urlTemplate":"https:\/\/chemgramx.com\/?s={search_term_string}"},"query-input":{"@type":"PropertyValueSpecification","valueRequired":true,"valueName":"search_term_string"}}],"inLanguage":"es"},{"@type":"Organization","@id":"https:\/\/chemgramx.com\/#organization","name":"Chemgramx","url":"https:\/\/chemgramx.com\/","logo":{"@type":"ImageObject","inLanguage":"es","@id":"https:\/\/chemgramx.com\/#\/schema\/logo\/image\/","url":"https:\/\/chemgramx.com\/wp-content\/uploads\/2024\/10\/final-logo.png","contentUrl":"https:\/\/chemgramx.com\/wp-content\/uploads\/2024\/10\/final-logo.png","width":250,"height":48,"caption":"Chemgramx"},"image":{"@id":"https:\/\/chemgramx.com\/#\/schema\/logo\/image\/"}}]}},"_links":{"self":[{"href":"https:\/\/chemgramx.com\/es\/wp-json\/wp\/v2\/product\/7804","targetHints":{"allow":["GET"]}}],"collection":[{"href":"https:\/\/chemgramx.com\/es\/wp-json\/wp\/v2\/product"}],"about":[{"href":"https:\/\/chemgramx.com\/es\/wp-json\/wp\/v2\/types\/product"}],"replies":[{"embeddable":true,"href":"https:\/\/chemgramx.com\/es\/wp-json\/wp\/v2\/comments?post=7804"}],"wp:featuredmedia":[{"embeddable":true,"href":"https:\/\/chemgramx.com\/es\/wp-json\/wp\/v2\/media\/7837"}],"wp:attachment":[{"href":"https:\/\/chemgramx.com\/es\/wp-json\/wp\/v2\/media?parent=7804"}],"wp:term":[{"taxonomy":"product_brand","embeddable":true,"href":"https:\/\/chemgramx.com\/es\/wp-json\/wp\/v2\/product_brand?post=7804"},{"taxonomy":"product_cat","embeddable":true,"href":"https:\/\/chemgramx.com\/es\/wp-json\/wp\/v2\/product_cat?post=7804"},{"taxonomy":"product_tag","embeddable":true,"href":"https:\/\/chemgramx.com\/es\/wp-json\/wp\/v2\/product_tag?post=7804"}],"curies":[{"name":"wp","href":"https:\/\/api.w.org\/{rel}","templated":true}]}}