{"id":7808,"date":"2025-11-21T11:21:55","date_gmt":"2025-11-21T11:21:55","guid":{"rendered":"https:\/\/chemgramx.com\/?post_type=product&#038;p=7808"},"modified":"2025-11-21T11:24:11","modified_gmt":"2025-11-21T11:24:11","slug":"comprar-setas-magicas-secas","status":"publish","type":"product","link":"https:\/\/chemgramx.com\/es\/product\/getrocknete-magic-mushrooms-kaufen\/","title":{"rendered":"Comprar setas m\u00e1gicas secas"},"content":{"rendered":"<p class=\"ds-markdown-paragraph\">Descubra nuestra selecci\u00f3n premium de setas m\u00e1gicas deshidratadas. Nuestras setas con psilocibina se recolectan cuidadosamente y se secan con cuidado a bajas temperaturas para conservar de forma \u00f3ptima los valiosos principios activos. Perfectas para experiencias conscientes, pr\u00e1cticas espirituales o microdosis.<\/p>\n<h2 class=\"ds-markdown-paragraph\"><strong>Sus ventajas con nosotros<\/strong><\/h2>\n<ul>\n<li>\n<p class=\"ds-markdown-paragraph\"><strong>Secado suave:<\/strong>\u00a0A bajas temperaturas para conservar los principios activos<\/p>\n<\/li>\n<li>\n<p class=\"ds-markdown-paragraph\"><strong>M\u00e1xima calidad:<\/strong>\u00a0Cuidadosamente ordenados y limpios<\/p>\n<\/li>\n<li>\n<p class=\"ds-markdown-paragraph\"><strong>Diferentes variedades:<\/strong>\u00a0La variedad adecuada para cada nivel de experiencia<\/p>\n<\/li>\n<li>\n<p class=\"ds-markdown-paragraph\"><strong>Vida \u00fatil \u00f3ptima:<\/strong>\u00a0Puede conservarse durante meses si se almacena correctamente<\/p>\n<\/li>\n<\/ul>\n<h2 class=\"ds-markdown-paragraph\"><strong>Nuestras variedades secas m\u00e1s populares<\/strong><\/h2>\n<h3 class=\"ds-markdown-paragraph\"><strong>Profesor de oro (nivel inicial)<\/strong><\/h3>\n<ul>\n<li>\n<p class=\"ds-markdown-paragraph\">Efecto suave pero profundo<\/p>\n<\/li>\n<li>\n<p class=\"ds-markdown-paragraph\">Ideal para las primeras experiencias psicod\u00e9licas<\/p>\n<\/li>\n<li>\n<p class=\"ds-markdown-paragraph\">Especialmente indicado para la pr\u00e1ctica espiritual y la meditaci\u00f3n<\/p>\n<\/li>\n<\/ul>\n<h3 class=\"ds-markdown-paragraph\"><strong>McKennaii (Mediana)<\/strong><\/h3>\n<ul>\n<li>\n<p class=\"ds-markdown-paragraph\">Efectos visuales intensos<\/p>\n<\/li>\n<li>\n<p class=\"ds-markdown-paragraph\">Creatividad y energ\u00eda<\/p>\n<\/li>\n<li>\n<p class=\"ds-markdown-paragraph\">Variedad popular para usuarios experimentados<\/p>\n<\/li>\n<\/ul>\n<h3 class=\"ds-markdown-paragraph\"><strong>Envidia del pene (Fuerte)<\/strong><\/h3>\n<ul>\n<li>\n<p class=\"ds-markdown-paragraph\">Variante muy potente con un fuerte efecto<\/p>\n<\/li>\n<li>\n<p class=\"ds-markdown-paragraph\">Profunda experiencia de expansi\u00f3n mental<\/p>\n<\/li>\n<li>\n<p class=\"ds-markdown-paragraph\">Exclusivamente para usuarios muy experimentados<\/p>\n<\/li>\n<\/ul>\n<h2 class=\"ds-markdown-paragraph\"><strong>\u00bfPor qu\u00e9 setas m\u00e1gicas secas?<\/strong><\/h2>\n<p class=\"ds-markdown-paragraph\">Las setas m\u00e1gicas secas ofrecen numerosos beneficios:<\/p>\n<ul>\n<li>\n<p class=\"ds-markdown-paragraph\"><strong>Larga vida \u00fatil:<\/strong>\u00a0Si se almacena correctamente durante meses<\/p>\n<\/li>\n<li>\n<p class=\"ds-markdown-paragraph\"><strong>Dosificaci\u00f3n sencilla:<\/strong>\u00a0Cantidad exacta debido al peso constante<\/p>\n<\/li>\n<li>\n<p class=\"ds-markdown-paragraph\"><strong>Aplicaci\u00f3n vers\u00e1til:<\/strong>\u00a0Para t\u00e9, c\u00e1psulas o puro<\/p>\n<\/li>\n<li>\n<p class=\"ds-markdown-paragraph\"><strong>Ahorra espacio:<\/strong>\u00a0Volumen significativamente menor que el de las setas frescas<\/p>\n<\/li>\n<\/ul>\n<h2 class=\"ds-markdown-paragraph\"><strong>Almacenamiento y caducidad<\/strong><\/h2>\n<h3 class=\"ds-markdown-paragraph\"><strong>Condiciones \u00f3ptimas de almacenamiento:<\/strong><\/h3>\n<ul>\n<li>\n<p class=\"ds-markdown-paragraph\"><strong>Seco:<\/strong>\u00a0En recipientes herm\u00e9ticos como tarros de conserva<\/p>\n<\/li>\n<li>\n<p class=\"ds-markdown-paragraph\"><strong>Oscuro:<\/strong>\u00a0Almacenar al abrigo de la luz<\/p>\n<\/li>\n<li>\n<p class=\"ds-markdown-paragraph\"><strong>Genial:<\/strong>\u00a0Conservar a temperatura ambiente o refrigerada<\/p>\n<\/li>\n<li>\n<p class=\"ds-markdown-paragraph\"><strong>Durabilidad:<\/strong>\u00a0Al menos 6-12 meses si se almacena correctamente<\/p>\n<\/li>\n<\/ul>\n<h2 class=\"ds-markdown-paragraph\"><strong>Recomendaciones de dosificaci\u00f3n<\/strong><\/h2>\n<h3 class=\"ds-markdown-paragraph\"><strong>Para principiantes:<\/strong><\/h3>\n<ul>\n<li>\n<p class=\"ds-markdown-paragraph\"><strong>Experiencia f\u00e1cil:<\/strong>\u00a00,5 - 1,0 gramo de setas secas<\/p>\n<\/li>\n<li>\n<p class=\"ds-markdown-paragraph\"><strong>Experiencia est\u00e1ndar:<\/strong>\u00a01,0 - 2,0 gramo de setas secas<\/p>\n<\/li>\n<\/ul>\n<h3 class=\"ds-markdown-paragraph\"><strong>Para usuarios experimentados:<\/strong><\/h3>\n<ul>\n<li>\n<p class=\"ds-markdown-paragraph\"><strong>Experiencia intensiva:<\/strong>\u00a02,0 - 3,5 gramos de setas secas<\/p>\n<\/li>\n<li>\n<p class=\"ds-markdown-paragraph\"><strong>Experiencia profunda:<\/strong>\u00a03,5 - 5,0 gramos de setas secas<\/p>\n<\/li>\n<\/ul>\n<p class=\"ds-markdown-paragraph\"><strong>Seguridad y manipulaci\u00f3n responsable<\/strong><\/p>\n<h2 class=\"ds-markdown-paragraph\"><strong>Reglas b\u00e1sicas importantes:<\/strong><\/h2>\n<ul>\n<li>\n<p class=\"ds-markdown-paragraph\"><strong>Set &amp; Setting:<\/strong>\u00a0S\u00f3lo en un ambiente positivo y seguro<\/p>\n<\/li>\n<li>\n<p class=\"ds-markdown-paragraph\"><strong>Tripsitter:<\/strong>\u00a0Siempre un compa\u00f1ero sobrio y de confianza<\/p>\n<\/li>\n<li>\n<p class=\"ds-markdown-paragraph\"><strong>Primera dosis:<\/strong>\u00a0Empezar con peque\u00f1as cantidades<\/p>\n<\/li>\n<li>\n<p class=\"ds-markdown-paragraph\"><strong>Tiempo suficiente:<\/strong>\u00a0Programar de 6 a 8 horas sin obligaciones<\/p>\n<\/li>\n<\/ul>\n<h2 class=\"ds-markdown-paragraph\"><strong>Proceso de pedido sencillo<\/strong><\/h2>\n<ol start=\"1\">\n<li>\n<p class=\"ds-markdown-paragraph\"><strong>Seleccione la variedad:<\/strong>\u00a0Elija su variedad de setas preferida<\/p>\n<\/li>\n<li>\n<p class=\"ds-markdown-paragraph\"><strong>Cantidad fijada:<\/strong>\u00a0Envases de 5 g, 10 g, 20 g o 50 g<\/p>\n<\/li>\n<li>\n<p class=\"ds-markdown-paragraph\"><strong>Pague con seguridad:<\/strong>\u00a0Varias opciones de pago discreto<\/p>\n<\/li>\n<li>\n<p class=\"ds-markdown-paragraph\"><strong>Entrega discreta:<\/strong>\u00a0Embalaje neutro con mensajer\u00eda r\u00e1pida<\/p>\n<\/li>\n<\/ol>\n<h2 class=\"ds-markdown-paragraph\"><strong>Preguntas m\u00e1s frecuentes (FAQ)<\/strong><\/h2>\n<p class=\"ds-markdown-paragraph\"><strong>P: \u00bfQu\u00e9 diferencia hay entre las setas frescas y las secas?<\/strong><br \/>\nR: Las setas secas son unas 10 veces m\u00e1s potentes. 10 g de setas frescas corresponden aproximadamente a 1 g de setas secas.<\/p>\n<p class=\"ds-markdown-paragraph\"><strong>P: \u00bfC\u00f3mo se preparan las setas secas?<\/strong><br \/>\nR: Pueden consumirse puras, en infusi\u00f3n o en c\u00e1psulas.<\/p>\n<p class=\"ds-markdown-paragraph\"><strong>P: \u00bfC\u00f3mo reconozco la buena calidad?<\/strong><br \/>\nR: Las setas secas de alta calidad son desmenuzables, pero no est\u00e1n secas como el polvo, y tienen un color uniforme.<\/p>\n<p class=\"ds-markdown-paragraph\"><strong>P: \u00bfSe pueden estropear las setas secas?<\/strong><br \/>\nR: Pueden enmohecerse si se almacenan incorrectamente. Por tanto, gu\u00e1rdelos siempre en un lugar seco y herm\u00e9tico.<\/p>\n<p class=\"ds-markdown-paragraph\"><strong>P: \u00bfLas setas secas son m\u00e1s potentes que las frescas?<\/strong><br \/>\nR: No, s\u00f3lo est\u00e1n m\u00e1s concentrados. La cantidad de principio activo sigue siendo la misma.<\/p>\n<p class=\"ds-markdown-paragraph\"><strong>Por qu\u00e9 los clientes conf\u00edan en nosotros<\/strong><\/p>\n<ul>\n<li>\n<p class=\"ds-markdown-paragraph\"><strong>A\u00f1os de experiencia:<\/strong>\u00a0M\u00e1s de 5 a\u00f1os en cultivo y distribuci\u00f3n<\/p>\n<\/li>\n<li>\n<p class=\"ds-markdown-paragraph\"><strong>Calidad transparente:<\/strong>\u00a0Regular<a href=\"https:\/\/chemgramx.com\/product\/sweet-island-skunk-16-25-thc\/\"> Controles de calidad<\/a><\/p>\n<\/li>\n<li>\n<p class=\"ds-markdown-paragraph\"><strong>Servicio discreto:<\/strong>\u00a0Confidencialidad absoluta<\/p>\n<\/li>\n<li>\n<p class=\"ds-markdown-paragraph\"><strong>Asesoramiento personalizado:<\/strong>\u00a0Apoyo individual para preguntas<\/p>\n<\/li>\n<\/ul>\n<h2 class=\"ds-markdown-paragraph\"><strong>Descubra hoy mismo el mundo de las setas m\u00e1gicas deshidratadas<\/strong><\/h2>\n<p class=\"ds-markdown-paragraph\">Nuestras setas m\u00e1gicas secas le ofrecen la base perfecta para experiencias conscientes, ya sea para el desarrollo espiritual, los procesos creativos o el autoconocimiento profundo.<\/p>","protected":false},"excerpt":{"rendered":"<p>Comprar setas m\u00e1gicas secas - setas de psilocibina de alta calidad, secadas suavemente. Diferentes variedades y cantidades. Haz tu pedido de forma discreta y segura.<\/p>","protected":false},"featured_media":7841,"comment_status":"open","ping_status":"closed","template":"","meta":{"_joinchat":[]},"product_brand":[],"product_cat":[3192],"product_tag":[2879,2958,2959,2873,2865,2960,2874,2875,2870,2926],"class_list":{"0":"post-7808","1":"product","2":"type-product","3":"status-publish","4":"has-post-thumbnail","6":"product_cat-ketamine","7":"product_tag-bewusstseinserweiternd","8":"product_tag-getrocknete-magic-mushrooms","9":"product_tag-getrocknete-pilze","10":"product_tag-magic-mushrooms-kaufen","11":"product_tag-mikrodosierung","12":"product_tag-pilz-tee","13":"product_tag-psilocybin-pilze","14":"product_tag-psychedelische-pilze","15":"product_tag-psychoaktiv","16":"product_tag-spirituelle-praxis","18":"first","19":"instock","20":"shipping-taxable","21":"purchasable","22":"product-type-variable"},"yoast_head":"<!-- This site is optimized with the Yoast SEO plugin v27.5 - https:\/\/yoast.com\/product\/yoast-seo-wordpress\/ -->\n<title>Getrocknete Magic Mushrooms Kaufen Chemgramx<\/title>\n<meta name=\"description\" content=\"Getrocknete Magic Mushrooms kaufen - hochwertige Psilocybin Pilze, schonend getrocknet. Verschiedene Sorten &amp; Mengen. Diskret &amp; sicher bestellen!\" \/>\n<meta name=\"robots\" content=\"index, follow, max-snippet:-1, max-image-preview:large, max-video-preview:-1\" \/>\n<link rel=\"canonical\" href=\"https:\/\/chemgramx.com\/es\/producto-1\/comprar-setas-magicas-secas\/\" \/>\n<meta property=\"og:locale\" content=\"es_ES\" \/>\n<meta property=\"og:type\" content=\"article\" \/>\n<meta property=\"og:title\" content=\"Getrocknete Magic Mushrooms Kaufen Chemgramx\" \/>\n<meta property=\"og:description\" content=\"Getrocknete Magic Mushrooms kaufen - hochwertige Psilocybin Pilze, schonend getrocknet. Verschiedene Sorten &amp; Mengen. Diskret &amp; sicher bestellen!\" \/>\n<meta property=\"og:url\" content=\"https:\/\/chemgramx.com\/es\/producto-1\/comprar-setas-magicas-secas\/\" \/>\n<meta property=\"og:site_name\" content=\"Chemgramx\" \/>\n<meta property=\"article:modified_time\" content=\"2025-11-21T11:24:11+00:00\" \/>\n<meta property=\"og:image\" content=\"https:\/\/chemgramx.com\/wp-content\/uploads\/2025\/11\/dried-mushroom-buy-organic-gourmet-dried-mushrooms-online-medibo-1024x683.png\" \/>\n\t<meta property=\"og:image:width\" content=\"1024\" \/>\n\t<meta property=\"og:image:height\" content=\"683\" \/>\n\t<meta property=\"og:image:type\" content=\"image\/png\" \/>\n<meta name=\"twitter:card\" content=\"summary_large_image\" \/>\n<meta name=\"twitter:label1\" content=\"Tiempo de lectura\" \/>\n\t<meta name=\"twitter:data1\" content=\"3 minutos\" \/>\n<script type=\"application\/ld+json\" class=\"yoast-schema-graph\">{\"@context\":\"https:\\\/\\\/schema.org\",\"@graph\":[{\"@type\":\"WebPage\",\"@id\":\"https:\\\/\\\/chemgramx.com\\\/product\\\/getrocknete-magic-mushrooms-kaufen\\\/\",\"url\":\"https:\\\/\\\/chemgramx.com\\\/product\\\/getrocknete-magic-mushrooms-kaufen\\\/\",\"name\":\"Getrocknete Magic Mushrooms Kaufen Chemgramx\",\"isPartOf\":{\"@id\":\"https:\\\/\\\/chemgramx.com\\\/#website\"},\"primaryImageOfPage\":{\"@id\":\"https:\\\/\\\/chemgramx.com\\\/product\\\/getrocknete-magic-mushrooms-kaufen\\\/#primaryimage\"},\"image\":{\"@id\":\"https:\\\/\\\/chemgramx.com\\\/product\\\/getrocknete-magic-mushrooms-kaufen\\\/#primaryimage\"},\"thumbnailUrl\":\"https:\\\/\\\/chemgramx.com\\\/wp-content\\\/uploads\\\/2025\\\/11\\\/dried-mushroom-buy-organic-gourmet-dried-mushrooms-online-medibo.png\",\"datePublished\":\"2025-11-21T11:21:55+00:00\",\"dateModified\":\"2025-11-21T11:24:11+00:00\",\"description\":\"Getrocknete Magic Mushrooms kaufen - hochwertige Psilocybin Pilze, schonend getrocknet. Verschiedene Sorten &amp; Mengen. Diskret &amp; sicher bestellen!\",\"breadcrumb\":{\"@id\":\"https:\\\/\\\/chemgramx.com\\\/product\\\/getrocknete-magic-mushrooms-kaufen\\\/#breadcrumb\"},\"inLanguage\":\"es\",\"potentialAction\":[{\"@type\":\"ReadAction\",\"target\":[\"https:\\\/\\\/chemgramx.com\\\/product\\\/getrocknete-magic-mushrooms-kaufen\\\/\"]}]},{\"@type\":\"ImageObject\",\"inLanguage\":\"es\",\"@id\":\"https:\\\/\\\/chemgramx.com\\\/product\\\/getrocknete-magic-mushrooms-kaufen\\\/#primaryimage\",\"url\":\"https:\\\/\\\/chemgramx.com\\\/wp-content\\\/uploads\\\/2025\\\/11\\\/dried-mushroom-buy-organic-gourmet-dried-mushrooms-online-medibo.png\",\"contentUrl\":\"https:\\\/\\\/chemgramx.com\\\/wp-content\\\/uploads\\\/2025\\\/11\\\/dried-mushroom-buy-organic-gourmet-dried-mushrooms-online-medibo.png\",\"width\":1536,\"height\":1024},{\"@type\":\"BreadcrumbList\",\"@id\":\"https:\\\/\\\/chemgramx.com\\\/product\\\/getrocknete-magic-mushrooms-kaufen\\\/#breadcrumb\",\"itemListElement\":[{\"@type\":\"ListItem\",\"position\":1,\"name\":\"Home\",\"item\":\"https:\\\/\\\/chemgramx.com\\\/\"},{\"@type\":\"ListItem\",\"position\":2,\"name\":\"Shop\",\"item\":\"https:\\\/\\\/chemgramx.com\\\/shop\\\/\"},{\"@type\":\"ListItem\",\"position\":3,\"name\":\"Getrocknete Magic Mushrooms kaufen\"}]},{\"@type\":\"WebSite\",\"@id\":\"https:\\\/\\\/chemgramx.com\\\/#website\",\"url\":\"https:\\\/\\\/chemgramx.com\\\/\",\"name\":\"Chemgramx\",\"description\":\"\",\"publisher\":{\"@id\":\"https:\\\/\\\/chemgramx.com\\\/#organization\"},\"potentialAction\":[{\"@type\":\"SearchAction\",\"target\":{\"@type\":\"EntryPoint\",\"urlTemplate\":\"https:\\\/\\\/chemgramx.com\\\/?s={search_term_string}\"},\"query-input\":{\"@type\":\"PropertyValueSpecification\",\"valueRequired\":true,\"valueName\":\"search_term_string\"}}],\"inLanguage\":\"es\"},{\"@type\":\"Organization\",\"@id\":\"https:\\\/\\\/chemgramx.com\\\/#organization\",\"name\":\"Chemgramx\",\"url\":\"https:\\\/\\\/chemgramx.com\\\/\",\"logo\":{\"@type\":\"ImageObject\",\"inLanguage\":\"es\",\"@id\":\"https:\\\/\\\/chemgramx.com\\\/#\\\/schema\\\/logo\\\/image\\\/\",\"url\":\"https:\\\/\\\/chemgramx.com\\\/wp-content\\\/uploads\\\/2024\\\/10\\\/final-logo.png\",\"contentUrl\":\"https:\\\/\\\/chemgramx.com\\\/wp-content\\\/uploads\\\/2024\\\/10\\\/final-logo.png\",\"width\":250,\"height\":48,\"caption\":\"Chemgramx\"},\"image\":{\"@id\":\"https:\\\/\\\/chemgramx.com\\\/#\\\/schema\\\/logo\\\/image\\\/\"}}]}<\/script>\n<!-- \/ Yoast SEO plugin. -->","yoast_head_json":{"title":"Comprar setas m\u00e1gicas secas Chemgramx","description":"Getrocknete Magic Mushrooms kaufen - hochwertige Psilocybin Pilze, schonend getrocknet. Verschiedene Sorten &amp; Mengen. Diskret &amp; sicher bestellen!","robots":{"index":"index","follow":"follow","max-snippet":"max-snippet:-1","max-image-preview":"max-image-preview:large","max-video-preview":"max-video-preview:-1"},"canonical":"https:\/\/chemgramx.com\/es\/producto-1\/comprar-setas-magicas-secas\/","og_locale":"es_ES","og_type":"article","og_title":"Getrocknete Magic Mushrooms Kaufen Chemgramx","og_description":"Getrocknete Magic Mushrooms kaufen - hochwertige Psilocybin Pilze, schonend getrocknet. Verschiedene Sorten &amp; Mengen. Diskret &amp; sicher bestellen!","og_url":"https:\/\/chemgramx.com\/es\/producto-1\/comprar-setas-magicas-secas\/","og_site_name":"Chemgramx","article_modified_time":"2025-11-21T11:24:11+00:00","og_image":[{"width":1024,"height":683,"url":"https:\/\/chemgramx.com\/wp-content\/uploads\/2025\/11\/dried-mushroom-buy-organic-gourmet-dried-mushrooms-online-medibo-1024x683.png","type":"image\/png"}],"twitter_card":"summary_large_image","twitter_misc":{"Tiempo de lectura":"3 minutos"},"schema":{"@context":"https:\/\/schema.org","@graph":[{"@type":"WebPage","@id":"https:\/\/chemgramx.com\/product\/getrocknete-magic-mushrooms-kaufen\/","url":"https:\/\/chemgramx.com\/product\/getrocknete-magic-mushrooms-kaufen\/","name":"Comprar setas m\u00e1gicas secas Chemgramx","isPartOf":{"@id":"https:\/\/chemgramx.com\/#website"},"primaryImageOfPage":{"@id":"https:\/\/chemgramx.com\/product\/getrocknete-magic-mushrooms-kaufen\/#primaryimage"},"image":{"@id":"https:\/\/chemgramx.com\/product\/getrocknete-magic-mushrooms-kaufen\/#primaryimage"},"thumbnailUrl":"https:\/\/chemgramx.com\/wp-content\/uploads\/2025\/11\/dried-mushroom-buy-organic-gourmet-dried-mushrooms-online-medibo.png","datePublished":"2025-11-21T11:21:55+00:00","dateModified":"2025-11-21T11:24:11+00:00","description":"Getrocknete Magic Mushrooms kaufen - hochwertige Psilocybin Pilze, schonend getrocknet. Verschiedene Sorten &amp; Mengen. Diskret &amp; sicher bestellen!","breadcrumb":{"@id":"https:\/\/chemgramx.com\/product\/getrocknete-magic-mushrooms-kaufen\/#breadcrumb"},"inLanguage":"es","potentialAction":[{"@type":"ReadAction","target":["https:\/\/chemgramx.com\/product\/getrocknete-magic-mushrooms-kaufen\/"]}]},{"@type":"ImageObject","inLanguage":"es","@id":"https:\/\/chemgramx.com\/product\/getrocknete-magic-mushrooms-kaufen\/#primaryimage","url":"https:\/\/chemgramx.com\/wp-content\/uploads\/2025\/11\/dried-mushroom-buy-organic-gourmet-dried-mushrooms-online-medibo.png","contentUrl":"https:\/\/chemgramx.com\/wp-content\/uploads\/2025\/11\/dried-mushroom-buy-organic-gourmet-dried-mushrooms-online-medibo.png","width":1536,"height":1024},{"@type":"BreadcrumbList","@id":"https:\/\/chemgramx.com\/product\/getrocknete-magic-mushrooms-kaufen\/#breadcrumb","itemListElement":[{"@type":"ListItem","position":1,"name":"Home","item":"https:\/\/chemgramx.com\/"},{"@type":"ListItem","position":2,"name":"Shop","item":"https:\/\/chemgramx.com\/shop\/"},{"@type":"ListItem","position":3,"name":"Getrocknete Magic Mushrooms kaufen"}]},{"@type":"WebSite","@id":"https:\/\/chemgramx.com\/#website","url":"https:\/\/chemgramx.com\/","name":"Chemgramx","description":"","publisher":{"@id":"https:\/\/chemgramx.com\/#organization"},"potentialAction":[{"@type":"SearchAction","target":{"@type":"EntryPoint","urlTemplate":"https:\/\/chemgramx.com\/?s={search_term_string}"},"query-input":{"@type":"PropertyValueSpecification","valueRequired":true,"valueName":"search_term_string"}}],"inLanguage":"es"},{"@type":"Organization","@id":"https:\/\/chemgramx.com\/#organization","name":"Chemgramx","url":"https:\/\/chemgramx.com\/","logo":{"@type":"ImageObject","inLanguage":"es","@id":"https:\/\/chemgramx.com\/#\/schema\/logo\/image\/","url":"https:\/\/chemgramx.com\/wp-content\/uploads\/2024\/10\/final-logo.png","contentUrl":"https:\/\/chemgramx.com\/wp-content\/uploads\/2024\/10\/final-logo.png","width":250,"height":48,"caption":"Chemgramx"},"image":{"@id":"https:\/\/chemgramx.com\/#\/schema\/logo\/image\/"}}]}},"_links":{"self":[{"href":"https:\/\/chemgramx.com\/es\/wp-json\/wp\/v2\/product\/7808","targetHints":{"allow":["GET"]}}],"collection":[{"href":"https:\/\/chemgramx.com\/es\/wp-json\/wp\/v2\/product"}],"about":[{"href":"https:\/\/chemgramx.com\/es\/wp-json\/wp\/v2\/types\/product"}],"replies":[{"embeddable":true,"href":"https:\/\/chemgramx.com\/es\/wp-json\/wp\/v2\/comments?post=7808"}],"wp:featuredmedia":[{"embeddable":true,"href":"https:\/\/chemgramx.com\/es\/wp-json\/wp\/v2\/media\/7841"}],"wp:attachment":[{"href":"https:\/\/chemgramx.com\/es\/wp-json\/wp\/v2\/media?parent=7808"}],"wp:term":[{"taxonomy":"product_brand","embeddable":true,"href":"https:\/\/chemgramx.com\/es\/wp-json\/wp\/v2\/product_brand?post=7808"},{"taxonomy":"product_cat","embeddable":true,"href":"https:\/\/chemgramx.com\/es\/wp-json\/wp\/v2\/product_cat?post=7808"},{"taxonomy":"product_tag","embeddable":true,"href":"https:\/\/chemgramx.com\/es\/wp-json\/wp\/v2\/product_tag?post=7808"}],"curies":[{"name":"wp","href":"https:\/\/api.w.org\/{rel}","templated":true}]}}