{"id":7811,"date":"2025-11-21T11:21:56","date_gmt":"2025-11-21T11:21:56","guid":{"rendered":"https:\/\/chemgramx.com\/?post_type=product&#038;p=7811"},"modified":"2025-11-21T14:26:38","modified_gmt":"2025-11-21T14:26:38","slug":"comprar-setas-de-mamut-doradas","status":"publish","type":"product","link":"https:\/\/chemgramx.com\/es\/product\/golden-mammoth-mushrooms-kaufen\/","title":{"rendered":"Comprar setas Golden Mammoth"},"content":{"rendered":"<p>El as <b>\u201eSetas mamut doradas\u201c<\/b> variedad conocida es una variaci\u00f3n de una <b>Hongo que contiene psilocibina<\/b>. Los bot\u00e1nicos suelen clasificar esta especie como tipo <i>Psilocybe cubensis<\/i> a. Debido a su caracter\u00edstica <b>tapones amarillo dorado<\/b> y una <b>potencia equilibrada y constante<\/b> conocido en los c\u00edrculos cient\u00edficos. <b>Sin embargo<\/b> es <b>de suma importancia<\/b>, para aclarar este contexto: En Alemania y en muchos otros pa\u00edses, las setas que contienen psilocibina est\u00e1n sujetas a la <b>Ley de estupefacientes (BtMG)<\/b>. <b>En concreto, esto significa<\/b>, que la adquisici\u00f3n, posesi\u00f3n o comercio <b>ilegal<\/b> y ser\u00e1 perseguido por la v\u00eda penal. <b>Por lo tanto<\/b> este an\u00e1lisis detallado sirve <b>exclusivamente con fines cient\u00edficos, bot\u00e1nicos e informativos<\/b> y no constituye una invitaci\u00f3n a comprar ni una recomendaci\u00f3n de consumo.<\/p>\n<h3><b>Fundamentos qu\u00edmicos y bot\u00e1nicos de la variedad<\/b><\/h3>\n<p>La variedad <b>Mamut de oro<\/b> se muestra en el <b>Micolog\u00eda<\/b> (ciencia de los hongos) por su <b>propiedades de cultivo robustas<\/b> y sus <b><a href=\"\/product\/1d-lsd-225mcg-pellets-kaufen\/\">fiable<\/a> Concentraci\u00f3n de psilocibina<\/b> estimado. <b>Este<\/b> lo convierte en un modelo estable en la investigaci\u00f3n.<\/p>\n<h4><b>Los alcaloides ind\u00f3licos psicoactivos<\/b><\/h4>\n<p>El efecto psicoactivo se basa en dos derivados de la triptamina: <b>Psilocibina<\/b> y <b>Psilocina<\/b>. La psilocibina es una sustancia relativamente estable que se encuentra de forma natural en las setas. <b>Derivado de \u00e9ster de \u00e1cido fosf\u00f3rico<\/b>. <b>Por lo tanto<\/b> es la forma que mejor preserva la integridad qu\u00edmica durante el almacenamiento.<\/p>\n<p><b>En cambio<\/b> es <b>Psilocina<\/b> el <b>Compuesto biol\u00f3gicamente activo<\/b>. Tras su ingesti\u00f3n, la psilocibina es r\u00e1pidamente desfosforilada en el organismo por enzimas y convertida en la psilocina activa. <b>Desde Psilocin<\/b> (4-hidroxi-N,N-dimetiltriptamina) el neurotransmisor propio del organismo <b>Serotonina<\/b> (5-HT), puede activarse en el sistema nervioso central. La estructura qu\u00edmica y la similitud molecular con la serotonina son las principales razones del inter\u00e9s neurofarmacol\u00f3gico por esta clase de sustancias.<\/p>\n<h4><b>Potencia y reproducibilidad<\/b><\/h4>\n<p>En el an\u00e1lisis cient\u00edfico, el <b>Consistencia de la potencia<\/b> decisivo. La variedad <b>Mamut de oro<\/b> se caracteriza por un <b>Distribuci\u00f3n uniforme de los principios activos<\/b> en varios lotes. <b>Estos<\/b> <b>Coherencia de los lotes<\/b> es esencial para la <b>Reproducibilidad<\/b> de los resultados de los estudios, especialmente para la dosificaci\u00f3n y los an\u00e1lisis comparativos. <b>De hecho<\/b> la concentraci\u00f3n media de psilocibina en <i>Psilocybe cubensis<\/i> normalmente entre 0,5 % y 1,0 % del peso seco.<\/p>\n<h3><b>La farmacolog\u00eda y la \u201ecurva de efecto suave\u201c<\/b><\/h3>\n<p>El efecto ps\u00edquico de la psilocina se debe a su interacci\u00f3n espec\u00edfica con el cerebro.<\/p>\n<h4><b>Mecanismo de acci\u00f3n\u00a0<\/b><\/h4>\n<p>El principal mecanismo de acci\u00f3n es la <b>agonismo parcial<\/b> en <b>Receptor de serotonina 2A <\/b>. Estos receptores est\u00e1n muy concentrados en zonas corticales, especialmente en el c\u00f3rtex prefrontal. <b>En consecuencia<\/b> la activaci\u00f3n conduce a un <b>aumento de la excitabilidad neuronal<\/b> y una profunda <b>Desorganizaci\u00f3n de la red de modos por defecto (DMN)<\/b>, que es responsable del sentido del yo y de la autopercepci\u00f3n.<\/p>\n<h4><b>Farmacocin\u00e9tica y duraci\u00f3n de la acci\u00f3n<\/b><\/h4>\n<p>Lo descrito <b>\u201ecurva de efecto suave\u201c<\/b> puede explicarse farmacocin\u00e9ticamente. <b>En primer lugar<\/b> la psilocibina debe ser absorbida y luego convertida en psilocina. <b>Este<\/b> El proceso explica el <b>inicio gradual<\/b> del efecto, que suele producirse entre 30 y 60 minutos despu\u00e9s de la ingesti\u00f3n. La duraci\u00f3n total de la acci\u00f3n del <b>Mamut de oro<\/b> se da de 4 a 6 horas, que es la <b>Vida media de la psilocina<\/b> corresponde. La direcci\u00f3n <b>Calidad constante<\/b> de la variedad tambi\u00e9n la predestina para su uso en <b>Protocolos de microdosificaci\u00f3n<\/b>, cuando se requiera una dosificaci\u00f3n precisa y subliminal para estudios de mejora de la cognici\u00f3n.<\/p>\n<h3><b>Relaci\u00f3n dosis-respuesta y precauciones de seguridad necesarias<\/b><\/h3>\n<p>La relaci\u00f3n dosis-respuesta es de vital importancia para los estudios cient\u00edficos y toxicol\u00f3gicos. <b>Es fundamental<\/b>, conocer los efectos potenciales en relaci\u00f3n con la materia seca:<\/p>\n<ul>\n<li><b>Dosis ligeras (1,0 - 1,5 g):<\/b> En los estudios, esta dosis se considera <b>Dosis m\u00ednima<\/b> utilizado. Produce ligeros efectos introspectivos y de mejora del estado de \u00e1nimo.<\/li>\n<li><b>Dosis est\u00e1ndar (1,5 - 2,5 g):<\/b> <b>Estos<\/b> La dosis corresponde a la <b>dosis terap\u00e9utica moderada<\/b> en los protocolos de investigaci\u00f3n cl\u00ednica actuales. Cabe esperar efectos psicol\u00f3gicos pronunciados en este caso.<\/li>\n<li><b>Dosis altas (2,5 - 5,0 g):<\/b> <b>Tal<\/b> Las cantidades conducen a un <b>experiencia profunda<\/b> (comparable a la dosis m\u00edstica). <b>Debido a<\/b> de alta intensidad aqu\u00ed son <b>Estrictas medidas de seguridad<\/b> indispensable.<\/li>\n<\/ul>\n<p><b>Desde una perspectiva \u00e9tica y cient\u00edfica<\/b> Existen normas estrictas para la manipulaci\u00f3n de sustancias potencialmente psicoactivas. <b>Normas b\u00e1sicas<\/b> a cumplir. <b>Esto incluye<\/b> el aseguramiento de un <b>\u201eSet &amp; Setting\u201c<\/b> (entorno psicol\u00f3gico y f\u00edsico), as\u00ed como la presencia de un <b>Tripsitters<\/b> (acompa\u00f1ante sobrio y de confianza).<\/p>\n<h3><b>Cumplimiento legal y \u00e9tico - La naturaleza ilegal<\/b><\/h3>\n<p><b>Resumiendo<\/b> debe explicarse claramente la situaci\u00f3n jur\u00eddica:<\/p>\n<ul>\n<li><b>Clasificaci\u00f3n BtMG:<\/b> <b>Psilocibina y psilocina<\/b> est\u00e1n en Alemania en <b>Anexo I de la Ley sobre estupefacientes<\/b> listado. <b>Se aplican<\/b> como estupefacientes no comercializables.<\/li>\n<li><b>Responsabilidad penal:<\/b> <b>Por lo tanto<\/b> es el <b>Adquisici\u00f3n, posesi\u00f3n, fabricaci\u00f3n o comercio<\/b> con Setas Mamut Doradas <b>ilegal<\/b> y ser\u00e1 procesado.<\/li>\n<li><b>Edicto:<\/b> <b>Todos<\/b> La informaci\u00f3n facilitada, incluidas las tablas de dosificaci\u00f3n y las descripciones del efecto, tienen por objeto <b>fines puramente cient\u00edficos, educativos y de informaci\u00f3n toxicol\u00f3gica<\/b>. <b>Usted<\/b> lugar <b>Ninguna recomendaci\u00f3n, instrucci\u00f3n o solicitud<\/b> por consumo ilegal o manipulaci\u00f3n ilegal.<\/li>\n<\/ul>","protected":false},"excerpt":{"rendered":"<p>Comprar Golden Mammoth Mushrooms - conocida variedad de psilocibina con capuchones dorados. Efecto suave pero profundo, ideal para principiantes y usuarios experimentados. Reci\u00e9n cosechadas y entregadas discretamente.<\/p>","protected":false},"featured_media":7846,"comment_status":"open","ping_status":"closed","template":"","meta":{"_joinchat":[]},"product_brand":[],"product_cat":[3192,53],"product_tag":[2879,2925,2924,2900,2865,2881,2874,2875,2927,2926],"class_list":{"0":"post-7811","1":"product","2":"type-product","3":"status-publish","4":"has-post-thumbnail","6":"product_cat-ketamine","7":"product_cat-dissociatives","8":"product_tag-bewusstseinserweiternd","9":"product_tag-einsteiger-psychedelika","10":"product_tag-golden-mammoth-mushrooms","11":"product_tag-magic-mushrooms","12":"product_tag-mikrodosierung","13":"product_tag-pilze-online-kaufen","14":"product_tag-psilocybin-pilze","15":"product_tag-psychedelische-pilze","16":"product_tag-sanfte-wirkung","17":"product_tag-spirituelle-praxis","19":"first","20":"instock","21":"shipping-taxable","22":"purchasable","23":"product-type-variable"},"yoast_head":"<!-- This site is optimized with the Yoast SEO plugin v27.5 - https:\/\/yoast.com\/product\/yoast-seo-wordpress\/ -->\n<title>Golden Mammoth Mushrooms Kaufen | Premium Psilocybin Chemgramx<\/title>\n<meta name=\"description\" content=\"Golden Mammoth Mushrooms kaufen - beliebte Psilocybin Sorte f\u00fcr spirituelle Erfahrungen. Frisch &amp; diskret. Laborgepr\u00fcfte Qualit\u00e4t. Jetzt entdecken!\" \/>\n<meta name=\"robots\" content=\"index, follow, max-snippet:-1, max-image-preview:large, max-video-preview:-1\" \/>\n<link rel=\"canonical\" href=\"https:\/\/chemgramx.com\/es\/producto-1\/comprar-setas-de-mamut-doradas\/\" \/>\n<meta property=\"og:locale\" content=\"es_ES\" \/>\n<meta property=\"og:type\" content=\"article\" \/>\n<meta property=\"og:title\" content=\"Golden Mammoth Mushrooms Kaufen | Premium Psilocybin Chemgramx\" \/>\n<meta property=\"og:description\" content=\"Golden Mammoth Mushrooms kaufen - beliebte Psilocybin Sorte f\u00fcr spirituelle Erfahrungen. Frisch &amp; diskret. Laborgepr\u00fcfte Qualit\u00e4t. Jetzt entdecken!\" \/>\n<meta property=\"og:url\" content=\"https:\/\/chemgramx.com\/es\/producto-1\/comprar-setas-de-mamut-doradas\/\" \/>\n<meta property=\"og:site_name\" content=\"Chemgramx\" \/>\n<meta property=\"article:modified_time\" content=\"2025-11-21T14:26:38+00:00\" \/>\n<meta property=\"og:image\" content=\"https:\/\/chemgramx.com\/wp-content\/uploads\/2025\/11\/buy-golden-mammoth-mushrooms-online-premium-golden-mammoth-magic-mushrooms.webp\" \/>\n\t<meta property=\"og:image:width\" content=\"768\" \/>\n\t<meta property=\"og:image:height\" content=\"1152\" \/>\n\t<meta property=\"og:image:type\" content=\"image\/webp\" \/>\n<meta name=\"twitter:card\" content=\"summary_large_image\" \/>\n<meta name=\"twitter:label1\" content=\"Tiempo de lectura\" \/>\n\t<meta name=\"twitter:data1\" content=\"4 minutos\" \/>\n<script type=\"application\/ld+json\" class=\"yoast-schema-graph\">{\"@context\":\"https:\\\/\\\/schema.org\",\"@graph\":[{\"@type\":\"WebPage\",\"@id\":\"https:\\\/\\\/chemgramx.com\\\/product\\\/golden-mammoth-mushrooms-kaufen\\\/\",\"url\":\"https:\\\/\\\/chemgramx.com\\\/product\\\/golden-mammoth-mushrooms-kaufen\\\/\",\"name\":\"Golden Mammoth Mushrooms Kaufen | Premium Psilocybin Chemgramx\",\"isPartOf\":{\"@id\":\"https:\\\/\\\/chemgramx.com\\\/#website\"},\"primaryImageOfPage\":{\"@id\":\"https:\\\/\\\/chemgramx.com\\\/product\\\/golden-mammoth-mushrooms-kaufen\\\/#primaryimage\"},\"image\":{\"@id\":\"https:\\\/\\\/chemgramx.com\\\/product\\\/golden-mammoth-mushrooms-kaufen\\\/#primaryimage\"},\"thumbnailUrl\":\"https:\\\/\\\/chemgramx.com\\\/wp-content\\\/uploads\\\/2025\\\/11\\\/buy-golden-mammoth-mushrooms-online-premium-golden-mammoth-magic-mushrooms.webp\",\"datePublished\":\"2025-11-21T11:21:56+00:00\",\"dateModified\":\"2025-11-21T14:26:38+00:00\",\"description\":\"Golden Mammoth Mushrooms kaufen - beliebte Psilocybin Sorte f\u00fcr spirituelle Erfahrungen. Frisch &amp; diskret. Laborgepr\u00fcfte Qualit\u00e4t. Jetzt entdecken!\",\"breadcrumb\":{\"@id\":\"https:\\\/\\\/chemgramx.com\\\/product\\\/golden-mammoth-mushrooms-kaufen\\\/#breadcrumb\"},\"inLanguage\":\"es\",\"potentialAction\":[{\"@type\":\"ReadAction\",\"target\":[\"https:\\\/\\\/chemgramx.com\\\/product\\\/golden-mammoth-mushrooms-kaufen\\\/\"]}]},{\"@type\":\"ImageObject\",\"inLanguage\":\"es\",\"@id\":\"https:\\\/\\\/chemgramx.com\\\/product\\\/golden-mammoth-mushrooms-kaufen\\\/#primaryimage\",\"url\":\"https:\\\/\\\/chemgramx.com\\\/wp-content\\\/uploads\\\/2025\\\/11\\\/buy-golden-mammoth-mushrooms-online-premium-golden-mammoth-magic-mushrooms.webp\",\"contentUrl\":\"https:\\\/\\\/chemgramx.com\\\/wp-content\\\/uploads\\\/2025\\\/11\\\/buy-golden-mammoth-mushrooms-online-premium-golden-mammoth-magic-mushrooms.webp\",\"width\":768,\"height\":1152},{\"@type\":\"BreadcrumbList\",\"@id\":\"https:\\\/\\\/chemgramx.com\\\/product\\\/golden-mammoth-mushrooms-kaufen\\\/#breadcrumb\",\"itemListElement\":[{\"@type\":\"ListItem\",\"position\":1,\"name\":\"Home\",\"item\":\"https:\\\/\\\/chemgramx.com\\\/\"},{\"@type\":\"ListItem\",\"position\":2,\"name\":\"Shop\",\"item\":\"https:\\\/\\\/chemgramx.com\\\/shop\\\/\"},{\"@type\":\"ListItem\",\"position\":3,\"name\":\"Golden Mammoth Mushrooms Kaufen\"}]},{\"@type\":\"WebSite\",\"@id\":\"https:\\\/\\\/chemgramx.com\\\/#website\",\"url\":\"https:\\\/\\\/chemgramx.com\\\/\",\"name\":\"Chemgramx\",\"description\":\"\",\"publisher\":{\"@id\":\"https:\\\/\\\/chemgramx.com\\\/#organization\"},\"potentialAction\":[{\"@type\":\"SearchAction\",\"target\":{\"@type\":\"EntryPoint\",\"urlTemplate\":\"https:\\\/\\\/chemgramx.com\\\/?s={search_term_string}\"},\"query-input\":{\"@type\":\"PropertyValueSpecification\",\"valueRequired\":true,\"valueName\":\"search_term_string\"}}],\"inLanguage\":\"es\"},{\"@type\":\"Organization\",\"@id\":\"https:\\\/\\\/chemgramx.com\\\/#organization\",\"name\":\"Chemgramx\",\"url\":\"https:\\\/\\\/chemgramx.com\\\/\",\"logo\":{\"@type\":\"ImageObject\",\"inLanguage\":\"es\",\"@id\":\"https:\\\/\\\/chemgramx.com\\\/#\\\/schema\\\/logo\\\/image\\\/\",\"url\":\"https:\\\/\\\/chemgramx.com\\\/wp-content\\\/uploads\\\/2024\\\/10\\\/final-logo.png\",\"contentUrl\":\"https:\\\/\\\/chemgramx.com\\\/wp-content\\\/uploads\\\/2024\\\/10\\\/final-logo.png\",\"width\":250,\"height\":48,\"caption\":\"Chemgramx\"},\"image\":{\"@id\":\"https:\\\/\\\/chemgramx.com\\\/#\\\/schema\\\/logo\\\/image\\\/\"}}]}<\/script>\n<!-- \/ Yoast SEO plugin. -->","yoast_head_json":{"title":"Comprar Setas Golden Mammoth | Premium Psilocybin Chemgramx","description":"Golden Mammoth Mushrooms kaufen - beliebte Psilocybin Sorte f\u00fcr spirituelle Erfahrungen. Frisch &amp; diskret. Laborgepr\u00fcfte Qualit\u00e4t. Jetzt entdecken!","robots":{"index":"index","follow":"follow","max-snippet":"max-snippet:-1","max-image-preview":"max-image-preview:large","max-video-preview":"max-video-preview:-1"},"canonical":"https:\/\/chemgramx.com\/es\/producto-1\/comprar-setas-de-mamut-doradas\/","og_locale":"es_ES","og_type":"article","og_title":"Golden Mammoth Mushrooms Kaufen | Premium Psilocybin Chemgramx","og_description":"Golden Mammoth Mushrooms kaufen - beliebte Psilocybin Sorte f\u00fcr spirituelle Erfahrungen. Frisch &amp; diskret. Laborgepr\u00fcfte Qualit\u00e4t. Jetzt entdecken!","og_url":"https:\/\/chemgramx.com\/es\/producto-1\/comprar-setas-de-mamut-doradas\/","og_site_name":"Chemgramx","article_modified_time":"2025-11-21T14:26:38+00:00","og_image":[{"width":768,"height":1152,"url":"https:\/\/chemgramx.com\/wp-content\/uploads\/2025\/11\/buy-golden-mammoth-mushrooms-online-premium-golden-mammoth-magic-mushrooms.webp","type":"image\/webp"}],"twitter_card":"summary_large_image","twitter_misc":{"Tiempo de lectura":"4 minutos"},"schema":{"@context":"https:\/\/schema.org","@graph":[{"@type":"WebPage","@id":"https:\/\/chemgramx.com\/product\/golden-mammoth-mushrooms-kaufen\/","url":"https:\/\/chemgramx.com\/product\/golden-mammoth-mushrooms-kaufen\/","name":"Comprar Setas Golden Mammoth | Premium Psilocybin Chemgramx","isPartOf":{"@id":"https:\/\/chemgramx.com\/#website"},"primaryImageOfPage":{"@id":"https:\/\/chemgramx.com\/product\/golden-mammoth-mushrooms-kaufen\/#primaryimage"},"image":{"@id":"https:\/\/chemgramx.com\/product\/golden-mammoth-mushrooms-kaufen\/#primaryimage"},"thumbnailUrl":"https:\/\/chemgramx.com\/wp-content\/uploads\/2025\/11\/buy-golden-mammoth-mushrooms-online-premium-golden-mammoth-magic-mushrooms.webp","datePublished":"2025-11-21T11:21:56+00:00","dateModified":"2025-11-21T14:26:38+00:00","description":"Golden Mammoth Mushrooms kaufen - beliebte Psilocybin Sorte f\u00fcr spirituelle Erfahrungen. Frisch &amp; diskret. Laborgepr\u00fcfte Qualit\u00e4t. Jetzt entdecken!","breadcrumb":{"@id":"https:\/\/chemgramx.com\/product\/golden-mammoth-mushrooms-kaufen\/#breadcrumb"},"inLanguage":"es","potentialAction":[{"@type":"ReadAction","target":["https:\/\/chemgramx.com\/product\/golden-mammoth-mushrooms-kaufen\/"]}]},{"@type":"ImageObject","inLanguage":"es","@id":"https:\/\/chemgramx.com\/product\/golden-mammoth-mushrooms-kaufen\/#primaryimage","url":"https:\/\/chemgramx.com\/wp-content\/uploads\/2025\/11\/buy-golden-mammoth-mushrooms-online-premium-golden-mammoth-magic-mushrooms.webp","contentUrl":"https:\/\/chemgramx.com\/wp-content\/uploads\/2025\/11\/buy-golden-mammoth-mushrooms-online-premium-golden-mammoth-magic-mushrooms.webp","width":768,"height":1152},{"@type":"BreadcrumbList","@id":"https:\/\/chemgramx.com\/product\/golden-mammoth-mushrooms-kaufen\/#breadcrumb","itemListElement":[{"@type":"ListItem","position":1,"name":"Home","item":"https:\/\/chemgramx.com\/"},{"@type":"ListItem","position":2,"name":"Shop","item":"https:\/\/chemgramx.com\/shop\/"},{"@type":"ListItem","position":3,"name":"Golden Mammoth Mushrooms Kaufen"}]},{"@type":"WebSite","@id":"https:\/\/chemgramx.com\/#website","url":"https:\/\/chemgramx.com\/","name":"Chemgramx","description":"","publisher":{"@id":"https:\/\/chemgramx.com\/#organization"},"potentialAction":[{"@type":"SearchAction","target":{"@type":"EntryPoint","urlTemplate":"https:\/\/chemgramx.com\/?s={search_term_string}"},"query-input":{"@type":"PropertyValueSpecification","valueRequired":true,"valueName":"search_term_string"}}],"inLanguage":"es"},{"@type":"Organization","@id":"https:\/\/chemgramx.com\/#organization","name":"Chemgramx","url":"https:\/\/chemgramx.com\/","logo":{"@type":"ImageObject","inLanguage":"es","@id":"https:\/\/chemgramx.com\/#\/schema\/logo\/image\/","url":"https:\/\/chemgramx.com\/wp-content\/uploads\/2024\/10\/final-logo.png","contentUrl":"https:\/\/chemgramx.com\/wp-content\/uploads\/2024\/10\/final-logo.png","width":250,"height":48,"caption":"Chemgramx"},"image":{"@id":"https:\/\/chemgramx.com\/#\/schema\/logo\/image\/"}}]}},"_links":{"self":[{"href":"https:\/\/chemgramx.com\/es\/wp-json\/wp\/v2\/product\/7811","targetHints":{"allow":["GET"]}}],"collection":[{"href":"https:\/\/chemgramx.com\/es\/wp-json\/wp\/v2\/product"}],"about":[{"href":"https:\/\/chemgramx.com\/es\/wp-json\/wp\/v2\/types\/product"}],"replies":[{"embeddable":true,"href":"https:\/\/chemgramx.com\/es\/wp-json\/wp\/v2\/comments?post=7811"}],"wp:featuredmedia":[{"embeddable":true,"href":"https:\/\/chemgramx.com\/es\/wp-json\/wp\/v2\/media\/7846"}],"wp:attachment":[{"href":"https:\/\/chemgramx.com\/es\/wp-json\/wp\/v2\/media?parent=7811"}],"wp:term":[{"taxonomy":"product_brand","embeddable":true,"href":"https:\/\/chemgramx.com\/es\/wp-json\/wp\/v2\/product_brand?post=7811"},{"taxonomy":"product_cat","embeddable":true,"href":"https:\/\/chemgramx.com\/es\/wp-json\/wp\/v2\/product_cat?post=7811"},{"taxonomy":"product_tag","embeddable":true,"href":"https:\/\/chemgramx.com\/es\/wp-json\/wp\/v2\/product_tag?post=7811"}],"curies":[{"name":"wp","href":"https:\/\/api.w.org\/{rel}","templated":true}]}}