{"id":7813,"date":"2025-11-21T11:21:56","date_gmt":"2025-11-21T11:21:56","guid":{"rendered":"https:\/\/chemgramx.com\/?post_type=product&#038;p=7813"},"modified":"2025-11-21T11:24:11","modified_gmt":"2025-11-21T11:24:11","slug":"comprar-cristales-de-ketamina","status":"publish","type":"product","link":"https:\/\/chemgramx.com\/es\/product\/ketamine-crystals-kaufen\/","title":{"rendered":"Comprar cristales de ketamina"},"content":{"rendered":"<p>La realizaci\u00f3n de estudios neurocient\u00edficos precisos requiere el uso de materiales de la m\u00e1xima calidad y pureza isom\u00e9rica definida. El sitio <b>is\u00f3mero S de la ketamina (<span class=\"math-inline\" data-math=\"ge 98%\">\u00a098%<\/span>)<\/b>, a menudo denominada esketamina, es un reactivo anal\u00edtico especializado que <b>exclusivamente<\/b> est\u00e1 dise\u00f1ado para la investigaci\u00f3n cient\u00edfica en entornos de laboratorio estrictamente controlados. Nuestra forma cristalina de alta pureza garantiza resultados fiables, especialmente en \u00e1reas de investigaci\u00f3n en las que la actividad espec\u00edfica de los is\u00f3meros desempe\u00f1a un papel importante. Dada la <b>Clasificaci\u00f3n como estupefaciente<\/b> la adquisici\u00f3n y manipulaci\u00f3n est\u00e1 sujeta a los protocolos legales y reglamentarios m\u00e1s estrictos.<\/p>\n<h2>Especificaciones qu\u00edmicas y anal\u00edticas<\/h2>\n<p>El is\u00f3mero S de la ketamina es una mol\u00e9cula quiral con una configuraci\u00f3n espec\u00edfica cuya relevancia farmacol\u00f3gica se ve favorecida en la investigaci\u00f3n.<\/p>\n<h3>Especificaciones del is\u00f3mero S<\/h3>\n<p>La forma cristalina de este reactivo es ideal para el an\u00e1lisis gravim\u00e9trico y la preparaci\u00f3n de soluciones madre precisas:<\/p>\n<ul>\n<li><b>Pureza:<\/b> La pureza qu\u00edmica es <span class=\"math-inline\" data-math=\"mathbf{ge 99%}\">99%<\/span>, que corresponde al m\u00e1s alto nivel de calidad farmac\u00e9utica y se confirma mediante an\u00e1lisis HPLC.<\/li>\n<li><b>Pureza del is\u00f3mero:<\/b> La composici\u00f3n esb <span class=\"math-inline\" data-math=\"mathbf{&gt;98%}\">98%}<\/span><b>S-is\u00f3mero<\/b>. Esta elevada pureza isom\u00e9rica es crucial para la investigaci\u00f3n, ya que minimiza la falsificaci\u00f3n de datos por el enanti\u00f3mero R (arketamina).<\/li>\n<li><b>Solubilidad:<\/b> La solubilidad es <b>Excelente en agua y etanol<\/b>, que facilita la preparaci\u00f3n de soluciones de investigaci\u00f3n acuosas y org\u00e1nicas.<\/li>\n<li><b>Punto de fusi\u00f3n:<\/b> El punto de fusi\u00f3n se sit\u00faa en el intervalo <span class=\"math-inline\" data-math=\"mathbf{258-261^circ C}\">258-261 C<\/span>, que es un indicador importante de la gran pureza e integridad cristalina del compuesto.<\/li>\n<\/ul>\n<h3>Garant\u00eda de calidad<\/h3>\n<p>El aseguramiento de la calidad est\u00e1 exhaustiva y plenamente documentado para cumplir los requisitos de las BPL (Buenas Pr\u00e1cticas de Laboratorio):<\/p>\n<ul>\n<li><b>Probado en laboratorio:<\/b> Cada lote es analizado por laboratorios independientes. El sitio <b><a href=\"\/product\/blackberry-kush-bubble-hash-kaufen\/\">completa<\/a> Certificados de an\u00e1lisis<\/b> con cada entrega.<\/li>\n<li><b>Trazabilidad:<\/b> Habr\u00e1 un <b>Trazabilidad<\/b> de todos los lotes, necesario para una documentaci\u00f3n completa en estudios cl\u00ednicos o precl\u00ednicos.<\/li>\n<li><b>Procesos documentados:<\/b> Los procesos de fabricaci\u00f3n est\u00e1n sujetos a <b>sistemas documentados de garant\u00eda de calidad<\/b>, para garantizar una calidad constante y la pureza de los is\u00f3meros.<\/li>\n<\/ul>\n<h2>\u00c1mbitos cient\u00edficos de aplicaci\u00f3n y mecanismo de acci\u00f3n<\/h2>\n<p>El is\u00f3mero S de la ketamina es conocido principalmente por su mecanismo de acci\u00f3n r\u00e1pido y espec\u00edfico, que lo convierte en un reactivo indispensable en neurofarmacolog\u00eda.<\/p>\n<h3>Importancia neurofarmacol\u00f3gica<\/h3>\n<p>La ketamina act\u00faa como <b>antagonista no competitivo<\/b> en <b>Receptor metil-D-aspartato (receptor NMDA)<\/b>, un receptor de glutamato ionotr\u00f3pico. Este bloqueo conduce a una reducci\u00f3n de la transmisi\u00f3n sin\u00e1ptica excitatoria y se considera la base de sus efectos farmacol\u00f3gicos.<\/p>\n<p>La forma cristalina del is\u00f3mero S se utiliza en los siguientes campos de investigaci\u00f3n altamente especializados:<\/p>\n<ul>\n<li><b>Investigaci\u00f3n psiqui\u00e1trica:<\/b> El is\u00f3mero S sirve de modelo para analizar la <b>r\u00e1pida aparici\u00f3n del efecto antidepresivo<\/b>. La investigaci\u00f3n se centra en los mecanismos moleculares subyacentes, como la restauraci\u00f3n de las conexiones sin\u00e1pticas y la modulaci\u00f3n de los procesos neuropl\u00e1sticos.<\/li>\n<li><b>Investigaci\u00f3n del dolor (analgesia):<\/b> Se analiza la sustancia <b>mecanismos de acci\u00f3n analg\u00e9sica<\/b> en particular para analizar el papel del receptor NMDA en las dolencias cr\u00f3nicas y neurop\u00e1ticas.<\/li>\n<li><b>Investigaci\u00f3n neurol\u00f3gica:<\/b> Estudios sobre plasticidad sin\u00e1ptica, neurodegeneraci\u00f3n e investigaci\u00f3n sobre <b>Fen\u00f3menos de conciencia<\/b> utilizar este compuesto para investigar las complejas redes neuronales dependientes del glutamato.<\/li>\n<li><b>An\u00e1lisis bioqu\u00edmico:<\/b> El material de alta pureza es ideal para <b>Estudios de receptores y determinaciones de la afinidad de uni\u00f3n<\/b>, para cartografiar la interacci\u00f3n con otros receptores monoamin\u00e9rgicos.<\/li>\n<\/ul>\n<h2>Instrucciones de seguridad y marco reglamentario<\/h2>\n<p>Debido a la clasificaci\u00f3n de la ketamina como <b>Narc\u00f3ticos<\/b> Es obligatorio cumplir las normas legales y de seguridad m\u00e1s estrictas.<\/p>\n<h2>Protocolos de seguridad de laboratorio obligatorios<\/h2>\n<p>La manipulaci\u00f3n de este potente material requiere el m\u00e1ximo cuidado:<\/p>\n<ul>\n<li><b>Personal:<\/b> El uso es <b>s\u00f3lo para personal cualificado<\/b> con la experiencia y la autorizaci\u00f3n adecuadas.<\/li>\n<li><b>Equipo de protecci\u00f3n:<\/b> El uso de <b>Guantes de laboratorio y gafas de seguridad<\/b> es obligatorio.<\/li>\n<li><b>Entorno de trabajo:<\/b> El polvo debe manipularse bajo <b>Condiciones de la sala blanca<\/b> o en un <b>Vitrina de gases qu\u00edmicos<\/b> para evitar la exposici\u00f3n.<\/li>\n<li><b>Eliminaci\u00f3n:<\/b> En <b>Eliminaci\u00f3n adecuada<\/b> debe llevarse a cabo de conformidad con las directrices aplicables en materia de anest\u00e9sicos y residuos qu\u00edmicos.<\/li>\n<\/ul>\n<h2>Requisitos legales y de compra<\/h2>\n<h3>La compra del material est\u00e1 estrictamente regulada:<\/h3>\n<ul>\n<li><b>Entrega:<\/b> La entrega tiene lugar <b>exclusivamente a instituciones de investigaci\u00f3n y empresas documentadas<\/b> con las autorizaciones pertinentes. <b>Quedan excluidas las entregas a particulares.<\/b><\/li>\n<li><b>Requisito de pedido:<\/b> Es la <b>Prueba de la organizaci\u00f3n de la investigaci\u00f3n<\/b> y el <b>Documentaci\u00f3n del proyecto cient\u00edfico<\/b> necesario.<\/li>\n<\/ul>\n<h2>Almacenamiento optimizado y disponibilidad de productos<\/h2>\n<p>La forma cristalina del is\u00f3mero S es estable, pero requiere sencillas instrucciones de almacenamiento para mantener su pureza.<\/p>\n<ul>\n<li><b>Almacenamiento:<\/b> La sustancia es <b>Seco y protegido de la luz a temperatura ambiente<\/b> almacenar. No requiere condiciones extremas de refrigeraci\u00f3n.<\/li>\n<li><b>Contenedor:<\/b> Cierre herm\u00e9tico y etiquetado claro.<\/li>\n<\/ul>\n<p><b>Variantes de productos de un vistazo:<\/b><\/p>\n<ul>\n<li><b>250 gramos:<\/b> Ideal para estudios piloto y desarrollo de m\u00e9todos.<\/li>\n<li><b>500 gramos:<\/b> Envase econ\u00f3mico para proyectos de investigaci\u00f3n a largo plazo.<\/li>\n<li><b>1000 gramos:<\/b> Envase rentable a granel, ideal para grupos de investigaci\u00f3n con gran demanda.<\/li>\n<\/ul>\n<p><b>Aviso legal:<\/b> Este producto es <b>exclusivamente con fines de investigaci\u00f3n<\/b> en instituciones cient\u00edficas. La compra confirma el estricto cumplimiento de todas las leyes locales y nacionales sobre estupefacientes.<\/p>","protected":false},"excerpt":{"rendered":"<p>Comprar Cristales de Ketamina en 99% pureza farmac\u00e9utica. Nuestra Ketamina S-Isomer est\u00e1 probada en laboratorio y destinada a fines de investigaci\u00f3n cient\u00edfica. Discreta y segura con certificado de an\u00e1lisis.<\/p>","protected":false},"featured_media":7848,"comment_status":"open","ping_status":"closed","template":"","meta":{"_joinchat":[]},"product_brand":[],"product_cat":[3192],"product_tag":[2915,2916,2911,2907,2904,2913,2917,2910,2906,2914],"class_list":{"0":"post-7813","1":"product","2":"type-product","3":"status-publish","4":"has-post-thumbnail","6":"product_cat-ketamine","7":"product_tag-99-reinheit","8":"product_tag-analgetika-studien","9":"product_tag-bewusstseinsforschung","10":"product_tag-forschungschemikalie","11":"product_tag-ketamin-forschung","12":"product_tag-ketamine-crystals","13":"product_tag-laborchemikalie","14":"product_tag-neurologische-forschung","15":"product_tag-pharmazeutische-qualitaet","16":"product_tag-s-isomer-ketamin","18":"first","19":"instock","20":"shipping-taxable","21":"purchasable","22":"product-type-variable"},"yoast_head":"<!-- This site is optimized with the Yoast SEO plugin v27.5 - https:\/\/yoast.com\/product\/yoast-seo-wordpress\/ -->\n<title>Ketamine Crystals Kaufen Chemgramx<\/title>\n<meta name=\"description\" content=\"Ketamine Crystals kaufen - 99% reines S-Isomer, laborgepr\u00fcft &amp; f\u00fcr Forschungszwecke. Pharmazeutische Qualit\u00e4t, diskreter Versand. Jetzt bestellen!\" \/>\n<meta name=\"robots\" content=\"index, follow, max-snippet:-1, max-image-preview:large, max-video-preview:-1\" \/>\n<link rel=\"canonical\" href=\"https:\/\/chemgramx.com\/es\/producto-1\/comprar-cristales-de-ketamina\/\" \/>\n<meta property=\"og:locale\" content=\"es_ES\" \/>\n<meta property=\"og:type\" content=\"article\" \/>\n<meta property=\"og:title\" content=\"Ketamine Crystals Kaufen Chemgramx\" \/>\n<meta property=\"og:description\" content=\"Ketamine Crystals kaufen - 99% reines S-Isomer, laborgepr\u00fcft &amp; f\u00fcr Forschungszwecke. Pharmazeutische Qualit\u00e4t, diskreter Versand. Jetzt bestellen!\" \/>\n<meta property=\"og:url\" content=\"https:\/\/chemgramx.com\/es\/producto-1\/comprar-cristales-de-ketamina\/\" \/>\n<meta property=\"og:site_name\" content=\"Chemgramx\" \/>\n<meta property=\"article:modified_time\" content=\"2025-11-21T11:24:11+00:00\" \/>\n<meta property=\"og:image\" content=\"https:\/\/chemgramx.com\/wp-content\/uploads\/2025\/11\/buy-ketamine-crystals-online-100-pure-pharmaceutical-grade-ketamine-for.jpeg\" \/>\n\t<meta property=\"og:image:width\" content=\"300\" \/>\n\t<meta property=\"og:image:height\" content=\"300\" \/>\n\t<meta property=\"og:image:type\" content=\"image\/jpeg\" \/>\n<meta name=\"twitter:card\" content=\"summary_large_image\" \/>\n<meta name=\"twitter:label1\" content=\"Tiempo de lectura\" \/>\n\t<meta name=\"twitter:data1\" content=\"4 minutos\" \/>\n<script type=\"application\/ld+json\" class=\"yoast-schema-graph\">{\"@context\":\"https:\\\/\\\/schema.org\",\"@graph\":[{\"@type\":\"WebPage\",\"@id\":\"https:\\\/\\\/chemgramx.com\\\/product\\\/ketamine-crystals-kaufen\\\/\",\"url\":\"https:\\\/\\\/chemgramx.com\\\/product\\\/ketamine-crystals-kaufen\\\/\",\"name\":\"Ketamine Crystals Kaufen Chemgramx\",\"isPartOf\":{\"@id\":\"https:\\\/\\\/chemgramx.com\\\/#website\"},\"primaryImageOfPage\":{\"@id\":\"https:\\\/\\\/chemgramx.com\\\/product\\\/ketamine-crystals-kaufen\\\/#primaryimage\"},\"image\":{\"@id\":\"https:\\\/\\\/chemgramx.com\\\/product\\\/ketamine-crystals-kaufen\\\/#primaryimage\"},\"thumbnailUrl\":\"https:\\\/\\\/chemgramx.com\\\/wp-content\\\/uploads\\\/2025\\\/11\\\/buy-ketamine-crystals-online-100-pure-pharmaceutical-grade-ketamine-for.jpeg\",\"datePublished\":\"2025-11-21T11:21:56+00:00\",\"dateModified\":\"2025-11-21T11:24:11+00:00\",\"description\":\"Ketamine Crystals kaufen - 99% reines S-Isomer, laborgepr\u00fcft &amp; f\u00fcr Forschungszwecke. Pharmazeutische Qualit\u00e4t, diskreter Versand. Jetzt bestellen!\",\"breadcrumb\":{\"@id\":\"https:\\\/\\\/chemgramx.com\\\/product\\\/ketamine-crystals-kaufen\\\/#breadcrumb\"},\"inLanguage\":\"es\",\"potentialAction\":[{\"@type\":\"ReadAction\",\"target\":[\"https:\\\/\\\/chemgramx.com\\\/product\\\/ketamine-crystals-kaufen\\\/\"]}]},{\"@type\":\"ImageObject\",\"inLanguage\":\"es\",\"@id\":\"https:\\\/\\\/chemgramx.com\\\/product\\\/ketamine-crystals-kaufen\\\/#primaryimage\",\"url\":\"https:\\\/\\\/chemgramx.com\\\/wp-content\\\/uploads\\\/2025\\\/11\\\/buy-ketamine-crystals-online-100-pure-pharmaceutical-grade-ketamine-for.jpeg\",\"contentUrl\":\"https:\\\/\\\/chemgramx.com\\\/wp-content\\\/uploads\\\/2025\\\/11\\\/buy-ketamine-crystals-online-100-pure-pharmaceutical-grade-ketamine-for.jpeg\",\"width\":300,\"height\":300},{\"@type\":\"BreadcrumbList\",\"@id\":\"https:\\\/\\\/chemgramx.com\\\/product\\\/ketamine-crystals-kaufen\\\/#breadcrumb\",\"itemListElement\":[{\"@type\":\"ListItem\",\"position\":1,\"name\":\"Home\",\"item\":\"https:\\\/\\\/chemgramx.com\\\/\"},{\"@type\":\"ListItem\",\"position\":2,\"name\":\"Shop\",\"item\":\"https:\\\/\\\/chemgramx.com\\\/shop\\\/\"},{\"@type\":\"ListItem\",\"position\":3,\"name\":\"Ketamine Crystals kaufen\"}]},{\"@type\":\"WebSite\",\"@id\":\"https:\\\/\\\/chemgramx.com\\\/#website\",\"url\":\"https:\\\/\\\/chemgramx.com\\\/\",\"name\":\"Chemgramx\",\"description\":\"\",\"publisher\":{\"@id\":\"https:\\\/\\\/chemgramx.com\\\/#organization\"},\"potentialAction\":[{\"@type\":\"SearchAction\",\"target\":{\"@type\":\"EntryPoint\",\"urlTemplate\":\"https:\\\/\\\/chemgramx.com\\\/?s={search_term_string}\"},\"query-input\":{\"@type\":\"PropertyValueSpecification\",\"valueRequired\":true,\"valueName\":\"search_term_string\"}}],\"inLanguage\":\"es\"},{\"@type\":\"Organization\",\"@id\":\"https:\\\/\\\/chemgramx.com\\\/#organization\",\"name\":\"Chemgramx\",\"url\":\"https:\\\/\\\/chemgramx.com\\\/\",\"logo\":{\"@type\":\"ImageObject\",\"inLanguage\":\"es\",\"@id\":\"https:\\\/\\\/chemgramx.com\\\/#\\\/schema\\\/logo\\\/image\\\/\",\"url\":\"https:\\\/\\\/chemgramx.com\\\/wp-content\\\/uploads\\\/2024\\\/10\\\/final-logo.png\",\"contentUrl\":\"https:\\\/\\\/chemgramx.com\\\/wp-content\\\/uploads\\\/2024\\\/10\\\/final-logo.png\",\"width\":250,\"height\":48,\"caption\":\"Chemgramx\"},\"image\":{\"@id\":\"https:\\\/\\\/chemgramx.com\\\/#\\\/schema\\\/logo\\\/image\\\/\"}}]}<\/script>\n<!-- \/ Yoast SEO plugin. -->","yoast_head_json":{"title":"Cristales de Ketamina Comprar Chemgramx","description":"Ketamine Crystals kaufen - 99% reines S-Isomer, laborgepr\u00fcft &amp; f\u00fcr Forschungszwecke. Pharmazeutische Qualit\u00e4t, diskreter Versand. Jetzt bestellen!","robots":{"index":"index","follow":"follow","max-snippet":"max-snippet:-1","max-image-preview":"max-image-preview:large","max-video-preview":"max-video-preview:-1"},"canonical":"https:\/\/chemgramx.com\/es\/producto-1\/comprar-cristales-de-ketamina\/","og_locale":"es_ES","og_type":"article","og_title":"Ketamine Crystals Kaufen Chemgramx","og_description":"Ketamine Crystals kaufen - 99% reines S-Isomer, laborgepr\u00fcft &amp; f\u00fcr Forschungszwecke. Pharmazeutische Qualit\u00e4t, diskreter Versand. Jetzt bestellen!","og_url":"https:\/\/chemgramx.com\/es\/producto-1\/comprar-cristales-de-ketamina\/","og_site_name":"Chemgramx","article_modified_time":"2025-11-21T11:24:11+00:00","og_image":[{"width":300,"height":300,"url":"https:\/\/chemgramx.com\/wp-content\/uploads\/2025\/11\/buy-ketamine-crystals-online-100-pure-pharmaceutical-grade-ketamine-for.jpeg","type":"image\/jpeg"}],"twitter_card":"summary_large_image","twitter_misc":{"Tiempo de lectura":"4 minutos"},"schema":{"@context":"https:\/\/schema.org","@graph":[{"@type":"WebPage","@id":"https:\/\/chemgramx.com\/product\/ketamine-crystals-kaufen\/","url":"https:\/\/chemgramx.com\/product\/ketamine-crystals-kaufen\/","name":"Cristales de Ketamina Comprar Chemgramx","isPartOf":{"@id":"https:\/\/chemgramx.com\/#website"},"primaryImageOfPage":{"@id":"https:\/\/chemgramx.com\/product\/ketamine-crystals-kaufen\/#primaryimage"},"image":{"@id":"https:\/\/chemgramx.com\/product\/ketamine-crystals-kaufen\/#primaryimage"},"thumbnailUrl":"https:\/\/chemgramx.com\/wp-content\/uploads\/2025\/11\/buy-ketamine-crystals-online-100-pure-pharmaceutical-grade-ketamine-for.jpeg","datePublished":"2025-11-21T11:21:56+00:00","dateModified":"2025-11-21T11:24:11+00:00","description":"Ketamine Crystals kaufen - 99% reines S-Isomer, laborgepr\u00fcft &amp; f\u00fcr Forschungszwecke. Pharmazeutische Qualit\u00e4t, diskreter Versand. Jetzt bestellen!","breadcrumb":{"@id":"https:\/\/chemgramx.com\/product\/ketamine-crystals-kaufen\/#breadcrumb"},"inLanguage":"es","potentialAction":[{"@type":"ReadAction","target":["https:\/\/chemgramx.com\/product\/ketamine-crystals-kaufen\/"]}]},{"@type":"ImageObject","inLanguage":"es","@id":"https:\/\/chemgramx.com\/product\/ketamine-crystals-kaufen\/#primaryimage","url":"https:\/\/chemgramx.com\/wp-content\/uploads\/2025\/11\/buy-ketamine-crystals-online-100-pure-pharmaceutical-grade-ketamine-for.jpeg","contentUrl":"https:\/\/chemgramx.com\/wp-content\/uploads\/2025\/11\/buy-ketamine-crystals-online-100-pure-pharmaceutical-grade-ketamine-for.jpeg","width":300,"height":300},{"@type":"BreadcrumbList","@id":"https:\/\/chemgramx.com\/product\/ketamine-crystals-kaufen\/#breadcrumb","itemListElement":[{"@type":"ListItem","position":1,"name":"Home","item":"https:\/\/chemgramx.com\/"},{"@type":"ListItem","position":2,"name":"Shop","item":"https:\/\/chemgramx.com\/shop\/"},{"@type":"ListItem","position":3,"name":"Ketamine Crystals kaufen"}]},{"@type":"WebSite","@id":"https:\/\/chemgramx.com\/#website","url":"https:\/\/chemgramx.com\/","name":"Chemgramx","description":"","publisher":{"@id":"https:\/\/chemgramx.com\/#organization"},"potentialAction":[{"@type":"SearchAction","target":{"@type":"EntryPoint","urlTemplate":"https:\/\/chemgramx.com\/?s={search_term_string}"},"query-input":{"@type":"PropertyValueSpecification","valueRequired":true,"valueName":"search_term_string"}}],"inLanguage":"es"},{"@type":"Organization","@id":"https:\/\/chemgramx.com\/#organization","name":"Chemgramx","url":"https:\/\/chemgramx.com\/","logo":{"@type":"ImageObject","inLanguage":"es","@id":"https:\/\/chemgramx.com\/#\/schema\/logo\/image\/","url":"https:\/\/chemgramx.com\/wp-content\/uploads\/2024\/10\/final-logo.png","contentUrl":"https:\/\/chemgramx.com\/wp-content\/uploads\/2024\/10\/final-logo.png","width":250,"height":48,"caption":"Chemgramx"},"image":{"@id":"https:\/\/chemgramx.com\/#\/schema\/logo\/image\/"}}]}},"_links":{"self":[{"href":"https:\/\/chemgramx.com\/es\/wp-json\/wp\/v2\/product\/7813","targetHints":{"allow":["GET"]}}],"collection":[{"href":"https:\/\/chemgramx.com\/es\/wp-json\/wp\/v2\/product"}],"about":[{"href":"https:\/\/chemgramx.com\/es\/wp-json\/wp\/v2\/types\/product"}],"replies":[{"embeddable":true,"href":"https:\/\/chemgramx.com\/es\/wp-json\/wp\/v2\/comments?post=7813"}],"wp:featuredmedia":[{"embeddable":true,"href":"https:\/\/chemgramx.com\/es\/wp-json\/wp\/v2\/media\/7848"}],"wp:attachment":[{"href":"https:\/\/chemgramx.com\/es\/wp-json\/wp\/v2\/media?parent=7813"}],"wp:term":[{"taxonomy":"product_brand","embeddable":true,"href":"https:\/\/chemgramx.com\/es\/wp-json\/wp\/v2\/product_brand?post=7813"},{"taxonomy":"product_cat","embeddable":true,"href":"https:\/\/chemgramx.com\/es\/wp-json\/wp\/v2\/product_cat?post=7813"},{"taxonomy":"product_tag","embeddable":true,"href":"https:\/\/chemgramx.com\/es\/wp-json\/wp\/v2\/product_tag?post=7813"}],"curies":[{"name":"wp","href":"https:\/\/api.w.org\/{rel}","templated":true}]}}