{"id":7814,"date":"2025-11-21T11:21:57","date_gmt":"2025-11-21T11:21:57","guid":{"rendered":"https:\/\/chemgramx.com\/?post_type=product&#038;p=7814"},"modified":"2025-11-21T11:24:12","modified_gmt":"2025-11-21T11:24:12","slug":"comprar-ketamina-vial","status":"publish","type":"product","link":"https:\/\/chemgramx.com\/es\/product\/ketamine-vial-kaufen\/","title":{"rendered":"Comprar Ketamina Vial"},"content":{"rendered":"<p>La integridad de su investigaci\u00f3n es nuestra m\u00e1xima prioridad. Nuestros viales ofrecen ventajas espec\u00edficas que los diferencian de los productos qu\u00edmicos de laboratorio est\u00e1ndar. Estas ventajas son el resultado de nuestro enfoque constante en la pureza y la seguridad.<\/p>\n<h2><b>Caracter\u00edsticas de calidad inigualables al detalle<\/b><\/h2>\n<p>Aplicamos estrictos protocolos de producci\u00f3n para garantizar la m\u00e1xima coherencia. <b>Adem\u00e1s<\/b> nuestras caracter\u00edsticas de calidad m\u00e1s importantes est\u00e1n ampliamente documentadas:<\/p>\n<ul>\n<li><b>99% Pureza farmac\u00e9utica:<\/b> Es el nivel de calidad m\u00e1s alto que se puede alcanzar. El nivel de pureza de <span class=\"math-inline\" data-math=\"ge 99%\">\u00a099% <\/span>se caracteriza por <b>HPLC<\/b> (Cromatograf\u00eda l\u00edquida de alta resoluci\u00f3n).<\/li>\n<li><b>Relleno est\u00e9ril:<\/b> La producci\u00f3n se realiza en estrictas condiciones de sala blanca. <b>En consecuencia<\/b> se minimiza el riesgo de contaminaci\u00f3n.<\/li>\n<li><b>Filtrado varias veces:<\/b> El producto no contiene part\u00edculas y es est\u00e9ril. La esterilidad est\u00e1 garantizada por un <b>Filtro de 0,22\u03bcm<\/b> garantizado.<\/li>\n<li><b>Certificado de laboratorio:<\/b> Cada lote tiene <a href=\"\/product\/promal-methallylescaline-21mg-pellets-kaufen\/\"><b>Certificados de an\u00e1lisis<\/b> <\/a>(CoA).<\/li>\n<li><b>Valor del pH:<\/b> El principio activo est\u00e1 tamponado para una estabilidad m\u00e1xima y un almacenamiento a largo plazo.<\/li>\n<\/ul>\n<p>Estas propiedades garantizan que pueda <b>Comprar Ketamina Vial<\/b> un producto capaz de soportar los procedimientos anal\u00edticos m\u00e1s exigentes.<\/p>\n<h2>Especificaciones de productos para sus necesidades de investigaci\u00f3n<\/h2>\n<p>Ofrecemos dos tama\u00f1os comunes para satisfacer las distintas necesidades de los laboratorios. Ambas variantes contienen la misma calidad garantizada.<\/p>\n<p>Los viales est\u00e1n sellados en envases est\u00e9riles desechables, lo que optimiza la manipulaci\u00f3n y la seguridad en el laboratorio.<\/p>\n<h2><b>Notas importantes sobre la aplicaci\u00f3n<\/b> y <b>Conformidad jur\u00eddica<\/b><\/h2>\n<p>El cumplimiento de las instrucciones de uso es esencial para la integridad cient\u00edfica y la <b>Conformidad jur\u00eddica<\/b> esenciales. Nuestros viales est\u00e1n destinados exclusivamente a fines espec\u00edficos. <b>Por lo tanto<\/b> la exacci\u00f3n est\u00e1 estrictamente regulada.<\/p>\n<h2><b>Uso exclusivo previsto<\/b><\/h2>\n<p>Nuestra <b>Viales de ketamina Investigaci\u00f3n<\/b> no est\u00e1n destinados a un uso m\u00e9dico. Est\u00e1n destinados exclusivamente a los siguientes fines:<\/p>\n<ul>\n<li>Estudios farmacol\u00f3gicos.<\/li>\n<li>Investigaci\u00f3n bioqu\u00edmica y m\u00e9todos anal\u00edticos.<\/li>\n<li>Ex\u00e1menes cl\u00ednicos (en estricto cumplimiento de la legislaci\u00f3n nacional).<\/li>\n<\/ul>\n<h2><b>No apto para<\/b><\/h2>\n<p>Para evitar abusos, lo indicamos claramente:<\/p>\n<ul>\n<li><b>Medicina humana o veterinaria:<\/b> Los viales no est\u00e1n autorizados para inyecci\u00f3n o uso en organismos vivos.<\/li>\n<li><b>Aplicaci\u00f3n recreativa<\/b> o tratamiento posterior no autorizado.<\/li>\n<\/ul>\n<p>Todo el proceso de pedido est\u00e1 dise\u00f1ado para garantizar el cumplimiento de estos requisitos. <b>Esto incluye<\/b> excluye categ\u00f3ricamente la entrega a particulares.<\/p>\n<h2><b>Seguridad, log\u00edstica y proceso de pedido<\/b><\/h2>\n<p>La seguridad y la transparencia son las piedras angulares de nuestro sistema de pedidos. <b>As\u00ed<\/b> nos aseguramos de que s\u00f3lo <b>investigadores cualificados<\/b> y <b>instituciones de investigaci\u00f3n documentadas<\/b> puede adquirir nuestros productos.<\/p>\n<h2><b>Precauciones de seguridad esenciales<\/b><\/h2>\n<p>La manipulaci\u00f3n del principio activo puro requiere el m\u00e1ximo cuidado. <b>En consecuencia<\/b> deben observarse las siguientes instrucciones de seguridad:<\/p>\n<ul>\n<li>S\u00f3lo se permite trabajar a investigadores cualificados.<\/li>\n<li>El cumplimiento de las condiciones de trabajo est\u00e9riles es obligatorio.<\/li>\n<li><b>Adem\u00e1s<\/b> se requiere ropa protectora para evitar el contacto directo.<\/li>\n<li>La eliminaci\u00f3n debe llevarse a cabo de conformidad con la normativa de la Ordenanza de Sustancias Peligrosas.<\/li>\n<\/ul>\n<h2><b>Proceso de pedido Para instituciones de investigaci\u00f3n<\/b><\/h2>\n<p>Es necesario un procedimiento claramente definido para organizar el proceso con eficacia y garantizar la legalidad:<\/p>\n<ol start=\"1\">\n<li><b>Selecci\u00f3n de variantes:<\/b> Determine el tama\u00f1o necesario (viales est\u00e9riles de 10 ml o 50 ml).<\/li>\n<li><b>Cantidad:<\/b> Introduzca el n\u00famero de viales necesarios.<\/li>\n<li><b>Certificado del Instituto:<\/b> Se trata de un <b>Documentaci\u00f3n de la organizaci\u00f3n de la investigaci\u00f3n<\/b> necesario. <b>Por ejemplo<\/b> prueba de registro de empresa o licencia de investigaci\u00f3n.<\/li>\n<li><b>Despacho profesional:<\/b> El env\u00edo es discreto y, si es necesario, a temperatura controlada.<\/li>\n<\/ol>\n<h2><b>Garant\u00eda de calidad y transparencia<\/b><\/h2>\n<p>Nuestra <b>Garant\u00eda de calidad<\/b> es completa. Incluye <b>Trazabilidad de los lotes<\/b>, pruebas peri\u00f3dicas de estabilidad y controles de calidad documentados. Seguimos pr\u00e1cticas de fabricaci\u00f3n conformes para <b>Excelencia cient\u00edfica<\/b> apoyo. <b>Adem\u00e1s<\/b> se realizan controles microbiol\u00f3gicos para confirmar la garant\u00eda de esterilidad.<\/p>\n<h2><b>Conclusi\u00f3n:<\/b><\/h2>\n<p>Si usted <b>Comprar Ketamina Vial<\/b> para los procesos neurol\u00f3gicos, la investigaci\u00f3n del dolor o los fen\u00f3menos de la conciencia, la elecci\u00f3n de la fuente es crucial. Nuestros productos ofrecen la pureza, esterilidad y documentaci\u00f3n necesarias para <b>Investigaci\u00f3n seria<\/b>. <b>Por \u00faltimo<\/b> le garantizamos un proceso de pedido seguro, legal y profesional.<\/p>","protected":false},"excerpt":{"rendered":"<p>Comprar viales de Ketamina de calidad farmac\u00e9utica. 99% Ketamina pura y est\u00e9ril para fines de investigaci\u00f3n. Probada en laboratorio, multifiltrada y envasada en viales est\u00e9riles. Discreto y seguro.<\/p>","protected":false},"featured_media":7849,"comment_status":"open","ping_status":"closed","template":"","meta":{"_joinchat":[]},"product_brand":[],"product_cat":[3192],"product_tag":[2912,2911,2907,2909,2904,2903,2908,2910,2906,2905],"class_list":{"0":"post-7814","1":"product","2":"type-product","3":"status-publish","4":"has-post-thumbnail","6":"product_cat-ketamine","7":"product_tag-analgetika-forschung","8":"product_tag-bewusstseinsforschung","9":"product_tag-forschungschemikalie","10":"product_tag-hplc-gereinigt","11":"product_tag-ketamin-forschung","12":"product_tag-ketamine-vial","13":"product_tag-laborbedarf","14":"product_tag-neurologische-forschung","15":"product_tag-pharmazeutische-qualitaet","16":"product_tag-steriles-ketamin","18":"first","19":"instock","20":"shipping-taxable","21":"purchasable","22":"product-type-variable"},"yoast_head":"<!-- This site is optimized with the Yoast SEO plugin v27.5 - https:\/\/yoast.com\/product\/yoast-seo-wordpress\/ -->\n<title>Ketamine Vial Kaufen | 99% Reinheit | Steril &amp; Laborgepr\u00fcft Chemgramx<\/title>\n<meta name=\"description\" content=\"Ketamine Vial kaufen mit 99% Reinheit. Steril gefiltert, laborgepr\u00fcft &amp; f\u00fcr Forschungszwecke. Diskret &amp; sicher. Pharmazeutische Qualit\u00e4t.\" \/>\n<meta name=\"robots\" content=\"index, follow, max-snippet:-1, max-image-preview:large, max-video-preview:-1\" \/>\n<link rel=\"canonical\" href=\"https:\/\/chemgramx.com\/es\/producto-1\/comprar-ketamina-vial\/\" \/>\n<meta property=\"og:locale\" content=\"es_ES\" \/>\n<meta property=\"og:type\" content=\"article\" \/>\n<meta property=\"og:title\" content=\"Ketamine Vial Kaufen | 99% Reinheit | Steril &amp; Laborgepr\u00fcft Chemgramx\" \/>\n<meta property=\"og:description\" content=\"Ketamine Vial kaufen mit 99% Reinheit. Steril gefiltert, laborgepr\u00fcft &amp; f\u00fcr Forschungszwecke. Diskret &amp; sicher. Pharmazeutische Qualit\u00e4t.\" \/>\n<meta property=\"og:url\" content=\"https:\/\/chemgramx.com\/es\/producto-1\/comprar-ketamina-vial\/\" \/>\n<meta property=\"og:site_name\" content=\"Chemgramx\" \/>\n<meta property=\"article:modified_time\" content=\"2025-11-21T11:24:12+00:00\" \/>\n<meta property=\"og:image\" content=\"https:\/\/chemgramx.com\/wp-content\/uploads\/2025\/11\/buy-ketamine-vial-online-100-high-quality-ketamine-vials-for-sale-medibo.jpeg\" \/>\n\t<meta property=\"og:image:width\" content=\"575\" \/>\n\t<meta property=\"og:image:height\" content=\"419\" \/>\n\t<meta property=\"og:image:type\" content=\"image\/jpeg\" \/>\n<meta name=\"twitter:card\" content=\"summary_large_image\" \/>\n<meta name=\"twitter:label1\" content=\"Tiempo de lectura\" \/>\n\t<meta name=\"twitter:data1\" content=\"3 minutos\" \/>\n<script type=\"application\/ld+json\" class=\"yoast-schema-graph\">{\"@context\":\"https:\\\/\\\/schema.org\",\"@graph\":[{\"@type\":\"WebPage\",\"@id\":\"https:\\\/\\\/chemgramx.com\\\/product\\\/ketamine-vial-kaufen\\\/\",\"url\":\"https:\\\/\\\/chemgramx.com\\\/product\\\/ketamine-vial-kaufen\\\/\",\"name\":\"Ketamine Vial Kaufen | 99% Reinheit | Steril &amp; Laborgepr\u00fcft Chemgramx\",\"isPartOf\":{\"@id\":\"https:\\\/\\\/chemgramx.com\\\/#website\"},\"primaryImageOfPage\":{\"@id\":\"https:\\\/\\\/chemgramx.com\\\/product\\\/ketamine-vial-kaufen\\\/#primaryimage\"},\"image\":{\"@id\":\"https:\\\/\\\/chemgramx.com\\\/product\\\/ketamine-vial-kaufen\\\/#primaryimage\"},\"thumbnailUrl\":\"https:\\\/\\\/chemgramx.com\\\/wp-content\\\/uploads\\\/2025\\\/11\\\/buy-ketamine-vial-online-100-high-quality-ketamine-vials-for-sale-medibo.jpeg\",\"datePublished\":\"2025-11-21T11:21:57+00:00\",\"dateModified\":\"2025-11-21T11:24:12+00:00\",\"description\":\"Ketamine Vial kaufen mit 99% Reinheit. Steril gefiltert, laborgepr\u00fcft &amp; f\u00fcr Forschungszwecke. Diskret &amp; sicher. Pharmazeutische Qualit\u00e4t.\",\"breadcrumb\":{\"@id\":\"https:\\\/\\\/chemgramx.com\\\/product\\\/ketamine-vial-kaufen\\\/#breadcrumb\"},\"inLanguage\":\"es\",\"potentialAction\":[{\"@type\":\"ReadAction\",\"target\":[\"https:\\\/\\\/chemgramx.com\\\/product\\\/ketamine-vial-kaufen\\\/\"]}]},{\"@type\":\"ImageObject\",\"inLanguage\":\"es\",\"@id\":\"https:\\\/\\\/chemgramx.com\\\/product\\\/ketamine-vial-kaufen\\\/#primaryimage\",\"url\":\"https:\\\/\\\/chemgramx.com\\\/wp-content\\\/uploads\\\/2025\\\/11\\\/buy-ketamine-vial-online-100-high-quality-ketamine-vials-for-sale-medibo.jpeg\",\"contentUrl\":\"https:\\\/\\\/chemgramx.com\\\/wp-content\\\/uploads\\\/2025\\\/11\\\/buy-ketamine-vial-online-100-high-quality-ketamine-vials-for-sale-medibo.jpeg\",\"width\":575,\"height\":419},{\"@type\":\"BreadcrumbList\",\"@id\":\"https:\\\/\\\/chemgramx.com\\\/product\\\/ketamine-vial-kaufen\\\/#breadcrumb\",\"itemListElement\":[{\"@type\":\"ListItem\",\"position\":1,\"name\":\"Home\",\"item\":\"https:\\\/\\\/chemgramx.com\\\/\"},{\"@type\":\"ListItem\",\"position\":2,\"name\":\"Shop\",\"item\":\"https:\\\/\\\/chemgramx.com\\\/shop\\\/\"},{\"@type\":\"ListItem\",\"position\":3,\"name\":\"Ketamine Vial kaufen\"}]},{\"@type\":\"WebSite\",\"@id\":\"https:\\\/\\\/chemgramx.com\\\/#website\",\"url\":\"https:\\\/\\\/chemgramx.com\\\/\",\"name\":\"Chemgramx\",\"description\":\"\",\"publisher\":{\"@id\":\"https:\\\/\\\/chemgramx.com\\\/#organization\"},\"potentialAction\":[{\"@type\":\"SearchAction\",\"target\":{\"@type\":\"EntryPoint\",\"urlTemplate\":\"https:\\\/\\\/chemgramx.com\\\/?s={search_term_string}\"},\"query-input\":{\"@type\":\"PropertyValueSpecification\",\"valueRequired\":true,\"valueName\":\"search_term_string\"}}],\"inLanguage\":\"es\"},{\"@type\":\"Organization\",\"@id\":\"https:\\\/\\\/chemgramx.com\\\/#organization\",\"name\":\"Chemgramx\",\"url\":\"https:\\\/\\\/chemgramx.com\\\/\",\"logo\":{\"@type\":\"ImageObject\",\"inLanguage\":\"es\",\"@id\":\"https:\\\/\\\/chemgramx.com\\\/#\\\/schema\\\/logo\\\/image\\\/\",\"url\":\"https:\\\/\\\/chemgramx.com\\\/wp-content\\\/uploads\\\/2024\\\/10\\\/final-logo.png\",\"contentUrl\":\"https:\\\/\\\/chemgramx.com\\\/wp-content\\\/uploads\\\/2024\\\/10\\\/final-logo.png\",\"width\":250,\"height\":48,\"caption\":\"Chemgramx\"},\"image\":{\"@id\":\"https:\\\/\\\/chemgramx.com\\\/#\\\/schema\\\/logo\\\/image\\\/\"}}]}<\/script>\n<!-- \/ Yoast SEO plugin. -->","yoast_head_json":{"title":"Ketamine Vial Kaufen | 99% Reinheit | Steril &amp; Laborgepr\u00fcft Chemgramx","description":"Ketamine Vial kaufen mit 99% Reinheit. Steril gefiltert, laborgepr\u00fcft &amp; f\u00fcr Forschungszwecke. Diskret &amp; sicher. Pharmazeutische Qualit\u00e4t.","robots":{"index":"index","follow":"follow","max-snippet":"max-snippet:-1","max-image-preview":"max-image-preview:large","max-video-preview":"max-video-preview:-1"},"canonical":"https:\/\/chemgramx.com\/es\/producto-1\/comprar-ketamina-vial\/","og_locale":"es_ES","og_type":"article","og_title":"Ketamine Vial Kaufen | 99% Reinheit | Steril &amp; Laborgepr\u00fcft Chemgramx","og_description":"Ketamine Vial kaufen mit 99% Reinheit. Steril gefiltert, laborgepr\u00fcft &amp; f\u00fcr Forschungszwecke. Diskret &amp; sicher. Pharmazeutische Qualit\u00e4t.","og_url":"https:\/\/chemgramx.com\/es\/producto-1\/comprar-ketamina-vial\/","og_site_name":"Chemgramx","article_modified_time":"2025-11-21T11:24:12+00:00","og_image":[{"width":575,"height":419,"url":"https:\/\/chemgramx.com\/wp-content\/uploads\/2025\/11\/buy-ketamine-vial-online-100-high-quality-ketamine-vials-for-sale-medibo.jpeg","type":"image\/jpeg"}],"twitter_card":"summary_large_image","twitter_misc":{"Tiempo de lectura":"3 minutos"},"schema":{"@context":"https:\/\/schema.org","@graph":[{"@type":"WebPage","@id":"https:\/\/chemgramx.com\/product\/ketamine-vial-kaufen\/","url":"https:\/\/chemgramx.com\/product\/ketamine-vial-kaufen\/","name":"Ketamine Vial Kaufen | 99% Reinheit | Steril &amp; Laborgepr\u00fcft Chemgramx","isPartOf":{"@id":"https:\/\/chemgramx.com\/#website"},"primaryImageOfPage":{"@id":"https:\/\/chemgramx.com\/product\/ketamine-vial-kaufen\/#primaryimage"},"image":{"@id":"https:\/\/chemgramx.com\/product\/ketamine-vial-kaufen\/#primaryimage"},"thumbnailUrl":"https:\/\/chemgramx.com\/wp-content\/uploads\/2025\/11\/buy-ketamine-vial-online-100-high-quality-ketamine-vials-for-sale-medibo.jpeg","datePublished":"2025-11-21T11:21:57+00:00","dateModified":"2025-11-21T11:24:12+00:00","description":"Ketamine Vial kaufen mit 99% Reinheit. Steril gefiltert, laborgepr\u00fcft &amp; f\u00fcr Forschungszwecke. Diskret &amp; sicher. Pharmazeutische Qualit\u00e4t.","breadcrumb":{"@id":"https:\/\/chemgramx.com\/product\/ketamine-vial-kaufen\/#breadcrumb"},"inLanguage":"es","potentialAction":[{"@type":"ReadAction","target":["https:\/\/chemgramx.com\/product\/ketamine-vial-kaufen\/"]}]},{"@type":"ImageObject","inLanguage":"es","@id":"https:\/\/chemgramx.com\/product\/ketamine-vial-kaufen\/#primaryimage","url":"https:\/\/chemgramx.com\/wp-content\/uploads\/2025\/11\/buy-ketamine-vial-online-100-high-quality-ketamine-vials-for-sale-medibo.jpeg","contentUrl":"https:\/\/chemgramx.com\/wp-content\/uploads\/2025\/11\/buy-ketamine-vial-online-100-high-quality-ketamine-vials-for-sale-medibo.jpeg","width":575,"height":419},{"@type":"BreadcrumbList","@id":"https:\/\/chemgramx.com\/product\/ketamine-vial-kaufen\/#breadcrumb","itemListElement":[{"@type":"ListItem","position":1,"name":"Home","item":"https:\/\/chemgramx.com\/"},{"@type":"ListItem","position":2,"name":"Shop","item":"https:\/\/chemgramx.com\/shop\/"},{"@type":"ListItem","position":3,"name":"Ketamine Vial kaufen"}]},{"@type":"WebSite","@id":"https:\/\/chemgramx.com\/#website","url":"https:\/\/chemgramx.com\/","name":"Chemgramx","description":"","publisher":{"@id":"https:\/\/chemgramx.com\/#organization"},"potentialAction":[{"@type":"SearchAction","target":{"@type":"EntryPoint","urlTemplate":"https:\/\/chemgramx.com\/?s={search_term_string}"},"query-input":{"@type":"PropertyValueSpecification","valueRequired":true,"valueName":"search_term_string"}}],"inLanguage":"es"},{"@type":"Organization","@id":"https:\/\/chemgramx.com\/#organization","name":"Chemgramx","url":"https:\/\/chemgramx.com\/","logo":{"@type":"ImageObject","inLanguage":"es","@id":"https:\/\/chemgramx.com\/#\/schema\/logo\/image\/","url":"https:\/\/chemgramx.com\/wp-content\/uploads\/2024\/10\/final-logo.png","contentUrl":"https:\/\/chemgramx.com\/wp-content\/uploads\/2024\/10\/final-logo.png","width":250,"height":48,"caption":"Chemgramx"},"image":{"@id":"https:\/\/chemgramx.com\/#\/schema\/logo\/image\/"}}]}},"_links":{"self":[{"href":"https:\/\/chemgramx.com\/es\/wp-json\/wp\/v2\/product\/7814","targetHints":{"allow":["GET"]}}],"collection":[{"href":"https:\/\/chemgramx.com\/es\/wp-json\/wp\/v2\/product"}],"about":[{"href":"https:\/\/chemgramx.com\/es\/wp-json\/wp\/v2\/types\/product"}],"replies":[{"embeddable":true,"href":"https:\/\/chemgramx.com\/es\/wp-json\/wp\/v2\/comments?post=7814"}],"wp:featuredmedia":[{"embeddable":true,"href":"https:\/\/chemgramx.com\/es\/wp-json\/wp\/v2\/media\/7849"}],"wp:attachment":[{"href":"https:\/\/chemgramx.com\/es\/wp-json\/wp\/v2\/media?parent=7814"}],"wp:term":[{"taxonomy":"product_brand","embeddable":true,"href":"https:\/\/chemgramx.com\/es\/wp-json\/wp\/v2\/product_brand?post=7814"},{"taxonomy":"product_cat","embeddable":true,"href":"https:\/\/chemgramx.com\/es\/wp-json\/wp\/v2\/product_cat?post=7814"},{"taxonomy":"product_tag","embeddable":true,"href":"https:\/\/chemgramx.com\/es\/wp-json\/wp\/v2\/product_tag?post=7814"}],"curies":[{"name":"wp","href":"https:\/\/api.w.org\/{rel}","templated":true}]}}