{"id":7881,"date":"2025-11-21T11:23:57","date_gmt":"2025-11-21T11:23:57","guid":{"rendered":"https:\/\/chemgramx.com\/?post_type=product&#038;p=7881"},"modified":"2025-11-21T11:24:55","modified_gmt":"2025-11-21T11:24:55","slug":"5-methoxymethylone-online-order","status":"publish","type":"product","link":"https:\/\/chemgramx.com\/es\/product\/5-methoxymethylone-online-bestellung\/","title":{"rendered":"Pedido en l\u00ednea de 5-metoximetilona"},"content":{"rendered":"<p>5-Metoximetilona, tambi\u00e9n conocida como <strong>\u03b2k-MMDMA<\/strong> o <strong>2-A1MP<\/strong>, es un producto qu\u00edmico sint\u00e9tico de investigaci\u00f3n del grupo de <strong>Catinona<\/strong>.<br \/>\nDesde el punto de vista qu\u00edmico, pertenece a la familia de los <em>\u03b2-Ceto-anfetamina<\/em> y estructuralmente es muy <strong>Metilona (\u03b2k-MDMA)<\/strong> un conocido derivado entact\u00f3geno de la MDMA.<br \/>\nLa introducci\u00f3n de un grupo metoxi en la quinta posici\u00f3n del anillo arom\u00e1tico distingue a la 5-metoximetilona de su compuesto original e influye tanto en su actividad farmacol\u00f3gica como en su estabilidad metab\u00f3lica.<\/p>\n<p>Aunque la 5-metoximetilona se sintetiz\u00f3 originalmente con fines de investigaci\u00f3n, apareci\u00f3 brevemente en el mercado gris como la llamada <em>\u201eInvestigaci\u00f3n Qu\u00edmica\u201c<\/em> en.<br \/>\nSin embargo, la sustancia sigue siendo cient\u00edficamente relevante debido a su potencial para proporcionar informaci\u00f3n sobre las relaciones estructura-actividad de los an\u00e1logos de la catinona y las sustancias entact\u00f3genas.<\/p>\n<h2>Estructura qu\u00edmica y clasificaci\u00f3n<\/h2>\n<p>Qu\u00edmicamente, la 5-metoximetilona pertenece al grupo de las <strong>s\u00edntesis-an\u00e1logos \u03b2-ceto-anfetaminas<\/strong>, derivado de la sustancia natural catinona (un alcaloide de la planta <em>Catha edulis<\/em>).<br \/>\nEstos compuestos se caracterizan por un grupo ceto (C=O) en la posici\u00f3n \u03b2 y una sustituci\u00f3n en el anillo fenilo.<\/p>\n<h3>Propiedades qu\u00edmicas importantes<\/h3>\n<ul>\n<li><strong>F\u00f3rmula de la suma:<\/strong> C<sub>12<\/sub>H<sub>15<\/sub>NO<sub>3<\/sub><\/li>\n<li><strong>Peso molecular:<\/strong> 221,25 g\/mol<\/li>\n<li><strong>Estructura qu\u00edmica:<\/strong> Anfetamina \u03b2-ceto-3,4-metileno- o metoxi-sustituida<\/li>\n<li><strong>N\u00famero CAS:<\/strong> no claramente asignado (anal\u00edticamente variable)<\/li>\n<li><strong>Punto de fusi\u00f3n:<\/strong> aprox. 167-172 \u00b0C (variable en funci\u00f3n del grado de isomerismo)<\/li>\n<li><strong>Estabilidad:<\/strong> Sensible a la luz y la humedad; conservar a 2-8 \u00b0C<\/li>\n<\/ul>\n<p>En comparaci\u00f3n con las metilonas, las 5-metoximetilonas tienen un efecto adicional <a href=\"\/product\/methylmethaqualone-online-kaufen\/\">Grupo metoxi<\/a> (-OCH\u2083) en la posici\u00f3n arom\u00e1tica 5.<br \/>\nEsta peque\u00f1a modificaci\u00f3n estructural puede tener efectos significativos sobre las propiedades farmacol\u00f3gicas, especialmente sobre la lipofilia y la afinidad por los receptores.<\/p>\n<h2>Propiedades farmacol\u00f3gicas<\/h2>\n<p>La 5-metoximetilona es una de las llamadas <strong>catinonas entact\u00f3genas y estimulantes<\/strong>.<br \/>\nLas sustancias entact\u00f3genas promueven subjetivamente la empat\u00eda, la apertura social y la conexi\u00f3n emocional, mientras que los componentes estimulantes pueden provocar un aumento de la actividad y el estado de alerta.<br \/>\nSin embargo, a\u00fan no se han investigado suficientemente los mecanismos exactos de acci\u00f3n de la 5-metoximetilona.<\/p>\n<p>Los estudios in vitro de catinonas similares (por ejemplo, metilonas o butilonas) han demostrado un efecto sobre la <strong>Transportador de monoaminas<\/strong> para la dopamina, la noradrenalina y la serotonina (DAT, NET, SERT).<br \/>\nPor tanto, los investigadores suponen que la 5-metoximetilona tambi\u00e9n podr\u00eda influir en estos sistemas, aunque con una selectividad alterada debido a la sustituci\u00f3n metoxi.<\/p>\n<h3>Posibles efectos farmacol\u00f3gicos<\/h3>\n<ul>\n<li>Liberaci\u00f3n de serotonina y noradrenalina en la hendidura sin\u00e1ptica<\/li>\n<li>Inhibici\u00f3n de la recaptaci\u00f3n de estos neurotransmisores<\/li>\n<li>Liberaci\u00f3n moderada de dopamina con efecto estimulante<\/li>\n<li>Efecto entact\u00f3geno debido a la alteraci\u00f3n de la actividad de la serotonina<\/li>\n<\/ul>\n<p>Dado que los datos farmacodin\u00e1micos sobre la 5-metoximetilona son limitados, se utiliza principalmente en estudios experimentales para investigar las relaciones estructura-actividad (SAR) dentro de la clase de las catinonas.<\/p>\n<h2>Inter\u00e9s de la investigaci\u00f3n y aplicaci\u00f3n cient\u00edfica<\/h2>\n<p>La relevancia cient\u00edfica de la 5-metoximetilona radica en la posibilidad de analizar los efectos de las sustituciones qu\u00edmicas sobre la actividad farmacol\u00f3gica y la estabilidad metab\u00f3lica.<br \/>\nLos investigadores est\u00e1n especialmente interesados en las siguientes cuestiones:<\/p>\n<ul>\n<li>\u00bfC\u00f3mo modifica el grupo metoxi la lipofilia y la uni\u00f3n al receptor?<\/li>\n<li>\u00bfQu\u00e9 influencia tiene en la afinidad de los transportadores de serotonina y noradrenalina?<\/li>\n<li>\u00bfQu\u00e9 metabolitos se producen durante la degradaci\u00f3n enzim\u00e1tica?<\/li>\n<li>\u00bfEn qu\u00e9 se diferencian los perfiles farmacocin\u00e9ticos de las metilonas?<\/li>\n<\/ul>\n<p>Las respuestas a estas preguntas son importantes para <strong>bioqu\u00edmica <a href=\"\/product\/impvp-online-kaufen\/\">Base<\/a> efectos entact\u00f3genos<\/strong> y desarrollar nuevos modelos farmacol\u00f3gicos para la investigaci\u00f3n terap\u00e9utica.<\/p>\n<h2>M\u00e9todos anal\u00edticos de detecci\u00f3n<\/h2>\n<p>En los laboratorios toxicol\u00f3gicos y forenses, la 5-metoximetilona suele analizarse mediante <strong>Cromatograf\u00eda l\u00edquida con espectrometr\u00eda de masas (LC-MS\/MS)<\/strong> o <strong>Cromatograf\u00eda de gases-espectrometr\u00eda de masas (GC-MS)<\/strong> identificado.<br \/>\nEstos m\u00e9todos permiten una detecci\u00f3n fiable en muestras biol\u00f3gicas (por ejemplo, sangre, orina) o residuos.<\/p>\n<p>La estructura suele completarse con <strong>Espectroscopia infrarroja (FTIR)<\/strong> y <strong>Espectroscopia de resonancia magn\u00e9tica nuclear (RMN)<\/strong> verificado para excluir impurezas isom\u00e9ricas.<\/p>\n<h2>Estatus legal<\/h2>\n<p>La situaci\u00f3n legal de la 5-metoximetilona var\u00eda a escala internacional.<br \/>\nEn muchos pa\u00edses, como Alemania, Austria, Reino Unido y EE.UU., las catinonas similares ya est\u00e1n cubiertas por la <strong>Nueva Ley de Sustancias Psicoactivas (NpSG)<\/strong> o el correspondiente <strong>Leyes sobre sustancias controladas<\/strong>.<br \/>\nPor lo tanto, se supone que la 5-metoximetilona tambi\u00e9n est\u00e1 legalmente restringida o prohibida.<\/p>\n<h3>Panorama jur\u00eddico (a 2025)<\/h3>\n<ul>\n<li><strong>Alemania:<\/strong> Probablemente cubierto por las NpSG (catinonas an\u00e1logas prohibidas)<\/li>\n<li><strong>ESTADOS UNIDOS:<\/strong> Potencialmente regulado por la Ley Federal An\u00e1loga<\/li>\n<li><strong>REINO UNIDO:<\/strong> Ilegal seg\u00fan la Ley de Sustancias Psicoactivas<\/li>\n<li><strong>Canad\u00e1 y Australia:<\/strong> La mayor\u00eda figuran en normativas similares a las del calendario<\/li>\n<\/ul>\n<p>Esto significa que la compra, posesi\u00f3n o venta de 5-metoximetilona no est\u00e1 permitida en muchos pa\u00edses.<br \/>\nLa investigaci\u00f3n s\u00f3lo puede llevarse a cabo en instalaciones autorizadas que cuenten con los permisos pertinentes.<\/p>\n<h2>Instrucciones de seguridad y manipulaci\u00f3n<\/h2>\n<p>Debido a los limitados datos disponibles sobre el efecto farmacol\u00f3gico de la 5-metoximetilona, todo trabajo con esta sustancia debe realizarse con <strong>cuidados especiales<\/strong> a realizar.<br \/>\nS\u00f3lo puede utilizarse en entornos de laboratorio controlados que cumplan los <strong>Buenas pr\u00e1cticas de laboratorio (BPL)<\/strong>-directrices.<\/p>\n<h3>Medidas de protecci\u00f3n recomendadas<\/h3>\n<ul>\n<li>Llevar ropa de protecci\u00f3n, guantes y mascarillas<\/li>\n<li>Trabajar exclusivamente bajo un sistema de vitrinas de gases<\/li>\n<li>Evitar la exposici\u00f3n directa de la piel y los ojos<\/li>\n<li>Eliminaci\u00f3n segura conforme a la Ordenanza sobre sustancias peligrosas<\/li>\n<li>Almacenamiento en recipientes de muestras sellados y etiquetados<\/li>\n<\/ul>\n<p>El almacenamiento debe <strong>fresco (2-8 \u00b0C), seco y protegido de la luz<\/strong> tener lugar.<br \/>\nDado que la 5-metoximetilona puede reaccionar higrosc\u00f3picamente, se recomienda almacenarla bajo gas inerte (nitr\u00f3geno o arg\u00f3n).<\/p>\n<h2>Consideraciones \u00e9ticas sobre la investigaci\u00f3n<\/h2>\n<p>Como ocurre con todas las sustancias de la clase de las catinonas sint\u00e9ticas:<br \/>\nEl trabajo cient\u00edfico con la 5-metoximetilona requiere no s\u00f3lo conocimientos t\u00e9cnicos, sino tambi\u00e9n responsabilidad \u00e9tica.<br \/>\nLos experimentos no controlados o la adquisici\u00f3n no autorizada de tales sustancias qu\u00edmicas contradicen los principios b\u00e1sicos de la seguridad en la investigaci\u00f3n.<\/p>\n<p>Los investigadores deber\u00edan centrarse en <strong>Normas qu\u00edmicas autorizadas<\/strong> y fuentes de suministro transparentes.<br \/>\nEs la \u00fanica manera de obtener resultados reproducibles, legales y seguros.<\/p>\n<h2>Importancia cient\u00edfica<\/h2>\n<p>La investigaci\u00f3n sobre la 5-metoximetilona contribuye a una comprensi\u00f3n m\u00e1s profunda de las relaciones estructura-actividad de los entact\u00f3genos.<br \/>\nEstos hallazgos no s\u00f3lo son relevantes para la investigaci\u00f3n b\u00e1sica, sino que tambi\u00e9n pueden ayudar a desarrollar nuevos enfoques farmacol\u00f3gicos para las enfermedades mentales a largo plazo.<\/p>\n<p>Adem\u00e1s, el an\u00e1lisis de este compuesto proporciona datos valiosos con fines forenses y toxicol\u00f3gicos, por ejemplo en el desarrollo de m\u00e9todos de detecci\u00f3n de sustancias psicoactivas emergentes (NPS).<\/p>\n<h2>Conclusi\u00f3n<\/h2>\n<p>La 5-metoximetilona es una <strong>un derivado de la catinona interesante pero potencialmente arriesgado<\/strong>, que se utiliza en investigaci\u00f3n para estudiar los sistemas de neurotransmisores y las relaciones estructura-actividad.<br \/>\nSu similitud qu\u00edmica con las metilonas lo hace importante para los estudios anal\u00edticos, pero debido a restricciones legales s\u00f3lo puede utilizarse en condiciones autorizadas.<\/p>\n<p>Cualquiera que trabaje con esta sustancia debe prestar siempre atenci\u00f3n a la precisi\u00f3n cient\u00edfica, la conformidad legal y las normas de seguridad m\u00e1s estrictas.<br \/>\nAs\u00ed pues, la 5-metoximetilona sigue siendo un ejemplo del equilibrio entre el inter\u00e9s cient\u00edfico por el conocimiento y la responsabilidad normativa en la investigaci\u00f3n qu\u00edmica moderna.<\/p>","protected":false},"excerpt":{"rendered":"<p>La 5-metoxi-metilona es una catinona sint\u00e9tica y un derivado de la <strong>MDMA (\u00e9xtasis)<\/strong> y <strong>Metilona<\/strong>que pertenece a la familia de las anfetaminas sustituidas. Combina efectos estimulantes y empat\u00f3genos, aunque est\u00e1 menos investigada que sus hom\u00f3logas m\u00e1s conocidas. Los consumidores informan de efectos similares a los de <strong>MDMA<\/strong>pero con un sabor psicod\u00e9lico \u00fanico debido a la <strong>Sustituci\u00f3n 5-metoxi<\/strong>.<\/p>","protected":false},"featured_media":7886,"comment_status":"open","ping_status":"closed","template":"","meta":{"_joinchat":[]},"product_brand":[],"product_cat":[56],"product_tag":[1755,1761,1022,1043,1047,1032,1033,1046,1023,1021,1041,1037,1042,1048,1028,1030,1036,1024,1029,1035,1025,1040,1049,1027,1044,1038,1034,1031,1045,1039,1026,1768,1777,1764,1776,1762,1757,1754,1772,1774,1758,1769,1771,1756,1763,1773,1778,1775,1759,1760,1770,1765,1767,1766],"class_list":{"0":"post-7881","1":"product","2":"type-product","3":"status-publish","4":"has-post-thumbnail","6":"product_cat-opioids","7":"product_tag-5-meo-mmc-bestellen","8":"product_tag-5-meo-mmc-forschung-chemikalie","9":"product_tag-5-meome-mdmc","10":"product_tag-5-meome-mdmc-effekte","11":"product_tag-5-meome-mdmc-fur-forschung","12":"product_tag-5-meome-mdmc-kaufen","13":"product_tag-5-meome-mdmc-lieferant","14":"product_tag-5-meome-mdmc-studien","15":"product_tag-5-methoxy-methylon","16":"product_tag-5-methoxymethylon","17":"product_tag-5-methoxymethylon-analyse","18":"product_tag-5-methoxymethylon-anwendungen","19":"product_tag-5-methoxymethylon-chemie","20":"product_tag-5-methoxymethylon-eigenschaften","21":"product_tag-5-methoxymethylon-forschungschemikalie","22":"product_tag-5-methoxymethylon-groshandel","23":"product_tag-5-methoxymethylon-handhabung","24":"product_tag-5-methoxymethylon-kaufen","25":"product_tag-5-methoxymethylon-laboranwendung","26":"product_tag-5-methoxymethylon-lagerung","27":"product_tag-5-methoxymethylon-lieferant","28":"product_tag-5-methoxymethylon-markt","29":"product_tag-5-methoxymethylon-pharmakologie","30":"product_tag-5-methoxymethylon-preis","31":"product_tag-5-methoxymethylon-reinheit","32":"product_tag-5-methoxymethylon-risiken","33":"product_tag-5-methoxymethylon-sicherheit","34":"product_tag-5-methoxymethylon-verfugbarkeit","35":"product_tag-5-methoxymethylon-vertrieb","36":"product_tag-5-methoxymethylon-vorschriften","37":"product_tag-5-methoxymethylon-zum-verkauf","38":"product_tag-5-methoxymethylone-bulk-bestellung","39":"product_tag-5-methoxymethylone-chemikalie","40":"product_tag-5-methoxymethylone-experimente","41":"product_tag-5-methoxymethylone-forschung","42":"product_tag-5-methoxymethylone-fur-neurowissenschaftliche-studien","43":"product_tag-5-methoxymethylone-groshandel","44":"product_tag-5-methoxymethylone-kaufen","45":"product_tag-5-methoxymethylone-labor","46":"product_tag-5-methoxymethylone-legal","47":"product_tag-5-methoxymethylone-lieferant","48":"product_tag-5-methoxymethylone-marktanalyse","49":"product_tag-5-methoxymethylone-online","50":"product_tag-5-methoxymethylone-online-bestellen","51":"product_tag-5-methoxymethylone-pharmazeutische-forschung","52":"product_tag-5-methoxymethylone-sicher","53":"product_tag-5-methoxymethylone-versand","54":"product_tag-5meommc-gunstig","55":"product_tag-forschung-chemikalien-5-methoxymethylone","56":"product_tag-hochwertige-5-methoxymethylone-kaufen","57":"product_tag-innovative-5-methoxymethylone-forschung","58":"product_tag-laborqualitat-5-methoxymethylone","59":"product_tag-legaler-5-methoxymethylone-anbieter","60":"product_tag-sicherer-5-methoxymethylone-versand","62":"first","63":"instock","64":"shipping-taxable","65":"purchasable","66":"product-type-variable"},"yoast_head":"<!-- This site is optimized with the Yoast SEO plugin v27.5 - https:\/\/yoast.com\/product\/yoast-seo-wordpress\/ -->\n<title>5-Methoxymethylon zu verkaufen<\/title>\n<meta name=\"description\" content=\"Sie k\u00f6nnen jetzt 5-Methoxymethylon in unserem Top-Shop Chemgramx kaufen. Unsere Mitarbeiter helfen Ihnen, 5-Methoxymethylon online zu den besten Preisen zu kaufen. Bestellen Sie 5-Methoxymethylon noch heute online mit weltweitem Versand!\" \/>\n<meta name=\"robots\" content=\"index, follow, max-snippet:-1, max-image-preview:large, max-video-preview:-1\" \/>\n<link rel=\"canonical\" href=\"https:\/\/chemgramx.com\/es\/producto-1\/5-methoxymethylone-online-order\/\" \/>\n<meta property=\"og:locale\" content=\"es_ES\" \/>\n<meta property=\"og:type\" content=\"article\" \/>\n<meta property=\"og:title\" content=\"5-Methoxymethylon zu verkaufen\" \/>\n<meta property=\"og:description\" content=\"Sie k\u00f6nnen jetzt 5-Methoxymethylon in unserem Top-Shop Chemgramx kaufen. Unsere Mitarbeiter helfen Ihnen, 5-Methoxymethylon online zu den besten Preisen zu kaufen. Bestellen Sie 5-Methoxymethylon noch heute online mit weltweitem Versand!\" \/>\n<meta property=\"og:url\" content=\"https:\/\/chemgramx.com\/es\/producto-1\/5-methoxymethylone-online-order\/\" \/>\n<meta property=\"og:site_name\" content=\"Chemgramx\" \/>\n<meta property=\"article:modified_time\" content=\"2025-11-21T11:24:55+00:00\" \/>\n<meta property=\"og:image\" content=\"https:\/\/chemgramx.com\/wp-content\/uploads\/2025\/11\/5-Methoxymethylone.webp\" \/>\n\t<meta property=\"og:image:width\" content=\"600\" \/>\n\t<meta property=\"og:image:height\" content=\"489\" \/>\n\t<meta property=\"og:image:type\" content=\"image\/webp\" \/>\n<meta name=\"twitter:card\" content=\"summary_large_image\" \/>\n<meta name=\"twitter:label1\" content=\"Tiempo de lectura\" \/>\n\t<meta name=\"twitter:data1\" content=\"5 minutos\" \/>\n<script type=\"application\/ld+json\" class=\"yoast-schema-graph\">{\"@context\":\"https:\\\/\\\/schema.org\",\"@graph\":[{\"@type\":\"WebPage\",\"@id\":\"https:\\\/\\\/chemgramx.com\\\/product\\\/5-methoxymethylone-online-bestellung\\\/\",\"url\":\"https:\\\/\\\/chemgramx.com\\\/product\\\/5-methoxymethylone-online-bestellung\\\/\",\"name\":\"5-Methoxymethylon zu verkaufen\",\"isPartOf\":{\"@id\":\"https:\\\/\\\/chemgramx.com\\\/#website\"},\"primaryImageOfPage\":{\"@id\":\"https:\\\/\\\/chemgramx.com\\\/product\\\/5-methoxymethylone-online-bestellung\\\/#primaryimage\"},\"image\":{\"@id\":\"https:\\\/\\\/chemgramx.com\\\/product\\\/5-methoxymethylone-online-bestellung\\\/#primaryimage\"},\"thumbnailUrl\":\"https:\\\/\\\/chemgramx.com\\\/wp-content\\\/uploads\\\/2025\\\/11\\\/5-Methoxymethylone.webp\",\"datePublished\":\"2025-11-21T11:23:57+00:00\",\"dateModified\":\"2025-11-21T11:24:55+00:00\",\"description\":\"Sie k\u00f6nnen jetzt 5-Methoxymethylon in unserem Top-Shop Chemgramx kaufen. Unsere Mitarbeiter helfen Ihnen, 5-Methoxymethylon online zu den besten Preisen zu kaufen. Bestellen Sie 5-Methoxymethylon noch heute online mit weltweitem Versand!\",\"breadcrumb\":{\"@id\":\"https:\\\/\\\/chemgramx.com\\\/product\\\/5-methoxymethylone-online-bestellung\\\/#breadcrumb\"},\"inLanguage\":\"es\",\"potentialAction\":[{\"@type\":\"ReadAction\",\"target\":[\"https:\\\/\\\/chemgramx.com\\\/product\\\/5-methoxymethylone-online-bestellung\\\/\"]}]},{\"@type\":\"ImageObject\",\"inLanguage\":\"es\",\"@id\":\"https:\\\/\\\/chemgramx.com\\\/product\\\/5-methoxymethylone-online-bestellung\\\/#primaryimage\",\"url\":\"https:\\\/\\\/chemgramx.com\\\/wp-content\\\/uploads\\\/2025\\\/11\\\/5-Methoxymethylone.webp\",\"contentUrl\":\"https:\\\/\\\/chemgramx.com\\\/wp-content\\\/uploads\\\/2025\\\/11\\\/5-Methoxymethylone.webp\",\"width\":600,\"height\":489},{\"@type\":\"BreadcrumbList\",\"@id\":\"https:\\\/\\\/chemgramx.com\\\/product\\\/5-methoxymethylone-online-bestellung\\\/#breadcrumb\",\"itemListElement\":[{\"@type\":\"ListItem\",\"position\":1,\"name\":\"Home\",\"item\":\"https:\\\/\\\/chemgramx.com\\\/\"},{\"@type\":\"ListItem\",\"position\":2,\"name\":\"Shop\",\"item\":\"https:\\\/\\\/chemgramx.com\\\/shop\\\/\"},{\"@type\":\"ListItem\",\"position\":3,\"name\":\"5-Methoxymethylone Online Bestellung\"}]},{\"@type\":\"WebSite\",\"@id\":\"https:\\\/\\\/chemgramx.com\\\/#website\",\"url\":\"https:\\\/\\\/chemgramx.com\\\/\",\"name\":\"Chemgramx\",\"description\":\"\",\"publisher\":{\"@id\":\"https:\\\/\\\/chemgramx.com\\\/#organization\"},\"potentialAction\":[{\"@type\":\"SearchAction\",\"target\":{\"@type\":\"EntryPoint\",\"urlTemplate\":\"https:\\\/\\\/chemgramx.com\\\/?s={search_term_string}\"},\"query-input\":{\"@type\":\"PropertyValueSpecification\",\"valueRequired\":true,\"valueName\":\"search_term_string\"}}],\"inLanguage\":\"es\"},{\"@type\":\"Organization\",\"@id\":\"https:\\\/\\\/chemgramx.com\\\/#organization\",\"name\":\"Chemgramx\",\"url\":\"https:\\\/\\\/chemgramx.com\\\/\",\"logo\":{\"@type\":\"ImageObject\",\"inLanguage\":\"es\",\"@id\":\"https:\\\/\\\/chemgramx.com\\\/#\\\/schema\\\/logo\\\/image\\\/\",\"url\":\"https:\\\/\\\/chemgramx.com\\\/wp-content\\\/uploads\\\/2024\\\/10\\\/final-logo.png\",\"contentUrl\":\"https:\\\/\\\/chemgramx.com\\\/wp-content\\\/uploads\\\/2024\\\/10\\\/final-logo.png\",\"width\":250,\"height\":48,\"caption\":\"Chemgramx\"},\"image\":{\"@id\":\"https:\\\/\\\/chemgramx.com\\\/#\\\/schema\\\/logo\\\/image\\\/\"}}]}<\/script>\n<!-- \/ Yoast SEO plugin. -->","yoast_head_json":{"title":"5-Metoximetilona en venta","description":"Ya puedes comprar 5-metoximetilona en nuestra tienda de confianza, Chemgramx. Nuestro equipo te ayudar\u00e1 a comprar 5-metoximetilona online a los mejores precios. \u00a1Compra 5-metoximetilona online hoy mismo con env\u00edo a todo el mundo!","robots":{"index":"index","follow":"follow","max-snippet":"max-snippet:-1","max-image-preview":"max-image-preview:large","max-video-preview":"max-video-preview:-1"},"canonical":"https:\/\/chemgramx.com\/es\/producto-1\/5-methoxymethylone-online-order\/","og_locale":"es_ES","og_type":"article","og_title":"5-Methoxymethylon zu verkaufen","og_description":"Sie k\u00f6nnen jetzt 5-Methoxymethylon in unserem Top-Shop Chemgramx kaufen. Unsere Mitarbeiter helfen Ihnen, 5-Methoxymethylon online zu den besten Preisen zu kaufen. Bestellen Sie 5-Methoxymethylon noch heute online mit weltweitem Versand!","og_url":"https:\/\/chemgramx.com\/es\/producto-1\/5-methoxymethylone-online-order\/","og_site_name":"Chemgramx","article_modified_time":"2025-11-21T11:24:55+00:00","og_image":[{"width":600,"height":489,"url":"https:\/\/chemgramx.com\/wp-content\/uploads\/2025\/11\/5-Methoxymethylone.webp","type":"image\/webp"}],"twitter_card":"summary_large_image","twitter_misc":{"Tiempo de lectura":"5 minutos"},"schema":{"@context":"https:\/\/schema.org","@graph":[{"@type":"WebPage","@id":"https:\/\/chemgramx.com\/product\/5-methoxymethylone-online-bestellung\/","url":"https:\/\/chemgramx.com\/product\/5-methoxymethylone-online-bestellung\/","name":"5-Metoximetilona en venta","isPartOf":{"@id":"https:\/\/chemgramx.com\/#website"},"primaryImageOfPage":{"@id":"https:\/\/chemgramx.com\/product\/5-methoxymethylone-online-bestellung\/#primaryimage"},"image":{"@id":"https:\/\/chemgramx.com\/product\/5-methoxymethylone-online-bestellung\/#primaryimage"},"thumbnailUrl":"https:\/\/chemgramx.com\/wp-content\/uploads\/2025\/11\/5-Methoxymethylone.webp","datePublished":"2025-11-21T11:23:57+00:00","dateModified":"2025-11-21T11:24:55+00:00","description":"Ya puedes comprar 5-metoximetilona en nuestra tienda de confianza, Chemgramx. Nuestro equipo te ayudar\u00e1 a comprar 5-metoximetilona online a los mejores precios. \u00a1Compra 5-metoximetilona online hoy mismo con env\u00edo a todo el mundo!","breadcrumb":{"@id":"https:\/\/chemgramx.com\/product\/5-methoxymethylone-online-bestellung\/#breadcrumb"},"inLanguage":"es","potentialAction":[{"@type":"ReadAction","target":["https:\/\/chemgramx.com\/product\/5-methoxymethylone-online-bestellung\/"]}]},{"@type":"ImageObject","inLanguage":"es","@id":"https:\/\/chemgramx.com\/product\/5-methoxymethylone-online-bestellung\/#primaryimage","url":"https:\/\/chemgramx.com\/wp-content\/uploads\/2025\/11\/5-Methoxymethylone.webp","contentUrl":"https:\/\/chemgramx.com\/wp-content\/uploads\/2025\/11\/5-Methoxymethylone.webp","width":600,"height":489},{"@type":"BreadcrumbList","@id":"https:\/\/chemgramx.com\/product\/5-methoxymethylone-online-bestellung\/#breadcrumb","itemListElement":[{"@type":"ListItem","position":1,"name":"Home","item":"https:\/\/chemgramx.com\/"},{"@type":"ListItem","position":2,"name":"Shop","item":"https:\/\/chemgramx.com\/shop\/"},{"@type":"ListItem","position":3,"name":"5-Methoxymethylone Online Bestellung"}]},{"@type":"WebSite","@id":"https:\/\/chemgramx.com\/#website","url":"https:\/\/chemgramx.com\/","name":"Chemgramx","description":"","publisher":{"@id":"https:\/\/chemgramx.com\/#organization"},"potentialAction":[{"@type":"SearchAction","target":{"@type":"EntryPoint","urlTemplate":"https:\/\/chemgramx.com\/?s={search_term_string}"},"query-input":{"@type":"PropertyValueSpecification","valueRequired":true,"valueName":"search_term_string"}}],"inLanguage":"es"},{"@type":"Organization","@id":"https:\/\/chemgramx.com\/#organization","name":"Chemgramx","url":"https:\/\/chemgramx.com\/","logo":{"@type":"ImageObject","inLanguage":"es","@id":"https:\/\/chemgramx.com\/#\/schema\/logo\/image\/","url":"https:\/\/chemgramx.com\/wp-content\/uploads\/2024\/10\/final-logo.png","contentUrl":"https:\/\/chemgramx.com\/wp-content\/uploads\/2024\/10\/final-logo.png","width":250,"height":48,"caption":"Chemgramx"},"image":{"@id":"https:\/\/chemgramx.com\/#\/schema\/logo\/image\/"}}]}},"_links":{"self":[{"href":"https:\/\/chemgramx.com\/es\/wp-json\/wp\/v2\/product\/7881","targetHints":{"allow":["GET"]}}],"collection":[{"href":"https:\/\/chemgramx.com\/es\/wp-json\/wp\/v2\/product"}],"about":[{"href":"https:\/\/chemgramx.com\/es\/wp-json\/wp\/v2\/types\/product"}],"replies":[{"embeddable":true,"href":"https:\/\/chemgramx.com\/es\/wp-json\/wp\/v2\/comments?post=7881"}],"wp:featuredmedia":[{"embeddable":true,"href":"https:\/\/chemgramx.com\/es\/wp-json\/wp\/v2\/media\/7886"}],"wp:attachment":[{"href":"https:\/\/chemgramx.com\/es\/wp-json\/wp\/v2\/media?parent=7881"}],"wp:term":[{"taxonomy":"product_brand","embeddable":true,"href":"https:\/\/chemgramx.com\/es\/wp-json\/wp\/v2\/product_brand?post=7881"},{"taxonomy":"product_cat","embeddable":true,"href":"https:\/\/chemgramx.com\/es\/wp-json\/wp\/v2\/product_cat?post=7881"},{"taxonomy":"product_tag","embeddable":true,"href":"https:\/\/chemgramx.com\/es\/wp-json\/wp\/v2\/product_tag?post=7881"}],"curies":[{"name":"wp","href":"https:\/\/api.w.org\/{rel}","templated":true}]}}