{"id":7978,"date":"2025-11-21T16:44:40","date_gmt":"2025-11-21T16:44:40","guid":{"rendered":"https:\/\/chemgramx.com\/?post_type=product&#038;p=7978"},"modified":"2025-12-10T18:24:28","modified_gmt":"2025-12-10T18:24:28","slug":"experimente-la-intensidad-con-beans-domino-mdma-134-mg-comprar-online","status":"publish","type":"product","link":"https:\/\/chemgramx.com\/es\/product\/erleben-sie-die-intensitaet-mit-beans-domino-mdma-134-mg-online-kaufen\/","title":{"rendered":"Beans Domino MDMA: Compra online de alta pureza"},"content":{"rendered":"<p>Buscar <b>Beans Domino MDMA 134 mg a la venta<\/b>, que cumpla con los m\u00e1s altos est\u00e1ndares? Entonces Chemgramx es el lugar adecuado para usted. Le ofrecemos la posibilidad de, <b>Aut\u00e9ntico Beans Domino MDMA<\/b> con una calidad excepcional <b>Comprar en Chemgramx<\/b>. Este producto, formulado con precisi\u00f3n, est\u00e1 especialmente dise\u00f1ado para fines de investigaci\u00f3n exigentes. Por lo tanto, le garantizamos una <b>Alta pureza a la venta<\/b>, que es indispensable para obtener resultados cient\u00edficos fiables.<\/p>\n<p>Nuestra <b>Jud\u00edas Domino MDMA 134 mg<\/b> representa la <b>La calidad de la investigaci\u00f3n a la venta<\/b>, que necesitan los cient\u00edficos y los laboratorios. Adem\u00e1s, damos gran importancia a la verificaci\u00f3n anal\u00edtica de cada lote individual. De este modo, puede confiar en la consistencia y precisi\u00f3n que son esenciales para realizar estudios bien fundamentados. Descubra ahora c\u00f3mo puede <b>El mejor Beans Domino MDMA disponible<\/b> para sus proyectos.<\/p>\n<h2>La excelencia de Beans Domino MDMA 134 mg: una introducci\u00f3n<\/h2>\n<p>Beans Domino La MDMA (3,4-metilendioxi-N-metilanfetamina) es una sustancia muy interesante en la investigaci\u00f3n qu\u00edmica. En particular, nuestra f\u00f3rmula de 134 mg est\u00e1 dise\u00f1ada para ofrecer consistencia y dosificaci\u00f3n precisa, lo cual es importante en entornos experimentales. Adem\u00e1s, esta especificaci\u00f3n permite una r\u00e9plica exacta de los estudios, un factor clave en la metodolog\u00eda cient\u00edfica.<\/p>\n<p>Adem\u00e1s, se caracteriza por <b>Aut\u00e9ntico Beans Domino MDMA<\/b> por una estructura molecular exacta, responsable de sus propiedades espec\u00edficas. Esto garantiza que la integridad qu\u00edmica del material se mantenga en cada aplicaci\u00f3n. Por un lado, es un objeto de investigaci\u00f3n muy popular, pero, por otro, su manipulaci\u00f3n requiere el m\u00e1ximo cuidado y experiencia.<\/p>\n<h3>Est\u00e1ndares de calidad y pureza<\/h3>\n<p>En Chemgramx, la calidad es nuestra m\u00e1xima prioridad. Nos aseguramos de que nuestros <b>Beans Domino MDMA de alta calidad<\/b> se somete a rigurosas pruebas de laboratorio. Esto incluye an\u00e1lisis exhaustivos para confirmar la pureza y la ausencia de impurezas indeseadas. Por lo tanto, puede estar seguro de que est\u00e1 adquiriendo un producto de una calidad insuperable.<\/p>\n<p>De hecho, el cumplimiento de estas normas es fundamental para obtener resultados de investigaci\u00f3n v\u00e1lidos. Adem\u00e1s, ofrecemos <b>Calidad de laboratorio a la venta<\/b> que cumple con los requisitos cient\u00edficos m\u00e1s estrictos. Nos enorgullece ofrecer transparencia en nuestros procedimientos de an\u00e1lisis, lo que subraya nuestro compromiso con la excelencia.<\/p>\n<h3>Aplicaciones de investigaci\u00f3n y precisi\u00f3n<\/h3>\n<p>Beans Domino MDMA 134 mg se utiliza en diversos campos de investigaci\u00f3n, especialmente aquellos en los que se requiere una sustancia definida con precisi\u00f3n. Por ejemplo, puede utilizarse en estudios sobre neuroqu\u00edmica o mecanismos de acci\u00f3n farmacol\u00f3gicos. La dosis precisa de 134 mg permite una exposici\u00f3n controlada en entornos experimentales.<\/p>\n<p>Adem\u00e1s, la <b>La calidad de la investigaci\u00f3n a la venta<\/b> de nuestro producto es decisivo para la fiabilidad de los resultados de sus estudios. Sabemos que en la ciencia no se pueden hacer concesiones en cuanto a la pureza y la consistencia. Por eso, nuestro objetivo es suministrarle siempre materiales que superen sus expectativas y favorezcan el avance de su investigaci\u00f3n.<\/p>\n<h2>Caracter\u00edsticas importantes de Beans Domino MDMA 134 mg<\/h2>\n<p>Las propiedades espec\u00edficas de Beans Domino MDMA 134 mg lo convierten en una herramienta valiosa para la investigaci\u00f3n cient\u00edfica. Se trata de un polvo cristalino con una firma qu\u00edmica caracter\u00edstica. Adem\u00e1s, su solubilidad en determinados disolventes es un aspecto importante que debe tenerse en cuenta a la hora de preparar los experimentos.<\/p>\n<p>Adem\u00e1s, los par\u00e1metros f\u00edsicos, como el punto de fusi\u00f3n y la densidad, son importantes para la identificaci\u00f3n y caracterizaci\u00f3n de la sustancia. Por lo tanto, nos aseguramos de que todos los datos relevantes est\u00e9n disponibles para una evaluaci\u00f3n exhaustiva. Esto contribuye a la credibilidad y reproducibilidad de su investigaci\u00f3n.<\/p>\n<h3>Estructura y composici\u00f3n<\/h3>\n<p>Desde el punto de vista qu\u00edmico, la MDMA es una metilendioxifeniletilamina sustituida y una anfetamina. La disposici\u00f3n espec\u00edfica de los \u00e1tomos en la f\u00f3rmula de Beans Domino MDMA 134 mg es fundamental para su estabilidad y reactividad. Por lo tanto, cada lote se sintetiza y purifica cuidadosamente para garantizar esta estructura precisa.<\/p>\n<p>Adem\u00e1s, la composici\u00f3n molecular se controla estrictamente para minimizar las variaciones. Esto es especialmente importante en los estudios a largo plazo, en los que la consistencia del material de investigaci\u00f3n es de suma importancia. En resumen, nuestros productos cumplen con los m\u00e1s altos requisitos de integridad qu\u00edmica.<\/p>\n<h3>Compra segura y fiabilidad<\/h3>\n<p>A <b>adquisici\u00f3n segura<\/b> es tan importante para nosotros como la calidad del producto. Por este motivo, hemos establecido procesos que garantizan que su pedido sea tratado con el m\u00e1ximo cuidado. Damos gran importancia a la discreci\u00f3n y profesionalidad en todas las transacciones, con el fin de proteger su privacidad.<\/p>\n<p>Adem\u00e1s, cada paso, desde la ejecuci\u00f3n del pedido hasta la preparaci\u00f3n final, se lleva a cabo con el m\u00e1ximo cuidado y siguiendo protocolos estrictos. Por lo tanto, puede estar seguro de que su material de investigaci\u00f3n le llegar\u00e1 de forma segura e intacto. Garantizamos un suministro fiable y de confianza de sus materiales.<\/p>\n<h2>\u00bfPor qu\u00e9 elegir Beans Domino MDMA 134 mg de Chemgramx?<\/h2>\n<p>Elegir el proveedor adecuado de productos qu\u00edmicos para investigaci\u00f3n es fundamental. Chemgramx es sin\u00f3nimo de competencia profesional, calidad y fiabilidad. Si usted <b>Beans Domino MDMA Comprar online<\/b> , no solo le ofrecemos un producto, sino una soluci\u00f3n integral para sus necesidades de investigaci\u00f3n. Por ejemplo, encontrar\u00e1 <a href=\"https:\/\/chemgramx.com\/product\/erleben-sie-die-intensitaet-mit-beans-domino-mdma-134-mg-online-kaufen\/\">Nuestra oferta completa de Beans Domino MDMA 134 mg<\/a> en nuestra p\u00e1gina web.<\/p>\n<p>Adem\u00e1s, nuestro servicio de atenci\u00f3n al cliente est\u00e1 preparado para ayudarle con cualquier pregunta que pueda tener. Entendemos las necesidades de la comunidad cient\u00edfica y nos esforzamos por satisfacerlas de la mejor manera posible. Por eso nos posicionamos como su socio preferido para materiales de investigaci\u00f3n de alta calidad.<\/p>\n<h3>Nuestro compromiso con la calidad<\/h3>\n<p>Nuestro incansable compromiso con la calidad de los productos es uno de los pilares fundamentales de nuestra filosof\u00eda empresarial. Invertimos continuamente en t\u00e9cnicas de an\u00e1lisis modernas y en personal cualificado para garantizar que usted siempre <b>Frijoles de primera calidad Domino MDMA<\/b> . Esto incluye estrictos controles internos y auditor\u00edas peri\u00f3dicas.<\/p>\n<p>Adem\u00e1s, nuestro objetivo es ofrecer productos que no solo cumplan con las expectativas de pureza y consistencia, sino que las superen. Por lo tanto, puede estar completamente seguro de que <b>Aut\u00e9ntico Beans Domino MDMA<\/b> para sus proyectos innovadores. Nuestra reputaci\u00f3n se basa en la confianza y la satisfacci\u00f3n de nuestros estimados clientes.<\/p>\n<h3>La importancia de la calidad de la investigaci\u00f3n<\/h3>\n<p>La integridad de su investigaci\u00f3n depende en gran medida de la calidad de los materiales utilizados. Por lo tanto, es <b>La calidad de la investigaci\u00f3n a la venta<\/b> de Beans Domino La MDMA es una prioridad m\u00e1xima en Chemgramx. Entendemos que solo se pueden obtener resultados precisos y reproducibles con productos que cumplan con los est\u00e1ndares m\u00e1s exigentes.<\/p>\n<p>Por consiguiente, contribuimos al progreso cient\u00edfico proporcionando productos qu\u00edmicos fiables y puros. Usted puede <a href=\"https:\/\/chemgramx.com\/product\/forbidden-fruit-indica-hybrid-strain-23-26-thc\/\">M\u00e1s materiales de investigaci\u00f3n de alta calidad<\/a> Desc\u00fabralo en nuestra variada gama de productos. Al fin y al cabo, nuestro objetivo es proporcionarle las mejores herramientas para sus descubrimientos cient\u00edficos.<\/p>\n<h2>Preguntas frecuentes (FAQ) sobre Beans Domino MDMA 134 mg<\/h2>\n<ul>\n<li><b>\u00bfQu\u00e9 es Beans Domino MDMA 134 mg?<\/b><br \/>Es una formulaci\u00f3n espec\u00edficamente dosificada de 3,4-metilendioxi-N-metilanfetamina, fabricada con fines cient\u00edficos y de investigaci\u00f3n. La indicaci\u00f3n de 134 mg se refiere a la cantidad exacta de principio activo por unidad.<\/li>\n<li><b>\u00bfQu\u00e9 pureza tiene Beans Domino MDMA de Chemgramx?<\/b><br \/>Garantizamos la alta pureza de nuestros productos Beans Domino MDMA, confirmada mediante rigurosos an\u00e1lisis de laboratorio y controles de calidad. Esto garantiza su idoneidad para aplicaciones de investigaci\u00f3n exigentes.<\/li>\n<li><b>\u00bfPara qu\u00e9 fines de investigaci\u00f3n es adecuado este producto?<\/b><br \/>Beans Domino MDMA 134 mg es ideal para estudios que requieren una dosificaci\u00f3n precisa y una alta consistencia del material, por ejemplo, en la investigaci\u00f3n farmacol\u00f3gica, neuroqu\u00edmica o anal\u00edtica.<\/li>\n<li><b>\u00bfC\u00f3mo se garantiza la calidad de los productos?<\/b><br \/>Nuestro control de calidad incluye pruebas anal\u00edticas detalladas realizadas por laboratorios independientes para verificar la identidad qu\u00edmica, la pureza y la concentraci\u00f3n de cada lote.<\/li>\n<\/ul>\n<h2>Pida Beans Domino MDMA 134 mg hoy mismo<\/h2>\n<p>Si est\u00e1 listo para llevar su investigaci\u00f3n al siguiente nivel, ahora es el momento adecuado para <b>Beans Domino MDMA Comprar online<\/b>. Nuestro proceso es intuitivo y se adapta a sus necesidades. De este modo, podr\u00e1 obtener los materiales que necesita de forma r\u00e1pida y eficiente. Estamos a su disposici\u00f3n para atender sus consultas de inmediato y ofrecerle el <b>El mejor Beans Domino MDMA disponible<\/b> entregar.<\/p>\n<p>Aproveche la oportunidad, <b>Comprar ahora online<\/b> y beneficiarse de nuestra experiencia. Somos su socio de confianza para <b>productos qu\u00edmicos de investigaci\u00f3n de gran pureza<\/b>. Por lo tanto, puede estar seguro de que su pedido se tramitar\u00e1 con la m\u00e1xima profesionalidad y discreci\u00f3n. Esperamos darle la bienvenida como cliente apreciado en Chemgramx.<\/p>","protected":false},"excerpt":{"rendered":"<p>Descubra <b>Jud\u00edas Domino MDMA 134 mg<\/b>, una sustancia de alta pureza con calidad de investigaci\u00f3n. Perfecta para aplicaciones cient\u00edficas de precisi\u00f3n. <b>Comprar en Chemgramx<\/b> para garantizar la autenticidad y la coherencia.<\/p>\n<ul>\n<li><b>Alta pureza:<\/b> Calidad de laboratorio garantizada.<\/li>\n<li><b>Dosificaci\u00f3n precisa:<\/b> Ideal para proyectos de investigaci\u00f3n.<\/li>\n<li><b>Compra segura:<\/b> Tratado con discreci\u00f3n y cuidado.<\/li>\n<\/ul>","protected":false},"featured_media":8014,"comment_status":"open","ping_status":"closed","template":"","meta":{"_joinchat":[]},"product_brand":[],"product_cat":[2846],"product_tag":[2492,2495,2494,2491,1792,2493,2011,2017,2164,2018,2015],"class_list":{"0":"post-7978","1":"product","2":"type-product","3":"status-publish","4":"has-post-thumbnail","6":"product_cat-ecstasy-pills","7":"product_tag-134mg-mdma","8":"product_tag-134mg-mdma-kaufen","9":"product_tag-beans-domino-kaufen","10":"product_tag-beans-domino-mdma","11":"product_tag-beans-domino-mdma-134mg","12":"product_tag-mdma-134mg","13":"product_tag-mdma-kaufen","14":"product_tag-mdma-kristalle","15":"product_tag-mdma-online-kaufen","16":"product_tag-mdma-zum-verkauf","17":"product_tag-synthetische-drogen","19":"first","20":"instock","21":"shipping-taxable","22":"purchasable","23":"product-type-variable"},"yoast_head":"<!-- This site is optimized with the Yoast SEO plugin v27.5 - https:\/\/yoast.com\/product\/yoast-seo-wordpress\/ -->\n<title>Beans Domino MDMA: Hohe Reinheit online erwerben<\/title>\n<meta name=\"description\" content=\"Entdecken Sie hochreines Beans Domino MDMA 134 mg f\u00fcr Ihre Forschung. Erwerben Sie authentische Laborqualit\u00e4t sicher bei Chemgramx. Jetzt online verf\u00fcgbar.\" \/>\n<meta name=\"robots\" content=\"index, follow, max-snippet:-1, max-image-preview:large, max-video-preview:-1\" \/>\n<link rel=\"canonical\" href=\"https:\/\/chemgramx.com\/es\/producto-1\/experimente-la-intensidad-con-beans-domino-mdma-134-mg-comprar-online\/\" \/>\n<meta property=\"og:locale\" content=\"es_ES\" \/>\n<meta property=\"og:type\" content=\"article\" \/>\n<meta property=\"og:title\" content=\"Beans Domino MDMA: Hohe Reinheit online erwerben\" \/>\n<meta property=\"og:description\" content=\"Entdecken Sie hochreines Beans Domino MDMA 134 mg f\u00fcr Ihre Forschung. Erwerben Sie authentische Laborqualit\u00e4t sicher bei Chemgramx. Jetzt online verf\u00fcgbar.\" \/>\n<meta property=\"og:url\" content=\"https:\/\/chemgramx.com\/es\/producto-1\/experimente-la-intensidad-con-beans-domino-mdma-134-mg-comprar-online\/\" \/>\n<meta property=\"og:site_name\" content=\"Chemgramx\" \/>\n<meta property=\"article:modified_time\" content=\"2025-12-10T18:24:28+00:00\" \/>\n<meta property=\"og:image\" content=\"https:\/\/chemgramx.com\/wp-content\/uploads\/2025\/11\/Beans-Domino-MDMA-134mg-1.png\" \/>\n\t<meta property=\"og:image:width\" content=\"600\" \/>\n\t<meta property=\"og:image:height\" content=\"400\" \/>\n\t<meta property=\"og:image:type\" content=\"image\/png\" \/>\n<meta name=\"twitter:card\" content=\"summary_large_image\" \/>\n<meta name=\"twitter:label1\" content=\"Tiempo de lectura\" \/>\n\t<meta name=\"twitter:data1\" content=\"3 minutos\" \/>\n<script type=\"application\/ld+json\" class=\"yoast-schema-graph\">{\"@context\":\"https:\\\/\\\/schema.org\",\"@graph\":[{\"@type\":\"WebPage\",\"@id\":\"https:\\\/\\\/chemgramx.com\\\/product\\\/erleben-sie-die-intensitaet-mit-beans-domino-mdma-134-mg-online-kaufen\\\/\",\"url\":\"https:\\\/\\\/chemgramx.com\\\/product\\\/erleben-sie-die-intensitaet-mit-beans-domino-mdma-134-mg-online-kaufen\\\/\",\"name\":\"Beans Domino MDMA: Hohe Reinheit online erwerben\",\"isPartOf\":{\"@id\":\"https:\\\/\\\/chemgramx.com\\\/#website\"},\"primaryImageOfPage\":{\"@id\":\"https:\\\/\\\/chemgramx.com\\\/product\\\/erleben-sie-die-intensitaet-mit-beans-domino-mdma-134-mg-online-kaufen\\\/#primaryimage\"},\"image\":{\"@id\":\"https:\\\/\\\/chemgramx.com\\\/product\\\/erleben-sie-die-intensitaet-mit-beans-domino-mdma-134-mg-online-kaufen\\\/#primaryimage\"},\"thumbnailUrl\":\"https:\\\/\\\/chemgramx.com\\\/wp-content\\\/uploads\\\/2025\\\/11\\\/Beans-Domino-MDMA-134mg-1.png\",\"datePublished\":\"2025-11-21T16:44:40+00:00\",\"dateModified\":\"2025-12-10T18:24:28+00:00\",\"description\":\"Entdecken Sie hochreines Beans Domino MDMA 134 mg f\u00fcr Ihre Forschung. Erwerben Sie authentische Laborqualit\u00e4t sicher bei Chemgramx. Jetzt online verf\u00fcgbar.\",\"breadcrumb\":{\"@id\":\"https:\\\/\\\/chemgramx.com\\\/product\\\/erleben-sie-die-intensitaet-mit-beans-domino-mdma-134-mg-online-kaufen\\\/#breadcrumb\"},\"inLanguage\":\"es\",\"potentialAction\":[{\"@type\":\"ReadAction\",\"target\":[\"https:\\\/\\\/chemgramx.com\\\/product\\\/erleben-sie-die-intensitaet-mit-beans-domino-mdma-134-mg-online-kaufen\\\/\"]}]},{\"@type\":\"ImageObject\",\"inLanguage\":\"es\",\"@id\":\"https:\\\/\\\/chemgramx.com\\\/product\\\/erleben-sie-die-intensitaet-mit-beans-domino-mdma-134-mg-online-kaufen\\\/#primaryimage\",\"url\":\"https:\\\/\\\/chemgramx.com\\\/wp-content\\\/uploads\\\/2025\\\/11\\\/Beans-Domino-MDMA-134mg-1.png\",\"contentUrl\":\"https:\\\/\\\/chemgramx.com\\\/wp-content\\\/uploads\\\/2025\\\/11\\\/Beans-Domino-MDMA-134mg-1.png\",\"width\":600,\"height\":400},{\"@type\":\"BreadcrumbList\",\"@id\":\"https:\\\/\\\/chemgramx.com\\\/product\\\/erleben-sie-die-intensitaet-mit-beans-domino-mdma-134-mg-online-kaufen\\\/#breadcrumb\",\"itemListElement\":[{\"@type\":\"ListItem\",\"position\":1,\"name\":\"Home\",\"item\":\"https:\\\/\\\/chemgramx.com\\\/\"},{\"@type\":\"ListItem\",\"position\":2,\"name\":\"Shop\",\"item\":\"https:\\\/\\\/chemgramx.com\\\/shop\\\/\"},{\"@type\":\"ListItem\",\"position\":3,\"name\":\"Beans Domino MDMA: Hohe Reinheit online erwerben\"}]},{\"@type\":\"WebSite\",\"@id\":\"https:\\\/\\\/chemgramx.com\\\/#website\",\"url\":\"https:\\\/\\\/chemgramx.com\\\/\",\"name\":\"Chemgramx\",\"description\":\"\",\"publisher\":{\"@id\":\"https:\\\/\\\/chemgramx.com\\\/#organization\"},\"potentialAction\":[{\"@type\":\"SearchAction\",\"target\":{\"@type\":\"EntryPoint\",\"urlTemplate\":\"https:\\\/\\\/chemgramx.com\\\/?s={search_term_string}\"},\"query-input\":{\"@type\":\"PropertyValueSpecification\",\"valueRequired\":true,\"valueName\":\"search_term_string\"}}],\"inLanguage\":\"es\"},{\"@type\":\"Organization\",\"@id\":\"https:\\\/\\\/chemgramx.com\\\/#organization\",\"name\":\"Chemgramx\",\"url\":\"https:\\\/\\\/chemgramx.com\\\/\",\"logo\":{\"@type\":\"ImageObject\",\"inLanguage\":\"es\",\"@id\":\"https:\\\/\\\/chemgramx.com\\\/#\\\/schema\\\/logo\\\/image\\\/\",\"url\":\"https:\\\/\\\/chemgramx.com\\\/wp-content\\\/uploads\\\/2024\\\/10\\\/final-logo.png\",\"contentUrl\":\"https:\\\/\\\/chemgramx.com\\\/wp-content\\\/uploads\\\/2024\\\/10\\\/final-logo.png\",\"width\":250,\"height\":48,\"caption\":\"Chemgramx\"},\"image\":{\"@id\":\"https:\\\/\\\/chemgramx.com\\\/#\\\/schema\\\/logo\\\/image\\\/\"}}]}<\/script>\n<!-- \/ Yoast SEO plugin. -->","yoast_head_json":{"title":"Beans Domino MDMA: Compra online de alta pureza","description":"Descubra Beans Domino MDMA 134 mg de alta pureza para su investigaci\u00f3n. Adquiera aut\u00e9ntica calidad de laboratorio de forma segura en Chemgramx. Ahora disponible en l\u00ednea.","robots":{"index":"index","follow":"follow","max-snippet":"max-snippet:-1","max-image-preview":"max-image-preview:large","max-video-preview":"max-video-preview:-1"},"canonical":"https:\/\/chemgramx.com\/es\/producto-1\/experimente-la-intensidad-con-beans-domino-mdma-134-mg-comprar-online\/","og_locale":"es_ES","og_type":"article","og_title":"Beans Domino MDMA: Hohe Reinheit online erwerben","og_description":"Entdecken Sie hochreines Beans Domino MDMA 134 mg f\u00fcr Ihre Forschung. Erwerben Sie authentische Laborqualit\u00e4t sicher bei Chemgramx. Jetzt online verf\u00fcgbar.","og_url":"https:\/\/chemgramx.com\/es\/producto-1\/experimente-la-intensidad-con-beans-domino-mdma-134-mg-comprar-online\/","og_site_name":"Chemgramx","article_modified_time":"2025-12-10T18:24:28+00:00","og_image":[{"width":600,"height":400,"url":"https:\/\/chemgramx.com\/wp-content\/uploads\/2025\/11\/Beans-Domino-MDMA-134mg-1.png","type":"image\/png"}],"twitter_card":"summary_large_image","twitter_misc":{"Tiempo de lectura":"3 minutos"},"schema":{"@context":"https:\/\/schema.org","@graph":[{"@type":"WebPage","@id":"https:\/\/chemgramx.com\/product\/erleben-sie-die-intensitaet-mit-beans-domino-mdma-134-mg-online-kaufen\/","url":"https:\/\/chemgramx.com\/product\/erleben-sie-die-intensitaet-mit-beans-domino-mdma-134-mg-online-kaufen\/","name":"Beans Domino MDMA: Compra online de alta pureza","isPartOf":{"@id":"https:\/\/chemgramx.com\/#website"},"primaryImageOfPage":{"@id":"https:\/\/chemgramx.com\/product\/erleben-sie-die-intensitaet-mit-beans-domino-mdma-134-mg-online-kaufen\/#primaryimage"},"image":{"@id":"https:\/\/chemgramx.com\/product\/erleben-sie-die-intensitaet-mit-beans-domino-mdma-134-mg-online-kaufen\/#primaryimage"},"thumbnailUrl":"https:\/\/chemgramx.com\/wp-content\/uploads\/2025\/11\/Beans-Domino-MDMA-134mg-1.png","datePublished":"2025-11-21T16:44:40+00:00","dateModified":"2025-12-10T18:24:28+00:00","description":"Descubra Beans Domino MDMA 134 mg de alta pureza para su investigaci\u00f3n. Adquiera aut\u00e9ntica calidad de laboratorio de forma segura en Chemgramx. Ahora disponible en l\u00ednea.","breadcrumb":{"@id":"https:\/\/chemgramx.com\/product\/erleben-sie-die-intensitaet-mit-beans-domino-mdma-134-mg-online-kaufen\/#breadcrumb"},"inLanguage":"es","potentialAction":[{"@type":"ReadAction","target":["https:\/\/chemgramx.com\/product\/erleben-sie-die-intensitaet-mit-beans-domino-mdma-134-mg-online-kaufen\/"]}]},{"@type":"ImageObject","inLanguage":"es","@id":"https:\/\/chemgramx.com\/product\/erleben-sie-die-intensitaet-mit-beans-domino-mdma-134-mg-online-kaufen\/#primaryimage","url":"https:\/\/chemgramx.com\/wp-content\/uploads\/2025\/11\/Beans-Domino-MDMA-134mg-1.png","contentUrl":"https:\/\/chemgramx.com\/wp-content\/uploads\/2025\/11\/Beans-Domino-MDMA-134mg-1.png","width":600,"height":400},{"@type":"BreadcrumbList","@id":"https:\/\/chemgramx.com\/product\/erleben-sie-die-intensitaet-mit-beans-domino-mdma-134-mg-online-kaufen\/#breadcrumb","itemListElement":[{"@type":"ListItem","position":1,"name":"Home","item":"https:\/\/chemgramx.com\/"},{"@type":"ListItem","position":2,"name":"Shop","item":"https:\/\/chemgramx.com\/shop\/"},{"@type":"ListItem","position":3,"name":"Beans Domino MDMA: Hohe Reinheit online erwerben"}]},{"@type":"WebSite","@id":"https:\/\/chemgramx.com\/#website","url":"https:\/\/chemgramx.com\/","name":"Chemgramx","description":"","publisher":{"@id":"https:\/\/chemgramx.com\/#organization"},"potentialAction":[{"@type":"SearchAction","target":{"@type":"EntryPoint","urlTemplate":"https:\/\/chemgramx.com\/?s={search_term_string}"},"query-input":{"@type":"PropertyValueSpecification","valueRequired":true,"valueName":"search_term_string"}}],"inLanguage":"es"},{"@type":"Organization","@id":"https:\/\/chemgramx.com\/#organization","name":"Chemgramx","url":"https:\/\/chemgramx.com\/","logo":{"@type":"ImageObject","inLanguage":"es","@id":"https:\/\/chemgramx.com\/#\/schema\/logo\/image\/","url":"https:\/\/chemgramx.com\/wp-content\/uploads\/2024\/10\/final-logo.png","contentUrl":"https:\/\/chemgramx.com\/wp-content\/uploads\/2024\/10\/final-logo.png","width":250,"height":48,"caption":"Chemgramx"},"image":{"@id":"https:\/\/chemgramx.com\/#\/schema\/logo\/image\/"}}]}},"_links":{"self":[{"href":"https:\/\/chemgramx.com\/es\/wp-json\/wp\/v2\/product\/7978","targetHints":{"allow":["GET"]}}],"collection":[{"href":"https:\/\/chemgramx.com\/es\/wp-json\/wp\/v2\/product"}],"about":[{"href":"https:\/\/chemgramx.com\/es\/wp-json\/wp\/v2\/types\/product"}],"replies":[{"embeddable":true,"href":"https:\/\/chemgramx.com\/es\/wp-json\/wp\/v2\/comments?post=7978"}],"wp:featuredmedia":[{"embeddable":true,"href":"https:\/\/chemgramx.com\/es\/wp-json\/wp\/v2\/media\/8014"}],"wp:attachment":[{"href":"https:\/\/chemgramx.com\/es\/wp-json\/wp\/v2\/media?parent=7978"}],"wp:term":[{"taxonomy":"product_brand","embeddable":true,"href":"https:\/\/chemgramx.com\/es\/wp-json\/wp\/v2\/product_brand?post=7978"},{"taxonomy":"product_cat","embeddable":true,"href":"https:\/\/chemgramx.com\/es\/wp-json\/wp\/v2\/product_cat?post=7978"},{"taxonomy":"product_tag","embeddable":true,"href":"https:\/\/chemgramx.com\/es\/wp-json\/wp\/v2\/product_tag?post=7978"}],"curies":[{"name":"wp","href":"https:\/\/api.w.org\/{rel}","templated":true}]}}