{"id":7982,"date":"2025-11-21T16:44:46","date_gmt":"2025-11-21T16:44:46","guid":{"rendered":"https:\/\/chemgramx.com\/?post_type=product&#038;p=7982"},"modified":"2025-12-10T17:07:01","modified_gmt":"2025-12-10T17:07:01","slug":"dark-smiley-green-150-mg-mdma-pedido-online","status":"publish","type":"product","link":"https:\/\/chemgramx.com\/es\/product\/dark-smiley-green-150mg-mdma-online-bestellung\/","title":{"rendered":"Comprar MDMA \u2013 Dark Smiley Green (alta pureza | online)"},"content":{"rendered":"<p>Bienvenido a Chemgramx, su principal proveedor de productos qu\u00edmicos de alta calidad para investigaci\u00f3n. Le presentamos <b>Dark Smiley Green 150 mg de MDMA<\/b>, un producto apreciado por su extraordinaria pureza y consistencia. Por lo tanto, es la elecci\u00f3n ideal para estudios cient\u00edficos y aplicaciones de laboratorio. Muchos investigadores desean <b>Venta de MDMA<\/b> adquirir, y nos aseguramos de que nuestra oferta satisfaga sus m\u00e1s altas exigencias.<\/p>\n<p>Nuestra <b>Dark Smiley Green 150 mg de MDMA<\/b> Ha sido especialmente dise\u00f1ado para laboratorios de investigaci\u00f3n. Adem\u00e1s, garantizamos una <b>Alta pureza a la venta<\/b>, lo cual se confirma mediante estrictos controles de calidad. Por lo tanto, puede confiar en resultados precisos y reproducibles. Si <b>Comprar MDMA online<\/b> Chemgramx ofrece una plataforma fiable y profesional.<\/p>\n<h2>\u00bfQu\u00e9 es la MDMA (3,4-metilendioximetanfetamina)?<\/h2>\n<p>La MDMA, conocida cient\u00edficamente como 3,4-metilendioximetanfetamina, es una sustancia psicoactiva. Pertenece a la clase de las anfetaminas sustituidas y las fenetilaminas. Adem\u00e1s, es conocida por sus efectos \u00fanicos sobre la serotonina, la dopamina y la noradrenalina en el cerebro. Sintetizada originalmente a principios del siglo XX, ha suscitado un gran inter\u00e9s cient\u00edfico en las \u00faltimas d\u00e9cadas.<\/p>\n<p>La estructura qu\u00edmica de la MDMA permite una interacci\u00f3n compleja con los sistemas neurotransmisores. Esto es de gran inter\u00e9s para la investigaci\u00f3n farmac\u00e9utica. Adem\u00e1s, la sustancia se est\u00e1 investigando en ensayos cl\u00ednicos controlados debido a sus posibles aplicaciones terap\u00e9uticas. Si usted <b>MDMA aut\u00e9ntico<\/b> Si busca productos de calidad, Chemgramx es el lugar adecuado, ya que garantizamos el origen y la pureza de nuestros productos.<\/p>\n<h3>La pureza de Dark Smiley Green MDMA<\/h3>\n<p>La pureza es de suma importancia en los productos qu\u00edmicos para investigaci\u00f3n. Por este motivo, en nuestro <b>Dark Smiley Green 150 mg de MDMA<\/b> La m\u00e1xima calidad es nuestra prioridad. Cada lote se comprueba minuciosamente para descartar impurezas y garantizar una concentraci\u00f3n constante del principio activo. De este modo, puede confiar en la precisi\u00f3n de sus experimentos.<\/p>\n<p>Nos comprometemos a, <b>MDMA de la m\u00e1s alta calidad<\/b> Por eso, nuestro producto se somete a rigurosas pruebas en laboratorios independientes. Estos procedimientos garantizan que usted reciba un producto que cumple con los m\u00e1s altos est\u00e1ndares de <b>La calidad de la investigaci\u00f3n a la venta<\/b> corresponde. Adem\u00e1s, nuestro objetivo es ofrecerle la <b>La mejor calidad de MDMA disponible<\/b> en el mercado.<\/p>\n<h3>El proceso de fabricaci\u00f3n y los est\u00e1ndares de calidad<\/h3>\n<p>La producci\u00f3n de <b>Dark Smiley Green 150 mg de MDMA<\/b> se lleva a cabo bajo condiciones estrictamente controladas. En primer lugar, solo se utilizan materias primas de alta calidad. A continuaci\u00f3n, se siguen unos pasos de s\u00edntesis precisos. Adem\u00e1s, se aplican las pr\u00e1cticas de laboratorio m\u00e1s modernas para garantizar la integridad del producto final.<\/p>\n<p>Nos regimos por estrictas directrices para garantizar la <b>Calidad de laboratorio a la venta<\/b> . Se supervisa cada fase del proceso de fabricaci\u00f3n, desde la comprobaci\u00f3n de las materias primas hasta el control final. De este modo, garantizamos que nuestra MDMA cumpla con las expectativas de un <b>producto de investigaci\u00f3n<\/b> corresponda plenamente. Solo as\u00ed podremos <b>MDMA de m\u00e1xima calidad<\/b> que esperan nuestros clientes.<\/p>\n<h2>\u00c1mbitos de aplicaci\u00f3n y potencial de investigaci\u00f3n<\/h2>\n<p>La MDMA se utiliza en la comunidad cient\u00edfica para diversos fines de investigaci\u00f3n. Por un lado, sirve para estudiar mecanismos neurol\u00f3gicos. Por otro lado, se est\u00e1 evaluando su potencial en la investigaci\u00f3n psicoterap\u00e9utica, especialmente en el contexto del trastorno por estr\u00e9s postraum\u00e1tico (TEPT) y otras enfermedades mentales. Para ello es imprescindible disponer de un producto de alta pureza.<\/p>\n<p>La investigaci\u00f3n precl\u00ednica se centra a menudo en los efectos neuroqu\u00edmicos de la MDMA. Adem\u00e1s, se llevan a cabo estudios sobre farmacocin\u00e9tica y farmacodin\u00e1mica. Tambi\u00e9n se investiga su potencial para fomentar la empat\u00eda y las relaciones sociales en entornos terap\u00e9uticos. Esto hace que <b>Dark Smiley Green 150 mg de MDMA<\/b> una valiosa herramienta para sus investigaciones.<\/p>\n<h3>Investigaci\u00f3n con MDMA de alta calidad<\/h3>\n<p>El uso de MDMA de alta calidad permite a los investigadores recopilar datos m\u00e1s precisos y significativos. Esto es fundamental para desarrollar nuevos tratamientos y comprender procesos neurol\u00f3gicos complejos. Por lo tanto, es muy importante elegir un proveedor de confianza como Chemgramx.<\/p>\n<p>Si usted <b>Comprar MDMA online<\/b> para sus proyectos cient\u00edficos, apoyan el desarrollo de una investigaci\u00f3n orientada al futuro. Estamos orgullosos de proporcionar a la comunidad cient\u00edfica productos que cumplen con los m\u00e1s altos est\u00e1ndares. Nuestro <b>La mejor MDMA disponible<\/b> es un pilar fundamental para la fiabilidad de los estudios.<\/p>\n<h3>Uso responsable y seguridad<\/h3>\n<p>El manejo de productos qu\u00edmicos de investigaci\u00f3n requiere siempre el m\u00e1ximo cuidado y responsabilidad. Es fundamental cumplir estrictamente todas las directrices de laboratorio y normas de seguridad aplicables. Adem\u00e1s, los investigadores deben llevar siempre equipo de protecci\u00f3n personal para evitar la contaminaci\u00f3n y la exposici\u00f3n.<\/p>\n<p>Queremos destacar expresamente que nuestro <b>Dark Smiley Green 150 mg de MDMA<\/b> est\u00e1 destinado exclusivamente a fines cient\u00edficos y de investigaci\u00f3n. Cualquier uso indebido o inadecuado est\u00e1 estrictamente prohibido y puede tener graves consecuencias. Por lo tanto, apelamos a la responsabilidad de nuestros clientes y al cumplimiento de las normas \u00e9ticas en la investigaci\u00f3n. Solo as\u00ed se puede garantizar la seguridad de todas las partes implicadas.<\/p>\n<h2>Su pedido en Chemgramx: calidad y confianza<\/h2>\n<p>En Chemgramx comprendemos las necesidades de la comunidad cient\u00edfica. Por eso damos tanta importancia a la calidad de los productos y a que el proceso de pedido sea fluido. Queremos que usted <b>Dark Smiley Green 150 mg de MDMA<\/b> pueden adquirir con plena confianza. El <b>pedido online<\/b> es f\u00e1cil y seguro con nosotros.<\/p>\n<p>Nos esforzamos por hacer que el proceso de compra sea lo m\u00e1s eficiente posible. Por este motivo, ofrecemos informaci\u00f3n detallada sobre los productos y asistencia transparente. Si <b>Comprar MDMA online<\/b> Encontrar\u00e1 un servicio fiable y profesional. Conf\u00ede en Chemgramx para sus necesidades de investigaci\u00f3n.<\/p>\n<h3>\u00bfPor qu\u00e9 comprar Dark Smiley Green MDMA en Chemgramx?<\/h3>\n<ul>\n<li><b>Pureza comprobada:<\/b> Se comprueba la pureza de cada producto para garantizar la fiabilidad de los resultados de la investigaci\u00f3n.<\/li>\n<li><b>Calidad de la investigaci\u00f3n:<\/b> Nuestra MDMA cumple con los m\u00e1s altos est\u00e1ndares para aplicaciones de laboratorio e investigaci\u00f3n.<\/li>\n<li><b>Procesamiento seguro:<\/b> Garantizamos un <b>compra segura<\/b> y un procesamiento discreto de su pedido.<\/li>\n<li><b>Asistencia competente:<\/b> Nuestro equipo est\u00e1 a su disposici\u00f3n para responder a sus preguntas y ayudarle de la mejor manera posible.<\/li>\n<\/ul>\n<p>Elija Chemgramx para <b>Dark Smiley Green 150 mg de MDMA<\/b> . Usted elige un socio que da prioridad a la calidad y la integridad cient\u00edfica. <a href=\"https:\/\/chemgramx.com\/product\/dark-smiley-green-150mg-mdma-online-bestellung\/\">Aqu\u00ed puede comprar MDMA de alta calidad online.<\/a>.<\/p>\n<h3>Proceso de pedido seguro y discreci\u00f3n<\/h3>\n<p>Su privacidad y seguridad son importantes para nosotros. Por eso hemos implementado un proceso de pedido que garantiza la discreci\u00f3n. Todas las transacciones se tratan con el m\u00e1ximo cuidado. De este modo, puede utilizar nuestro <b>Dark Smiley Green 150 mg de MDMA<\/b> Pedir con tranquilidad.<\/p>\n<p>Nuestro sistema est\u00e1 dise\u00f1ado para proteger sus datos y garantizar un funcionamiento fluido. Si usted <b>Comprar ahora online<\/b>, benef\u00edciese de nuestro manejo profesional. Nos aseguramos de que su producto se procese de forma segura y se prepare con discreci\u00f3n. Conf\u00ede en un <b>compra segura<\/b> en Chemgramx.<\/p>\n<h2>Preguntas frecuentes sobre la MDMA (FAQ)<\/h2>\n<h3>\u00bfC\u00f3mo se garantiza la calidad?<\/h3>\n<p>La calidad de nuestro <b>Dark Smiley Green 150 mg de MDMA<\/b> Se garantiza mediante an\u00e1lisis en varias etapas. En primer lugar, utilizamos exclusivamente materias primas certificadas. A continuaci\u00f3n, se realizan estrictos controles durante el proceso de s\u00edntesis. Por \u00faltimo, cada lote se somete a pruebas de pureza e identidad en laboratorios independientes mediante HPLC y espectrometr\u00eda de masas. De este modo, garantizamos que nuestro producto cumple con los m\u00e1s altos est\u00e1ndares de investigaci\u00f3n y que usted siempre obtiene la <b>MDMA de m\u00e1xima calidad<\/b> recibido.<\/p>\n<h3>\u00bfExisten alternativas o sustancias similares para la investigaci\u00f3n?<\/h3>\n<p>S\u00ed, en la investigaci\u00f3n hay diferentes sustancias con distintos mecanismos de acci\u00f3n y campos de aplicaci\u00f3n. Mientras que la MDMA influye en v\u00edas neurol\u00f3gicas espec\u00edficas, otros compuestos podr\u00edan ser m\u00e1s relevantes para otras cuestiones de investigaci\u00f3n. Por ejemplo, tambi\u00e9n se est\u00e1 investigando <a href=\"https:\/\/chemgramx.com\/product\/rick-simpson-oil\/\">Aceite de Rick Simpson (RSO)<\/a> en la investigaci\u00f3n cuando se trata de cannabinoides y su potencial. Por lo tanto, es importante definir cuidadosamente los objetivos de la investigaci\u00f3n y seleccionar la sustancia adecuada.<\/p>\n<h2>Conclusi\u00f3n: su fuente fiable de MDMA<\/h2>\n<p>En resumen, Chemgramx es su socio ideal si usted <b>Dark Smiley Green 150 mg de MDMA a la venta<\/b> Buscamos. Ofrecemos un producto de pureza y calidad insuperables, dise\u00f1ado espec\u00edficamente para aplicaciones cient\u00edficas y de laboratorio. Nuestro compromiso con la excelencia y la satisfacci\u00f3n del cliente es inquebrantable.<\/p>\n<p>Adem\u00e1s, garantizamos un <b>compra segura<\/b> y un procesamiento profesional de su pedido. Si decide hacerlo, <b>Comprar en Chemgramx<\/b>, opte por la fiabilidad, la discreci\u00f3n y un servicio de primera clase. Adquiera su <b>La mejor MDMA disponible<\/b> hoy mismo y impulse su investigaci\u00f3n con la m\u00e1xima precisi\u00f3n y confianza.<\/p>","protected":false},"excerpt":{"rendered":"<p>Descubra <b>Dark Smiley Green 150 mg de MDMA<\/b> : un producto de m\u00e1xima pureza, ideal para aplicaciones exigentes de investigaci\u00f3n y laboratorio. Como <b>MDMA aut\u00e9ntico<\/b> de <b>Calidad de la investigaci\u00f3n<\/b> garantiza resultados precisos. <b>Pida MDMA en l\u00ednea<\/b> en Chemgramx y benef\u00edciese de:<\/p>\n<ul>\n<li><b>Pureza certificada<\/b> para estudios fiables.<\/li>\n<li>Conformidad <b>estrictas normas de laboratorio<\/b>.<\/li>\n<li>Uno <b>proceso de compra seguro<\/b>.<\/li>\n<\/ul>","protected":false},"featured_media":8018,"comment_status":"open","ping_status":"closed","template":"","meta":{"_joinchat":[]},"product_brand":[],"product_cat":[2846],"product_tag":[2137,2140,2136,2141,2139,2138,2017,1785,2018,2015],"class_list":{"0":"post-7982","1":"product","2":"type-product","3":"status-publish","4":"has-post-thumbnail","6":"product_cat-ecstasy-pills","7":"product_tag-150mg-mdma","8":"product_tag-150mg-mdma-kaufen","9":"product_tag-dark-smiley-green","10":"product_tag-dark-smiley-green-kaufen","11":"product_tag-dark-smiley-mdma","12":"product_tag-mdma-150mg-kaufen","13":"product_tag-mdma-kristalle","14":"product_tag-mdma-online","15":"product_tag-mdma-zum-verkauf","16":"product_tag-synthetische-drogen","18":"first","19":"instock","20":"shipping-taxable","21":"purchasable","22":"product-type-variable"},"yoast_head":"<!-- This site is optimized with the Yoast SEO plugin v27.5 - https:\/\/yoast.com\/product\/yoast-seo-wordpress\/ -->\n<title>MDMA kaufen \u2013 Dark Smiley Green (Hohe Reinheit | Online)<\/title>\n<meta name=\"description\" content=\"Entdecken Sie hochwertiges MDMA von Chemgramx. Bestellen Sie Dark Smiley Green MDMA online f\u00fcr Forschungszwecke. Hohe Reinheit garantiert. Sichere Abwicklung.\" \/>\n<meta name=\"robots\" content=\"index, follow, max-snippet:-1, max-image-preview:large, max-video-preview:-1\" \/>\n<link rel=\"canonical\" href=\"https:\/\/chemgramx.com\/es\/producto-1\/dark-smiley-green-150-mg-mdma-pedido-online\/\" \/>\n<meta property=\"og:locale\" content=\"es_ES\" \/>\n<meta property=\"og:type\" content=\"article\" \/>\n<meta property=\"og:title\" content=\"MDMA kaufen \u2013 Dark Smiley Green (Hohe Reinheit | Online)\" \/>\n<meta property=\"og:description\" content=\"Entdecken Sie hochwertiges MDMA von Chemgramx. Bestellen Sie Dark Smiley Green MDMA online f\u00fcr Forschungszwecke. Hohe Reinheit garantiert. Sichere Abwicklung.\" \/>\n<meta property=\"og:url\" content=\"https:\/\/chemgramx.com\/es\/producto-1\/dark-smiley-green-150-mg-mdma-pedido-online\/\" \/>\n<meta property=\"og:site_name\" content=\"Chemgramx\" \/>\n<meta property=\"article:modified_time\" content=\"2025-12-10T17:07:01+00:00\" \/>\n<meta property=\"og:image\" content=\"https:\/\/chemgramx.com\/wp-content\/uploads\/2025\/11\/p14-1.png\" \/>\n\t<meta property=\"og:image:width\" content=\"600\" \/>\n\t<meta property=\"og:image:height\" content=\"400\" \/>\n\t<meta property=\"og:image:type\" content=\"image\/png\" \/>\n<meta name=\"twitter:card\" content=\"summary_large_image\" \/>\n<meta name=\"twitter:label1\" content=\"Tiempo de lectura\" \/>\n\t<meta name=\"twitter:data1\" content=\"6 minutos\" \/>\n<script type=\"application\/ld+json\" class=\"yoast-schema-graph\">{\"@context\":\"https:\\\/\\\/schema.org\",\"@graph\":[{\"@type\":\"WebPage\",\"@id\":\"https:\\\/\\\/chemgramx.com\\\/product\\\/dark-smiley-green-150mg-mdma-online-bestellung\\\/\",\"url\":\"https:\\\/\\\/chemgramx.com\\\/product\\\/dark-smiley-green-150mg-mdma-online-bestellung\\\/\",\"name\":\"MDMA kaufen \u2013 Dark Smiley Green (Hohe Reinheit | Online)\",\"isPartOf\":{\"@id\":\"https:\\\/\\\/chemgramx.com\\\/#website\"},\"primaryImageOfPage\":{\"@id\":\"https:\\\/\\\/chemgramx.com\\\/product\\\/dark-smiley-green-150mg-mdma-online-bestellung\\\/#primaryimage\"},\"image\":{\"@id\":\"https:\\\/\\\/chemgramx.com\\\/product\\\/dark-smiley-green-150mg-mdma-online-bestellung\\\/#primaryimage\"},\"thumbnailUrl\":\"https:\\\/\\\/chemgramx.com\\\/wp-content\\\/uploads\\\/2025\\\/11\\\/p14-1.png\",\"datePublished\":\"2025-11-21T16:44:46+00:00\",\"dateModified\":\"2025-12-10T17:07:01+00:00\",\"description\":\"Entdecken Sie hochwertiges MDMA von Chemgramx. Bestellen Sie Dark Smiley Green MDMA online f\u00fcr Forschungszwecke. Hohe Reinheit garantiert. Sichere Abwicklung.\",\"breadcrumb\":{\"@id\":\"https:\\\/\\\/chemgramx.com\\\/product\\\/dark-smiley-green-150mg-mdma-online-bestellung\\\/#breadcrumb\"},\"inLanguage\":\"es\",\"potentialAction\":[{\"@type\":\"ReadAction\",\"target\":[\"https:\\\/\\\/chemgramx.com\\\/product\\\/dark-smiley-green-150mg-mdma-online-bestellung\\\/\"]}]},{\"@type\":\"ImageObject\",\"inLanguage\":\"es\",\"@id\":\"https:\\\/\\\/chemgramx.com\\\/product\\\/dark-smiley-green-150mg-mdma-online-bestellung\\\/#primaryimage\",\"url\":\"https:\\\/\\\/chemgramx.com\\\/wp-content\\\/uploads\\\/2025\\\/11\\\/p14-1.png\",\"contentUrl\":\"https:\\\/\\\/chemgramx.com\\\/wp-content\\\/uploads\\\/2025\\\/11\\\/p14-1.png\",\"width\":600,\"height\":400},{\"@type\":\"BreadcrumbList\",\"@id\":\"https:\\\/\\\/chemgramx.com\\\/product\\\/dark-smiley-green-150mg-mdma-online-bestellung\\\/#breadcrumb\",\"itemListElement\":[{\"@type\":\"ListItem\",\"position\":1,\"name\":\"Home\",\"item\":\"https:\\\/\\\/chemgramx.com\\\/\"},{\"@type\":\"ListItem\",\"position\":2,\"name\":\"Shop\",\"item\":\"https:\\\/\\\/chemgramx.com\\\/shop\\\/\"},{\"@type\":\"ListItem\",\"position\":3,\"name\":\"MDMA kaufen \u2013 Dark Smiley Green (Hohe Reinheit | Online)\"}]},{\"@type\":\"WebSite\",\"@id\":\"https:\\\/\\\/chemgramx.com\\\/#website\",\"url\":\"https:\\\/\\\/chemgramx.com\\\/\",\"name\":\"Chemgramx\",\"description\":\"\",\"publisher\":{\"@id\":\"https:\\\/\\\/chemgramx.com\\\/#organization\"},\"potentialAction\":[{\"@type\":\"SearchAction\",\"target\":{\"@type\":\"EntryPoint\",\"urlTemplate\":\"https:\\\/\\\/chemgramx.com\\\/?s={search_term_string}\"},\"query-input\":{\"@type\":\"PropertyValueSpecification\",\"valueRequired\":true,\"valueName\":\"search_term_string\"}}],\"inLanguage\":\"es\"},{\"@type\":\"Organization\",\"@id\":\"https:\\\/\\\/chemgramx.com\\\/#organization\",\"name\":\"Chemgramx\",\"url\":\"https:\\\/\\\/chemgramx.com\\\/\",\"logo\":{\"@type\":\"ImageObject\",\"inLanguage\":\"es\",\"@id\":\"https:\\\/\\\/chemgramx.com\\\/#\\\/schema\\\/logo\\\/image\\\/\",\"url\":\"https:\\\/\\\/chemgramx.com\\\/wp-content\\\/uploads\\\/2024\\\/10\\\/final-logo.png\",\"contentUrl\":\"https:\\\/\\\/chemgramx.com\\\/wp-content\\\/uploads\\\/2024\\\/10\\\/final-logo.png\",\"width\":250,\"height\":48,\"caption\":\"Chemgramx\"},\"image\":{\"@id\":\"https:\\\/\\\/chemgramx.com\\\/#\\\/schema\\\/logo\\\/image\\\/\"}}]}<\/script>\n<!-- \/ Yoast SEO plugin. -->","yoast_head_json":{"title":"Comprar MDMA \u2013 Dark Smiley Green (alta pureza | online)","description":"Descubra la MDMA de alta calidad de Chemgramx. Pida Dark Smiley Green MDMA online para fines de investigaci\u00f3n. Alta pureza garantizada. Tramitaci\u00f3n segura.","robots":{"index":"index","follow":"follow","max-snippet":"max-snippet:-1","max-image-preview":"max-image-preview:large","max-video-preview":"max-video-preview:-1"},"canonical":"https:\/\/chemgramx.com\/es\/producto-1\/dark-smiley-green-150-mg-mdma-pedido-online\/","og_locale":"es_ES","og_type":"article","og_title":"MDMA kaufen \u2013 Dark Smiley Green (Hohe Reinheit | Online)","og_description":"Entdecken Sie hochwertiges MDMA von Chemgramx. Bestellen Sie Dark Smiley Green MDMA online f\u00fcr Forschungszwecke. Hohe Reinheit garantiert. Sichere Abwicklung.","og_url":"https:\/\/chemgramx.com\/es\/producto-1\/dark-smiley-green-150-mg-mdma-pedido-online\/","og_site_name":"Chemgramx","article_modified_time":"2025-12-10T17:07:01+00:00","og_image":[{"width":600,"height":400,"url":"https:\/\/chemgramx.com\/wp-content\/uploads\/2025\/11\/p14-1.png","type":"image\/png"}],"twitter_card":"summary_large_image","twitter_misc":{"Tiempo de lectura":"6 minutos"},"schema":{"@context":"https:\/\/schema.org","@graph":[{"@type":"WebPage","@id":"https:\/\/chemgramx.com\/product\/dark-smiley-green-150mg-mdma-online-bestellung\/","url":"https:\/\/chemgramx.com\/product\/dark-smiley-green-150mg-mdma-online-bestellung\/","name":"Comprar MDMA \u2013 Dark Smiley Green (alta pureza | online)","isPartOf":{"@id":"https:\/\/chemgramx.com\/#website"},"primaryImageOfPage":{"@id":"https:\/\/chemgramx.com\/product\/dark-smiley-green-150mg-mdma-online-bestellung\/#primaryimage"},"image":{"@id":"https:\/\/chemgramx.com\/product\/dark-smiley-green-150mg-mdma-online-bestellung\/#primaryimage"},"thumbnailUrl":"https:\/\/chemgramx.com\/wp-content\/uploads\/2025\/11\/p14-1.png","datePublished":"2025-11-21T16:44:46+00:00","dateModified":"2025-12-10T17:07:01+00:00","description":"Descubra la MDMA de alta calidad de Chemgramx. Pida Dark Smiley Green MDMA online para fines de investigaci\u00f3n. Alta pureza garantizada. Tramitaci\u00f3n segura.","breadcrumb":{"@id":"https:\/\/chemgramx.com\/product\/dark-smiley-green-150mg-mdma-online-bestellung\/#breadcrumb"},"inLanguage":"es","potentialAction":[{"@type":"ReadAction","target":["https:\/\/chemgramx.com\/product\/dark-smiley-green-150mg-mdma-online-bestellung\/"]}]},{"@type":"ImageObject","inLanguage":"es","@id":"https:\/\/chemgramx.com\/product\/dark-smiley-green-150mg-mdma-online-bestellung\/#primaryimage","url":"https:\/\/chemgramx.com\/wp-content\/uploads\/2025\/11\/p14-1.png","contentUrl":"https:\/\/chemgramx.com\/wp-content\/uploads\/2025\/11\/p14-1.png","width":600,"height":400},{"@type":"BreadcrumbList","@id":"https:\/\/chemgramx.com\/product\/dark-smiley-green-150mg-mdma-online-bestellung\/#breadcrumb","itemListElement":[{"@type":"ListItem","position":1,"name":"Home","item":"https:\/\/chemgramx.com\/"},{"@type":"ListItem","position":2,"name":"Shop","item":"https:\/\/chemgramx.com\/shop\/"},{"@type":"ListItem","position":3,"name":"MDMA kaufen \u2013 Dark Smiley Green (Hohe Reinheit | Online)"}]},{"@type":"WebSite","@id":"https:\/\/chemgramx.com\/#website","url":"https:\/\/chemgramx.com\/","name":"Chemgramx","description":"","publisher":{"@id":"https:\/\/chemgramx.com\/#organization"},"potentialAction":[{"@type":"SearchAction","target":{"@type":"EntryPoint","urlTemplate":"https:\/\/chemgramx.com\/?s={search_term_string}"},"query-input":{"@type":"PropertyValueSpecification","valueRequired":true,"valueName":"search_term_string"}}],"inLanguage":"es"},{"@type":"Organization","@id":"https:\/\/chemgramx.com\/#organization","name":"Chemgramx","url":"https:\/\/chemgramx.com\/","logo":{"@type":"ImageObject","inLanguage":"es","@id":"https:\/\/chemgramx.com\/#\/schema\/logo\/image\/","url":"https:\/\/chemgramx.com\/wp-content\/uploads\/2024\/10\/final-logo.png","contentUrl":"https:\/\/chemgramx.com\/wp-content\/uploads\/2024\/10\/final-logo.png","width":250,"height":48,"caption":"Chemgramx"},"image":{"@id":"https:\/\/chemgramx.com\/#\/schema\/logo\/image\/"}}]}},"_links":{"self":[{"href":"https:\/\/chemgramx.com\/es\/wp-json\/wp\/v2\/product\/7982","targetHints":{"allow":["GET"]}}],"collection":[{"href":"https:\/\/chemgramx.com\/es\/wp-json\/wp\/v2\/product"}],"about":[{"href":"https:\/\/chemgramx.com\/es\/wp-json\/wp\/v2\/types\/product"}],"replies":[{"embeddable":true,"href":"https:\/\/chemgramx.com\/es\/wp-json\/wp\/v2\/comments?post=7982"}],"wp:featuredmedia":[{"embeddable":true,"href":"https:\/\/chemgramx.com\/es\/wp-json\/wp\/v2\/media\/8018"}],"wp:attachment":[{"href":"https:\/\/chemgramx.com\/es\/wp-json\/wp\/v2\/media?parent=7982"}],"wp:term":[{"taxonomy":"product_brand","embeddable":true,"href":"https:\/\/chemgramx.com\/es\/wp-json\/wp\/v2\/product_brand?post=7982"},{"taxonomy":"product_cat","embeddable":true,"href":"https:\/\/chemgramx.com\/es\/wp-json\/wp\/v2\/product_cat?post=7982"},{"taxonomy":"product_tag","embeddable":true,"href":"https:\/\/chemgramx.com\/es\/wp-json\/wp\/v2\/product_tag?post=7982"}],"curies":[{"name":"wp","href":"https:\/\/api.w.org\/{rel}","templated":true}]}}