{"id":7983,"date":"2025-11-21T16:44:46","date_gmt":"2025-11-21T16:44:46","guid":{"rendered":"https:\/\/chemgramx.com\/?post_type=product&#038;p=7983"},"modified":"2025-12-10T16:52:02","modified_gmt":"2025-12-10T16:52:02","slug":"egg-rolls-tomorrow-land-286-mg-mdma-buy-online","status":"publish","type":"product","link":"https:\/\/chemgramx.com\/es\/product\/egg-rolls-tomorrow-land-286-mg-mdma-online-kaufen\/","title":{"rendered":"Comprar EGG ROLLS TOMORROW-LAND MDMA: m\u00e1xima calidad"},"content":{"rendered":"<p>Bienvenido a Chemgramx, su proveedor de confianza de productos qu\u00edmicos de alta calidad para investigaci\u00f3n. Si usted <b>EGG ROLLS TOMORROW-LAND 286 MG MDMA comprar en l\u00ednea<\/b> ha llegado al lugar adecuado. Le ofrecemos una calidad excepcional especialmente dise\u00f1ada para fines de investigaci\u00f3n exigentes. Este producto es sin\u00f3nimo de m\u00e1xima pureza y fiabilidad, lo que lo convierte en la opci\u00f3n preferida para numerosas aplicaciones cient\u00edficas.<\/p>\n<p>De hecho, garantizamos que cada lote de <b>EGG ROLLS TOMORROW-LAND 286 MG MDMA a la venta<\/b> se somete a estrictos controles de calidad. Esto garantiza que siempre reciba un producto que cumple las normas m\u00e1s estrictas. Descubra las posibilidades de esta sustancia y compruebe por s\u00ed mismo la calidad inigualable que ofrecemos. Estamos orgullosos de ofrecer s\u00f3lo productos de la m\u00e1s alta calidad.<\/p>\n<h2>\u00bfQu\u00e9 es EGG ROLLS TOMORROW-LAND 286 MG MDMA?<\/h2>\n<p>La MDMA, o 3,4-metilendioximetanfetamina, es una sustancia de gran inter\u00e9s para los investigadores debido a su estructura qu\u00edmica \u00fanica y a su potencial abanico de aplicaciones. En particular, la variante <b>ROLLOS DE HUEVO MA\u00d1ANA-LAND 286 MG MDMA<\/b> ofrece una dosificaci\u00f3n y una forma espec\u00edficas que pueden ser beneficiosas para estudios precisos de laboratorio. Se trata de un derivado de la anfetamina y la feniletilamina, conocido por sus propiedades entact\u00f3genas, que se est\u00e1n investigando en contextos experimentales.<\/p>\n<p>Adem\u00e1s, la MDMA se utiliza a menudo en estudios precl\u00ednicos para comprender sus efectos farmacol\u00f3gicos sobre el sistema nervioso central. Los cient\u00edficos investigan la interacci\u00f3n con los sistemas neurotransmisores, en particular la serotonina, la dopamina y la noradrenalina. Por consiguiente, estos conocimientos detallados son cruciales para comprender exhaustivamente el modo de acci\u00f3n de la sustancia. La investigaci\u00f3n dirigida contribuye significativamente al progreso de la neurociencia.<\/p>\n<p>La dosificaci\u00f3n precisa de 286 mg en la formulaci\u00f3n de EGG ROLLS TOMORROW LAND permite a los investigadores realizar experimentos estandarizados y obtener resultados coherentes. Adem\u00e1s, la pureza del producto es crucial para evitar la falsificaci\u00f3n de los resultados de los estudios. Nos aseguramos de que nuestro EGG ROLLS TOMORROW-LAND MDMA cumpla siempre las normas m\u00e1s estrictas para apoyar sus objetivos de investigaci\u00f3n.<\/p>\n<h2>La pureza y la calidad de EGG ROLLS TOMORROW-LAND 286 MG MDMA<\/h2>\n<p>En Chemgramx, concedemos gran importancia a la pureza y calidad de nuestros productos. El sitio <b>ROLLOS DE HUEVO MA\u00d1ANA-LAND 286 MG MDMA<\/b> se fabrica y se prueba bajo estrictas condiciones de laboratorio para garantizar una pureza superior al 98 %. Esto es esencial para fines de investigaci\u00f3n, ya que incluso las impurezas m\u00e1s peque\u00f1as pueden distorsionar los resultados.<\/p>\n<p>Cada lote se somete a pruebas anal\u00edticas exhaustivas, que incluyen HPLC (cromatograf\u00eda l\u00edquida de alto rendimiento) y GC-MS (cromatograf\u00eda de gases-espectrometr\u00eda de masas). Como resultado, podemos determinar con precisi\u00f3n la identidad y pureza de la sustancia. Estos an\u00e1lisis exhaustivos confirman que <b>M\u00e1xima calidad EGG ROLLS TOMORROW-LAND MDMA<\/b> recibir. Siempre nos esforzamos por ofrecerle los mejores resultados.<\/p>\n<p>Entendemos que <b>Calidad de laboratorio a la venta<\/b> qu\u00edmicos son la base de los descubrimientos cient\u00edficos v\u00e1lidos. Por este motivo, realizamos grandes inversiones en procedimientos de ensayo y protocolos de garant\u00eda de calidad de \u00faltima generaci\u00f3n. Adem\u00e1s, facilitamos todos los certificados y an\u00e1lisis pertinentes previa solicitud para ofrecerle la m\u00e1xima transparencia. Por tanto, comprarnos le garantiza un producto que cumple las normas m\u00e1s estrictas.<\/p>\n<p>Nuestra <b>La calidad de la investigaci\u00f3n a la venta<\/b> est\u00e1n especialmente dise\u00f1ados para laboratorios profesionales e instituciones educativas. Por eso puede contar con que los EGG ROLLS TOMORROW-LAND 286 MG MDMA de Chemgramx cumplen las normas m\u00e1s estrictas del sector. Este compromiso con la excelencia nos convierte en un proveedor l\u00edder en la industria.<\/p>\n<h2>Aplicaci\u00f3n y potencial de investigaci\u00f3n<\/h2>\n<p><b>ROLLOS DE HUEVO MA\u00d1ANA-LAND 286 MG MDMA<\/b> se destina principalmente a fines de laboratorio e investigaci\u00f3n. Se utiliza en diversos \u00e1mbitos de la investigaci\u00f3n qu\u00edmica y farmacol\u00f3gica para investigar los mecanismos de las sustancias psicoactivas. En particular, la investigaci\u00f3n sobre la liberaci\u00f3n y recaptaci\u00f3n de neurotransmisores es un importante campo de aplicaci\u00f3n. Esto contribuye a la comprensi\u00f3n de las complejas funciones cerebrales.<\/p>\n<p>La MDMA tambi\u00e9n se est\u00e1 investigando en estudios para su posible uso terap\u00e9utico, por ejemplo en el contexto del trastorno de estr\u00e9s postraum\u00e1tico (TEPT). Sin embargo, es crucial subrayar que esta investigaci\u00f3n est\u00e1 a\u00fan en sus inicios y que la sustancia no est\u00e1 destinada al consumo humano. En su lugar, sirve como herramienta para obtener conocimientos cient\u00edficos. Para m\u00e1s informaci\u00f3n sobre sustancias de investigaci\u00f3n relacionadas, tambi\u00e9n puede consultar nuestra gama de <a href=\"https:\/\/chemgramx.com\/product\/blue-cheese-indica-dominant-hybrid-20-thc\/\">H\u00edbridos \u00edndica de primera calidad<\/a> explorar.<\/p>\n<p>Otras \u00e1reas de investigaci\u00f3n incluyen el estudio del efecto de la MDMA sobre la cognici\u00f3n social y la empat\u00eda. Por consiguiente, el potencial para ampliar nuestra comprensi\u00f3n de la psique humana es considerable. Los cient\u00edficos est\u00e1n utilizando esta sustancia para explorar nuevas v\u00edas en neurociencia y psicofarmacolog\u00eda. Los resultados de estos estudios podr\u00edan tener implicaciones de gran alcance.<\/p>\n<p>La disponibilidad de <b>Mejor EGG ROLLS TOMORROW-LAND MDMA disponible<\/b> permite a los investigadores de todo el mundo avanzar en sus estudios. El acceso a muestras aut\u00e9nticas y fiables es de suma importancia. De este modo, nos aseguramos de que pueda construir sus experimentos sobre una base s\u00f3lida con nuestros productos. Descubra las posibilidades.<\/p>\n<h2>Compra segura y discreci\u00f3n<\/h2>\n<p>La compra de productos qu\u00edmicos para investigaci\u00f3n requiere confianza y discreci\u00f3n. En Chemgramx le garantizamos una <b>compra segura<\/b> de principio a fin. Sus datos personales y los detalles de su pedido se tratan con la m\u00e1xima confidencialidad. Utilizamos las \u00faltimas tecnolog\u00edas de encriptaci\u00f3n para proteger su informaci\u00f3n. Su privacidad es nuestra prioridad.<\/p>\n<p>Tambi\u00e9n concedemos gran importancia a un tratamiento discreto. Esto significa que todos los procesos internos est\u00e1n dise\u00f1ados para proteger su privacidad. Puede estar seguro de que su pedido ser\u00e1 procesado por <b>ROLLOS DE HUEVO MA\u00d1ANA-LAND 286 MG MDMA<\/b> con el m\u00e1ximo cuidado y discreci\u00f3n. Con nosotros siempre tiene garantizada una compra segura. Valoramos su seguridad.<\/p>\n<p>Somos conscientes de la preocupaci\u00f3n que suscita encargar productos qu\u00edmicos de investigaci\u00f3n en l\u00ednea. Por ello, hemos implantado protocolos estrictos para maximizar la seguridad de cada transacci\u00f3n. Usted puede <b>Pedir EGG ROLLS TOMORROW-LAND MDMA online<\/b>, con la certeza de que su transacci\u00f3n est\u00e1 protegida. Nuestro objetivo es proporcionarle una experiencia de compra fluida y segura. Para asegurarse de que siempre tiene acceso a este producto espec\u00edfico, le recomendamos que visite la p\u00e1gina del producto para <a href=\"https:\/\/chemgramx.com\/product\/egg-rolls-tomorrow-land-286-mg-mdma-online-kaufen\/\">alta calidad EGG ROLLS TOMORROW-LAND MDMA<\/a> regularmente.<\/p>\n<p>Chemgramx se ha consolidado como un socio fiable para la adquisici\u00f3n de productos qu\u00edmicos de investigaci\u00f3n. No obstante, en caso de que surjan preguntas o dudas, nuestro equipo de atenci\u00f3n al cliente est\u00e1 siempre a su disposici\u00f3n para ayudarle. No dude en ponerse en contacto con nosotros para solicitar asistencia o m\u00e1s informaci\u00f3n. Estamos a su disposici\u00f3n para aclarar todas sus dudas.<\/p>\n<h2>Preguntas frecuentes (FAQ)<\/h2>\n<p>Para ofrecerle la m\u00e1xima claridad, respondemos a algunas de las preguntas m\u00e1s frecuentes sobre la compra y el uso de <b>ROLLOS DE HUEVO MA\u00d1ANA-LAND 286 MG MDMA<\/b>.<\/p>\n<ul>\n<li>\n<h3>1. \u00bfest\u00e1 destinada al consumo humano la MDMA EGG ROLLS TOMORROW-LAND 286 MG?<\/h3>\n<p><b>No, en absoluto.<\/b> Esta sustancia est\u00e1 dise\u00f1ada exclusivamente para fines de investigaci\u00f3n en entornos de laboratorio. En consecuencia, cualquier consumo por parte de seres humanos est\u00e1 estrictamente prohibido y puede entra\u00f1ar graves riesgos para la salud.<\/li>\n<li>\n<h3>2. \u00bfc\u00f3mo se garantiza la pureza de la MDMA de EGG ROLLS TOMORROW-LAND?<\/h3>\n<p>Cada lote se somete a pruebas de pureza y composici\u00f3n mediante m\u00e9todos anal\u00edticos de \u00faltima generaci\u00f3n, como HPLC y GC-MS. De este modo, garantizamos que siempre reciba un producto <b>la m\u00e1s alta calidad de laboratorio a la venta<\/b> recibir. La transparencia es importante para nosotros. Si desea m\u00e1s informaci\u00f3n sobre la disponibilidad y los detalles de este producto, visite la p\u00e1gina oficial de <a href=\"https:\/\/chemgramx.com\/product\/egg-rolls-tomorrow-land-286-mg-mdma-online-kaufen\/\">ROLLOS DE HUEVO MA\u00d1ANA-LAND 286 MG MDMA<\/a>.<\/li>\n<li>\n<h3>3. \u00bfhay recomendaciones espec\u00edficas de almacenamiento?<\/h3>\n<p>S\u00ed, para una estabilidad \u00f3ptima <b>ROLLOS DE HUEVO MA\u00d1ANA-LAND 286 MG MDMA<\/b> debe almacenarse en un lugar fresco, seco y oscuro. Tambi\u00e9n es aconsejable almacenar la sustancia en un recipiente herm\u00e9tico para evitar su degradaci\u00f3n. Preste mucha atenci\u00f3n al etiquetado del producto.<\/li>\n<li>\n<h3>4. \u00bfPuedo confiar en la autenticidad del producto?<\/h3>\n<p>Absolutamente. Garantizamos <b>Aut\u00e9ntico EGG ROLLS TOMORROW-LAND MDMA<\/b>. Nuestros productos proceden de fabricantes de renombre y se comprueban cuidadosamente antes de su venta. La confianza de nuestros clientes es nuestra m\u00e1xima prioridad. Descubra nuestra selecci\u00f3n de otros productos qu\u00edmicos de investigaci\u00f3n, como el popular <a href=\"https:\/\/chemgramx.com\/product\/blue-cheese-indica-dominant-hybrid-20-thc\/\">Blue Cheese Variedad Indica<\/a>, para aplicaciones vers\u00e1tiles de laboratorio.<\/li>\n<\/ul>\n<h2>\u00bfPor qu\u00e9 comprar EGG ROLLS TOMORROW-LAND 286 MG MDMA en Chemgramx?<\/h2>\n<p>El mercado de productos qu\u00edmicos de investigaci\u00f3n es diverso, pero la decisi\u00f3n de d\u00f3nde abastecerse de sus sustancias debe considerarse cuidadosamente. Chemgramx le ofrece ventajas clave que nos diferencian de otros proveedores. En particular, hacemos hincapi\u00e9 en la calidad del producto, el servicio al cliente y las pr\u00e1cticas empresariales \u00e9ticas. Esto nos convierte en su socio preferido.<\/p>\n<ul>\n<li><b>Calidad insuperable:<\/b> Siempre ofrecemos <b>Alta pureza a la venta<\/b>, confirmado por pruebas de laboratorio independientes. Esto significa que con nosotros tiene la <b>el mejor EGG ROLLS TOMORROW-LAND MDMA disponible<\/b> encontrar\u00e1. Nuestros est\u00e1ndares son inflexibles.<\/li>\n<li><b>Transparencia y confianza:<\/b> Todos nuestros productos se describen detalladamente y pueden solicitarse certificados de an\u00e1lisis. As\u00ed podr\u00e1 convencerse de la calidad antes de comprar. <b>EGG ROLLS TOMORROW-LAND 286 MG MDMA comprar en l\u00ednea<\/b>. Promovemos la comunicaci\u00f3n abierta.<\/li>\n<li><b>Compra segura y discreta:<\/b> Su seguridad y privacidad son nuestra m\u00e1xima prioridad. En consecuencia, utilizamos medidas de seguridad avanzadas para proteger sus datos y pedidos. A <b>Compra segura<\/b> est\u00e1 garantizada con nosotros.<\/li>\n<li><b>Servicio integral de atenci\u00f3n al cliente:<\/b> Nuestro equipo especializado est\u00e1 a su disposici\u00f3n para responder a todas sus preguntas e inquietudes. Ya sea antes, durante o despu\u00e9s de la compra, le ayudaremos en todo momento. Tambi\u00e9n nos esforzamos por responder a todas las consultas de forma r\u00e1pida y competente.<\/li>\n<li><b>Enfoque en la investigaci\u00f3n:<\/b> Comprendemos las necesidades de investigadores y cient\u00edficos. Por eso ofrecemos productos especialmente dise\u00f1ados para entornos de laboratorio exigentes. Somos su socio para proyectos de investigaci\u00f3n de \u00e9xito. Si desea <b>Pedir EGG ROLLS TOMORROW-LAND MDMA online<\/b> Chemgramx es su primer puerto de escala.<\/li>\n<\/ul>\n<p>En conclusi\u00f3n, Chemgramx es la opci\u00f3n ideal para la compra de <b>ROLLOS DE HUEVO MA\u00d1ANA-LAND 286 MG MDMA<\/b> es. Compruebe usted mismo nuestra gama y experimente la diferencia que pueden marcar la calidad y el servicio. <b>Comprar ahora online<\/b> y benef\u00edciese de nuestras normas. Le invitamos a <b>el mejor EGG ROLLS TOMORROW-LAND MDMA en Chemgramx<\/b> y lleve su investigaci\u00f3n a un nuevo nivel.<\/p>","protected":false},"excerpt":{"rendered":"<p>Descubra <b>ROLLOS DE HUEVO MA\u00d1ANA-LAND 286 MG MDMA<\/b>, un producto qu\u00edmico de investigaci\u00f3n de la m\u00e1xima pureza (&gt;98%). Ideal para estudios precisos de laboratorio en neurociencia y farmacolog\u00eda. Esta formulaci\u00f3n espec\u00edfica contribuye a la generaci\u00f3n de conocimientos cient\u00edficos fiables. Como producto de grado de laboratorio, est\u00e1 destinado \u00fanicamente a la investigaci\u00f3n y no al consumo humano. Si usted <b>Comprar MDMA<\/b> para avanzar en su investigaci\u00f3n, encontrar\u00e1 la mejor calidad <b>en Chemgramx<\/b>.<\/p>","protected":false},"featured_media":8025,"comment_status":"open","ping_status":"closed","template":"","meta":{"_joinchat":[]},"product_brand":[],"product_cat":[2846],"product_tag":[2115,2113,2116,2011,2017,1785,2018,2015,2114,2117],"class_list":{"0":"post-7983","1":"product","2":"type-product","3":"status-publish","4":"has-post-thumbnail","6":"product_cat-ecstasy-pills","7":"product_tag-286mg-mdma","8":"product_tag-egg-rolls-mdma","9":"product_tag-mdma-286mg","10":"product_tag-mdma-kaufen","11":"product_tag-mdma-kristalle","12":"product_tag-mdma-online","13":"product_tag-mdma-zum-verkauf","14":"product_tag-synthetische-drogen","15":"product_tag-tomorrow-land-mdma","16":"product_tag-tomorrow-land-mdma-kaufen","18":"first","19":"instock","20":"shipping-taxable","21":"purchasable","22":"product-type-variable"},"yoast_head":"<!-- This site is optimized with the Yoast SEO plugin v27.5 - https:\/\/yoast.com\/product\/yoast-seo-wordpress\/ -->\n<title>EGG ROLLS TOMORROW-LAND MDMA kaufen - Top Qualit\u00e4t<\/title>\n<meta name=\"description\" content=\"EGG ROLLS TOMORROW-LAND 286 MG MDMA von Chemgramx kaufen. H\u00f6chste Reinheit f\u00fcr Forschung und Labor. Jetzt MDMA kaufen &amp; wissenschaftliche Projekte vorantreiben.\" \/>\n<meta name=\"robots\" content=\"index, follow, max-snippet:-1, max-image-preview:large, max-video-preview:-1\" \/>\n<link rel=\"canonical\" href=\"https:\/\/chemgramx.com\/es\/producto-1\/egg-rolls-tomorrow-land-286-mg-mdma-buy-online\/\" \/>\n<meta property=\"og:locale\" content=\"es_ES\" \/>\n<meta property=\"og:type\" content=\"article\" \/>\n<meta property=\"og:title\" content=\"EGG ROLLS TOMORROW-LAND MDMA kaufen - Top Qualit\u00e4t\" \/>\n<meta property=\"og:description\" content=\"EGG ROLLS TOMORROW-LAND 286 MG MDMA von Chemgramx kaufen. H\u00f6chste Reinheit f\u00fcr Forschung und Labor. Jetzt MDMA kaufen &amp; wissenschaftliche Projekte vorantreiben.\" \/>\n<meta property=\"og:url\" content=\"https:\/\/chemgramx.com\/es\/producto-1\/egg-rolls-tomorrow-land-286-mg-mdma-buy-online\/\" \/>\n<meta property=\"og:site_name\" content=\"Chemgramx\" \/>\n<meta property=\"article:modified_time\" content=\"2025-12-10T16:52:02+00:00\" \/>\n<meta property=\"og:image\" content=\"https:\/\/chemgramx.com\/wp-content\/uploads\/2025\/11\/p15-1-1.png\" \/>\n\t<meta property=\"og:image:width\" content=\"600\" \/>\n\t<meta property=\"og:image:height\" content=\"400\" \/>\n\t<meta property=\"og:image:type\" content=\"image\/png\" \/>\n<meta name=\"twitter:card\" content=\"summary_large_image\" \/>\n<meta name=\"twitter:label1\" content=\"Tiempo de lectura\" \/>\n\t<meta name=\"twitter:data1\" content=\"7 minutos\" \/>\n<script type=\"application\/ld+json\" class=\"yoast-schema-graph\">{\"@context\":\"https:\\\/\\\/schema.org\",\"@graph\":[{\"@type\":\"WebPage\",\"@id\":\"https:\\\/\\\/chemgramx.com\\\/product\\\/egg-rolls-tomorrow-land-286-mg-mdma-online-kaufen\\\/\",\"url\":\"https:\\\/\\\/chemgramx.com\\\/product\\\/egg-rolls-tomorrow-land-286-mg-mdma-online-kaufen\\\/\",\"name\":\"EGG ROLLS TOMORROW-LAND MDMA kaufen - Top Qualit\u00e4t\",\"isPartOf\":{\"@id\":\"https:\\\/\\\/chemgramx.com\\\/#website\"},\"primaryImageOfPage\":{\"@id\":\"https:\\\/\\\/chemgramx.com\\\/product\\\/egg-rolls-tomorrow-land-286-mg-mdma-online-kaufen\\\/#primaryimage\"},\"image\":{\"@id\":\"https:\\\/\\\/chemgramx.com\\\/product\\\/egg-rolls-tomorrow-land-286-mg-mdma-online-kaufen\\\/#primaryimage\"},\"thumbnailUrl\":\"https:\\\/\\\/chemgramx.com\\\/wp-content\\\/uploads\\\/2025\\\/11\\\/p15-1-1.png\",\"datePublished\":\"2025-11-21T16:44:46+00:00\",\"dateModified\":\"2025-12-10T16:52:02+00:00\",\"description\":\"EGG ROLLS TOMORROW-LAND 286 MG MDMA von Chemgramx kaufen. H\u00f6chste Reinheit f\u00fcr Forschung und Labor. Jetzt MDMA kaufen & wissenschaftliche Projekte vorantreiben.\",\"breadcrumb\":{\"@id\":\"https:\\\/\\\/chemgramx.com\\\/product\\\/egg-rolls-tomorrow-land-286-mg-mdma-online-kaufen\\\/#breadcrumb\"},\"inLanguage\":\"es\",\"potentialAction\":[{\"@type\":\"ReadAction\",\"target\":[\"https:\\\/\\\/chemgramx.com\\\/product\\\/egg-rolls-tomorrow-land-286-mg-mdma-online-kaufen\\\/\"]}]},{\"@type\":\"ImageObject\",\"inLanguage\":\"es\",\"@id\":\"https:\\\/\\\/chemgramx.com\\\/product\\\/egg-rolls-tomorrow-land-286-mg-mdma-online-kaufen\\\/#primaryimage\",\"url\":\"https:\\\/\\\/chemgramx.com\\\/wp-content\\\/uploads\\\/2025\\\/11\\\/p15-1-1.png\",\"contentUrl\":\"https:\\\/\\\/chemgramx.com\\\/wp-content\\\/uploads\\\/2025\\\/11\\\/p15-1-1.png\",\"width\":600,\"height\":400},{\"@type\":\"BreadcrumbList\",\"@id\":\"https:\\\/\\\/chemgramx.com\\\/product\\\/egg-rolls-tomorrow-land-286-mg-mdma-online-kaufen\\\/#breadcrumb\",\"itemListElement\":[{\"@type\":\"ListItem\",\"position\":1,\"name\":\"Home\",\"item\":\"https:\\\/\\\/chemgramx.com\\\/\"},{\"@type\":\"ListItem\",\"position\":2,\"name\":\"Shop\",\"item\":\"https:\\\/\\\/chemgramx.com\\\/shop\\\/\"},{\"@type\":\"ListItem\",\"position\":3,\"name\":\"EGG ROLLS TOMORROW-LAND MDMA kaufen &#8211; Top Qualit\u00e4t\"}]},{\"@type\":\"WebSite\",\"@id\":\"https:\\\/\\\/chemgramx.com\\\/#website\",\"url\":\"https:\\\/\\\/chemgramx.com\\\/\",\"name\":\"Chemgramx\",\"description\":\"\",\"publisher\":{\"@id\":\"https:\\\/\\\/chemgramx.com\\\/#organization\"},\"potentialAction\":[{\"@type\":\"SearchAction\",\"target\":{\"@type\":\"EntryPoint\",\"urlTemplate\":\"https:\\\/\\\/chemgramx.com\\\/?s={search_term_string}\"},\"query-input\":{\"@type\":\"PropertyValueSpecification\",\"valueRequired\":true,\"valueName\":\"search_term_string\"}}],\"inLanguage\":\"es\"},{\"@type\":\"Organization\",\"@id\":\"https:\\\/\\\/chemgramx.com\\\/#organization\",\"name\":\"Chemgramx\",\"url\":\"https:\\\/\\\/chemgramx.com\\\/\",\"logo\":{\"@type\":\"ImageObject\",\"inLanguage\":\"es\",\"@id\":\"https:\\\/\\\/chemgramx.com\\\/#\\\/schema\\\/logo\\\/image\\\/\",\"url\":\"https:\\\/\\\/chemgramx.com\\\/wp-content\\\/uploads\\\/2024\\\/10\\\/final-logo.png\",\"contentUrl\":\"https:\\\/\\\/chemgramx.com\\\/wp-content\\\/uploads\\\/2024\\\/10\\\/final-logo.png\",\"width\":250,\"height\":48,\"caption\":\"Chemgramx\"},\"image\":{\"@id\":\"https:\\\/\\\/chemgramx.com\\\/#\\\/schema\\\/logo\\\/image\\\/\"}}]}<\/script>\n<!-- \/ Yoast SEO plugin. -->","yoast_head_json":{"title":"EGG ROLLS TOMORROW-LAND Comprar MDMA - M\u00e1xima calidad","description":"Comprar EGG ROLLS TOMORROW-LAND 286 MG MDMA de Chemgramx. M\u00e1xima pureza para uso en investigaci\u00f3n y laboratorio. Comprar MDMA ahora y avanzar en proyectos cient\u00edficos.","robots":{"index":"index","follow":"follow","max-snippet":"max-snippet:-1","max-image-preview":"max-image-preview:large","max-video-preview":"max-video-preview:-1"},"canonical":"https:\/\/chemgramx.com\/es\/producto-1\/egg-rolls-tomorrow-land-286-mg-mdma-buy-online\/","og_locale":"es_ES","og_type":"article","og_title":"EGG ROLLS TOMORROW-LAND MDMA kaufen - Top Qualit\u00e4t","og_description":"EGG ROLLS TOMORROW-LAND 286 MG MDMA von Chemgramx kaufen. H\u00f6chste Reinheit f\u00fcr Forschung und Labor. Jetzt MDMA kaufen & wissenschaftliche Projekte vorantreiben.","og_url":"https:\/\/chemgramx.com\/es\/producto-1\/egg-rolls-tomorrow-land-286-mg-mdma-buy-online\/","og_site_name":"Chemgramx","article_modified_time":"2025-12-10T16:52:02+00:00","og_image":[{"width":600,"height":400,"url":"https:\/\/chemgramx.com\/wp-content\/uploads\/2025\/11\/p15-1-1.png","type":"image\/png"}],"twitter_card":"summary_large_image","twitter_misc":{"Tiempo de lectura":"7 minutos"},"schema":{"@context":"https:\/\/schema.org","@graph":[{"@type":"WebPage","@id":"https:\/\/chemgramx.com\/product\/egg-rolls-tomorrow-land-286-mg-mdma-online-kaufen\/","url":"https:\/\/chemgramx.com\/product\/egg-rolls-tomorrow-land-286-mg-mdma-online-kaufen\/","name":"EGG ROLLS TOMORROW-LAND Comprar MDMA - M\u00e1xima calidad","isPartOf":{"@id":"https:\/\/chemgramx.com\/#website"},"primaryImageOfPage":{"@id":"https:\/\/chemgramx.com\/product\/egg-rolls-tomorrow-land-286-mg-mdma-online-kaufen\/#primaryimage"},"image":{"@id":"https:\/\/chemgramx.com\/product\/egg-rolls-tomorrow-land-286-mg-mdma-online-kaufen\/#primaryimage"},"thumbnailUrl":"https:\/\/chemgramx.com\/wp-content\/uploads\/2025\/11\/p15-1-1.png","datePublished":"2025-11-21T16:44:46+00:00","dateModified":"2025-12-10T16:52:02+00:00","description":"Comprar EGG ROLLS TOMORROW-LAND 286 MG MDMA de Chemgramx. M\u00e1xima pureza para uso en investigaci\u00f3n y laboratorio. Comprar MDMA ahora y avanzar en proyectos cient\u00edficos.","breadcrumb":{"@id":"https:\/\/chemgramx.com\/product\/egg-rolls-tomorrow-land-286-mg-mdma-online-kaufen\/#breadcrumb"},"inLanguage":"es","potentialAction":[{"@type":"ReadAction","target":["https:\/\/chemgramx.com\/product\/egg-rolls-tomorrow-land-286-mg-mdma-online-kaufen\/"]}]},{"@type":"ImageObject","inLanguage":"es","@id":"https:\/\/chemgramx.com\/product\/egg-rolls-tomorrow-land-286-mg-mdma-online-kaufen\/#primaryimage","url":"https:\/\/chemgramx.com\/wp-content\/uploads\/2025\/11\/p15-1-1.png","contentUrl":"https:\/\/chemgramx.com\/wp-content\/uploads\/2025\/11\/p15-1-1.png","width":600,"height":400},{"@type":"BreadcrumbList","@id":"https:\/\/chemgramx.com\/product\/egg-rolls-tomorrow-land-286-mg-mdma-online-kaufen\/#breadcrumb","itemListElement":[{"@type":"ListItem","position":1,"name":"Home","item":"https:\/\/chemgramx.com\/"},{"@type":"ListItem","position":2,"name":"Shop","item":"https:\/\/chemgramx.com\/shop\/"},{"@type":"ListItem","position":3,"name":"EGG ROLLS TOMORROW-LAND MDMA kaufen &#8211; Top Qualit\u00e4t"}]},{"@type":"WebSite","@id":"https:\/\/chemgramx.com\/#website","url":"https:\/\/chemgramx.com\/","name":"Chemgramx","description":"","publisher":{"@id":"https:\/\/chemgramx.com\/#organization"},"potentialAction":[{"@type":"SearchAction","target":{"@type":"EntryPoint","urlTemplate":"https:\/\/chemgramx.com\/?s={search_term_string}"},"query-input":{"@type":"PropertyValueSpecification","valueRequired":true,"valueName":"search_term_string"}}],"inLanguage":"es"},{"@type":"Organization","@id":"https:\/\/chemgramx.com\/#organization","name":"Chemgramx","url":"https:\/\/chemgramx.com\/","logo":{"@type":"ImageObject","inLanguage":"es","@id":"https:\/\/chemgramx.com\/#\/schema\/logo\/image\/","url":"https:\/\/chemgramx.com\/wp-content\/uploads\/2024\/10\/final-logo.png","contentUrl":"https:\/\/chemgramx.com\/wp-content\/uploads\/2024\/10\/final-logo.png","width":250,"height":48,"caption":"Chemgramx"},"image":{"@id":"https:\/\/chemgramx.com\/#\/schema\/logo\/image\/"}}]}},"_links":{"self":[{"href":"https:\/\/chemgramx.com\/es\/wp-json\/wp\/v2\/product\/7983","targetHints":{"allow":["GET"]}}],"collection":[{"href":"https:\/\/chemgramx.com\/es\/wp-json\/wp\/v2\/product"}],"about":[{"href":"https:\/\/chemgramx.com\/es\/wp-json\/wp\/v2\/types\/product"}],"replies":[{"embeddable":true,"href":"https:\/\/chemgramx.com\/es\/wp-json\/wp\/v2\/comments?post=7983"}],"wp:featuredmedia":[{"embeddable":true,"href":"https:\/\/chemgramx.com\/es\/wp-json\/wp\/v2\/media\/8025"}],"wp:attachment":[{"href":"https:\/\/chemgramx.com\/es\/wp-json\/wp\/v2\/media?parent=7983"}],"wp:term":[{"taxonomy":"product_brand","embeddable":true,"href":"https:\/\/chemgramx.com\/es\/wp-json\/wp\/v2\/product_brand?post=7983"},{"taxonomy":"product_cat","embeddable":true,"href":"https:\/\/chemgramx.com\/es\/wp-json\/wp\/v2\/product_cat?post=7983"},{"taxonomy":"product_tag","embeddable":true,"href":"https:\/\/chemgramx.com\/es\/wp-json\/wp\/v2\/product_tag?post=7983"}],"curies":[{"name":"wp","href":"https:\/\/api.w.org\/{rel}","templated":true}]}}