{"id":7987,"date":"2025-11-21T16:44:48","date_gmt":"2025-11-21T16:44:48","guid":{"rendered":"https:\/\/chemgramx.com\/?post_type=product&#038;p=7987"},"modified":"2025-12-10T15:54:22","modified_gmt":"2025-12-10T15:54:22","slug":"gbl-gamma-butyrolacton-online-kaufen","status":"publish","type":"product","link":"https:\/\/chemgramx.com\/es\/product\/gbl-gamma-butyrolacton-online-kaufen\/","title":{"rendered":"Comprar GBL (gamma-butirolactona) en l\u00ednea"},"content":{"rendered":"<p data-start=\"318\" data-end=\"824\">Nosotros <a href=\"https:\/\/chemgramx.com\/product\/gbl-gamma-butyrolacton\/\">GBL (Gamma-Butyrolacton) kaufen<\/a> Se debe prestar especial atenci\u00f3n a la calidad comprobada. Comprar GBL (gamma-butirolactona) es especialmente interesante para investigaci\u00f3n, estudios qu\u00edmicos y aplicaciones industriales. Esta vers\u00e1til sustancia se utiliza a menudo como precursor del GHB (gamma-hidroxibutirato) y es conocida por sus potentes propiedades solventes. Tanto en el \u00e1mbito industrial como en el cient\u00edfico, la GBL impresiona por su eficiencia y versatilidad.<\/p>\n<h3 data-start=\"826\" data-end=\"880\">Wichtige Anwendungen von GBL (Gamma-Butyrolacton)<\/h3>\n<ul data-start=\"882\" data-end=\"1312\">\n<li data-start=\"882\" data-end=\"1054\">\n<p data-start=\"884\" data-end=\"1054\">L\u00f6sungsmittel in der Industrie: GBL (Gamma-Butyrolacton)zu verkaufen wird zur Reinigung, als Entlackungsmittel und als L\u00f6semittel f\u00fcr verschiedene Materialien genutzt.<\/p>\n<\/li>\n<li data-start=\"1055\" data-end=\"1157\">\n<p data-start=\"1057\" data-end=\"1157\">Precursor del GHB: En qu\u00edmica, el GBL se utiliza a menudo como materia prima para la producci\u00f3n de GHB.<\/p>\n<\/li>\n<li data-start=\"1158\" data-end=\"1312\">\n<p data-start=\"1160\" data-end=\"1312\">Forschung und Experimente: Viele Wissenschaftler und Labore Befehl GBL (Gamma-Butyrolacton) f\u00fcr organische Synthesen und andere Forschungsprojekte.<\/p>\n<\/li>\n<\/ul>\n<h3 data-start=\"1314\" data-end=\"1371\">\u00bfPor qu\u00e9 comprar GBL (Gamma-Butirolactona) de ChemGramX?<\/h3>\n<p data-start=\"1373\" data-end=\"1671\">Bei ChemGramX k\u00f6nnen Sie sicher und diskret GBL (Gamma-Butyrolacton) online kaufen. Wir bieten ausschlie\u00dflich hochreine, laborgetestete Produkte, die h\u00f6chsten Qualit\u00e4tsstandards entsprechen. Wenn Sie sich fragen, wo kann man <a href=\"\/product\/14-butanediol-online-kaufen\/\">GBL<\/a> (Gamma-Butyrolacton) kaufen, ist ChemGramX Ihre zuverl\u00e4ssige Quelle.<\/p>\n<p data-start=\"1673\" data-end=\"1720\">Neben gepr\u00fcfter Qualit\u00e4t profitieren Sie von:<\/p>\n<ul data-start=\"1721\" data-end=\"1846\">\n<li data-start=\"1721\" data-end=\"1759\">\n<p data-start=\"1723\" data-end=\"1759\">Entrega r\u00e1pida y discreta,<\/p>\n<\/li>\n<li data-start=\"1760\" data-end=\"1788\">\n<p data-start=\"1762\" data-end=\"1788\">sicherem Bestellprozess,<\/p>\n<\/li>\n<li data-start=\"1789\" data-end=\"1846\">\n<p data-start=\"1791\" data-end=\"1846\">Productos que cumplen con los est\u00e1ndares internacionales.<\/p>\n<\/li>\n<\/ul>\n<h3 data-start=\"1848\" data-end=\"1893\">Consejos para el uso seguro de GBL<\/h3>\n<ul data-start=\"1895\" data-end=\"2259\">\n<li data-start=\"1895\" data-end=\"1995\">\n<p data-start=\"1897\" data-end=\"1995\">Manipulaci\u00f3n segura: Utilice GBL \u00fanicamente en \u00e1reas ventiladas y con equipo de protecci\u00f3n.<\/p>\n<\/li>\n<li data-start=\"1996\" data-end=\"2153\">\n<p data-start=\"1998\" data-end=\"2153\">Verantwortungsvoller Einsatz: GBL (Gamma-Butyrolacton) online kaufen von einer zuverl\u00e4ssigen Forschungsquelle nur f\u00fcr industrielle oder wissenschaftliche Zwecke.<\/p>\n<\/li>\n<li data-start=\"2154\" data-end=\"2259\">\n<p data-start=\"2156\" data-end=\"2259\">Almacenamiento: Almacenar en un lugar fresco y seco para garantizar la estabilidad y la pureza.<\/p>\n<\/li>\n<\/ul>\n<h3 data-start=\"2261\" data-end=\"2302\">Riesgos y regulaciones legales<\/h3>\n<p data-start=\"2304\" data-end=\"2388\">Bevor Sie xGBL (Gamma-Butyrolacton) kaufen, sollten Sie m\u00f6gliche Risiken beachten:<\/p>\n<ul data-start=\"2390\" data-end=\"2705\">\n<li data-start=\"2390\" data-end=\"2454\">\n<p data-start=\"2392\" data-end=\"2454\">Haut- und Augenreizungen durch direkten Kontakt oder D\u00e4mpfe.<\/p>\n<\/li>\n<li data-start=\"2455\" data-end=\"2584\">\n<p data-start=\"2457\" data-end=\"2584\">Missbrauchsrisiko: Da GBL auch als Vorl\u00e4ufer von GHB dient, ist der unsachgem\u00e4\u00dfe Gebrauch mit erheblichen Gefahren verbunden.<\/p>\n<\/li>\n<li data-start=\"2585\" data-end=\"2705\">\n<p data-start=\"2587\" data-end=\"2705\">Situaci\u00f3n legal: GBL est\u00e1 sujeto a restricciones legales en muchos pa\u00edses. Inf\u00f3rmese antes de realizar su pedido.<\/p>\n<\/li>\n<\/ul>\n<h3 data-start=\"2707\" data-end=\"2735\">Prijs en beschikbaarheid<\/h3>\n<p data-start=\"2737\" data-end=\"2954\">En <a href=\"https:\/\/en.wikipedia.org\/wiki\/%CE%93-Hydroxybutyric_acid\">GBL (Gamma-Butyrolacton) Preis<\/a> h\u00e4ngt von Reinheit, Bestellmenge und Anbieter ab. Wer nach GBL (Gamma-Butyrolacton) zu verkaufen sucht, sollte auf gepr\u00fcfte Anbieter achten und Angebote sorgf\u00e4ltig vergleichen.<\/p>\n<h3 data-start=\"2956\" data-end=\"3018\">Der beste Ort, um GBL (Gamma-Butyrolacton) online zu kaufen<\/h3>\n<p data-start=\"3020\" data-end=\"3232\">ChemGramX ist der bester Ort, um GBL (Gamma-Butyrolacton) online zu kaufen, wenn es um Qualit\u00e4t, Sicherheit und Diskretion geht. Vertrauen Sie auf laborgetestete Produkte, faire Preise und eine schnelle Lieferung.<\/p>\n<p data-start=\"3234\" data-end=\"3369\">GBL (Gamma-Butyrolacton) online kaufen von einer zuverl\u00e4ssigen Forschungsquelle \u2013 sicher, zuverl\u00e4ssig und in h\u00f6chster Qualit\u00e4t bei ChemGramX.<\/p>","protected":false},"excerpt":{"rendered":"<p>Wer GBL (Gamma-Butyrolacton) kaufen m\u00f6chte, sollte besonderen Wert auf gepr\u00fcfte Qualit\u00e4t legen. GBL (Gamma-Butyrolacton) kaufen ist vor allem&hellip;<\/p>","protected":false},"featured_media":8029,"comment_status":"open","ping_status":"closed","template":"","meta":{"_joinchat":[]},"product_brand":[],"product_cat":[97],"product_tag":[84,85,74,86,83],"class_list":{"0":"post-7987","1":"product","2":"type-product","3":"status-publish","4":"has-post-thumbnail","6":"product_cat-forschungschemikalien","7":"product_tag-gamma-butyrolacton-bestellen","8":"product_tag-reinigungsmittel-kaufen","9":"product_tag-research-chemical-kaufen","10":"product_tag-die-nach-gbl-suchen","11":"product_tag-gbl-kaufen","13":"first","14":"instock","15":"shipping-taxable","16":"purchasable","17":"product-type-variable"},"yoast_head":"<!-- This site is optimized with the Yoast SEO plugin v27.5 - https:\/\/yoast.com\/product\/yoast-seo-wordpress\/ -->\n<title>GBL (Gamma-Butyrolacton) online kaufen | Chemgramx<\/title>\n<meta name=\"description\" content=\"Kaufen Sie GBL (Gamma-Butyrolacton) bei ChemGramX. Reines, laborgetestetes GBL mit schneller und diskreter Lieferung. Jetzt online bestellen!\" \/>\n<meta name=\"robots\" content=\"index, follow, max-snippet:-1, max-image-preview:large, max-video-preview:-1\" \/>\n<link rel=\"canonical\" href=\"https:\/\/chemgramx.com\/es\/producto-1\/gbl-gamma-butyrolacton-online-kaufen\/\" \/>\n<meta property=\"og:locale\" content=\"es_ES\" \/>\n<meta property=\"og:type\" content=\"article\" \/>\n<meta property=\"og:title\" content=\"GBL (Gamma-Butyrolacton) online kaufen | Chemgramx\" \/>\n<meta property=\"og:description\" content=\"Kaufen Sie GBL (Gamma-Butyrolacton) bei ChemGramX. Reines, laborgetestetes GBL mit schneller und diskreter Lieferung. Jetzt online bestellen!\" \/>\n<meta property=\"og:url\" content=\"https:\/\/chemgramx.com\/es\/producto-1\/gbl-gamma-butyrolacton-online-kaufen\/\" \/>\n<meta property=\"og:site_name\" content=\"Chemgramx\" \/>\n<meta property=\"article:modified_time\" content=\"2025-12-10T15:54:22+00:00\" \/>\n<meta property=\"og:image\" content=\"https:\/\/chemgramx.com\/wp-content\/uploads\/2025\/11\/GBL-Gamma-Butyrolacton-kaufen.jpg\" \/>\n\t<meta property=\"og:image:width\" content=\"227\" \/>\n\t<meta property=\"og:image:height\" content=\"234\" \/>\n\t<meta property=\"og:image:type\" content=\"image\/jpeg\" \/>\n<meta name=\"twitter:card\" content=\"summary_large_image\" \/>\n<meta name=\"twitter:label1\" content=\"Tiempo de lectura\" \/>\n\t<meta name=\"twitter:data1\" content=\"2 minutos\" \/>\n<script type=\"application\/ld+json\" class=\"yoast-schema-graph\">{\"@context\":\"https:\\\/\\\/schema.org\",\"@graph\":[{\"@type\":\"WebPage\",\"@id\":\"https:\\\/\\\/chemgramx.com\\\/product\\\/gbl-gamma-butyrolacton-online-kaufen\\\/\",\"url\":\"https:\\\/\\\/chemgramx.com\\\/product\\\/gbl-gamma-butyrolacton-online-kaufen\\\/\",\"name\":\"GBL (Gamma-Butyrolacton) online kaufen | Chemgramx\",\"isPartOf\":{\"@id\":\"https:\\\/\\\/chemgramx.com\\\/#website\"},\"primaryImageOfPage\":{\"@id\":\"https:\\\/\\\/chemgramx.com\\\/product\\\/gbl-gamma-butyrolacton-online-kaufen\\\/#primaryimage\"},\"image\":{\"@id\":\"https:\\\/\\\/chemgramx.com\\\/product\\\/gbl-gamma-butyrolacton-online-kaufen\\\/#primaryimage\"},\"thumbnailUrl\":\"https:\\\/\\\/chemgramx.com\\\/wp-content\\\/uploads\\\/2025\\\/11\\\/GBL-Gamma-Butyrolacton-kaufen.jpg\",\"datePublished\":\"2025-11-21T16:44:48+00:00\",\"dateModified\":\"2025-12-10T15:54:22+00:00\",\"description\":\"Kaufen Sie GBL (Gamma-Butyrolacton) bei ChemGramX. Reines, laborgetestetes GBL mit schneller und diskreter Lieferung. Jetzt online bestellen!\",\"breadcrumb\":{\"@id\":\"https:\\\/\\\/chemgramx.com\\\/product\\\/gbl-gamma-butyrolacton-online-kaufen\\\/#breadcrumb\"},\"inLanguage\":\"es\",\"potentialAction\":[{\"@type\":\"ReadAction\",\"target\":[\"https:\\\/\\\/chemgramx.com\\\/product\\\/gbl-gamma-butyrolacton-online-kaufen\\\/\"]}]},{\"@type\":\"ImageObject\",\"inLanguage\":\"es\",\"@id\":\"https:\\\/\\\/chemgramx.com\\\/product\\\/gbl-gamma-butyrolacton-online-kaufen\\\/#primaryimage\",\"url\":\"https:\\\/\\\/chemgramx.com\\\/wp-content\\\/uploads\\\/2025\\\/11\\\/GBL-Gamma-Butyrolacton-kaufen.jpg\",\"contentUrl\":\"https:\\\/\\\/chemgramx.com\\\/wp-content\\\/uploads\\\/2025\\\/11\\\/GBL-Gamma-Butyrolacton-kaufen.jpg\",\"width\":227,\"height\":234},{\"@type\":\"BreadcrumbList\",\"@id\":\"https:\\\/\\\/chemgramx.com\\\/product\\\/gbl-gamma-butyrolacton-online-kaufen\\\/#breadcrumb\",\"itemListElement\":[{\"@type\":\"ListItem\",\"position\":1,\"name\":\"Home\",\"item\":\"https:\\\/\\\/chemgramx.com\\\/\"},{\"@type\":\"ListItem\",\"position\":2,\"name\":\"Shop\",\"item\":\"https:\\\/\\\/chemgramx.com\\\/shop\\\/\"},{\"@type\":\"ListItem\",\"position\":3,\"name\":\"GBL (Gamma-Butyrolacton) online kaufen\"}]},{\"@type\":\"WebSite\",\"@id\":\"https:\\\/\\\/chemgramx.com\\\/#website\",\"url\":\"https:\\\/\\\/chemgramx.com\\\/\",\"name\":\"Chemgramx\",\"description\":\"\",\"publisher\":{\"@id\":\"https:\\\/\\\/chemgramx.com\\\/#organization\"},\"potentialAction\":[{\"@type\":\"SearchAction\",\"target\":{\"@type\":\"EntryPoint\",\"urlTemplate\":\"https:\\\/\\\/chemgramx.com\\\/?s={search_term_string}\"},\"query-input\":{\"@type\":\"PropertyValueSpecification\",\"valueRequired\":true,\"valueName\":\"search_term_string\"}}],\"inLanguage\":\"es\"},{\"@type\":\"Organization\",\"@id\":\"https:\\\/\\\/chemgramx.com\\\/#organization\",\"name\":\"Chemgramx\",\"url\":\"https:\\\/\\\/chemgramx.com\\\/\",\"logo\":{\"@type\":\"ImageObject\",\"inLanguage\":\"es\",\"@id\":\"https:\\\/\\\/chemgramx.com\\\/#\\\/schema\\\/logo\\\/image\\\/\",\"url\":\"https:\\\/\\\/chemgramx.com\\\/wp-content\\\/uploads\\\/2024\\\/10\\\/final-logo.png\",\"contentUrl\":\"https:\\\/\\\/chemgramx.com\\\/wp-content\\\/uploads\\\/2024\\\/10\\\/final-logo.png\",\"width\":250,\"height\":48,\"caption\":\"Chemgramx\"},\"image\":{\"@id\":\"https:\\\/\\\/chemgramx.com\\\/#\\\/schema\\\/logo\\\/image\\\/\"}}]}<\/script>\n<!-- \/ Yoast SEO plugin. -->","yoast_head_json":{"title":"GBL (Gamma-Butyrolacton) online kaufen | Chemgramx","description":"Compre GBL (gamma-butirolactona) en ChemGramX. GBL puro, probado en laboratorio, con entrega r\u00e1pida y discreta. \u00a1Compre en l\u00ednea ahora!","robots":{"index":"index","follow":"follow","max-snippet":"max-snippet:-1","max-image-preview":"max-image-preview:large","max-video-preview":"max-video-preview:-1"},"canonical":"https:\/\/chemgramx.com\/es\/producto-1\/gbl-gamma-butyrolacton-online-kaufen\/","og_locale":"es_ES","og_type":"article","og_title":"GBL (Gamma-Butyrolacton) online kaufen | Chemgramx","og_description":"Kaufen Sie GBL (Gamma-Butyrolacton) bei ChemGramX. Reines, laborgetestetes GBL mit schneller und diskreter Lieferung. Jetzt online bestellen!","og_url":"https:\/\/chemgramx.com\/es\/producto-1\/gbl-gamma-butyrolacton-online-kaufen\/","og_site_name":"Chemgramx","article_modified_time":"2025-12-10T15:54:22+00:00","og_image":[{"width":227,"height":234,"url":"https:\/\/chemgramx.com\/wp-content\/uploads\/2025\/11\/GBL-Gamma-Butyrolacton-kaufen.jpg","type":"image\/jpeg"}],"twitter_card":"summary_large_image","twitter_misc":{"Tiempo de lectura":"2 minutos"},"schema":{"@context":"https:\/\/schema.org","@graph":[{"@type":"WebPage","@id":"https:\/\/chemgramx.com\/product\/gbl-gamma-butyrolacton-online-kaufen\/","url":"https:\/\/chemgramx.com\/product\/gbl-gamma-butyrolacton-online-kaufen\/","name":"GBL (Gamma-Butyrolacton) online kaufen | Chemgramx","isPartOf":{"@id":"https:\/\/chemgramx.com\/#website"},"primaryImageOfPage":{"@id":"https:\/\/chemgramx.com\/product\/gbl-gamma-butyrolacton-online-kaufen\/#primaryimage"},"image":{"@id":"https:\/\/chemgramx.com\/product\/gbl-gamma-butyrolacton-online-kaufen\/#primaryimage"},"thumbnailUrl":"https:\/\/chemgramx.com\/wp-content\/uploads\/2025\/11\/GBL-Gamma-Butyrolacton-kaufen.jpg","datePublished":"2025-11-21T16:44:48+00:00","dateModified":"2025-12-10T15:54:22+00:00","description":"Compre GBL (gamma-butirolactona) en ChemGramX. GBL puro, probado en laboratorio, con entrega r\u00e1pida y discreta. \u00a1Compre en l\u00ednea ahora!","breadcrumb":{"@id":"https:\/\/chemgramx.com\/product\/gbl-gamma-butyrolacton-online-kaufen\/#breadcrumb"},"inLanguage":"es","potentialAction":[{"@type":"ReadAction","target":["https:\/\/chemgramx.com\/product\/gbl-gamma-butyrolacton-online-kaufen\/"]}]},{"@type":"ImageObject","inLanguage":"es","@id":"https:\/\/chemgramx.com\/product\/gbl-gamma-butyrolacton-online-kaufen\/#primaryimage","url":"https:\/\/chemgramx.com\/wp-content\/uploads\/2025\/11\/GBL-Gamma-Butyrolacton-kaufen.jpg","contentUrl":"https:\/\/chemgramx.com\/wp-content\/uploads\/2025\/11\/GBL-Gamma-Butyrolacton-kaufen.jpg","width":227,"height":234},{"@type":"BreadcrumbList","@id":"https:\/\/chemgramx.com\/product\/gbl-gamma-butyrolacton-online-kaufen\/#breadcrumb","itemListElement":[{"@type":"ListItem","position":1,"name":"Home","item":"https:\/\/chemgramx.com\/"},{"@type":"ListItem","position":2,"name":"Shop","item":"https:\/\/chemgramx.com\/shop\/"},{"@type":"ListItem","position":3,"name":"GBL (Gamma-Butyrolacton) online kaufen"}]},{"@type":"WebSite","@id":"https:\/\/chemgramx.com\/#website","url":"https:\/\/chemgramx.com\/","name":"Chemgramx","description":"","publisher":{"@id":"https:\/\/chemgramx.com\/#organization"},"potentialAction":[{"@type":"SearchAction","target":{"@type":"EntryPoint","urlTemplate":"https:\/\/chemgramx.com\/?s={search_term_string}"},"query-input":{"@type":"PropertyValueSpecification","valueRequired":true,"valueName":"search_term_string"}}],"inLanguage":"es"},{"@type":"Organization","@id":"https:\/\/chemgramx.com\/#organization","name":"Chemgramx","url":"https:\/\/chemgramx.com\/","logo":{"@type":"ImageObject","inLanguage":"es","@id":"https:\/\/chemgramx.com\/#\/schema\/logo\/image\/","url":"https:\/\/chemgramx.com\/wp-content\/uploads\/2024\/10\/final-logo.png","contentUrl":"https:\/\/chemgramx.com\/wp-content\/uploads\/2024\/10\/final-logo.png","width":250,"height":48,"caption":"Chemgramx"},"image":{"@id":"https:\/\/chemgramx.com\/#\/schema\/logo\/image\/"}}]}},"_links":{"self":[{"href":"https:\/\/chemgramx.com\/es\/wp-json\/wp\/v2\/product\/7987","targetHints":{"allow":["GET"]}}],"collection":[{"href":"https:\/\/chemgramx.com\/es\/wp-json\/wp\/v2\/product"}],"about":[{"href":"https:\/\/chemgramx.com\/es\/wp-json\/wp\/v2\/types\/product"}],"replies":[{"embeddable":true,"href":"https:\/\/chemgramx.com\/es\/wp-json\/wp\/v2\/comments?post=7987"}],"wp:featuredmedia":[{"embeddable":true,"href":"https:\/\/chemgramx.com\/es\/wp-json\/wp\/v2\/media\/8029"}],"wp:attachment":[{"href":"https:\/\/chemgramx.com\/es\/wp-json\/wp\/v2\/media?parent=7987"}],"wp:term":[{"taxonomy":"product_brand","embeddable":true,"href":"https:\/\/chemgramx.com\/es\/wp-json\/wp\/v2\/product_brand?post=7987"},{"taxonomy":"product_cat","embeddable":true,"href":"https:\/\/chemgramx.com\/es\/wp-json\/wp\/v2\/product_cat?post=7987"},{"taxonomy":"product_tag","embeddable":true,"href":"https:\/\/chemgramx.com\/es\/wp-json\/wp\/v2\/product_tag?post=7987"}],"curies":[{"name":"wp","href":"https:\/\/api.w.org\/{rel}","templated":true}]}}