{"id":7988,"date":"2025-11-21T16:44:49","date_gmt":"2025-11-21T16:44:49","guid":{"rendered":"https:\/\/chemgramx.com\/?post_type=product&#038;p=7988"},"modified":"2025-11-21T16:53:28","modified_gmt":"2025-11-21T16:53:28","slug":"comprar-3-mmc-3-metilmetcatinona-online","status":"publish","type":"product","link":"https:\/\/chemgramx.com\/es\/product\/3-mmc-3-methylmethcathinon-online-kaufen\/","title":{"rendered":"Comprar 3-MMC (3-metilmetcatinona) en l\u00ednea"},"content":{"rendered":"<p><b>3-MMC (3-metilmetcatinona)<\/b> es una sustancia sint\u00e9tica del grupo de las <b>Catinona<\/b>. <b>Debido a<\/b> Sus efectos estimulantes y euf\u00f3ricos la convierten en una elecci\u00f3n popular. Muchos usuarios optan por ella, <b>Comprar 3-MMC (3-metilmetcatinona) en l\u00ednea<\/b> o dirigido <b>encargar 3-MMC (3-metilmetcatinona)<\/b>, <b>porque<\/b> Se utiliza como producto qu\u00edmico de investigaci\u00f3n <b>as\u00ed como<\/b> valorada como sustancia psicoactiva.<\/p>\n<p>El aumento de la demanda puede explicarse por el inter\u00e9s en alternativas legales a otros estimulantes. <b>Recto<\/b> en el <b>Comprar 3-MMC (3-metilmetcatinona) en l\u00ednea<\/b> La seguridad es importante, ya que la calidad y la pureza pueden variar mucho. <b>S\u00f3lo<\/b> Con un minorista de confianza, puede evitar recibir productos de calidad inferior o contaminados. <b>Por lo tanto<\/b> la elecci\u00f3n del proveedor es crucial.<\/p>\n<h2>\u00bfQu\u00e9 es la 3-MMC (3-metilmetcatinona)? Perfil qu\u00edmico y legalidad<\/h2>\n<p>Para la adquisici\u00f3n es esencial comprender claramente la sustancia y su clasificaci\u00f3n jur\u00eddica.<\/p>\n<h3>Composici\u00f3n qu\u00edmica<\/h3>\n<p><b>3-MMC (3-metilmetcatinona)<\/b> es un derivado de la metcatinona con la f\u00f3rmula qu\u00edmica <span class=\"math-inline\" data-math=\"text{C}_{11}text{H}_{15}text{NO}\">$text{C}_{11}text{H}_{15}text{NO}$<\/span>. Pertenece a la clase de <b>Beta-ceto-anfetaminas (catinonas)<\/b> y act\u00faa sobre todo como <b>estimulante nervioso central<\/b>, inhibiendo la recaptaci\u00f3n de neurotransmisores.<\/p>\n<h3>Estatus legal<\/h3>\n<p>El estatus legal de <b>\u00a0(3-metilmetcatinona) en venta<\/b> es <b>Diferentes en todo el mundo<\/b>. Mientras que algunos pa\u00edses la regulan o proh\u00edben (por ejemplo, mediante leyes sobre NSP), en otros no est\u00e1 regulada. <b>todav\u00eda<\/b> manipulado como producto qu\u00edmico de investigaci\u00f3n. Los compradores deben <b>siempre<\/b> informar, <b>d\u00f3nde comprar 3-MMC (3-metilmetcatinona)<\/b> es posible en cumplimiento de la legislaci\u00f3n local. <b>Porque<\/b> El cumplimiento de la ley es siempre responsabilidad del comprador.<\/p>\n<h2>Ventajas e inconvenientes de comprar por Internet<\/h2>\n<p>La compra digital ofrece comodidad, pero exige la m\u00e1xima precauci\u00f3n con respecto a la calidad.<\/p>\n<h3>Accesibilidad y precios<\/h3>\n<p>La compra en l\u00ednea ofrece un <b>Opci\u00f3n discreta<\/b>, <b>\u00a0(3-metilmetcatinona) comprar<\/b> adquirir, <b>sin<\/b> tener que visitar lugares p\u00fablicos. <b>Adem\u00e1s<\/b> Los compradores pueden encontrar en l\u00ednea diferentes formas de producto, niveles de pureza y precios. Comparar diferentes proveedores es la clave para encontrar el <b>mejor precio 3-MMC (3-metilmetcatinona)<\/b> Encontrar. <b>Bas\u00e1ndose en esta comparaci\u00f3n<\/b> el <b>mejor lugar para (3-<a href=\"\/product\/methallylescaline-fumarate-online-kaufen\/\">Metilmetcatinona<\/a>) para comprar en l\u00ednea<\/b> elegir.<\/p>\n<h3>Chancen und Risiken<\/h3>\n<p>La compra alberga oportunidades y riesgos espec\u00edficos:<\/p>\n<ul>\n<li><b>Ventajas (oportunidades):<\/b> Entrega discreta a domicilio, informaci\u00f3n transparente y a menudo informes de laboratorio, as\u00ed como ofertas en l\u00ednea a precios atractivos.<\/li>\n<li><b>Riesgos (peligros):<\/b> Calidad fluctuante de distribuidores dudosos, riesgos legales en determinados pa\u00edses y peligros para la salud en caso de dosificaci\u00f3n incorrecta o contaminaci\u00f3n.<\/li>\n<\/ul>\n<h2>\u00bfC\u00f3mo encontrar un proveedor confiable?<\/h2>\n<p>Identificar una fuente fiable es el paso m\u00e1s importante para minimizar el riesgo.<\/p>\n<h3>Se\u00f1ales de alerta y control de calidad<\/h3>\n<p>Que se pregunta, <b>d\u00f3nde comprar 3-MMC (3-metilmetcatinona)<\/b>, deben estar atentos a las siguientes se\u00f1ales de advertencia:<\/p>\n<ul>\n<li>Falta informaci\u00f3n de contacto.<\/li>\n<li>Precios sospechosamente bajos sin prueba de origen.<\/li>\n<li>No hay valoraciones de clientes ni cr\u00edticas negativas.<\/li>\n<li>Sin CoA (Certificado de An\u00e1lisis) para confirmar la pureza.<\/li>\n<\/ul>\n<p>Las opiniones reales en foros y plataformas ayudan a identificar a los proveedores de confianza. <b>Adem\u00e1s<\/b> un vendedor de confianza <b>siempre informes de laboratorio<\/b> que demuestran pureza y seguridad. <b>Este<\/b> es esencial para una investigaci\u00f3n responsable.<\/p>\n<h3>Aspectos jur\u00eddicos y \u00e9ticos<\/h3>\n<p>Los compradores siempre deben <b>Situaci\u00f3n jur\u00eddica actual<\/b> antes de que <b>Orden (3-metilmetcatinona)<\/b>. La manipulaci\u00f3n segura y legal de la sustancia es <b>responsabilidad exclusiva del comprador<\/b>.<\/p>\n<h2>Conclusi\u00f3n<\/h2>\n<p><b>3-MMC (3-metilmetcatinona)<\/b> es un popular producto qu\u00edmico de investigaci\u00f3n con propiedades estimulantes. Qui\u00e9n <b>Comprar 3-MMC (3-metilmetcatinona) en l\u00ednea<\/b> le gustar\u00eda <b>Preste atenci\u00f3n a los proveedores certificados, compare precios y compruebe los certificados de pureza<\/b>.<\/p>\n<p>En <b>mejor lugar para comprar 3-MMC (3-metilmetcatinona) en l\u00ednea<\/b>, es donde <b>Transparencia, seguridad y un precio justo para la 3-MMC (3-metilmetcatinona)<\/b> estar garantizada. Haga un <b>decisi\u00f3n fundada<\/b> y seleccione s\u00f3lo <b>fuentes fiables<\/b>a <b>Comprar 3-MMC (3-metilmetcatinona) en l\u00ednea de una fuente de investigaci\u00f3n fiable<\/b>.<\/p>","protected":false},"excerpt":{"rendered":"<p><b>3-MMC (3-metilmetcatinona)<\/b> es una catinona popular que a menudo se compra como producto qu\u00edmico de investigaci\u00f3n. Dado que es un estimulante sint\u00e9tico <b>Pureza y calidad<\/b> decisivo. Descubra por qu\u00e9 son populares las compras en l\u00ednea, qu\u00e9 <b>principales riesgos<\/b> que acechan a los proveedores dudosos y c\u00f3mo encontrar un minorista de confianza. S\u00f3lo comprobando <b>Certificados de laboratorio (COA)<\/b> y el cumplimiento de las <b>Leyes<\/b> La 3-MMC puede adquirirse en una fuente de investigaci\u00f3n fiable. La responsabilidad de una manipulaci\u00f3n segura recae siempre en el comprador.<\/p>","protected":false},"featured_media":8030,"comment_status":"open","ping_status":"closed","template":"","meta":{"_joinchat":[]},"product_brand":[],"product_cat":[48],"product_tag":[1425,1441,1438,1448,1434,1447,1431,1432,1427,1424,1443,1445,1428,1439,1442,1426,1433,1444,1449,1446,1429,1430,1440,1435,1437,1436],"class_list":{"0":"post-7988","1":"product","2":"type-product","3":"status-publish","4":"has-post-thumbnail","6":"product_cat-stimulants","7":"product_tag-3-methylmethcathinon-bestellen","8":"product_tag-3-mmc-bestellen","9":"product_tag-3-mmc-bulk-bestellung","10":"product_tag-3-mmc-chemikalie","11":"product_tag-3-mmc-experimente","12":"product_tag-3-mmc-forschung","13":"product_tag-3-mmc-forschung-chemikalie","14":"product_tag-3-mmc-fur-neurowissenschaftliche-studien","15":"product_tag-3-mmc-groshandel","16":"product_tag-3-mmc-kaufen","17":"product_tag-3-mmc-labor","18":"product_tag-3-mmc-legal","19":"product_tag-3-mmc-lieferant","20":"product_tag-3-mmc-marktanalyse","21":"product_tag-3-mmc-online","22":"product_tag-3-mmc-online-bestellen","23":"product_tag-3-mmc-pharmazeutische-forschung","24":"product_tag-3-mmc-sicher","25":"product_tag-3-mmc-versand","26":"product_tag-3mmc-gunstig","27":"product_tag-forschung-chemikalien-3-mmc","28":"product_tag-hochwertige-3-mmc-kaufen","29":"product_tag-innovative-3-mmc-forschung","30":"product_tag-laborqualitat-3-mmc","31":"product_tag-legaler-3-mmc-anbieter","32":"product_tag-sicherer-3-mmc-versand","34":"first","35":"instock","36":"shipping-taxable","37":"purchasable","38":"product-type-variable"},"yoast_head":"<!-- This site is optimized with the Yoast SEO plugin v27.5 - https:\/\/yoast.com\/product\/yoast-seo-wordpress\/ -->\n<title>3-MMC (3-Methylmethcathinon) online kaufen | Chemgramx<\/title>\n<meta name=\"description\" content=\"Dieser Leitfaden beleuchtet die chemischen Grundlagen, die Legalit\u00e4t von 3-MMC und die Sicherheitskriterien f\u00fcr seri\u00f6se Anbieter.\" \/>\n<meta name=\"robots\" content=\"index, follow, max-snippet:-1, max-image-preview:large, max-video-preview:-1\" \/>\n<link rel=\"canonical\" href=\"https:\/\/chemgramx.com\/es\/producto-1\/comprar-3-mmc-3-metilmetcatinona-online\/\" \/>\n<meta property=\"og:locale\" content=\"es_ES\" \/>\n<meta property=\"og:type\" content=\"article\" \/>\n<meta property=\"og:title\" content=\"3-MMC (3-Methylmethcathinon) online kaufen | Chemgramx\" \/>\n<meta property=\"og:description\" content=\"Dieser Leitfaden beleuchtet die chemischen Grundlagen, die Legalit\u00e4t von 3-MMC und die Sicherheitskriterien f\u00fcr seri\u00f6se Anbieter.\" \/>\n<meta property=\"og:url\" content=\"https:\/\/chemgramx.com\/es\/producto-1\/comprar-3-mmc-3-metilmetcatinona-online\/\" \/>\n<meta property=\"og:site_name\" content=\"Chemgramx\" \/>\n<meta property=\"article:modified_time\" content=\"2025-11-21T16:53:28+00:00\" \/>\n<meta property=\"og:image\" content=\"https:\/\/chemgramx.com\/wp-content\/uploads\/2025\/11\/3-MMC-3-Methylmethcathinon.jpg\" \/>\n\t<meta property=\"og:image:width\" content=\"474\" \/>\n\t<meta property=\"og:image:height\" content=\"477\" \/>\n\t<meta property=\"og:image:type\" content=\"image\/jpeg\" \/>\n<meta name=\"twitter:card\" content=\"summary_large_image\" \/>\n<meta name=\"twitter:label1\" content=\"Tiempo de lectura\" \/>\n\t<meta name=\"twitter:data1\" content=\"3 minutos\" \/>\n<script type=\"application\/ld+json\" class=\"yoast-schema-graph\">{\"@context\":\"https:\\\/\\\/schema.org\",\"@graph\":[{\"@type\":\"WebPage\",\"@id\":\"https:\\\/\\\/chemgramx.com\\\/product\\\/3-mmc-3-methylmethcathinon-online-kaufen\\\/\",\"url\":\"https:\\\/\\\/chemgramx.com\\\/product\\\/3-mmc-3-methylmethcathinon-online-kaufen\\\/\",\"name\":\"3-MMC (3-Methylmethcathinon) online kaufen | Chemgramx\",\"isPartOf\":{\"@id\":\"https:\\\/\\\/chemgramx.com\\\/#website\"},\"primaryImageOfPage\":{\"@id\":\"https:\\\/\\\/chemgramx.com\\\/product\\\/3-mmc-3-methylmethcathinon-online-kaufen\\\/#primaryimage\"},\"image\":{\"@id\":\"https:\\\/\\\/chemgramx.com\\\/product\\\/3-mmc-3-methylmethcathinon-online-kaufen\\\/#primaryimage\"},\"thumbnailUrl\":\"https:\\\/\\\/chemgramx.com\\\/wp-content\\\/uploads\\\/2025\\\/11\\\/3-MMC-3-Methylmethcathinon.jpg\",\"datePublished\":\"2025-11-21T16:44:49+00:00\",\"dateModified\":\"2025-11-21T16:53:28+00:00\",\"description\":\"Dieser Leitfaden beleuchtet die chemischen Grundlagen, die Legalit\u00e4t von 3-MMC und die Sicherheitskriterien f\u00fcr seri\u00f6se Anbieter.\",\"breadcrumb\":{\"@id\":\"https:\\\/\\\/chemgramx.com\\\/product\\\/3-mmc-3-methylmethcathinon-online-kaufen\\\/#breadcrumb\"},\"inLanguage\":\"es\",\"potentialAction\":[{\"@type\":\"ReadAction\",\"target\":[\"https:\\\/\\\/chemgramx.com\\\/product\\\/3-mmc-3-methylmethcathinon-online-kaufen\\\/\"]}]},{\"@type\":\"ImageObject\",\"inLanguage\":\"es\",\"@id\":\"https:\\\/\\\/chemgramx.com\\\/product\\\/3-mmc-3-methylmethcathinon-online-kaufen\\\/#primaryimage\",\"url\":\"https:\\\/\\\/chemgramx.com\\\/wp-content\\\/uploads\\\/2025\\\/11\\\/3-MMC-3-Methylmethcathinon.jpg\",\"contentUrl\":\"https:\\\/\\\/chemgramx.com\\\/wp-content\\\/uploads\\\/2025\\\/11\\\/3-MMC-3-Methylmethcathinon.jpg\",\"width\":474,\"height\":477},{\"@type\":\"BreadcrumbList\",\"@id\":\"https:\\\/\\\/chemgramx.com\\\/product\\\/3-mmc-3-methylmethcathinon-online-kaufen\\\/#breadcrumb\",\"itemListElement\":[{\"@type\":\"ListItem\",\"position\":1,\"name\":\"Home\",\"item\":\"https:\\\/\\\/chemgramx.com\\\/\"},{\"@type\":\"ListItem\",\"position\":2,\"name\":\"Shop\",\"item\":\"https:\\\/\\\/chemgramx.com\\\/shop\\\/\"},{\"@type\":\"ListItem\",\"position\":3,\"name\":\"3-MMC (3-Methylmethcathinon) Online Kaufen\"}]},{\"@type\":\"WebSite\",\"@id\":\"https:\\\/\\\/chemgramx.com\\\/#website\",\"url\":\"https:\\\/\\\/chemgramx.com\\\/\",\"name\":\"Chemgramx\",\"description\":\"\",\"publisher\":{\"@id\":\"https:\\\/\\\/chemgramx.com\\\/#organization\"},\"potentialAction\":[{\"@type\":\"SearchAction\",\"target\":{\"@type\":\"EntryPoint\",\"urlTemplate\":\"https:\\\/\\\/chemgramx.com\\\/?s={search_term_string}\"},\"query-input\":{\"@type\":\"PropertyValueSpecification\",\"valueRequired\":true,\"valueName\":\"search_term_string\"}}],\"inLanguage\":\"es\"},{\"@type\":\"Organization\",\"@id\":\"https:\\\/\\\/chemgramx.com\\\/#organization\",\"name\":\"Chemgramx\",\"url\":\"https:\\\/\\\/chemgramx.com\\\/\",\"logo\":{\"@type\":\"ImageObject\",\"inLanguage\":\"es\",\"@id\":\"https:\\\/\\\/chemgramx.com\\\/#\\\/schema\\\/logo\\\/image\\\/\",\"url\":\"https:\\\/\\\/chemgramx.com\\\/wp-content\\\/uploads\\\/2024\\\/10\\\/final-logo.png\",\"contentUrl\":\"https:\\\/\\\/chemgramx.com\\\/wp-content\\\/uploads\\\/2024\\\/10\\\/final-logo.png\",\"width\":250,\"height\":48,\"caption\":\"Chemgramx\"},\"image\":{\"@id\":\"https:\\\/\\\/chemgramx.com\\\/#\\\/schema\\\/logo\\\/image\\\/\"}}]}<\/script>\n<!-- \/ Yoast SEO plugin. -->","yoast_head_json":{"title":"Comprar 3-MMC (3-metilmetcatinona) en l\u00ednea | Chemgramx","description":"Esta gu\u00eda arroja luz sobre la base qu\u00edmica, la legalidad de la 3-MMC y los criterios de seguridad de los proveedores acreditados.","robots":{"index":"index","follow":"follow","max-snippet":"max-snippet:-1","max-image-preview":"max-image-preview:large","max-video-preview":"max-video-preview:-1"},"canonical":"https:\/\/chemgramx.com\/es\/producto-1\/comprar-3-mmc-3-metilmetcatinona-online\/","og_locale":"es_ES","og_type":"article","og_title":"3-MMC (3-Methylmethcathinon) online kaufen | Chemgramx","og_description":"Dieser Leitfaden beleuchtet die chemischen Grundlagen, die Legalit\u00e4t von 3-MMC und die Sicherheitskriterien f\u00fcr seri\u00f6se Anbieter.","og_url":"https:\/\/chemgramx.com\/es\/producto-1\/comprar-3-mmc-3-metilmetcatinona-online\/","og_site_name":"Chemgramx","article_modified_time":"2025-11-21T16:53:28+00:00","og_image":[{"width":474,"height":477,"url":"https:\/\/chemgramx.com\/wp-content\/uploads\/2025\/11\/3-MMC-3-Methylmethcathinon.jpg","type":"image\/jpeg"}],"twitter_card":"summary_large_image","twitter_misc":{"Tiempo de lectura":"3 minutos"},"schema":{"@context":"https:\/\/schema.org","@graph":[{"@type":"WebPage","@id":"https:\/\/chemgramx.com\/product\/3-mmc-3-methylmethcathinon-online-kaufen\/","url":"https:\/\/chemgramx.com\/product\/3-mmc-3-methylmethcathinon-online-kaufen\/","name":"Comprar 3-MMC (3-metilmetcatinona) en l\u00ednea | Chemgramx","isPartOf":{"@id":"https:\/\/chemgramx.com\/#website"},"primaryImageOfPage":{"@id":"https:\/\/chemgramx.com\/product\/3-mmc-3-methylmethcathinon-online-kaufen\/#primaryimage"},"image":{"@id":"https:\/\/chemgramx.com\/product\/3-mmc-3-methylmethcathinon-online-kaufen\/#primaryimage"},"thumbnailUrl":"https:\/\/chemgramx.com\/wp-content\/uploads\/2025\/11\/3-MMC-3-Methylmethcathinon.jpg","datePublished":"2025-11-21T16:44:49+00:00","dateModified":"2025-11-21T16:53:28+00:00","description":"Esta gu\u00eda arroja luz sobre la base qu\u00edmica, la legalidad de la 3-MMC y los criterios de seguridad de los proveedores acreditados.","breadcrumb":{"@id":"https:\/\/chemgramx.com\/product\/3-mmc-3-methylmethcathinon-online-kaufen\/#breadcrumb"},"inLanguage":"es","potentialAction":[{"@type":"ReadAction","target":["https:\/\/chemgramx.com\/product\/3-mmc-3-methylmethcathinon-online-kaufen\/"]}]},{"@type":"ImageObject","inLanguage":"es","@id":"https:\/\/chemgramx.com\/product\/3-mmc-3-methylmethcathinon-online-kaufen\/#primaryimage","url":"https:\/\/chemgramx.com\/wp-content\/uploads\/2025\/11\/3-MMC-3-Methylmethcathinon.jpg","contentUrl":"https:\/\/chemgramx.com\/wp-content\/uploads\/2025\/11\/3-MMC-3-Methylmethcathinon.jpg","width":474,"height":477},{"@type":"BreadcrumbList","@id":"https:\/\/chemgramx.com\/product\/3-mmc-3-methylmethcathinon-online-kaufen\/#breadcrumb","itemListElement":[{"@type":"ListItem","position":1,"name":"Home","item":"https:\/\/chemgramx.com\/"},{"@type":"ListItem","position":2,"name":"Shop","item":"https:\/\/chemgramx.com\/shop\/"},{"@type":"ListItem","position":3,"name":"3-MMC (3-Methylmethcathinon) Online Kaufen"}]},{"@type":"WebSite","@id":"https:\/\/chemgramx.com\/#website","url":"https:\/\/chemgramx.com\/","name":"Chemgramx","description":"","publisher":{"@id":"https:\/\/chemgramx.com\/#organization"},"potentialAction":[{"@type":"SearchAction","target":{"@type":"EntryPoint","urlTemplate":"https:\/\/chemgramx.com\/?s={search_term_string}"},"query-input":{"@type":"PropertyValueSpecification","valueRequired":true,"valueName":"search_term_string"}}],"inLanguage":"es"},{"@type":"Organization","@id":"https:\/\/chemgramx.com\/#organization","name":"Chemgramx","url":"https:\/\/chemgramx.com\/","logo":{"@type":"ImageObject","inLanguage":"es","@id":"https:\/\/chemgramx.com\/#\/schema\/logo\/image\/","url":"https:\/\/chemgramx.com\/wp-content\/uploads\/2024\/10\/final-logo.png","contentUrl":"https:\/\/chemgramx.com\/wp-content\/uploads\/2024\/10\/final-logo.png","width":250,"height":48,"caption":"Chemgramx"},"image":{"@id":"https:\/\/chemgramx.com\/#\/schema\/logo\/image\/"}}]}},"_links":{"self":[{"href":"https:\/\/chemgramx.com\/es\/wp-json\/wp\/v2\/product\/7988","targetHints":{"allow":["GET"]}}],"collection":[{"href":"https:\/\/chemgramx.com\/es\/wp-json\/wp\/v2\/product"}],"about":[{"href":"https:\/\/chemgramx.com\/es\/wp-json\/wp\/v2\/types\/product"}],"replies":[{"embeddable":true,"href":"https:\/\/chemgramx.com\/es\/wp-json\/wp\/v2\/comments?post=7988"}],"wp:featuredmedia":[{"embeddable":true,"href":"https:\/\/chemgramx.com\/es\/wp-json\/wp\/v2\/media\/8030"}],"wp:attachment":[{"href":"https:\/\/chemgramx.com\/es\/wp-json\/wp\/v2\/media?parent=7988"}],"wp:term":[{"taxonomy":"product_brand","embeddable":true,"href":"https:\/\/chemgramx.com\/es\/wp-json\/wp\/v2\/product_brand?post=7988"},{"taxonomy":"product_cat","embeddable":true,"href":"https:\/\/chemgramx.com\/es\/wp-json\/wp\/v2\/product_cat?post=7988"},{"taxonomy":"product_tag","embeddable":true,"href":"https:\/\/chemgramx.com\/es\/wp-json\/wp\/v2\/product_tag?post=7988"}],"curies":[{"name":"wp","href":"https:\/\/api.w.org\/{rel}","templated":true}]}}