{"id":7989,"date":"2025-11-21T16:44:49","date_gmt":"2025-11-21T16:44:49","guid":{"rendered":"https:\/\/chemgramx.com\/?post_type=product&#038;p=7989"},"modified":"2025-11-21T16:53:29","modified_gmt":"2025-11-21T16:53:29","slug":"2f-dck-2-fluorodecloroketamina-comprar-online","status":"publish","type":"product","link":"https:\/\/chemgramx.com\/es\/product\/2f-dck-2-fluordeschloroketamin-online-kaufen\/","title":{"rendered":"Comprar 2F-DCK (2-Fluorodescloroketamina) en l\u00ednea"},"content":{"rendered":"<p><strong>2F-DCK (2-fluorodescloroketamina)<\/strong> es un compuesto sint\u00e9tico de la familia de la ketamina que est\u00e1 atrayendo cada vez m\u00e1s la atenci\u00f3n de la investigaci\u00f3n cient\u00edfica. Cada vez son m\u00e1s los investigadores que se deciden, <strong>Comprar 2F-DCK en l\u00ednea<\/strong>, para analizar las propiedades farmacol\u00f3gicas y el potencial de esta sustancia. Los proveedores reputados ofrecen <strong>2F-DCK en venta<\/strong> en calidad probada en laboratorio, incluyendo <strong>COA (Certificado de an\u00e1lisis)<\/strong>, que confirma la pureza y la composici\u00f3n qu\u00edmica.<\/p>\n<p>Dado que el 2F-DCK es un compuesto con propiedades espec\u00edficas, el <strong>Pedidos seguros en l\u00ednea<\/strong> de particular importancia. Que se pregunta, <strong>d\u00f3nde comprar 2F-DCK<\/strong>, s\u00f3lo debe hacer pedidos a distribuidores de laboratorios certificados que proporcionen datos transparentes sobre el producto y an\u00e1lisis probados.<\/p>\n<h2>\u00bfQu\u00e9 es 2FDCK (2-fluorodescloroketamina)?<\/h2>\n<p><strong>2F-DCK<\/strong> (nombre qu\u00edmico: 2-fluorodescloroketamina) es un <strong>Sustituyente fl\u00faor<\/strong> de <em>Descloroketamina (DCK)<\/em>. Con la f\u00f3rmula qu\u00edmica <strong>C13H15FNO<\/strong> y un peso molecular de 221,26 g\/mol, pertenece al <strong>arilciclohexilaminas disociativas<\/strong>. El grupo fl\u00faor en la segunda posici\u00f3n modifica las propiedades farmacol\u00f3gicas en comparaci\u00f3n con la sustancia madre DCK, lo que convierte a la 2F-DCK en un interesante objeto de investigaci\u00f3n para los investigadores.<\/p>\n<h3>Propiedades qu\u00edmicas<\/h3>\n<ul>\n<li><strong>F\u00f3rmula qu\u00edmica:<\/strong> C13H15FNO<\/li>\n<li><strong>Masa molar:<\/strong> 221,26 g\/mol<\/li>\n<li><strong>Clase:<\/strong> Arilciclohexilamina disociativa<\/li>\n<li><strong>Pureza:<\/strong> \u226599 % (probado en laboratorio)<\/li>\n<li><strong>Forma de aparici\u00f3n:<\/strong> Polvo cristalino entre blanco y ligeramente amarillento<\/li>\n<\/ul>\n<h2>Investigaci\u00f3n y aplicaciones cient\u00edficas<\/h2>\n<p>2F-DCK se utiliza exclusivamente con fines de investigaci\u00f3n. Los proyectos cient\u00edficos tratan <strong>mecanismos disociativos<\/strong> de esta sustancia y sus posibles efectos neuroqu\u00edmicos. De particular inter\u00e9s es el efecto sobre los receptores NMDA, que desempe\u00f1an un papel central en la comunicaci\u00f3n neuronal y la percepci\u00f3n.<\/p>\n<h3>Usos comunes<\/h3>\n<ul>\n<li><strong>Estudios neurocient\u00edficos:<\/strong> Investigaci\u00f3n de los mecanismos de acci\u00f3n disociativos en el sistema nervioso central<\/li>\n<li><strong>Investigaci\u00f3n farmacol\u00f3gica:<\/strong> An\u00e1lisis de las relaciones estructura-actividad de los derivados de la ketamina<\/li>\n<li><strong>Pruebas toxicol\u00f3gicas:<\/strong> Evaluaci\u00f3n de posibles v\u00edas metab\u00f3licas y metabolitos<\/li>\n<li><strong>Exploraci\u00f3n psicoactiva:<\/strong> Investigaci\u00f3n de la alteraci\u00f3n de la conciencia en condiciones de laboratorio estrictamente controladas<\/li>\n<\/ul>\n<p>Todas estas aplicaciones se llevan a cabo exclusivamente en laboratorios acreditados de conformidad con los requisitos legales y las directrices \u00e9ticas. 2F-DCK es <strong>no apto para el consumo humano<\/strong> determinado.<\/p>\n<h2>\u00bfPor qu\u00e9 comprar 2F-DCK en l\u00ednea?<\/h2>\n<p>La compra en l\u00ednea ofrece a investigadores y laboratorios una forma c\u00f3moda de adquirir sustancias de alta calidad. Quienes utilizan la <strong>mejor lugar para comprar 2F-DCK online<\/strong> se beneficia de varias ventajas:<\/p>\n<ul>\n<li><strong>Calidad probada en laboratorio:<\/strong> Todos los lotes con an\u00e1lisis COA y HPLC<\/li>\n<li><strong>Precios transparentes:<\/strong> Todo el mundo <strong>Precio 2F-DCK<\/strong> se indica claramente<\/li>\n<li><strong>Cantidades de pedido flexibles:<\/strong> Desde peque\u00f1as muestras de investigaci\u00f3n hasta grandes pedidos<\/li>\n<li><strong>Entrega discreta:<\/strong> Embalaje neutro con seguimiento del env\u00edo<\/li>\n<\/ul>\n<p>Investigadores que <strong>comprar 2F-DCK online<\/strong>, puede confiar en una pureza probada y un procesamiento seguro. Los proveedores reputados facilitan informes de laboratorio y hojas de datos de seguridad de los materiales (MSDS).<\/p>\n<h2>Situaci\u00f3n jur\u00eddica de 2F-DCK<\/h2>\n<p>La categorizaci\u00f3n legal de la 2F-DCK var\u00eda en todo el mundo. En <a href=\"\/product\/2-fa-2-fluoramphetamin-online-kaufen\/\">Alemania<\/a> 2F-DCK podr\u00eda entrar en el <strong>Nueva Ley de Sustancias Psicoactivas (NpSG)<\/strong> lo que significa que la producci\u00f3n, distribuci\u00f3n y posesi\u00f3n est\u00e1n prohibidas. En otros pa\u00edses, es posible que la sustancia a\u00fan no est\u00e9 regulada, pero suele estar cubierta por leyes an\u00e1logas.<\/p>\n<p>Por eso es importante que los compradores <strong>antes de hacer el pedido<\/strong> sobre la situaci\u00f3n jur\u00eddica actual en su pa\u00eds. El comercio de 2F-DCK s\u00f3lo debe realizarse en el marco de <strong>investigaci\u00f3n leg\u00edtima<\/strong> y en cumplimiento de los requisitos legales.<\/p>\n<h2>\u00bfC\u00f3mo puedo encontrar un proveedor confiable?<\/h2>\n<p>En el <strong>Compra de 2F-DCK para la venta<\/strong> Los investigadores deben tener en cuenta algunos puntos para garantizar la calidad y fiabilidad del proveedor:<\/p>\n<ul>\n<li>Presencia de un <strong>COA (Certificado de an\u00e1lisis)<\/strong> con los resultados de las pruebas<\/li>\n<li>Opiniones positivas de clientes y menciones en foros cient\u00edficos<\/li>\n<li>Precios transparentes sin cargos ocultos<\/li>\n<li>Sin ofertas poco realistas (indicio de falsificaciones)<\/li>\n<li>Opci\u00f3n de contacto e informaci\u00f3n empresarial comprensible<\/li>\n<\/ul>\n<p>Un proveedor de confianza para <strong>comprar 2F-DCK online<\/strong> garantiza una calidad probada en laboratorio, un proceso de pago seguro y un proceso de env\u00edo profesional.<\/p>\n<h2>Riesgos y sentido de la responsabilidad<\/h2>\n<p>Como ocurre con todos los productos qu\u00edmicos de investigaci\u00f3n, existen riesgos potenciales al manipular 2F-DCK. El almacenamiento inadecuado o la contaminaci\u00f3n pueden influir en los resultados o plantear riesgos para la seguridad. S\u00f3lo el personal de laboratorio experimentado debe trabajar con esta sustancia.<\/p>\n<p>Dado que la categorizaci\u00f3n legal es a veces confusa, los investigadores son plenamente responsables del cumplimiento de la legislaci\u00f3n aplicable. S\u00f3lo se autoriza el uso en <strong><a href=\"\/product\/ebk-online-kaufen\/\">autorizado<\/a> Laboratorios<\/strong> es legal y \u00e9ticamente justificable.<\/p>\n<h2>Almacenamiento y estabilidad<\/h2>\n<p>El 2F-DCK debe almacenarse en condiciones controladas para mantener la estabilidad qu\u00edmica y la pureza:<\/p>\n<ul>\n<li><strong>Temperatura:<\/strong> 2-8 \u00b0C, preferiblemente en frigor\u00edfico<\/li>\n<li><strong>Protecci\u00f3n contra la luz:<\/strong> En recipientes opacos<\/li>\n<li><strong>Humedad:<\/strong> Almacenar en un lugar seco, sin humedad directa<\/li>\n<li><strong>Embalaje:<\/strong> Sellados herm\u00e9ticamente en recipientes de laboratorio claramente etiquetados<\/li>\n<\/ul>\n<h2>FAQ - Preguntas m\u00e1s frecuentes<\/h2>\n<h3>1. \u00bfqu\u00e9 es 2F-DCK?<\/h3>\n<p>La 2F-DCK es un derivado fluorado de la descloroketamina, que se utiliza en investigaci\u00f3n para estudiar mecanismos disociativos. Pertenece qu\u00edmicamente a la familia de los derivados de la ketamina.<\/p>\n<h3>2. \u00bfes legal el 2F-DCK?<\/h3>\n<p>En Alemania, es probable que la 2F-DCK entre en el \u00e1mbito de la NpSG. La situaci\u00f3n jur\u00eddica var\u00eda a escala internacional. Los investigadores siempre deben informarse sobre las normativas nacionales.<\/p>\n<h3>3. \u00bfpara qu\u00e9 sirve el 2F-DCK?<\/h3>\n<p>La 2F-DCK se utiliza en estudios de laboratorio para analizar neuroqu\u00edmicos, <a href=\"\/product\/methallylescaline-hydrochloride-kaufen\/\">farmacol\u00f3gico<\/a> y efectos disociativos. Su consumo no est\u00e1 autorizado.<\/p>\n<h3>4. \u00bfc\u00f3mo se almacena el 2F-DCK de forma segura?<\/h3>\n<p>Conservar en lugar fresco y seco, protegido de la luz, a 2-8 \u00b0C. El envase debe ser herm\u00e9tico y estar etiquetado para evitar la contaminaci\u00f3n.<\/p>\n<h3>5. \u00bfd\u00f3nde puedo comprar 2F-DCK de forma segura?<\/h3>\n<p>S\u00f3lo de proveedores autorizados con certificados de laboratorio, precios transparentes y env\u00edos discretos. Evite las tiendas sin COA o con ofertas poco realistas.<\/p>\n<h2>Conclusi\u00f3n<\/h2>\n<p><strong>2F-DCK<\/strong> es una prometedora sustancia qu\u00edmica de investigaci\u00f3n de la familia de la ketamina que ofrece propiedades \u00fanicas para los estudios neuroqu\u00edmicos. Qui\u00e9n <strong>Comprar 2F-DCK en l\u00ednea<\/strong> Si desea utilizar un producto, debe elegir s\u00f3lo proveedores certificados con certificados de laboratorio e informarse sobre los aspectos legales.<br \/>\nEn <strong>mejor lugar para comprar 2F-DCK online<\/strong>, es siempre un proveedor que ofrece transparencia, seguridad y calidad probada. La investigaci\u00f3n debe realizarse siempre de forma responsable, legal y en condiciones profesionales.<\/p>","protected":false},"excerpt":{"rendered":"<p>La 2F-DCK, o 2-fluorodescloroketamina, es una popular sustancia qu\u00edmica de investigaci\u00f3n de la familia de las arilciclohexilaminas. Es estructuralmente similar a la ketamina, pero contiene un \u00e1tomo de fl\u00faor que altera sus propiedades farmacol\u00f3gicas. La 2F-DCK se utiliza a menudo en neurociencia y farmacolog\u00eda para estudios sobre receptores NMDA y mecanismos disociativos.<\/p>","protected":false},"featured_media":8031,"comment_status":"open","ping_status":"closed","template":"","meta":{"_joinchat":[]},"product_brand":[],"product_cat":[97],"product_tag":[1299,1315,1312,1322,1308,1321,1305,1306,1301,1298,1317,1319,1302,1313,1316,1300,1307,1318,1323,1320,1303,1304,1314,1309,1311,1310],"class_list":{"0":"post-7989","1":"product","2":"type-product","3":"status-publish","4":"has-post-thumbnail","6":"product_cat-forschungschemikalien","7":"product_tag-2-fluordeschloroketamin-bestellen","8":"product_tag-2f-dck-bestellen","9":"product_tag-2f-dck-bulk-bestellung","10":"product_tag-2f-dck-chemikalie","11":"product_tag-2f-dck-experimente","12":"product_tag-2f-dck-forschung","13":"product_tag-2f-dck-forschung-chemikalie","14":"product_tag-2f-dck-fur-neurowissenschaftliche-studien","15":"product_tag-2f-dck-groshandel","16":"product_tag-2f-dck-kaufen","17":"product_tag-2f-dck-labor","18":"product_tag-2f-dck-legal","19":"product_tag-2f-dck-lieferant","20":"product_tag-2f-dck-marktanalyse","21":"product_tag-2f-dck-online","22":"product_tag-2f-dck-online-bestellen","23":"product_tag-2f-dck-pharmazeutische-forschung","24":"product_tag-2f-dck-sicher","25":"product_tag-2f-dck-versand","26":"product_tag-2fdck-gunstig","27":"product_tag-forschung-chemikalien-2f-dck","28":"product_tag-hochwertige-2f-dck-kaufen","29":"product_tag-innovative-2f-dck-forschung","30":"product_tag-laborqualitat-2f-dck","31":"product_tag-legaler-2f-dck-anbieter","32":"product_tag-sicherer-2f-dck-versand","34":"first","35":"instock","36":"shipping-taxable","37":"purchasable","38":"product-type-variable"},"yoast_head":"<!-- This site is optimized with the Yoast SEO plugin v27.5 - https:\/\/yoast.com\/product\/yoast-seo-wordpress\/ -->\n<title>2F-DCK (2-Fluordeschloroketamin) online kaufen | Chemgramx<\/title>\n<meta name=\"description\" content=\"Sie m\u00f6chten 2F-DCK (2-Fluordeschloroketamin) online zu einem vern\u00fcnftigen Preis kaufen? Besuchen Sie unseren renommierten Chemgramx-Onlineshop und kaufen Sie noch heute 2F-DCK (2-Fluordeschloroketamin).\" \/>\n<meta name=\"robots\" content=\"index, follow, max-snippet:-1, max-image-preview:large, max-video-preview:-1\" \/>\n<link rel=\"canonical\" href=\"https:\/\/chemgramx.com\/es\/producto-1\/2f-dck-2-fluorodecloroketamina-comprar-online\/\" \/>\n<meta property=\"og:locale\" content=\"es_ES\" \/>\n<meta property=\"og:type\" content=\"article\" \/>\n<meta property=\"og:title\" content=\"2F-DCK (2-Fluordeschloroketamin) online kaufen | Chemgramx\" \/>\n<meta property=\"og:description\" content=\"Sie m\u00f6chten 2F-DCK (2-Fluordeschloroketamin) online zu einem vern\u00fcnftigen Preis kaufen? Besuchen Sie unseren renommierten Chemgramx-Onlineshop und kaufen Sie noch heute 2F-DCK (2-Fluordeschloroketamin).\" \/>\n<meta property=\"og:url\" content=\"https:\/\/chemgramx.com\/es\/producto-1\/2f-dck-2-fluorodecloroketamina-comprar-online\/\" \/>\n<meta property=\"og:site_name\" content=\"Chemgramx\" \/>\n<meta property=\"article:modified_time\" content=\"2025-11-21T16:53:29+00:00\" \/>\n<meta property=\"og:image\" content=\"https:\/\/chemgramx.com\/wp-content\/uploads\/2025\/11\/2F-DCK-kaufen.jpg\" \/>\n\t<meta property=\"og:image:width\" content=\"324\" \/>\n\t<meta property=\"og:image:height\" content=\"324\" \/>\n\t<meta property=\"og:image:type\" content=\"image\/jpeg\" \/>\n<meta name=\"twitter:card\" content=\"summary_large_image\" \/>\n<meta name=\"twitter:label1\" content=\"Tiempo de lectura\" \/>\n\t<meta name=\"twitter:data1\" content=\"4 minutos\" \/>\n<script type=\"application\/ld+json\" class=\"yoast-schema-graph\">{\"@context\":\"https:\\\/\\\/schema.org\",\"@graph\":[{\"@type\":\"WebPage\",\"@id\":\"https:\\\/\\\/chemgramx.com\\\/product\\\/2f-dck-2-fluordeschloroketamin-online-kaufen\\\/\",\"url\":\"https:\\\/\\\/chemgramx.com\\\/product\\\/2f-dck-2-fluordeschloroketamin-online-kaufen\\\/\",\"name\":\"2F-DCK (2-Fluordeschloroketamin) online kaufen | Chemgramx\",\"isPartOf\":{\"@id\":\"https:\\\/\\\/chemgramx.com\\\/#website\"},\"primaryImageOfPage\":{\"@id\":\"https:\\\/\\\/chemgramx.com\\\/product\\\/2f-dck-2-fluordeschloroketamin-online-kaufen\\\/#primaryimage\"},\"image\":{\"@id\":\"https:\\\/\\\/chemgramx.com\\\/product\\\/2f-dck-2-fluordeschloroketamin-online-kaufen\\\/#primaryimage\"},\"thumbnailUrl\":\"https:\\\/\\\/chemgramx.com\\\/wp-content\\\/uploads\\\/2025\\\/11\\\/2F-DCK-kaufen.jpg\",\"datePublished\":\"2025-11-21T16:44:49+00:00\",\"dateModified\":\"2025-11-21T16:53:29+00:00\",\"description\":\"Sie m\u00f6chten 2F-DCK (2-Fluordeschloroketamin) online zu einem vern\u00fcnftigen Preis kaufen? Besuchen Sie unseren renommierten Chemgramx-Onlineshop und kaufen Sie noch heute 2F-DCK (2-Fluordeschloroketamin).\",\"breadcrumb\":{\"@id\":\"https:\\\/\\\/chemgramx.com\\\/product\\\/2f-dck-2-fluordeschloroketamin-online-kaufen\\\/#breadcrumb\"},\"inLanguage\":\"es\",\"potentialAction\":[{\"@type\":\"ReadAction\",\"target\":[\"https:\\\/\\\/chemgramx.com\\\/product\\\/2f-dck-2-fluordeschloroketamin-online-kaufen\\\/\"]}]},{\"@type\":\"ImageObject\",\"inLanguage\":\"es\",\"@id\":\"https:\\\/\\\/chemgramx.com\\\/product\\\/2f-dck-2-fluordeschloroketamin-online-kaufen\\\/#primaryimage\",\"url\":\"https:\\\/\\\/chemgramx.com\\\/wp-content\\\/uploads\\\/2025\\\/11\\\/2F-DCK-kaufen.jpg\",\"contentUrl\":\"https:\\\/\\\/chemgramx.com\\\/wp-content\\\/uploads\\\/2025\\\/11\\\/2F-DCK-kaufen.jpg\",\"width\":324,\"height\":324},{\"@type\":\"BreadcrumbList\",\"@id\":\"https:\\\/\\\/chemgramx.com\\\/product\\\/2f-dck-2-fluordeschloroketamin-online-kaufen\\\/#breadcrumb\",\"itemListElement\":[{\"@type\":\"ListItem\",\"position\":1,\"name\":\"Home\",\"item\":\"https:\\\/\\\/chemgramx.com\\\/\"},{\"@type\":\"ListItem\",\"position\":2,\"name\":\"Shop\",\"item\":\"https:\\\/\\\/chemgramx.com\\\/shop\\\/\"},{\"@type\":\"ListItem\",\"position\":3,\"name\":\"2F-DCK (2-Fluordeschloroketamin) Online Kaufen\"}]},{\"@type\":\"WebSite\",\"@id\":\"https:\\\/\\\/chemgramx.com\\\/#website\",\"url\":\"https:\\\/\\\/chemgramx.com\\\/\",\"name\":\"Chemgramx\",\"description\":\"\",\"publisher\":{\"@id\":\"https:\\\/\\\/chemgramx.com\\\/#organization\"},\"potentialAction\":[{\"@type\":\"SearchAction\",\"target\":{\"@type\":\"EntryPoint\",\"urlTemplate\":\"https:\\\/\\\/chemgramx.com\\\/?s={search_term_string}\"},\"query-input\":{\"@type\":\"PropertyValueSpecification\",\"valueRequired\":true,\"valueName\":\"search_term_string\"}}],\"inLanguage\":\"es\"},{\"@type\":\"Organization\",\"@id\":\"https:\\\/\\\/chemgramx.com\\\/#organization\",\"name\":\"Chemgramx\",\"url\":\"https:\\\/\\\/chemgramx.com\\\/\",\"logo\":{\"@type\":\"ImageObject\",\"inLanguage\":\"es\",\"@id\":\"https:\\\/\\\/chemgramx.com\\\/#\\\/schema\\\/logo\\\/image\\\/\",\"url\":\"https:\\\/\\\/chemgramx.com\\\/wp-content\\\/uploads\\\/2024\\\/10\\\/final-logo.png\",\"contentUrl\":\"https:\\\/\\\/chemgramx.com\\\/wp-content\\\/uploads\\\/2024\\\/10\\\/final-logo.png\",\"width\":250,\"height\":48,\"caption\":\"Chemgramx\"},\"image\":{\"@id\":\"https:\\\/\\\/chemgramx.com\\\/#\\\/schema\\\/logo\\\/image\\\/\"}}]}<\/script>\n<!-- \/ Yoast SEO plugin. -->","yoast_head_json":{"title":"Compre 2F-DCK (2-fluordescloroketamina) en l\u00ednea | Chemgramx","description":"\u00bfDesea comprar 2F-DCK (2-fluorodescloroketamina) en l\u00ednea a un precio razonable? Visite nuestra reputada tienda online Chemgramx y compre 2F-DCK (2-fluorodescloroketamina) hoy mismo.","robots":{"index":"index","follow":"follow","max-snippet":"max-snippet:-1","max-image-preview":"max-image-preview:large","max-video-preview":"max-video-preview:-1"},"canonical":"https:\/\/chemgramx.com\/es\/producto-1\/2f-dck-2-fluorodecloroketamina-comprar-online\/","og_locale":"es_ES","og_type":"article","og_title":"2F-DCK (2-Fluordeschloroketamin) online kaufen | Chemgramx","og_description":"Sie m\u00f6chten 2F-DCK (2-Fluordeschloroketamin) online zu einem vern\u00fcnftigen Preis kaufen? Besuchen Sie unseren renommierten Chemgramx-Onlineshop und kaufen Sie noch heute 2F-DCK (2-Fluordeschloroketamin).","og_url":"https:\/\/chemgramx.com\/es\/producto-1\/2f-dck-2-fluorodecloroketamina-comprar-online\/","og_site_name":"Chemgramx","article_modified_time":"2025-11-21T16:53:29+00:00","og_image":[{"width":324,"height":324,"url":"https:\/\/chemgramx.com\/wp-content\/uploads\/2025\/11\/2F-DCK-kaufen.jpg","type":"image\/jpeg"}],"twitter_card":"summary_large_image","twitter_misc":{"Tiempo de lectura":"4 minutos"},"schema":{"@context":"https:\/\/schema.org","@graph":[{"@type":"WebPage","@id":"https:\/\/chemgramx.com\/product\/2f-dck-2-fluordeschloroketamin-online-kaufen\/","url":"https:\/\/chemgramx.com\/product\/2f-dck-2-fluordeschloroketamin-online-kaufen\/","name":"Compre 2F-DCK (2-fluordescloroketamina) en l\u00ednea | Chemgramx","isPartOf":{"@id":"https:\/\/chemgramx.com\/#website"},"primaryImageOfPage":{"@id":"https:\/\/chemgramx.com\/product\/2f-dck-2-fluordeschloroketamin-online-kaufen\/#primaryimage"},"image":{"@id":"https:\/\/chemgramx.com\/product\/2f-dck-2-fluordeschloroketamin-online-kaufen\/#primaryimage"},"thumbnailUrl":"https:\/\/chemgramx.com\/wp-content\/uploads\/2025\/11\/2F-DCK-kaufen.jpg","datePublished":"2025-11-21T16:44:49+00:00","dateModified":"2025-11-21T16:53:29+00:00","description":"\u00bfDesea comprar 2F-DCK (2-fluorodescloroketamina) en l\u00ednea a un precio razonable? Visite nuestra reputada tienda online Chemgramx y compre 2F-DCK (2-fluorodescloroketamina) hoy mismo.","breadcrumb":{"@id":"https:\/\/chemgramx.com\/product\/2f-dck-2-fluordeschloroketamin-online-kaufen\/#breadcrumb"},"inLanguage":"es","potentialAction":[{"@type":"ReadAction","target":["https:\/\/chemgramx.com\/product\/2f-dck-2-fluordeschloroketamin-online-kaufen\/"]}]},{"@type":"ImageObject","inLanguage":"es","@id":"https:\/\/chemgramx.com\/product\/2f-dck-2-fluordeschloroketamin-online-kaufen\/#primaryimage","url":"https:\/\/chemgramx.com\/wp-content\/uploads\/2025\/11\/2F-DCK-kaufen.jpg","contentUrl":"https:\/\/chemgramx.com\/wp-content\/uploads\/2025\/11\/2F-DCK-kaufen.jpg","width":324,"height":324},{"@type":"BreadcrumbList","@id":"https:\/\/chemgramx.com\/product\/2f-dck-2-fluordeschloroketamin-online-kaufen\/#breadcrumb","itemListElement":[{"@type":"ListItem","position":1,"name":"Home","item":"https:\/\/chemgramx.com\/"},{"@type":"ListItem","position":2,"name":"Shop","item":"https:\/\/chemgramx.com\/shop\/"},{"@type":"ListItem","position":3,"name":"2F-DCK (2-Fluordeschloroketamin) Online Kaufen"}]},{"@type":"WebSite","@id":"https:\/\/chemgramx.com\/#website","url":"https:\/\/chemgramx.com\/","name":"Chemgramx","description":"","publisher":{"@id":"https:\/\/chemgramx.com\/#organization"},"potentialAction":[{"@type":"SearchAction","target":{"@type":"EntryPoint","urlTemplate":"https:\/\/chemgramx.com\/?s={search_term_string}"},"query-input":{"@type":"PropertyValueSpecification","valueRequired":true,"valueName":"search_term_string"}}],"inLanguage":"es"},{"@type":"Organization","@id":"https:\/\/chemgramx.com\/#organization","name":"Chemgramx","url":"https:\/\/chemgramx.com\/","logo":{"@type":"ImageObject","inLanguage":"es","@id":"https:\/\/chemgramx.com\/#\/schema\/logo\/image\/","url":"https:\/\/chemgramx.com\/wp-content\/uploads\/2024\/10\/final-logo.png","contentUrl":"https:\/\/chemgramx.com\/wp-content\/uploads\/2024\/10\/final-logo.png","width":250,"height":48,"caption":"Chemgramx"},"image":{"@id":"https:\/\/chemgramx.com\/#\/schema\/logo\/image\/"}}]}},"_links":{"self":[{"href":"https:\/\/chemgramx.com\/es\/wp-json\/wp\/v2\/product\/7989","targetHints":{"allow":["GET"]}}],"collection":[{"href":"https:\/\/chemgramx.com\/es\/wp-json\/wp\/v2\/product"}],"about":[{"href":"https:\/\/chemgramx.com\/es\/wp-json\/wp\/v2\/types\/product"}],"replies":[{"embeddable":true,"href":"https:\/\/chemgramx.com\/es\/wp-json\/wp\/v2\/comments?post=7989"}],"wp:featuredmedia":[{"embeddable":true,"href":"https:\/\/chemgramx.com\/es\/wp-json\/wp\/v2\/media\/8031"}],"wp:attachment":[{"href":"https:\/\/chemgramx.com\/es\/wp-json\/wp\/v2\/media?parent=7989"}],"wp:term":[{"taxonomy":"product_brand","embeddable":true,"href":"https:\/\/chemgramx.com\/es\/wp-json\/wp\/v2\/product_brand?post=7989"},{"taxonomy":"product_cat","embeddable":true,"href":"https:\/\/chemgramx.com\/es\/wp-json\/wp\/v2\/product_cat?post=7989"},{"taxonomy":"product_tag","embeddable":true,"href":"https:\/\/chemgramx.com\/es\/wp-json\/wp\/v2\/product_tag?post=7989"}],"curies":[{"name":"wp","href":"https:\/\/api.w.org\/{rel}","templated":true}]}}