{"id":7990,"date":"2025-11-21T16:44:50","date_gmt":"2025-11-21T16:44:50","guid":{"rendered":"https:\/\/chemgramx.com\/?post_type=product&#038;p=7990"},"modified":"2025-12-09T11:03:14","modified_gmt":"2025-12-09T11:03:14","slug":"comprar-mexedrone-online","status":"publish","type":"product","link":"https:\/\/chemgramx.com\/es\/product\/mexedrone-online-kaufen\/","title":{"rendered":"Comprar Mexedron \u2013 Pureza (alta calidad)"},"content":{"rendered":"<p>Buscar <b>Mexedrona<\/b> de la m\u00e1xima pureza y calidad? En Chemgramx le ofrecemos la posibilidad de, <b>Mexedron en venta<\/b> que est\u00e1 sujeto a estrictos controles de calidad. Nos comprometemos a suministrar productos qu\u00edmicos que cumplan con los m\u00e1s altos est\u00e1ndares para fines de investigaci\u00f3n. Entendemos la necesidad de precisi\u00f3n y fiabilidad en la comunidad cient\u00edfica. Por lo tanto, nos aseguramos de que cada lote de <b>Mexedron de m\u00e1xima calidad<\/b> proporciona resultados consistentes y reproducibles.<\/p>\n<p>Estamos orgullosos de poder ofrecerle <b>El mejor Mexedron disponible.<\/b>, . Si usted <b>Comprar Mexedron online<\/b> , con nosotros est\u00e1 en el lugar adecuado. Nuestro proceso est\u00e1 dise\u00f1ado para que la adquisici\u00f3n de materiales cient\u00edficos sea lo m\u00e1s sencilla y eficiente posible. Puede estar seguro de que <b>Mexedrona aut\u00e9ntica<\/b> adecuado para aplicaciones exigentes.<\/p>\n<h2>\u00bfPor qu\u00e9 elegir Mexedron de Chemgramx?<\/h2>\n<p>Elegir el proveedor adecuado para sus productos qu\u00edmicos de investigaci\u00f3n es fundamental. Chemgramx se ha consolidado como una marca de confianza que se centra en suministrar productos que garantizan pureza y eficacia. Nuestra gama de productos se selecciona cuidadosamente para satisfacer las necesidades de investigadores, acad\u00e9micos y laboratorios de todo el mundo. Adem\u00e1s, nos esforzamos por ofrecer un servicio de atenci\u00f3n al cliente excepcional que respalde sus esfuerzos cient\u00edficos.<\/p>\n<p>Si usted <b>Mexedron en venta<\/b> , Chemgramx es su primera opci\u00f3n. Damos gran importancia a la transparencia y a la satisfacci\u00f3n del cliente. Puede estar seguro de que los productos que ofrecemos son de <b>de la m\u00e1xima pureza a la venta<\/b> . Esto garantiza que sus experimentos y an\u00e1lisis se puedan llevar a cabo sobre una base s\u00f3lida. La integridad de su investigaci\u00f3n es nuestra m\u00e1xima prioridad.<\/p>\n<h3>Aplicaciones y propiedades de la mexedrona<\/h3>\n<p>La mexedrona es una sustancia que ha llamado la atenci\u00f3n en diversos campos de investigaci\u00f3n cient\u00edfica. Su estructura qu\u00edmica y sus propiedades potenciales la convierten en una mol\u00e9cula interesante para estudios en \u00e1reas como la qu\u00edmica m\u00e9dica y la ciencia de los materiales. Los investigadores suelen utilizarla para poner a prueba nuevas hip\u00f3tesis y ampliar el conocimiento sobre v\u00edas bioqu\u00edmicas espec\u00edficas. La caracterizaci\u00f3n precisa de sus propiedades es un proceso continuo en la comunidad cient\u00edfica.<\/p>\n<p>Cuando se trabaja con compuestos qu\u00edmicos, es imprescindible comprender las propiedades espec\u00edficas de cada sustancia. Esto es especialmente importante si <b>Comprar Mexedron online<\/b>. La pureza del material puede afectar significativamente a los resultados de sus experimentos. Por este motivo, Chemgramx solo ofrece productos que cumplen con nuestros estrictos est\u00e1ndares de pureza. Esto es parte fundamental de nuestro compromiso de, <b>Materiales de investigaci\u00f3n de la m\u00e1s alta calidad<\/b> entregar.<\/p>\n<p>La investigaci\u00f3n cient\u00edfica requiere materiales que sean fiables y consistentes. Si usted <b>El mejor Mexedron disponible.<\/b>, puede confiar en Chemgramx. Entendemos la importancia de la precisi\u00f3n en su trabajo. Por eso nos aseguramos de que nuestros productos cumplan con estos requisitos. La confianza que nuestros clientes depositan en nuestros productos es importante para nosotros y trabajamos continuamente para ganarnos esa confianza.<\/p>\n<ul>\n<li><b>Alta pureza:<\/b> Nuestra mexedrona se somete a rigurosos controles de pureza para garantizar que sea apta para aplicaciones de investigaci\u00f3n exigentes.<\/li>\n<li><b>Calidad constante:<\/b> Garantizamos una calidad constante en cada entrega para que pueda confiar en sus resultados.<\/li>\n<li><b>Adecuado para la investigaci\u00f3n:<\/b> Los productos que ofrecemos est\u00e1n especialmente dise\u00f1ados para su uso en laboratorios cient\u00edficos.<\/li>\n<\/ul>\n<h3>\u00bfPor qu\u00e9 es tan importante elegir los productos qu\u00edmicos adecuados?<\/h3>\n<p>La integridad de la investigaci\u00f3n cient\u00edfica depende en gran medida de la calidad de los materiales utilizados. Los productos qu\u00edmicos contaminados o de baja calidad pueden dar lugar a resultados enga\u00f1osos que suponen una p\u00e9rdida de tiempo y recursos valiosos. Por lo tanto, es fundamental adquirir productos qu\u00edmicos de proveedores de confianza, como Chemgramx. Si usted <b>Mexedrona aut\u00e9ntica<\/b> necesita, nos aseguramos de que reciba un producto que cumpla con las especificaciones.<\/p>\n<p>Sabemos que la b\u00fasqueda de productos qu\u00edmicos espec\u00edficos para investigaci\u00f3n puede ser un reto. Por eso hemos dise\u00f1ado nuestro proceso para que sea lo m\u00e1s sencillo posible para usted. Si <b>Mexedron en venta<\/b> En nuestra empresa, puede estar seguro de que su solicitud ser\u00e1 tramitada de forma r\u00e1pida y eficaz. Nuestra experiencia en el \u00e1mbito de los productos qu\u00edmicos nos permite ofrecerle lo que necesita.<\/p>\n<p>Adem\u00e1s, es imprescindible cumplir con los est\u00e1ndares industriales. Si usted <b>Comprar Mexedron online<\/b>, puede estar seguro de que se trata de un producto elaborado con esmero y conocimientos t\u00e9cnicos. Esto forma parte de nuestro compromiso con la excelencia. Queremos que est\u00e9 satisfecho con todos los aspectos de su experiencia con nosotros. La seguridad y la fiabilidad de los productos que ofrecemos son nuestra prioridad.<\/p>\n<h3>Nuestro compromiso con la calidad<\/h3>\n<p>En Chemgramx, la calidad no es una idea secundaria, sino el n\u00facleo de nuestro negocio. Somos conscientes del papel fundamental que desempe\u00f1an los productos qu\u00edmicos en los descubrimientos cient\u00edficos. Por eso aplicamos estrictos procedimientos de control de calidad. As\u00ed que si usted <b>Mexedron de m\u00e1xima calidad<\/b> , puede estar seguro de que ha sido sometido a pruebas exhaustivas. Esto se aplica a todos nuestros productos, incluidos los destinados a fines de investigaci\u00f3n espec\u00edficos. Le ofrecemos <b>Calidad de laboratorio a la venta<\/b> a.<\/p>\n<p>Nuestro objetivo es superar las expectativas de nuestros clientes. Lo conseguimos mediante la mejora continua de nuestros procesos y la selecci\u00f3n de las mejores materias primas disponibles. Si decide, <b>Pedir Mexedron online<\/b>, elija un socio comprometido con su \u00e9xito. Nos esforzamos por proporcionarle los mejores materiales posibles para su valioso trabajo de investigaci\u00f3n.<\/p>\n<p>Adem\u00e1s, tambi\u00e9n ofrecemos otros productos qu\u00edmicos de alta pureza para sus necesidades de investigaci\u00f3n. Por ejemplo, si est\u00e1 interesado en compuestos qu\u00edmicos para la investigaci\u00f3n farmac\u00e9utica, podr\u00eda <a href=\"https:\/\/chemgramx.com\/product\/oxycontin-oc-40mg\/\">Oxycontin OC 40mg<\/a> otra opci\u00f3n que quiz\u00e1 desee considerar. Nos esforzamos por ofrecer una gama completa que satisfaga las diversas necesidades de la ciencia moderna. Por eso es importante que preste atenci\u00f3n a la calidad cuando <b>Mexedron en venta<\/b> adquirir.<\/p>\n<h3>Abastecimiento seguro y fiable<\/h3>\n<p>Sabemos que la adquisici\u00f3n de productos qu\u00edmicos cient\u00edficos requiere confianza. Por eso, Chemgramx ha implementado procesos para garantizar una <b>aprovisionamiento seguro<\/b> . Desde la adquisici\u00f3n hasta la manipulaci\u00f3n, cada paso se lleva a cabo con el m\u00e1ximo cuidado. Si usted <b>Mexedrona aut\u00e9ntica<\/b> de nosotros, puede estar seguro de que cumple con los m\u00e1s altos est\u00e1ndares. Nuestra fiabilidad es uno de los pilares fundamentales de nuestra reputaci\u00f3n.<\/p>\n<p>Nuestro objetivo es facilitarle el proceso de adquisici\u00f3n de materiales de investigaci\u00f3n. Si usted <b>Comprar Mexedron online<\/b>, puede confiar en nuestra experiencia. Le ofrecemos <b>Materiales de investigaci\u00f3n de la m\u00e1s alta calidad<\/b>, que son esenciales para sus experimentos. Nuestro objetivo es ofrecerle una experiencia fluida para que pueda concentrarse en su investigaci\u00f3n. Esto nos convierte en la mejor opci\u00f3n para sus necesidades.<\/p>\n<p>Adem\u00e1s de la mexedrona, ofrecemos una amplia gama de otros productos qu\u00edmicos. Si busca compuestos espec\u00edficos, le recomendamos que explore nuestra gama. Por ejemplo, si le interesan los productos qu\u00edmicos para investigaci\u00f3n, podr\u00eda <a href=\"https:\/\/chemgramx.com\/product\/mexedrone-online-kaufen\/\">Comprar Mexedron online<\/a> otra b\u00fasqueda relevante para usted. Nos esforzamos por ofrecer una selecci\u00f3n completa para todas sus necesidades cient\u00edficas.<\/p>\n<h3>\u00bfPor qu\u00e9 \u201aComprar ahora online\u2018 en Chemgramx?<\/h3>\n<p>La decisi\u00f3n de, <b>Comprar ahora online<\/b>, est\u00e1 eligiendo calidad, pureza y fiabilidad. En Chemgramx nos esforzamos por ofrecerle una experiencia de compra inigualable. Cuando <b>Mexedron en venta<\/b> de nosotros, usted elige un producto que ha sido sometido a rigurosas pruebas. Por lo tanto, usted obtiene <b>Mexedrona de alta calidad<\/b>, que satisfaga sus requisitos cient\u00edficos. Este es nuestro compromiso con usted.<\/p>\n<p>Nuestro compromiso con la excelencia va m\u00e1s all\u00e1 de nuestros productos. Ofrecemos un servicio de atenci\u00f3n al cliente excepcional para garantizar que todas sus preguntas sean respondidas y que reciba la asistencia que necesita. Si <b>Comprar Mexedron online<\/b>, puede estar seguro de que la transacci\u00f3n se realizar\u00e1 de forma fluida y eficiente. Conf\u00ede en Chemgramx para todas sus necesidades de investigaci\u00f3n. Somos su socio de confianza.<\/p>\n<p>Elegir Chemgramx significa elegir un proveedor que comprende la importancia de la precisi\u00f3n y la consistencia en la investigaci\u00f3n cient\u00edfica. Estamos orgullosos de, <b>El mejor Mexedron disponible.<\/b>, . Esto garantiza que su investigaci\u00f3n se base en los materiales m\u00e1s s\u00f3lidos disponibles. Es importante prestar atenci\u00f3n a la calidad cuando se <b>Mexedrona aut\u00e9ntica<\/b> adquirir.<\/p>\n<h4>Caracter\u00edsticas de calidad resumidas<\/h4>\n<ul>\n<li>Garant\u00eda de pureza para fines de investigaci\u00f3n<\/li>\n<li>Constancia de los lotes para obtener resultados reproducibles<\/li>\n<li>Controles de calidad exhaustivos<\/li>\n<li>Desarrollado espec\u00edficamente para aplicaciones cient\u00edficas<\/li>\n<\/ul>\n<p>En resumen, Chemgramx es la fuente preferida por los investigadores que <b>Mexedron en venta<\/b> Buscar. Ofrecemos <b>Mexedrona de alta calidad<\/b>que <b>Calidad de laboratorio a la venta<\/b> y se ve reforzada por nuestro incansable compromiso con la excelencia. Si usted <b>Comprar Mexedron online<\/b>, elija un producto que cumpla con los m\u00e1s altos est\u00e1ndares cient\u00edficos. Nos esforzamos por ayudarle a alcanzar sus objetivos de investigaci\u00f3n proporcion\u00e1ndole productos qu\u00edmicos fiables y puros. Experimente la diferencia que marca la calidad.<\/p>","protected":false},"excerpt":{"rendered":"<p>Adquiera <b>Mexedrona de alta calidad<\/b>, optimizado para fines de investigaci\u00f3n. Nuestro <b>Mexedrona<\/b> Se caracteriza por su m\u00e1xima pureza y consistencia y es <b>El mejor Mexedron disponible.<\/b>. Conf\u00ede en Chemgramx para sus necesidades cient\u00edficas. <\/p>\n<ul>\n<li><b>Sustancia pura<\/b> para obtener resultados precisos<\/li>\n<li><b>Orientado a la investigaci\u00f3n<\/b><\/li>\n<li><b>Calidad fiable<\/b><\/li>\n<\/ul>\n<p>Experiencia <b>aprovisionamiento seguro<\/b> y <b>Mexedrona aut\u00e9ntica<\/b>. Compra ahora online en Chemgramx.<\/p>","protected":false},"featured_media":8032,"comment_status":"open","ping_status":"closed","template":"","meta":{"_joinchat":[]},"product_brand":[],"product_cat":[97],"product_tag":[2661,2663,2655,2662,2660,2656,2657,2659,2658,2015],"class_list":{"0":"post-7990","1":"product","2":"type-product","3":"status-publish","4":"has-post-thumbnail","6":"product_cat-forschungschemikalien","7":"product_tag-mexedrone-chemikalien","8":"product_tag-mexedrone-drogen","9":"product_tag-mexedrone-kaufen","10":"product_tag-mexedrone-kaufen-deutschland","11":"product_tag-mexedrone-kaufen-online","12":"product_tag-mexedrone-kristalle","13":"product_tag-mexedrone-online-kaufen","14":"product_tag-mexedrone-preis","15":"product_tag-mexedrone-prodej","16":"product_tag-synthetische-drogen","18":"first","19":"instock","20":"shipping-taxable","21":"purchasable","22":"product-type-variable"},"yoast_head":"<!-- This site is optimized with the Yoast SEO plugin v27.5 - https:\/\/yoast.com\/product\/yoast-seo-wordpress\/ -->\n<title>Mexedron Kopen - Reinheit (Hochwertig)<\/title>\n<meta name=\"description\" content=\"Entdecken Sie Mexedron in h\u00f6chster Reinheit. Erhalten Sie authentisches Mexedron f\u00fcr Ihre Forschung. Bestellen Sie online bei Chemgramx f\u00fcr Qualit\u00e4t und Zuverl\u00e4ssigkeit.\" \/>\n<meta name=\"robots\" content=\"index, follow, max-snippet:-1, max-image-preview:large, max-video-preview:-1\" \/>\n<link rel=\"canonical\" href=\"https:\/\/chemgramx.com\/es\/producto-1\/comprar-mexedrone-online\/\" \/>\n<meta property=\"og:locale\" content=\"es_ES\" \/>\n<meta property=\"og:type\" content=\"article\" \/>\n<meta property=\"og:title\" content=\"Mexedron Kopen - Reinheit (Hochwertig)\" \/>\n<meta property=\"og:description\" content=\"Entdecken Sie Mexedron in h\u00f6chster Reinheit. Erhalten Sie authentisches Mexedron f\u00fcr Ihre Forschung. Bestellen Sie online bei Chemgramx f\u00fcr Qualit\u00e4t und Zuverl\u00e4ssigkeit.\" \/>\n<meta property=\"og:url\" content=\"https:\/\/chemgramx.com\/es\/producto-1\/comprar-mexedrone-online\/\" \/>\n<meta property=\"og:site_name\" content=\"Chemgramx\" \/>\n<meta property=\"article:modified_time\" content=\"2025-12-09T11:03:14+00:00\" \/>\n<meta property=\"og:image\" content=\"https:\/\/chemgramx.com\/wp-content\/uploads\/2025\/11\/Mexedrone.jpeg\" \/>\n\t<meta property=\"og:image:width\" content=\"418\" \/>\n\t<meta property=\"og:image:height\" content=\"551\" \/>\n\t<meta property=\"og:image:type\" content=\"image\/jpeg\" \/>\n<meta name=\"twitter:card\" content=\"summary_large_image\" \/>\n<meta name=\"twitter:label1\" content=\"Tiempo de lectura\" \/>\n\t<meta name=\"twitter:data1\" content=\"4 minutos\" \/>\n<script type=\"application\/ld+json\" class=\"yoast-schema-graph\">{\"@context\":\"https:\\\/\\\/schema.org\",\"@graph\":[{\"@type\":\"WebPage\",\"@id\":\"https:\\\/\\\/chemgramx.com\\\/product\\\/mexedrone-online-kaufen\\\/\",\"url\":\"https:\\\/\\\/chemgramx.com\\\/product\\\/mexedrone-online-kaufen\\\/\",\"name\":\"Mexedron Kopen - Reinheit (Hochwertig)\",\"isPartOf\":{\"@id\":\"https:\\\/\\\/chemgramx.com\\\/#website\"},\"primaryImageOfPage\":{\"@id\":\"https:\\\/\\\/chemgramx.com\\\/product\\\/mexedrone-online-kaufen\\\/#primaryimage\"},\"image\":{\"@id\":\"https:\\\/\\\/chemgramx.com\\\/product\\\/mexedrone-online-kaufen\\\/#primaryimage\"},\"thumbnailUrl\":\"https:\\\/\\\/chemgramx.com\\\/wp-content\\\/uploads\\\/2025\\\/11\\\/Mexedrone.jpeg\",\"datePublished\":\"2025-11-21T16:44:50+00:00\",\"dateModified\":\"2025-12-09T11:03:14+00:00\",\"description\":\"Entdecken Sie Mexedron in h\u00f6chster Reinheit. Erhalten Sie authentisches Mexedron f\u00fcr Ihre Forschung. Bestellen Sie online bei Chemgramx f\u00fcr Qualit\u00e4t und Zuverl\u00e4ssigkeit.\",\"breadcrumb\":{\"@id\":\"https:\\\/\\\/chemgramx.com\\\/product\\\/mexedrone-online-kaufen\\\/#breadcrumb\"},\"inLanguage\":\"es\",\"potentialAction\":[{\"@type\":\"ReadAction\",\"target\":[\"https:\\\/\\\/chemgramx.com\\\/product\\\/mexedrone-online-kaufen\\\/\"]}]},{\"@type\":\"ImageObject\",\"inLanguage\":\"es\",\"@id\":\"https:\\\/\\\/chemgramx.com\\\/product\\\/mexedrone-online-kaufen\\\/#primaryimage\",\"url\":\"https:\\\/\\\/chemgramx.com\\\/wp-content\\\/uploads\\\/2025\\\/11\\\/Mexedrone.jpeg\",\"contentUrl\":\"https:\\\/\\\/chemgramx.com\\\/wp-content\\\/uploads\\\/2025\\\/11\\\/Mexedrone.jpeg\",\"width\":418,\"height\":551},{\"@type\":\"BreadcrumbList\",\"@id\":\"https:\\\/\\\/chemgramx.com\\\/product\\\/mexedrone-online-kaufen\\\/#breadcrumb\",\"itemListElement\":[{\"@type\":\"ListItem\",\"position\":1,\"name\":\"Home\",\"item\":\"https:\\\/\\\/chemgramx.com\\\/\"},{\"@type\":\"ListItem\",\"position\":2,\"name\":\"Shop\",\"item\":\"https:\\\/\\\/chemgramx.com\\\/shop\\\/\"},{\"@type\":\"ListItem\",\"position\":3,\"name\":\"Mexedron Kopen &#8211; Reinheit (Hochwertig)\"}]},{\"@type\":\"WebSite\",\"@id\":\"https:\\\/\\\/chemgramx.com\\\/#website\",\"url\":\"https:\\\/\\\/chemgramx.com\\\/\",\"name\":\"Chemgramx\",\"description\":\"\",\"publisher\":{\"@id\":\"https:\\\/\\\/chemgramx.com\\\/#organization\"},\"potentialAction\":[{\"@type\":\"SearchAction\",\"target\":{\"@type\":\"EntryPoint\",\"urlTemplate\":\"https:\\\/\\\/chemgramx.com\\\/?s={search_term_string}\"},\"query-input\":{\"@type\":\"PropertyValueSpecification\",\"valueRequired\":true,\"valueName\":\"search_term_string\"}}],\"inLanguage\":\"es\"},{\"@type\":\"Organization\",\"@id\":\"https:\\\/\\\/chemgramx.com\\\/#organization\",\"name\":\"Chemgramx\",\"url\":\"https:\\\/\\\/chemgramx.com\\\/\",\"logo\":{\"@type\":\"ImageObject\",\"inLanguage\":\"es\",\"@id\":\"https:\\\/\\\/chemgramx.com\\\/#\\\/schema\\\/logo\\\/image\\\/\",\"url\":\"https:\\\/\\\/chemgramx.com\\\/wp-content\\\/uploads\\\/2024\\\/10\\\/final-logo.png\",\"contentUrl\":\"https:\\\/\\\/chemgramx.com\\\/wp-content\\\/uploads\\\/2024\\\/10\\\/final-logo.png\",\"width\":250,\"height\":48,\"caption\":\"Chemgramx\"},\"image\":{\"@id\":\"https:\\\/\\\/chemgramx.com\\\/#\\\/schema\\\/logo\\\/image\\\/\"}}]}<\/script>\n<!-- \/ Yoast SEO plugin. -->","yoast_head_json":{"title":"Comprar Mexedron - Pureza (alta calidad)","description":"Descubra la mexedrona en su m\u00e1xima pureza. Obtenga mexedrona aut\u00e9ntica para sus investigaciones. Haga su pedido en l\u00ednea en Chemgramx para garantizar calidad y fiabilidad.","robots":{"index":"index","follow":"follow","max-snippet":"max-snippet:-1","max-image-preview":"max-image-preview:large","max-video-preview":"max-video-preview:-1"},"canonical":"https:\/\/chemgramx.com\/es\/producto-1\/comprar-mexedrone-online\/","og_locale":"es_ES","og_type":"article","og_title":"Mexedron Kopen - Reinheit (Hochwertig)","og_description":"Entdecken Sie Mexedron in h\u00f6chster Reinheit. Erhalten Sie authentisches Mexedron f\u00fcr Ihre Forschung. Bestellen Sie online bei Chemgramx f\u00fcr Qualit\u00e4t und Zuverl\u00e4ssigkeit.","og_url":"https:\/\/chemgramx.com\/es\/producto-1\/comprar-mexedrone-online\/","og_site_name":"Chemgramx","article_modified_time":"2025-12-09T11:03:14+00:00","og_image":[{"width":418,"height":551,"url":"https:\/\/chemgramx.com\/wp-content\/uploads\/2025\/11\/Mexedrone.jpeg","type":"image\/jpeg"}],"twitter_card":"summary_large_image","twitter_misc":{"Tiempo de lectura":"4 minutos"},"schema":{"@context":"https:\/\/schema.org","@graph":[{"@type":"WebPage","@id":"https:\/\/chemgramx.com\/product\/mexedrone-online-kaufen\/","url":"https:\/\/chemgramx.com\/product\/mexedrone-online-kaufen\/","name":"Comprar Mexedron - Pureza (alta calidad)","isPartOf":{"@id":"https:\/\/chemgramx.com\/#website"},"primaryImageOfPage":{"@id":"https:\/\/chemgramx.com\/product\/mexedrone-online-kaufen\/#primaryimage"},"image":{"@id":"https:\/\/chemgramx.com\/product\/mexedrone-online-kaufen\/#primaryimage"},"thumbnailUrl":"https:\/\/chemgramx.com\/wp-content\/uploads\/2025\/11\/Mexedrone.jpeg","datePublished":"2025-11-21T16:44:50+00:00","dateModified":"2025-12-09T11:03:14+00:00","description":"Descubra la mexedrona en su m\u00e1xima pureza. Obtenga mexedrona aut\u00e9ntica para sus investigaciones. Haga su pedido en l\u00ednea en Chemgramx para garantizar calidad y fiabilidad.","breadcrumb":{"@id":"https:\/\/chemgramx.com\/product\/mexedrone-online-kaufen\/#breadcrumb"},"inLanguage":"es","potentialAction":[{"@type":"ReadAction","target":["https:\/\/chemgramx.com\/product\/mexedrone-online-kaufen\/"]}]},{"@type":"ImageObject","inLanguage":"es","@id":"https:\/\/chemgramx.com\/product\/mexedrone-online-kaufen\/#primaryimage","url":"https:\/\/chemgramx.com\/wp-content\/uploads\/2025\/11\/Mexedrone.jpeg","contentUrl":"https:\/\/chemgramx.com\/wp-content\/uploads\/2025\/11\/Mexedrone.jpeg","width":418,"height":551},{"@type":"BreadcrumbList","@id":"https:\/\/chemgramx.com\/product\/mexedrone-online-kaufen\/#breadcrumb","itemListElement":[{"@type":"ListItem","position":1,"name":"Home","item":"https:\/\/chemgramx.com\/"},{"@type":"ListItem","position":2,"name":"Shop","item":"https:\/\/chemgramx.com\/shop\/"},{"@type":"ListItem","position":3,"name":"Mexedron Kopen &#8211; Reinheit (Hochwertig)"}]},{"@type":"WebSite","@id":"https:\/\/chemgramx.com\/#website","url":"https:\/\/chemgramx.com\/","name":"Chemgramx","description":"","publisher":{"@id":"https:\/\/chemgramx.com\/#organization"},"potentialAction":[{"@type":"SearchAction","target":{"@type":"EntryPoint","urlTemplate":"https:\/\/chemgramx.com\/?s={search_term_string}"},"query-input":{"@type":"PropertyValueSpecification","valueRequired":true,"valueName":"search_term_string"}}],"inLanguage":"es"},{"@type":"Organization","@id":"https:\/\/chemgramx.com\/#organization","name":"Chemgramx","url":"https:\/\/chemgramx.com\/","logo":{"@type":"ImageObject","inLanguage":"es","@id":"https:\/\/chemgramx.com\/#\/schema\/logo\/image\/","url":"https:\/\/chemgramx.com\/wp-content\/uploads\/2024\/10\/final-logo.png","contentUrl":"https:\/\/chemgramx.com\/wp-content\/uploads\/2024\/10\/final-logo.png","width":250,"height":48,"caption":"Chemgramx"},"image":{"@id":"https:\/\/chemgramx.com\/#\/schema\/logo\/image\/"}}]}},"_links":{"self":[{"href":"https:\/\/chemgramx.com\/es\/wp-json\/wp\/v2\/product\/7990","targetHints":{"allow":["GET"]}}],"collection":[{"href":"https:\/\/chemgramx.com\/es\/wp-json\/wp\/v2\/product"}],"about":[{"href":"https:\/\/chemgramx.com\/es\/wp-json\/wp\/v2\/types\/product"}],"replies":[{"embeddable":true,"href":"https:\/\/chemgramx.com\/es\/wp-json\/wp\/v2\/comments?post=7990"}],"wp:featuredmedia":[{"embeddable":true,"href":"https:\/\/chemgramx.com\/es\/wp-json\/wp\/v2\/media\/8032"}],"wp:attachment":[{"href":"https:\/\/chemgramx.com\/es\/wp-json\/wp\/v2\/media?parent=7990"}],"wp:term":[{"taxonomy":"product_brand","embeddable":true,"href":"https:\/\/chemgramx.com\/es\/wp-json\/wp\/v2\/product_brand?post=7990"},{"taxonomy":"product_cat","embeddable":true,"href":"https:\/\/chemgramx.com\/es\/wp-json\/wp\/v2\/product_cat?post=7990"},{"taxonomy":"product_tag","embeddable":true,"href":"https:\/\/chemgramx.com\/es\/wp-json\/wp\/v2\/product_tag?post=7990"}],"curies":[{"name":"wp","href":"https:\/\/api.w.org\/{rel}","templated":true}]}}