{"id":7992,"date":"2025-11-21T16:44:51","date_gmt":"2025-11-21T16:44:51","guid":{"rendered":"https:\/\/chemgramx.com\/?post_type=product&#038;p=7992"},"modified":"2025-12-09T11:03:07","modified_gmt":"2025-12-09T11:03:07","slug":"comprar-morfina-d3-en-polvo-online","status":"publish","type":"product","link":"https:\/\/chemgramx.com\/es\/product\/morphine-d3-powder-online-kaufen\/","title":{"rendered":"Comprar Morphine-D3: pureza, calidad"},"content":{"rendered":"<h2>Polvo de morfina D3: alta calidad para su investigaci\u00f3n<\/h2>\n<p>Bienvenido a Chemgramx, su socio de confianza para necesidades qu\u00edmicas exigentes. Ofrecemos <b>Morfina-D3 en polvo<\/b> de la m\u00e1xima pureza, especialmente preparado para su uso en entornos de investigaci\u00f3n exigentes. Este an\u00e1logo de la morfina marcado con is\u00f3topos es indispensable para estudios anal\u00edticos precisos e investigaciones metab\u00f3licas. Si usted <b>Morfina-D3 en polvo a la venta<\/b> , con nosotros est\u00e1 en el lugar adecuado. Nuestro compromiso con la excelencia garantiza que recibir\u00e1 un producto que ha superado estrictos controles de calidad.<\/p>\n<p>La adquisici\u00f3n de productos qu\u00edmicos para investigaci\u00f3n requiere confianza y fiabilidad. En Chemgramx comprendemos la naturaleza cr\u00edtica de su trabajo. Por eso nos centramos en ofrecerle <b>Polvo de morfina D3 de m\u00e1xima calidad<\/b> que garantice la integridad de sus experimentos. Sabemos que su investigaci\u00f3n no admite concesiones en materia de calidad. Por eso apostamos por los procesos de s\u00edntesis m\u00e1s modernos y m\u00e9todos de an\u00e1lisis rigurosos para garantizar la pureza y la consistencia de cada lote. Conf\u00ede en la precisi\u00f3n de Chemgramx para sus avances cient\u00edficos.<\/p>\n<h3>\u00bfPor qu\u00e9 elegir el polvo de morfina D3 de Chemgramx?<\/h3>\n<p>Nuestra <b>Morfina-D3 en polvo<\/b> Se caracteriza por su extraordinaria pureza. Es la <b>La mejor morfina D3 disponible<\/b> Opci\u00f3n para cient\u00edficos que buscan resultados fiables y reproducibles. Cada unidad se fabrica y se comprueba minuciosamente para cumplir con los m\u00e1s altos est\u00e1ndares. Adem\u00e1s, damos gran importancia a la documentaci\u00f3n detallada que acredita las especificaciones y el origen de nuestros productos. Esto le permite trabajar con confianza y garantizar el cumplimiento de los requisitos normativos. Tambi\u00e9n ofrecemos otros compuestos especializados, como por ejemplo a trav\u00e9s de nuestro <a href=\"https:\/\/chemgramx.com\/product\/sweet-island-skunk-16-25-thc\/\">Sweet Island Skunk<\/a> Secci\u00f3n, si su investigaci\u00f3n es m\u00e1s amplia.<\/p>\n<p>La estructura qu\u00edmica de la morfina-D3 la convierte en una herramienta ideal para an\u00e1lisis cuantitativos, especialmente en espectrometr\u00eda de masas. La introducci\u00f3n de \u00e1tomos de deuterio permite una identificaci\u00f3n y cuantificaci\u00f3n inequ\u00edvocas en matrices biol\u00f3gicas complejas. Esto es fundamental para los estudios farmacocin\u00e9ticos y el an\u00e1lisis de las v\u00edas metab\u00f3licas. Si usted <b>Comprar Morphine-D3 en polvo online<\/b> , Chemgramx ofrece una experiencia fluida y segura. Nuestra plataforma est\u00e1 dise\u00f1ada para facilitarle el acceso a materiales de investigaci\u00f3n de alta calidad.<\/p>\n<h3>\u00c1mbitos de aplicaci\u00f3n y ventajas<\/h3>\n<p><b>Morfina-D3 en polvo<\/b> Se utiliza ampliamente en diversos campos de investigaci\u00f3n:<\/p>\n<ul>\n<li><b>Investigaci\u00f3n farmacol\u00f3gica:<\/b> Para el estudio de la biodisponibilidad, distribuci\u00f3n, metabolizaci\u00f3n y excreci\u00f3n de la morfina y sustancias relacionadas.<\/li>\n<li><b>Qu\u00edmica anal\u00edtica:<\/b> Como est\u00e1ndar interno en m\u00e9todos cromatogr\u00e1ficos y de espectrometr\u00eda de masas para la cuantificaci\u00f3n precisa de morfina en muestras biol\u00f3gicas.<\/li>\n<li><b>Estudios de metabolismo:<\/b> Para el estudio de las v\u00edas metab\u00f3licas y la identificaci\u00f3n de metabolitos en sistemas in vitro e in vivo.<\/li>\n<li><b>An\u00e1lisis toxicol\u00f3gicos:<\/b> Para el desarrollo y la validaci\u00f3n de m\u00e9todos de detecci\u00f3n de opioides en contextos forenses y cl\u00ednicos.<\/li>\n<\/ul>\n<p>El uso de <b>Polvo aut\u00e9ntico de morfina D3<\/b> es fundamental para la validez de sus resultados. Los est\u00e1ndares baratos o contaminados pueden llevar a conclusiones err\u00f3neas. Por eso Chemgramx garantiza la autenticidad y pureza de cada producto. Nuestros informes anal\u00edticos, disponibles bajo petici\u00f3n, ofrecen informaci\u00f3n detallada sobre la composici\u00f3n y pureza, como por ejemplo la pureza garantizada. <b>Alta pureza a la venta<\/b>.<\/p>\n<h3>Garant\u00eda de calidad y pureza<\/h3>\n<p>En Chemgramx, la calidad es lo primero. Cada lote de nuestro <b>Polvo de morfina D3<\/b> Se somete a rigurosas pruebas para garantizar la m\u00e1xima pureza y consistencia posibles. Utilizamos t\u00e9cnicas anal\u00edticas avanzadas, como HPLC y espectroscopia NMR, para confirmar la identidad y la pureza. Esto garantiza que usted <b>Clase de investigaci\u00f3n Morfina-D3 a la venta<\/b> en los que puede confiar. Nuestros procedimientos de control de calidad est\u00e1n dise\u00f1ados para minimizar la contaminaci\u00f3n y garantizar el cumplimiento de las especificaciones m\u00e1s estrictas. Solo as\u00ed podemos garantizar que sus proyectos de investigaci\u00f3n se basen en datos s\u00f3lidos.<\/p>\n<p>El marcado de deuterio en la morfina-D3 es preciso y estable. Esta estabilidad es de suma importancia para su uso como patr\u00f3n interno, ya que garantiza que el marcado se mantenga durante todo el proceso anal\u00edtico. Adem\u00e1s, minimiza el riesgo de reacciones de intercambio isot\u00f3pico que podr\u00edan afectar a la precisi\u00f3n de la cuantificaci\u00f3n. Por lo tanto, es importante, <b>Material de laboratorio Morfina-D3 en venta<\/b> de un proveedor que comprenda y atienda estas sutilezas.<\/p>\n<h3>Adquisici\u00f3n y manipulaci\u00f3n seguras<\/h3>\n<p>Sabemos que la adquisici\u00f3n de productos qu\u00edmicos requiere discreci\u00f3n y seguridad. Chemgramx se compromete a seguir un proceso que proteja su privacidad y la integridad de su pedido. Nuestros sistemas est\u00e1n dise\u00f1ados para ofrecerle una <b>aprovisionamiento seguro<\/b> . Procesamos su pedido con el mayor cuidado para garantizar la integridad del producto hasta que llega a sus manos. Si busca una fuente fiable para <b>Morfina-D3 en polvo a la venta<\/b> Chemgramx es la respuesta. Damos importancia a la discreci\u00f3n y la eficiencia en cada paso, para que puedas concentrarte en tu investigaci\u00f3n.<\/p>\n<p>Nuestro compromiso con la satisfacci\u00f3n del cliente va m\u00e1s all\u00e1 de la mera calidad del producto. Nos esforzamos por garantizar un proceso de pedido fluido, desde la primera consulta hasta la transacci\u00f3n final. Nuestros expertos est\u00e1n a su disposici\u00f3n para responder a sus preguntas t\u00e9cnicas y ayudarle a seleccionar los productos adecuados para sus necesidades espec\u00edficas. La posibilidad de, <b>Pedir Morphine-D3 en polvo online<\/b>, ha revolucionado la investigaci\u00f3n al facilitar el acceso a materiales cr\u00edticos.<\/p>\n<h3>Comparaci\u00f3n con la morfina est\u00e1ndar<\/h3>\n<p>La morfina-D3 es una variante marcada con is\u00f3topos de la morfina. La diferencia fundamental radica en la sustituci\u00f3n de \u00e1tomos de hidr\u00f3geno por deuterio (un is\u00f3topo estable del hidr\u00f3geno). Este marcado no influye de manera significativa en las propiedades qu\u00edmicas y f\u00edsicas, pero modifica la masa molecular. Esta diferencia de masa es la clave para su uso como patr\u00f3n interno en la espectrometr\u00eda de masas.<\/p>\n<p>A diferencia de la morfina nativa, cuya concentraci\u00f3n en las muestras es desconocida y puede variar, la morfina-D3 ofrece una masa constante y conocida. Esto permite una cuantificaci\u00f3n relativa precisa. Si utiliza la <b>La mejor morfina D3 disponible<\/b> Si necesita calidad para sus proyectos anal\u00edticos, Chemgramx es su socio ideal. Nuestros productos est\u00e1n dise\u00f1ados para maximizar la precisi\u00f3n y fiabilidad de sus an\u00e1lisis cuantitativos. Para obtener m\u00e1s informaci\u00f3n sobre compuestos especializados que puedan ser relevantes para su investigaci\u00f3n, consulte nuestra informaci\u00f3n sobre <a href=\"https:\/\/chemgramx.com\/product\/morphine-d3-powder-online-kaufen\/\">Morfina-D3 en polvo<\/a> en general.<\/p>\n<h3>Especificaciones t\u00e9cnicas e instrucciones de uso<\/h3>\n<p><b>Morfina-D3 en polvo<\/b> Se suministra normalmente en forma de polvo de color blanco a crema. Las especificaciones exactas, incluyendo la pureza (a menudo &gt;98% o &gt;99%), la pureza isot\u00f3pica y el contenido de disolventes residuales, se indican en el certificado de an\u00e1lisis (CoA) de cada lote. Se recomienda almacenar el polvo en una atm\u00f3sfera protectora y a bajas temperaturas para maximizar su estabilidad. Las recomendaciones de almacenamiento exactas se encuentran en la ficha t\u00e9cnica del producto.<\/p>\n<p>Para su manipulaci\u00f3n, deben seguirse las pr\u00e1cticas est\u00e1ndar de laboratorio para productos qu\u00edmicos. Esto incluye el uso de equipo de protecci\u00f3n personal adecuado, como guantes, gafas protectoras y bata de laboratorio. Trabaje en una zona bien ventilada, preferiblemente en una campana extractora. El polvo debe protegerse de la humedad y de la luz solar directa. Si <b>Morfina-D3 en polvo a la venta<\/b> de una fuente fiable como Chemgramx, obtendr\u00e1 informaci\u00f3n detallada sobre su manipulaci\u00f3n y almacenamiento seguros. Esto garantiza la durabilidad y eficacia del producto para sus fines de investigaci\u00f3n.<\/p>\n<h3>Por qu\u00e9 Chemgramx es el socio adecuado<\/h3>\n<p>Chemgramx se dedica al suministro de productos qu\u00edmicos de la m\u00e1s alta calidad. Nuestro compromiso con la excelencia cient\u00edfica se refleja en cada producto que ofrecemos. Si usted <b>Morfina-D3 en polvo a la venta<\/b> , puede confiar en nuestra experiencia y nuestro compromiso con la calidad. Trabajamos continuamente para ampliar nuestra gama de productos y garantizar que nuestros clientes tengan acceso a los \u00faltimos y mejores materiales de investigaci\u00f3n disponibles. Conf\u00ede en nuestra experiencia para alcanzar sus objetivos cient\u00edficos. Compre en Chemgramx y experimente la diferencia.<\/p>\n<p>Nuestros clientes valoran la fiabilidad y precisi\u00f3n que ofrecen nuestros productos. Entendemos que su investigaci\u00f3n es crucial y nos esforzamos por ayudarle en este camino. Con <b>Morfina-D3 en polvo a la venta<\/b> Con Chemgramx, no solo obtienes un producto qu\u00edmico, sino tambi\u00e9n una promesa de calidad y rendimiento. Descubre la mejor morfina D3 disponible y disfruta de un servicio adaptado a tus necesidades. Si est\u00e1s buscando otros productos qu\u00edmicos para investigaci\u00f3n, echa un vistazo a nuestra amplia gama, por ejemplo, a los compuestos que encontrar\u00e1s en nuestra p\u00e1gina dedicada a <b>Comprar Morphine-D3 en polvo online<\/b> concentrado.<\/p>\n<h3>Resumen de las ventajas<\/h3>\n<p>En resumen, se puede decir que la elecci\u00f3n de <b>Morfina-D3 en polvo<\/b> de Chemgramx significa optar por la m\u00e1xima calidad, pureza y fiabilidad. Nuestros productos se fabrican cuidadosamente y se someten a rigurosas pruebas para garantizar que cumplan con los requisitos de los proyectos de investigaci\u00f3n m\u00e1s exigentes. Si usted <b>Comprar Morphine-D3 en polvo online<\/b>, elija un socio que respalde sus esfuerzos cient\u00edficos. Disfrute de la tranquilidad que le proporciona el uso de materiales de primera calidad. Le ofrecemos la seguridad de que est\u00e1 utilizando <b>La morfina D3 m\u00e1s aut\u00e9ntica<\/b> en el mercado. Este es nuestro compromiso con la comunidad cient\u00edfica.<\/p>","protected":false},"excerpt":{"rendered":"<h2>Polvo de morfina D3: calidad para investigaci\u00f3n, pedido online<\/h2>\n<p><b>Morfina-D3 en polvo<\/b> de Chemgramx ofrece <b>M\u00e1xima pureza para fines de investigaci\u00f3n<\/b>. Ideal como est\u00e1ndar interno para an\u00e1lisis de espectrometr\u00eda de masas.<\/p>\n<ul>\n<li><b>Alta pureza isot\u00f3pica<\/b> para una cuantificaci\u00f3n precisa.<\/li>\n<li><b>Calidad del laboratorio<\/b> para obtener resultados reproducibles.<\/li>\n<li><b>Adquisici\u00f3n segura<\/b> y un acabado minucioso.<\/li>\n<\/ul>\n<p>Pida ahora el <b>La mejor morfina D3 disponible<\/b> en Chemgramx.<\/p>","protected":false},"featured_media":8043,"comment_status":"open","ping_status":"closed","template":"","meta":{"_joinchat":[]},"product_brand":[],"product_cat":[97],"product_tag":[708,713,710,696,700,703,699,707,704,712,692,711,697,705,702,693,701,695,691,706,714,709,698,694],"class_list":{"0":"post-7992","1":"product","2":"type-product","3":"status-publish","4":"has-post-thumbnail","6":"product_cat-forschungschemikalien","7":"product_tag-morphine-d-anwendungen","8":"product_tag-morphine-d-deuterium-markiert","9":"product_tag-morphine-d-forensische-verwendung","10":"product_tag-morphine-d-forschungschemikalie","11":"product_tag-morphine-d-fur-analytische-chemie","12":"product_tag-morphine-d-gc-ms-standard","13":"product_tag-morphine-d-groshandel","14":"product_tag-morphine-d-handhabung","15":"product_tag-morphine-d-internes-standard","16":"product_tag-morphine-d-isotopenverdunnung","17":"product_tag-morphine-d-kaufen","18":"product_tag-morphine-d-klinische-tests","19":"product_tag-morphine-d-laboranwendung","20":"product_tag-morphine-d-lagerung","21":"product_tag-morphine-d-lc-ms-standard","22":"product_tag-morphine-d-lieferant","23":"product_tag-morphine-d-massenspektrometrie","24":"product_tag-morphine-d-preis","25":"product_tag-morphine-d-pulver","26":"product_tag-morphine-d-sicherheit","27":"product_tag-morphine-d-stabilitat","28":"product_tag-morphine-d-toxikologie","29":"product_tag-morphine-d-verfugbarkeit","30":"product_tag-morphine-d-zum-verkauf","32":"first","33":"instock","34":"shipping-taxable","35":"purchasable","36":"product-type-variable"},"yoast_head":"<!-- This site is optimized with the Yoast SEO plugin v27.5 - https:\/\/yoast.com\/product\/yoast-seo-wordpress\/ -->\n<title>Morphine-D3 Kopen - Reinheit, Qualit\u00e4t<\/title>\n<meta name=\"description\" content=\"Morphine-D3 Pulver von Chemgramx: Hochreine Forschungschemikalie online bestellen. Garantierte Qualit\u00e4t f\u00fcr Ihre Analyse. Jetzt sicher ordern!\" \/>\n<meta name=\"robots\" content=\"index, follow, max-snippet:-1, max-image-preview:large, max-video-preview:-1\" \/>\n<link rel=\"canonical\" href=\"https:\/\/chemgramx.com\/es\/producto-1\/comprar-morfina-d3-en-polvo-online\/\" \/>\n<meta property=\"og:locale\" content=\"es_ES\" \/>\n<meta property=\"og:type\" content=\"article\" \/>\n<meta property=\"og:title\" content=\"Morphine-D3 Kopen - Reinheit, Qualit\u00e4t\" \/>\n<meta property=\"og:description\" content=\"Morphine-D3 Pulver von Chemgramx: Hochreine Forschungschemikalie online bestellen. Garantierte Qualit\u00e4t f\u00fcr Ihre Analyse. Jetzt sicher ordern!\" \/>\n<meta property=\"og:url\" content=\"https:\/\/chemgramx.com\/es\/producto-1\/comprar-morfina-d3-en-polvo-online\/\" \/>\n<meta property=\"og:site_name\" content=\"Chemgramx\" \/>\n<meta property=\"article:modified_time\" content=\"2025-12-09T11:03:07+00:00\" \/>\n<meta property=\"og:image\" content=\"https:\/\/chemgramx.com\/wp-content\/uploads\/2025\/11\/Morphine-D3-powder.webp\" \/>\n\t<meta property=\"og:image:width\" content=\"426\" \/>\n\t<meta property=\"og:image:height\" content=\"366\" \/>\n\t<meta property=\"og:image:type\" content=\"image\/webp\" \/>\n<meta name=\"twitter:card\" content=\"summary_large_image\" \/>\n<meta name=\"twitter:label1\" content=\"Tiempo de lectura\" \/>\n\t<meta name=\"twitter:data1\" content=\"2 minutos\" \/>\n<script type=\"application\/ld+json\" class=\"yoast-schema-graph\">{\"@context\":\"https:\\\/\\\/schema.org\",\"@graph\":[{\"@type\":\"WebPage\",\"@id\":\"https:\\\/\\\/chemgramx.com\\\/product\\\/morphine-d3-powder-online-kaufen\\\/\",\"url\":\"https:\\\/\\\/chemgramx.com\\\/product\\\/morphine-d3-powder-online-kaufen\\\/\",\"name\":\"Morphine-D3 Kopen - Reinheit, Qualit\u00e4t\",\"isPartOf\":{\"@id\":\"https:\\\/\\\/chemgramx.com\\\/#website\"},\"primaryImageOfPage\":{\"@id\":\"https:\\\/\\\/chemgramx.com\\\/product\\\/morphine-d3-powder-online-kaufen\\\/#primaryimage\"},\"image\":{\"@id\":\"https:\\\/\\\/chemgramx.com\\\/product\\\/morphine-d3-powder-online-kaufen\\\/#primaryimage\"},\"thumbnailUrl\":\"https:\\\/\\\/chemgramx.com\\\/wp-content\\\/uploads\\\/2025\\\/11\\\/Morphine-D3-powder.webp\",\"datePublished\":\"2025-11-21T16:44:51+00:00\",\"dateModified\":\"2025-12-09T11:03:07+00:00\",\"description\":\"Morphine-D3 Pulver von Chemgramx: Hochreine Forschungschemikalie online bestellen. Garantierte Qualit\u00e4t f\u00fcr Ihre Analyse. Jetzt sicher ordern!\",\"breadcrumb\":{\"@id\":\"https:\\\/\\\/chemgramx.com\\\/product\\\/morphine-d3-powder-online-kaufen\\\/#breadcrumb\"},\"inLanguage\":\"es\",\"potentialAction\":[{\"@type\":\"ReadAction\",\"target\":[\"https:\\\/\\\/chemgramx.com\\\/product\\\/morphine-d3-powder-online-kaufen\\\/\"]}]},{\"@type\":\"ImageObject\",\"inLanguage\":\"es\",\"@id\":\"https:\\\/\\\/chemgramx.com\\\/product\\\/morphine-d3-powder-online-kaufen\\\/#primaryimage\",\"url\":\"https:\\\/\\\/chemgramx.com\\\/wp-content\\\/uploads\\\/2025\\\/11\\\/Morphine-D3-powder.webp\",\"contentUrl\":\"https:\\\/\\\/chemgramx.com\\\/wp-content\\\/uploads\\\/2025\\\/11\\\/Morphine-D3-powder.webp\",\"width\":426,\"height\":366},{\"@type\":\"BreadcrumbList\",\"@id\":\"https:\\\/\\\/chemgramx.com\\\/product\\\/morphine-d3-powder-online-kaufen\\\/#breadcrumb\",\"itemListElement\":[{\"@type\":\"ListItem\",\"position\":1,\"name\":\"Home\",\"item\":\"https:\\\/\\\/chemgramx.com\\\/\"},{\"@type\":\"ListItem\",\"position\":2,\"name\":\"Shop\",\"item\":\"https:\\\/\\\/chemgramx.com\\\/shop\\\/\"},{\"@type\":\"ListItem\",\"position\":3,\"name\":\"Morphine-D3 Kopen &#8211; Reinheit, Qualit\u00e4t\"}]},{\"@type\":\"WebSite\",\"@id\":\"https:\\\/\\\/chemgramx.com\\\/#website\",\"url\":\"https:\\\/\\\/chemgramx.com\\\/\",\"name\":\"Chemgramx\",\"description\":\"\",\"publisher\":{\"@id\":\"https:\\\/\\\/chemgramx.com\\\/#organization\"},\"potentialAction\":[{\"@type\":\"SearchAction\",\"target\":{\"@type\":\"EntryPoint\",\"urlTemplate\":\"https:\\\/\\\/chemgramx.com\\\/?s={search_term_string}\"},\"query-input\":{\"@type\":\"PropertyValueSpecification\",\"valueRequired\":true,\"valueName\":\"search_term_string\"}}],\"inLanguage\":\"es\"},{\"@type\":\"Organization\",\"@id\":\"https:\\\/\\\/chemgramx.com\\\/#organization\",\"name\":\"Chemgramx\",\"url\":\"https:\\\/\\\/chemgramx.com\\\/\",\"logo\":{\"@type\":\"ImageObject\",\"inLanguage\":\"es\",\"@id\":\"https:\\\/\\\/chemgramx.com\\\/#\\\/schema\\\/logo\\\/image\\\/\",\"url\":\"https:\\\/\\\/chemgramx.com\\\/wp-content\\\/uploads\\\/2024\\\/10\\\/final-logo.png\",\"contentUrl\":\"https:\\\/\\\/chemgramx.com\\\/wp-content\\\/uploads\\\/2024\\\/10\\\/final-logo.png\",\"width\":250,\"height\":48,\"caption\":\"Chemgramx\"},\"image\":{\"@id\":\"https:\\\/\\\/chemgramx.com\\\/#\\\/schema\\\/logo\\\/image\\\/\"}}]}<\/script>\n<!-- \/ Yoast SEO plugin. -->","yoast_head_json":{"title":"Comprar Morphine-D3: pureza, calidad","description":"Polvo de morfina D3 de Chemgramx: pida online productos qu\u00edmicos de alta pureza para investigaci\u00f3n. Calidad garantizada para sus an\u00e1lisis. \u00a1Haga su pedido ahora de forma segura!","robots":{"index":"index","follow":"follow","max-snippet":"max-snippet:-1","max-image-preview":"max-image-preview:large","max-video-preview":"max-video-preview:-1"},"canonical":"https:\/\/chemgramx.com\/es\/producto-1\/comprar-morfina-d3-en-polvo-online\/","og_locale":"es_ES","og_type":"article","og_title":"Morphine-D3 Kopen - Reinheit, Qualit\u00e4t","og_description":"Morphine-D3 Pulver von Chemgramx: Hochreine Forschungschemikalie online bestellen. Garantierte Qualit\u00e4t f\u00fcr Ihre Analyse. Jetzt sicher ordern!","og_url":"https:\/\/chemgramx.com\/es\/producto-1\/comprar-morfina-d3-en-polvo-online\/","og_site_name":"Chemgramx","article_modified_time":"2025-12-09T11:03:07+00:00","og_image":[{"width":426,"height":366,"url":"https:\/\/chemgramx.com\/wp-content\/uploads\/2025\/11\/Morphine-D3-powder.webp","type":"image\/webp"}],"twitter_card":"summary_large_image","twitter_misc":{"Tiempo de lectura":"2 minutos"},"schema":{"@context":"https:\/\/schema.org","@graph":[{"@type":"WebPage","@id":"https:\/\/chemgramx.com\/product\/morphine-d3-powder-online-kaufen\/","url":"https:\/\/chemgramx.com\/product\/morphine-d3-powder-online-kaufen\/","name":"Comprar Morphine-D3: pureza, calidad","isPartOf":{"@id":"https:\/\/chemgramx.com\/#website"},"primaryImageOfPage":{"@id":"https:\/\/chemgramx.com\/product\/morphine-d3-powder-online-kaufen\/#primaryimage"},"image":{"@id":"https:\/\/chemgramx.com\/product\/morphine-d3-powder-online-kaufen\/#primaryimage"},"thumbnailUrl":"https:\/\/chemgramx.com\/wp-content\/uploads\/2025\/11\/Morphine-D3-powder.webp","datePublished":"2025-11-21T16:44:51+00:00","dateModified":"2025-12-09T11:03:07+00:00","description":"Polvo de morfina D3 de Chemgramx: pida online productos qu\u00edmicos de alta pureza para investigaci\u00f3n. Calidad garantizada para sus an\u00e1lisis. \u00a1Haga su pedido ahora de forma segura!","breadcrumb":{"@id":"https:\/\/chemgramx.com\/product\/morphine-d3-powder-online-kaufen\/#breadcrumb"},"inLanguage":"es","potentialAction":[{"@type":"ReadAction","target":["https:\/\/chemgramx.com\/product\/morphine-d3-powder-online-kaufen\/"]}]},{"@type":"ImageObject","inLanguage":"es","@id":"https:\/\/chemgramx.com\/product\/morphine-d3-powder-online-kaufen\/#primaryimage","url":"https:\/\/chemgramx.com\/wp-content\/uploads\/2025\/11\/Morphine-D3-powder.webp","contentUrl":"https:\/\/chemgramx.com\/wp-content\/uploads\/2025\/11\/Morphine-D3-powder.webp","width":426,"height":366},{"@type":"BreadcrumbList","@id":"https:\/\/chemgramx.com\/product\/morphine-d3-powder-online-kaufen\/#breadcrumb","itemListElement":[{"@type":"ListItem","position":1,"name":"Home","item":"https:\/\/chemgramx.com\/"},{"@type":"ListItem","position":2,"name":"Shop","item":"https:\/\/chemgramx.com\/shop\/"},{"@type":"ListItem","position":3,"name":"Morphine-D3 Kopen &#8211; Reinheit, Qualit\u00e4t"}]},{"@type":"WebSite","@id":"https:\/\/chemgramx.com\/#website","url":"https:\/\/chemgramx.com\/","name":"Chemgramx","description":"","publisher":{"@id":"https:\/\/chemgramx.com\/#organization"},"potentialAction":[{"@type":"SearchAction","target":{"@type":"EntryPoint","urlTemplate":"https:\/\/chemgramx.com\/?s={search_term_string}"},"query-input":{"@type":"PropertyValueSpecification","valueRequired":true,"valueName":"search_term_string"}}],"inLanguage":"es"},{"@type":"Organization","@id":"https:\/\/chemgramx.com\/#organization","name":"Chemgramx","url":"https:\/\/chemgramx.com\/","logo":{"@type":"ImageObject","inLanguage":"es","@id":"https:\/\/chemgramx.com\/#\/schema\/logo\/image\/","url":"https:\/\/chemgramx.com\/wp-content\/uploads\/2024\/10\/final-logo.png","contentUrl":"https:\/\/chemgramx.com\/wp-content\/uploads\/2024\/10\/final-logo.png","width":250,"height":48,"caption":"Chemgramx"},"image":{"@id":"https:\/\/chemgramx.com\/#\/schema\/logo\/image\/"}}]}},"_links":{"self":[{"href":"https:\/\/chemgramx.com\/es\/wp-json\/wp\/v2\/product\/7992","targetHints":{"allow":["GET"]}}],"collection":[{"href":"https:\/\/chemgramx.com\/es\/wp-json\/wp\/v2\/product"}],"about":[{"href":"https:\/\/chemgramx.com\/es\/wp-json\/wp\/v2\/types\/product"}],"replies":[{"embeddable":true,"href":"https:\/\/chemgramx.com\/es\/wp-json\/wp\/v2\/comments?post=7992"}],"wp:featuredmedia":[{"embeddable":true,"href":"https:\/\/chemgramx.com\/es\/wp-json\/wp\/v2\/media\/8043"}],"wp:attachment":[{"href":"https:\/\/chemgramx.com\/es\/wp-json\/wp\/v2\/media?parent=7992"}],"wp:term":[{"taxonomy":"product_brand","embeddable":true,"href":"https:\/\/chemgramx.com\/es\/wp-json\/wp\/v2\/product_brand?post=7992"},{"taxonomy":"product_cat","embeddable":true,"href":"https:\/\/chemgramx.com\/es\/wp-json\/wp\/v2\/product_cat?post=7992"},{"taxonomy":"product_tag","embeddable":true,"href":"https:\/\/chemgramx.com\/es\/wp-json\/wp\/v2\/product_tag?post=7992"}],"curies":[{"name":"wp","href":"https:\/\/api.w.org\/{rel}","templated":true}]}}