{"id":7996,"date":"2025-11-21T16:44:54","date_gmt":"2025-11-21T16:44:54","guid":{"rendered":"https:\/\/chemgramx.com\/?post_type=product&#038;p=7996"},"modified":"2025-12-09T10:48:26","modified_gmt":"2025-12-09T10:48:26","slug":"comprar-3-fma-3-fluorometanfetamina-online","status":"publish","type":"product","link":"https:\/\/chemgramx.com\/es\/product\/3-fma-3-fluoromethamphetamine-online-kaufen\/","title":{"rendered":"Adquirir 3-FMA: calidad de investigaci\u00f3n pura en l\u00ednea"},"content":{"rendered":"<p>Bienvenido a Chemgramx, su principal proveedor de productos qu\u00edmicos de investigaci\u00f3n de primera calidad. Si <b>3-FMA (3-fluorometanfetamina) a la venta<\/b> , est\u00e1 en el lugar adecuado. Le ofrecemos una excelente selecci\u00f3n de sustancias de la m\u00e1xima pureza, especialmente dise\u00f1adas para aplicaciones cient\u00edficas exigentes. Nuestro <b>aut\u00e9ntico 3-FMA<\/b> garantiza resultados precisos y repetibles en sus estudios de laboratorio. Adem\u00e1s, nos preocupamos por facilitar a los investigadores el acceso a materiales fiables. Por eso, solo encontrar\u00e1 en nuestra empresa productos que satisfacen las m\u00e1s altas exigencias.<\/p>\n<p>En Chemgramx damos mucha importancia a la calidad e integridad de nuestros productos. Por eso, cada lote de nuestro <b>3-FMA (3-fluorometanfetamina)<\/b> sometidos a rigurosas pruebas de laboratorio. Estos minuciosos controles garantizan que siempre obtenga un producto de pureza superior. Para los cient\u00edficos e investigadores que utilizan el <b>El mejor 3-FMA disponible<\/b> , Chemgramx es el proveedor ideal. Adquiera sus productos qu\u00edmicos para investigaci\u00f3n con nosotros y tenga la seguridad de que sus experimentos ser\u00e1n consistentes y fiables.<\/p>\n<h2>\u00bfQu\u00e9 es la 3-FMA (3-fluorometanfetamina)?<\/h2>\n<p>La 3-fluorometanfetamina, abreviada 3-FMA, es una sustancia qu\u00edmica de investigaci\u00f3n de la clase de las anfetaminas que se caracteriza por su sustituci\u00f3n de fl\u00faor en el tercer \u00e1tomo de carbono del anillo fenilo. Esta modificaci\u00f3n molecular espec\u00edfica confiere a la sustancia propiedades \u00fanicas que la hacen especialmente interesante para estudios neuroqu\u00edmicos y farmacol\u00f3gicos. En consecuencia, el inter\u00e9s por la 3-FMA ha crecido constantemente en la comunidad cient\u00edfica.<\/p>\n<p>Pertenece al grupo de las fluoroanfetaminas, un conjunto de sustancias que en los \u00faltimos a\u00f1os han sido objeto de intensas investigaciones por sus posibles aplicaciones en la investigaci\u00f3n b\u00e1sica. La analog\u00eda estructural con neurotransmisores conocidos permite a los investigadores analizar con mayor precisi\u00f3n los complejos mecanismos de uni\u00f3n a los receptores y la neurotransmisi\u00f3n. Adem\u00e1s, ofrece una valiosa perspectiva sobre las interacciones entre la estructura qu\u00edmica y la actividad biol\u00f3gica.<\/p>\n<h3>Estructura qu\u00edmica y propiedades<\/h3>\n<p>La f\u00f3rmula qu\u00edmica del 3-FMA es C<sub>10<\/sub>H<sub>14<\/sub>FN, con una masa molar relevante para dosificaciones precisas en entornos de investigaci\u00f3n. Su sustituci\u00f3n de fl\u00faor desempe\u00f1a un papel decisivo en sus perfiles farmacocin\u00e9ticos y farmacodin\u00e1micos. Adem\u00e1s, esta modificaci\u00f3n influye en la estabilidad del compuesto y en su metabolizaci\u00f3n en el sistema biol\u00f3gico. El <b>Calidad de la investigaci\u00f3n 3-FMA en venta<\/b> Chemgramx se ofrece en un formato optimizado para una medici\u00f3n y manipulaci\u00f3n precisas.<\/p>\n<ul>\n<li><b>N\u00famero CAS:<\/b> 900593-37-1<\/li>\n<li><b>F\u00f3rmula de la suma:<\/b> C<sub>10<\/sub>H<sub>14<\/sub>FN<\/li>\n<li><b>Masa molar:<\/b> 181,23 g\/mol<\/li>\n<li><b>Pureza:<\/b> Normalmente &gt;98% (verificado por HPLC)<\/li>\n<li><b>Estado agregado:<\/b> S\u00f3lido cristalino o polvo<\/li>\n<\/ul>\n<h2>Aplicaciones y potencial de investigaci\u00f3n del 3-FMA<\/h2>\n<p>La investigaci\u00f3n sobre la 3-FMA ofrece una visi\u00f3n profunda del funcionamiento del sistema nervioso central. Los cient\u00edficos utilizan esta sustancia para estudiar los efectos de las fluoroanfetaminas en los sistemas neurotransmisores, en particular en la dopamina, la noradrenalina y la serotonina. Esto permite obtener nuevos conocimientos sobre las enfermedades neurol\u00f3gicas y desarrollar posibles enfoques terap\u00e9uticos.<\/p>\n<p>Adem\u00e1s, el 3-FMA es una herramienta importante para diferenciar el efecto selectivo de las sustancias en distintos receptores. Esto es especialmente relevante para el desarrollo de nuevos medicamentos con perfiles de acci\u00f3n m\u00e1s espec\u00edficos y menos efectos secundarios. Por lo tanto, la investigaci\u00f3n con 3-FMA contribuye a ampliar la comprensi\u00f3n de procesos biol\u00f3gicos complejos y a encontrar soluciones innovadoras para la medicina.<\/p>\n<h3>El papel en la neurociencia<\/h3>\n<p>En neurociencia, el 3-FMA se utiliza con frecuencia para modelar los mecanismos de liberaci\u00f3n y recaptaci\u00f3n de neurotransmisores. Este compuesto permite a los investigadores analizar con mayor detalle el papel de prote\u00ednas transportadoras espec\u00edficas. Por ejemplo, la influencia sobre el transportador de dopamina puede proporcionar informaci\u00f3n importante sobre la fisiopatolog\u00eda de las adicciones. En consecuencia, <b>Pedir 3-FMA en l\u00ednea<\/b> de gran importancia para los laboratorios de neurociencia.<\/p>\n<h3>\u00c1mbitos de aplicaci\u00f3n vers\u00e1tiles en el laboratorio<\/h3>\n<p>Adem\u00e1s de la neurociencia, el 3-FMA tambi\u00e9n se utiliza en la investigaci\u00f3n farmac\u00e9utica b\u00e1sica, la toxicolog\u00eda y la qu\u00edmica anal\u00edtica. Se utiliza para explorar nuevas v\u00edas de s\u00edntesis o para establecer materiales de referencia est\u00e1ndar para la identificaci\u00f3n de sustancias. Adem\u00e1s, permite realizar estudios sobre la cin\u00e9tica del metabolismo in vitro e in vivo. El <b>3-FMA de calidad de laboratorio a la venta<\/b> de Chemgramx es ideal para estos dise\u00f1os experimentales tan variados.<\/p>\n<p>Nuestra gama no solo incluye 3-FMA, sino tambi\u00e9n otras sustancias especializadas para investigaci\u00f3n. Por ejemplo, tambi\u00e9n encontrar\u00e1 productos como el <a href=\"https:\/\/chemgramx.com\/product\/acapulco-gold-sativa-hybrid-19-24-thc-online-bestellung\/\">H\u00edbrido Acapulco Gold Sativa<\/a>, que tambi\u00e9n puede ser de inter\u00e9s para fines de investigaci\u00f3n espec\u00edficos. Esto subraya nuestro compromiso de proporcionar una amplia gama de materiales de alta calidad.<\/p>\n<h2>Est\u00e1ndar de calidad Chemgramx: m\u00e1xima pureza para su investigaci\u00f3n<\/h2>\n<p>La calidad es la base de toda investigaci\u00f3n seria. En Chemgramx somos conscientes de esta responsabilidad y nos comprometemos a ofrecerle solo productos de una pureza excepcional. Cada gramo de nuestro <b>3-FMA (3-fluorometanfetamina)<\/b> se comprueba minuciosamente para garantizar el cumplimiento de los est\u00e1ndares m\u00e1s estrictos. De este modo, puede confiar en la validez de los resultados de su investigaci\u00f3n.<\/p>\n<p>Colaboramos con laboratorios de renombre para realizar an\u00e1lisis independientes mediante cromatograf\u00eda l\u00edquida de alta resoluci\u00f3n (HPLC) y espectrometr\u00eda de masas (MS). Esto garantiza no solo la pureza indicada, sino tambi\u00e9n la ausencia de impurezas indeseadas. Por lo tanto, puede estar seguro de que <b>3-FMA de alta calidad<\/b> para sus estudios.<\/p>\n<ul>\n<li><b>Aut\u00e9ntico 3-FMA<\/b>: Cada lote se verifica qu\u00edmicamente y cumple con las especificaciones indicadas.<\/li>\n<li><b>La calidad de la investigaci\u00f3n a la venta<\/b>: Formulado especialmente para su uso en laboratorios cient\u00edficos, con el fin de garantizar la m\u00e1xima precisi\u00f3n.<\/li>\n<li><b>Estrictos controles de calidad<\/b>: Pruebas exhaustivas garantizan que nuestro 3-FMA tiene una pureza superior al 98%.<\/li>\n<li><b>Compra segura<\/b>: Su pedido se tramitar\u00e1 con el m\u00e1ximo cuidado y discreci\u00f3n para preservar la integridad del producto.<\/li>\n<\/ul>\n<h2>Manipulaci\u00f3n segura y uso responsable<\/h2>\n<p>El manejo seguro de los productos qu\u00edmicos de investigaci\u00f3n es de suma importancia para garantizar la seguridad del personal de laboratorio y proteger la integridad de la investigaci\u00f3n. Al trabajar con 3-FMA, es esencial tomar ciertas precauciones para minimizar la exposici\u00f3n y evitar la contaminaci\u00f3n. Adem\u00e1s, siempre se deben consultar las fichas de datos de seguridad (MSDS) actualizadas antes de comenzar a trabajar con la sustancia.<\/p>\n<h3>Instrucciones de seguridad para el personal de laboratorio<\/h3>\n<p>Utilice siempre equipo de protecci\u00f3n personal (EPP) adecuado, incluyendo bata de laboratorio, gafas protectoras y guantes, cuando manipule 3-FMA. Trabaje en \u00e1reas bien ventiladas o bajo una campana extractora para evitar la inhalaci\u00f3n de polvos o vapores. Evite el contacto directo con la piel y los ojos. En caso de contacto, enjuague inmediatamente las zonas afectadas con agua y acuda al m\u00e9dico si es necesario. De este modo, minimizar\u00e1 los riesgos potenciales.<\/p>\n<h3>Almacenamiento y durabilidad<\/h3>\n<p>Para garantizar la estabilidad a largo plazo del 3-FMA, es fundamental almacenarlo correctamente. Guarde el producto en un recipiente herm\u00e9ticamente cerrado en un lugar fresco, seco y oscuro. Prot\u00e9jalo de la luz solar directa, la humedad y el calor, ya que estos factores pueden acelerar la descomposici\u00f3n de la sustancia. Un almacenamiento adecuado garantiza el mantenimiento de la alta pureza y la integridad qu\u00edmica durante todo el per\u00edodo de vida \u00fatil. En consecuencia, el <b>3-FMA de la mejor calidad<\/b> para sus experimentos.<\/p>\n<h2>Por qu\u00e9 deber\u00eda comprar 3-FMA en Chemgramx<\/h2>\n<p>Elegir el proveedor adecuado de productos qu\u00edmicos para investigaci\u00f3n es fundamental para el \u00e9xito de sus proyectos. Chemgramx se ha consolidado como un socio de confianza en la comunidad cient\u00edfica gracias a la calidad insuperable de sus productos y a su excelente servicio de atenci\u00f3n al cliente. Si usted <a href=\"https:\/\/chemgramx.com\/product\/3-fma-3-fluoromethamphetamine-online-kaufen\/\"><b>Comprar 3-FMA (3-fluorometanfetamina) online<\/b><\/a> Encontrar\u00e1 en nosotros la combinaci\u00f3n \u00f3ptima de fiabilidad y experiencia. Damos gran importancia a la discreci\u00f3n y al tratamiento seguro de sus necesidades.<\/p>\n<h3>Excelente calidad del producto<\/h3>\n<p>Nuestro compromiso con la pureza y la autenticidad es inquebrantable. Cada producto que sale de nuestra empresa cumple con los requisitos de calidad m\u00e1s estrictos. Entendemos que los resultados precisos se basan en materiales precisos. Por lo tanto, el <b>3-FMA de alta calidad<\/b> de Chemgramx Su primera opci\u00f3n para estudios exigentes. Esto garantiza la credibilidad de su trabajo cient\u00edfico.<\/p>\n<h3>Servicio orientado al cliente<\/h3>\n<p>Estamos orgullosos de nuestro servicio de atenci\u00f3n al cliente, r\u00e1pido y competente. Nuestro equipo est\u00e1 a su disposici\u00f3n para responder a cualquier pregunta sobre la informaci\u00f3n de los productos, los procesos de pedido o requisitos espec\u00edficos. Nos esforzamos no solo por satisfacer sus expectativas, sino por superarlas. Por lo tanto, le garantizamos un proceso de adquisici\u00f3n fluido con nosotros.<\/p>\n<h3>Socio fiable para la ciencia y la investigaci\u00f3n<\/h3>\n<p>Chemgramx es m\u00e1s que un simple proveedor; somos su socio en la investigaci\u00f3n. Nuestra amplia experiencia y nuestro compromiso con la integridad cient\u00edfica nos convierten en el proveedor ideal para las necesidades de su laboratorio. El <b>El mejor 3-FMA disponible<\/b> Es nuestra misi\u00f3n hacer que usted pueda concentrarse en sus importantes descubrimientos. De este modo, apoyamos activamente el progreso en ciencia y tecnolog\u00eda.<\/p>\n<h2>La forma m\u00e1s f\u00e1cil: pedir 3-FMA online<\/h2>\n<p>El proceso, <b>3-FMA para pedir online<\/b>, es muy sencillo y seguro en Chemgramx. Navegue por nuestra intuitiva interfaz web, seleccione la cantidad deseada y complete su <b>adquisici\u00f3n segura<\/b> . Damos gran importancia a un proceso discreto que satisfaga de manera eficiente sus necesidades de investigaci\u00f3n. Esto le ahorrar\u00e1 tiempo y recursos valiosos.<\/p>\n<p>Nuestro sistema est\u00e1 dise\u00f1ado para ofrecer la m\u00e1xima facilidad de uso, de modo que pueda alcanzar su objetivo de forma r\u00e1pida y sencilla. Adem\u00e1s, cada pedido se procesa con el m\u00e1ximo cuidado y discreci\u00f3n para mantener la calidad del producto hasta su entrega. Experimente la diferencia que marcan la competencia profesional y el excelente servicio cuando <b>Reserve ahora online<\/b>, lo que necesita para su investigaci\u00f3n. Al fin y al cabo, su satisfacci\u00f3n es nuestra mayor preocupaci\u00f3n.<\/p>","protected":false},"excerpt":{"rendered":"<p>Descubra nuestra alta calidad <b>3-FMA (3-fluorometanfetamina)<\/b>, especialmente para fines de investigaci\u00f3n exigentes. Este producto de <b>de la m\u00e1xima pureza a la venta<\/b> Es ideal para estudios neurocient\u00edficos y an\u00e1lisis farmacol\u00f3gicos. <b>Adquirir 3-FMA<\/b> De forma segura y fiable en Chemgramx, su socio de confianza para productos qu\u00edmicos de laboratorio. Disponible como s\u00f3lido cristalino con una pureza &gt;98%.<\/p>","protected":false},"featured_media":8047,"comment_status":"open","ping_status":"closed","template":"","meta":{"_joinchat":[]},"product_brand":[],"product_cat":[48],"product_tag":[1346,1362,1359,1369,1355,1368,1352,1353,1348,1345,1364,1366,1349,1360,1363,1347,1354,1365,1370,1367,1350,1351,1361,1356,1358,1357],"class_list":{"0":"post-7996","1":"product","2":"type-product","3":"status-publish","4":"has-post-thumbnail","6":"product_cat-stimulants","7":"product_tag-3-fluoromethamphetamine-bestellen","8":"product_tag-3-fma-bestellen","9":"product_tag-3-fma-bulk-bestellung","10":"product_tag-3-fma-chemikalie","11":"product_tag-3-fma-experimente","12":"product_tag-3-fma-forschung","13":"product_tag-3-fma-forschung-chemikalie","14":"product_tag-3-fma-fur-neurowissenschaftliche-studien","15":"product_tag-3-fma-groshandel","16":"product_tag-3-fma-kaufen","17":"product_tag-3-fma-labor","18":"product_tag-3-fma-legal","19":"product_tag-3-fma-lieferant","20":"product_tag-3-fma-marktanalyse","21":"product_tag-3-fma-online","22":"product_tag-3-fma-online-bestellen","23":"product_tag-3-fma-pharmazeutische-forschung","24":"product_tag-3-fma-sicher","25":"product_tag-3-fma-versand","26":"product_tag-3fma-gunstig","27":"product_tag-forschung-chemikalien-3-fma","28":"product_tag-hochwertige-3-fma-kaufen","29":"product_tag-innovative-3-fma-forschung","30":"product_tag-laborqualitat-3-fma","31":"product_tag-legaler-3-fma-anbieter","32":"product_tag-sicherer-3-fma-versand","34":"first","35":"instock","36":"shipping-taxable","37":"purchasable","38":"product-type-variable"},"yoast_head":"<!-- This site is optimized with the Yoast SEO plugin v27.5 - https:\/\/yoast.com\/product\/yoast-seo-wordpress\/ -->\n<title>3-FMA erwerben \u2013 Reine Forschungsqualit\u00e4t online<\/title>\n<meta name=\"description\" content=\"3-FMA erwerben f\u00fcr Ihre Forschung. Chemgramx bietet reines 3-Fluoromethamphetamin (&gt;98%) in Laborqualit\u00e4t. Jetzt online bestellen f\u00fcr pr\u00e4zise Ergebnisse.\" \/>\n<meta name=\"robots\" content=\"index, follow, max-snippet:-1, max-image-preview:large, max-video-preview:-1\" \/>\n<link rel=\"canonical\" href=\"https:\/\/chemgramx.com\/es\/producto-1\/comprar-3-fma-3-fluorometanfetamina-online\/\" \/>\n<meta property=\"og:locale\" content=\"es_ES\" \/>\n<meta property=\"og:type\" content=\"article\" \/>\n<meta property=\"og:title\" content=\"3-FMA erwerben \u2013 Reine Forschungsqualit\u00e4t online\" \/>\n<meta property=\"og:description\" content=\"3-FMA erwerben f\u00fcr Ihre Forschung. Chemgramx bietet reines 3-Fluoromethamphetamin (&gt;98%) in Laborqualit\u00e4t. Jetzt online bestellen f\u00fcr pr\u00e4zise Ergebnisse.\" \/>\n<meta property=\"og:url\" content=\"https:\/\/chemgramx.com\/es\/producto-1\/comprar-3-fma-3-fluorometanfetamina-online\/\" \/>\n<meta property=\"og:site_name\" content=\"Chemgramx\" \/>\n<meta property=\"article:modified_time\" content=\"2025-12-09T10:48:26+00:00\" \/>\n<meta property=\"og:image\" content=\"https:\/\/chemgramx.com\/wp-content\/uploads\/2025\/11\/3-fma-powder.jpg\" \/>\n\t<meta property=\"og:image:width\" content=\"800\" \/>\n\t<meta property=\"og:image:height\" content=\"800\" \/>\n\t<meta property=\"og:image:type\" content=\"image\/jpeg\" \/>\n<meta name=\"twitter:card\" content=\"summary_large_image\" \/>\n<meta name=\"twitter:label1\" content=\"Tiempo de lectura\" \/>\n\t<meta name=\"twitter:data1\" content=\"2 minutos\" \/>\n<script type=\"application\/ld+json\" class=\"yoast-schema-graph\">{\"@context\":\"https:\\\/\\\/schema.org\",\"@graph\":[{\"@type\":\"WebPage\",\"@id\":\"https:\\\/\\\/chemgramx.com\\\/product\\\/3-fma-3-fluoromethamphetamine-online-kaufen\\\/\",\"url\":\"https:\\\/\\\/chemgramx.com\\\/product\\\/3-fma-3-fluoromethamphetamine-online-kaufen\\\/\",\"name\":\"3-FMA erwerben \u2013 Reine Forschungsqualit\u00e4t online\",\"isPartOf\":{\"@id\":\"https:\\\/\\\/chemgramx.com\\\/#website\"},\"primaryImageOfPage\":{\"@id\":\"https:\\\/\\\/chemgramx.com\\\/product\\\/3-fma-3-fluoromethamphetamine-online-kaufen\\\/#primaryimage\"},\"image\":{\"@id\":\"https:\\\/\\\/chemgramx.com\\\/product\\\/3-fma-3-fluoromethamphetamine-online-kaufen\\\/#primaryimage\"},\"thumbnailUrl\":\"https:\\\/\\\/chemgramx.com\\\/wp-content\\\/uploads\\\/2025\\\/11\\\/3-fma-powder.jpg\",\"datePublished\":\"2025-11-21T16:44:54+00:00\",\"dateModified\":\"2025-12-09T10:48:26+00:00\",\"description\":\"3-FMA erwerben f\u00fcr Ihre Forschung. Chemgramx bietet reines 3-Fluoromethamphetamin (>98%) in Laborqualit\u00e4t. Jetzt online bestellen f\u00fcr pr\u00e4zise Ergebnisse.\",\"breadcrumb\":{\"@id\":\"https:\\\/\\\/chemgramx.com\\\/product\\\/3-fma-3-fluoromethamphetamine-online-kaufen\\\/#breadcrumb\"},\"inLanguage\":\"es\",\"potentialAction\":[{\"@type\":\"ReadAction\",\"target\":[\"https:\\\/\\\/chemgramx.com\\\/product\\\/3-fma-3-fluoromethamphetamine-online-kaufen\\\/\"]}]},{\"@type\":\"ImageObject\",\"inLanguage\":\"es\",\"@id\":\"https:\\\/\\\/chemgramx.com\\\/product\\\/3-fma-3-fluoromethamphetamine-online-kaufen\\\/#primaryimage\",\"url\":\"https:\\\/\\\/chemgramx.com\\\/wp-content\\\/uploads\\\/2025\\\/11\\\/3-fma-powder.jpg\",\"contentUrl\":\"https:\\\/\\\/chemgramx.com\\\/wp-content\\\/uploads\\\/2025\\\/11\\\/3-fma-powder.jpg\",\"width\":800,\"height\":800},{\"@type\":\"BreadcrumbList\",\"@id\":\"https:\\\/\\\/chemgramx.com\\\/product\\\/3-fma-3-fluoromethamphetamine-online-kaufen\\\/#breadcrumb\",\"itemListElement\":[{\"@type\":\"ListItem\",\"position\":1,\"name\":\"Home\",\"item\":\"https:\\\/\\\/chemgramx.com\\\/\"},{\"@type\":\"ListItem\",\"position\":2,\"name\":\"Shop\",\"item\":\"https:\\\/\\\/chemgramx.com\\\/shop\\\/\"},{\"@type\":\"ListItem\",\"position\":3,\"name\":\"3-FMA erwerben \u2013 Reine Forschungsqualit\u00e4t online\"}]},{\"@type\":\"WebSite\",\"@id\":\"https:\\\/\\\/chemgramx.com\\\/#website\",\"url\":\"https:\\\/\\\/chemgramx.com\\\/\",\"name\":\"Chemgramx\",\"description\":\"\",\"publisher\":{\"@id\":\"https:\\\/\\\/chemgramx.com\\\/#organization\"},\"potentialAction\":[{\"@type\":\"SearchAction\",\"target\":{\"@type\":\"EntryPoint\",\"urlTemplate\":\"https:\\\/\\\/chemgramx.com\\\/?s={search_term_string}\"},\"query-input\":{\"@type\":\"PropertyValueSpecification\",\"valueRequired\":true,\"valueName\":\"search_term_string\"}}],\"inLanguage\":\"es\"},{\"@type\":\"Organization\",\"@id\":\"https:\\\/\\\/chemgramx.com\\\/#organization\",\"name\":\"Chemgramx\",\"url\":\"https:\\\/\\\/chemgramx.com\\\/\",\"logo\":{\"@type\":\"ImageObject\",\"inLanguage\":\"es\",\"@id\":\"https:\\\/\\\/chemgramx.com\\\/#\\\/schema\\\/logo\\\/image\\\/\",\"url\":\"https:\\\/\\\/chemgramx.com\\\/wp-content\\\/uploads\\\/2024\\\/10\\\/final-logo.png\",\"contentUrl\":\"https:\\\/\\\/chemgramx.com\\\/wp-content\\\/uploads\\\/2024\\\/10\\\/final-logo.png\",\"width\":250,\"height\":48,\"caption\":\"Chemgramx\"},\"image\":{\"@id\":\"https:\\\/\\\/chemgramx.com\\\/#\\\/schema\\\/logo\\\/image\\\/\"}}]}<\/script>\n<!-- \/ Yoast SEO plugin. -->","yoast_head_json":{"title":"Adquirir 3-FMA: calidad de investigaci\u00f3n pura en l\u00ednea","description":"Adquiera 3-FMA para su investigaci\u00f3n. Chemgramx ofrece 3-fluorometanfetamina pura (&gt;98%) con calidad de laboratorio. Haga su pedido online ahora para obtener resultados precisos.","robots":{"index":"index","follow":"follow","max-snippet":"max-snippet:-1","max-image-preview":"max-image-preview:large","max-video-preview":"max-video-preview:-1"},"canonical":"https:\/\/chemgramx.com\/es\/producto-1\/comprar-3-fma-3-fluorometanfetamina-online\/","og_locale":"es_ES","og_type":"article","og_title":"3-FMA erwerben \u2013 Reine Forschungsqualit\u00e4t online","og_description":"3-FMA erwerben f\u00fcr Ihre Forschung. Chemgramx bietet reines 3-Fluoromethamphetamin (>98%) in Laborqualit\u00e4t. Jetzt online bestellen f\u00fcr pr\u00e4zise Ergebnisse.","og_url":"https:\/\/chemgramx.com\/es\/producto-1\/comprar-3-fma-3-fluorometanfetamina-online\/","og_site_name":"Chemgramx","article_modified_time":"2025-12-09T10:48:26+00:00","og_image":[{"width":800,"height":800,"url":"https:\/\/chemgramx.com\/wp-content\/uploads\/2025\/11\/3-fma-powder.jpg","type":"image\/jpeg"}],"twitter_card":"summary_large_image","twitter_misc":{"Tiempo de lectura":"2 minutos"},"schema":{"@context":"https:\/\/schema.org","@graph":[{"@type":"WebPage","@id":"https:\/\/chemgramx.com\/product\/3-fma-3-fluoromethamphetamine-online-kaufen\/","url":"https:\/\/chemgramx.com\/product\/3-fma-3-fluoromethamphetamine-online-kaufen\/","name":"Adquirir 3-FMA: calidad de investigaci\u00f3n pura en l\u00ednea","isPartOf":{"@id":"https:\/\/chemgramx.com\/#website"},"primaryImageOfPage":{"@id":"https:\/\/chemgramx.com\/product\/3-fma-3-fluoromethamphetamine-online-kaufen\/#primaryimage"},"image":{"@id":"https:\/\/chemgramx.com\/product\/3-fma-3-fluoromethamphetamine-online-kaufen\/#primaryimage"},"thumbnailUrl":"https:\/\/chemgramx.com\/wp-content\/uploads\/2025\/11\/3-fma-powder.jpg","datePublished":"2025-11-21T16:44:54+00:00","dateModified":"2025-12-09T10:48:26+00:00","description":"Adquiera 3-FMA para su investigaci\u00f3n. Chemgramx ofrece 3-fluorometanfetamina pura (&gt;98%) con calidad de laboratorio. Haga su pedido online ahora para obtener resultados precisos.","breadcrumb":{"@id":"https:\/\/chemgramx.com\/product\/3-fma-3-fluoromethamphetamine-online-kaufen\/#breadcrumb"},"inLanguage":"es","potentialAction":[{"@type":"ReadAction","target":["https:\/\/chemgramx.com\/product\/3-fma-3-fluoromethamphetamine-online-kaufen\/"]}]},{"@type":"ImageObject","inLanguage":"es","@id":"https:\/\/chemgramx.com\/product\/3-fma-3-fluoromethamphetamine-online-kaufen\/#primaryimage","url":"https:\/\/chemgramx.com\/wp-content\/uploads\/2025\/11\/3-fma-powder.jpg","contentUrl":"https:\/\/chemgramx.com\/wp-content\/uploads\/2025\/11\/3-fma-powder.jpg","width":800,"height":800},{"@type":"BreadcrumbList","@id":"https:\/\/chemgramx.com\/product\/3-fma-3-fluoromethamphetamine-online-kaufen\/#breadcrumb","itemListElement":[{"@type":"ListItem","position":1,"name":"Home","item":"https:\/\/chemgramx.com\/"},{"@type":"ListItem","position":2,"name":"Shop","item":"https:\/\/chemgramx.com\/shop\/"},{"@type":"ListItem","position":3,"name":"3-FMA erwerben \u2013 Reine Forschungsqualit\u00e4t online"}]},{"@type":"WebSite","@id":"https:\/\/chemgramx.com\/#website","url":"https:\/\/chemgramx.com\/","name":"Chemgramx","description":"","publisher":{"@id":"https:\/\/chemgramx.com\/#organization"},"potentialAction":[{"@type":"SearchAction","target":{"@type":"EntryPoint","urlTemplate":"https:\/\/chemgramx.com\/?s={search_term_string}"},"query-input":{"@type":"PropertyValueSpecification","valueRequired":true,"valueName":"search_term_string"}}],"inLanguage":"es"},{"@type":"Organization","@id":"https:\/\/chemgramx.com\/#organization","name":"Chemgramx","url":"https:\/\/chemgramx.com\/","logo":{"@type":"ImageObject","inLanguage":"es","@id":"https:\/\/chemgramx.com\/#\/schema\/logo\/image\/","url":"https:\/\/chemgramx.com\/wp-content\/uploads\/2024\/10\/final-logo.png","contentUrl":"https:\/\/chemgramx.com\/wp-content\/uploads\/2024\/10\/final-logo.png","width":250,"height":48,"caption":"Chemgramx"},"image":{"@id":"https:\/\/chemgramx.com\/#\/schema\/logo\/image\/"}}]}},"_links":{"self":[{"href":"https:\/\/chemgramx.com\/es\/wp-json\/wp\/v2\/product\/7996","targetHints":{"allow":["GET"]}}],"collection":[{"href":"https:\/\/chemgramx.com\/es\/wp-json\/wp\/v2\/product"}],"about":[{"href":"https:\/\/chemgramx.com\/es\/wp-json\/wp\/v2\/types\/product"}],"replies":[{"embeddable":true,"href":"https:\/\/chemgramx.com\/es\/wp-json\/wp\/v2\/comments?post=7996"}],"wp:featuredmedia":[{"embeddable":true,"href":"https:\/\/chemgramx.com\/es\/wp-json\/wp\/v2\/media\/8047"}],"wp:attachment":[{"href":"https:\/\/chemgramx.com\/es\/wp-json\/wp\/v2\/media?parent=7996"}],"wp:term":[{"taxonomy":"product_brand","embeddable":true,"href":"https:\/\/chemgramx.com\/es\/wp-json\/wp\/v2\/product_brand?post=7996"},{"taxonomy":"product_cat","embeddable":true,"href":"https:\/\/chemgramx.com\/es\/wp-json\/wp\/v2\/product_cat?post=7996"},{"taxonomy":"product_tag","embeddable":true,"href":"https:\/\/chemgramx.com\/es\/wp-json\/wp\/v2\/product_tag?post=7996"}],"curies":[{"name":"wp","href":"https:\/\/api.w.org\/{rel}","templated":true}]}}