{"id":7997,"date":"2025-11-21T16:44:55","date_gmt":"2025-11-21T16:44:55","guid":{"rendered":"https:\/\/chemgramx.com\/?post_type=product&#038;p=7997"},"modified":"2025-12-09T10:46:16","modified_gmt":"2025-12-09T10:46:16","slug":"comprar-3-fluoroanfetamina-3fa-online","status":"publish","type":"product","link":"https:\/\/chemgramx.com\/es\/product\/3-fluoroamphetamine-3fa-online-kaufen\/","title":{"rendered":"Comprar 3-fluoroanfetamina \u2013 Alta pureza"},"content":{"rendered":"<p>La investigaci\u00f3n qu\u00edmica moderna requiere reactivos de la m\u00e1xima calidad y pureza. <b>3-fluoroanfetamina (3FA)<\/b> es una sustancia clave para estudios cient\u00edficos precisos. <b>Comprar 3-fluoroanfetamina Comprar<\/b>, para realizar experimentos con una pureza insuperable. Es un estimulante sint\u00e9tico de la clase de las anfetaminas con amplias aplicaciones como producto qu\u00edmico para investigaci\u00f3n.<\/p>\n<p>En Chemgramx entendemos la fiabilidad. Nuestro 3FA, que <b>La mejor 3-fluoroanfetamina disponible<\/b>, est\u00e1 especialmente formulada para entornos de investigaci\u00f3n. Adem\u00e1s, garantizamos <b>Alta pureza a la venta<\/b>, confirmado por exhaustivos controles de calidad. Esto permite a los investigadores de todo el mundo obtener resultados precisos y reproducibles.<\/p>\n<p>Adem\u00e1s, nuestro 3FA est\u00e1 dise\u00f1ado exclusivamente para entornos de laboratorio controlados. Puede <b>3-fluoroanfetamina aut\u00e9ntica<\/b> que cumple con las especificaciones m\u00e1s estrictas. De este modo, apoyamos sus proyectos con material que cumple con los m\u00e1s altos est\u00e1ndares de investigaci\u00f3n.<\/p>\n<h2>\u00bfQu\u00e9 es la 3-fluoroanfetamina (3FA)?<\/h2>\n<p>La 3-fluoroanfetamina (3FA) es un compuesto sint\u00e9tico de las anfetaminas sustituidas. Estructuralmente muy similar a la anfetamina, se diferencia por un \u00e1tomo de fl\u00faor en posici\u00f3n meta. <b>En consecuencia<\/b> Presenta propiedades farmacol\u00f3gicas espec\u00edficas del 3FA, interesantes para la neuroqu\u00edmica y la farmacolog\u00eda.<\/p>\n<p>El mecanismo de acci\u00f3n del 3FA es objeto de intensas investigaciones. Act\u00faa como potente liberador e inhibidor de la recaptaci\u00f3n de monoaminas como la dopamina y la noradrenalina. <b>Por lo tanto<\/b> Se utiliza en estudios sobre mecanismos neurotransmisores y enfoques terap\u00e9uticos. La fluoraci\u00f3n tambi\u00e9n puede influir en la estabilidad metab\u00f3lica y la biodisponibilidad.<\/p>\n<h2>Perfil qu\u00edmico y propiedades<\/h2>\n<p>El perfil qu\u00edmico de la 3-fluoroanfetamina est\u00e1 bien caracterizado. La estructura molecular, la f\u00f3rmula y la masa molar son par\u00e1metros cr\u00edticos para los investigadores. <b>Adem\u00e1s<\/b> Es fundamental conocerlos para poder manejarlos y utilizarlos correctamente en el laboratorio.<\/p>\n<ul>\n<li><b>F\u00f3rmula qu\u00edmica:<\/b> C<sub>9<\/sub>H<sub>12<\/sub>FN<\/li>\n<li><b>Masa molar:<\/b> 165,20 g\/mol<\/li>\n<li><b>Apariencia:<\/b> Normalmente se presenta en forma de s\u00f3lido cristalino o polvo.<\/li>\n<li><b>Pureza:<\/b> Calidad de la investigaci\u00f3n, a menudo superior a 98%<\/li>\n<li><b>Estabilidad:<\/b> Estable si se almacena correctamente (en lugar fresco, oscuro y seco).<\/li>\n<li><b>Solubilidad:<\/b> Soluble en disolventes org\u00e1nicos.<\/li>\n<\/ul>\n<p><b>Adem\u00e1s<\/b> Es imprescindible analizar el 3FA mediante t\u00e9cnicas modernas como GC-MS y HPLC. Estos m\u00e9todos garantizan la autenticidad y la pureza. <b>En consecuencia<\/b> los investigadores pueden confiar en un producto que cumple con requisitos exigentes.<\/p>\n<h2>Aplicaciones en la investigaci\u00f3n<\/h2>\n<p>La 3-fluoroanfetamina es un producto qu\u00edmico muy vers\u00e1til para la investigaci\u00f3n. <b>Primario<\/b> Se utiliza en la investigaci\u00f3n farmacol\u00f3gica para estudiar los mecanismos de los estimulantes sobre el sistema nervioso central. <b>En este contexto<\/b> ayuda a los investigadores a comprender mejor las complejas interacciones entre neurotransmisores.<\/p>\n<p><b>Adem\u00e1s<\/b> El 3FA se utiliza a menudo como est\u00e1ndar de referencia en los laboratorios de toxicolog\u00eda anal\u00edtica. <b>Adem\u00e1s<\/b> Es valioso para estudios sobre la metabolizaci\u00f3n de f\u00e1rmacos y el desarrollo de m\u00e9todos de detecci\u00f3n. Su estructura permite explorar los efectos de la fluoraci\u00f3n en la actividad farmacol\u00f3gica.<\/p>\n<p><b>Adem\u00e1s<\/b> es una herramienta importante para el estudio de la neurotransmisi\u00f3n. Mediante el uso de <a href=\"https:\/\/chemgramx.com\/product\/3-fluoroamphetamine-3fa-online-kaufen\/\">3-fluoroanfetamina de calidad de laboratorio a la venta<\/a> los experimentadores obtienen resultados precisos y repetibles.<\/p>\n<h2>Normas de seguridad y manipulaci\u00f3n<\/h2>\n<p>El manejo de sustancias qu\u00edmicas de investigaci\u00f3n como la 3-fluoroanfetamina requiere estrictas normas de seguridad. <b>En primer lugar<\/b> Es imprescindible leer detenidamente todas las fichas de datos de seguridad (FDS) pertinentes. <b>Por lo tanto<\/b> Todo manejo debe ser realizado \u00fanicamente por personal cualificado en un laboratorio adecuado.<\/p>\n<p><b>Las medidas de seguridad importantes incluyen:<\/b><\/p>\n<ul>\n<li><b>Equipo de protecci\u00f3n individual (EPI):<\/b> Utilice siempre guantes protectores, gafas protectoras y bata de laboratorio.<\/li>\n<li><b>Campana extractora:<\/b> Trabaje siempre bajo una campana extractora que funcione correctamente.<\/li>\n<li><b>Almacenamiento:<\/b> Almacene 3FA en un lugar fresco, seco, oscuro y alejado de sustancias incompatibles.<\/li>\n<li><b>Eliminaci\u00f3n:<\/b> Siga todas las normas para la eliminaci\u00f3n de residuos qu\u00edmicos.<\/li>\n<\/ul>\n<p><b>Adem\u00e1s, tenga en cuenta lo siguiente<\/b> el etiquetado correcto de todos los envases. <b>Por lo dem\u00e1s<\/b> La sustancia se maneja con el mayor cuidado para garantizar la integridad y seguridad del producto.<\/p>\n<h2>Garant\u00eda de calidad en Chemgramx<\/h2>\n<p>En Chemgramx, la calidad del producto es nuestra m\u00e1xima prioridad. Solo es posible realizar investigaciones precisas con materiales puros y fiables. <b>Por lo tanto<\/b> Cada producto, incluyendo <b>3-fluoroanfetamina (3FA)<\/b>, que usted <a href=\"https:\/\/chemgramx.com\/product\/3-fluoroamphetamine-3fa-online-kaufen\/\">Comprar online<\/a> pueden, estrictos controles de calidad.<\/p>\n<p><b>Nuestras medidas de garant\u00eda de calidad incluyen:<\/b><\/p>\n<ul>\n<li><b>An\u00e1lisis exhaustivos:<\/b> Cada lote se somete a controles de pureza e identidad mediante m\u00e9todos de \u00faltima generaci\u00f3n (HPLC, GC-MS, NMR).<\/li>\n<li><b>Informes de lotes:<\/b> Los certificados de an\u00e1lisis detallados acreditan la pureza.<\/li>\n<li><b>Procesamiento seguro:<\/b> El producto se procesa en condiciones controladas para evitar contaminaciones.<\/li>\n<li><b>Auditor\u00edas peri\u00f3dicas:<\/b> Nuestros procesos se someten a controles internos y externos para garantizar los m\u00e1s altos est\u00e1ndares.<\/li>\n<\/ul>\n<p><b>Finalmente<\/b> puede estar seguro de que, <b>3-fluoroanfetamina de alta calidad<\/b> . Nuestro compromiso con la calidad garantiza que usted <b>Calidad de la investigaci\u00f3n 3-fluoroanfetamina a la venta<\/b> , adecuadas para sus experimentos m\u00e1s exigentes.<\/p>\n<h2>\u00bfPor qu\u00e9 elegir 3FA de Chemgramx?<\/h2>\n<p>La elecci\u00f3n de un proveedor es decisiva para el \u00e9xito del proyecto. Si usted <b>Comprar 3-fluoroanfetamina online<\/b> Chemgramx ofrece ventajas convincentes como socio preferente.<\/p>\n<p><b>Resumen de nuestras ventajas:<\/b><\/p>\n<ul>\n<li><b>Pureza insuperable:<\/b> Ofrecemos <a href=\"https:\/\/chemgramx.com\/product\/3-fluoroamphetamine-3fa-online-kaufen\/\">3-fluoroanfetamina de m\u00e1xima calidad<\/a>, probado con una pureza superior a 98%.<\/li>\n<li><b>Origen fiable:<\/b> Colaboraci\u00f3n con fabricantes de renombre que producen de forma \u00e9tica.<\/li>\n<li><b>Documentaci\u00f3n completa:<\/b> Cada entrega con certificado de an\u00e1lisis.<\/li>\n<li><b>Seguridad y discreci\u00f3n:<\/b> Su pedido se procesar\u00e1 de forma segura, garantizando la integridad del producto y la privacidad.<\/li>\n<li><b>Asistencia de expertos:<\/b> Nuestro equipo estar\u00e1 encantado de responder a cualquier pregunta que pueda tener.<\/li>\n<\/ul>\n<p><b>Adem\u00e1s<\/b> es la referencia de <b>La calidad de la investigaci\u00f3n a la venta<\/b> Seguro y transparente con Chemgramx. <b>Por lo tanto<\/b> puede confiar en <b>Comprar ahora online<\/b>. Apoyamos a la comunidad cient\u00edfica con los mejores materiales. Descubra tambi\u00e9n nuestra p\u00e1gina para <a href=\"https:\/\/chemgramx.com\/product\/purple-haze-kush-26-thc\/\">M\u00e1s materiales de investigaci\u00f3n de alta calidad<\/a>.<\/p>\n<h2>Conclusi\u00f3n<\/h2>\n<p>En resumen, <b>3-fluoroanfetamina (3FA)<\/b> Un producto qu\u00edmico indispensable para la investigaci\u00f3n en farmacolog\u00eda, neuroqu\u00edmica y toxicolog\u00eda. La pureza y la calidad son fundamentales para la validez de los resultados cient\u00edficos. <b>En consecuencia<\/b> Es esencial contar con un proveedor fiable.<\/p>\n<p>Si usted <b>Comprar 3-fluoroanfetamina<\/b>, no renuncies a la calidad. Chemgramx se compromete a ofrecerte los productos qu\u00edmicos para investigaci\u00f3n m\u00e1s puros y mejor caracterizados. <b>Pida 3FA en l\u00ednea<\/b> con nosotros y benef\u00edciese de nuestra experiencia y compromiso con la excelencia cient\u00edfica.<\/p>\n<p>Nuestro compromiso con la calidad y la satisfacci\u00f3n del cliente nos convierte en la primera opci\u00f3n. <b>Adem\u00e1s<\/b> Apoyamos sus esfuerzos cient\u00edficos permiti\u00e9ndole, <b>Comprar con seguridad<\/b>. Experimente la diferencia que supone el aut\u00e9ntico <b>3-fluoroanfetamina de calidad de laboratorio a la venta<\/b> en sus estudios.<\/p>","protected":false},"excerpt":{"rendered":"<p><b>3-fluoroanfetamina (3FA)<\/b> es un an\u00e1logo sint\u00e9tico de la anfetamina, desarrollado espec\u00edficamente para fines de investigaci\u00f3n cient\u00edfica. Si <b>Comprar 3-fluoroanfetamina<\/b>, obtendr\u00e1 una sustancia de pureza excepcional que cumple con estrictos est\u00e1ndares de calidad. Es la opci\u00f3n ideal para aplicaciones de laboratorio precisas y an\u00e1lisis qu\u00edmicos detallados. Encuentre el mejor 3FA para sus proyectos. <b>Comprar en Chemgramx<\/b>.<\/p>","protected":false},"featured_media":8048,"comment_status":"open","ping_status":"closed","template":"","meta":{"_joinchat":[]},"product_brand":[],"product_cat":[48],"product_tag":[241,277,285,278,1324,268,279,273,269,276,274,283,267,272,266,280,271,275,270,242,264,260,1338,1335,1343,1331,253,1329,1326,1342,252,255,257,1341,254,261,1336,1339,1325,1330,256,258,1340,265,262,1344,263,259,247,1327,251,1328,1337,1332,1334,245,246,1333,250,248,244],"class_list":{"0":"post-7997","1":"product","2":"type-product","3":"status-publish","4":"has-post-thumbnail","6":"product_cat-stimulants","7":"product_tag-3-fluoroamphetamine","8":"product_tag-3-fluoroamphetamine-als-chemisches-referenzmaterial","9":"product_tag-3-fluoroamphetamine-analyse","10":"product_tag-3-fluoroamphetamine-beschaffungsrichtlinien","11":"product_tag-3-fluoroamphetamine-bestellen","12":"product_tag-3-fluoroamphetamine-fur-forschung","13":"product_tag-3-fluoroamphetamine-fur-industrielle-anwendungen","14":"product_tag-3-fluoroamphetamine-fur-laboranwendungen","15":"product_tag-3-fluoroamphetamine-fur-wissenschaftliche-studien","16":"product_tag-3-fluoroamphetamine-gesetzliche-vorschriften","17":"product_tag-3-fluoroamphetamine-groshandelslieferung","18":"product_tag-3-fluoroamphetamine-im-wissenschaftlichen-bereich","19":"product_tag-3-fluoroamphetamine-kaufen","20":"product_tag-3-fluoroamphetamine-lagerung-und-handhabung","21":"product_tag-3-fluoroamphetamine-lieferant","22":"product_tag-3-fluoroamphetamine-marktanalyse","23":"product_tag-3-fluoroamphetamine-preis-und-verfugbarkeit","24":"product_tag-3-fluoroamphetamine-risiken-und-gefahren","25":"product_tag-3-fluoroamphetamine-sicherheitsrichtlinien","26":"product_tag-3fa","27":"product_tag-3fa-analyse","28":"product_tag-3fa-anwendung","29":"product_tag-3fa-bestellen","30":"product_tag-3fa-bulk-bestellung","31":"product_tag-3fa-chemikalie","32":"product_tag-3fa-experimente","33":"product_tag-3fa-forschung","34":"product_tag-3fa-forschung-chemikalie","35":"product_tag-3fa-groshandel","36":"product_tag-3fa-gunstig","37":"product_tag-3fa-kaufen","38":"product_tag-3fa-labor","39":"product_tag-3fa-lagerung","40":"product_tag-3fa-legal","41":"product_tag-3fa-lieferant","42":"product_tag-3fa-markt","43":"product_tag-3fa-marktanalyse","44":"product_tag-3fa-online","45":"product_tag-3fa-online-bestellen","46":"product_tag-3fa-pharmazeutische-forschung","47":"product_tag-3fa-preis","48":"product_tag-3fa-risiken","49":"product_tag-3fa-sicher","50":"product_tag-3fa-sicherheit","51":"product_tag-3fa-verfugbarkeit","52":"product_tag-3fa-versand","53":"product_tag-3fa-vertrieb","54":"product_tag-3fa-vorschriften","55":"product_tag-fluor-amphetamine","56":"product_tag-forschung-chemikalien-3fa","57":"product_tag-gesundheitliche-risiken","58":"product_tag-hochwertige-3fa-kaufen","59":"product_tag-innovative-3fa-forschung","60":"product_tag-laborqualitat-3fa","61":"product_tag-legaler-3fa-anbieter","62":"product_tag-rechtlicher-status-3fa","63":"product_tag-risiken-3fa","64":"product_tag-sicherer-3fa-versand","65":"product_tag-suchtgefahr","66":"product_tag-synthetische-stimulanzien","67":"product_tag-wirkungen-von-3fa","69":"first","70":"instock","71":"shipping-taxable","72":"purchasable","73":"product-type-variable"},"yoast_head":"<!-- This site is optimized with the Yoast SEO plugin v27.5 - https:\/\/yoast.com\/product\/yoast-seo-wordpress\/ -->\n<title>3-Fluoroamphetamin Kaufen - Hohe Reinheit<\/title>\n<meta name=\"description\" content=\"Entdecken Sie hochwertiges 3-Fluoroamphetamin f\u00fcr Ihre Forschungszwecke. Sichern Sie sich authentische Laborqualit\u00e4t und bestellen Sie jetzt online bei Chemgramx.\" \/>\n<meta name=\"robots\" content=\"index, follow, max-snippet:-1, max-image-preview:large, max-video-preview:-1\" \/>\n<link rel=\"canonical\" href=\"https:\/\/chemgramx.com\/es\/producto-1\/comprar-3-fluoroanfetamina-3fa-online\/\" \/>\n<meta property=\"og:locale\" content=\"es_ES\" \/>\n<meta property=\"og:type\" content=\"article\" \/>\n<meta property=\"og:title\" content=\"3-Fluoroamphetamin Kaufen - Hohe Reinheit\" \/>\n<meta property=\"og:description\" content=\"Entdecken Sie hochwertiges 3-Fluoroamphetamin f\u00fcr Ihre Forschungszwecke. Sichern Sie sich authentische Laborqualit\u00e4t und bestellen Sie jetzt online bei Chemgramx.\" \/>\n<meta property=\"og:url\" content=\"https:\/\/chemgramx.com\/es\/producto-1\/comprar-3-fluoroanfetamina-3fa-online\/\" \/>\n<meta property=\"og:site_name\" content=\"Chemgramx\" \/>\n<meta property=\"article:modified_time\" content=\"2025-12-09T10:46:16+00:00\" \/>\n<meta property=\"og:image\" content=\"https:\/\/chemgramx.com\/wp-content\/uploads\/2025\/11\/4-FA-min-500x500-1.jpeg\" \/>\n\t<meta property=\"og:image:width\" content=\"500\" \/>\n\t<meta property=\"og:image:height\" content=\"500\" \/>\n\t<meta property=\"og:image:type\" content=\"image\/jpeg\" \/>\n<meta name=\"twitter:card\" content=\"summary_large_image\" \/>\n<meta name=\"twitter:label1\" content=\"Tiempo de lectura\" \/>\n\t<meta name=\"twitter:data1\" content=\"2 minutos\" \/>\n<script type=\"application\/ld+json\" class=\"yoast-schema-graph\">{\"@context\":\"https:\\\/\\\/schema.org\",\"@graph\":[{\"@type\":\"WebPage\",\"@id\":\"https:\\\/\\\/chemgramx.com\\\/product\\\/3-fluoroamphetamine-3fa-online-kaufen\\\/\",\"url\":\"https:\\\/\\\/chemgramx.com\\\/product\\\/3-fluoroamphetamine-3fa-online-kaufen\\\/\",\"name\":\"3-Fluoroamphetamin Kaufen - Hohe Reinheit\",\"isPartOf\":{\"@id\":\"https:\\\/\\\/chemgramx.com\\\/#website\"},\"primaryImageOfPage\":{\"@id\":\"https:\\\/\\\/chemgramx.com\\\/product\\\/3-fluoroamphetamine-3fa-online-kaufen\\\/#primaryimage\"},\"image\":{\"@id\":\"https:\\\/\\\/chemgramx.com\\\/product\\\/3-fluoroamphetamine-3fa-online-kaufen\\\/#primaryimage\"},\"thumbnailUrl\":\"https:\\\/\\\/chemgramx.com\\\/wp-content\\\/uploads\\\/2025\\\/11\\\/4-FA-min-500x500-1.jpeg\",\"datePublished\":\"2025-11-21T16:44:55+00:00\",\"dateModified\":\"2025-12-09T10:46:16+00:00\",\"description\":\"Entdecken Sie hochwertiges 3-Fluoroamphetamin f\u00fcr Ihre Forschungszwecke. Sichern Sie sich authentische Laborqualit\u00e4t und bestellen Sie jetzt online bei Chemgramx.\",\"breadcrumb\":{\"@id\":\"https:\\\/\\\/chemgramx.com\\\/product\\\/3-fluoroamphetamine-3fa-online-kaufen\\\/#breadcrumb\"},\"inLanguage\":\"es\",\"potentialAction\":[{\"@type\":\"ReadAction\",\"target\":[\"https:\\\/\\\/chemgramx.com\\\/product\\\/3-fluoroamphetamine-3fa-online-kaufen\\\/\"]}]},{\"@type\":\"ImageObject\",\"inLanguage\":\"es\",\"@id\":\"https:\\\/\\\/chemgramx.com\\\/product\\\/3-fluoroamphetamine-3fa-online-kaufen\\\/#primaryimage\",\"url\":\"https:\\\/\\\/chemgramx.com\\\/wp-content\\\/uploads\\\/2025\\\/11\\\/4-FA-min-500x500-1.jpeg\",\"contentUrl\":\"https:\\\/\\\/chemgramx.com\\\/wp-content\\\/uploads\\\/2025\\\/11\\\/4-FA-min-500x500-1.jpeg\",\"width\":500,\"height\":500},{\"@type\":\"BreadcrumbList\",\"@id\":\"https:\\\/\\\/chemgramx.com\\\/product\\\/3-fluoroamphetamine-3fa-online-kaufen\\\/#breadcrumb\",\"itemListElement\":[{\"@type\":\"ListItem\",\"position\":1,\"name\":\"Home\",\"item\":\"https:\\\/\\\/chemgramx.com\\\/\"},{\"@type\":\"ListItem\",\"position\":2,\"name\":\"Shop\",\"item\":\"https:\\\/\\\/chemgramx.com\\\/shop\\\/\"},{\"@type\":\"ListItem\",\"position\":3,\"name\":\"3-Fluoroamphetamin Kaufen &#8211; Hohe Reinheit\"}]},{\"@type\":\"WebSite\",\"@id\":\"https:\\\/\\\/chemgramx.com\\\/#website\",\"url\":\"https:\\\/\\\/chemgramx.com\\\/\",\"name\":\"Chemgramx\",\"description\":\"\",\"publisher\":{\"@id\":\"https:\\\/\\\/chemgramx.com\\\/#organization\"},\"potentialAction\":[{\"@type\":\"SearchAction\",\"target\":{\"@type\":\"EntryPoint\",\"urlTemplate\":\"https:\\\/\\\/chemgramx.com\\\/?s={search_term_string}\"},\"query-input\":{\"@type\":\"PropertyValueSpecification\",\"valueRequired\":true,\"valueName\":\"search_term_string\"}}],\"inLanguage\":\"es\"},{\"@type\":\"Organization\",\"@id\":\"https:\\\/\\\/chemgramx.com\\\/#organization\",\"name\":\"Chemgramx\",\"url\":\"https:\\\/\\\/chemgramx.com\\\/\",\"logo\":{\"@type\":\"ImageObject\",\"inLanguage\":\"es\",\"@id\":\"https:\\\/\\\/chemgramx.com\\\/#\\\/schema\\\/logo\\\/image\\\/\",\"url\":\"https:\\\/\\\/chemgramx.com\\\/wp-content\\\/uploads\\\/2024\\\/10\\\/final-logo.png\",\"contentUrl\":\"https:\\\/\\\/chemgramx.com\\\/wp-content\\\/uploads\\\/2024\\\/10\\\/final-logo.png\",\"width\":250,\"height\":48,\"caption\":\"Chemgramx\"},\"image\":{\"@id\":\"https:\\\/\\\/chemgramx.com\\\/#\\\/schema\\\/logo\\\/image\\\/\"}}]}<\/script>\n<!-- \/ Yoast SEO plugin. -->","yoast_head_json":{"title":"Comprar 3-fluoroanfetamina - Alta pureza","description":"Descubra la 3-fluoroanfetamina de alta calidad para sus fines de investigaci\u00f3n. Aseg\u00farese una calidad de laboratorio aut\u00e9ntica y haga su pedido online ahora en Chemgramx.","robots":{"index":"index","follow":"follow","max-snippet":"max-snippet:-1","max-image-preview":"max-image-preview:large","max-video-preview":"max-video-preview:-1"},"canonical":"https:\/\/chemgramx.com\/es\/producto-1\/comprar-3-fluoroanfetamina-3fa-online\/","og_locale":"es_ES","og_type":"article","og_title":"3-Fluoroamphetamin Kaufen - Hohe Reinheit","og_description":"Entdecken Sie hochwertiges 3-Fluoroamphetamin f\u00fcr Ihre Forschungszwecke. Sichern Sie sich authentische Laborqualit\u00e4t und bestellen Sie jetzt online bei Chemgramx.","og_url":"https:\/\/chemgramx.com\/es\/producto-1\/comprar-3-fluoroanfetamina-3fa-online\/","og_site_name":"Chemgramx","article_modified_time":"2025-12-09T10:46:16+00:00","og_image":[{"width":500,"height":500,"url":"https:\/\/chemgramx.com\/wp-content\/uploads\/2025\/11\/4-FA-min-500x500-1.jpeg","type":"image\/jpeg"}],"twitter_card":"summary_large_image","twitter_misc":{"Tiempo de lectura":"2 minutos"},"schema":{"@context":"https:\/\/schema.org","@graph":[{"@type":"WebPage","@id":"https:\/\/chemgramx.com\/product\/3-fluoroamphetamine-3fa-online-kaufen\/","url":"https:\/\/chemgramx.com\/product\/3-fluoroamphetamine-3fa-online-kaufen\/","name":"Comprar 3-fluoroanfetamina - Alta pureza","isPartOf":{"@id":"https:\/\/chemgramx.com\/#website"},"primaryImageOfPage":{"@id":"https:\/\/chemgramx.com\/product\/3-fluoroamphetamine-3fa-online-kaufen\/#primaryimage"},"image":{"@id":"https:\/\/chemgramx.com\/product\/3-fluoroamphetamine-3fa-online-kaufen\/#primaryimage"},"thumbnailUrl":"https:\/\/chemgramx.com\/wp-content\/uploads\/2025\/11\/4-FA-min-500x500-1.jpeg","datePublished":"2025-11-21T16:44:55+00:00","dateModified":"2025-12-09T10:46:16+00:00","description":"Descubra la 3-fluoroanfetamina de alta calidad para sus fines de investigaci\u00f3n. Aseg\u00farese una calidad de laboratorio aut\u00e9ntica y haga su pedido online ahora en Chemgramx.","breadcrumb":{"@id":"https:\/\/chemgramx.com\/product\/3-fluoroamphetamine-3fa-online-kaufen\/#breadcrumb"},"inLanguage":"es","potentialAction":[{"@type":"ReadAction","target":["https:\/\/chemgramx.com\/product\/3-fluoroamphetamine-3fa-online-kaufen\/"]}]},{"@type":"ImageObject","inLanguage":"es","@id":"https:\/\/chemgramx.com\/product\/3-fluoroamphetamine-3fa-online-kaufen\/#primaryimage","url":"https:\/\/chemgramx.com\/wp-content\/uploads\/2025\/11\/4-FA-min-500x500-1.jpeg","contentUrl":"https:\/\/chemgramx.com\/wp-content\/uploads\/2025\/11\/4-FA-min-500x500-1.jpeg","width":500,"height":500},{"@type":"BreadcrumbList","@id":"https:\/\/chemgramx.com\/product\/3-fluoroamphetamine-3fa-online-kaufen\/#breadcrumb","itemListElement":[{"@type":"ListItem","position":1,"name":"Home","item":"https:\/\/chemgramx.com\/"},{"@type":"ListItem","position":2,"name":"Shop","item":"https:\/\/chemgramx.com\/shop\/"},{"@type":"ListItem","position":3,"name":"3-Fluoroamphetamin Kaufen &#8211; Hohe Reinheit"}]},{"@type":"WebSite","@id":"https:\/\/chemgramx.com\/#website","url":"https:\/\/chemgramx.com\/","name":"Chemgramx","description":"","publisher":{"@id":"https:\/\/chemgramx.com\/#organization"},"potentialAction":[{"@type":"SearchAction","target":{"@type":"EntryPoint","urlTemplate":"https:\/\/chemgramx.com\/?s={search_term_string}"},"query-input":{"@type":"PropertyValueSpecification","valueRequired":true,"valueName":"search_term_string"}}],"inLanguage":"es"},{"@type":"Organization","@id":"https:\/\/chemgramx.com\/#organization","name":"Chemgramx","url":"https:\/\/chemgramx.com\/","logo":{"@type":"ImageObject","inLanguage":"es","@id":"https:\/\/chemgramx.com\/#\/schema\/logo\/image\/","url":"https:\/\/chemgramx.com\/wp-content\/uploads\/2024\/10\/final-logo.png","contentUrl":"https:\/\/chemgramx.com\/wp-content\/uploads\/2024\/10\/final-logo.png","width":250,"height":48,"caption":"Chemgramx"},"image":{"@id":"https:\/\/chemgramx.com\/#\/schema\/logo\/image\/"}}]}},"_links":{"self":[{"href":"https:\/\/chemgramx.com\/es\/wp-json\/wp\/v2\/product\/7997","targetHints":{"allow":["GET"]}}],"collection":[{"href":"https:\/\/chemgramx.com\/es\/wp-json\/wp\/v2\/product"}],"about":[{"href":"https:\/\/chemgramx.com\/es\/wp-json\/wp\/v2\/types\/product"}],"replies":[{"embeddable":true,"href":"https:\/\/chemgramx.com\/es\/wp-json\/wp\/v2\/comments?post=7997"}],"wp:featuredmedia":[{"embeddable":true,"href":"https:\/\/chemgramx.com\/es\/wp-json\/wp\/v2\/media\/8048"}],"wp:attachment":[{"href":"https:\/\/chemgramx.com\/es\/wp-json\/wp\/v2\/media?parent=7997"}],"wp:term":[{"taxonomy":"product_brand","embeddable":true,"href":"https:\/\/chemgramx.com\/es\/wp-json\/wp\/v2\/product_brand?post=7997"},{"taxonomy":"product_cat","embeddable":true,"href":"https:\/\/chemgramx.com\/es\/wp-json\/wp\/v2\/product_cat?post=7997"},{"taxonomy":"product_tag","embeddable":true,"href":"https:\/\/chemgramx.com\/es\/wp-json\/wp\/v2\/product_tag?post=7997"}],"curies":[{"name":"wp","href":"https:\/\/api.w.org\/{rel}","templated":true}]}}