{"id":7999,"date":"2025-11-21T16:44:56","date_gmt":"2025-11-21T16:44:56","guid":{"rendered":"https:\/\/chemgramx.com\/?post_type=product&#038;p=7999"},"modified":"2025-12-09T10:43:18","modified_gmt":"2025-12-09T10:43:18","slug":"3cl-3-cloro-%ce%b1-comprar-pvp-online","status":"publish","type":"product","link":"https:\/\/chemgramx.com\/es\/product\/3cl-3-chlor-%ce%b1-pvp-online-kaufen\/","title":{"rendered":"Pedir 3CL (3-cloro-\u03b1-PVP): m\u00e1xima calidad para la investigaci\u00f3n"},"content":{"rendered":"<p>Chemgramx es su primer puerto de escala para productos qu\u00edmicos de investigaci\u00f3n de calidad y pureza inigualables. En este contexto, le ofrecemos la oportunidad de, <b>Venta de 3CL (3-cloro-\u03b1-PVP)<\/b> una sustancia dise\u00f1ada para la investigaci\u00f3n cient\u00edfica sofisticada. Entendemos la importancia cr\u00edtica de la precisi\u00f3n y la fiabilidad en la investigaci\u00f3n. Por ello, concedemos la m\u00e1xima importancia al suministro de productos que cumplan nuestras estrictas normas de calidad.<\/p>\n<p>Nuestro 3CL (3-cloro-\u03b1-PVP) se caracteriza por su excepcional pureza y su clasificaci\u00f3n como grado de investigaci\u00f3n y laboratorio. Como resultado, es la elecci\u00f3n ideal para cient\u00edficos y organizaciones de investigaci\u00f3n que buscan resultados precisos y reproducibles. Obtenga m\u00e1s informaci\u00f3n sobre este fascinante compuesto y c\u00f3mo puede utilizarlo en sus proyectos.<\/p>\n<h2>3CL (3-cloro-\u03b1-PVP) - Una visi\u00f3n general para la investigaci\u00f3n<\/h2>\n<p>La 3CL (3-cloro-\u03b1-pirrolidinopentiofenona), a menudo denominada 3-cloro-\u03b1-PVP, pertenece a la clase de las catinonas y es una sustancia qu\u00edmica de investigaci\u00f3n que ha suscitado un gran inter\u00e9s en la comunidad cient\u00edfica debido a su similitud estructural con otras sustancias conocidas. El estudio detallado de sus propiedades y efectos potenciales es crucial para avanzar en nuestra comprensi\u00f3n de este tipo de sustancias qu\u00edmicas. Adem\u00e1s, el compuesto ofrece un perfil interesante para estudios farmacol\u00f3gicos y toxicol\u00f3gicos.<\/p>\n<p>La estructura molecular del 3CL (3-cloro-\u03b1-PVP) lo convierte en una valiosa herramienta para <i>in-vitro<\/i>- y <i>in-vivo<\/i>-que se centran en las afinidades de uni\u00f3n de los receptores, las v\u00edas metab\u00f3licas y las reacciones celulares. Por lo tanto, es esencial realizar an\u00e1lisis precisos en condiciones de laboratorio controladas. Adem\u00e1s, la disponibilidad de <b>aut\u00e9ntico 3CL (3-cloro-\u03b1-PVP)<\/b> investigaci\u00f3n normalizada basada en datos fiables.<\/p>\n<h3>Normas de calidad y garant\u00eda de pureza en Chemgramx<\/h3>\n<p>En Chemgramx, la calidad de nuestros productos es nuestra m\u00e1xima prioridad. Ofrecemos <b>Alta pureza a la venta<\/b> de 3CL (3-cloro-\u03b1-PVP), que se confirma mediante pruebas anal\u00edticas exhaustivas. Cada lote se somete a rigurosos controles de calidad, incluidos an\u00e1lisis de HPLC y GC-MS, para garantizar la identidad y pureza qu\u00edmicas. Como resultado, puede estar seguro de que recibe un producto que cumple las normas cient\u00edficas m\u00e1s exigentes.<\/p>\n<p>La clasificaci\u00f3n como <b>La calidad de la investigaci\u00f3n a la venta<\/b> y <b>Calidad de laboratorio a la venta<\/b> significa que nuestro 3CL (3-cloro-\u03b1-PVP) es especialmente adecuado para su uso en entornos de investigaci\u00f3n profesionales. Esto significa que est\u00e1 libre de impurezas que podr\u00edan falsear los resultados experimentales. Adem\u00e1s, garantizamos que nuestro <b>3CL (3-cloro-\u03b1-PVP) de alta calidad<\/b> es estable y constante, lo que resulta esencial para los estudios a largo plazo.<\/p>\n<h3>\u00c1mbitos de aplicaci\u00f3n en la ciencia<\/h3>\n<p>El 3CL (3-cloro-\u03b1-PVP) se utiliza principalmente en \u00e1mbitos como la farmacolog\u00eda, la toxicolog\u00eda y la neurociencia. Los investigadores lo utilizan para estudiar las complejas interacciones de las sustancias psicotr\u00f3picas con los sistemas biol\u00f3gicos. Por ejemplo, los estudios pueden arrojar luz sobre los efectos en los sistemas neurotransmisores o las v\u00edas de se\u00f1alizaci\u00f3n celular. La naturaleza precisa del material permite crear perfiles farmacocin\u00e9ticos y farmacodin\u00e1micos detallados.<\/p>\n<p>Adem\u00e1s, el 3CL (3-cloro-\u03b1-PVP) puede utilizarse para desarrollar nuevos m\u00e9todos anal\u00edticos o como patr\u00f3n de referencia en laboratorios forenses. La investigaci\u00f3n con esta sustancia contribuye significativamente a desarrollar una mejor comprensi\u00f3n de los riesgos y aplicaciones potenciales de compuestos similares. Para apoyar su proyecto de investigaci\u00f3n, puede <a href=\"https:\/\/chemgramx.com\/product\/3cl-3-chlor-\u03b1-pvp-online-kaufen\/\">Comprar 3CL (3-cloro-\u03b1-PVP) de Chemgramx<\/a> y benef\u00edciese de nuestra experiencia.<\/p>\n<h2>El proceso de adquisici\u00f3n: Pida 3CL (3-cloro-\u03b1-PVP) en l\u00ednea<\/h2>\n<p>La compra de productos qu\u00edmicos de investigaci\u00f3n deber\u00eda ser sencilla y segura, especialmente si usted <b>Pedir 3CL (3-cloro-\u03b1-PVP) en l\u00ednea<\/b> desean. En Chemgramx, hemos establecido un proceso racionalizado que facilita a los cient\u00edficos el acceso a los materiales que necesitan. Nuestra tienda en l\u00ednea est\u00e1 dise\u00f1ada de forma intuitiva para que pueda encontrar y seleccionar productos de forma eficaz. Como resultado, ahorrar\u00e1 un tiempo valioso en la b\u00fasqueda de materiales.<\/p>\n<p>Concedemos gran importancia a una <b>compra segura<\/b> y discreci\u00f3n en la tramitaci\u00f3n de todos los pedidos. Todas las transacciones se procesan con el m\u00e1ximo cuidado y cumpliendo estrictas directrices de protecci\u00f3n de datos. Adem\u00e1s, nuestros productos se procesan de forma segura y est\u00e1n destinados a un uso profesional en investigaci\u00f3n. Por lo tanto, garantizamos que <b>el mejor 3CL (3-cloro-\u03b1-PVP) disponible<\/b> es lo que necesitas para tus estudios.<\/p>\n<h3>Instrucciones importantes para una manipulaci\u00f3n segura<\/h3>\n<p>La manipulaci\u00f3n de productos qu\u00edmicos de investigaci\u00f3n como el 3CL (3-cloro-\u03b1-PVP) requiere siempre la m\u00e1xima precauci\u00f3n y el cumplimiento de protocolos de seguridad espec\u00edficos. Es esencial que todos los usuarios conozcan y sigan las Fichas de Datos de Seguridad (FDS) pertinentes. Utilice siempre el equipo de protecci\u00f3n personal adecuado, como guantes, gafas y batas de laboratorio. Tambi\u00e9n debe garantizarse una buena ventilaci\u00f3n de la zona de trabajo.<\/p>\n<p>Tenga en cuenta que 3CL (3-cloro-\u03b1-PVP) es para uso exclusivo en investigaci\u00f3n y no est\u00e1 destinado al consumo humano ni a otros usos no cient\u00edficos. Debe almacenarse en un lugar fresco, seco y oscuro para mantener la estabilidad y pureza de la sustancia. Esto tambi\u00e9n protege contra el acceso no autorizado. Por \u00faltimo, la eliminaci\u00f3n de residuos debe realizarse de acuerdo con la normativa local.<\/p>\n<h3>Por qu\u00e9 Chemgramx es su mejor opci\u00f3n<\/h3>\n<p>Chemgramx se ha forjado una reputaci\u00f3n como socio de confianza para productos qu\u00edmicos de investigaci\u00f3n. Nuestra experiencia y compromiso con la calidad nos convierten en la opci\u00f3n preferida de muchos cient\u00edficos. No s\u00f3lo ofrecemos productos de la m\u00e1xima pureza, sino que tambi\u00e9n proporcionamos un excelente servicio de atenci\u00f3n al cliente para ayudarle con cualquier pregunta o requisito especial. Esto garantiza que sus proyectos de investigaci\u00f3n se desarrollen sin problemas.<\/p>\n<p>Nuestro compromiso de ofrecer productos de primera clase significa que usted compra a Chemgramx para acceder a los mejores materiales de investigaci\u00f3n. Nos esforzamos por construir una asociaci\u00f3n a largo plazo con nuestros clientes basada en la confianza y el respeto mutuo. Tambi\u00e9n puede descubrir nuestra amplia gama de otros productos qu\u00edmicos de investigaci\u00f3n de alta calidad, tales como <a href=\"https:\/\/chemgramx.com\/product\/5f-mn-18-online-kaufen\/\">5F-MN-18 en l\u00ednea<\/a>, para cubrir ampliamente sus necesidades de investigaci\u00f3n.<\/p>\n<h2>Preguntas frecuentes sobre 3CL (3-cloro-\u03b1-PVP)<\/h2>\n<h3>\u00bfEs legal el 3CL (3-cloro-\u03b1-PVP)?<\/h3>\n<p>La legalidad del 3CL (3-cloro-\u03b1-PVP) var\u00eda seg\u00fan el pa\u00eds y la jurisdicci\u00f3n. En muchas regiones, no est\u00e1 regulado como producto qu\u00edmico de investigaci\u00f3n a menos que se destine al consumo humano. Es responsabilidad del comprador comprobar las leyes y normativas locales antes de realizar el pedido. Siempre recomendamos obtener informaci\u00f3n completa por adelantado.<\/p>\n<h3>\u00bfC\u00f3mo se garantiza la pureza del 3CL (3-cloro-\u03b1-PVP)?<\/h3>\n<p>En Chemgramx, la pureza del 3CL (3-cloro-\u03b1-PVP) se comprueba mediante estrictos an\u00e1lisis de laboratorio como la cromatograf\u00eda l\u00edquida de alta resoluci\u00f3n (HPLC) y la cromatograf\u00eda de gases-espectrometr\u00eda de masas (GC-MS). Estos m\u00e9todos garantizan una alta calidad y minimizan las impurezas. Como resultado, usted recibe un producto adecuado para obtener resultados de investigaci\u00f3n precisos.<\/p>\n<h3>\u00bfPuedo utilizar 3CL (3-cloro-\u03b1-PVP) para consumo humano?<\/h3>\n<p>No, 3CL (3-cloro-\u03b1-PVP) est\u00e1 destinado exclusivamente a investigaci\u00f3n y uso en laboratorio y no para consumo humano. El incumplimiento de esta instrucci\u00f3n puede acarrear graves riesgos para la salud. En consecuencia, nos distanciamos expresamente de cualquier uso no cient\u00edfico de nuestros productos.<\/p>\n<h3>\u00bfQu\u00e9 documentaci\u00f3n se entrega con el pedido?<\/h3>\n<p>Cada pedido de 3CL (3-cloro-\u03b1-PVP) se entrega con los documentos pertinentes que confirman la calidad y la composici\u00f3n. Entre ellos se incluyen los certificados de an\u00e1lisis (CoA) y las fichas de datos de seguridad (SDS). Estos documentos son esenciales para el cumplimiento de las normas de laboratorio y la manipulaci\u00f3n segura. Tambi\u00e9n le ayudan a archivarlos correctamente.<\/p>\n<h2>Conclusi\u00f3n y pr\u00f3ximos pasos<\/h2>\n<p>La b\u00fasqueda de la excelencia cient\u00edfica requiere materiales de la m\u00e1xima calidad. Con nuestros <b>Venta de 3CL (3-cloro-\u03b1-PVP)<\/b> Chemgramx ofrece un producto qu\u00edmico de investigaci\u00f3n que cumple estos requisitos. Estamos orgullosos de contribuir a la comunidad investigadora mundial facilitando el acceso a sustancias puras y fiables. Nuestro compromiso con la calidad y la satisfacci\u00f3n del cliente es inquebrantable. Por eso puede contar con nosotros.<\/p>\n<p>Para sus pr\u00f3ximos proyectos importantes en los que la precisi\u00f3n y la pureza son cruciales, puede <b>Comprar ahora online<\/b> y conv\u00e9nzase de la calidad de nuestros productos. Conf\u00ede en Chemgramx como su socio para productos qu\u00edmicos de investigaci\u00f3n. Estamos deseando apoyarle y fomentar su progreso cient\u00edfico.<\/p>","protected":false},"excerpt":{"rendered":"<p>Descubra nuestra alta calidad <b>3CL (3-cloro-\u03b1-PVP)<\/b> en estado puro, ideal para fines de investigaci\u00f3n exigentes. Este producto cumple las normas de laboratorio m\u00e1s estrictas y est\u00e1 destinado exclusivamente a aplicaciones cient\u00edficas. <br \/>Encuentre la mejor calidad para apoyar sus experimentos y obtener resultados precisos. Puede <b>Comprar 3CL<\/b> en Chemgramx, donde la pureza y la fiabilidad est\u00e1n garantizadas.<\/p>","protected":false},"featured_media":8056,"comment_status":"open","ping_status":"closed","template":"","meta":{"_joinchat":[]},"product_brand":[],"product_cat":[48],"product_tag":[73,1475,1472,1482,1468,1481,1465,1466,1461,1480,72,1477,1479,1462,1473,1476,1460,1467,1478,1483,1463,1464,1474,1469,1471,1470],"class_list":{"0":"post-7999","1":"product","2":"type-product","3":"status-publish","4":"has-post-thumbnail","6":"product_cat-stimulants","7":"product_tag-3-chlor--pvp-bestellen","8":"product_tag-3cl-bestellen","9":"product_tag-3cl-bulk-bestellung","10":"product_tag-3cl-chemikalie","11":"product_tag-3cl-experimente","12":"product_tag-3cl-forschung","13":"product_tag-3cl-forschung-chemikalie","14":"product_tag-3cl-fur-neurowissenschaftliche-studien","15":"product_tag-3cl-groshandel","16":"product_tag-3cl-gunstig","17":"product_tag-3cl-kaufen","18":"product_tag-3cl-labor","19":"product_tag-3cl-legal","20":"product_tag-3cl-lieferant","21":"product_tag-3cl-marktanalyse","22":"product_tag-3cl-online","23":"product_tag-3cl-online-bestellen","24":"product_tag-3cl-pharmazeutische-forschung","25":"product_tag-3cl-sicher","26":"product_tag-3cl-versand","27":"product_tag-forschung-chemikalien-3cl","28":"product_tag-hochwertige-3cl-kaufen","29":"product_tag-innovative-3cl-forschung","30":"product_tag-laborqualitat-3cl","31":"product_tag-legaler-3cl-anbieter","32":"product_tag-sicherer-3cl-versand","34":"first","35":"instock","36":"shipping-taxable","37":"purchasable","38":"product-type-variable"},"yoast_head":"<!-- This site is optimized with the Yoast SEO plugin v27.5 - https:\/\/yoast.com\/product\/yoast-seo-wordpress\/ -->\n<title>3CL (3-Chlor-\u03b1-PVP) bestellen \u2013 Top Qualit\u00e4t f\u00fcr Forschung<\/title>\n<meta name=\"description\" content=\"Bestellen Sie 3CL (3-Chlor-\u03b1-PVP) von h\u00f6chster Reinheit bei Chemgramx. Ideal f\u00fcr Forschung und Laborstudien. Sicherer Kauf und exzellenter Service. Jetzt 3CL Kaufen!\" \/>\n<meta name=\"robots\" content=\"index, follow, max-snippet:-1, max-image-preview:large, max-video-preview:-1\" \/>\n<link rel=\"canonical\" href=\"https:\/\/chemgramx.com\/es\/producto-1\/3cl-3-cloro-\u03b1-comprar-pvp-online\/\" \/>\n<meta property=\"og:locale\" content=\"es_ES\" \/>\n<meta property=\"og:type\" content=\"article\" \/>\n<meta property=\"og:title\" content=\"3CL (3-Chlor-\u03b1-PVP) bestellen \u2013 Top Qualit\u00e4t f\u00fcr Forschung\" \/>\n<meta property=\"og:description\" content=\"Bestellen Sie 3CL (3-Chlor-\u03b1-PVP) von h\u00f6chster Reinheit bei Chemgramx. Ideal f\u00fcr Forschung und Laborstudien. Sicherer Kauf und exzellenter Service. Jetzt 3CL Kaufen!\" \/>\n<meta property=\"og:url\" content=\"https:\/\/chemgramx.com\/es\/producto-1\/3cl-3-cloro-\u03b1-comprar-pvp-online\/\" \/>\n<meta property=\"og:site_name\" content=\"Chemgramx\" \/>\n<meta property=\"article:modified_time\" content=\"2025-12-09T10:43:18+00:00\" \/>\n<meta property=\"og:image\" content=\"https:\/\/chemgramx.com\/wp-content\/uploads\/2025\/11\/3CL-3-Chlor-\u03b1-PVP-kaufen.jpg\" \/>\n\t<meta property=\"og:image:width\" content=\"297\" \/>\n\t<meta property=\"og:image:height\" content=\"234\" \/>\n\t<meta property=\"og:image:type\" content=\"image\/jpeg\" \/>\n<meta name=\"twitter:card\" content=\"summary_large_image\" \/>\n<meta name=\"twitter:label1\" content=\"Tiempo de lectura\" \/>\n\t<meta name=\"twitter:data1\" content=\"2 minutos\" \/>\n<script type=\"application\/ld+json\" class=\"yoast-schema-graph\">{\"@context\":\"https:\\\/\\\/schema.org\",\"@graph\":[{\"@type\":\"WebPage\",\"@id\":\"https:\\\/\\\/chemgramx.com\\\/product\\\/3cl-3-chlor-%ce%b1-pvp-online-kaufen\\\/\",\"url\":\"https:\\\/\\\/chemgramx.com\\\/product\\\/3cl-3-chlor-%ce%b1-pvp-online-kaufen\\\/\",\"name\":\"3CL (3-Chlor-\u03b1-PVP) bestellen \u2013 Top Qualit\u00e4t f\u00fcr Forschung\",\"isPartOf\":{\"@id\":\"https:\\\/\\\/chemgramx.com\\\/#website\"},\"primaryImageOfPage\":{\"@id\":\"https:\\\/\\\/chemgramx.com\\\/product\\\/3cl-3-chlor-%ce%b1-pvp-online-kaufen\\\/#primaryimage\"},\"image\":{\"@id\":\"https:\\\/\\\/chemgramx.com\\\/product\\\/3cl-3-chlor-%ce%b1-pvp-online-kaufen\\\/#primaryimage\"},\"thumbnailUrl\":\"https:\\\/\\\/chemgramx.com\\\/wp-content\\\/uploads\\\/2025\\\/11\\\/3CL-3-Chlor-\u03b1-PVP-kaufen.jpg\",\"datePublished\":\"2025-11-21T16:44:56+00:00\",\"dateModified\":\"2025-12-09T10:43:18+00:00\",\"description\":\"Bestellen Sie 3CL (3-Chlor-\u03b1-PVP) von h\u00f6chster Reinheit bei Chemgramx. Ideal f\u00fcr Forschung und Laborstudien. Sicherer Kauf und exzellenter Service. Jetzt 3CL Kaufen!\",\"breadcrumb\":{\"@id\":\"https:\\\/\\\/chemgramx.com\\\/product\\\/3cl-3-chlor-%ce%b1-pvp-online-kaufen\\\/#breadcrumb\"},\"inLanguage\":\"es\",\"potentialAction\":[{\"@type\":\"ReadAction\",\"target\":[\"https:\\\/\\\/chemgramx.com\\\/product\\\/3cl-3-chlor-%ce%b1-pvp-online-kaufen\\\/\"]}]},{\"@type\":\"ImageObject\",\"inLanguage\":\"es\",\"@id\":\"https:\\\/\\\/chemgramx.com\\\/product\\\/3cl-3-chlor-%ce%b1-pvp-online-kaufen\\\/#primaryimage\",\"url\":\"https:\\\/\\\/chemgramx.com\\\/wp-content\\\/uploads\\\/2025\\\/11\\\/3CL-3-Chlor-\u03b1-PVP-kaufen.jpg\",\"contentUrl\":\"https:\\\/\\\/chemgramx.com\\\/wp-content\\\/uploads\\\/2025\\\/11\\\/3CL-3-Chlor-\u03b1-PVP-kaufen.jpg\",\"width\":297,\"height\":234},{\"@type\":\"BreadcrumbList\",\"@id\":\"https:\\\/\\\/chemgramx.com\\\/product\\\/3cl-3-chlor-%ce%b1-pvp-online-kaufen\\\/#breadcrumb\",\"itemListElement\":[{\"@type\":\"ListItem\",\"position\":1,\"name\":\"Home\",\"item\":\"https:\\\/\\\/chemgramx.com\\\/\"},{\"@type\":\"ListItem\",\"position\":2,\"name\":\"Shop\",\"item\":\"https:\\\/\\\/chemgramx.com\\\/shop\\\/\"},{\"@type\":\"ListItem\",\"position\":3,\"name\":\"3CL (3-Chlor-\u03b1-PVP) bestellen \u2013 Top Qualit\u00e4t f\u00fcr Forschung\"}]},{\"@type\":\"WebSite\",\"@id\":\"https:\\\/\\\/chemgramx.com\\\/#website\",\"url\":\"https:\\\/\\\/chemgramx.com\\\/\",\"name\":\"Chemgramx\",\"description\":\"\",\"publisher\":{\"@id\":\"https:\\\/\\\/chemgramx.com\\\/#organization\"},\"potentialAction\":[{\"@type\":\"SearchAction\",\"target\":{\"@type\":\"EntryPoint\",\"urlTemplate\":\"https:\\\/\\\/chemgramx.com\\\/?s={search_term_string}\"},\"query-input\":{\"@type\":\"PropertyValueSpecification\",\"valueRequired\":true,\"valueName\":\"search_term_string\"}}],\"inLanguage\":\"es\"},{\"@type\":\"Organization\",\"@id\":\"https:\\\/\\\/chemgramx.com\\\/#organization\",\"name\":\"Chemgramx\",\"url\":\"https:\\\/\\\/chemgramx.com\\\/\",\"logo\":{\"@type\":\"ImageObject\",\"inLanguage\":\"es\",\"@id\":\"https:\\\/\\\/chemgramx.com\\\/#\\\/schema\\\/logo\\\/image\\\/\",\"url\":\"https:\\\/\\\/chemgramx.com\\\/wp-content\\\/uploads\\\/2024\\\/10\\\/final-logo.png\",\"contentUrl\":\"https:\\\/\\\/chemgramx.com\\\/wp-content\\\/uploads\\\/2024\\\/10\\\/final-logo.png\",\"width\":250,\"height\":48,\"caption\":\"Chemgramx\"},\"image\":{\"@id\":\"https:\\\/\\\/chemgramx.com\\\/#\\\/schema\\\/logo\\\/image\\\/\"}}]}<\/script>\n<!-- \/ Yoast SEO plugin. -->","yoast_head_json":{"title":"Pedir 3CL (3-cloro-\u03b1-PVP): m\u00e1xima calidad para la investigaci\u00f3n","description":"Pida 3CL (3-cloro-\u03b1-PVP) de la m\u00e1xima pureza a Chemgramx. Ideal para investigaci\u00f3n y estudios de laboratorio. Compra segura y servicio excelente. \u00a1Compre 3CL ahora!","robots":{"index":"index","follow":"follow","max-snippet":"max-snippet:-1","max-image-preview":"max-image-preview:large","max-video-preview":"max-video-preview:-1"},"canonical":"https:\/\/chemgramx.com\/es\/producto-1\/3cl-3-cloro-\u03b1-comprar-pvp-online\/","og_locale":"es_ES","og_type":"article","og_title":"3CL (3-Chlor-\u03b1-PVP) bestellen \u2013 Top Qualit\u00e4t f\u00fcr Forschung","og_description":"Bestellen Sie 3CL (3-Chlor-\u03b1-PVP) von h\u00f6chster Reinheit bei Chemgramx. Ideal f\u00fcr Forschung und Laborstudien. Sicherer Kauf und exzellenter Service. Jetzt 3CL Kaufen!","og_url":"https:\/\/chemgramx.com\/es\/producto-1\/3cl-3-cloro-\u03b1-comprar-pvp-online\/","og_site_name":"Chemgramx","article_modified_time":"2025-12-09T10:43:18+00:00","og_image":[{"width":297,"height":234,"url":"https:\/\/chemgramx.com\/wp-content\/uploads\/2025\/11\/3CL-3-Chlor-\u03b1-PVP-kaufen.jpg","type":"image\/jpeg"}],"twitter_card":"summary_large_image","twitter_misc":{"Tiempo de lectura":"2 minutos"},"schema":{"@context":"https:\/\/schema.org","@graph":[{"@type":"WebPage","@id":"https:\/\/chemgramx.com\/product\/3cl-3-chlor-%ce%b1-pvp-online-kaufen\/","url":"https:\/\/chemgramx.com\/product\/3cl-3-chlor-%ce%b1-pvp-online-kaufen\/","name":"Pedir 3CL (3-cloro-\u03b1-PVP): m\u00e1xima calidad para la investigaci\u00f3n","isPartOf":{"@id":"https:\/\/chemgramx.com\/#website"},"primaryImageOfPage":{"@id":"https:\/\/chemgramx.com\/product\/3cl-3-chlor-%ce%b1-pvp-online-kaufen\/#primaryimage"},"image":{"@id":"https:\/\/chemgramx.com\/product\/3cl-3-chlor-%ce%b1-pvp-online-kaufen\/#primaryimage"},"thumbnailUrl":"https:\/\/chemgramx.com\/wp-content\/uploads\/2025\/11\/3CL-3-Chlor-\u03b1-PVP-kaufen.jpg","datePublished":"2025-11-21T16:44:56+00:00","dateModified":"2025-12-09T10:43:18+00:00","description":"Pida 3CL (3-cloro-\u03b1-PVP) de la m\u00e1xima pureza a Chemgramx. Ideal para investigaci\u00f3n y estudios de laboratorio. Compra segura y servicio excelente. \u00a1Compre 3CL ahora!","breadcrumb":{"@id":"https:\/\/chemgramx.com\/product\/3cl-3-chlor-%ce%b1-pvp-online-kaufen\/#breadcrumb"},"inLanguage":"es","potentialAction":[{"@type":"ReadAction","target":["https:\/\/chemgramx.com\/product\/3cl-3-chlor-%ce%b1-pvp-online-kaufen\/"]}]},{"@type":"ImageObject","inLanguage":"es","@id":"https:\/\/chemgramx.com\/product\/3cl-3-chlor-%ce%b1-pvp-online-kaufen\/#primaryimage","url":"https:\/\/chemgramx.com\/wp-content\/uploads\/2025\/11\/3CL-3-Chlor-\u03b1-PVP-kaufen.jpg","contentUrl":"https:\/\/chemgramx.com\/wp-content\/uploads\/2025\/11\/3CL-3-Chlor-\u03b1-PVP-kaufen.jpg","width":297,"height":234},{"@type":"BreadcrumbList","@id":"https:\/\/chemgramx.com\/product\/3cl-3-chlor-%ce%b1-pvp-online-kaufen\/#breadcrumb","itemListElement":[{"@type":"ListItem","position":1,"name":"Home","item":"https:\/\/chemgramx.com\/"},{"@type":"ListItem","position":2,"name":"Shop","item":"https:\/\/chemgramx.com\/shop\/"},{"@type":"ListItem","position":3,"name":"3CL (3-Chlor-\u03b1-PVP) bestellen \u2013 Top Qualit\u00e4t f\u00fcr Forschung"}]},{"@type":"WebSite","@id":"https:\/\/chemgramx.com\/#website","url":"https:\/\/chemgramx.com\/","name":"Chemgramx","description":"","publisher":{"@id":"https:\/\/chemgramx.com\/#organization"},"potentialAction":[{"@type":"SearchAction","target":{"@type":"EntryPoint","urlTemplate":"https:\/\/chemgramx.com\/?s={search_term_string}"},"query-input":{"@type":"PropertyValueSpecification","valueRequired":true,"valueName":"search_term_string"}}],"inLanguage":"es"},{"@type":"Organization","@id":"https:\/\/chemgramx.com\/#organization","name":"Chemgramx","url":"https:\/\/chemgramx.com\/","logo":{"@type":"ImageObject","inLanguage":"es","@id":"https:\/\/chemgramx.com\/#\/schema\/logo\/image\/","url":"https:\/\/chemgramx.com\/wp-content\/uploads\/2024\/10\/final-logo.png","contentUrl":"https:\/\/chemgramx.com\/wp-content\/uploads\/2024\/10\/final-logo.png","width":250,"height":48,"caption":"Chemgramx"},"image":{"@id":"https:\/\/chemgramx.com\/#\/schema\/logo\/image\/"}}]}},"_links":{"self":[{"href":"https:\/\/chemgramx.com\/es\/wp-json\/wp\/v2\/product\/7999","targetHints":{"allow":["GET"]}}],"collection":[{"href":"https:\/\/chemgramx.com\/es\/wp-json\/wp\/v2\/product"}],"about":[{"href":"https:\/\/chemgramx.com\/es\/wp-json\/wp\/v2\/types\/product"}],"replies":[{"embeddable":true,"href":"https:\/\/chemgramx.com\/es\/wp-json\/wp\/v2\/comments?post=7999"}],"wp:featuredmedia":[{"embeddable":true,"href":"https:\/\/chemgramx.com\/es\/wp-json\/wp\/v2\/media\/8056"}],"wp:attachment":[{"href":"https:\/\/chemgramx.com\/es\/wp-json\/wp\/v2\/media?parent=7999"}],"wp:term":[{"taxonomy":"product_brand","embeddable":true,"href":"https:\/\/chemgramx.com\/es\/wp-json\/wp\/v2\/product_brand?post=7999"},{"taxonomy":"product_cat","embeddable":true,"href":"https:\/\/chemgramx.com\/es\/wp-json\/wp\/v2\/product_cat?post=7999"},{"taxonomy":"product_tag","embeddable":true,"href":"https:\/\/chemgramx.com\/es\/wp-json\/wp\/v2\/product_tag?post=7999"}],"curies":[{"name":"wp","href":"https:\/\/api.w.org\/{rel}","templated":true}]}}