{"id":8019,"date":"2025-11-21T16:45:56","date_gmt":"2025-11-21T16:45:56","guid":{"rendered":"https:\/\/chemgramx.com\/?post_type=product&#038;p=8019"},"modified":"2025-12-09T10:37:32","modified_gmt":"2025-12-09T10:37:32","slug":"comprar-alpha-php-online","status":"publish","type":"product","link":"https:\/\/chemgramx.com\/es\/product\/alpha-php-online-kaufen\/","title":{"rendered":"Comprar Alpha-PHP: alta pureza y calidad"},"content":{"rendered":"<p>Chemgramx es su proveedor de confianza de productos qu\u00edmicos de investigaci\u00f3n de alta calidad. Hoy, nos complace ofrecerle nuestro Alpha-PHP de primera calidad a la venta. Este producto, tambi\u00e9n conocido como \u03b1-pirrolidinohexanofenona, es una sustancia sint\u00e9tica cada vez m\u00e1s popular en la comunidad cient\u00edfica. Es de la m\u00e1xima pureza y, por lo tanto, ideal para pruebas de laboratorio exigentes y fines anal\u00edticos.<\/p>\n<p>Tambi\u00e9n garantizamos que cada lote de nuestro Alpha-PHP se somete a estrictos controles de calidad. Esto no s\u00f3lo garantiza la integridad de su investigaci\u00f3n, sino tambi\u00e9n la fiabilidad de sus resultados. Si usted <b>Comprar Alpha-PHP<\/b> para avanzar en sus proyectos cient\u00edficos, Chemgramx es el lugar adecuado para usted. Nuestro objetivo es facilitar a los investigadores el acceso a sustancias qu\u00edmicas aut\u00e9nticas y fiables.<\/p>\n<h2>\u00bfQu\u00e9 es Alpha-PHP? Una visi\u00f3n general<\/h2>\n<p>El alfa-PHP es una sustancia sint\u00e9tica de la clase de las catinonas conocida por sus propiedades estimulantes. Es estructuralmente similar a otras pirrolidinofenonas y se utiliza principalmente en investigaci\u00f3n precl\u00ednica y qu\u00edmica anal\u00edtica. En particular, se utiliza para calibrar equipos y como patr\u00f3n de referencia en pruebas toxicol\u00f3gicas.<\/p>\n<p>Tambi\u00e9n es importante destacar que Alpha-PHP est\u00e1 destinado \u00fanicamente a fines de investigaci\u00f3n. No es un producto para consumo humano ni para aplicaciones terap\u00e9uticas. Por lo tanto, en Chemgramx hacemos hincapi\u00e9 en la importancia de proporcionar informaci\u00f3n clara sobre cada uno de nuestros productos qu\u00edmicos.<\/p>\n<h3>Estructura qu\u00edmica y propiedades<\/h3>\n<ul>\n<li><b>Nombre qu\u00edmico:<\/b> \u03b1-Pirrolidinohexanofenona<\/li>\n<li><b>N\u00famero CAS:<\/b> 503410-67-9<\/li>\n<li><b>F\u00f3rmula de la suma:<\/b> C16H23NO<\/li>\n<li><b>Peso molecular:<\/b> 245,36 g\/mol<\/li>\n<\/ul>\n<p>La mol\u00e9cula se caracteriza por un grupo pirrolidina unido al \u00e1tomo de carbono alfa de la cadena de propanona. Adem\u00e1s, suele presentarse en forma de polvo cristalino de color blanco a ligeramente amarillento. Sus propiedades fisicoqu\u00edmicas la convierten en una valiosa herramienta para an\u00e1lisis qu\u00edmicos detallados.<\/p>\n<p>De hecho, estas propiedades espec\u00edficas permiten que Alpha-PHP tenga un rendimiento constante en diversas aplicaciones de laboratorio. Sin embargo, la manipulaci\u00f3n de esta sustancia requiere profundos conocimientos t\u00e9cnicos y pr\u00e1cticas de laboratorio estrictas.<\/p>\n<h3>S\u00edntesis y pureza<\/h3>\n<p>El alfa-PHP se sintetiza en entornos de laboratorio controlados para garantizar una elevada pureza. Adquirimos nuestro alfa-PHP a fabricantes de renombre que utilizan los m\u00e9todos de s\u00edntesis m\u00e1s avanzados. Esto es crucial, ya que las impurezas pueden falsear los resultados de la investigaci\u00f3n.<\/p>\n<p>Por esta raz\u00f3n, cada producto se prueba por lotes para garantizar que las especificaciones de <b>La calidad de la investigaci\u00f3n a la venta<\/b> para cumplir o superar las normas m\u00e1s exigentes. Como resultado, puede estar seguro de recibir un producto que cumple las normas m\u00e1s estrictas. Esto subraya nuestro compromiso con la excelencia cient\u00edfica.<\/p>\n<h2>Aplicaciones y \u00e1reas de investigaci\u00f3n de Alpha-PHP<\/h2>\n<p>La versatilidad de Alpha-PHP lo convierte en una herramienta muy solicitada en diversas disciplinas cient\u00edficas. Su composici\u00f3n qu\u00edmica precisa permite realizar experimentos espec\u00edficos que son esenciales para el desarrollo de nuevos descubrimientos. Por eso s\u00f3lo ofrecemos el <b>el mejor PHP alfa disponible<\/b> para sus investigaciones.<\/p>\n<h3>Posibles fines de investigaci\u00f3n<\/h3>\n<ul>\n<li><b>Qu\u00edmica anal\u00edtica:<\/b> Como patr\u00f3n de referencia para cromatograf\u00eda de gases-espectrometr\u00eda de masas (GC-MS) y cromatograf\u00eda l\u00edquida de alto rendimiento (HPLC).<\/li>\n<li><b>Farmacolog\u00eda:<\/b> Investigaci\u00f3n de sus perfiles farmacol\u00f3gicos en modelos in vitro y ex vivo para evaluar posibles mecanismos de acci\u00f3n.<\/li>\n<li><b>Neurociencias:<\/b> Investigaci\u00f3n sobre la interacci\u00f3n con los sistemas neurotransmisores, en particular los transportadores de dopamina y noradrenalina.<\/li>\n<li><b>Forense:<\/b> Desarrollo y validaci\u00f3n de m\u00e9todos de detecci\u00f3n para toxicolog\u00eda forense y an\u00e1lisis de drogas.<\/li>\n<\/ul>\n<p>Estas aplicaciones requieren una sustancia de calidad excepcional. Por eso, nuestro <b>Alpha-PHP de la m\u00e1xima calidad<\/b> dise\u00f1ados para ofrecer resultados precisos y repetibles. Adem\u00e1s, el conocimiento preciso de la sustancia es esencial para que cualquier investigador cumpla las normas \u00e9ticas y cient\u00edficas.<\/p>\n<h3>Instrucciones importantes de uso<\/h3>\n<p>Alpha-PHP debe utilizarse siempre en condiciones de laboratorio estrictamente controladas. En primer lugar, debe utilizarse un equipo de protecci\u00f3n individual (EPI) adecuado, como guantes, gafas y batas de laboratorio. Adem\u00e1s, es esencial una buena ventilaci\u00f3n del \u00e1rea de trabajo para minimizar la exposici\u00f3n a posibles vapores o part\u00edculas.<\/p>\n<p>Todos los experimentos deben ser realizados por personal cualificado que est\u00e9 familiarizado con los riesgos y las propiedades espec\u00edficas de Alpha-PHP. Por \u00faltimo, todos los residuos y desechos deben eliminarse de acuerdo con la normativa local para evitar la contaminaci\u00f3n del medio ambiente.<\/p>\n<h2>Nuestros est\u00e1ndares de calidad: \u00bfPor qu\u00e9 encargar Alpha-PHP a Chemgramx?<\/h2>\n<p>Chemgramx se compromete a suministrar productos qu\u00edmicos de investigaci\u00f3n que cumplan las normas m\u00e1s estrictas. Esto se refleja en cada aspecto de nuestra oferta de productos, especialmente cuando usted <a href=\"https:\/\/chemgramx.com\/product\/alpha-php-online-kaufen\/\">Pida Alpha-PHP en l\u00ednea<\/a> quiere. Entendemos que la integridad de su investigaci\u00f3n depende de la pureza de los productos qu\u00edmicos que utilice.<\/p>\n<h3>Pureza y autenticidad inigualables<\/h3>\n<p>Garantizamos la <b>Alta pureza a la venta<\/b> de nuestro Alpha-PHP. Cada lote se analiza cuidadosamente para garantizar que est\u00e1 libre de impurezas no deseadas y alcanza la pureza declarada. Como resultado, usted recibe un <b>aut\u00e9ntico Alpha-PHP<\/b>, adecuados para las aplicaciones de investigaci\u00f3n m\u00e1s exigentes. Nuestros productos no solo son de alta calidad, sino tambi\u00e9n trazables.<\/p>\n<p>Adem\u00e1s, nuestros Certificados de An\u00e1lisis (CoA) est\u00e1n disponibles para cada lote, lo que permite una total transparencia de nuestras normas de calidad. Estos documentos detallados demuestran la conformidad con nuestras estrictas especificaciones internas. Por lo tanto, puede investigar con confianza.<\/p>\n<h3>Controles de calidad exhaustivos<\/h3>\n<p>La garant\u00eda de calidad en Chemgramx es un proceso de varias etapas. Comienza con la selecci\u00f3n de proveedores fiables. A continuaci\u00f3n, todos los productos se someten a pruebas internas de laboratorio, como GC-MS, NMR y HPLC. Esto garantiza que nuestros <b>Se vende Alfa-PHP en calidad de laboratorio<\/b> cumple o supera las normas del sector.<\/p>\n<p>De este modo, podr\u00e1 obtener resultados coherentes y fiables en sus experimentos. Porque s\u00f3lo un producto caracterizado con precisi\u00f3n puede constituir la base de hallazgos cient\u00edficos significativos. Visite tambi\u00e9n nuestra gama de <a href=\"https:\/\/chemgramx.com\/product\/braunes-heroinpulver\/\">otros productos qu\u00edmicos para investigaci\u00f3n<\/a>, para descubrir nuestro amplio espectro.<\/p>\n<h2>Seguridad y manejo de Alpha-PHP<\/h2>\n<p>La manipulaci\u00f3n responsable de Alpha-PHP es de suma importancia para garantizar la seguridad en el laboratorio y mantener la integridad del producto. Por lo tanto, nos gustar\u00eda proporcionarle algunas directrices y recomendaciones importantes para una manipulaci\u00f3n y almacenamiento seguros.<\/p>\n<h3>Directrices para una manipulaci\u00f3n segura<\/h3>\n<p>Antes de manipular Alpha-PHP, los investigadores siempre deben leer atentamente y comprender la Ficha de Datos de Seguridad (FDS). Este documento contiene informaci\u00f3n importante sobre peligros potenciales, medidas de primeros auxilios y procedimientos de manipulaci\u00f3n segura. Adem\u00e1s, un equipo de laboratorio adecuado, como una campana extractora, es esencial para controlar la exposici\u00f3n a la sustancia.<\/p>\n<p>Adem\u00e1s, todas las superficies que puedan entrar en contacto con Alpha-PHP deben ser f\u00e1ciles de descontaminar. Una vez finalizado el trabajo, es obligatorio limpiar a fondo la zona de trabajo y el equipo utilizado. Esto minimiza el riesgo de contaminaci\u00f3n cruzada y garantiza un entorno de trabajo seguro.<\/p>\n<h3>Recomendaciones de almacenamiento<\/h3>\n<p>Para garantizar la estabilidad y pureza de Alpha-PHP durante un per\u00edodo de tiempo m\u00e1s prolongado, es fundamental un almacenamiento correcto. Recomendamos almacenar el producto en un lugar fresco, seco y bien ventilado, alejado de la luz solar directa y de fuentes de calor. El envase debe estar siempre bien cerrado para evitar el contacto con la humedad y el aire.<\/p>\n<p>Tambi\u00e9n es aconsejable almacenar Alpha-PHP separado de otros productos qu\u00edmicos, especialmente de agentes oxidantes fuertes o \u00e1cidos. Un almacenamiento seguro no s\u00f3lo protege la calidad del producto, sino tambi\u00e9n la seguridad del laboratorio. Por lo tanto, todas las \u00e1reas de almacenamiento deben estar claramente etiquetadas y s\u00f3lo debe acceder a ellas el personal autorizado.<\/p>\n<h2>Aspectos jur\u00eddicos y responsabilidad del investigador<\/h2>\n<p>La legislaci\u00f3n relativa a los productos qu\u00edmicos de investigaci\u00f3n como Alpha-PHP puede variar significativamente seg\u00fan el pa\u00eds y la jurisdicci\u00f3n. Inicialmente, es responsabilidad exclusiva del comprador averiguar y cumplir las leyes y normativas locales relativas a la adquisici\u00f3n, posesi\u00f3n y uso de esta sustancia. Chemgramx no asume ninguna responsabilidad por el incumplimiento de las leyes aplicables.<\/p>\n<p>Adem\u00e1s, se\u00f1alamos expresamente que nuestro Alpha-PHP s\u00f3lo se vende a personas que tengan un inter\u00e9s leg\u00edtimo en la investigaci\u00f3n cient\u00edfica y cuyo uso cumpla los requisitos legales. Le rogamos que realice sus pedidos de forma responsable y que se asegure de que su uso es legal y \u00e9tico.<\/p>\n<p>El conocimiento del marco jur\u00eddico es esencial para todo investigador. Por ello, es nuestra obligaci\u00f3n crear transparencia y concienciar a nuestros clientes de sus responsabilidades. Si trabaja para Chemgramx <b>Comprar Alpha-PHP<\/b>, confirma que conoce y cumple estas condiciones.<\/p>\n<h2>Conclusi\u00f3n y pr\u00f3xima iniciativa de investigaci\u00f3n<\/h2>\n<p>En resumen, Chemgramx es la fuente ideal de alfa-PHP de alta calidad desarrollado espec\u00edficamente para fines de investigaci\u00f3n. No s\u00f3lo le ofrecemos un producto de <b>de la m\u00e1xima pureza a la venta<\/b>, sino tambi\u00e9n la certeza de que su investigaci\u00f3n se basa en unos cimientos s\u00f3lidos. Nuestros estrictos controles de calidad y nuestro compromiso con la integridad cient\u00edfica son la base de nuestra oferta.<\/p>\n<p>Por eso le invitamos, <b>Pida Alpha-PHP en l\u00ednea<\/b> y experimente la calidad que caracteriza a Chemgramx. Con nuestro enfoque transparente y centrado en la satisfacci\u00f3n del cliente, garantizamos una <b>adquisici\u00f3n segura<\/b>. Comience hoy mismo sus pr\u00f3ximos experimentos revolucionarios con los productos de Chemgramx, su socio de confianza en investigaci\u00f3n. El mejor Alpha-PHP para sus proyectos le est\u00e1 esperando.<\/p>","protected":false},"excerpt":{"rendered":"<p>Descubra nuestro <b>Alpha-PHP de la m\u00e1xima calidad investigadora<\/b>, ideal para an\u00e1lisis precisos de laboratorio y experimentos cient\u00edficos. Esta \u03b1-pirrolidinohexanofenona pura est\u00e1 sometida a un estricto control de calidad y ofrece fiabilidad para su investigaci\u00f3n. El producto est\u00e1 destinado exclusivamente a fines de estudio.<\/p>\n<ul>\n<li>La \u03b1-pirrolidinohexanofenona m\u00e1s pura<\/li>\n<li>Ideal para la investigaci\u00f3n anal\u00edtica y precl\u00ednica<\/li>\n<li>Calidad garantizada y fiabilidad<\/li>\n<\/ul>\n<p><b>Comprar Alpha-PHP<\/b> hoy en Chemgramx - su socio para aut\u00e9nticos productos qu\u00edmicos de investigaci\u00f3n.<\/p>","protected":false},"featured_media":8067,"comment_status":"open","ping_status":"closed","template":"","meta":{"_joinchat":[]},"product_brand":[],"product_cat":[48],"product_tag":[2793,2797,2789,2794,2798,2795,2790,2791,2792,2796],"class_list":{"0":"post-8019","1":"product","2":"type-product","3":"status-publish","4":"has-post-thumbnail","6":"product_cat-stimulants","7":"product_tag-alpha-php-chemikalien","8":"product_tag-alpha-php-drogen","9":"product_tag-alpha-php-kaufen","10":"product_tag-alpha-php-kaufen-deutschland","11":"product_tag-alpha-php-kaufen-online","12":"product_tag-alpha-php-kaufen-shop","13":"product_tag-alpha-php-kristalle","14":"product_tag-alpha-php-online-kaufen","15":"product_tag-alpha-php-preis","16":"product_tag-alpha-php-prodej","18":"first","19":"instock","20":"shipping-taxable","21":"purchasable","22":"product-type-variable"},"yoast_head":"<!-- This site is optimized with the Yoast SEO plugin v27.5 - https:\/\/yoast.com\/product\/yoast-seo-wordpress\/ -->\n<title>Alpha-PHP Kaufen - Hohe Reinheit &amp; Qualit\u00e4t<\/title>\n<meta name=\"description\" content=\"Entdecken Sie Alpha-PHP in h\u00f6chster Forschungsqualit\u00e4t. Jetzt online Alpha-PHP kaufen f\u00fcr Ihre Laborzwecke bei Chemgramx. Sicherer Kauf garantiert.\" \/>\n<meta name=\"robots\" content=\"index, follow, max-snippet:-1, max-image-preview:large, max-video-preview:-1\" \/>\n<link rel=\"canonical\" href=\"https:\/\/chemgramx.com\/es\/producto-1\/comprar-alpha-php-online\/\" \/>\n<meta property=\"og:locale\" content=\"es_ES\" \/>\n<meta property=\"og:type\" content=\"article\" \/>\n<meta property=\"og:title\" content=\"Alpha-PHP Kaufen - Hohe Reinheit &amp; Qualit\u00e4t\" \/>\n<meta property=\"og:description\" content=\"Entdecken Sie Alpha-PHP in h\u00f6chster Forschungsqualit\u00e4t. Jetzt online Alpha-PHP kaufen f\u00fcr Ihre Laborzwecke bei Chemgramx. Sicherer Kauf garantiert.\" \/>\n<meta property=\"og:url\" content=\"https:\/\/chemgramx.com\/es\/producto-1\/comprar-alpha-php-online\/\" \/>\n<meta property=\"og:site_name\" content=\"Chemgramx\" \/>\n<meta property=\"article:modified_time\" content=\"2025-12-09T10:37:32+00:00\" \/>\n<meta property=\"og:image\" content=\"https:\/\/chemgramx.com\/wp-content\/uploads\/2025\/11\/Alpha-PHP-kaufen.webp\" \/>\n\t<meta property=\"og:image:width\" content=\"500\" \/>\n\t<meta property=\"og:image:height\" content=\"378\" \/>\n\t<meta property=\"og:image:type\" content=\"image\/webp\" \/>\n<meta name=\"twitter:card\" content=\"summary_large_image\" \/>\n<meta name=\"twitter:label1\" content=\"Tiempo de lectura\" \/>\n\t<meta name=\"twitter:data1\" content=\"2 minutos\" \/>\n<script type=\"application\/ld+json\" class=\"yoast-schema-graph\">{\"@context\":\"https:\\\/\\\/schema.org\",\"@graph\":[{\"@type\":\"WebPage\",\"@id\":\"https:\\\/\\\/chemgramx.com\\\/product\\\/alpha-php-online-kaufen\\\/\",\"url\":\"https:\\\/\\\/chemgramx.com\\\/product\\\/alpha-php-online-kaufen\\\/\",\"name\":\"Alpha-PHP Kaufen - Hohe Reinheit & Qualit\u00e4t\",\"isPartOf\":{\"@id\":\"https:\\\/\\\/chemgramx.com\\\/#website\"},\"primaryImageOfPage\":{\"@id\":\"https:\\\/\\\/chemgramx.com\\\/product\\\/alpha-php-online-kaufen\\\/#primaryimage\"},\"image\":{\"@id\":\"https:\\\/\\\/chemgramx.com\\\/product\\\/alpha-php-online-kaufen\\\/#primaryimage\"},\"thumbnailUrl\":\"https:\\\/\\\/chemgramx.com\\\/wp-content\\\/uploads\\\/2025\\\/11\\\/Alpha-PHP-kaufen.webp\",\"datePublished\":\"2025-11-21T16:45:56+00:00\",\"dateModified\":\"2025-12-09T10:37:32+00:00\",\"description\":\"Entdecken Sie Alpha-PHP in h\u00f6chster Forschungsqualit\u00e4t. Jetzt online Alpha-PHP kaufen f\u00fcr Ihre Laborzwecke bei Chemgramx. Sicherer Kauf garantiert.\",\"breadcrumb\":{\"@id\":\"https:\\\/\\\/chemgramx.com\\\/product\\\/alpha-php-online-kaufen\\\/#breadcrumb\"},\"inLanguage\":\"es\",\"potentialAction\":[{\"@type\":\"ReadAction\",\"target\":[\"https:\\\/\\\/chemgramx.com\\\/product\\\/alpha-php-online-kaufen\\\/\"]}]},{\"@type\":\"ImageObject\",\"inLanguage\":\"es\",\"@id\":\"https:\\\/\\\/chemgramx.com\\\/product\\\/alpha-php-online-kaufen\\\/#primaryimage\",\"url\":\"https:\\\/\\\/chemgramx.com\\\/wp-content\\\/uploads\\\/2025\\\/11\\\/Alpha-PHP-kaufen.webp\",\"contentUrl\":\"https:\\\/\\\/chemgramx.com\\\/wp-content\\\/uploads\\\/2025\\\/11\\\/Alpha-PHP-kaufen.webp\",\"width\":500,\"height\":378},{\"@type\":\"BreadcrumbList\",\"@id\":\"https:\\\/\\\/chemgramx.com\\\/product\\\/alpha-php-online-kaufen\\\/#breadcrumb\",\"itemListElement\":[{\"@type\":\"ListItem\",\"position\":1,\"name\":\"Home\",\"item\":\"https:\\\/\\\/chemgramx.com\\\/\"},{\"@type\":\"ListItem\",\"position\":2,\"name\":\"Shop\",\"item\":\"https:\\\/\\\/chemgramx.com\\\/shop\\\/\"},{\"@type\":\"ListItem\",\"position\":3,\"name\":\"Alpha-PHP Kaufen &#8211; Hohe Reinheit &amp; Qualit\u00e4t\"}]},{\"@type\":\"WebSite\",\"@id\":\"https:\\\/\\\/chemgramx.com\\\/#website\",\"url\":\"https:\\\/\\\/chemgramx.com\\\/\",\"name\":\"Chemgramx\",\"description\":\"\",\"publisher\":{\"@id\":\"https:\\\/\\\/chemgramx.com\\\/#organization\"},\"potentialAction\":[{\"@type\":\"SearchAction\",\"target\":{\"@type\":\"EntryPoint\",\"urlTemplate\":\"https:\\\/\\\/chemgramx.com\\\/?s={search_term_string}\"},\"query-input\":{\"@type\":\"PropertyValueSpecification\",\"valueRequired\":true,\"valueName\":\"search_term_string\"}}],\"inLanguage\":\"es\"},{\"@type\":\"Organization\",\"@id\":\"https:\\\/\\\/chemgramx.com\\\/#organization\",\"name\":\"Chemgramx\",\"url\":\"https:\\\/\\\/chemgramx.com\\\/\",\"logo\":{\"@type\":\"ImageObject\",\"inLanguage\":\"es\",\"@id\":\"https:\\\/\\\/chemgramx.com\\\/#\\\/schema\\\/logo\\\/image\\\/\",\"url\":\"https:\\\/\\\/chemgramx.com\\\/wp-content\\\/uploads\\\/2024\\\/10\\\/final-logo.png\",\"contentUrl\":\"https:\\\/\\\/chemgramx.com\\\/wp-content\\\/uploads\\\/2024\\\/10\\\/final-logo.png\",\"width\":250,\"height\":48,\"caption\":\"Chemgramx\"},\"image\":{\"@id\":\"https:\\\/\\\/chemgramx.com\\\/#\\\/schema\\\/logo\\\/image\\\/\"}}]}<\/script>\n<!-- \/ Yoast SEO plugin. -->","yoast_head_json":{"title":"Comprar Alpha-PHP: alta pureza y calidad","description":"Descubra Alpha-PHP con la m\u00e1xima calidad para investigaci\u00f3n. Compre Alpha-PHP en l\u00ednea ahora para sus fines de laboratorio en Chemgramx - compra segura garantizada.","robots":{"index":"index","follow":"follow","max-snippet":"max-snippet:-1","max-image-preview":"max-image-preview:large","max-video-preview":"max-video-preview:-1"},"canonical":"https:\/\/chemgramx.com\/es\/producto-1\/comprar-alpha-php-online\/","og_locale":"es_ES","og_type":"article","og_title":"Alpha-PHP Kaufen - Hohe Reinheit & Qualit\u00e4t","og_description":"Entdecken Sie Alpha-PHP in h\u00f6chster Forschungsqualit\u00e4t. Jetzt online Alpha-PHP kaufen f\u00fcr Ihre Laborzwecke bei Chemgramx. Sicherer Kauf garantiert.","og_url":"https:\/\/chemgramx.com\/es\/producto-1\/comprar-alpha-php-online\/","og_site_name":"Chemgramx","article_modified_time":"2025-12-09T10:37:32+00:00","og_image":[{"width":500,"height":378,"url":"https:\/\/chemgramx.com\/wp-content\/uploads\/2025\/11\/Alpha-PHP-kaufen.webp","type":"image\/webp"}],"twitter_card":"summary_large_image","twitter_misc":{"Tiempo de lectura":"2 minutos"},"schema":{"@context":"https:\/\/schema.org","@graph":[{"@type":"WebPage","@id":"https:\/\/chemgramx.com\/product\/alpha-php-online-kaufen\/","url":"https:\/\/chemgramx.com\/product\/alpha-php-online-kaufen\/","name":"Comprar Alpha-PHP: alta pureza y calidad","isPartOf":{"@id":"https:\/\/chemgramx.com\/#website"},"primaryImageOfPage":{"@id":"https:\/\/chemgramx.com\/product\/alpha-php-online-kaufen\/#primaryimage"},"image":{"@id":"https:\/\/chemgramx.com\/product\/alpha-php-online-kaufen\/#primaryimage"},"thumbnailUrl":"https:\/\/chemgramx.com\/wp-content\/uploads\/2025\/11\/Alpha-PHP-kaufen.webp","datePublished":"2025-11-21T16:45:56+00:00","dateModified":"2025-12-09T10:37:32+00:00","description":"Descubra Alpha-PHP con la m\u00e1xima calidad para investigaci\u00f3n. Compre Alpha-PHP en l\u00ednea ahora para sus fines de laboratorio en Chemgramx - compra segura garantizada.","breadcrumb":{"@id":"https:\/\/chemgramx.com\/product\/alpha-php-online-kaufen\/#breadcrumb"},"inLanguage":"es","potentialAction":[{"@type":"ReadAction","target":["https:\/\/chemgramx.com\/product\/alpha-php-online-kaufen\/"]}]},{"@type":"ImageObject","inLanguage":"es","@id":"https:\/\/chemgramx.com\/product\/alpha-php-online-kaufen\/#primaryimage","url":"https:\/\/chemgramx.com\/wp-content\/uploads\/2025\/11\/Alpha-PHP-kaufen.webp","contentUrl":"https:\/\/chemgramx.com\/wp-content\/uploads\/2025\/11\/Alpha-PHP-kaufen.webp","width":500,"height":378},{"@type":"BreadcrumbList","@id":"https:\/\/chemgramx.com\/product\/alpha-php-online-kaufen\/#breadcrumb","itemListElement":[{"@type":"ListItem","position":1,"name":"Home","item":"https:\/\/chemgramx.com\/"},{"@type":"ListItem","position":2,"name":"Shop","item":"https:\/\/chemgramx.com\/shop\/"},{"@type":"ListItem","position":3,"name":"Alpha-PHP Kaufen &#8211; Hohe Reinheit &amp; Qualit\u00e4t"}]},{"@type":"WebSite","@id":"https:\/\/chemgramx.com\/#website","url":"https:\/\/chemgramx.com\/","name":"Chemgramx","description":"","publisher":{"@id":"https:\/\/chemgramx.com\/#organization"},"potentialAction":[{"@type":"SearchAction","target":{"@type":"EntryPoint","urlTemplate":"https:\/\/chemgramx.com\/?s={search_term_string}"},"query-input":{"@type":"PropertyValueSpecification","valueRequired":true,"valueName":"search_term_string"}}],"inLanguage":"es"},{"@type":"Organization","@id":"https:\/\/chemgramx.com\/#organization","name":"Chemgramx","url":"https:\/\/chemgramx.com\/","logo":{"@type":"ImageObject","inLanguage":"es","@id":"https:\/\/chemgramx.com\/#\/schema\/logo\/image\/","url":"https:\/\/chemgramx.com\/wp-content\/uploads\/2024\/10\/final-logo.png","contentUrl":"https:\/\/chemgramx.com\/wp-content\/uploads\/2024\/10\/final-logo.png","width":250,"height":48,"caption":"Chemgramx"},"image":{"@id":"https:\/\/chemgramx.com\/#\/schema\/logo\/image\/"}}]}},"_links":{"self":[{"href":"https:\/\/chemgramx.com\/es\/wp-json\/wp\/v2\/product\/8019","targetHints":{"allow":["GET"]}}],"collection":[{"href":"https:\/\/chemgramx.com\/es\/wp-json\/wp\/v2\/product"}],"about":[{"href":"https:\/\/chemgramx.com\/es\/wp-json\/wp\/v2\/types\/product"}],"replies":[{"embeddable":true,"href":"https:\/\/chemgramx.com\/es\/wp-json\/wp\/v2\/comments?post=8019"}],"wp:featuredmedia":[{"embeddable":true,"href":"https:\/\/chemgramx.com\/es\/wp-json\/wp\/v2\/media\/8067"}],"wp:attachment":[{"href":"https:\/\/chemgramx.com\/es\/wp-json\/wp\/v2\/media?parent=8019"}],"wp:term":[{"taxonomy":"product_brand","embeddable":true,"href":"https:\/\/chemgramx.com\/es\/wp-json\/wp\/v2\/product_brand?post=8019"},{"taxonomy":"product_cat","embeddable":true,"href":"https:\/\/chemgramx.com\/es\/wp-json\/wp\/v2\/product_cat?post=8019"},{"taxonomy":"product_tag","embeddable":true,"href":"https:\/\/chemgramx.com\/es\/wp-json\/wp\/v2\/product_tag?post=8019"}],"curies":[{"name":"wp","href":"https:\/\/api.w.org\/{rel}","templated":true}]}}