{"id":8024,"date":"2025-11-21T16:45:57","date_gmt":"2025-11-21T16:45:57","guid":{"rendered":"https:\/\/chemgramx.com\/?post_type=product&#038;p=8024"},"modified":"2025-12-09T10:34:28","modified_gmt":"2025-12-09T10:34:28","slug":"4-comprar-fluorococaina-online","status":"publish","type":"product","link":"https:\/\/chemgramx.com\/es\/product\/4-fluorococaine-online-kaufen\/","title":{"rendered":"Comprar 4-fluorococa\u00edna \u2013 Alta pureza"},"content":{"rendered":"<p>Bienvenido a Chemgramx, su principal proveedor de productos qu\u00edmicos de alta calidad para investigaci\u00f3n. Si usted <b>4-fluorococa\u00edna a la venta<\/b> busca, est\u00e1 en el lugar adecuado. Este producto es conocido por su <b>Alta pureza a la venta<\/b> y se ofrece exclusivamente para fines de investigaci\u00f3n y laboratorio. Adem\u00e1s, garantizamos que se trata de <b>La calidad de la investigaci\u00f3n a la venta<\/b> que cumple con los est\u00e1ndares cient\u00edficos m\u00e1s exigentes.<\/p>\n<p>Adem\u00e1s, le ofrecemos la posibilidad de, <a href=\"https:\/\/chemgramx.com\/product\/4-fluorococaine-online-kaufen\/\"><b>Comprar 4-fluorococa\u00edna online<\/b><\/a>, para apoyar de manera \u00f3ptima sus proyectos de investigaci\u00f3n. Entendemos el papel fundamental que desempe\u00f1an la precisi\u00f3n y la fiabilidad en el trabajo cient\u00edfico. Por eso, todos los productos que ofrecemos, incluidos nuestros <b>aut\u00e9ntica 4-fluorococa\u00edna<\/b>, cuidadosamente revisado y probado para garantizar su pureza.<\/p>\n<h2>La importancia de la 4-fluorococa\u00edna en la investigaci\u00f3n<\/h2>\n<p>La 4-fluorococa\u00edna es un compuesto qu\u00edmico sint\u00e9tico estructuralmente relacionado con la coca\u00edna, pero que tiene un grupo fluoro en el anillo benc\u00e9nico. Esta modificaci\u00f3n puede tener efectos significativos en sus propiedades farmacol\u00f3gicas. Por lo tanto, es una herramienta valiosa para los cient\u00edficos que desean investigar las relaciones estructura-efecto de los inhibidores de la recaptaci\u00f3n de dopamina (DRI).<\/p>\n<p>En particular, la 4-fluorococa\u00edna se utiliza a menudo como est\u00e1ndar anal\u00edtico o material de referencia en toxicolog\u00eda forense e investigaci\u00f3n farmacol\u00f3gica. Esto permite realizar comparaciones precisas y desarrollar nuevos m\u00e9todos de detecci\u00f3n. Adem\u00e1s, el estudio de su interacci\u00f3n con los sistemas neurotransmisores es de gran inter\u00e9s para comprender mejor las posibles aplicaciones terap\u00e9uticas o los perfiles de riesgo.<\/p>\n<p>Nos aseguramos de que nuestra 4-fluorococa\u00edna cumpla con los <b>M\u00e1xima pureza a la venta<\/b> lo cual es imprescindible para obtener resultados de investigaci\u00f3n precisos y reproducibles. Por lo tanto, es la opci\u00f3n ideal para aplicaciones de laboratorio exigentes.<\/p>\n<h3>Propiedades qu\u00edmicas y especificaciones<\/h3>\n<p>El conocimiento preciso de las propiedades qu\u00edmicas es fundamental para cualquier aplicaci\u00f3n de investigaci\u00f3n. Nuestra 4-fluorococa\u00edna se suministra con especificaciones detalladas que confirman su identidad y pureza. Adem\u00e1s, su estructura molecular se verifica mediante t\u00e9cnicas anal\u00edticas de \u00faltima generaci\u00f3n, como RMN y espectrometr\u00eda de masas.<\/p>\n<p>Igualmente importante es garantizar una calidad constante en cada lote. Damos gran importancia a los estrictos controles de calidad para garantizar que cada lote cumpla con nuestros altos est\u00e1ndares. De este modo, usted siempre obtendr\u00e1 un producto adecuado para las configuraciones experimentales m\u00e1s exigentes.<\/p>\n<p>Nuestro objetivo es ofrecerle el <b>La mejor 4-fluorococa\u00edna disponible<\/b> que supere sus expectativas en cuanto a calidad y fiabilidad. Entendemos que en el \u00e1mbito cient\u00edfico no se pueden hacer concesiones en cuanto a la calidad del producto. Por ello, todo nuestro proceso de producci\u00f3n est\u00e1 dise\u00f1ado para ofrecer la m\u00e1xima precisi\u00f3n.<\/p>\n<h2>Aplicaciones y \u00e1reas de investigaci\u00f3n<\/h2>\n<p>La versatilidad de la 4-fluorococa\u00edna la convierte en una herramienta muy solicitada en diversas disciplinas cient\u00edficas. Se utiliza principalmente en el estudio de los sistemas neurotransmisores y sus moduladores. De hecho, los cient\u00edficos pueden utilizarla para investigar en detalle los mecanismos de recaptaci\u00f3n de la dopamina y el efecto de las fluoraciones en estos procesos.<\/p>\n<p>Otro campo de aplicaci\u00f3n importante es el desarrollo y la validaci\u00f3n de m\u00e9todos anal\u00edticos. Por ejemplo, sirve como patr\u00f3n de referencia en la cromatograf\u00eda de gases-espectrometr\u00eda de masas (GC-MS) y la cromatograf\u00eda l\u00edquida de alta resoluci\u00f3n (HPLC) para el an\u00e1lisis cualitativo y cuantitativo de compuestos similares. Adem\u00e1s, es indispensable para la calibraci\u00f3n de equipos y el control de calidad en laboratorios forenses.<\/p>\n<p>Adem\u00e1s, la 4-fluorococa\u00edna puede utilizarse en estudios precl\u00ednicos para evaluar posibles principios activos terap\u00e9uticos o para investigar su toxicolog\u00eda. No obstante, en estos casos debe preservarse siempre el car\u00e1cter investigador y respetarse estrictamente las directrices \u00e9ticas. Nuestra <a href=\"https:\/\/chemgramx.com\/product\/kaufen-sie-afghanisches-heroin\/\">Productos qu\u00edmicos de investigaci\u00f3n<\/a> est\u00e1n destinados exclusivamente a este tipo de investigaci\u00f3n, no al consumo humano.<\/p>\n<h3>Por qu\u00e9 <b>4-fluorococa\u00edna de m\u00e1xima calidad<\/b> \u00bfPor qu\u00e9 elegir Chemgramx?<\/h3>\n<p>En Chemgramx nos comprometemos a utilizar exclusivamente <b>4-fluorococa\u00edna de m\u00e1xima calidad<\/b> . Cada producto se somete a estrictos controles de pureza. Adem\u00e1s, recibir\u00e1 un certificado de an\u00e1lisis detallado que acredita las especificaciones y la pureza de nuestros productos. Creemos en la transparencia absoluta, para que tenga plena certeza sobre la sustancia que est\u00e1 adquiriendo.<\/p>\n<table>\n<thead>\n<tr>\n<th>caracter\u00edstica<\/th>\n<th>ventaja<\/th>\n<\/tr>\n<\/thead>\n<tbody>\n<tr>\n<td><b>Alta pureza<\/b><\/td>\n<td>Resultados precisos y reproducibles para su investigaci\u00f3n<\/td>\n<\/tr>\n<tr>\n<td><b>Calidad de la investigaci\u00f3n<\/b><\/td>\n<td>Cumple con los m\u00e1s altos est\u00e1ndares de laboratorio y requisitos experimentales.<\/td>\n<\/tr>\n<tr>\n<td><b>Compra segura<\/b><\/td>\n<td>Tratamiento confidencial y protecci\u00f3n de sus datos<\/td>\n<\/tr>\n<\/tbody>\n<\/table>\n<p>Nuestra 4-fluorococa\u00edna es de <b>Calidad de laboratorio a la venta<\/b>, especialmente dise\u00f1ado para aplicaciones cient\u00edficas. Esto significa que cumple con los m\u00e1s altos est\u00e1ndares de pureza y consistencia requeridos en entornos de investigaci\u00f3n exigentes. Adem\u00e1s, garantiza la reproducibilidad de sus experimentos y protege contra contaminaciones indeseadas que podr\u00edan falsear los resultados.<\/p>\n<p>La adquisici\u00f3n de productos qu\u00edmicos para investigaci\u00f3n requiere confianza. Por este motivo, damos mucha importancia a un <a href=\"https:\/\/chemgramx.com\/product\/4-fluorococaine-online-kaufen\/\"><b>compra segura<\/b><\/a> y un procesamiento discreto de su pedido. Asimismo, su sustancia se tratar\u00e1 con el m\u00e1ximo cuidado para garantizar su integridad hasta el lugar de uso. Puede <b>Comprar 4-fluorococa\u00edna online<\/b> con la certeza de que su transacci\u00f3n est\u00e1 protegida.<\/p>\n<h2>Nuestro compromiso con la calidad y la satisfacci\u00f3n del cliente<\/h2>\n<p>En Chemgramx, la calidad de nuestros productos y la satisfacci\u00f3n de nuestros clientes son nuestra m\u00e1xima prioridad. Por eso invertimos continuamente en equipos de laboratorio de \u00faltima generaci\u00f3n y personal cualificado para garantizar la pureza y autenticidad de cada compuesto. Adem\u00e1s, sometemos nuestros procesos a auditor\u00edas internas y externas peri\u00f3dicas para garantizar los m\u00e1s altos est\u00e1ndares.<\/p>\n<p>Sabemos que el acceso a materiales de investigaci\u00f3n fiables es fundamental para el progreso de la ciencia. Por este motivo, le ofrecemos la posibilidad de, <b>4-fluorococa\u00edna aut\u00e9ntica<\/b> con total confianza. Nuestro equipo de qu\u00edmicos y expertos en log\u00edstica trabaja codo con codo para satisfacer con precisi\u00f3n sus necesidades.<\/p>\n<h3>Uso responsable e instrucciones de seguridad<\/h3>\n<p>El manejo de productos qu\u00edmicos de investigaci\u00f3n como la 4-fluorococa\u00edna requiere siempre un alto grado de responsabilidad y el cumplimiento de estrictas medidas de seguridad. En particular, recomendamos el uso de equipo de protecci\u00f3n personal (EPP) adecuado, como guantes, gafas de seguridad y bata de laboratorio. Adem\u00e1s, el trabajo debe realizarse en una zona bien ventilada o bajo una campana extractora para minimizar la exposici\u00f3n.<\/p>\n<p>Queremos destacar que nuestros productos est\u00e1n destinados exclusivamente a fines de investigaci\u00f3n y no al consumo humano ni a aplicaciones terap\u00e9uticas. Por lo tanto, queda terminantemente prohibido el uso indebido de nuestras sustancias y rechazamos cualquier responsabilidad por un uso inadecuado. Inf\u00f3rmese siempre sobre las leyes y normativas vigentes en su regi\u00f3n.<\/p>\n<h2>As\u00ed puede hacerlo <b>Comprar 4-fluorococa\u00edna online<\/b> en Chemgramx<\/h2>\n<p>El proceso para <b>Comprar 4-fluorococa\u00edna online<\/b>, se ha dise\u00f1ado deliberadamente para que sea sencillo y f\u00e1cil de usar en Chemgramx. En primer lugar, explore nuestra amplia gama de productos y a\u00f1ada los art\u00edculos que desee a su cesta de la compra. A continuaci\u00f3n, siga las instrucciones para completar su compra de forma segura.<\/p>\n<p>Le ofrecemos un m\u00e9todo seguro y discreto para satisfacer sus necesidades de productos qu\u00edmicos para investigaci\u00f3n. Puede estar seguro de que sus datos estar\u00e1n protegidos y de que su <b>Compra segura<\/b> se procesar\u00e1 con la m\u00e1xima confidencialidad. Al fin y al cabo, con Chemgramx tiene a su lado a un socio fiable que se dedica a proporcionar materiales de investigaci\u00f3n de primera clase.<\/p>\n<p>Descubra hoy mismo nuestra oferta y compruebe por s\u00ed mismo la calidad de nuestros productos. <b>Comprar ahora online<\/b> y lleve su investigaci\u00f3n al siguiente nivel. Adquiera <b>4-fluorococa\u00edna aut\u00e9ntica<\/b> de un proveedor de confianza \u2013 <b>Compre en Chemgramx<\/b>.<\/p>\n<p>En resumen, se puede decir que nuestro <b>4-fluorococa\u00edna a la venta<\/b> la elecci\u00f3n ideal para cient\u00edficos e investigadores que exigen los m\u00e1s altos est\u00e1ndares de pureza, calidad y fiabilidad. Asimismo, nos comprometemos a ofrecerle el <b>La mejor 4-fluorococa\u00edna disponible<\/b> con el respaldo de un servicio excelente y estrictos controles de calidad.<\/p>\n<p>Le invitamos a compartir su investigaci\u00f3n con nuestros <b>productos qu\u00edmicos de investigaci\u00f3n de alta calidad<\/b> Por lo tanto, no lo dude y, <b>Comprar ahora online<\/b> y beneficiarse de nuestra experiencia. Su \u00e9xito es nuestro objetivo, y estamos orgullosos de acompa\u00f1arle en su trayectoria cient\u00edfica.<\/p>","protected":false},"excerpt":{"rendered":"<p>Descubra <b>4-Fluorococa\u00edna<\/b> en <b>de la m\u00e1xima pureza a la venta<\/b> en Chemgramx. Este producto de <b>La calidad de la investigaci\u00f3n a la venta<\/b> Es ideal para estudios anal\u00edticos y farmacol\u00f3gicos exigentes. <b>Compre 4-fluorococa\u00edna en l\u00ednea<\/b> y seguro <b>aut\u00e9ntica calidad de laboratorio<\/b> para sus proyectos cient\u00edficos. Compre en Chemgramx para obtener excelentes resultados.<\/p>","protected":false},"featured_media":8079,"comment_status":"open","ping_status":"closed","template":"","meta":{"_joinchat":[]},"product_brand":[],"product_cat":[48],"product_tag":[1511,1527,1524,1534,1520,1533,1517,1518,1513,1510,1529,1531,1514,1525,1528,1512,1519,1530,1535,1532,1515,1516,1526,1521,1523,1522],"class_list":{"0":"post-8024","1":"product","2":"type-product","3":"status-publish","4":"has-post-thumbnail","6":"product_cat-stimulants","7":"product_tag-4-fluorococain-bestellen","8":"product_tag-4-fluorococaine-bestellen","9":"product_tag-4-fluorococaine-bulk-bestellung","10":"product_tag-4-fluorococaine-chemikalie","11":"product_tag-4-fluorococaine-experimente","12":"product_tag-4-fluorococaine-forschung","13":"product_tag-4-fluorococaine-forschung-chemikalie","14":"product_tag-4-fluorococaine-fur-neurowissenschaftliche-studien","15":"product_tag-4-fluorococaine-groshandel","16":"product_tag-4-fluorococaine-kaufen","17":"product_tag-4-fluorococaine-labor","18":"product_tag-4-fluorococaine-legal","19":"product_tag-4-fluorococaine-lieferant","20":"product_tag-4-fluorococaine-marktanalyse","21":"product_tag-4-fluorococaine-online","22":"product_tag-4-fluorococaine-online-bestellen","23":"product_tag-4-fluorococaine-pharmazeutische-forschung","24":"product_tag-4-fluorococaine-sicher","25":"product_tag-4-fluorococaine-versand","26":"product_tag-4fluorococaine-gunstig","27":"product_tag-forschung-chemikalien-4-fluorococaine","28":"product_tag-hochwertige-4-fluorococaine-kaufen","29":"product_tag-innovative-4-fluorococaine-forschung","30":"product_tag-laborqualitat-4-fluorococaine","31":"product_tag-legaler-4-fluorococaine-anbieter","32":"product_tag-sicherer-4-fluorococaine-versand","34":"first","35":"instock","36":"shipping-taxable","37":"purchasable","38":"product-type-variable"},"yoast_head":"<!-- This site is optimized with the Yoast SEO plugin v27.5 - https:\/\/yoast.com\/product\/yoast-seo-wordpress\/ -->\n<title>4-Fluorococaine kaufen \u2013 Hohe Reinheit<\/title>\n<meta name=\"description\" content=\"Entdecken Sie hochwertiges 4-Fluorococaine f\u00fcr Forschungszwecke. Sichern Sie sich authentische Laborqualit\u00e4t und bestellen Sie jetzt online bei Chemgramx.\" \/>\n<meta name=\"robots\" content=\"index, follow, max-snippet:-1, max-image-preview:large, max-video-preview:-1\" \/>\n<link rel=\"canonical\" href=\"https:\/\/chemgramx.com\/es\/producto-1\/4-comprar-fluorococaina-online\/\" \/>\n<meta property=\"og:locale\" content=\"es_ES\" \/>\n<meta property=\"og:type\" content=\"article\" \/>\n<meta property=\"og:title\" content=\"4-Fluorococaine kaufen \u2013 Hohe Reinheit\" \/>\n<meta property=\"og:description\" content=\"Entdecken Sie hochwertiges 4-Fluorococaine f\u00fcr Forschungszwecke. Sichern Sie sich authentische Laborqualit\u00e4t und bestellen Sie jetzt online bei Chemgramx.\" \/>\n<meta property=\"og:url\" content=\"https:\/\/chemgramx.com\/es\/producto-1\/4-comprar-fluorococaina-online\/\" \/>\n<meta property=\"og:site_name\" content=\"Chemgramx\" \/>\n<meta property=\"article:modified_time\" content=\"2025-12-09T10:34:28+00:00\" \/>\n<meta property=\"og:image\" content=\"https:\/\/chemgramx.com\/wp-content\/uploads\/2025\/11\/4-Fluorococaine-kaufen.jpg\" \/>\n\t<meta property=\"og:image:width\" content=\"750\" \/>\n\t<meta property=\"og:image:height\" content=\"500\" \/>\n\t<meta property=\"og:image:type\" content=\"image\/jpeg\" \/>\n<meta name=\"twitter:card\" content=\"summary_large_image\" \/>\n<meta name=\"twitter:label1\" content=\"Tiempo de lectura\" \/>\n\t<meta name=\"twitter:data1\" content=\"2 minutos\" \/>\n<script type=\"application\/ld+json\" class=\"yoast-schema-graph\">{\"@context\":\"https:\\\/\\\/schema.org\",\"@graph\":[{\"@type\":\"WebPage\",\"@id\":\"https:\\\/\\\/chemgramx.com\\\/product\\\/4-fluorococaine-online-kaufen\\\/\",\"url\":\"https:\\\/\\\/chemgramx.com\\\/product\\\/4-fluorococaine-online-kaufen\\\/\",\"name\":\"4-Fluorococaine kaufen \u2013 Hohe Reinheit\",\"isPartOf\":{\"@id\":\"https:\\\/\\\/chemgramx.com\\\/#website\"},\"primaryImageOfPage\":{\"@id\":\"https:\\\/\\\/chemgramx.com\\\/product\\\/4-fluorococaine-online-kaufen\\\/#primaryimage\"},\"image\":{\"@id\":\"https:\\\/\\\/chemgramx.com\\\/product\\\/4-fluorococaine-online-kaufen\\\/#primaryimage\"},\"thumbnailUrl\":\"https:\\\/\\\/chemgramx.com\\\/wp-content\\\/uploads\\\/2025\\\/11\\\/4-Fluorococaine-kaufen.jpg\",\"datePublished\":\"2025-11-21T16:45:57+00:00\",\"dateModified\":\"2025-12-09T10:34:28+00:00\",\"description\":\"Entdecken Sie hochwertiges 4-Fluorococaine f\u00fcr Forschungszwecke. Sichern Sie sich authentische Laborqualit\u00e4t und bestellen Sie jetzt online bei Chemgramx.\",\"breadcrumb\":{\"@id\":\"https:\\\/\\\/chemgramx.com\\\/product\\\/4-fluorococaine-online-kaufen\\\/#breadcrumb\"},\"inLanguage\":\"es\",\"potentialAction\":[{\"@type\":\"ReadAction\",\"target\":[\"https:\\\/\\\/chemgramx.com\\\/product\\\/4-fluorococaine-online-kaufen\\\/\"]}]},{\"@type\":\"ImageObject\",\"inLanguage\":\"es\",\"@id\":\"https:\\\/\\\/chemgramx.com\\\/product\\\/4-fluorococaine-online-kaufen\\\/#primaryimage\",\"url\":\"https:\\\/\\\/chemgramx.com\\\/wp-content\\\/uploads\\\/2025\\\/11\\\/4-Fluorococaine-kaufen.jpg\",\"contentUrl\":\"https:\\\/\\\/chemgramx.com\\\/wp-content\\\/uploads\\\/2025\\\/11\\\/4-Fluorococaine-kaufen.jpg\",\"width\":750,\"height\":500},{\"@type\":\"BreadcrumbList\",\"@id\":\"https:\\\/\\\/chemgramx.com\\\/product\\\/4-fluorococaine-online-kaufen\\\/#breadcrumb\",\"itemListElement\":[{\"@type\":\"ListItem\",\"position\":1,\"name\":\"Home\",\"item\":\"https:\\\/\\\/chemgramx.com\\\/\"},{\"@type\":\"ListItem\",\"position\":2,\"name\":\"Shop\",\"item\":\"https:\\\/\\\/chemgramx.com\\\/shop\\\/\"},{\"@type\":\"ListItem\",\"position\":3,\"name\":\"4-Fluorococaine kaufen \u2013 Hohe Reinheit\"}]},{\"@type\":\"WebSite\",\"@id\":\"https:\\\/\\\/chemgramx.com\\\/#website\",\"url\":\"https:\\\/\\\/chemgramx.com\\\/\",\"name\":\"Chemgramx\",\"description\":\"\",\"publisher\":{\"@id\":\"https:\\\/\\\/chemgramx.com\\\/#organization\"},\"potentialAction\":[{\"@type\":\"SearchAction\",\"target\":{\"@type\":\"EntryPoint\",\"urlTemplate\":\"https:\\\/\\\/chemgramx.com\\\/?s={search_term_string}\"},\"query-input\":{\"@type\":\"PropertyValueSpecification\",\"valueRequired\":true,\"valueName\":\"search_term_string\"}}],\"inLanguage\":\"es\"},{\"@type\":\"Organization\",\"@id\":\"https:\\\/\\\/chemgramx.com\\\/#organization\",\"name\":\"Chemgramx\",\"url\":\"https:\\\/\\\/chemgramx.com\\\/\",\"logo\":{\"@type\":\"ImageObject\",\"inLanguage\":\"es\",\"@id\":\"https:\\\/\\\/chemgramx.com\\\/#\\\/schema\\\/logo\\\/image\\\/\",\"url\":\"https:\\\/\\\/chemgramx.com\\\/wp-content\\\/uploads\\\/2024\\\/10\\\/final-logo.png\",\"contentUrl\":\"https:\\\/\\\/chemgramx.com\\\/wp-content\\\/uploads\\\/2024\\\/10\\\/final-logo.png\",\"width\":250,\"height\":48,\"caption\":\"Chemgramx\"},\"image\":{\"@id\":\"https:\\\/\\\/chemgramx.com\\\/#\\\/schema\\\/logo\\\/image\\\/\"}}]}<\/script>\n<!-- \/ Yoast SEO plugin. -->","yoast_head_json":{"title":"Comprar 4-fluorococa\u00edna \u2013 Alta pureza","description":"Descubra la 4-fluorococa\u00edna de alta calidad para fines de investigaci\u00f3n. Aseg\u00farese una calidad de laboratorio aut\u00e9ntica y haga su pedido online ahora en Chemgramx.","robots":{"index":"index","follow":"follow","max-snippet":"max-snippet:-1","max-image-preview":"max-image-preview:large","max-video-preview":"max-video-preview:-1"},"canonical":"https:\/\/chemgramx.com\/es\/producto-1\/4-comprar-fluorococaina-online\/","og_locale":"es_ES","og_type":"article","og_title":"4-Fluorococaine kaufen \u2013 Hohe Reinheit","og_description":"Entdecken Sie hochwertiges 4-Fluorococaine f\u00fcr Forschungszwecke. Sichern Sie sich authentische Laborqualit\u00e4t und bestellen Sie jetzt online bei Chemgramx.","og_url":"https:\/\/chemgramx.com\/es\/producto-1\/4-comprar-fluorococaina-online\/","og_site_name":"Chemgramx","article_modified_time":"2025-12-09T10:34:28+00:00","og_image":[{"width":750,"height":500,"url":"https:\/\/chemgramx.com\/wp-content\/uploads\/2025\/11\/4-Fluorococaine-kaufen.jpg","type":"image\/jpeg"}],"twitter_card":"summary_large_image","twitter_misc":{"Tiempo de lectura":"2 minutos"},"schema":{"@context":"https:\/\/schema.org","@graph":[{"@type":"WebPage","@id":"https:\/\/chemgramx.com\/product\/4-fluorococaine-online-kaufen\/","url":"https:\/\/chemgramx.com\/product\/4-fluorococaine-online-kaufen\/","name":"Comprar 4-fluorococa\u00edna \u2013 Alta pureza","isPartOf":{"@id":"https:\/\/chemgramx.com\/#website"},"primaryImageOfPage":{"@id":"https:\/\/chemgramx.com\/product\/4-fluorococaine-online-kaufen\/#primaryimage"},"image":{"@id":"https:\/\/chemgramx.com\/product\/4-fluorococaine-online-kaufen\/#primaryimage"},"thumbnailUrl":"https:\/\/chemgramx.com\/wp-content\/uploads\/2025\/11\/4-Fluorococaine-kaufen.jpg","datePublished":"2025-11-21T16:45:57+00:00","dateModified":"2025-12-09T10:34:28+00:00","description":"Descubra la 4-fluorococa\u00edna de alta calidad para fines de investigaci\u00f3n. Aseg\u00farese una calidad de laboratorio aut\u00e9ntica y haga su pedido online ahora en Chemgramx.","breadcrumb":{"@id":"https:\/\/chemgramx.com\/product\/4-fluorococaine-online-kaufen\/#breadcrumb"},"inLanguage":"es","potentialAction":[{"@type":"ReadAction","target":["https:\/\/chemgramx.com\/product\/4-fluorococaine-online-kaufen\/"]}]},{"@type":"ImageObject","inLanguage":"es","@id":"https:\/\/chemgramx.com\/product\/4-fluorococaine-online-kaufen\/#primaryimage","url":"https:\/\/chemgramx.com\/wp-content\/uploads\/2025\/11\/4-Fluorococaine-kaufen.jpg","contentUrl":"https:\/\/chemgramx.com\/wp-content\/uploads\/2025\/11\/4-Fluorococaine-kaufen.jpg","width":750,"height":500},{"@type":"BreadcrumbList","@id":"https:\/\/chemgramx.com\/product\/4-fluorococaine-online-kaufen\/#breadcrumb","itemListElement":[{"@type":"ListItem","position":1,"name":"Home","item":"https:\/\/chemgramx.com\/"},{"@type":"ListItem","position":2,"name":"Shop","item":"https:\/\/chemgramx.com\/shop\/"},{"@type":"ListItem","position":3,"name":"4-Fluorococaine kaufen \u2013 Hohe Reinheit"}]},{"@type":"WebSite","@id":"https:\/\/chemgramx.com\/#website","url":"https:\/\/chemgramx.com\/","name":"Chemgramx","description":"","publisher":{"@id":"https:\/\/chemgramx.com\/#organization"},"potentialAction":[{"@type":"SearchAction","target":{"@type":"EntryPoint","urlTemplate":"https:\/\/chemgramx.com\/?s={search_term_string}"},"query-input":{"@type":"PropertyValueSpecification","valueRequired":true,"valueName":"search_term_string"}}],"inLanguage":"es"},{"@type":"Organization","@id":"https:\/\/chemgramx.com\/#organization","name":"Chemgramx","url":"https:\/\/chemgramx.com\/","logo":{"@type":"ImageObject","inLanguage":"es","@id":"https:\/\/chemgramx.com\/#\/schema\/logo\/image\/","url":"https:\/\/chemgramx.com\/wp-content\/uploads\/2024\/10\/final-logo.png","contentUrl":"https:\/\/chemgramx.com\/wp-content\/uploads\/2024\/10\/final-logo.png","width":250,"height":48,"caption":"Chemgramx"},"image":{"@id":"https:\/\/chemgramx.com\/#\/schema\/logo\/image\/"}}]}},"_links":{"self":[{"href":"https:\/\/chemgramx.com\/es\/wp-json\/wp\/v2\/product\/8024","targetHints":{"allow":["GET"]}}],"collection":[{"href":"https:\/\/chemgramx.com\/es\/wp-json\/wp\/v2\/product"}],"about":[{"href":"https:\/\/chemgramx.com\/es\/wp-json\/wp\/v2\/types\/product"}],"replies":[{"embeddable":true,"href":"https:\/\/chemgramx.com\/es\/wp-json\/wp\/v2\/comments?post=8024"}],"wp:featuredmedia":[{"embeddable":true,"href":"https:\/\/chemgramx.com\/es\/wp-json\/wp\/v2\/media\/8079"}],"wp:attachment":[{"href":"https:\/\/chemgramx.com\/es\/wp-json\/wp\/v2\/media?parent=8024"}],"wp:term":[{"taxonomy":"product_brand","embeddable":true,"href":"https:\/\/chemgramx.com\/es\/wp-json\/wp\/v2\/product_brand?post=8024"},{"taxonomy":"product_cat","embeddable":true,"href":"https:\/\/chemgramx.com\/es\/wp-json\/wp\/v2\/product_cat?post=8024"},{"taxonomy":"product_tag","embeddable":true,"href":"https:\/\/chemgramx.com\/es\/wp-json\/wp\/v2\/product_tag?post=8024"}],"curies":[{"name":"wp","href":"https:\/\/api.w.org\/{rel}","templated":true}]}}