{"id":8035,"date":"2025-11-21T16:46:32","date_gmt":"2025-11-21T16:46:32","guid":{"rendered":"https:\/\/chemgramx.com\/?post_type=product&#038;p=8035"},"modified":"2025-12-09T10:26:36","modified_gmt":"2025-12-09T10:26:36","slug":"4f-mph-4-fluorometilfenidato-comprar-online","status":"publish","type":"product","link":"https:\/\/chemgramx.com\/es\/product\/4f-mph-4-fluoromethylphenidat-online-kaufen\/","title":{"rendered":"Comprar 4F-MPH: investigaci\u00f3n y calidad superior"},"content":{"rendered":"<p>Bienvenido a Chemgramx, su proveedor de confianza de productos qu\u00edmicos de alta calidad para investigaci\u00f3n. Buscar <b>Comprar 4F-MPH (4-fluorometilfenidato) a la venta<\/b>, est\u00e1 en el lugar adecuado. Ofrecemos este derivado del fenidato con una pureza que cumple con los m\u00e1s altos est\u00e1ndares cient\u00edficos. Nuestro objetivo: proporcionar a los investigadores acceso a sustancias aut\u00e9nticas para realizar experimentos precisos. Por eso garantizamos que cada producto de <b>M\u00e1xima calidad 4F-MPH<\/b> y est\u00e1 sujeto a estrictos controles de calidad.<\/p>\n<h2>\u00bfQu\u00e9 es el 4F-MPH? Resumen qu\u00edmico<\/h2>\n<p><b>4F-MPH<\/b> Es un estimulante sint\u00e9tico de la clase fenidato y un derivado fluorado del metilfenidato. Su estructura, con un grupo fluorometilo en el anillo fenilo, influye considerablemente en sus propiedades farmacol\u00f3gicas. Por lo tanto, se utiliza a menudo para estudiar los an\u00e1logos del metilfenidato y sus efectos sobre el sistema nervioso central. Act\u00faa principalmente como inhibidor de la recaptaci\u00f3n de dopamina y noradrenalina. De hecho, la investigaci\u00f3n sobre el 4F-MPH es fundamental para comprender mejor los mecanismos de acci\u00f3n de los estimulantes. Aqu\u00ed puede obtener m\u00e1s informaci\u00f3n sobre las propiedades del <a href=\"https:\/\/chemgramx.com\/product\/4f-mph-4-fluoromethylphenidat-online-kaufen\/\">4F-MPH (4-fluorometilfenidato)<\/a> experimentar.<\/p>\n<h3>Estructura qu\u00edmica y propiedades<\/h3>\n<ul>\n<li><b>F\u00f3rmula qu\u00edmica:<\/b> C<sub>14<\/sub>H<sub>18<\/sub>FNO<sub>2<\/sub><\/li>\n<li><b>Peso molecular:<\/b> 251,3 g\/mol<\/li>\n<li><b>Estructura:<\/b> Derivado de fenidato sustituido con fluorometilo<\/li>\n<li><b>Clasificaci\u00f3n:<\/b> Estimulante, an\u00e1logo del fenidato.<\/li>\n<\/ul>\n<p>Estas propiedades convierten al 4F-MPH en una herramienta valiosa para la investigaci\u00f3n b\u00e1sica. En consecuencia, permite a los cient\u00edficos investigar con mayor precisi\u00f3n los mecanismos de neurotransmisi\u00f3n. Solo ofrecemos <b>Aut\u00e9ntico 4F-MPH<\/b> cuya identidad y pureza han sido analizadas exhaustivamente.<\/p>\n<h2>S\u00edntesis y producci\u00f3n de 4F-MPH<\/h2>\n<p>La s\u00edntesis de <b>4F-MPH<\/b> es un proceso complejo y preciso. Comienza con la introducci\u00f3n del grupo fluorometilo en mol\u00e9culas precursoras, seguido de pasos de purificaci\u00f3n y cristalizaci\u00f3n. Igualmente importante es el cumplimiento de los m\u00e1s altos est\u00e1ndares durante la producci\u00f3n. En Chemgramx, la fabricaci\u00f3n se lleva a cabo en condiciones estrictamente controladas para evitar la contaminaci\u00f3n. Esto garantiza que los investigadores siempre <b>4F-MPH de alta pureza a la venta<\/b> adecuado para estudios delicados. Por lo tanto, nuestros proveedores trabajan siempre seg\u00fan los \u00faltimos est\u00e1ndares industriales.<\/p>\n<h2>Aplicaci\u00f3n y potencial de investigaci\u00f3n del 4F-MPH<\/h2>\n<p><b>4F-MPH<\/b> Est\u00e1 destinado exclusivamente a fines de investigaci\u00f3n, no al consumo humano. Su principal aplicaci\u00f3n es en laboratorios para el estudio de propiedades farmacol\u00f3gicas y efectos en sistemas biol\u00f3gicos. En particular, sirve como est\u00e1ndar de referencia en:<\/p>\n<ul>\n<li>Estudios neurobiol\u00f3gicos sobre la recaptaci\u00f3n de dopamina y noradrenalina<\/li>\n<li>Investigaci\u00f3n sobre comportamientos inducidos por estimulantes<\/li>\n<li>Desarrollo de m\u00e9todos anal\u00edticos para toxicolog\u00eda forense<\/li>\n<\/ul>\n<p>Adem\u00e1s, la naturaleza precisa de <b>Clase de investigaci\u00f3n 4F-MPH en venta<\/b> Resultados reproducibles. Esto es fundamental para la validaci\u00f3n de los hallazgos cient\u00edficos. Adem\u00e1s, apoyamos a la comunidad investigadora con los mejores materiales.<\/p>\n<h2>Instrucciones de seguridad y manipulaci\u00f3n<\/h2>\n<p>El manejo de productos qu\u00edmicos de investigaci\u00f3n como <b>4F-MPH<\/b> requiere extrema precauci\u00f3n. Por lo tanto, es imprescindible utilizar equipo de protecci\u00f3n individual (EPI) y trabajar en \u00e1reas bien ventiladas. Adem\u00e1s, se debe <b>4F-MPH<\/b> almacenarse en un lugar fresco, seco y oscuro, alejado de la luz, la humedad y el calor. La eliminaci\u00f3n debe realizarse de acuerdo con la normativa local. En resumen, una manipulaci\u00f3n segura es fundamental para su investigaci\u00f3n y su seguridad. Se recomienda obtener informaci\u00f3n completa antes de su uso.<\/p>\n<h2>Est\u00e1ndares de calidad y pureza en Chemgramx<\/h2>\n<p>Chemgramx concede gran importancia a la calidad y pureza de los productos. Cada lote de <b>4F-MPH<\/b> Se analiza exhaustivamente para garantizar el grado de pureza declarado. Utilizamos HPLC y GC-MS para confirmar la identidad qu\u00edmica y la ausencia de impurezas. Por lo tanto, solo recibir\u00e1 <b>Calidad de laboratorio 4F-MPH a la venta<\/b>, que cumple con los requisitos m\u00e1s exigentes. Por eso, muchos investigadores deciden, <a href=\"https:\/\/chemgramx.com\/product\/4f-mph-4-fluoromethylphenidat-online-kaufen\/\">4F-MPH en Chemgramx<\/a> adquirir. Los certificados de an\u00e1lisis (CoA) est\u00e1n disponibles bajo petici\u00f3n. De este modo, los investigadores obtienen el <b>El mejor 4F-MPH disponible<\/b>.<\/p>\n<h2>\u00bfPor qu\u00e9 comprar 4F-MPH en Chemgramx?<\/h2>\n<p>Elegir Chemgramx significa elegir un socio comprometido con la integridad cient\u00edfica y la satisfacci\u00f3n del cliente. Nos distingue nuestro compromiso con la excelencia en la calidad de los productos y la transparencia en los procesos. Estas son las razones por las que debe elegirnos: <b>Pedir 4F-MPH online<\/b> deber\u00edan:<\/p>\n<ul>\n<li><b>Pureza garantizada:<\/b> Cada producto se somete a rigurosas pruebas (m\u00edn. 98%).<\/li>\n<li><b>Apoyo cient\u00edfico:<\/b> Nuestro equipo de expertos est\u00e1 a su disposici\u00f3n para responder a cualquier pregunta que pueda tener.<\/li>\n<li><b>Fiabilidad:<\/b> Calidad y disponibilidad constantes del producto.<\/li>\n<li><b>Compra segura:<\/b> Las transacciones se tratan con el m\u00e1ximo cuidado.<\/li>\n<\/ul>\n<p>Por eso, es un honor para nosotros apoyar a la comunidad cient\u00edfica. \u00bfLe gustar\u00eda <b>Pedir 4F-MPH online<\/b>, ofrecemos una sencilla y <b>Compra segura<\/b>. Adem\u00e1s, garantizamos un procesamiento discreto y cuidadoso de cada pedido. Puede <b>4F-MPH en Chemgramx<\/b> adquirir, ya que, como proveedor l\u00edder, nos basamos en la confianza y la calidad. <b>Pida 4F-MPH en l\u00ednea<\/b> y experimente la diferencia.<\/p>\n<h2>Preguntas frecuentes (FAQ) sobre 4F-MPH<\/h2>\n<h3>\u00bfEs legal el 4F-MPH?<\/h3>\n<p>La legalidad de los productos qu\u00edmicos para investigaci\u00f3n, tales como <b>4F-MPH<\/b> var\u00eda considerablemente seg\u00fan el pa\u00eds. Es responsabilidad del comprador consultar la legislaci\u00f3n local antes de realizar el pedido. Recomendamos obtener informaci\u00f3n exhaustiva y asesoramiento legal. Chemgramx cumple con todas las leyes; sin embargo, la responsabilidad final recae en el investigador.<\/p>\n<h3>\u00bfQu\u00e9 pureza tiene el 4F-MPH de Chemgramx?<\/h3>\n<p>Nos comprometemos a, <b>4F-MPH<\/b> con una pureza m\u00ednima de 98%. Cada lote se verifica mediante pruebas de laboratorio independientes. De este modo, siempre obtendr\u00e1 un producto de la m\u00e1xima pureza. Adem\u00e1s, ofrecemos certificados de an\u00e1lisis (CoA) bajo petici\u00f3n.<\/p>\n<h3>\u00bfC\u00f3mo se debe almacenar 4F-MPH?<\/h3>\n<p>Para una estabilidad \u00f3ptima, es imprescindible un almacenamiento adecuado. Debe almacenarse en un lugar herm\u00e9tico, fresco, seco y oscuro, alejado de la luz, la humedad y el calor. Esto evita la degradaci\u00f3n de la mol\u00e9cula y preserva su integridad. Adem\u00e1s, debe almacenarse fuera del alcance de personas no autorizadas.<\/p>\n<h3>\u00bfExisten alternativas al 4F-MPH?<\/h3>\n<p>S\u00ed, existen diferentes productos qu\u00edmicos para investigaci\u00f3n con distintos perfiles. Busque alternativas a <b>4F-MPH<\/b>, podr\u00eda <a href=\"https:\/\/chemgramx.com\/product\/6-mapb-online-kaufen\/\">6-MAPB<\/a> una opci\u00f3n, dependiendo del enfoque de la investigaci\u00f3n. Compruebe cuidadosamente las propiedades y efectos para cumplir con los requisitos. Ofrecemos una amplia gama de <b>Clase de investigaci\u00f3n en venta<\/b> a.<\/p>\n<h3>\u00bfChemgramx ofrece asesoramiento?<\/h3>\n<p>Por supuesto. Nuestro equipo de expertos estar\u00e1 encantado de ayudarle con su asesoramiento profesional. Si tiene alguna pregunta sobre productos, aplicaciones o protocolos de seguridad, p\u00f3ngase en contacto con nosotros. Nos esforzamos por apoyar a la comunidad investigadora y por transmitir los conocimientos necesarios para una investigaci\u00f3n exitosa y segura. Por lo tanto, puede confiar en nuestra experiencia.<\/p>\n<h2>Conclusi\u00f3n y su pr\u00f3ximo pedido de investigaci\u00f3n<\/h2>\n<p>En resumen, Chemgramx es su socio ideal para la adquisici\u00f3n de <b>4F-MPH (4-fluorometilfenidato)<\/b>. Ofrecemos productos de la m\u00e1xima pureza y calidad, indispensables para estudios exigentes. Nuestra gesti\u00f3n de calidad y nuestro enfoque en la satisfacci\u00f3n del cliente garantizan su investigaci\u00f3n. Busque <b>M\u00e1xima calidad 4F-MPH<\/b>? Chemgramx es la elecci\u00f3n correcta. Por eso le animamos a continuar con su investigaci\u00f3n con confianza. Descubra nuestra gama de productos y <b>Pida 4F-MPH en l\u00ednea<\/b> A\u00fan hoy. Con Chemgramx, usted elige fiabilidad y servicio profesional. Aseg\u00farese su <b>Clase de investigaci\u00f3n 4F-MPH en venta<\/b>.<\/p>","protected":false},"excerpt":{"rendered":"<p>Descubra <b>4F-MPH (4-fluorometilfenidato)<\/b> de Chemgramx: un producto qu\u00edmico de investigaci\u00f3n de alta pureza de la clase fenidato. Ideal para estudios cient\u00edficos que requieren resultados precisos. Como inhibidor de la recaptaci\u00f3n de dopamina y noradrenalina, es una herramienta valiosa en neurobiolog\u00eda.<br \/><b>Comprar 4F-MPH<\/b> Ahora para sus proyectos de laboratorio <b>en Chemgramx<\/b> y benef\u00edciese de nuestra pureza y calidad garantizadas.<\/p>","protected":false},"featured_media":8087,"comment_status":"open","ping_status":"closed","template":"","meta":{"_joinchat":[]},"product_brand":[],"product_cat":[48],"product_tag":[2722,2724,2726,2717,2725,2723,2718,2719,2721,2720],"class_list":{"0":"post-8035","1":"product","2":"type-product","3":"status-publish","4":"has-post-thumbnail","6":"product_cat-stimulants","7":"product_tag-4-fluoromethylphenidat","8":"product_tag-4f-mph-chemikalien","9":"product_tag-4f-mph-drogen","10":"product_tag-4f-mph-kaufen","11":"product_tag-4f-mph-kaufen-deutschland","12":"product_tag-4f-mph-kaufen-online","13":"product_tag-4f-mph-kristalle","14":"product_tag-4f-mph-online-kaufen","15":"product_tag-4f-mph-preis","16":"product_tag-4f-mph-prodej","18":"first","19":"instock","20":"shipping-taxable","21":"purchasable","22":"product-type-variable"},"yoast_head":"<!-- This site is optimized with the Yoast SEO plugin v27.5 - https:\/\/yoast.com\/product\/yoast-seo-wordpress\/ -->\n<title>4F-MPH kaufen \u2013 Forschung &amp; Premium Qualit\u00e4t<\/title>\n<meta name=\"description\" content=\"Entdecken Sie hochwertiges 4F-MPH (4-Fluoromethylphenidat) in Laborqualit\u00e4t bei Chemgramx. Bestellen Sie jetzt reines 4F-MPH f\u00fcr Ihre wissenschaftlichen Projekte.\" \/>\n<meta name=\"robots\" content=\"index, follow, max-snippet:-1, max-image-preview:large, max-video-preview:-1\" \/>\n<link rel=\"canonical\" href=\"https:\/\/chemgramx.com\/es\/producto-1\/4f-mph-4-fluorometilfenidato-comprar-online\/\" \/>\n<meta property=\"og:locale\" content=\"es_ES\" \/>\n<meta property=\"og:type\" content=\"article\" \/>\n<meta property=\"og:title\" content=\"4F-MPH kaufen \u2013 Forschung &amp; Premium Qualit\u00e4t\" \/>\n<meta property=\"og:description\" content=\"Entdecken Sie hochwertiges 4F-MPH (4-Fluoromethylphenidat) in Laborqualit\u00e4t bei Chemgramx. Bestellen Sie jetzt reines 4F-MPH f\u00fcr Ihre wissenschaftlichen Projekte.\" \/>\n<meta property=\"og:url\" content=\"https:\/\/chemgramx.com\/es\/producto-1\/4f-mph-4-fluorometilfenidato-comprar-online\/\" \/>\n<meta property=\"og:site_name\" content=\"Chemgramx\" \/>\n<meta property=\"article:modified_time\" content=\"2025-12-09T10:26:36+00:00\" \/>\n<meta property=\"og:image\" content=\"https:\/\/chemgramx.com\/wp-content\/uploads\/2025\/11\/4F-MPH-kaufen-2.jpg\" \/>\n\t<meta property=\"og:image:width\" content=\"474\" \/>\n\t<meta property=\"og:image:height\" content=\"464\" \/>\n\t<meta property=\"og:image:type\" content=\"image\/jpeg\" \/>\n<meta name=\"twitter:card\" content=\"summary_large_image\" \/>\n<meta name=\"twitter:label1\" content=\"Tiempo de lectura\" \/>\n\t<meta name=\"twitter:data1\" content=\"2 minutos\" \/>\n<script type=\"application\/ld+json\" class=\"yoast-schema-graph\">{\"@context\":\"https:\\\/\\\/schema.org\",\"@graph\":[{\"@type\":\"WebPage\",\"@id\":\"https:\\\/\\\/chemgramx.com\\\/product\\\/4f-mph-4-fluoromethylphenidat-online-kaufen\\\/\",\"url\":\"https:\\\/\\\/chemgramx.com\\\/product\\\/4f-mph-4-fluoromethylphenidat-online-kaufen\\\/\",\"name\":\"4F-MPH kaufen \u2013 Forschung & Premium Qualit\u00e4t\",\"isPartOf\":{\"@id\":\"https:\\\/\\\/chemgramx.com\\\/#website\"},\"primaryImageOfPage\":{\"@id\":\"https:\\\/\\\/chemgramx.com\\\/product\\\/4f-mph-4-fluoromethylphenidat-online-kaufen\\\/#primaryimage\"},\"image\":{\"@id\":\"https:\\\/\\\/chemgramx.com\\\/product\\\/4f-mph-4-fluoromethylphenidat-online-kaufen\\\/#primaryimage\"},\"thumbnailUrl\":\"https:\\\/\\\/chemgramx.com\\\/wp-content\\\/uploads\\\/2025\\\/11\\\/4F-MPH-kaufen-2.jpg\",\"datePublished\":\"2025-11-21T16:46:32+00:00\",\"dateModified\":\"2025-12-09T10:26:36+00:00\",\"description\":\"Entdecken Sie hochwertiges 4F-MPH (4-Fluoromethylphenidat) in Laborqualit\u00e4t bei Chemgramx. Bestellen Sie jetzt reines 4F-MPH f\u00fcr Ihre wissenschaftlichen Projekte.\",\"breadcrumb\":{\"@id\":\"https:\\\/\\\/chemgramx.com\\\/product\\\/4f-mph-4-fluoromethylphenidat-online-kaufen\\\/#breadcrumb\"},\"inLanguage\":\"es\",\"potentialAction\":[{\"@type\":\"ReadAction\",\"target\":[\"https:\\\/\\\/chemgramx.com\\\/product\\\/4f-mph-4-fluoromethylphenidat-online-kaufen\\\/\"]}]},{\"@type\":\"ImageObject\",\"inLanguage\":\"es\",\"@id\":\"https:\\\/\\\/chemgramx.com\\\/product\\\/4f-mph-4-fluoromethylphenidat-online-kaufen\\\/#primaryimage\",\"url\":\"https:\\\/\\\/chemgramx.com\\\/wp-content\\\/uploads\\\/2025\\\/11\\\/4F-MPH-kaufen-2.jpg\",\"contentUrl\":\"https:\\\/\\\/chemgramx.com\\\/wp-content\\\/uploads\\\/2025\\\/11\\\/4F-MPH-kaufen-2.jpg\",\"width\":474,\"height\":464},{\"@type\":\"BreadcrumbList\",\"@id\":\"https:\\\/\\\/chemgramx.com\\\/product\\\/4f-mph-4-fluoromethylphenidat-online-kaufen\\\/#breadcrumb\",\"itemListElement\":[{\"@type\":\"ListItem\",\"position\":1,\"name\":\"Home\",\"item\":\"https:\\\/\\\/chemgramx.com\\\/\"},{\"@type\":\"ListItem\",\"position\":2,\"name\":\"Shop\",\"item\":\"https:\\\/\\\/chemgramx.com\\\/shop\\\/\"},{\"@type\":\"ListItem\",\"position\":3,\"name\":\"4F-MPH kaufen \u2013 Forschung &amp; Premium Qualit\u00e4t\"}]},{\"@type\":\"WebSite\",\"@id\":\"https:\\\/\\\/chemgramx.com\\\/#website\",\"url\":\"https:\\\/\\\/chemgramx.com\\\/\",\"name\":\"Chemgramx\",\"description\":\"\",\"publisher\":{\"@id\":\"https:\\\/\\\/chemgramx.com\\\/#organization\"},\"potentialAction\":[{\"@type\":\"SearchAction\",\"target\":{\"@type\":\"EntryPoint\",\"urlTemplate\":\"https:\\\/\\\/chemgramx.com\\\/?s={search_term_string}\"},\"query-input\":{\"@type\":\"PropertyValueSpecification\",\"valueRequired\":true,\"valueName\":\"search_term_string\"}}],\"inLanguage\":\"es\"},{\"@type\":\"Organization\",\"@id\":\"https:\\\/\\\/chemgramx.com\\\/#organization\",\"name\":\"Chemgramx\",\"url\":\"https:\\\/\\\/chemgramx.com\\\/\",\"logo\":{\"@type\":\"ImageObject\",\"inLanguage\":\"es\",\"@id\":\"https:\\\/\\\/chemgramx.com\\\/#\\\/schema\\\/logo\\\/image\\\/\",\"url\":\"https:\\\/\\\/chemgramx.com\\\/wp-content\\\/uploads\\\/2024\\\/10\\\/final-logo.png\",\"contentUrl\":\"https:\\\/\\\/chemgramx.com\\\/wp-content\\\/uploads\\\/2024\\\/10\\\/final-logo.png\",\"width\":250,\"height\":48,\"caption\":\"Chemgramx\"},\"image\":{\"@id\":\"https:\\\/\\\/chemgramx.com\\\/#\\\/schema\\\/logo\\\/image\\\/\"}}]}<\/script>\n<!-- \/ Yoast SEO plugin. -->","yoast_head_json":{"title":"Comprar 4F-MPH: investigaci\u00f3n y calidad superior","description":"Descubra el 4F-MPH (4-fluorometilfenidato) de alta calidad y calidad de laboratorio en Chemgramx. Pida ahora 4F-MPH puro para sus proyectos cient\u00edficos.","robots":{"index":"index","follow":"follow","max-snippet":"max-snippet:-1","max-image-preview":"max-image-preview:large","max-video-preview":"max-video-preview:-1"},"canonical":"https:\/\/chemgramx.com\/es\/producto-1\/4f-mph-4-fluorometilfenidato-comprar-online\/","og_locale":"es_ES","og_type":"article","og_title":"4F-MPH kaufen \u2013 Forschung & Premium Qualit\u00e4t","og_description":"Entdecken Sie hochwertiges 4F-MPH (4-Fluoromethylphenidat) in Laborqualit\u00e4t bei Chemgramx. Bestellen Sie jetzt reines 4F-MPH f\u00fcr Ihre wissenschaftlichen Projekte.","og_url":"https:\/\/chemgramx.com\/es\/producto-1\/4f-mph-4-fluorometilfenidato-comprar-online\/","og_site_name":"Chemgramx","article_modified_time":"2025-12-09T10:26:36+00:00","og_image":[{"width":474,"height":464,"url":"https:\/\/chemgramx.com\/wp-content\/uploads\/2025\/11\/4F-MPH-kaufen-2.jpg","type":"image\/jpeg"}],"twitter_card":"summary_large_image","twitter_misc":{"Tiempo de lectura":"2 minutos"},"schema":{"@context":"https:\/\/schema.org","@graph":[{"@type":"WebPage","@id":"https:\/\/chemgramx.com\/product\/4f-mph-4-fluoromethylphenidat-online-kaufen\/","url":"https:\/\/chemgramx.com\/product\/4f-mph-4-fluoromethylphenidat-online-kaufen\/","name":"Comprar 4F-MPH: investigaci\u00f3n y calidad superior","isPartOf":{"@id":"https:\/\/chemgramx.com\/#website"},"primaryImageOfPage":{"@id":"https:\/\/chemgramx.com\/product\/4f-mph-4-fluoromethylphenidat-online-kaufen\/#primaryimage"},"image":{"@id":"https:\/\/chemgramx.com\/product\/4f-mph-4-fluoromethylphenidat-online-kaufen\/#primaryimage"},"thumbnailUrl":"https:\/\/chemgramx.com\/wp-content\/uploads\/2025\/11\/4F-MPH-kaufen-2.jpg","datePublished":"2025-11-21T16:46:32+00:00","dateModified":"2025-12-09T10:26:36+00:00","description":"Descubra el 4F-MPH (4-fluorometilfenidato) de alta calidad y calidad de laboratorio en Chemgramx. Pida ahora 4F-MPH puro para sus proyectos cient\u00edficos.","breadcrumb":{"@id":"https:\/\/chemgramx.com\/product\/4f-mph-4-fluoromethylphenidat-online-kaufen\/#breadcrumb"},"inLanguage":"es","potentialAction":[{"@type":"ReadAction","target":["https:\/\/chemgramx.com\/product\/4f-mph-4-fluoromethylphenidat-online-kaufen\/"]}]},{"@type":"ImageObject","inLanguage":"es","@id":"https:\/\/chemgramx.com\/product\/4f-mph-4-fluoromethylphenidat-online-kaufen\/#primaryimage","url":"https:\/\/chemgramx.com\/wp-content\/uploads\/2025\/11\/4F-MPH-kaufen-2.jpg","contentUrl":"https:\/\/chemgramx.com\/wp-content\/uploads\/2025\/11\/4F-MPH-kaufen-2.jpg","width":474,"height":464},{"@type":"BreadcrumbList","@id":"https:\/\/chemgramx.com\/product\/4f-mph-4-fluoromethylphenidat-online-kaufen\/#breadcrumb","itemListElement":[{"@type":"ListItem","position":1,"name":"Home","item":"https:\/\/chemgramx.com\/"},{"@type":"ListItem","position":2,"name":"Shop","item":"https:\/\/chemgramx.com\/shop\/"},{"@type":"ListItem","position":3,"name":"4F-MPH kaufen \u2013 Forschung &amp; Premium Qualit\u00e4t"}]},{"@type":"WebSite","@id":"https:\/\/chemgramx.com\/#website","url":"https:\/\/chemgramx.com\/","name":"Chemgramx","description":"","publisher":{"@id":"https:\/\/chemgramx.com\/#organization"},"potentialAction":[{"@type":"SearchAction","target":{"@type":"EntryPoint","urlTemplate":"https:\/\/chemgramx.com\/?s={search_term_string}"},"query-input":{"@type":"PropertyValueSpecification","valueRequired":true,"valueName":"search_term_string"}}],"inLanguage":"es"},{"@type":"Organization","@id":"https:\/\/chemgramx.com\/#organization","name":"Chemgramx","url":"https:\/\/chemgramx.com\/","logo":{"@type":"ImageObject","inLanguage":"es","@id":"https:\/\/chemgramx.com\/#\/schema\/logo\/image\/","url":"https:\/\/chemgramx.com\/wp-content\/uploads\/2024\/10\/final-logo.png","contentUrl":"https:\/\/chemgramx.com\/wp-content\/uploads\/2024\/10\/final-logo.png","width":250,"height":48,"caption":"Chemgramx"},"image":{"@id":"https:\/\/chemgramx.com\/#\/schema\/logo\/image\/"}}]}},"_links":{"self":[{"href":"https:\/\/chemgramx.com\/es\/wp-json\/wp\/v2\/product\/8035","targetHints":{"allow":["GET"]}}],"collection":[{"href":"https:\/\/chemgramx.com\/es\/wp-json\/wp\/v2\/product"}],"about":[{"href":"https:\/\/chemgramx.com\/es\/wp-json\/wp\/v2\/types\/product"}],"replies":[{"embeddable":true,"href":"https:\/\/chemgramx.com\/es\/wp-json\/wp\/v2\/comments?post=8035"}],"wp:featuredmedia":[{"embeddable":true,"href":"https:\/\/chemgramx.com\/es\/wp-json\/wp\/v2\/media\/8087"}],"wp:attachment":[{"href":"https:\/\/chemgramx.com\/es\/wp-json\/wp\/v2\/media?parent=8035"}],"wp:term":[{"taxonomy":"product_brand","embeddable":true,"href":"https:\/\/chemgramx.com\/es\/wp-json\/wp\/v2\/product_brand?post=8035"},{"taxonomy":"product_cat","embeddable":true,"href":"https:\/\/chemgramx.com\/es\/wp-json\/wp\/v2\/product_cat?post=8035"},{"taxonomy":"product_tag","embeddable":true,"href":"https:\/\/chemgramx.com\/es\/wp-json\/wp\/v2\/product_tag?post=8035"}],"curies":[{"name":"wp","href":"https:\/\/api.w.org\/{rel}","templated":true}]}}