{"id":8036,"date":"2025-11-21T16:46:33","date_gmt":"2025-11-21T16:46:33","guid":{"rendered":"https:\/\/chemgramx.com\/?post_type=product&#038;p=8036"},"modified":"2025-12-09T10:22:22","modified_gmt":"2025-12-09T10:22:22","slug":"comprar-4-me-tmp-online","status":"publish","type":"product","link":"https:\/\/chemgramx.com\/es\/product\/4-me-tmp-online-kaufen\/","title":{"rendered":"Comprar 4-Me-TMP: m\u00e1xima pureza (en venta | alta calidad)"},"content":{"rendered":"<p>Chemgramx es su socio de confianza para productos qu\u00edmicos de investigaci\u00f3n de alta calidad. \u00bfDesea <b>4-Me-TMP a la venta<\/b> \u00bfDesea adquirirlo? En nuestra empresa encontrar\u00e1 4-metilmetilfenidato (4-Me-TMP) de una pureza excepcional, desarrollado especialmente para fines de investigaci\u00f3n exigentes. Nos aseguramos de que todos los productos que adquiere en nuestra empresa cumplan con los m\u00e1s altos est\u00e1ndares de laboratorio para respaldar de manera \u00f3ptima sus estudios cient\u00edficos. Por lo tanto, nuestro 4-Me-TMP es la elecci\u00f3n ideal para sus proyectos.<\/p>\n<p>Entendemos la necesidad de disponer de sustancias precisas y fiables en la investigaci\u00f3n. <b>Adem\u00e1s<\/b> ofrecemos <b>4-Me-TMP de m\u00e1xima calidad<\/b>, que ha sido sometido a rigurosas pruebas para garantizar una calidad y pureza constantes de al menos 98%. Esto garantiza resultados reproducibles y fiables en sus experimentos. <b>Por lo tanto<\/b> puede confiar en la integridad de nuestros productos.<\/p>\n<h2>\u00bfQu\u00e9 es el 4-Me-TMP?<\/h2>\n<p>El 4-metilmetilfenidato, abreviado 4-Me-TMP, es un compuesto qu\u00edmico sint\u00e9tico estrechamente relacionado con el metilfenidato desde el punto de vista estructural, pero que presenta un grupo metilo adicional en una posici\u00f3n espec\u00edfica. Esta ligera modificaci\u00f3n estructural puede tener profundas repercusiones en las propiedades farmacol\u00f3gicas y la interacci\u00f3n con los sistemas biol\u00f3gicos. <b>Por lo dem\u00e1s<\/b> Es un \u00e9ster de la clase fenidato.<\/p>\n<p>Pertenece a la clase de los derivados de la piperidina y se investiga principalmente como sustancia qu\u00edmica para investigaci\u00f3n. <b>Adem\u00e1s<\/b> El peso molecular y la estructura qu\u00edmica exacta son esenciales para una caracterizaci\u00f3n precisa. Los cient\u00edficos utilizan el 4-Me-TMP para comprender mejor los mecanismos de acci\u00f3n de los estimulantes y obtener nuevos conocimientos en el campo de la neurofarmacolog\u00eda. <b>As\u00ed<\/b> aporta una valiosa contribuci\u00f3n a la investigaci\u00f3n b\u00e1sica.<\/p>\n<h3>Propiedades qu\u00edmicas y estructura<\/h3>\n<ul>\n<li><b>N\u00famero CAS:<\/b> Identificaci\u00f3n precisa con fines de investigaci\u00f3n.<\/li>\n<li><b>F\u00f3rmula molecular:<\/b> C15H21NO2: esencial para los c\u00e1lculos estequiom\u00e9tricos.<\/li>\n<li><b>Peso molecular:<\/b> 247,33 g\/mol: importante para determinar la dosis y la concentraci\u00f3n.<\/li>\n<li><b>Estructura:<\/b> Derivado de la piperidina, estrechamente relacionado con el metilfenidato.<\/li>\n<\/ul>\n<p><b>Por otro lado<\/b> Las propiedades f\u00edsicas, como el punto de fusi\u00f3n y la solubilidad, son muy importantes para la pr\u00e1ctica de laboratorio. Estos par\u00e1metros influyen en la manipulaci\u00f3n, el almacenamiento y la preparaci\u00f3n de soluciones para aplicaciones experimentales. <b>En consecuencia<\/b> la calidad debe ser constante.<\/p>\n<h2>Pureza y calidad del 4-Me-TMP en Chemgramx<\/h2>\n<p>En Chemgramx damos mucha importancia a la calidad de nuestros productos qu\u00edmicos para investigaci\u00f3n. Ofrecemos <b>4-Me-TMP de alta calidad<\/b>, que se fabrica mediante procesos avanzados de s\u00edntesis y purificaci\u00f3n. Cada lote se analiza con t\u00e9cnicas anal\u00edticas de \u00faltima generaci\u00f3n, como HPLC y RMN, para garantizar una pureza m\u00ednima del 98%. <b>Por lo tanto<\/b> Puede confiar en la consistencia y fiabilidad de nuestros productos.<\/p>\n<p>Nuestro compromiso con la calidad va m\u00e1s all\u00e1 del simple an\u00e1lisis. Nos aseguramos de que todos nuestros productos se procesen en condiciones estrictamente controladas para minimizar la contaminaci\u00f3n y preservar la integridad de la sustancia. <b>Adem\u00e1s<\/b> es nuestro <b>La calidad de la investigaci\u00f3n a la venta<\/b> 4-Me-TMP destinado exclusivamente a aplicaciones cient\u00edficas y forenses. Haga su pedido de <b>Aut\u00e9ntico 4-Me-TMP<\/b> A\u00fan hoy, y compru\u00e9belo usted mismo.<\/p>\n<p>Chemgramx es conocida por sus estrictos est\u00e1ndares de calidad. Somos conscientes de que en la investigaci\u00f3n cient\u00edfica no hay lugar para concesiones en lo que respecta a la pureza de las sustancias. <b>Por este motivo<\/b> Invertimos continuamente en nuestro equipamiento de laboratorio y en nuestro personal especializado para poder ofrecerle siempre lo <b>El mejor 4-Me-TMP del mercado<\/b> . Descubra tambi\u00e9n nuestros otros productos, como por ejemplo <a href=\"https:\/\/chemgramx.com\/product\/lsd-lysergsaeurediethylamid-online-kaufen\/\">Comprar dietilamida del \u00e1cido lis\u00e9rgico (LSD) online<\/a>, que tambi\u00e9n cumplen con nuestros altos est\u00e1ndares.<\/p>\n<h2>\u00c1mbitos de aplicaci\u00f3n y potencial de investigaci\u00f3n<\/h2>\n<p><b>Pedir 4-Me-TMP online<\/b> Es de gran inter\u00e9s para los investigadores que estudian los mecanismos de los neurotransmisores y la neuroplasticidad. Se utiliza en estudios precl\u00ednicos para investigar la recaptaci\u00f3n de dopamina y noradrenalina y analizar sus efectos en modelos de comportamiento. <b>Adem\u00e1s<\/b> puede servir para investigar los efectos a largo plazo y el metabolismo de los estimulantes.<\/p>\n<p>Otro campo de aplicaci\u00f3n importante es la caracterizaci\u00f3n farmacol\u00f3gica de nuevos compuestos. Al comparar los efectos del 4-Me-TMP con sustancias conocidas, los cient\u00edficos pueden obtener informaci\u00f3n valiosa sobre las relaciones estructura-efecto. <b>Por \u00faltimo<\/b> Esto contribuye al desarrollo de enfoques terap\u00e9uticos m\u00e1s seguros y eficaces.<\/p>\n<p>Los laboratorios de investigaci\u00f3n utilizan el 4-Me-TMP para evaluar posibles efectos neurot\u00f3xicos o cambios en la expresi\u00f3n g\u00e9nica. <b>Por lo dem\u00e1s<\/b> La naturaleza precisa de esta conexi\u00f3n permite realizar estudios detallados a nivel celular y molecular. Obtenga m\u00e1s informaci\u00f3n sobre nuestras ofertas haciendo clic en <a href=\"https:\/\/chemgramx.com\/product\/4-me-tmp-online-kaufen\/\">Comprar 4-Me-TMP online<\/a> adquirir directamente con nosotros.<\/p>\n<h2>Seguridad y manipulaci\u00f3n del 4-Me-TMP<\/h2>\n<p>El manejo de productos qu\u00edmicos de investigaci\u00f3n como el 4-Me-TMP requiere siempre el m\u00e1ximo cuidado y el cumplimiento de estrictos protocolos de seguridad. Los investigadores deben llevar siempre el equipo de protecci\u00f3n individual (EPI) adecuado, incluyendo guantes, gafas protectoras y batas de laboratorio. <b>Adem\u00e1s<\/b> Se recomienda encarecidamente trabajar bajo una campana extractora para minimizar la exposici\u00f3n a vapores o polvos. <b>En consecuencia<\/b> Es imprescindible conocer las fichas de datos de seguridad (FDS).<\/p>\n<p>El almacenamiento de 4-Me-TMP debe realizarse en un lugar fresco, seco y bien ventilado, alejado de la luz solar directa y de fuentes de calor. Es importante conservar la sustancia en un recipiente herm\u00e9ticamente cerrado para mantener su estabilidad y pureza. <b>Adem\u00e1s<\/b> El acceso debe estar restringido al personal autorizado. Cualquier manipulaci\u00f3n de la sustancia debe <b>Procesado de forma segura<\/b> y se lleva a cabo con la mayor precisi\u00f3n.<\/p>\n<p>En caso de contacto accidental, se deben tomar medidas de emergencia inmediatas, como enjuagar abundantemente la zona afectada con agua y, si es necesario, acudir al m\u00e9dico. <b>En resumen<\/b>, un uso responsable es la clave para una investigaci\u00f3n segura. <b>En consecuencia<\/b> En Chemgramx no solo encontrar\u00e1 productos de <b>Calidad de laboratorio a la venta<\/b>, sino tambi\u00e9n informaci\u00f3n completa sobre su manejo seguro.<\/p>\n<h2>\u00bfPor qu\u00e9 comprar en Chemgramx?<\/h2>\n<p>Si decide hacerlo, <b>Comprar 4-Me-TMP<\/b>, elija Chemgramx, un socio comprometido con la ciencia y con sus objetivos de investigaci\u00f3n. Nos enorgullece ofrecer una amplia gama de productos qu\u00edmicos de alta pureza para investigaci\u00f3n que cumplen con los m\u00e1s altos est\u00e1ndares de la industria. <b>Adem\u00e1s<\/b> Ofrecemos informaci\u00f3n detallada sobre los productos y datos anal\u00edticos para ayudarle en sus decisiones.<\/p>\n<p>Nuestro compromiso con la calidad y la satisfacci\u00f3n del cliente es insuperable. Cada <b>Compra segura<\/b> En Chemgramx, esto significa que usted recibe un producto que ha sido tratado con el m\u00e1ximo cuidado y precisi\u00f3n, desde la s\u00edntesis hasta la entrega. Sabemos que su investigaci\u00f3n es importante y queremos contribuir a que sea un \u00e9xito. <b>Adem\u00e1s<\/b> Aproveche nuestros conocimientos especializados.<\/p>\n<p>Le invitamos a explorar nuestra gama de productos y <b>Comprar ahora online<\/b> Obtenga su 4-Me-TMP. Experimente la diferencia que supone contar con un proveedor fiable. <b>En \u00faltima instancia<\/b> Nos esforzamos por ofrecerle el mejor apoyo posible para sus proyectos cient\u00edficos. Ofrecemos lo siguiente: <b>\u00d3ptimo 4-Me-TMP disponible<\/b> para sus necesidades espec\u00edficas. Compre en Chemgramx y aseg\u00farese la base para su investigaci\u00f3n pionera.<\/p>","protected":false},"excerpt":{"rendered":"<p>Descubra la alta pureza <b>Comprar 4-Me-TMP<\/b> en Chemgramx, un producto qu\u00edmico sint\u00e9tico de investigaci\u00f3n de la clase fenidato con una pureza m\u00ednima de 98%. Ideal para estudios precl\u00ednicos que investigan neurotransmisores y v\u00edas neuronales. Nuestros productos se <b>Procesado de forma segura<\/b> y est\u00e1n destinados exclusivamente a fines cient\u00edficos. Adquiera <b>4-Me-TMP de m\u00e1xima calidad<\/b> para su exigente investigaci\u00f3n. \u00a1Haga su pedido hoy mismo!<\/p>","protected":false},"featured_media":8088,"comment_status":"open","ping_status":"closed","template":"","meta":{"_joinchat":[]},"product_brand":[],"product_cat":[48],"product_tag":[356,377,369,1571,1568,378,1576,1564,366,1561,382,1562,381,364,367,370,1574,365,375,1569,1572,1558,1563,368,380,372,1573,371,379,373,1577,376,374,357,1557,1575,358,1220,249,359,1559,251,1560,1570,1565,1567,363,361,362,1566,250,248,360],"class_list":{"0":"post-8036","1":"product","2":"type-product","3":"status-publish","4":"has-post-thumbnail","6":"product_cat-stimulants","7":"product_tag-4-me-tmp","8":"product_tag-4-me-tmp-analyse","9":"product_tag-4-me-tmp-anwendung","10":"product_tag-4-me-tmp-bestellen","11":"product_tag-4-me-tmp-bulk-bestellung","12":"product_tag-4-me-tmp-chemie","13":"product_tag-4-me-tmp-chemikalie","14":"product_tag-4-me-tmp-experimente","15":"product_tag-4-me-tmp-forschung","16":"product_tag-4-me-tmp-forschung-chemikalie","17":"product_tag-4-me-tmp-forschungslabor","18":"product_tag-4-me-tmp-fur-neurowissenschaftliche-studien","19":"product_tag-4-me-tmp-groshandel","20":"product_tag-4-me-tmp-kaufen","21":"product_tag-4-me-tmp-labor","22":"product_tag-4-me-tmp-lagerung","23":"product_tag-4-me-tmp-legal","24":"product_tag-4-me-tmp-lieferant","25":"product_tag-4-me-tmp-markt","26":"product_tag-4-me-tmp-marktanalyse","27":"product_tag-4-me-tmp-online","28":"product_tag-4-me-tmp-online-bestellen","29":"product_tag-4-me-tmp-pharmazeutische-forschung","30":"product_tag-4-me-tmp-preis","31":"product_tag-4-me-tmp-referenzmaterial","32":"product_tag-4-me-tmp-risiken","33":"product_tag-4-me-tmp-sicher","34":"product_tag-4-me-tmp-sicherheit","35":"product_tag-4-me-tmp-substanz","36":"product_tag-4-me-tmp-verfugbarkeit","37":"product_tag-4-me-tmp-versand","38":"product_tag-4-me-tmp-vertrieb","39":"product_tag-4-me-tmp-vorschriften","40":"product_tag-4-methyl-2","41":"product_tag-4-methylthio-2","42":"product_tag-4metmp-gunstig","43":"product_tag-5-dimethoxyamphetamine","44":"product_tag-5-dimethoxyphenethylamin-bestellen","45":"product_tag-amphetamin-derivate","46":"product_tag-chemische-formel-4-me-tmp","47":"product_tag-forschung-chemikalien-4-me-tmp","48":"product_tag-gesundheitliche-risiken","49":"product_tag-hochwertige-4-me-tmp-kaufen","50":"product_tag-innovative-4-me-tmp-forschung","51":"product_tag-laborqualitat-4-me-tmp","52":"product_tag-legaler-4-me-tmp-anbieter","53":"product_tag-methoxyamphetamine","54":"product_tag-rechtlicher-status-4-me-tmp","55":"product_tag-risiken-4-me-tmp","56":"product_tag-sicherer-4-me-tmp-versand","57":"product_tag-suchtgefahr","58":"product_tag-synthetische-stimulanzien","59":"product_tag-wirkungen-von-4-me-tmp","61":"first","62":"instock","63":"shipping-taxable","64":"purchasable","65":"product-type-variable"},"yoast_head":"<!-- This site is optimized with the Yoast SEO plugin v27.5 - https:\/\/yoast.com\/product\/yoast-seo-wordpress\/ -->\n<title>4-Me-TMP kaufen - h\u00f6chste Reinheit (zum Verkauf|hochwertig)<\/title>\n<meta name=\"description\" content=\"Entdecken Sie hochreines 4-Me-TMP f\u00fcr Ihre Forschung bei Chemgramx. Bestellen Sie authentisches und erstklassiges 4-Me-TMP mit \u00fcber 98% Reinheit jetzt online f\u00fcr Ihre Studien.\" \/>\n<meta name=\"robots\" content=\"index, follow, max-snippet:-1, max-image-preview:large, max-video-preview:-1\" \/>\n<link rel=\"canonical\" href=\"https:\/\/chemgramx.com\/es\/producto-1\/comprar-4-me-tmp-online\/\" \/>\n<meta property=\"og:locale\" content=\"es_ES\" \/>\n<meta property=\"og:type\" content=\"article\" \/>\n<meta property=\"og:title\" content=\"4-Me-TMP kaufen - h\u00f6chste Reinheit (zum Verkauf|hochwertig)\" \/>\n<meta property=\"og:description\" content=\"Entdecken Sie hochreines 4-Me-TMP f\u00fcr Ihre Forschung bei Chemgramx. Bestellen Sie authentisches und erstklassiges 4-Me-TMP mit \u00fcber 98% Reinheit jetzt online f\u00fcr Ihre Studien.\" \/>\n<meta property=\"og:url\" content=\"https:\/\/chemgramx.com\/es\/producto-1\/comprar-4-me-tmp-online\/\" \/>\n<meta property=\"og:site_name\" content=\"Chemgramx\" \/>\n<meta property=\"article:modified_time\" content=\"2025-12-09T10:22:22+00:00\" \/>\n<meta property=\"og:image\" content=\"https:\/\/chemgramx.com\/wp-content\/uploads\/2025\/11\/4-Me-TMP.jpg\" \/>\n\t<meta property=\"og:image:width\" content=\"200\" \/>\n\t<meta property=\"og:image:height\" content=\"200\" \/>\n\t<meta property=\"og:image:type\" content=\"image\/jpeg\" \/>\n<meta name=\"twitter:card\" content=\"summary_large_image\" \/>\n<meta name=\"twitter:label1\" content=\"Tiempo de lectura\" \/>\n\t<meta name=\"twitter:data1\" content=\"3 minutos\" \/>\n<script type=\"application\/ld+json\" class=\"yoast-schema-graph\">{\"@context\":\"https:\\\/\\\/schema.org\",\"@graph\":[{\"@type\":\"WebPage\",\"@id\":\"https:\\\/\\\/chemgramx.com\\\/product\\\/4-me-tmp-online-kaufen\\\/\",\"url\":\"https:\\\/\\\/chemgramx.com\\\/product\\\/4-me-tmp-online-kaufen\\\/\",\"name\":\"4-Me-TMP kaufen - h\u00f6chste Reinheit (zum Verkauf|hochwertig)\",\"isPartOf\":{\"@id\":\"https:\\\/\\\/chemgramx.com\\\/#website\"},\"primaryImageOfPage\":{\"@id\":\"https:\\\/\\\/chemgramx.com\\\/product\\\/4-me-tmp-online-kaufen\\\/#primaryimage\"},\"image\":{\"@id\":\"https:\\\/\\\/chemgramx.com\\\/product\\\/4-me-tmp-online-kaufen\\\/#primaryimage\"},\"thumbnailUrl\":\"https:\\\/\\\/chemgramx.com\\\/wp-content\\\/uploads\\\/2025\\\/11\\\/4-Me-TMP.jpg\",\"datePublished\":\"2025-11-21T16:46:33+00:00\",\"dateModified\":\"2025-12-09T10:22:22+00:00\",\"description\":\"Entdecken Sie hochreines 4-Me-TMP f\u00fcr Ihre Forschung bei Chemgramx. Bestellen Sie authentisches und erstklassiges 4-Me-TMP mit \u00fcber 98% Reinheit jetzt online f\u00fcr Ihre Studien.\",\"breadcrumb\":{\"@id\":\"https:\\\/\\\/chemgramx.com\\\/product\\\/4-me-tmp-online-kaufen\\\/#breadcrumb\"},\"inLanguage\":\"es\",\"potentialAction\":[{\"@type\":\"ReadAction\",\"target\":[\"https:\\\/\\\/chemgramx.com\\\/product\\\/4-me-tmp-online-kaufen\\\/\"]}]},{\"@type\":\"ImageObject\",\"inLanguage\":\"es\",\"@id\":\"https:\\\/\\\/chemgramx.com\\\/product\\\/4-me-tmp-online-kaufen\\\/#primaryimage\",\"url\":\"https:\\\/\\\/chemgramx.com\\\/wp-content\\\/uploads\\\/2025\\\/11\\\/4-Me-TMP.jpg\",\"contentUrl\":\"https:\\\/\\\/chemgramx.com\\\/wp-content\\\/uploads\\\/2025\\\/11\\\/4-Me-TMP.jpg\",\"width\":200,\"height\":200},{\"@type\":\"BreadcrumbList\",\"@id\":\"https:\\\/\\\/chemgramx.com\\\/product\\\/4-me-tmp-online-kaufen\\\/#breadcrumb\",\"itemListElement\":[{\"@type\":\"ListItem\",\"position\":1,\"name\":\"Home\",\"item\":\"https:\\\/\\\/chemgramx.com\\\/\"},{\"@type\":\"ListItem\",\"position\":2,\"name\":\"Shop\",\"item\":\"https:\\\/\\\/chemgramx.com\\\/shop\\\/\"},{\"@type\":\"ListItem\",\"position\":3,\"name\":\"4-Me-TMP kaufen &#8211; h\u00f6chste Reinheit (zum Verkauf|hochwertig)\"}]},{\"@type\":\"WebSite\",\"@id\":\"https:\\\/\\\/chemgramx.com\\\/#website\",\"url\":\"https:\\\/\\\/chemgramx.com\\\/\",\"name\":\"Chemgramx\",\"description\":\"\",\"publisher\":{\"@id\":\"https:\\\/\\\/chemgramx.com\\\/#organization\"},\"potentialAction\":[{\"@type\":\"SearchAction\",\"target\":{\"@type\":\"EntryPoint\",\"urlTemplate\":\"https:\\\/\\\/chemgramx.com\\\/?s={search_term_string}\"},\"query-input\":{\"@type\":\"PropertyValueSpecification\",\"valueRequired\":true,\"valueName\":\"search_term_string\"}}],\"inLanguage\":\"es\"},{\"@type\":\"Organization\",\"@id\":\"https:\\\/\\\/chemgramx.com\\\/#organization\",\"name\":\"Chemgramx\",\"url\":\"https:\\\/\\\/chemgramx.com\\\/\",\"logo\":{\"@type\":\"ImageObject\",\"inLanguage\":\"es\",\"@id\":\"https:\\\/\\\/chemgramx.com\\\/#\\\/schema\\\/logo\\\/image\\\/\",\"url\":\"https:\\\/\\\/chemgramx.com\\\/wp-content\\\/uploads\\\/2024\\\/10\\\/final-logo.png\",\"contentUrl\":\"https:\\\/\\\/chemgramx.com\\\/wp-content\\\/uploads\\\/2024\\\/10\\\/final-logo.png\",\"width\":250,\"height\":48,\"caption\":\"Chemgramx\"},\"image\":{\"@id\":\"https:\\\/\\\/chemgramx.com\\\/#\\\/schema\\\/logo\\\/image\\\/\"}}]}<\/script>\n<!-- \/ Yoast SEO plugin. -->","yoast_head_json":{"title":"Comprar 4-Me-TMP: m\u00e1xima pureza (en venta | alta calidad)","description":"Descubra el 4-Me-TMP de alta pureza para su investigaci\u00f3n en Chemgramx. Pida ahora online 4-Me-TMP aut\u00e9ntico y de primera calidad con una pureza superior al 98% para sus estudios.","robots":{"index":"index","follow":"follow","max-snippet":"max-snippet:-1","max-image-preview":"max-image-preview:large","max-video-preview":"max-video-preview:-1"},"canonical":"https:\/\/chemgramx.com\/es\/producto-1\/comprar-4-me-tmp-online\/","og_locale":"es_ES","og_type":"article","og_title":"4-Me-TMP kaufen - h\u00f6chste Reinheit (zum Verkauf|hochwertig)","og_description":"Entdecken Sie hochreines 4-Me-TMP f\u00fcr Ihre Forschung bei Chemgramx. Bestellen Sie authentisches und erstklassiges 4-Me-TMP mit \u00fcber 98% Reinheit jetzt online f\u00fcr Ihre Studien.","og_url":"https:\/\/chemgramx.com\/es\/producto-1\/comprar-4-me-tmp-online\/","og_site_name":"Chemgramx","article_modified_time":"2025-12-09T10:22:22+00:00","og_image":[{"width":200,"height":200,"url":"https:\/\/chemgramx.com\/wp-content\/uploads\/2025\/11\/4-Me-TMP.jpg","type":"image\/jpeg"}],"twitter_card":"summary_large_image","twitter_misc":{"Tiempo de lectura":"3 minutos"},"schema":{"@context":"https:\/\/schema.org","@graph":[{"@type":"WebPage","@id":"https:\/\/chemgramx.com\/product\/4-me-tmp-online-kaufen\/","url":"https:\/\/chemgramx.com\/product\/4-me-tmp-online-kaufen\/","name":"Comprar 4-Me-TMP: m\u00e1xima pureza (en venta | alta calidad)","isPartOf":{"@id":"https:\/\/chemgramx.com\/#website"},"primaryImageOfPage":{"@id":"https:\/\/chemgramx.com\/product\/4-me-tmp-online-kaufen\/#primaryimage"},"image":{"@id":"https:\/\/chemgramx.com\/product\/4-me-tmp-online-kaufen\/#primaryimage"},"thumbnailUrl":"https:\/\/chemgramx.com\/wp-content\/uploads\/2025\/11\/4-Me-TMP.jpg","datePublished":"2025-11-21T16:46:33+00:00","dateModified":"2025-12-09T10:22:22+00:00","description":"Descubra el 4-Me-TMP de alta pureza para su investigaci\u00f3n en Chemgramx. Pida ahora online 4-Me-TMP aut\u00e9ntico y de primera calidad con una pureza superior al 98% para sus estudios.","breadcrumb":{"@id":"https:\/\/chemgramx.com\/product\/4-me-tmp-online-kaufen\/#breadcrumb"},"inLanguage":"es","potentialAction":[{"@type":"ReadAction","target":["https:\/\/chemgramx.com\/product\/4-me-tmp-online-kaufen\/"]}]},{"@type":"ImageObject","inLanguage":"es","@id":"https:\/\/chemgramx.com\/product\/4-me-tmp-online-kaufen\/#primaryimage","url":"https:\/\/chemgramx.com\/wp-content\/uploads\/2025\/11\/4-Me-TMP.jpg","contentUrl":"https:\/\/chemgramx.com\/wp-content\/uploads\/2025\/11\/4-Me-TMP.jpg","width":200,"height":200},{"@type":"BreadcrumbList","@id":"https:\/\/chemgramx.com\/product\/4-me-tmp-online-kaufen\/#breadcrumb","itemListElement":[{"@type":"ListItem","position":1,"name":"Home","item":"https:\/\/chemgramx.com\/"},{"@type":"ListItem","position":2,"name":"Shop","item":"https:\/\/chemgramx.com\/shop\/"},{"@type":"ListItem","position":3,"name":"4-Me-TMP kaufen &#8211; h\u00f6chste Reinheit (zum Verkauf|hochwertig)"}]},{"@type":"WebSite","@id":"https:\/\/chemgramx.com\/#website","url":"https:\/\/chemgramx.com\/","name":"Chemgramx","description":"","publisher":{"@id":"https:\/\/chemgramx.com\/#organization"},"potentialAction":[{"@type":"SearchAction","target":{"@type":"EntryPoint","urlTemplate":"https:\/\/chemgramx.com\/?s={search_term_string}"},"query-input":{"@type":"PropertyValueSpecification","valueRequired":true,"valueName":"search_term_string"}}],"inLanguage":"es"},{"@type":"Organization","@id":"https:\/\/chemgramx.com\/#organization","name":"Chemgramx","url":"https:\/\/chemgramx.com\/","logo":{"@type":"ImageObject","inLanguage":"es","@id":"https:\/\/chemgramx.com\/#\/schema\/logo\/image\/","url":"https:\/\/chemgramx.com\/wp-content\/uploads\/2024\/10\/final-logo.png","contentUrl":"https:\/\/chemgramx.com\/wp-content\/uploads\/2024\/10\/final-logo.png","width":250,"height":48,"caption":"Chemgramx"},"image":{"@id":"https:\/\/chemgramx.com\/#\/schema\/logo\/image\/"}}]}},"_links":{"self":[{"href":"https:\/\/chemgramx.com\/es\/wp-json\/wp\/v2\/product\/8036","targetHints":{"allow":["GET"]}}],"collection":[{"href":"https:\/\/chemgramx.com\/es\/wp-json\/wp\/v2\/product"}],"about":[{"href":"https:\/\/chemgramx.com\/es\/wp-json\/wp\/v2\/types\/product"}],"replies":[{"embeddable":true,"href":"https:\/\/chemgramx.com\/es\/wp-json\/wp\/v2\/comments?post=8036"}],"wp:featuredmedia":[{"embeddable":true,"href":"https:\/\/chemgramx.com\/es\/wp-json\/wp\/v2\/media\/8088"}],"wp:attachment":[{"href":"https:\/\/chemgramx.com\/es\/wp-json\/wp\/v2\/media?parent=8036"}],"wp:term":[{"taxonomy":"product_brand","embeddable":true,"href":"https:\/\/chemgramx.com\/es\/wp-json\/wp\/v2\/product_brand?post=8036"},{"taxonomy":"product_cat","embeddable":true,"href":"https:\/\/chemgramx.com\/es\/wp-json\/wp\/v2\/product_cat?post=8036"},{"taxonomy":"product_tag","embeddable":true,"href":"https:\/\/chemgramx.com\/es\/wp-json\/wp\/v2\/product_tag?post=8036"}],"curies":[{"name":"wp","href":"https:\/\/api.w.org\/{rel}","templated":true}]}}