{"id":8038,"date":"2025-11-21T16:46:33","date_gmt":"2025-11-21T16:46:33","guid":{"rendered":"https:\/\/chemgramx.com\/?post_type=product&#038;p=8038"},"modified":"2025-12-09T10:24:01","modified_gmt":"2025-12-09T10:24:01","slug":"4-bmc-4-bromomethcathinone-comprar-en-linea","status":"publish","type":"product","link":"https:\/\/chemgramx.com\/es\/product\/4-bmc-4-bromomethcathinon-online-kaufen\/","title":{"rendered":"Comprar 4-BMC \u2013 Pureza (en venta | Alta calidad)"},"content":{"rendered":"<p>\u00bfBusca una fuente fiable de <b>4-bromometcatinona<\/b> de la m\u00e1xima pureza? Entonces Chemgramx es el lugar adecuado para usted. Le ofrecemos una oportunidad excepcional para, <b>4-bromometcatinona a la venta<\/b> dise\u00f1ado espec\u00edficamente para fines de investigaci\u00f3n exigentes. Adem\u00e1s, garantizamos que cada lote de <b>Calidad de laboratorio a la venta<\/b> y presenta una pureza excepcional. Por lo tanto, puede estar seguro de que recibir\u00e1 un producto que cumple con los m\u00e1s altos est\u00e1ndares cient\u00edficos.<\/p>\n<h2>\u00bfQu\u00e9 es 4-BMC (4-bromometactinona)?<\/h2>\n<p><b>4-BMC<\/b>tambi\u00e9n conocido como <b>4-bromometcatinona<\/b>, es un compuesto org\u00e1nico de la clase de las catinonas. Qu\u00edmicamente, se trata de un derivado de la metcatinona en el que se sustituye un \u00e1tomo de bromo en la posici\u00f3n 4 del anillo fenilo. Adem\u00e1s, es principalmente un producto qu\u00edmico de inter\u00e9s para la investigaci\u00f3n que se utiliza en laboratorios de todo el mundo para estudios anal\u00edticos y ciencias de los materiales. En este sentido, es fundamental tener siempre <b>4-bromometcatinona aut\u00e9ntica<\/b> para garantizar resultados precisos y reproducibles.<\/p>\n<p>Su estructura molecular confiere al 4-BMC propiedades fisicoqu\u00edmicas espec\u00edficas que lo convierten en una herramienta valiosa en qu\u00edmica y farmacolog\u00eda. Por ejemplo, se utiliza a menudo como patr\u00f3n de referencia o en <i>In vitro<\/i>-Experimentos para investigar reacciones qu\u00edmicas o interacciones moleculares. El conocimiento preciso de sus propiedades es fundamental para un manejo seguro y eficaz en el entorno de investigaci\u00f3n.<\/p>\n<h2>Est\u00e1ndares de calidad y pureza en Chemgramx<\/h2>\n<p>En Chemgramx damos mucha importancia a la calidad y la pureza. Cada lote <b>4-BMC<\/b> se somete a rigurosas pruebas anal\u00edticas para garantizar una pureza superior al 98%. Adem\u00e1s, solo ofrecemos <b>4-bromometcatinona de m\u00e1xima calidad<\/b> que cumple con estos altos est\u00e1ndares. De este modo, nuestros clientes pueden estar seguros de que recibir\u00e1n un producto libre de impurezas que no comprometa la integridad de su investigaci\u00f3n.<\/p>\n<ul>\n<li><b>Pureza verificada por HPLC:<\/b> La pureza de cada producto se comprueba mediante cromatograf\u00eda l\u00edquida de alta resoluci\u00f3n.<\/li>\n<li><b>Verificaci\u00f3n por RMN:<\/b> La estructura qu\u00edmica se confirma mediante espectroscopia de resonancia magn\u00e9tica nuclear.<\/li>\n<li><b>An\u00e1lisis de lotes:<\/b> Cada pedido incluye un certificado de an\u00e1lisis que confirma las especificaciones del lote.<\/li>\n<li><b>Calidad de la investigaci\u00f3n a la venta:<\/b> Nuestro 4-BMC est\u00e1 destinado expl\u00edcitamente a fines cient\u00edficos y experimentales.<\/li>\n<\/ul>\n<p>Asimismo, para nosotros es importante ofrecer transparencia en nuestros procesos de garant\u00eda de calidad. Con nosotros, usted no solo adquiere una sustancia, sino tambi\u00e9n la confianza en su composici\u00f3n y especificaciones. Esto hace que nuestra oferta de <b>Alta pureza a la venta<\/b> especialmente atractivo para instituciones de investigaci\u00f3n serias.<\/p>\n<h2>\u00c1mbitos de aplicaci\u00f3n y potencial de investigaci\u00f3n<\/h2>\n<p>El potencial de <b>4-bromometcatinona<\/b> en la investigaci\u00f3n es muy variada. Sirve principalmente como valiosa sustancia de referencia para laboratorios anal\u00edticos que desarrollan nuevos m\u00e9todos de investigaci\u00f3n o validan los ya existentes. Adem\u00e1s, se utiliza en estudios de s\u00edntesis qu\u00edmica para investigar la reactividad de los sustituyentes de bromo en estructuras de catinona. Por lo tanto, es una herramienta indispensable para los cient\u00edficos que exploran las propiedades y las posibles aplicaciones de los compuestos de investigaci\u00f3n.<\/p>\n<p>Adem\u00e1s, los toxic\u00f3logos y los m\u00e9dicos forenses utilizan el 4-BMC como est\u00e1ndar en sus pruebas para identificar y cuantificar con precisi\u00f3n muestras de situaciones reales. El <b>La mejor 4-bromometcatinona disponible<\/b> Por lo tanto, es decisivo para la precisi\u00f3n y fiabilidad de los an\u00e1lisis forenses. Tambi\u00e9n en el \u00e1mbito de la investigaci\u00f3n farmac\u00e9utica puede ser <i>In vitro<\/i>Se utilizan modelos para estudiar las interacciones de los receptores o las v\u00edas metab\u00f3licas, siempre en condiciones estrictamente controladas y de acuerdo con las directrices \u00e9ticas.<\/p>\n<p>Tenga en cuenta que <b>4-bromometcatinona<\/b> est\u00e1 destinado exclusivamente a fines de investigaci\u00f3n y no al consumo humano ni a aplicaciones terap\u00e9uticas. El manejo de este producto qu\u00edmico requiere conocimientos especializados y el cumplimiento de las normas de seguridad pertinentes. Encontrar\u00e1 otros productos de investigaci\u00f3n relacionados que podr\u00edan ser relevantes para investigaciones cient\u00edficas en nuestro <a href=\"https:\/\/chemgramx.com\/product\/kaufen-sie-china-white-heroin\/\">amplia gama de productos<\/a>.<\/p>\n<h2>Seguridad y manipulaci\u00f3n del 4-BMC<\/h2>\n<p>El uso responsable de <b>4-bromometcatinona<\/b> es de suma importancia. Los investigadores deben llevar siempre el equipo de protecci\u00f3n individual (EPI) adecuado, incluyendo guantes, gafas protectoras y bata de laboratorio, para evitar el contacto directo con la sustancia. Tambi\u00e9n es imprescindible una buena ventilaci\u00f3n del \u00e1rea de trabajo, idealmente bajo una campana extractora, para minimizar la exposici\u00f3n a vapores o polvos.<\/p>\n<p>El almacenamiento del 4-BMC debe realizarse en un lugar fresco, seco y bien ventilado, alejado de la luz solar directa y otras fuentes de calor. El recipiente debe estar bien cerrado para mantener la estabilidad de la sustancia y evitar la contaminaci\u00f3n. A continuaci\u00f3n, todas las existencias deben etiquetarse adecuadamente y mantenerse fuera del alcance de personas no autorizadas. Un <b>Compra segura<\/b> del producto es solo el primer paso; el manejo seguro en el laboratorio es igualmente decisivo.<\/p>\n<p>En caso de contacto con la piel o los ojos, enjuague inmediatamente la zona afectada con abundante agua y, si es necesario, acuda al m\u00e9dico. Los derrames deben limpiarse de acuerdo con las directrices del laboratorio, con especial precauci\u00f3n. Nuestro producto se maneja siempre con cuidado y est\u00e1 optimizado para un procesamiento seguro en su centro de investigaci\u00f3n.<\/p>\n<h2>Pida 4-BMC (4-bromometcatinona) en Chemgramx<\/h2>\n<p>Si est\u00e1 listo para llevar su investigaci\u00f3n al siguiente nivel, puede <b>Comprar 4-bromometcatinona online<\/b> en Chemgramx. Ofrecemos un proceso de pedido sencillo y seguro, adaptado a las necesidades de los centros de investigaci\u00f3n. Adem\u00e1s, garantizamos la discreci\u00f3n y la integridad en cada transacci\u00f3n. Nuestro objetivo es facilitarle el acceso a productos qu\u00edmicos de alta pureza para investigaci\u00f3n de la forma m\u00e1s sencilla y fiable posible. Adem\u00e1s, puede hacer uso en cualquier momento de nuestro excelente <a href=\"https:\/\/chemgramx.com\/product\/4-bmc-4-bromomethcathinon-online-kaufen\/\">Comprar 4-BMC (4-Bromometacatinona) en l\u00ednea<\/a> y benef\u00edciese de nuestra experiencia.<\/p>\n<p>Nuestro equipo de atenci\u00f3n al cliente est\u00e1 a su disposici\u00f3n para responder a sus preguntas y ayudarle a elegir los productos adecuados para sus proyectos. Aproveche nuestra experiencia y nuestro compromiso con la calidad comprando ahora. <a href=\"https:\/\/chemgramx.com\/product\/4-bmc-4-bromomethcathinon-online-kaufen\/\"><b>Comprar 4-BMC de alta calidad en Chemgramx<\/b><\/a>. Nuestro proceso optimizado le permite, <b>Comprar ahora online<\/b> y completar c\u00f3modamente su pedido. Por lo tanto, Chemgramx es su primera opci\u00f3n para productos de investigaci\u00f3n.<\/p>\n<h2>Preguntas frecuentes (FAQ) sobre el 4-BMC<\/h2>\n<h3>\u00bfQu\u00e9 significa la calidad de la investigaci\u00f3n en 4-BMC?<\/h3>\n<p><b>Calidad de la investigaci\u00f3n<\/b> significa que nuestro <b>4-bromometcatinona<\/b> Ha sido fabricado espec\u00edficamente para fines cient\u00edficos y anal\u00edticos. Cumple con altos est\u00e1ndares de pureza y se somete a pruebas exhaustivas para garantizar resultados precisos y reproducibles en estudios de laboratorio. No est\u00e1 destinado al consumo humano ni a fines m\u00e9dicos. Por lo tanto, es ideal para proyectos de investigaci\u00f3n exigentes.<\/p>\n<h3>\u00bfC\u00f3mo se garantiza la pureza del 4-BMC?<\/h3>\n<p>La pureza de nuestro <b>4-bromometcatinonas<\/b> Se garantiza mediante una serie de rigurosos procedimientos de an\u00e1lisis, entre los que se incluyen la HPLC (cromatograf\u00eda l\u00edquida de alta resoluci\u00f3n) y la RMN (espectroscopia de resonancia magn\u00e9tica nuclear). Estas pruebas confirman la identidad qu\u00edmica y cuantifican el grado de pureza de cada lote. De este modo, garantizamos un producto de excelente calidad que cumple con nuestras exigencias. <b>Alta pureza a la venta<\/b> subraya.<\/p>\n<h3>\u00bfSe puede adquirir 4-BMC de forma legal?<\/h3>\n<p>La legalidad de la adquisici\u00f3n y posesi\u00f3n de <b>4-bromometcatinona<\/b> var\u00eda seg\u00fan el pa\u00eds y la jurisdicci\u00f3n. Es responsabilidad del comprador verificar y cumplir con las leyes y regulaciones locales antes de realizar un pedido. Vendemos 4-BMC exclusivamente a instituciones de investigaci\u00f3n y educaci\u00f3n, y esperamos que todos los clientes respeten las regulaciones aplicables. Por lo tanto, su <b>Compra segura<\/b> bajo esta premisa.<\/p>\n<h3>\u00bfQu\u00e9 precauciones deben tenerse en cuenta al manipular 4-BMC?<\/h3>\n<p>Al manipular <b>4-bromometcatinona<\/b> Siempre deben tomarse las precauciones de seguridad adecuadas. Esto incluye el uso de equipos de protecci\u00f3n personal, como guantes y gafas de seguridad, as\u00ed como trabajar en un \u00e1rea bien ventilada o bajo una campana extractora. Es esencial realizar un an\u00e1lisis detallado de los riesgos y cumplir las directrices del laboratorio para evitar la exposici\u00f3n y garantizar un entorno de trabajo seguro. En resumen, la seguridad es siempre una prioridad.<\/p>\n<h3>\u00bfOfrece Chemgramx certificados de an\u00e1lisis para el 4-BMC?<\/h3>\n<p>S\u00ed, por supuesto. Para cada lote. <b>4-bromometcatinona<\/b>, que usted puede encontrar en nuestra empresa <b>pedido en l\u00ednea<\/b>, proporcionamos un certificado de an\u00e1lisis detallado (CoA) bajo petici\u00f3n. Este documento confirma la pureza y la identidad qu\u00edmica del producto, bas\u00e1ndose en nuestros controles de calidad internos. Es una parte esencial de nuestro compromiso con la transparencia y la calidad cuando usted <a href=\"https:\/\/chemgramx.com\/product\/4-bmc-4-bromomethcathinon-online-kaufen\/\">Comprar 4-BMC (4-Bromometacatinona) en l\u00ednea<\/a>.<\/p>","protected":false},"excerpt":{"rendered":"<p>Descubra <b>4-bromometcatinona<\/b> de la m\u00e1s alta calidad para investigaci\u00f3n en Chemgramx. Este aut\u00e9ntico derivado de la catinona es ideal para estudios anal\u00edticos y ciencias de los materiales. Nuestro producto es conocido por su excepcional pureza e identidad qu\u00edmica verificada. Si usted <b>Comprar 4-bromometcatinona<\/b> , le ofrecemos una compra segura y transparente. Adquiera ahora su material de investigaci\u00f3n de alta calidad en Chemgramx, su proveedor de confianza de productos qu\u00edmicos de laboratorio.<\/p>","protected":false},"featured_media":8090,"comment_status":"open","ping_status":"closed","template":"","meta":{"_joinchat":[]},"product_brand":[],"product_cat":[48],"product_tag":[1415,1412,1422,1408,1421,1405,1406,1401,1398,1417,1419,1402,1413,1416,1400,1407,1418,1423,1399,1420,1403,1404,1414,1409,1411,1410],"class_list":{"0":"post-8038","1":"product","2":"type-product","3":"status-publish","4":"has-post-thumbnail","6":"product_cat-stimulants","7":"product_tag-4-bmc-bestellen","8":"product_tag-4-bmc-bulk-bestellung","9":"product_tag-4-bmc-chemikalie","10":"product_tag-4-bmc-experimente","11":"product_tag-4-bmc-forschung","12":"product_tag-4-bmc-forschung-chemikalie","13":"product_tag-4-bmc-fur-neurowissenschaftliche-studien","14":"product_tag-4-bmc-groshandel","15":"product_tag-4-bmc-kaufen","16":"product_tag-4-bmc-labor","17":"product_tag-4-bmc-legal","18":"product_tag-4-bmc-lieferant","19":"product_tag-4-bmc-marktanalyse","20":"product_tag-4-bmc-online","21":"product_tag-4-bmc-online-bestellen","22":"product_tag-4-bmc-pharmazeutische-forschung","23":"product_tag-4-bmc-sicher","24":"product_tag-4-bmc-versand","25":"product_tag-4-bromomethcathinon-bestellen","26":"product_tag-4bmc-gunstig","27":"product_tag-forschung-chemikalien-4-bmc","28":"product_tag-hochwertige-4-bmc-kaufen","29":"product_tag-innovative-4-bmc-forschung","30":"product_tag-laborqualitat-4-bmc","31":"product_tag-legaler-4-bmc-anbieter","32":"product_tag-sicherer-4-bmc-versand","34":"first","35":"instock","36":"shipping-taxable","37":"purchasable","38":"product-type-variable"},"yoast_head":"<!-- This site is optimized with the Yoast SEO plugin v27.5 - https:\/\/yoast.com\/product\/yoast-seo-wordpress\/ -->\n<title>Kaufen 4-BMC - Reinheit (zum Verkauf | Hohe Qualit\u00e4t)<\/title>\n<meta name=\"description\" content=\"Entdecken Sie hochwertiges 4-Bromomethcathinon in Forschungsqualit\u00e4t. Jetzt 4-Bromomethcathinon kaufen und Ihr Laborprojekt vorantreiben. Authentisch und sicher.\" \/>\n<meta name=\"robots\" content=\"index, follow, max-snippet:-1, max-image-preview:large, max-video-preview:-1\" \/>\n<link rel=\"canonical\" href=\"https:\/\/chemgramx.com\/es\/producto-1\/4-bmc-4-bromomethcathinone-comprar-en-linea\/\" \/>\n<meta property=\"og:locale\" content=\"es_ES\" \/>\n<meta property=\"og:type\" content=\"article\" \/>\n<meta property=\"og:title\" content=\"Kaufen 4-BMC - Reinheit (zum Verkauf | Hohe Qualit\u00e4t)\" \/>\n<meta property=\"og:description\" content=\"Entdecken Sie hochwertiges 4-Bromomethcathinon in Forschungsqualit\u00e4t. Jetzt 4-Bromomethcathinon kaufen und Ihr Laborprojekt vorantreiben. Authentisch und sicher.\" \/>\n<meta property=\"og:url\" content=\"https:\/\/chemgramx.com\/es\/producto-1\/4-bmc-4-bromomethcathinone-comprar-en-linea\/\" \/>\n<meta property=\"og:site_name\" content=\"Chemgramx\" \/>\n<meta property=\"article:modified_time\" content=\"2025-12-09T10:24:01+00:00\" \/>\n<meta property=\"og:image\" content=\"https:\/\/chemgramx.com\/wp-content\/uploads\/2025\/11\/4-BMC-4-Bromomethcathinon.jpg\" \/>\n\t<meta property=\"og:image:width\" content=\"300\" \/>\n\t<meta property=\"og:image:height\" content=\"300\" \/>\n\t<meta property=\"og:image:type\" content=\"image\/jpeg\" \/>\n<meta name=\"twitter:card\" content=\"summary_large_image\" \/>\n<meta name=\"twitter:label1\" content=\"Tiempo de lectura\" \/>\n\t<meta name=\"twitter:data1\" content=\"2 minutos\" \/>\n<script type=\"application\/ld+json\" class=\"yoast-schema-graph\">{\"@context\":\"https:\\\/\\\/schema.org\",\"@graph\":[{\"@type\":\"WebPage\",\"@id\":\"https:\\\/\\\/chemgramx.com\\\/product\\\/4-bmc-4-bromomethcathinon-online-kaufen\\\/\",\"url\":\"https:\\\/\\\/chemgramx.com\\\/product\\\/4-bmc-4-bromomethcathinon-online-kaufen\\\/\",\"name\":\"Kaufen 4-BMC - Reinheit (zum Verkauf | Hohe Qualit\u00e4t)\",\"isPartOf\":{\"@id\":\"https:\\\/\\\/chemgramx.com\\\/#website\"},\"primaryImageOfPage\":{\"@id\":\"https:\\\/\\\/chemgramx.com\\\/product\\\/4-bmc-4-bromomethcathinon-online-kaufen\\\/#primaryimage\"},\"image\":{\"@id\":\"https:\\\/\\\/chemgramx.com\\\/product\\\/4-bmc-4-bromomethcathinon-online-kaufen\\\/#primaryimage\"},\"thumbnailUrl\":\"https:\\\/\\\/chemgramx.com\\\/wp-content\\\/uploads\\\/2025\\\/11\\\/4-BMC-4-Bromomethcathinon.jpg\",\"datePublished\":\"2025-11-21T16:46:33+00:00\",\"dateModified\":\"2025-12-09T10:24:01+00:00\",\"description\":\"Entdecken Sie hochwertiges 4-Bromomethcathinon in Forschungsqualit\u00e4t. Jetzt 4-Bromomethcathinon kaufen und Ihr Laborprojekt vorantreiben. Authentisch und sicher.\",\"breadcrumb\":{\"@id\":\"https:\\\/\\\/chemgramx.com\\\/product\\\/4-bmc-4-bromomethcathinon-online-kaufen\\\/#breadcrumb\"},\"inLanguage\":\"es\",\"potentialAction\":[{\"@type\":\"ReadAction\",\"target\":[\"https:\\\/\\\/chemgramx.com\\\/product\\\/4-bmc-4-bromomethcathinon-online-kaufen\\\/\"]}]},{\"@type\":\"ImageObject\",\"inLanguage\":\"es\",\"@id\":\"https:\\\/\\\/chemgramx.com\\\/product\\\/4-bmc-4-bromomethcathinon-online-kaufen\\\/#primaryimage\",\"url\":\"https:\\\/\\\/chemgramx.com\\\/wp-content\\\/uploads\\\/2025\\\/11\\\/4-BMC-4-Bromomethcathinon.jpg\",\"contentUrl\":\"https:\\\/\\\/chemgramx.com\\\/wp-content\\\/uploads\\\/2025\\\/11\\\/4-BMC-4-Bromomethcathinon.jpg\",\"width\":300,\"height\":300},{\"@type\":\"BreadcrumbList\",\"@id\":\"https:\\\/\\\/chemgramx.com\\\/product\\\/4-bmc-4-bromomethcathinon-online-kaufen\\\/#breadcrumb\",\"itemListElement\":[{\"@type\":\"ListItem\",\"position\":1,\"name\":\"Home\",\"item\":\"https:\\\/\\\/chemgramx.com\\\/\"},{\"@type\":\"ListItem\",\"position\":2,\"name\":\"Shop\",\"item\":\"https:\\\/\\\/chemgramx.com\\\/shop\\\/\"},{\"@type\":\"ListItem\",\"position\":3,\"name\":\"Kaufen 4-BMC &#8211; Reinheit (zum Verkauf | Hohe Qualit\u00e4t)\"}]},{\"@type\":\"WebSite\",\"@id\":\"https:\\\/\\\/chemgramx.com\\\/#website\",\"url\":\"https:\\\/\\\/chemgramx.com\\\/\",\"name\":\"Chemgramx\",\"description\":\"\",\"publisher\":{\"@id\":\"https:\\\/\\\/chemgramx.com\\\/#organization\"},\"potentialAction\":[{\"@type\":\"SearchAction\",\"target\":{\"@type\":\"EntryPoint\",\"urlTemplate\":\"https:\\\/\\\/chemgramx.com\\\/?s={search_term_string}\"},\"query-input\":{\"@type\":\"PropertyValueSpecification\",\"valueRequired\":true,\"valueName\":\"search_term_string\"}}],\"inLanguage\":\"es\"},{\"@type\":\"Organization\",\"@id\":\"https:\\\/\\\/chemgramx.com\\\/#organization\",\"name\":\"Chemgramx\",\"url\":\"https:\\\/\\\/chemgramx.com\\\/\",\"logo\":{\"@type\":\"ImageObject\",\"inLanguage\":\"es\",\"@id\":\"https:\\\/\\\/chemgramx.com\\\/#\\\/schema\\\/logo\\\/image\\\/\",\"url\":\"https:\\\/\\\/chemgramx.com\\\/wp-content\\\/uploads\\\/2024\\\/10\\\/final-logo.png\",\"contentUrl\":\"https:\\\/\\\/chemgramx.com\\\/wp-content\\\/uploads\\\/2024\\\/10\\\/final-logo.png\",\"width\":250,\"height\":48,\"caption\":\"Chemgramx\"},\"image\":{\"@id\":\"https:\\\/\\\/chemgramx.com\\\/#\\\/schema\\\/logo\\\/image\\\/\"}}]}<\/script>\n<!-- \/ Yoast SEO plugin. -->","yoast_head_json":{"title":"Comprar 4-BMC - Pureza (en venta | Alta calidad)","description":"Descubra la 4-bromometcatinona de alta calidad para investigaci\u00f3n. Compre ahora 4-bromometcatinona y avance en su proyecto de laboratorio. Aut\u00e9ntica y segura.","robots":{"index":"index","follow":"follow","max-snippet":"max-snippet:-1","max-image-preview":"max-image-preview:large","max-video-preview":"max-video-preview:-1"},"canonical":"https:\/\/chemgramx.com\/es\/producto-1\/4-bmc-4-bromomethcathinone-comprar-en-linea\/","og_locale":"es_ES","og_type":"article","og_title":"Kaufen 4-BMC - Reinheit (zum Verkauf | Hohe Qualit\u00e4t)","og_description":"Entdecken Sie hochwertiges 4-Bromomethcathinon in Forschungsqualit\u00e4t. Jetzt 4-Bromomethcathinon kaufen und Ihr Laborprojekt vorantreiben. Authentisch und sicher.","og_url":"https:\/\/chemgramx.com\/es\/producto-1\/4-bmc-4-bromomethcathinone-comprar-en-linea\/","og_site_name":"Chemgramx","article_modified_time":"2025-12-09T10:24:01+00:00","og_image":[{"width":300,"height":300,"url":"https:\/\/chemgramx.com\/wp-content\/uploads\/2025\/11\/4-BMC-4-Bromomethcathinon.jpg","type":"image\/jpeg"}],"twitter_card":"summary_large_image","twitter_misc":{"Tiempo de lectura":"2 minutos"},"schema":{"@context":"https:\/\/schema.org","@graph":[{"@type":"WebPage","@id":"https:\/\/chemgramx.com\/product\/4-bmc-4-bromomethcathinon-online-kaufen\/","url":"https:\/\/chemgramx.com\/product\/4-bmc-4-bromomethcathinon-online-kaufen\/","name":"Comprar 4-BMC - Pureza (en venta | Alta calidad)","isPartOf":{"@id":"https:\/\/chemgramx.com\/#website"},"primaryImageOfPage":{"@id":"https:\/\/chemgramx.com\/product\/4-bmc-4-bromomethcathinon-online-kaufen\/#primaryimage"},"image":{"@id":"https:\/\/chemgramx.com\/product\/4-bmc-4-bromomethcathinon-online-kaufen\/#primaryimage"},"thumbnailUrl":"https:\/\/chemgramx.com\/wp-content\/uploads\/2025\/11\/4-BMC-4-Bromomethcathinon.jpg","datePublished":"2025-11-21T16:46:33+00:00","dateModified":"2025-12-09T10:24:01+00:00","description":"Descubra la 4-bromometcatinona de alta calidad para investigaci\u00f3n. Compre ahora 4-bromometcatinona y avance en su proyecto de laboratorio. Aut\u00e9ntica y segura.","breadcrumb":{"@id":"https:\/\/chemgramx.com\/product\/4-bmc-4-bromomethcathinon-online-kaufen\/#breadcrumb"},"inLanguage":"es","potentialAction":[{"@type":"ReadAction","target":["https:\/\/chemgramx.com\/product\/4-bmc-4-bromomethcathinon-online-kaufen\/"]}]},{"@type":"ImageObject","inLanguage":"es","@id":"https:\/\/chemgramx.com\/product\/4-bmc-4-bromomethcathinon-online-kaufen\/#primaryimage","url":"https:\/\/chemgramx.com\/wp-content\/uploads\/2025\/11\/4-BMC-4-Bromomethcathinon.jpg","contentUrl":"https:\/\/chemgramx.com\/wp-content\/uploads\/2025\/11\/4-BMC-4-Bromomethcathinon.jpg","width":300,"height":300},{"@type":"BreadcrumbList","@id":"https:\/\/chemgramx.com\/product\/4-bmc-4-bromomethcathinon-online-kaufen\/#breadcrumb","itemListElement":[{"@type":"ListItem","position":1,"name":"Home","item":"https:\/\/chemgramx.com\/"},{"@type":"ListItem","position":2,"name":"Shop","item":"https:\/\/chemgramx.com\/shop\/"},{"@type":"ListItem","position":3,"name":"Kaufen 4-BMC &#8211; Reinheit (zum Verkauf | Hohe Qualit\u00e4t)"}]},{"@type":"WebSite","@id":"https:\/\/chemgramx.com\/#website","url":"https:\/\/chemgramx.com\/","name":"Chemgramx","description":"","publisher":{"@id":"https:\/\/chemgramx.com\/#organization"},"potentialAction":[{"@type":"SearchAction","target":{"@type":"EntryPoint","urlTemplate":"https:\/\/chemgramx.com\/?s={search_term_string}"},"query-input":{"@type":"PropertyValueSpecification","valueRequired":true,"valueName":"search_term_string"}}],"inLanguage":"es"},{"@type":"Organization","@id":"https:\/\/chemgramx.com\/#organization","name":"Chemgramx","url":"https:\/\/chemgramx.com\/","logo":{"@type":"ImageObject","inLanguage":"es","@id":"https:\/\/chemgramx.com\/#\/schema\/logo\/image\/","url":"https:\/\/chemgramx.com\/wp-content\/uploads\/2024\/10\/final-logo.png","contentUrl":"https:\/\/chemgramx.com\/wp-content\/uploads\/2024\/10\/final-logo.png","width":250,"height":48,"caption":"Chemgramx"},"image":{"@id":"https:\/\/chemgramx.com\/#\/schema\/logo\/image\/"}}]}},"_links":{"self":[{"href":"https:\/\/chemgramx.com\/es\/wp-json\/wp\/v2\/product\/8038","targetHints":{"allow":["GET"]}}],"collection":[{"href":"https:\/\/chemgramx.com\/es\/wp-json\/wp\/v2\/product"}],"about":[{"href":"https:\/\/chemgramx.com\/es\/wp-json\/wp\/v2\/types\/product"}],"replies":[{"embeddable":true,"href":"https:\/\/chemgramx.com\/es\/wp-json\/wp\/v2\/comments?post=8038"}],"wp:featuredmedia":[{"embeddable":true,"href":"https:\/\/chemgramx.com\/es\/wp-json\/wp\/v2\/media\/8090"}],"wp:attachment":[{"href":"https:\/\/chemgramx.com\/es\/wp-json\/wp\/v2\/media?parent=8038"}],"wp:term":[{"taxonomy":"product_brand","embeddable":true,"href":"https:\/\/chemgramx.com\/es\/wp-json\/wp\/v2\/product_brand?post=8038"},{"taxonomy":"product_cat","embeddable":true,"href":"https:\/\/chemgramx.com\/es\/wp-json\/wp\/v2\/product_cat?post=8038"},{"taxonomy":"product_tag","embeddable":true,"href":"https:\/\/chemgramx.com\/es\/wp-json\/wp\/v2\/product_tag?post=8038"}],"curies":[{"name":"wp","href":"https:\/\/api.w.org\/{rel}","templated":true}]}}