{"id":8377,"date":"2025-11-21T18:17:56","date_gmt":"2025-11-21T18:17:56","guid":{"rendered":"https:\/\/chemgramx.com\/?post_type=product&#038;p=8377"},"modified":"2025-12-09T10:19:19","modified_gmt":"2025-12-09T10:19:19","slug":"comprar-metanfetamina-online","status":"publish","type":"product","link":"https:\/\/chemgramx.com\/es\/product\/methamphetamin-online-kaufen\/","title":{"rendered":"Comprar metanfetamina: investigaci\u00f3n y calidad"},"content":{"rendered":"<p>En Chemgramx comprendemos los requisitos espec\u00edficos de la investigaci\u00f3n moderna. Por este motivo, ofrecemos <b>Metanfetamina a la venta<\/b> especialmente dise\u00f1ado para fines cient\u00edficos y anal\u00edticos. Nuestros productos se caracterizan por su m\u00e1xima pureza y una calidad garantizada para la investigaci\u00f3n, lo cual es imprescindible para obtener resultados experimentales precisos. Esto garantiza que sus estudios se basen en una base fiable. Adem\u00e1s, damos gran importancia a la integridad de cada lote individual.<\/p>\n<p>\u00bfBusca <b>metanfetamina de alta calidad<\/b> para su trabajo de laboratorio? Chemgramx es su proveedor de confianza. Garantizamos la autenticidad y las especificaciones de nuestros compuestos qu\u00edmicos. Nuestro objetivo es proporcionarle acceso a los mejores productos qu\u00edmicos disponibles en el mercado para que pueda avanzar en su investigaci\u00f3n. Por ello, apoyamos a cient\u00edficos e investigadores de todo el mundo con materiales precisos. Si desea obtener m\u00e1s informaci\u00f3n sobre nuestros est\u00e1ndares de investigaci\u00f3n, puede consultar aqu\u00ed los detalles sobre <a href=\"https:\/\/chemgramx.com\/product\/methamphetamin-online-kaufen\/\">metanfetamina pura<\/a> Ver.<\/p>\n<h2>\u00bfQu\u00e9 es la metanfetamina?<\/h2>\n<p>Metanfetamina (nombre IUPAC: <i>(S)-N-metil-1-fenilpropan-2-amina<\/i>) es un compuesto org\u00e1nico sint\u00e9tico del grupo de las fenetilaminas y las anfetaminas. Pertenece a los estimulantes del sistema nervioso central. Qu\u00edmicamente, es un derivado metilado de la anfetamina, lo que explica su similitud estructural y su efecto farmacol\u00f3gico. Por lo tanto, es un importante objeto de estudio en neurofarmacolog\u00eda.<\/p>\n<p>La f\u00f3rmula qu\u00edmica es C<sub>10<\/sub>H<sub>15<\/sub>N y la masa molar es de 149,23 g\/mol. Se presenta como un s\u00f3lido cristalino incoloro a blanco. Su solubilidad en agua y disolventes org\u00e1nicos lo hace vers\u00e1til para diversas aplicaciones de investigaci\u00f3n. Adem\u00e1s, su estereoqu\u00edmica es relevante para su actividad biol\u00f3gica, siendo el enanti\u00f3mero (S) la forma psicoactiva principal.<\/p>\n<h3>Propiedades qu\u00edmicas y estructura<\/h3>\n<ul>\n<li><b>F\u00f3rmula de la suma:<\/b> C<sub>10<\/sub>H<sub>15<\/sub>N<\/li>\n<li><b>Masa molar:<\/b> 149,23 g\/mol<\/li>\n<li><b>Estado agregado:<\/b> S\u00f3lido cristalino blanco.<\/li>\n<li><b>Solubilidad:<\/b> F\u00e1cilmente soluble en agua y etanol.<\/li>\n<li><b>Estructura:<\/b> Derivado de feniletilamina con un grupo metilo en el \u00e1tomo de nitr\u00f3geno<\/li>\n<\/ul>\n<p>La estructura qu\u00edmica \u00fanica de la metanfetamina le permite atravesar eficazmente la barrera hematoencef\u00e1lica, lo que explica su efecto sobre el sistema nervioso central. Por consiguiente, es una herramienta valiosa para estudiar los procesos neuroqu\u00edmicos. Sin embargo, el manejo de esta sustancia est\u00e1 estrictamente regulado y requiere un profundo conocimiento de sus propiedades.<\/p>\n<h2>Aplicaciones y \u00e1reas de investigaci\u00f3n<\/h2>\n<p><b>Metanfetamina aut\u00e9ntica<\/b> de Chemgramx se ofrece exclusivamente con fines de investigaci\u00f3n. Es un reactivo valioso en la investigaci\u00f3n farmacol\u00f3gica para estudiar los mecanismos de neurotransmisores como la dopamina, la noradrenalina y la serotonina. De este modo, contribuye a la comprensi\u00f3n de enfermedades neurol\u00f3gicas complejas. Por ejemplo, se utiliza en estudios sobre neurotoxicidad y en el desarrollo de nuevos enfoques terap\u00e9uticos.<\/p>\n<h3>\u00c1reas de investigaci\u00f3n<\/h3>\n<p>Los laboratorios de investigaci\u00f3n de todo el mundo utilizan la metanfetamina para:<\/p>\n<ul>\n<li>Descifrar la fisiopatolog\u00eda de las adicciones.<\/li>\n<li>Analizar los efectos de los estimulantes sobre las funciones cognitivas.<\/li>\n<li>Desarrollar y validar modelos de neurotoxicidad.<\/li>\n<li>Investigar nuevos ant\u00eddotos o m\u00e9todos de tratamiento para las intoxicaciones.<\/li>\n<li>Elaborar perfiles farmacocin\u00e9ticos y farmacodin\u00e1micos.<\/li>\n<\/ul>\n<p><b>Clase de investigaci\u00f3n en venta<\/b> significa que nuestro producto cumple con los m\u00e1s altos est\u00e1ndares de integridad cient\u00edfica. Esto garantiza resultados reproducibles y fiables en sus experimentos. Adem\u00e1s, el conocimiento exacto de la pureza de la sustancia es fundamental para la validaci\u00f3n de los resultados de los estudios. Por eso es importante recurrir \u00fanicamente a proveedores de confianza.<\/p>\n<h2>Calidad y pureza en Chemgramx<\/h2>\n<p>En Chemgramx nos comprometemos a utilizar \u00fanicamente los <b>Mejor disponibilidad de metanfetamina<\/b> mediante la aplicaci\u00f3n de estrictos controles de calidad. Todos nuestros productos, incluida la metanfetamina, se someten a exhaustivas pruebas para garantizar una pureza superior al 98%. Esto es fundamental para los resultados de investigaci\u00f3n, que deben estar libres de impurezas. De este modo, puede confiar en la precisi\u00f3n de sus experimentos.<\/p>\n<p>Entendemos que en la ciencia no se pueden hacer concesiones en materia de calidad. Por eso, nuestro <b>Calidad de laboratorio a la venta<\/b>Oferta dise\u00f1ada para satisfacer las expectativas incluso de los centros de investigaci\u00f3n m\u00e1s exigentes. Nuestros certificados de an\u00e1lisis acreditan la composici\u00f3n y pureza de cada lote. <b>Compre metanfetamina en l\u00ednea<\/b> con nosotros, y recibir\u00e1 un producto que cumple con nuestros altos est\u00e1ndares. Al fin y al cabo, la pureza es la base de cualquier estudio exitoso.<\/p>\n<h3>proceso de garant\u00eda de calidad<\/h3>\n<ul>\n<li><b>An\u00e1lisis exhaustivos:<\/b> Cada lote se comprueba mediante HPLC, RMN y espectrometr\u00eda de masas.<\/li>\n<li><b>Trazabilidad de los lotes:<\/b> Cada entrega va acompa\u00f1ada de un certificado de an\u00e1lisis detallado.<\/li>\n<li><b>Almacenamiento riguroso:<\/b> Nuestros productos se almacenan en condiciones \u00f3ptimas para garantizar su estabilidad e integridad.<\/li>\n<li><b>Cumplimiento de las normas:<\/b> Cumplimos con las normas internacionales para productos qu\u00edmicos de laboratorio.<\/li>\n<\/ul>\n<p>De esta manera, nos aseguramos de que siempre <b>Alta pureza a la venta<\/b> que se adapte a sus necesidades espec\u00edficas de investigaci\u00f3n. El cumplimiento de las normas internacionales de calidad es para nosotros algo natural. \u00bfDesea obtener m\u00e1s informaci\u00f3n sobre otros productos qu\u00edmicos para investigaci\u00f3n? Visite nuestra p\u00e1gina para <a href=\"https:\/\/chemgramx.com\/product\/4-ho-met-4-hydroxy-n-methyl-n-ethyltryptamin-online-kaufen\/\">4-HO-MET (4-hidroxi-N-metil-N-etiltriptamina)<\/a>, para descubrir m\u00e1s opciones.<\/p>\n<h2>Uso responsable y seguridad<\/h2>\n<p>El manejo de la metanfetamina requiere el m\u00e1ximo cuidado y el cumplimiento de todas las normas de seguridad. Esta sustancia no est\u00e1 destinada al consumo humano ni a fines m\u00e9dicos. Solo debe ser manipulada por personal cualificado en entornos de laboratorio debidamente equipados. Por consiguiente, es imprescindible el uso de equipos de protecci\u00f3n individual (EPI), como guantes, gafas protectoras y batas de laboratorio. Adem\u00e1s, deben cumplirse estrictamente todas las leyes locales y nacionales, as\u00ed como las directrices para el manejo de sustancias controladas.<\/p>\n<h3>Indicaciones importantes de seguridad<\/h3>\n<ul>\n<li><b>Almacenamiento:<\/b> Guarde la metanfetamina en un lugar fresco, seco y bien ventilado, lejos de la luz solar directa y de fuentes de calor.<\/li>\n<li><b>Etiquetado:<\/b> Aseg\u00farese de que los contenedores est\u00e9n etiquetados de forma clara y correcta.<\/li>\n<li><b>Eliminaci\u00f3n:<\/b> Elimine los restos y los envases vac\u00edos de acuerdo con la normativa vigente sobre sustancias peligrosas.<\/li>\n<li><b>Derramar:<\/b> En caso de derrame, tomar inmediatamente las medidas adecuadas para contenerlo y limpiarlo.<\/li>\n<li><b>Marco jur\u00eddico:<\/b> Inf\u00f3rmese sobre las leyes espec\u00edficas de importaci\u00f3n, posesi\u00f3n y uso en su jurisdicci\u00f3n antes de <a href=\"https:\/\/chemgramx.com\/product\/methamphetamin-online-kaufen\/\">Comprar metanfetamina<\/a>.<\/li>\n<\/ul>\n<p>En Chemgramx siempre hacemos hincapi\u00e9 en la importancia de un uso responsable de nuestros productos. Un <b>adquisici\u00f3n segura<\/b> requiere que nuestros clientes tomen todas las precauciones necesarias y sean conscientes de los riesgos potenciales. Adem\u00e1s, es fundamental documentar exhaustivamente todos los procesos que se llevan a cabo en el laboratorio. De hecho, el cumplimiento de estas directrices no solo es una obligaci\u00f3n legal, sino tambi\u00e9n \u00e9tica, con el fin de garantizar la seguridad de todas las personas implicadas.<\/p>\n<h2>Proceso de pedido y asistencia<\/h2>\n<p>Si desea adquirir metanfetamina para su investigaci\u00f3n, Chemgramx le ofrece un proceso de pedido profesional y seguro. Puede <b>Comprar ahora online<\/b> y benef\u00edciese de nuestra experiencia. Nuestro equipo especializado est\u00e1 a su disposici\u00f3n para responder a cualquier pregunta relacionada con nuestros productos y el proceso de pedido. En Chemgramx nos esforzamos por ofrecerle un proceso fluido, desde la selecci\u00f3n hasta el suministro de los productos qu\u00edmicos para investigaci\u00f3n. De este modo, podr\u00e1 aprovechar al m\u00e1ximo su valioso tiempo.<\/p>\n<p>Para obtener metanfetamina, es necesario identificarse como instituto de investigaci\u00f3n leg\u00edtimo o cient\u00edfico cualificado. Llevamos a cabo una revisi\u00f3n minuciosa de todas las solicitudes para garantizar el cumplimiento de las disposiciones legales. Nuestro objetivo es facilitar el acceso a <b>Productos qu\u00edmicos de investigaci\u00f3n<\/b> para fines cient\u00edficos leg\u00edtimos, al tiempo que mantenemos los m\u00e1s altos est\u00e1ndares de seguridad. <b>La mejor metanfetamina disponible<\/b> Por lo tanto, con nosotros encontrar\u00e1 lo que necesita para sus proyectos cient\u00edficos. Compre en Chemgramx y benef\u00edciese de nuestro servicio integral.<\/p>\n<p>Le invitamos a explorar nuestra gama de productos qu\u00edmicos de alta calidad para investigaci\u00f3n. Nuestro equipo trabaja continuamente para ampliar nuestra oferta y garantizar la calidad de nuestros productos. Por lo tanto, somos un socio fiable para sus proyectos cient\u00edficos. Estaremos encantados de ayudarle en sus investigaciones y proporcionarle los recursos que necesite.<\/p>","protected":false},"excerpt":{"rendered":"<p>Descubra nuestro <b>metanfetamina de alta calidad<\/b>, desarrollado espec\u00edficamente para fines exigentes de investigaci\u00f3n y laboratorio. Ofrece una pureza garantizada superior a 98%, ideal para an\u00e1lisis cient\u00edficos precisos y estudios farmacol\u00f3gicos. Como producto qu\u00edmico de investigaci\u00f3n, es fundamental para la precisi\u00f3n de los experimentos. Puede <b>Comprar metanfetamina<\/b> en Chemgramx, su socio de confianza para suministros de laboratorio. Esto garantiza una compra segura para sus proyectos cient\u00edficos.<\/p>","protected":false},"featured_media":8384,"comment_status":"open","ping_status":"closed","template":"","meta":{"_joinchat":[]},"product_brand":[],"product_cat":[48],"product_tag":[138,129,120,135,133,128,119,132,130,127,134,123,122,137,136,126,131,121,125,124],"class_list":{"0":"post-8377","1":"product","2":"type-product","3":"status-publish","4":"has-post-thumbnail","6":"product_cat-stimulants","7":"product_tag-methamphetamin-beschaffung","8":"product_tag-methamphetamin-beschaffungsrichtlinien","9":"product_tag-methamphetamin-forschung","10":"product_tag-methamphetamin-forschung-und-entwicklung","11":"product_tag-methamphetamin-fur-kontrollierte-verwendung","12":"product_tag-methamphetamin-fur-laboranwendungen","13":"product_tag-methamphetamin-fur-medizinische-anwendungen","14":"product_tag-methamphetamin-gesetzliche-vorschriften","15":"product_tag-methamphetamin-groshandelslieferung","16":"product_tag-methamphetamin-in-der-chemieproduktion","17":"product_tag-methamphetamin-in-der-pharmaproduktion","18":"product_tag-methamphetamin-in-der-wissenschaft","19":"product_tag-methamphetamin-lagerung-und-handhabung","20":"product_tag-methamphetamin-lieferant","21":"product_tag-methamphetamin-marktanalyse","22":"product_tag-methamphetamin-preis-und-angebot","23":"product_tag-methamphetamin-risiken-und-gefahren","24":"product_tag-methamphetamin-sicherheitsrichtlinien","25":"product_tag-methamphetamin-verfugbarkeit","26":"product_tag-methamphetamin-vs-amphetamin","28":"first","29":"instock","30":"shipping-taxable","31":"purchasable","32":"product-type-variable"},"yoast_head":"<!-- This site is optimized with the Yoast SEO plugin v27.5 - https:\/\/yoast.com\/product\/yoast-seo-wordpress\/ -->\n<title>Methamphetamin kaufen \u2013 Forschung &amp; Qualit\u00e4t<\/title>\n<meta name=\"description\" content=\"Suchen Sie reines Methamphetamin f\u00fcr Ihre Forschung? Bei Chemgramx k\u00f6nnen Sie Methamphetamin kaufen in garantierter Laborqualit\u00e4t. Pr\u00e4zise Analysen sicherstellen. Jetzt online bestellen!\" \/>\n<meta name=\"robots\" content=\"index, follow, max-snippet:-1, max-image-preview:large, max-video-preview:-1\" \/>\n<link rel=\"canonical\" href=\"https:\/\/chemgramx.com\/es\/producto-1\/comprar-metanfetamina-online\/\" \/>\n<meta property=\"og:locale\" content=\"es_ES\" \/>\n<meta property=\"og:type\" content=\"article\" \/>\n<meta property=\"og:title\" content=\"Methamphetamin kaufen \u2013 Forschung &amp; Qualit\u00e4t\" \/>\n<meta property=\"og:description\" content=\"Suchen Sie reines Methamphetamin f\u00fcr Ihre Forschung? Bei Chemgramx k\u00f6nnen Sie Methamphetamin kaufen in garantierter Laborqualit\u00e4t. Pr\u00e4zise Analysen sicherstellen. Jetzt online bestellen!\" \/>\n<meta property=\"og:url\" content=\"https:\/\/chemgramx.com\/es\/producto-1\/comprar-metanfetamina-online\/\" \/>\n<meta property=\"og:site_name\" content=\"Chemgramx\" \/>\n<meta property=\"article:modified_time\" content=\"2025-12-09T10:19:19+00:00\" \/>\n<meta property=\"og:image\" content=\"https:\/\/chemgramx.com\/wp-content\/uploads\/2025\/11\/meth.jpg\" \/>\n\t<meta property=\"og:image:width\" content=\"259\" \/>\n\t<meta property=\"og:image:height\" content=\"194\" \/>\n\t<meta property=\"og:image:type\" content=\"image\/jpeg\" \/>\n<meta name=\"twitter:card\" content=\"summary_large_image\" \/>\n<meta name=\"twitter:label1\" content=\"Tiempo de lectura\" \/>\n\t<meta name=\"twitter:data1\" content=\"3 minutos\" \/>\n<script type=\"application\/ld+json\" class=\"yoast-schema-graph\">{\"@context\":\"https:\\\/\\\/schema.org\",\"@graph\":[{\"@type\":\"WebPage\",\"@id\":\"https:\\\/\\\/chemgramx.com\\\/product\\\/methamphetamin-online-kaufen\\\/\",\"url\":\"https:\\\/\\\/chemgramx.com\\\/product\\\/methamphetamin-online-kaufen\\\/\",\"name\":\"Methamphetamin kaufen \u2013 Forschung & Qualit\u00e4t\",\"isPartOf\":{\"@id\":\"https:\\\/\\\/chemgramx.com\\\/#website\"},\"primaryImageOfPage\":{\"@id\":\"https:\\\/\\\/chemgramx.com\\\/product\\\/methamphetamin-online-kaufen\\\/#primaryimage\"},\"image\":{\"@id\":\"https:\\\/\\\/chemgramx.com\\\/product\\\/methamphetamin-online-kaufen\\\/#primaryimage\"},\"thumbnailUrl\":\"https:\\\/\\\/chemgramx.com\\\/wp-content\\\/uploads\\\/2025\\\/11\\\/meth.jpg\",\"datePublished\":\"2025-11-21T18:17:56+00:00\",\"dateModified\":\"2025-12-09T10:19:19+00:00\",\"description\":\"Suchen Sie reines Methamphetamin f\u00fcr Ihre Forschung? Bei Chemgramx k\u00f6nnen Sie Methamphetamin kaufen in garantierter Laborqualit\u00e4t. Pr\u00e4zise Analysen sicherstellen. Jetzt online bestellen!\",\"breadcrumb\":{\"@id\":\"https:\\\/\\\/chemgramx.com\\\/product\\\/methamphetamin-online-kaufen\\\/#breadcrumb\"},\"inLanguage\":\"es\",\"potentialAction\":[{\"@type\":\"ReadAction\",\"target\":[\"https:\\\/\\\/chemgramx.com\\\/product\\\/methamphetamin-online-kaufen\\\/\"]}]},{\"@type\":\"ImageObject\",\"inLanguage\":\"es\",\"@id\":\"https:\\\/\\\/chemgramx.com\\\/product\\\/methamphetamin-online-kaufen\\\/#primaryimage\",\"url\":\"https:\\\/\\\/chemgramx.com\\\/wp-content\\\/uploads\\\/2025\\\/11\\\/meth.jpg\",\"contentUrl\":\"https:\\\/\\\/chemgramx.com\\\/wp-content\\\/uploads\\\/2025\\\/11\\\/meth.jpg\",\"width\":259,\"height\":194},{\"@type\":\"BreadcrumbList\",\"@id\":\"https:\\\/\\\/chemgramx.com\\\/product\\\/methamphetamin-online-kaufen\\\/#breadcrumb\",\"itemListElement\":[{\"@type\":\"ListItem\",\"position\":1,\"name\":\"Home\",\"item\":\"https:\\\/\\\/chemgramx.com\\\/\"},{\"@type\":\"ListItem\",\"position\":2,\"name\":\"Shop\",\"item\":\"https:\\\/\\\/chemgramx.com\\\/shop\\\/\"},{\"@type\":\"ListItem\",\"position\":3,\"name\":\"Methamphetamin kaufen \u2013 Forschung &amp; Qualit\u00e4t\"}]},{\"@type\":\"WebSite\",\"@id\":\"https:\\\/\\\/chemgramx.com\\\/#website\",\"url\":\"https:\\\/\\\/chemgramx.com\\\/\",\"name\":\"Chemgramx\",\"description\":\"\",\"publisher\":{\"@id\":\"https:\\\/\\\/chemgramx.com\\\/#organization\"},\"potentialAction\":[{\"@type\":\"SearchAction\",\"target\":{\"@type\":\"EntryPoint\",\"urlTemplate\":\"https:\\\/\\\/chemgramx.com\\\/?s={search_term_string}\"},\"query-input\":{\"@type\":\"PropertyValueSpecification\",\"valueRequired\":true,\"valueName\":\"search_term_string\"}}],\"inLanguage\":\"es\"},{\"@type\":\"Organization\",\"@id\":\"https:\\\/\\\/chemgramx.com\\\/#organization\",\"name\":\"Chemgramx\",\"url\":\"https:\\\/\\\/chemgramx.com\\\/\",\"logo\":{\"@type\":\"ImageObject\",\"inLanguage\":\"es\",\"@id\":\"https:\\\/\\\/chemgramx.com\\\/#\\\/schema\\\/logo\\\/image\\\/\",\"url\":\"https:\\\/\\\/chemgramx.com\\\/wp-content\\\/uploads\\\/2024\\\/10\\\/final-logo.png\",\"contentUrl\":\"https:\\\/\\\/chemgramx.com\\\/wp-content\\\/uploads\\\/2024\\\/10\\\/final-logo.png\",\"width\":250,\"height\":48,\"caption\":\"Chemgramx\"},\"image\":{\"@id\":\"https:\\\/\\\/chemgramx.com\\\/#\\\/schema\\\/logo\\\/image\\\/\"}}]}<\/script>\n<!-- \/ Yoast SEO plugin. -->","yoast_head_json":{"title":"Comprar metanfetamina: investigaci\u00f3n y calidad","description":"\u00bfBusca metanfetamina pura para su investigaci\u00f3n? En Chemgramx puede comprar metanfetamina con calidad de laboratorio garantizada. An\u00e1lisis precisos asegurados. \u00a1Haga su pedido online ahora!","robots":{"index":"index","follow":"follow","max-snippet":"max-snippet:-1","max-image-preview":"max-image-preview:large","max-video-preview":"max-video-preview:-1"},"canonical":"https:\/\/chemgramx.com\/es\/producto-1\/comprar-metanfetamina-online\/","og_locale":"es_ES","og_type":"article","og_title":"Methamphetamin kaufen \u2013 Forschung & Qualit\u00e4t","og_description":"Suchen Sie reines Methamphetamin f\u00fcr Ihre Forschung? Bei Chemgramx k\u00f6nnen Sie Methamphetamin kaufen in garantierter Laborqualit\u00e4t. Pr\u00e4zise Analysen sicherstellen. Jetzt online bestellen!","og_url":"https:\/\/chemgramx.com\/es\/producto-1\/comprar-metanfetamina-online\/","og_site_name":"Chemgramx","article_modified_time":"2025-12-09T10:19:19+00:00","og_image":[{"width":259,"height":194,"url":"https:\/\/chemgramx.com\/wp-content\/uploads\/2025\/11\/meth.jpg","type":"image\/jpeg"}],"twitter_card":"summary_large_image","twitter_misc":{"Tiempo de lectura":"3 minutos"},"schema":{"@context":"https:\/\/schema.org","@graph":[{"@type":"WebPage","@id":"https:\/\/chemgramx.com\/product\/methamphetamin-online-kaufen\/","url":"https:\/\/chemgramx.com\/product\/methamphetamin-online-kaufen\/","name":"Comprar metanfetamina: investigaci\u00f3n y calidad","isPartOf":{"@id":"https:\/\/chemgramx.com\/#website"},"primaryImageOfPage":{"@id":"https:\/\/chemgramx.com\/product\/methamphetamin-online-kaufen\/#primaryimage"},"image":{"@id":"https:\/\/chemgramx.com\/product\/methamphetamin-online-kaufen\/#primaryimage"},"thumbnailUrl":"https:\/\/chemgramx.com\/wp-content\/uploads\/2025\/11\/meth.jpg","datePublished":"2025-11-21T18:17:56+00:00","dateModified":"2025-12-09T10:19:19+00:00","description":"\u00bfBusca metanfetamina pura para su investigaci\u00f3n? En Chemgramx puede comprar metanfetamina con calidad de laboratorio garantizada. An\u00e1lisis precisos asegurados. \u00a1Haga su pedido online ahora!","breadcrumb":{"@id":"https:\/\/chemgramx.com\/product\/methamphetamin-online-kaufen\/#breadcrumb"},"inLanguage":"es","potentialAction":[{"@type":"ReadAction","target":["https:\/\/chemgramx.com\/product\/methamphetamin-online-kaufen\/"]}]},{"@type":"ImageObject","inLanguage":"es","@id":"https:\/\/chemgramx.com\/product\/methamphetamin-online-kaufen\/#primaryimage","url":"https:\/\/chemgramx.com\/wp-content\/uploads\/2025\/11\/meth.jpg","contentUrl":"https:\/\/chemgramx.com\/wp-content\/uploads\/2025\/11\/meth.jpg","width":259,"height":194},{"@type":"BreadcrumbList","@id":"https:\/\/chemgramx.com\/product\/methamphetamin-online-kaufen\/#breadcrumb","itemListElement":[{"@type":"ListItem","position":1,"name":"Home","item":"https:\/\/chemgramx.com\/"},{"@type":"ListItem","position":2,"name":"Shop","item":"https:\/\/chemgramx.com\/shop\/"},{"@type":"ListItem","position":3,"name":"Methamphetamin kaufen \u2013 Forschung &amp; Qualit\u00e4t"}]},{"@type":"WebSite","@id":"https:\/\/chemgramx.com\/#website","url":"https:\/\/chemgramx.com\/","name":"Chemgramx","description":"","publisher":{"@id":"https:\/\/chemgramx.com\/#organization"},"potentialAction":[{"@type":"SearchAction","target":{"@type":"EntryPoint","urlTemplate":"https:\/\/chemgramx.com\/?s={search_term_string}"},"query-input":{"@type":"PropertyValueSpecification","valueRequired":true,"valueName":"search_term_string"}}],"inLanguage":"es"},{"@type":"Organization","@id":"https:\/\/chemgramx.com\/#organization","name":"Chemgramx","url":"https:\/\/chemgramx.com\/","logo":{"@type":"ImageObject","inLanguage":"es","@id":"https:\/\/chemgramx.com\/#\/schema\/logo\/image\/","url":"https:\/\/chemgramx.com\/wp-content\/uploads\/2024\/10\/final-logo.png","contentUrl":"https:\/\/chemgramx.com\/wp-content\/uploads\/2024\/10\/final-logo.png","width":250,"height":48,"caption":"Chemgramx"},"image":{"@id":"https:\/\/chemgramx.com\/#\/schema\/logo\/image\/"}}]}},"_links":{"self":[{"href":"https:\/\/chemgramx.com\/es\/wp-json\/wp\/v2\/product\/8377","targetHints":{"allow":["GET"]}}],"collection":[{"href":"https:\/\/chemgramx.com\/es\/wp-json\/wp\/v2\/product"}],"about":[{"href":"https:\/\/chemgramx.com\/es\/wp-json\/wp\/v2\/types\/product"}],"replies":[{"embeddable":true,"href":"https:\/\/chemgramx.com\/es\/wp-json\/wp\/v2\/comments?post=8377"}],"wp:featuredmedia":[{"embeddable":true,"href":"https:\/\/chemgramx.com\/es\/wp-json\/wp\/v2\/media\/8384"}],"wp:attachment":[{"href":"https:\/\/chemgramx.com\/es\/wp-json\/wp\/v2\/media?parent=8377"}],"wp:term":[{"taxonomy":"product_brand","embeddable":true,"href":"https:\/\/chemgramx.com\/es\/wp-json\/wp\/v2\/product_brand?post=8377"},{"taxonomy":"product_cat","embeddable":true,"href":"https:\/\/chemgramx.com\/es\/wp-json\/wp\/v2\/product_cat?post=8377"},{"taxonomy":"product_tag","embeddable":true,"href":"https:\/\/chemgramx.com\/es\/wp-json\/wp\/v2\/product_tag?post=8377"}],"curies":[{"name":"wp","href":"https:\/\/api.w.org\/{rel}","templated":true}]}}