{"id":8378,"date":"2025-11-21T18:17:57","date_gmt":"2025-11-21T18:17:57","guid":{"rendered":"https:\/\/chemgramx.com\/?post_type=product&#038;p=8378"},"modified":"2025-12-09T10:15:28","modified_gmt":"2025-12-09T10:15:28","slug":"comprar-cristales-de-3-fpm-en-linea","status":"publish","type":"product","link":"https:\/\/chemgramx.com\/es\/product\/3-fpm-kristallen-online-kaufen\/","title":{"rendered":"Comprar cristales 3-FPM: alta calidad"},"content":{"rendered":"<p>Bienvenido a Chemgramx, su proveedor de confianza de productos qu\u00edmicos de alta calidad para investigaci\u00f3n. Si usted <b>Comprar cristales 3-FPM<\/b> Si est\u00e1 buscando una propiedad en venta, ha venido al lugar adecuado. Le ofrecemos exclusivamente <b>Cristales 3-FPM de primera calidad<\/b> de una pureza excepcional, desarrollados espec\u00edficamente para estudios cient\u00edficos. Por lo tanto, puede confiar en la integridad de nuestros <b>Cristales aut\u00e9nticos de 3-FPM<\/b> vete.<\/p>\n<p>Nuestra gama incluye <b>Los mejores cristales 3-FPM<\/b> disponibles, que se someten a estrictos controles de calidad. Entendemos los requisitos de precisi\u00f3n y fiabilidad en la investigaci\u00f3n. Por lo tanto, cada producto que adquiere con nosotros tiene una calidad de investigaci\u00f3n garantizada. Puede <b>Encargar cristales 3-FPM en l\u00ednea<\/b> y confiar en una compra segura.<\/p>\n<h2>\u00bfQu\u00e9 son los cristales 3-FPM?<\/h2>\n<p>El 3-FPM, tambi\u00e9n conocido como 3-fluorofenmetrazina, es una sustancia sint\u00e9tica de la clase de la fenmetrazina. Se estudia con frecuencia en la investigaci\u00f3n cient\u00edfica debido a su estructura qu\u00edmica \u00fanica y sus posibles interacciones con los neurotransmisores. Adem\u00e1s, este compuesto se caracteriza por su forma cristalina, lo que facilita su manipulaci\u00f3n y dosificaci\u00f3n en entornos de laboratorio.<\/p>\n<p>Este producto qu\u00edmico de investigaci\u00f3n no est\u00e1 destinado al consumo humano ni a fines terap\u00e9uticos. Por el contrario, se utiliza exclusivamente con fines cient\u00edficos y de investigaci\u00f3n forense. Por lo tanto, es imprescindible utilizar los cristales de 3-FPM de acuerdo con las normas de seguridad y las directrices \u00e9ticas vigentes.<\/p>\n<h2>La calidad de nuestros cristales 3-FPM<\/h2>\n<h3>Pureza sin igual para una investigaci\u00f3n precisa<\/h3>\n<p>En Chemgramx damos mucha importancia a la calidad de los productos. Nuestros <b>Cristales 3-FPM<\/b> se sintetizan con la m\u00e1xima precisi\u00f3n y se comprueba su pureza. Adem\u00e1s, garantizamos una <b>Alta pureza a la venta<\/b>, indispensable para aplicaciones de investigaci\u00f3n exigentes. Este enfoque en la calidad minimiza las impurezas y garantiza resultados reproducibles.<\/p>\n<ul>\n<li><b>Calidad probada en laboratorio:<\/b> Cada lote se somete a an\u00e1lisis exhaustivos.<\/li>\n<li><b>Contaminantes m\u00ednimos:<\/b> De este modo, obtendr\u00e1 un producto m\u00e1s puro para sus experimentos.<\/li>\n<li><b>Estructura coherente:<\/b> Para obtener resultados de estudios fiables y comparables.<\/li>\n<\/ul>\n<h3>Calidad para investigaci\u00f3n y laboratorio<\/h3>\n<p>Entendemos que la integridad de su investigaci\u00f3n depende de la calidad de los materiales utilizados. Por este motivo, ofrecemos <b>Cristales 3-FPM<\/b> en estado puro <b>La calidad de la investigaci\u00f3n a la venta<\/b> Adem\u00e1s, nuestros productos cumplen los estrictos requisitos para su uso en laboratorios de todo el mundo. Tambi\u00e9n est\u00e1n disponibles como <b>Calidad de laboratorio a la venta<\/b> disponibles, lo que subraya su idoneidad para una amplia gama de aplicaciones cient\u00edficas.<\/p>\n<p>Nuestro compromiso con la excelencia significa que siempre recibir\u00e1 el mejor apoyo para sus proyectos cient\u00edficos. Al fin y al cabo, la fiabilidad de sus datos es nuestro objetivo principal. Por eso invertimos continuamente en m\u00e9todos de ensayo modernos y en el control de calidad. Obtenga m\u00e1s informaci\u00f3n sobre nuestros altos est\u00e1ndares si <a href=\"https:\/\/chemgramx.com\/product\/3-fpm-kristallen-online-kaufen\/\">Cristales 3-FPM<\/a> adquirir con nosotros.<\/p>\n<h2>Posibilidades de aplicaci\u00f3n en la investigaci\u00f3n<\/h2>\n<p><b>Cristales 3-FPM<\/b> son una herramienta valiosa en diversos campos de investigaci\u00f3n. Por un lado, se utilizan a menudo en farmacolog\u00eda y neurociencias para investigar los mecanismos de acci\u00f3n de los an\u00e1logos de la fenmetrazina. Por otro lado, sirven como patrones de referencia en an\u00e1lisis forenses y toxicol\u00f3gicos. La versatilidad de este compuesto lo convierte en una sustancia qu\u00edmica muy solicitada entre los investigadores.<\/p>\n<h3>Las \u00e1reas de investigaci\u00f3n t\u00edpicas incluyen:<\/h3>\n<ul>\n<li><b>Estudios farmacol\u00f3gicos:<\/b> Investigaci\u00f3n de la afinidad de uni\u00f3n a los transportadores de neurotransmisores.<\/li>\n<li><b>Investigaci\u00f3n del metabolismo:<\/b> An\u00e1lisis de las v\u00edas de degradaci\u00f3n en el <i>in vitro<\/i>-Sistema.<\/li>\n<li><b>Investigaci\u00f3n sint\u00e9tica:<\/b> Desarrollo y modificaci\u00f3n de estructuras qu\u00edmicas similares.<\/li>\n<li><b>Qu\u00edmica anal\u00edtica:<\/b> Uso como material de referencia para espectroscopia y cromatograf\u00eda.<\/li>\n<\/ul>\n<p>Estas aplicaciones requieren una pureza extremadamente alta y una caracterizaci\u00f3n precisa de la sustancia. Por lo tanto, nuestros <b>Cristales 3-FPM de primera calidad<\/b> ideales para estos exigentes fines. Ayudan a los cient\u00edficos a obtener resultados precisos y reproducibles, lo cual es fundamental para el avance de la investigaci\u00f3n.<\/p>\n<h2>Adquisici\u00f3n y manipulaci\u00f3n seguras de cristales de 3-FPM<\/h2>\n<h3>Su socio para una compra segura<\/h3>\n<p>La adquisici\u00f3n de productos qu\u00edmicos para investigaci\u00f3n requiere confianza y seguridad. En Chemgramx garantizamos un <b>adquisici\u00f3n segura<\/b> Su <b>Cristales 3-FPM<\/b>. Damos gran importancia a la discreci\u00f3n y a la tramitaci\u00f3n segura de todos los pedidos. Todos los productos se tratan con el m\u00e1ximo cuidado para garantizar su integridad hasta su recepci\u00f3n. Esto es una parte esencial de nuestro servicio de atenci\u00f3n al cliente.<\/p>\n<p>Adem\u00e1s, nos esforzamos por ofrecerle un proceso de pedido sin complicaciones. Puede <b>Comprar ahora online<\/b> y benef\u00edciese de nuestro sencillo sistema. Por supuesto, estamos a su disposici\u00f3n para cualquier pregunta y le ofrecemos un amplio servicio de asistencia. Somos su socio de confianza si <b>Encargar cristales 3-FPM en l\u00ednea<\/b> desean.<\/p>\n<h3>Indicaciones importantes para un manejo seguro<\/h3>\n<p>Es de suma importancia manipular con precauci\u00f3n los productos qu\u00edmicos de investigaci\u00f3n como el 3-FPM. Recomendamos encarecidamente utilizar siempre el equipo de protecci\u00f3n individual (EPI) adecuado, incluyendo guantes, gafas protectoras y bata de laboratorio. Adem\u00e1s, el trabajo debe realizarse en una zona bien ventilada o bajo una campana extractora. Respete todas las directrices y normas de seguridad locales del laboratorio.<\/p>\n<p>Un almacenamiento adecuado tambi\u00e9n es fundamental para mantener la estabilidad y la pureza de los cristales. Almacene los cristales de 3-FPM en un lugar fresco, seco y protegido de la luz, lejos del acceso no autorizado. Adem\u00e1s, es importante mantener el producto qu\u00edmico fuera del alcance de los ni\u00f1os y las mascotas. Esto garantizar\u00e1 la seguridad en el laboratorio y en el hogar.<\/p>\n<h2>Por qu\u00e9 Chemgramx es su mejor opci\u00f3n<\/h2>\n<p>Chemgramx es m\u00e1s que un simple proveedor; somos su socio en la investigaci\u00f3n. Nuestro compromiso con la calidad, la pureza y el servicio al cliente nos distingue de otros proveedores. Si usted <b>Comprar cristales 3-FPM<\/b>, no solo obtendr\u00e1 un producto, sino tambi\u00e9n la certeza de estar trabajando con un equipo fiable y experimentado. Damos gran importancia a la transparencia y la integridad cient\u00edfica.<\/p>\n<h3>Nuestras ventajas de un vistazo:<\/h3>\n<ul>\n<li><b>Productos de primera clase:<\/b> Solo los m\u00e1s puros y <b>Cristales aut\u00e9nticos de 3 FPM<\/b> para su investigaci\u00f3n.<\/li>\n<li><b>Asistencia t\u00e9cnica especializada:<\/b> Nuestro equipo est\u00e1 a su disposici\u00f3n para responder a todas sus preguntas.<\/li>\n<li><b>Proceso de pedido seguro:<\/b> Sus datos y su compra se tratar\u00e1n con la m\u00e1xima seguridad.<\/li>\n<li><b>Documentaci\u00f3n completa:<\/b> Las especificaciones del producto y los certificados de an\u00e1lisis est\u00e1n disponibles.<\/li>\n<li><b>Amplia gama de productos:<\/b> Adem\u00e1s de los cristales 3-FPM, descubra otros productos qu\u00edmicos de alta calidad para investigaci\u00f3n, como por ejemplo: <a href=\"https:\/\/chemgramx.com\/product\/valoron-liquid-e-liquid-online-bestellung\/\">L\u00edquido Valoron<\/a> para sus proyectos.<\/li>\n<\/ul>\n<p>Estamos orgullosos de apoyar a cient\u00edficos e investigadores de todo el mundo. Por eso nos esforzamos constantemente por optimizar nuestro servicio y nuestra gama de productos. Puede estar tranquilo. <b>Cristales 3-FPM<\/b> con nosotros <a href=\"https:\/\/chemgramx.com\/product\/3-fpm-kristallen-online-kaufen\/\">Comprar en Chemgramx<\/a> y confiar en nuestro compromiso con la excelencia.<\/p>\n<h2>Conclusi\u00f3n: los mejores cristales de 3-FPM para su investigaci\u00f3n<\/h2>\n<p>En resumen, se puede decir que la adquisici\u00f3n de <b>Cristales 3-FPM<\/b> Chemgramx es la opci\u00f3n ideal para la investigaci\u00f3n seria. Le ofrecemos la <b>Los mejores cristales 3-FPM<\/b> disponibles que cumplen con los m\u00e1s estrictos est\u00e1ndares de pureza y calidad. Nuestra tienda online f\u00e1cil de usar le permite, <b>Encargar cristales 3-FPM en l\u00ednea<\/b> y confiar en una gesti\u00f3n profesional.<\/p>\n<p>Invierta en la calidad de su investigaci\u00f3n y elija Chemgramx como su proveedor preferido. Aproveche nuestra experiencia y nuestro compromiso con la excelencia cient\u00edfica. Nuestro objetivo es ayudarle a alcanzar sus metas de investigaci\u00f3n de la mejor manera posible. Por lo tanto, no lo dude., <b>Comprar ahora online<\/b> y experimentar la diferencia por ti mismo.<\/p>","protected":false},"excerpt":{"rendered":"<p>Descubra <b>Cristales 3-FPM de alta calidad<\/b> con calidad de investigaci\u00f3n en Chemgramx. Este an\u00e1logo sint\u00e9tico de la fenmetrazina se ofrece exclusivamente para estudios cient\u00edficos. Destaca por:<\/p>\n<ul>\n<li>Pureza garantizada<\/li>\n<li>Calidad constante en el laboratorio<\/li>\n<li>Examen riguroso<\/li>\n<\/ul>\n<p>Para obtener resultados de investigaci\u00f3n precisos, puede <b>Comprar 3-FPM<\/b> en Chemgramx.<\/p>","protected":false},"featured_media":8412,"comment_status":"open","ping_status":"closed","template":"","meta":{"_joinchat":[]},"product_brand":[],"product_cat":[48],"product_tag":[1372,1385,1396,1381,1395,1378,1379,1374,1388,1373,1389,1371,1391,1393,1375,1386,1390,1380,1392,1397,1394,1376,1377,1387,1382,1384,1383],"class_list":{"0":"post-8378","1":"product","2":"type-product","3":"status-publish","4":"has-post-thumbnail","6":"product_cat-stimulants","7":"product_tag-3-fluorophenmetrazin-bestellen","8":"product_tag-3-fpm-bulk-bestellung","9":"product_tag-3-fpm-chemikalie","10":"product_tag-3-fpm-experimente","11":"product_tag-3-fpm-forschung","12":"product_tag-3-fpm-forschung-chemikalie","13":"product_tag-3-fpm-fur-neurowissenschaftliche-studien","14":"product_tag-3-fpm-groshandel","15":"product_tag-3-fpm-kaufen","16":"product_tag-3-fpm-kristalle-online-bestellen","17":"product_tag-3-fpm-kristallen-bestellen","18":"product_tag-3-fpm-kristallen-kaufen","19":"product_tag-3-fpm-labor","20":"product_tag-3-fpm-legal","21":"product_tag-3-fpm-lieferant","22":"product_tag-3-fpm-marktanalyse","23":"product_tag-3-fpm-online","24":"product_tag-3-fpm-pharmazeutische-forschung","25":"product_tag-3-fpm-sicher","26":"product_tag-3-fpm-versand","27":"product_tag-3fpm-gunstig","28":"product_tag-forschung-chemikalien-3-fpm","29":"product_tag-hochwertige-3-fpm-kristallen-kaufen","30":"product_tag-innovative-3-fpm-forschung","31":"product_tag-laborqualitat-3-fpm-kristallen","32":"product_tag-legaler-3-fpm-anbieter","33":"product_tag-sicherer-3-fpm-versand","35":"first","36":"instock","37":"shipping-taxable","38":"purchasable","39":"product-type-variable"},"yoast_head":"<!-- This site is optimized with the Yoast SEO plugin v27.5 - https:\/\/yoast.com\/product\/yoast-seo-wordpress\/ -->\n<title>3-FPM Kristalle kaufen \u2013 Hohe Qualit\u00e4t<\/title>\n<meta name=\"description\" content=\"Entdecken Sie hochreine 3-FPM Kristalle f\u00fcr wissenschaftliche Forschung. Jetzt 3-FPM Kristalle online bestellen in erstklassiger Laborqualit\u00e4t.\" \/>\n<meta name=\"robots\" content=\"index, follow, max-snippet:-1, max-image-preview:large, max-video-preview:-1\" \/>\n<link rel=\"canonical\" href=\"https:\/\/chemgramx.com\/es\/producto-1\/comprar-cristales-de-3-fpm-en-linea\/\" \/>\n<meta property=\"og:locale\" content=\"es_ES\" \/>\n<meta property=\"og:type\" content=\"article\" \/>\n<meta property=\"og:title\" content=\"3-FPM Kristalle kaufen \u2013 Hohe Qualit\u00e4t\" \/>\n<meta property=\"og:description\" content=\"Entdecken Sie hochreine 3-FPM Kristalle f\u00fcr wissenschaftliche Forschung. Jetzt 3-FPM Kristalle online bestellen in erstklassiger Laborqualit\u00e4t.\" \/>\n<meta property=\"og:url\" content=\"https:\/\/chemgramx.com\/es\/producto-1\/comprar-cristales-de-3-fpm-en-linea\/\" \/>\n<meta property=\"og:site_name\" content=\"Chemgramx\" \/>\n<meta property=\"article:modified_time\" content=\"2025-12-09T10:15:28+00:00\" \/>\n<meta property=\"og:image\" content=\"https:\/\/chemgramx.com\/wp-content\/uploads\/2025\/11\/Buy-3-FPM-Crystals-online-1.webp\" \/>\n\t<meta property=\"og:image:width\" content=\"512\" \/>\n\t<meta property=\"og:image:height\" content=\"497\" \/>\n\t<meta property=\"og:image:type\" content=\"image\/webp\" \/>\n<meta name=\"twitter:card\" content=\"summary_large_image\" \/>\n<meta name=\"twitter:label1\" content=\"Tiempo de lectura\" \/>\n\t<meta name=\"twitter:data1\" content=\"2 minutos\" \/>\n<script type=\"application\/ld+json\" class=\"yoast-schema-graph\">{\"@context\":\"https:\\\/\\\/schema.org\",\"@graph\":[{\"@type\":\"WebPage\",\"@id\":\"https:\\\/\\\/chemgramx.com\\\/product\\\/3-fpm-kristallen-online-kaufen\\\/\",\"url\":\"https:\\\/\\\/chemgramx.com\\\/product\\\/3-fpm-kristallen-online-kaufen\\\/\",\"name\":\"3-FPM Kristalle kaufen \u2013 Hohe Qualit\u00e4t\",\"isPartOf\":{\"@id\":\"https:\\\/\\\/chemgramx.com\\\/#website\"},\"primaryImageOfPage\":{\"@id\":\"https:\\\/\\\/chemgramx.com\\\/product\\\/3-fpm-kristallen-online-kaufen\\\/#primaryimage\"},\"image\":{\"@id\":\"https:\\\/\\\/chemgramx.com\\\/product\\\/3-fpm-kristallen-online-kaufen\\\/#primaryimage\"},\"thumbnailUrl\":\"https:\\\/\\\/chemgramx.com\\\/wp-content\\\/uploads\\\/2025\\\/11\\\/Buy-3-FPM-Crystals-online-1.webp\",\"datePublished\":\"2025-11-21T18:17:57+00:00\",\"dateModified\":\"2025-12-09T10:15:28+00:00\",\"description\":\"Entdecken Sie hochreine 3-FPM Kristalle f\u00fcr wissenschaftliche Forschung. Jetzt 3-FPM Kristalle online bestellen in erstklassiger Laborqualit\u00e4t.\",\"breadcrumb\":{\"@id\":\"https:\\\/\\\/chemgramx.com\\\/product\\\/3-fpm-kristallen-online-kaufen\\\/#breadcrumb\"},\"inLanguage\":\"es\",\"potentialAction\":[{\"@type\":\"ReadAction\",\"target\":[\"https:\\\/\\\/chemgramx.com\\\/product\\\/3-fpm-kristallen-online-kaufen\\\/\"]}]},{\"@type\":\"ImageObject\",\"inLanguage\":\"es\",\"@id\":\"https:\\\/\\\/chemgramx.com\\\/product\\\/3-fpm-kristallen-online-kaufen\\\/#primaryimage\",\"url\":\"https:\\\/\\\/chemgramx.com\\\/wp-content\\\/uploads\\\/2025\\\/11\\\/Buy-3-FPM-Crystals-online-1.webp\",\"contentUrl\":\"https:\\\/\\\/chemgramx.com\\\/wp-content\\\/uploads\\\/2025\\\/11\\\/Buy-3-FPM-Crystals-online-1.webp\",\"width\":512,\"height\":497},{\"@type\":\"BreadcrumbList\",\"@id\":\"https:\\\/\\\/chemgramx.com\\\/product\\\/3-fpm-kristallen-online-kaufen\\\/#breadcrumb\",\"itemListElement\":[{\"@type\":\"ListItem\",\"position\":1,\"name\":\"Home\",\"item\":\"https:\\\/\\\/chemgramx.com\\\/\"},{\"@type\":\"ListItem\",\"position\":2,\"name\":\"Shop\",\"item\":\"https:\\\/\\\/chemgramx.com\\\/shop\\\/\"},{\"@type\":\"ListItem\",\"position\":3,\"name\":\"3-FPM Kristalle kaufen \u2013 Hohe Qualit\u00e4t\"}]},{\"@type\":\"WebSite\",\"@id\":\"https:\\\/\\\/chemgramx.com\\\/#website\",\"url\":\"https:\\\/\\\/chemgramx.com\\\/\",\"name\":\"Chemgramx\",\"description\":\"\",\"publisher\":{\"@id\":\"https:\\\/\\\/chemgramx.com\\\/#organization\"},\"potentialAction\":[{\"@type\":\"SearchAction\",\"target\":{\"@type\":\"EntryPoint\",\"urlTemplate\":\"https:\\\/\\\/chemgramx.com\\\/?s={search_term_string}\"},\"query-input\":{\"@type\":\"PropertyValueSpecification\",\"valueRequired\":true,\"valueName\":\"search_term_string\"}}],\"inLanguage\":\"es\"},{\"@type\":\"Organization\",\"@id\":\"https:\\\/\\\/chemgramx.com\\\/#organization\",\"name\":\"Chemgramx\",\"url\":\"https:\\\/\\\/chemgramx.com\\\/\",\"logo\":{\"@type\":\"ImageObject\",\"inLanguage\":\"es\",\"@id\":\"https:\\\/\\\/chemgramx.com\\\/#\\\/schema\\\/logo\\\/image\\\/\",\"url\":\"https:\\\/\\\/chemgramx.com\\\/wp-content\\\/uploads\\\/2024\\\/10\\\/final-logo.png\",\"contentUrl\":\"https:\\\/\\\/chemgramx.com\\\/wp-content\\\/uploads\\\/2024\\\/10\\\/final-logo.png\",\"width\":250,\"height\":48,\"caption\":\"Chemgramx\"},\"image\":{\"@id\":\"https:\\\/\\\/chemgramx.com\\\/#\\\/schema\\\/logo\\\/image\\\/\"}}]}<\/script>\n<!-- \/ Yoast SEO plugin. -->","yoast_head_json":{"title":"Comprar cristales 3-FPM: alta calidad","description":"Descubra los cristales 3-FPM de alta pureza para la investigaci\u00f3n cient\u00edfica. Pida ahora online cristales 3-FPM de primera calidad para laboratorio.","robots":{"index":"index","follow":"follow","max-snippet":"max-snippet:-1","max-image-preview":"max-image-preview:large","max-video-preview":"max-video-preview:-1"},"canonical":"https:\/\/chemgramx.com\/es\/producto-1\/comprar-cristales-de-3-fpm-en-linea\/","og_locale":"es_ES","og_type":"article","og_title":"3-FPM Kristalle kaufen \u2013 Hohe Qualit\u00e4t","og_description":"Entdecken Sie hochreine 3-FPM Kristalle f\u00fcr wissenschaftliche Forschung. Jetzt 3-FPM Kristalle online bestellen in erstklassiger Laborqualit\u00e4t.","og_url":"https:\/\/chemgramx.com\/es\/producto-1\/comprar-cristales-de-3-fpm-en-linea\/","og_site_name":"Chemgramx","article_modified_time":"2025-12-09T10:15:28+00:00","og_image":[{"width":512,"height":497,"url":"https:\/\/chemgramx.com\/wp-content\/uploads\/2025\/11\/Buy-3-FPM-Crystals-online-1.webp","type":"image\/webp"}],"twitter_card":"summary_large_image","twitter_misc":{"Tiempo de lectura":"2 minutos"},"schema":{"@context":"https:\/\/schema.org","@graph":[{"@type":"WebPage","@id":"https:\/\/chemgramx.com\/product\/3-fpm-kristallen-online-kaufen\/","url":"https:\/\/chemgramx.com\/product\/3-fpm-kristallen-online-kaufen\/","name":"Comprar cristales 3-FPM: alta calidad","isPartOf":{"@id":"https:\/\/chemgramx.com\/#website"},"primaryImageOfPage":{"@id":"https:\/\/chemgramx.com\/product\/3-fpm-kristallen-online-kaufen\/#primaryimage"},"image":{"@id":"https:\/\/chemgramx.com\/product\/3-fpm-kristallen-online-kaufen\/#primaryimage"},"thumbnailUrl":"https:\/\/chemgramx.com\/wp-content\/uploads\/2025\/11\/Buy-3-FPM-Crystals-online-1.webp","datePublished":"2025-11-21T18:17:57+00:00","dateModified":"2025-12-09T10:15:28+00:00","description":"Descubra los cristales 3-FPM de alta pureza para la investigaci\u00f3n cient\u00edfica. Pida ahora online cristales 3-FPM de primera calidad para laboratorio.","breadcrumb":{"@id":"https:\/\/chemgramx.com\/product\/3-fpm-kristallen-online-kaufen\/#breadcrumb"},"inLanguage":"es","potentialAction":[{"@type":"ReadAction","target":["https:\/\/chemgramx.com\/product\/3-fpm-kristallen-online-kaufen\/"]}]},{"@type":"ImageObject","inLanguage":"es","@id":"https:\/\/chemgramx.com\/product\/3-fpm-kristallen-online-kaufen\/#primaryimage","url":"https:\/\/chemgramx.com\/wp-content\/uploads\/2025\/11\/Buy-3-FPM-Crystals-online-1.webp","contentUrl":"https:\/\/chemgramx.com\/wp-content\/uploads\/2025\/11\/Buy-3-FPM-Crystals-online-1.webp","width":512,"height":497},{"@type":"BreadcrumbList","@id":"https:\/\/chemgramx.com\/product\/3-fpm-kristallen-online-kaufen\/#breadcrumb","itemListElement":[{"@type":"ListItem","position":1,"name":"Home","item":"https:\/\/chemgramx.com\/"},{"@type":"ListItem","position":2,"name":"Shop","item":"https:\/\/chemgramx.com\/shop\/"},{"@type":"ListItem","position":3,"name":"3-FPM Kristalle kaufen \u2013 Hohe Qualit\u00e4t"}]},{"@type":"WebSite","@id":"https:\/\/chemgramx.com\/#website","url":"https:\/\/chemgramx.com\/","name":"Chemgramx","description":"","publisher":{"@id":"https:\/\/chemgramx.com\/#organization"},"potentialAction":[{"@type":"SearchAction","target":{"@type":"EntryPoint","urlTemplate":"https:\/\/chemgramx.com\/?s={search_term_string}"},"query-input":{"@type":"PropertyValueSpecification","valueRequired":true,"valueName":"search_term_string"}}],"inLanguage":"es"},{"@type":"Organization","@id":"https:\/\/chemgramx.com\/#organization","name":"Chemgramx","url":"https:\/\/chemgramx.com\/","logo":{"@type":"ImageObject","inLanguage":"es","@id":"https:\/\/chemgramx.com\/#\/schema\/logo\/image\/","url":"https:\/\/chemgramx.com\/wp-content\/uploads\/2024\/10\/final-logo.png","contentUrl":"https:\/\/chemgramx.com\/wp-content\/uploads\/2024\/10\/final-logo.png","width":250,"height":48,"caption":"Chemgramx"},"image":{"@id":"https:\/\/chemgramx.com\/#\/schema\/logo\/image\/"}}]}},"_links":{"self":[{"href":"https:\/\/chemgramx.com\/es\/wp-json\/wp\/v2\/product\/8378","targetHints":{"allow":["GET"]}}],"collection":[{"href":"https:\/\/chemgramx.com\/es\/wp-json\/wp\/v2\/product"}],"about":[{"href":"https:\/\/chemgramx.com\/es\/wp-json\/wp\/v2\/types\/product"}],"replies":[{"embeddable":true,"href":"https:\/\/chemgramx.com\/es\/wp-json\/wp\/v2\/comments?post=8378"}],"wp:featuredmedia":[{"embeddable":true,"href":"https:\/\/chemgramx.com\/es\/wp-json\/wp\/v2\/media\/8412"}],"wp:attachment":[{"href":"https:\/\/chemgramx.com\/es\/wp-json\/wp\/v2\/media?parent=8378"}],"wp:term":[{"taxonomy":"product_brand","embeddable":true,"href":"https:\/\/chemgramx.com\/es\/wp-json\/wp\/v2\/product_brand?post=8378"},{"taxonomy":"product_cat","embeddable":true,"href":"https:\/\/chemgramx.com\/es\/wp-json\/wp\/v2\/product_cat?post=8378"},{"taxonomy":"product_tag","embeddable":true,"href":"https:\/\/chemgramx.com\/es\/wp-json\/wp\/v2\/product_tag?post=8378"}],"curies":[{"name":"wp","href":"https:\/\/api.w.org\/{rel}","templated":true}]}}