{"id":8380,"date":"2025-11-21T18:17:58","date_gmt":"2025-11-21T18:17:58","guid":{"rendered":"https:\/\/chemgramx.com\/?post_type=product&#038;p=8380"},"modified":"2025-12-09T10:13:57","modified_gmt":"2025-12-09T10:13:57","slug":"34-comprar-etpv-en-linea","status":"publish","type":"product","link":"https:\/\/chemgramx.com\/es\/product\/34-etpv-online-kaufen\/","title":{"rendered":"Comprar 3,4-EtPV \u2013 Pureza (venta | calidad)"},"content":{"rendered":"<p>El mundo de los productos qu\u00edmicos para investigaci\u00f3n es complejo y requiere la m\u00e1xima precisi\u00f3n. Por este motivo, es fundamental encontrar fuentes fiables para los materiales de sus estudios. Especialmente si usted <b>3,4-EtPV en venta<\/b> , la calidad y la pureza son lo primero. En Chemgramx te ofrecemos precisamente eso: <b>Clase de investigaci\u00f3n en venta<\/b> con excelencia garantizada. Nuestro compromiso con la ciencia y la investigaci\u00f3n se refleja en cada uno de los productos que ofrecemos, desde la s\u00edntesis inicial hasta su suministro.<\/p>\n<p>Como uno de los compuestos qu\u00edmicos m\u00e1s prometedores para la investigaci\u00f3n, el 3,4-EtPV ha despertado un gran inter\u00e9s en la comunidad cient\u00edfica. Sus propiedades \u00fanicas lo convierten en una herramienta valiosa para una amplia gama de estudios de laboratorio. Antes de <b>Pedir 3,4-EtPV online<\/b>, debe asegurarse de la calidad y autenticidad del material. Aqu\u00ed es donde entra en juego Chemgramx, que solo suministra productos que cumplen con estrictas normas de control. Nuestro objetivo es facilitar a los investigadores el acceso a las sustancias que necesitan, sin comprometer la pureza. <b><a href=\"https:\/\/chemgramx.com\/product\/34-etpv-online-kaufen\/\">Descubra nuestra oferta 3,4-EtPV.<\/a><\/b><\/p>\n<h2>El encanto del 3,4-EtPV: resumen de su s\u00edntesis y propiedades<\/h2>\n<p>El 3,4-EtPV, tambi\u00e9n conocido como 3,4-etileno-PVP, es un compuesto sint\u00e9tico de la clase de las catinonas. Se caracteriza por su estructura qu\u00edmica especial, que lo hace interesante para diversos enfoques de investigaci\u00f3n. El estudio detallado de sus v\u00edas de s\u00edntesis y las propiedades resultantes es esencial para comprender en profundidad sus posibles aplicaciones. Por lo tanto, es de suma importancia que los investigadores tengan acceso a muestras caracterizadas con precisi\u00f3n.<\/p>\n<h3>Estructura qu\u00edmica y pureza<\/h3>\n<p>La estructura molecular del 3,4-EtPV presenta grupos funcionales espec\u00edficos que determinan su identidad qu\u00edmica y f\u00edsica. Un factor decisivo para la reproducibilidad de los resultados cient\u00edficos es la pureza de la sustancia utilizada. Por este motivo, en Chemgramx concedemos gran importancia a la verificaci\u00f3n anal\u00edtica de cada lote. Si usted <b>3,4-EtPV de alta calidad<\/b> adquiera con nosotros, obtendr\u00e1 un producto cuya pureza ha sido confirmada mediante los m\u00e9todos de an\u00e1lisis m\u00e1s modernos. Esto incluye t\u00e9cnicas como GC-MS, HPLC y NMR, para garantizar que usted <b>3,4-EtPV aut\u00e9ntico<\/b> recibido.<\/p>\n<p>Adem\u00e1s, un alto grado de pureza significa que se minimizan las impurezas molestas. De lo contrario, estas podr\u00edan falsear los resultados de sus experimentos. Por lo tanto, puede confiar en la calidad de nuestros materiales cuando <b>Comprar 3,4-EtPV<\/b> . Esto garantiza una base s\u00f3lida para sus proyectos de investigaci\u00f3n y contribuye de manera significativa a la validez de sus datos. Adem\u00e1s, la composici\u00f3n qu\u00edmica exacta es importante para la comparabilidad de los estudios en diferentes laboratorios.<\/p>\n<h3>\u00c1mbitos de aplicaci\u00f3n y potencial de investigaci\u00f3n<\/h3>\n<p>Los campos de investigaci\u00f3n en los que se podr\u00eda aplicar el 3,4-EtPV son muy variados. Se utiliza con frecuencia en estudios sobre la actividad neuroqu\u00edmica y en el an\u00e1lisis de las afinidades de uni\u00f3n a los receptores. Adem\u00e1s, puede servir como est\u00e1ndar de referencia en estudios farmacol\u00f3gicos. La investigaci\u00f3n detallada de sus mecanismos de acci\u00f3n es un \u00e1rea de inter\u00e9s cient\u00edfico constante. Por lo tanto, si se encuentra a la vanguardia de la investigaci\u00f3n, <b>El mejor 3,4-EtPV disponible<\/b> una ventaja decisiva en Chemgramx.<\/p>\n<p>Por ejemplo, los cient\u00edficos podr\u00edan investigar las v\u00edas metab\u00f3licas del 3,4-EtPV en el organismo o estudiar sus interacciones con diversos sistemas biol\u00f3gicos. Estos estudios no solo contribuyen a la comprensi\u00f3n b\u00e1sica de la sustancia, sino que tambi\u00e9n podr\u00edan aportar nuevos conocimientos para el desarrollo de futuras terapias. Por lo tanto, la adquisici\u00f3n de <b>Calidad de laboratorio a la venta<\/b> indispensable para proyectos de investigaci\u00f3n serios y de gran alcance. Del mismo modo, ofrece <a href=\"https:\/\/chemgramx.com\/product\/allylescaline-online-kaufen\/\">Comprar Allylescaline online<\/a> una opci\u00f3n m\u00e1s para su cartera de investigaci\u00f3n.<\/p>\n<h2>La importancia de la calidad en el \u00e1mbito de la investigaci\u00f3n<\/h2>\n<p>En la investigaci\u00f3n cient\u00edfica, la calidad de los materiales de partida no es negociable. Las imprecisiones o impurezas pueden dar lugar a resultados err\u00f3neos, lo que a su vez tiene consecuencias de gran alcance. Esto subraya la necesidad de, <b>Alta pureza a la venta<\/b> . Un socio fiable como Chemgramx garantiza que su investigaci\u00f3n se base en fundamentos s\u00f3lidos. Adem\u00e1s, la calidad constante de los productos ayuda a comparar y reproducir los resultados de los estudios a nivel mundial.<\/p>\n<h3>Estandarizaci\u00f3n y an\u00e1lisis<\/h3>\n<p>Cada lote de 3,4-EtPV que recibe de Chemgramx se somete a estrictos controles de calidad. Esto incluye un an\u00e1lisis detallado de la composici\u00f3n qu\u00edmica y la pureza. Mediante procedimientos espectrosc\u00f3picos y cromatogr\u00e1ficos, nos aseguramos de que se cumplan las especificaciones. Solo as\u00ed podemos garantizar que nuestro 3,4-EtPV cumpla con los altos requisitos de la investigaci\u00f3n. Adem\u00e1s, si lo solicita, recibir\u00e1 informes de an\u00e1lisis detallados sobre el material adquirido, lo que subraya la transparencia de nuestra oferta.<\/p>\n<p>Por eso, la estandarizaci\u00f3n de nuestros productos es un pilar fundamental de nuestra filosof\u00eda empresarial. Sabemos que su trabajo depende de la fiabilidad de nuestros productos qu\u00edmicos. Cuando compra nuestros productos <b>3,4-EtPV en venta<\/b> , puede estar seguro de que cumple con los m\u00e1s altos est\u00e1ndares industriales. Adem\u00e1s, estos estrictos controles permiten que los resultados de su investigaci\u00f3n se obtengan con la mayor precisi\u00f3n posible. Despu\u00e9s de todo, la integridad cient\u00edfica est\u00e1 directamente relacionada con la calidad de los materiales utilizados.<\/p>\n<h3>Seguridad y manipulaci\u00f3n<\/h3>\n<p>El manejo seguro de los productos qu\u00edmicos de investigaci\u00f3n es de suma importancia. El 3,4-EtPV solo debe ser manipulado por personal cualificado y cumpliendo todas las normas de seguridad pertinentes. Se recomienda llevar siempre equipo de protecci\u00f3n individual y trabajar en zonas bien ventiladas. Le proporcionamos informaci\u00f3n completa sobre la manipulaci\u00f3n segura para que su entorno de investigaci\u00f3n sea lo m\u00e1s seguro posible. Adem\u00e1s, le recomendamos que lea atentamente las fichas de datos de seguridad actuales.<\/p>\n<p>Adem\u00e1s, un almacenamiento adecuado es fundamental para garantizar la estabilidad y pureza del 3,4-EtPV durante un periodo prolongado. Tenga en cuenta las recomendaciones relativas a la temperatura y la protecci\u00f3n contra la luz y la humedad. Una manipulaci\u00f3n cuidadosa no solo contribuye a la seguridad en el laboratorio, sino que tambi\u00e9n protege la integridad de sus materiales de investigaci\u00f3n. Nuestro 3,4-EtPV se procesa con el m\u00e1ximo cuidado para mantener su calidad hasta su uso en su laboratorio.<\/p>\n<h2>Su socio para productos qu\u00edmicos de investigaci\u00f3n: Chemgramx<\/h2>\n<p>Chemgramx se ha consolidado como un proveedor fiable de productos qu\u00edmicos para investigaci\u00f3n. Nuestro compromiso con la calidad, la pureza y el servicio al cliente nos convierte en la primera opci\u00f3n para cient\u00edficos e investigadores de todo el mundo. Entendemos las necesidades espec\u00edficas del entorno de laboratorio y nos esforzamos por satisfacerlas con una amplia gama de productos. Por lo tanto, no solo le ofrecemos productos, sino tambi\u00e9n una colaboraci\u00f3n que respalda sus aspiraciones cient\u00edficas.<\/p>\n<h3>\u00bfPor qu\u00e9 comprar 3,4-EtPV en Chemgramx?<\/h3>\n<p>La adquisici\u00f3n de 3,4-EtPV requiere confianza en el proveedor. En Chemgramx, se beneficia de nuestra experiencia y nuestro estricto control de calidad. Todos los productos, incluido el 3,4-EtPV, se someten a rigurosos controles para garantizar la m\u00e1xima pureza y autenticidad. Adem\u00e1s, ofrecemos informaci\u00f3n detallada sobre los productos y datos anal\u00edticos que le ayudar\u00e1n en su investigaci\u00f3n. Para <b>Comprar 3,4-EtPV<\/b> , somos su socio de confianza. <a href=\"https:\/\/chemgramx.com\/product\/34-etpv-online-kaufen\/\">M\u00e1s informaci\u00f3n sobre el 3,4-EtPV<\/a> y su disponibilidad en nuestra empresa.<\/p>\n<p>Adem\u00e1s, damos gran importancia a la discreci\u00f3n y a un servicio profesional. Sus pedidos se procesan con el mayor cuidado y se gestionan seg\u00fan los m\u00e1s altos est\u00e1ndares. Nuestros clientes aprecian la transparencia y la fiabilidad que ofrecemos en cada paso. Si usted <b>Comprar ahora online<\/b>, puede estar seguro de que el proceso se desarrollar\u00e1 sin problemas. De este modo, el <b>Compra segura<\/b> en Chemgramx es una inversi\u00f3n en la calidad de su investigaci\u00f3n.<\/p>\n<h3>Asistencia integral para sus proyectos<\/h3>\n<p>Nuestro servicio no termina con la venta. Nos comprometemos a seguir prest\u00e1ndole asistencia incluso despu\u00e9s de que haya adquirido sus productos qu\u00edmicos. Nuestro equipo estar\u00e1 siempre a su disposici\u00f3n para responder a cualquier pregunta que pueda tener sobre nuestros productos o su aplicaci\u00f3n. Con nuestros conocimientos especializados, contribuimos a que su investigaci\u00f3n se desarrolle sin contratiempos. Adem\u00e1s, puede confiar en nuestra experiencia a la hora de seleccionar los materiales adecuados para sus proyectos espec\u00edficos.<\/p>\n<p>Tanto si <b>Pedir 3,4-EtPV online<\/b> o cualquier otro producto qu\u00edmico para investigaci\u00f3n, en Chemgramx encontrar\u00e1 una amplia gama de sustancias de alta calidad. Nos esforzamos por ampliar continuamente nuestra gama de productos para satisfacer las necesidades de la investigaci\u00f3n moderna. En \u00faltima instancia, nuestro objetivo es ofrecerle una experiencia perfecta cuando <b>Clase de investigaci\u00f3n en venta<\/b> Busque. Compre en Chemgramx para beneficiarse de nuestro compromiso con la excelencia.<\/p>\n<h2>Compra segura y fiabilidad<\/h2>\n<p>La decisi\u00f3n de comprar productos qu\u00edmicos para investigaci\u00f3n en l\u00ednea requiere un alto grado de confianza. Chemgramx se ha ganado esa confianza gracias a a\u00f1os de calidad y seguridad constantes. Cada paso del proceso est\u00e1 dise\u00f1ado para ofrecerle un <b>compra segura<\/b> y garantizar un suministro fiable de sus materiales. Somos conscientes de la sensibilidad de su investigaci\u00f3n y actuamos con la debida responsabilidad. En particular, la protecci\u00f3n de sus datos y la integridad de su pedido son nuestra m\u00e1xima prioridad.<\/p>\n<p>Nuestro sistema de compra online es robusto y f\u00e1cil de usar. As\u00ed, usted puede <b>Pedir 3,4-EtPV online<\/b> con la plena certeza de que su pedido se tramitar\u00e1 de forma profesional. La mejora continua de nuestros procesos garantiza que siempre trabajemos con la tecnolog\u00eda m\u00e1s avanzada. Por eso le ofrecemos una plataforma fiable para satisfacer sus necesidades cient\u00edficas. Adquiera <b>El mejor 3,4-EtPV disponible<\/b> y experimente la diferencia que supone contar con un proveedor comprometido.<\/p>\n<p>En resumen, Chemgramx es su socio ideal si usted <b>3,4-EtPV en venta<\/b> buscar. Con nuestro enfoque en <b>3,4-EtPV de alta calidad<\/b>, estrictos controles de calidad y un excelente servicio al cliente, le ayudamos de la mejor manera posible en su investigaci\u00f3n. Compre en Chemgramx para tener acceso a productos de una pureza y fiabilidad insuperables. Conf\u00ede en nuestra experiencia y nuestro compromiso con la ciencia.<\/p>","protected":false},"excerpt":{"rendered":"<p>Descubra <b>3,4-EtPV de alta calidad<\/b>, ideal para fines de investigaci\u00f3n exigentes. Aseg\u00farese <b>Comprar 3,4-EtPV<\/b> en Chemgramx, con una pureza garantizada y una calidad excelente.<\/p>\n<ul>\n<li>Excelente pureza<\/li>\n<li>Optimizado para la investigaci\u00f3n<\/li>\n<li>Compra segura<\/li>\n<\/ul>","protected":false},"featured_media":8414,"comment_status":"open","ping_status":"closed","template":"","meta":{"_joinchat":[]},"product_brand":[],"product_cat":[48],"product_tag":[964,966,986,990,975,976,989,965,984,980,1450,985,1458,992,1457,1456,971,973,979,967,1452,972,978,1454,968,983,1451,991,970,987,981,1453,977,974,1459,988,982,969,1455],"class_list":{"0":"post-8380","1":"product","2":"type-product","3":"status-publish","4":"has-post-thumbnail","6":"product_cat-stimulants","7":"product_tag-964","8":"product_tag-4-ethylenepyrovaleron","9":"product_tag-4-ethylenepyrovaleron-effekte","10":"product_tag-4-ethylenepyrovaleron-fur-forschung","11":"product_tag-4-ethylenepyrovaleron-kaufen","12":"product_tag-4-ethylenepyrovaleron-lieferant","13":"product_tag-4-ethylenepyrovaleron-studien","14":"product_tag-4-etpv","15":"product_tag-4-etpv-analyse","16":"product_tag-4-etpv-anwendungen","17":"product_tag-4-etpv-bestellen","18":"product_tag-4-etpv-chemie","19":"product_tag-4-etpv-chemikalie","20":"product_tag-4-etpv-eigenschaften","21":"product_tag-4-etpv-experimente","22":"product_tag-4-etpv-forschung","23":"product_tag-4-etpv-forschungschemikalie","24":"product_tag-4-etpv-groshandel","25":"product_tag-4-etpv-handhabung","26":"product_tag-4-etpv-kaufen","27":"product_tag-4-etpv-labor","28":"product_tag-4-etpv-laboranwendung","29":"product_tag-4-etpv-lagerung","30":"product_tag-4-etpv-legal","31":"product_tag-4-etpv-lieferant","32":"product_tag-4-etpv-markt","33":"product_tag-4-etpv-online","34":"product_tag-4-etpv-pharmakologie","35":"product_tag-4-etpv-preis","36":"product_tag-4-etpv-reinheit","37":"product_tag-4-etpv-risiken","38":"product_tag-4-etpv-sicher","39":"product_tag-4-etpv-sicherheit","40":"product_tag-4-etpv-verfugbarkeit","41":"product_tag-4-etpv-versand","42":"product_tag-4-etpv-vertrieb","43":"product_tag-4-etpv-vorschriften","44":"product_tag-4-etpv-zum-verkauf","45":"product_tag-4etpv-gunstig","47":"first","48":"instock","49":"shipping-taxable","50":"purchasable","51":"product-type-variable"},"yoast_head":"<!-- This site is optimized with the Yoast SEO plugin v27.5 - https:\/\/yoast.com\/product\/yoast-seo-wordpress\/ -->\n<title>3,4-EtPV Kaufen \u2013 Reinheit (Verkauf | Qualit\u00e4t)<\/title>\n<meta name=\"description\" content=\"Entdecken Sie hochwertiges 3,4-EtPV zum Kauf bei Chemgramx. Wir bieten Forschungsklasse 3,4-EtPV mit hoher Reinheit f\u00fcr Ihre Laboranwendungen. Jetzt sicher online bestellen.\" \/>\n<meta name=\"robots\" content=\"index, follow, max-snippet:-1, max-image-preview:large, max-video-preview:-1\" \/>\n<link rel=\"canonical\" href=\"https:\/\/chemgramx.com\/es\/producto-1\/34-comprar-etpv-en-linea\/\" \/>\n<meta property=\"og:locale\" content=\"es_ES\" \/>\n<meta property=\"og:type\" content=\"article\" \/>\n<meta property=\"og:title\" content=\"3,4-EtPV Kaufen \u2013 Reinheit (Verkauf | Qualit\u00e4t)\" \/>\n<meta property=\"og:description\" content=\"Entdecken Sie hochwertiges 3,4-EtPV zum Kauf bei Chemgramx. Wir bieten Forschungsklasse 3,4-EtPV mit hoher Reinheit f\u00fcr Ihre Laboranwendungen. Jetzt sicher online bestellen.\" \/>\n<meta property=\"og:url\" content=\"https:\/\/chemgramx.com\/es\/producto-1\/34-comprar-etpv-en-linea\/\" \/>\n<meta property=\"og:site_name\" content=\"Chemgramx\" \/>\n<meta property=\"article:modified_time\" content=\"2025-12-09T10:13:57+00:00\" \/>\n<meta property=\"og:image\" content=\"https:\/\/chemgramx.com\/wp-content\/uploads\/2025\/11\/Buy-34-EtPV-online.webp\" \/>\n\t<meta property=\"og:image:width\" content=\"300\" \/>\n\t<meta property=\"og:image:height\" content=\"300\" \/>\n\t<meta property=\"og:image:type\" content=\"image\/webp\" \/>\n<meta name=\"twitter:card\" content=\"summary_large_image\" \/>\n<meta name=\"twitter:label1\" content=\"Tiempo de lectura\" \/>\n\t<meta name=\"twitter:data1\" content=\"2 minutos\" \/>\n<script type=\"application\/ld+json\" class=\"yoast-schema-graph\">{\"@context\":\"https:\\\/\\\/schema.org\",\"@graph\":[{\"@type\":\"WebPage\",\"@id\":\"https:\\\/\\\/chemgramx.com\\\/product\\\/34-etpv-online-kaufen\\\/\",\"url\":\"https:\\\/\\\/chemgramx.com\\\/product\\\/34-etpv-online-kaufen\\\/\",\"name\":\"3,4-EtPV Kaufen \u2013 Reinheit (Verkauf | Qualit\u00e4t)\",\"isPartOf\":{\"@id\":\"https:\\\/\\\/chemgramx.com\\\/#website\"},\"primaryImageOfPage\":{\"@id\":\"https:\\\/\\\/chemgramx.com\\\/product\\\/34-etpv-online-kaufen\\\/#primaryimage\"},\"image\":{\"@id\":\"https:\\\/\\\/chemgramx.com\\\/product\\\/34-etpv-online-kaufen\\\/#primaryimage\"},\"thumbnailUrl\":\"https:\\\/\\\/chemgramx.com\\\/wp-content\\\/uploads\\\/2025\\\/11\\\/Buy-34-EtPV-online.webp\",\"datePublished\":\"2025-11-21T18:17:58+00:00\",\"dateModified\":\"2025-12-09T10:13:57+00:00\",\"description\":\"Entdecken Sie hochwertiges 3,4-EtPV zum Kauf bei Chemgramx. Wir bieten Forschungsklasse 3,4-EtPV mit hoher Reinheit f\u00fcr Ihre Laboranwendungen. Jetzt sicher online bestellen.\",\"breadcrumb\":{\"@id\":\"https:\\\/\\\/chemgramx.com\\\/product\\\/34-etpv-online-kaufen\\\/#breadcrumb\"},\"inLanguage\":\"es\",\"potentialAction\":[{\"@type\":\"ReadAction\",\"target\":[\"https:\\\/\\\/chemgramx.com\\\/product\\\/34-etpv-online-kaufen\\\/\"]}]},{\"@type\":\"ImageObject\",\"inLanguage\":\"es\",\"@id\":\"https:\\\/\\\/chemgramx.com\\\/product\\\/34-etpv-online-kaufen\\\/#primaryimage\",\"url\":\"https:\\\/\\\/chemgramx.com\\\/wp-content\\\/uploads\\\/2025\\\/11\\\/Buy-34-EtPV-online.webp\",\"contentUrl\":\"https:\\\/\\\/chemgramx.com\\\/wp-content\\\/uploads\\\/2025\\\/11\\\/Buy-34-EtPV-online.webp\",\"width\":300,\"height\":300},{\"@type\":\"BreadcrumbList\",\"@id\":\"https:\\\/\\\/chemgramx.com\\\/product\\\/34-etpv-online-kaufen\\\/#breadcrumb\",\"itemListElement\":[{\"@type\":\"ListItem\",\"position\":1,\"name\":\"Home\",\"item\":\"https:\\\/\\\/chemgramx.com\\\/\"},{\"@type\":\"ListItem\",\"position\":2,\"name\":\"Shop\",\"item\":\"https:\\\/\\\/chemgramx.com\\\/shop\\\/\"},{\"@type\":\"ListItem\",\"position\":3,\"name\":\"3,4-EtPV Kaufen \u2013 Reinheit (Verkauf | Qualit\u00e4t)\"}]},{\"@type\":\"WebSite\",\"@id\":\"https:\\\/\\\/chemgramx.com\\\/#website\",\"url\":\"https:\\\/\\\/chemgramx.com\\\/\",\"name\":\"Chemgramx\",\"description\":\"\",\"publisher\":{\"@id\":\"https:\\\/\\\/chemgramx.com\\\/#organization\"},\"potentialAction\":[{\"@type\":\"SearchAction\",\"target\":{\"@type\":\"EntryPoint\",\"urlTemplate\":\"https:\\\/\\\/chemgramx.com\\\/?s={search_term_string}\"},\"query-input\":{\"@type\":\"PropertyValueSpecification\",\"valueRequired\":true,\"valueName\":\"search_term_string\"}}],\"inLanguage\":\"es\"},{\"@type\":\"Organization\",\"@id\":\"https:\\\/\\\/chemgramx.com\\\/#organization\",\"name\":\"Chemgramx\",\"url\":\"https:\\\/\\\/chemgramx.com\\\/\",\"logo\":{\"@type\":\"ImageObject\",\"inLanguage\":\"es\",\"@id\":\"https:\\\/\\\/chemgramx.com\\\/#\\\/schema\\\/logo\\\/image\\\/\",\"url\":\"https:\\\/\\\/chemgramx.com\\\/wp-content\\\/uploads\\\/2024\\\/10\\\/final-logo.png\",\"contentUrl\":\"https:\\\/\\\/chemgramx.com\\\/wp-content\\\/uploads\\\/2024\\\/10\\\/final-logo.png\",\"width\":250,\"height\":48,\"caption\":\"Chemgramx\"},\"image\":{\"@id\":\"https:\\\/\\\/chemgramx.com\\\/#\\\/schema\\\/logo\\\/image\\\/\"}}]}<\/script>\n<!-- \/ Yoast SEO plugin. -->","yoast_head_json":{"title":"Comprar 3,4-EtPV \u2013 Pureza (venta | calidad)","description":"Descubra el 3,4-EtPV de alta calidad a la venta en Chemgramx. Ofrecemos 3,4-EtPV de grado de investigaci\u00f3n con alta pureza para sus aplicaciones de laboratorio. Haga su pedido online de forma segura ahora.","robots":{"index":"index","follow":"follow","max-snippet":"max-snippet:-1","max-image-preview":"max-image-preview:large","max-video-preview":"max-video-preview:-1"},"canonical":"https:\/\/chemgramx.com\/es\/producto-1\/34-comprar-etpv-en-linea\/","og_locale":"es_ES","og_type":"article","og_title":"3,4-EtPV Kaufen \u2013 Reinheit (Verkauf | Qualit\u00e4t)","og_description":"Entdecken Sie hochwertiges 3,4-EtPV zum Kauf bei Chemgramx. Wir bieten Forschungsklasse 3,4-EtPV mit hoher Reinheit f\u00fcr Ihre Laboranwendungen. Jetzt sicher online bestellen.","og_url":"https:\/\/chemgramx.com\/es\/producto-1\/34-comprar-etpv-en-linea\/","og_site_name":"Chemgramx","article_modified_time":"2025-12-09T10:13:57+00:00","og_image":[{"width":300,"height":300,"url":"https:\/\/chemgramx.com\/wp-content\/uploads\/2025\/11\/Buy-34-EtPV-online.webp","type":"image\/webp"}],"twitter_card":"summary_large_image","twitter_misc":{"Tiempo de lectura":"2 minutos"},"schema":{"@context":"https:\/\/schema.org","@graph":[{"@type":"WebPage","@id":"https:\/\/chemgramx.com\/product\/34-etpv-online-kaufen\/","url":"https:\/\/chemgramx.com\/product\/34-etpv-online-kaufen\/","name":"Comprar 3,4-EtPV \u2013 Pureza (venta | calidad)","isPartOf":{"@id":"https:\/\/chemgramx.com\/#website"},"primaryImageOfPage":{"@id":"https:\/\/chemgramx.com\/product\/34-etpv-online-kaufen\/#primaryimage"},"image":{"@id":"https:\/\/chemgramx.com\/product\/34-etpv-online-kaufen\/#primaryimage"},"thumbnailUrl":"https:\/\/chemgramx.com\/wp-content\/uploads\/2025\/11\/Buy-34-EtPV-online.webp","datePublished":"2025-11-21T18:17:58+00:00","dateModified":"2025-12-09T10:13:57+00:00","description":"Descubra el 3,4-EtPV de alta calidad a la venta en Chemgramx. Ofrecemos 3,4-EtPV de grado de investigaci\u00f3n con alta pureza para sus aplicaciones de laboratorio. Haga su pedido online de forma segura ahora.","breadcrumb":{"@id":"https:\/\/chemgramx.com\/product\/34-etpv-online-kaufen\/#breadcrumb"},"inLanguage":"es","potentialAction":[{"@type":"ReadAction","target":["https:\/\/chemgramx.com\/product\/34-etpv-online-kaufen\/"]}]},{"@type":"ImageObject","inLanguage":"es","@id":"https:\/\/chemgramx.com\/product\/34-etpv-online-kaufen\/#primaryimage","url":"https:\/\/chemgramx.com\/wp-content\/uploads\/2025\/11\/Buy-34-EtPV-online.webp","contentUrl":"https:\/\/chemgramx.com\/wp-content\/uploads\/2025\/11\/Buy-34-EtPV-online.webp","width":300,"height":300},{"@type":"BreadcrumbList","@id":"https:\/\/chemgramx.com\/product\/34-etpv-online-kaufen\/#breadcrumb","itemListElement":[{"@type":"ListItem","position":1,"name":"Home","item":"https:\/\/chemgramx.com\/"},{"@type":"ListItem","position":2,"name":"Shop","item":"https:\/\/chemgramx.com\/shop\/"},{"@type":"ListItem","position":3,"name":"3,4-EtPV Kaufen \u2013 Reinheit (Verkauf | Qualit\u00e4t)"}]},{"@type":"WebSite","@id":"https:\/\/chemgramx.com\/#website","url":"https:\/\/chemgramx.com\/","name":"Chemgramx","description":"","publisher":{"@id":"https:\/\/chemgramx.com\/#organization"},"potentialAction":[{"@type":"SearchAction","target":{"@type":"EntryPoint","urlTemplate":"https:\/\/chemgramx.com\/?s={search_term_string}"},"query-input":{"@type":"PropertyValueSpecification","valueRequired":true,"valueName":"search_term_string"}}],"inLanguage":"es"},{"@type":"Organization","@id":"https:\/\/chemgramx.com\/#organization","name":"Chemgramx","url":"https:\/\/chemgramx.com\/","logo":{"@type":"ImageObject","inLanguage":"es","@id":"https:\/\/chemgramx.com\/#\/schema\/logo\/image\/","url":"https:\/\/chemgramx.com\/wp-content\/uploads\/2024\/10\/final-logo.png","contentUrl":"https:\/\/chemgramx.com\/wp-content\/uploads\/2024\/10\/final-logo.png","width":250,"height":48,"caption":"Chemgramx"},"image":{"@id":"https:\/\/chemgramx.com\/#\/schema\/logo\/image\/"}}]}},"_links":{"self":[{"href":"https:\/\/chemgramx.com\/es\/wp-json\/wp\/v2\/product\/8380","targetHints":{"allow":["GET"]}}],"collection":[{"href":"https:\/\/chemgramx.com\/es\/wp-json\/wp\/v2\/product"}],"about":[{"href":"https:\/\/chemgramx.com\/es\/wp-json\/wp\/v2\/types\/product"}],"replies":[{"embeddable":true,"href":"https:\/\/chemgramx.com\/es\/wp-json\/wp\/v2\/comments?post=8380"}],"wp:featuredmedia":[{"embeddable":true,"href":"https:\/\/chemgramx.com\/es\/wp-json\/wp\/v2\/media\/8414"}],"wp:attachment":[{"href":"https:\/\/chemgramx.com\/es\/wp-json\/wp\/v2\/media?parent=8380"}],"wp:term":[{"taxonomy":"product_brand","embeddable":true,"href":"https:\/\/chemgramx.com\/es\/wp-json\/wp\/v2\/product_brand?post=8380"},{"taxonomy":"product_cat","embeddable":true,"href":"https:\/\/chemgramx.com\/es\/wp-json\/wp\/v2\/product_cat?post=8380"},{"taxonomy":"product_tag","embeddable":true,"href":"https:\/\/chemgramx.com\/es\/wp-json\/wp\/v2\/product_tag?post=8380"}],"curies":[{"name":"wp","href":"https:\/\/api.w.org\/{rel}","templated":true}]}}