{"id":8386,"date":"2025-11-21T18:18:27","date_gmt":"2025-11-21T18:18:27","guid":{"rendered":"https:\/\/chemgramx.com\/?post_type=product&#038;p=8386"},"modified":"2025-12-09T10:12:08","modified_gmt":"2025-12-09T10:12:08","slug":"3-cpm-3-clorofenmetrazina-comprar-online","status":"publish","type":"product","link":"https:\/\/chemgramx.com\/es\/product\/3-cpm-3-chlorophenmetrazine-online-kaufen\/","title":{"rendered":"Comprar 3-CPM online \u2013 Alta pureza | Chemgramx"},"content":{"rendered":"<p>Bienvenido a Chemgramx, su principal fuente de productos qu\u00edmicos de investigaci\u00f3n de alta calidad. Le ofrecemos <b>Venta de 3-CPM (3-clorofenmetrazina)<\/b>, un compuesto qu\u00edmico de gran inter\u00e9s en la investigaci\u00f3n cient\u00edfica moderna. Este producto se caracteriza por <b>alta pureza en venta<\/b> y <b>Investigar la idoneidad para la venta<\/b> fuera. Es ideal para estudios precisos de laboratorio. Descubra el potencial anal\u00edtico de esta sustancia \u00fanica, cuidadosamente procesada y probada bajo estrictas normas de calidad.<\/p>\n<h2>Introducci\u00f3n a las 3-CPM (metrazinas de 3-clorofeno)<\/h2>\n<p><b>3-CPM (3-clorofenmetrazina)<\/b> es una sustancia sint\u00e9tica de la clase de las fenmetracinas. En los \u00faltimos a\u00f1os ha despertado un gran inter\u00e9s en la investigaci\u00f3n debido a su estructura espec\u00edfica y a sus posibles aplicaciones. Este compuesto ofrece a los cient\u00edficos nuevas formas de investigar los mecanismos qu\u00edmicos. <b>Adem\u00e1s<\/b> la pureza y autenticidad de las sustancias es crucial en contextos cient\u00edficos.<\/p>\n<p>Nuestros productos se someten a estrictos controles de calidad, lo que significa que siempre estamos <b>3-CPM (3-clorofenmetrazina) de alta calidad<\/b> para sus proyectos. <b>En consecuencia<\/b> los investigadores pueden confiar en la coherencia y la fiabilidad. <b>Adem\u00e1s<\/b> ofrecemos una documentaci\u00f3n transparente de cada lote. Con Chemgramx puede <b>aut\u00e9ntico 3-CPM (3-clorofenmetrazina)<\/b> que cumpla las normas m\u00e1s estrictas.<\/p>\n<h2>La ciencia detr\u00e1s del 3-CPM: estructura y propiedades<\/h2>\n<p>La estructura qu\u00edmica de <b>3-CPM (3-clorofenmetrazina)<\/b> se caracteriza por un sistema de anillos de fenilo unido a un anillo de morfolina con una sustituci\u00f3n cloro en la posici\u00f3n 3. Esta configuraci\u00f3n es de especial inter\u00e9s para estudios de qu\u00edmica org\u00e1nica y farmacolog\u00eda. <b>Por lo tanto<\/b> permite investigar las relaciones estructura-actividad en los sistemas biol\u00f3gicos.<\/p>\n<p><b>Adem\u00e1s<\/b> El 3-CPM tiene unas propiedades fisicoqu\u00edmicas \u00fanicas y suele presentarse en forma de polvo cristalino fino. Su composici\u00f3n molecular y su estereoqu\u00edmica desempe\u00f1an un papel crucial en las interacciones. <b>En particular<\/b> El conocimiento preciso de estas propiedades es esencial para los montajes experimentales. Si usted <b>mejor 3-CPM (3-clorofenmetrazina) disponible<\/b> Chemgramx es la elecci\u00f3n correcta porque s\u00f3lo ofrecemos productos de <b>Calidad de laboratorio en venta<\/b> ofrecer.<\/p>\n<ul>\n<li><b>F\u00f3rmula qu\u00edmica:<\/b> C11H14ClNO<\/li>\n<li><b>Masa molar:<\/b> 211,69 g\/mol<\/li>\n<li><b>Estado agregado:<\/b> S\u00f3lido (polvo cristalino)<\/li>\n<li><b>Solubilidad:<\/b> Var\u00eda en funci\u00f3n del disolvente.<\/li>\n<\/ul>\n<h2>Aplicaciones y potencial de investigaci\u00f3n del 3-CPM<\/h2>\n<p>El potencial de investigaci\u00f3n de <b>3-CPM (3-clorofenmetrazina)<\/b> est\u00e1 ampliamente diversificada. Se utiliza con frecuencia en la investigaci\u00f3n precl\u00ednica para investigar los efectos de las fenetilaminas sustituidas en las v\u00edas neuronales. <b>Adem\u00e1s<\/b> es una valiosa herramienta para el estudio de los neurotransmisores, en particular la recaptaci\u00f3n de dopamina y noradrenalina. Esta investigaci\u00f3n contribuye a la comprensi\u00f3n de procesos biol\u00f3gicos complejos.<\/p>\n<p><b>Adem\u00e1s<\/b> El 3-CPM se utiliza en qu\u00edmica anal\u00edtica para el desarrollo de nuevos m\u00e9todos de detecci\u00f3n. <b>Igualmente<\/b> sirve de patr\u00f3n de referencia en los laboratorios toxicol\u00f3gicos y forenses. La precisi\u00f3n y fiabilidad que <a href=\"https:\/\/chemgramx.com\/product\/3-cpm-3-chlorophenmetrazine-online-kaufen\/\">Comprar 3-CPM (3-clorofenmetrazina) en l\u00ednea<\/a> de Chemgramx es esencial para estas aplicaciones cr\u00edticas. La versatilidad del 3-CPM lo convierte en un reactivo indispensable.<\/p>\n<h3>\u00c1reas de investigaci\u00f3n importantes:<\/h3>\n<ul>\n<li>Estudios neurocient\u00edficos sobre los sistemas dopamin\u00e9rgico y noradrenal\u00ednico.<\/li>\n<li>Estudios farmacol\u00f3gicos sobre las relaciones estructura-actividad.<\/li>\n<li>Desarrollo de m\u00e9todos de an\u00e1lisis en medicina forense.<\/li>\n<li>Estudios comparativos con <a href=\"https:\/\/chemgramx.com\/product\/mescalin-pulver-online-kaufen\/\">Comprar mescalina en polvo en l\u00ednea<\/a> y otros derivados de la fenetilamina.<\/li>\n<\/ul>\n<h2>Calidad y pureza: nuestro compromiso<\/h2>\n<p>En Chemgramx, concedemos gran importancia a la calidad y pureza de nuestros productos. Cada lote de <b>3-CPM (3-clorofenmetrazina)<\/b> se somete a an\u00e1lisis exhaustivos, incluidos GC-MS y HPLC. <b>Esto garantiza<\/b> una pureza superior a 98%. Estas pruebas tan rigurosas garantizan la integridad de los resultados de sus investigaciones.<\/p>\n<p><b>Adem\u00e1s<\/b> recibir\u00e1 un certificado de an\u00e1lisis (CdA) detallado que confirma la pureza y la identidad de la sustancia. Este enfoque transparente pone de relieve nuestro compromiso con la excelencia cient\u00edfica. Si usted <b>Comprar 3-CPM (3-clorofenmetrazina) en l\u00ednea<\/b> puede confiar en la calidad inigualable de Chemgramx. Nuestro objetivo es proporcionarle las mejores herramientas para sus descubrimientos.<\/p>\n<p><b>Por lo tanto<\/b> es l\u00f3gico utilizar sus productos qu\u00edmicos de investigaci\u00f3n <b>Disponible en Chemgramx.<\/b>. No s\u00f3lo garantizamos <b>Investigar la idoneidad para la venta<\/b>, sino tambi\u00e9n un proceso cuidadosamente elaborado y gestionado con seguridad. Este compromiso con la excelencia nos convierte en el proveedor preferido de las organizaciones de investigaci\u00f3n.<\/p>\n<h2>Instrucciones de seguridad y manipulaci\u00f3n responsable<\/h2>\n<p>El manejo de productos qu\u00edmicos de investigaci\u00f3n como <b>3-CPM (3-clorofenmetrazina)<\/b> requiere extrema precauci\u00f3n y el cumplimiento de estrictos protocolos de seguridad. Este producto est\u00e1 destinado exclusivamente a la investigaci\u00f3n y al uso en laboratorio y no debe utilizarse para el consumo humano. <b>En consecuencia<\/b> es esencial llevar el equipo de protecci\u00f3n individual (EPI) adecuado, incluidas gafas de seguridad, guantes y batas de laboratorio.<\/p>\n<p><b>Adem\u00e1s<\/b> todo el trabajo debe realizarse en un \u00e1rea bien ventilada o bajo una campana extractora para minimizar la exposici\u00f3n a vapores o polvos. Consulte siempre la ficha de datos de seguridad (FDS) para obtener informaci\u00f3n detallada sobre el almacenamiento, la manipulaci\u00f3n y la eliminaci\u00f3n. A <b>adquisici\u00f3n segura<\/b> en Chemgramx tambi\u00e9n incluye el suministro de toda la informaci\u00f3n de seguridad pertinente.<\/p>\n<h2>Chemgramx: su socio para productos qu\u00edmicos de investigaci\u00f3n<\/h2>\n<p>Chemgramx se ha consolidado como un proveedor de confianza de productos qu\u00edmicos para investigaci\u00f3n, caracterizado por su calidad, fiabilidad y excelente servicio al cliente. Comprendemos las necesidades de la comunidad cient\u00edfica. <b>Por lo tanto<\/b> ofrecemos una amplia gama de productos que satisfacen las elevadas exigencias de la investigaci\u00f3n moderna. Nuestra experiencia y compromiso con la integridad cient\u00edfica nos convierten en el socio ideal.<\/p>\n<p><b>Adem\u00e1s<\/b> concedemos gran importancia a la tramitaci\u00f3n discreta y cuidadosa de todos los pedidos. Cada paso, desde la comprobaci\u00f3n del producto hasta la entrega, se lleva a cabo con el m\u00e1ximo cuidado para mantener la calidad y la integridad de nuestras sustancias. Si desea <b>Pedir ahora online<\/b> desea compartir su investigaci\u00f3n con <b>3-CPM (3-clorofenmetrazina) de calidad superior<\/b> puedes hacerlo con confianza. <b>encontrar en Chemgramx<\/b>. Siempre nos esforzamos por superar sus expectativas.<\/p>\n<h3>\u00bfPor qu\u00e9 elegir Chemgramx?<\/h3>\n<ul>\n<li>Los m\u00e1s estrictos controles de calidad y an\u00e1lisis.<\/li>\n<li>Documentaci\u00f3n transparente del producto (CoAs).<\/li>\n<li>Amplia gama de productos qu\u00edmicos para investigaci\u00f3n.<\/li>\n<li>Apoyo integral a proyectos cient\u00edficos.<\/li>\n<\/ul>\n<h2>Conclusi\u00f3n y disponibilidad<\/h2>\n<p>En resumen, se puede decir que <b>3-CPM (3-clorofenmetrazina)<\/b> es una sustancia qu\u00edmica importante y vers\u00e1til para la investigaci\u00f3n. Sus propiedades \u00fanicas lo convierten en una valiosa herramienta para estudios detallados. <b>En consecuencia<\/b> es de suma importancia elegir una fuente que pueda garantizar la m\u00e1xima pureza y fiabilidad.<\/p>\n<p>En Chemgramx estamos orgullosos de ofrecerle este reactivo de alta calidad en <b>Investigar la idoneidad para la venta<\/b> ofrecer. Nos aseguramos de que cada pedido se procese cuidadosamente y se trate con la m\u00e1xima discreci\u00f3n para garantizar la seguridad y la integridad. Para cient\u00edficos que <a href=\"https:\/\/chemgramx.com\/product\/3-cpm-3-chlorophenmetrazine-online-kaufen\/\">3-CPM (3-clorofenmetrazina) para comprar<\/a> Chemgramx ofrece una soluci\u00f3n de primera clase. <b>Por eso<\/b> No dude en consultar sus requisitos hoy mismo y alcance sus objetivos de investigaci\u00f3n con nosotros.<\/p>\n<p>Puede <b>Comprar 3-CPM (3-clorofenmetrazina) online en Chemgramx<\/b>. Somos su socio de confianza para todas sus necesidades de investigaci\u00f3n y garantizamos que sus proyectos cient\u00edficos se construyan sobre una base s\u00f3lida.<\/p>","protected":false},"excerpt":{"rendered":"<p>Descubra <b>3-CPM (3-clorofenmetrazina)<\/b> en Chemgramx, un producto qu\u00edmico sint\u00e9tico de investigaci\u00f3n de la clase de la fenmetracina. Este producto de alta pureza y grado de laboratorio es ideal para estudios cient\u00edficos. Apoya la investigaci\u00f3n farmacol\u00f3gica y de neurotransmisores. <b>Comprar 3-CPM<\/b> Con seguridad y confianza <b>en Chemgramx<\/b>.<\/p>","protected":false},"featured_media":8416,"comment_status":"open","ping_status":"closed","template":"","meta":{"_joinchat":[]},"product_brand":[],"product_cat":[48],"product_tag":[994,1014,1018,1003,1004,1017,993,1012,1008,1013,1019,999,1001,1007,995,1000,1006,996,1011,1020,998,1015,1009,1005,1002,1016,1010,997],"class_list":{"0":"post-8386","1":"product","2":"type-product","3":"status-publish","4":"has-post-thumbnail","6":"product_cat-stimulants","7":"product_tag-3-chlorophenmetrazin","8":"product_tag-3-chlorophenmetrazin-effekte","9":"product_tag-3-chlorophenmetrazin-fur-forschung","10":"product_tag-3-chlorophenmetrazin-kaufen","11":"product_tag-3-chlorophenmetrazin-lieferant","12":"product_tag-3-chlorophenmetrazin-studien","13":"product_tag-3-cpm","14":"product_tag-3-cpm-analyse","15":"product_tag-3-cpm-anwendungen","16":"product_tag-3-cpm-chemie","17":"product_tag-3-cpm-eigenschaften","18":"product_tag-3-cpm-forschungschemikalie","19":"product_tag-3-cpm-groshandel","20":"product_tag-3-cpm-handhabung","21":"product_tag-3-cpm-kaufen","22":"product_tag-3-cpm-laboranwendung","23":"product_tag-3-cpm-lagerung","24":"product_tag-3-cpm-lieferant","25":"product_tag-3-cpm-markt","26":"product_tag-3-cpm-pharmakologie","27":"product_tag-3-cpm-preis","28":"product_tag-3-cpm-reinheit","29":"product_tag-3-cpm-risiken","30":"product_tag-3-cpm-sicherheit","31":"product_tag-3-cpm-verfugbarkeit","32":"product_tag-3-cpm-vertrieb","33":"product_tag-3-cpm-vorschriften","34":"product_tag-3-cpm-zum-verkauf","36":"first","37":"instock","38":"shipping-taxable","39":"purchasable","40":"product-type-variable"},"yoast_head":"<!-- This site is optimized with the Yoast SEO plugin v27.5 - https:\/\/yoast.com\/product\/yoast-seo-wordpress\/ -->\n<title>3-CPM online kaufen - Hochrein | Chemgramx<\/title>\n<meta name=\"description\" content=\"3-CPM Kaufen: Hochreines 3-Chlorophenmetrazine in Laborqualit\u00e4t f\u00fcr Ihre Forschung. Erzielen Sie pr\u00e4zise Ergebnisse mit zertifizierten Produkten von Chemgramx. Jetzt online bestellen.\" \/>\n<meta name=\"robots\" content=\"index, follow, max-snippet:-1, max-image-preview:large, max-video-preview:-1\" \/>\n<link rel=\"canonical\" href=\"https:\/\/chemgramx.com\/es\/producto-1\/3-cpm-3-clorofenmetrazina-comprar-online\/\" \/>\n<meta property=\"og:locale\" content=\"es_ES\" \/>\n<meta property=\"og:type\" content=\"article\" \/>\n<meta property=\"og:title\" content=\"3-CPM online kaufen - Hochrein | Chemgramx\" \/>\n<meta property=\"og:description\" content=\"3-CPM Kaufen: Hochreines 3-Chlorophenmetrazine in Laborqualit\u00e4t f\u00fcr Ihre Forschung. Erzielen Sie pr\u00e4zise Ergebnisse mit zertifizierten Produkten von Chemgramx. Jetzt online bestellen.\" \/>\n<meta property=\"og:url\" content=\"https:\/\/chemgramx.com\/es\/producto-1\/3-cpm-3-clorofenmetrazina-comprar-online\/\" \/>\n<meta property=\"og:site_name\" content=\"Chemgramx\" \/>\n<meta property=\"article:modified_time\" content=\"2025-12-09T10:12:08+00:00\" \/>\n<meta property=\"og:image\" content=\"https:\/\/chemgramx.com\/wp-content\/uploads\/2025\/11\/Buy-3-CPM-online.webp\" \/>\n\t<meta property=\"og:image:width\" content=\"700\" \/>\n\t<meta property=\"og:image:height\" content=\"500\" \/>\n\t<meta property=\"og:image:type\" content=\"image\/webp\" \/>\n<meta name=\"twitter:card\" content=\"summary_large_image\" \/>\n<meta name=\"twitter:label1\" content=\"Tiempo de lectura\" \/>\n\t<meta name=\"twitter:data1\" content=\"4 minutos\" \/>\n<script type=\"application\/ld+json\" class=\"yoast-schema-graph\">{\"@context\":\"https:\\\/\\\/schema.org\",\"@graph\":[{\"@type\":\"WebPage\",\"@id\":\"https:\\\/\\\/chemgramx.com\\\/product\\\/3-cpm-3-chlorophenmetrazine-online-kaufen\\\/\",\"url\":\"https:\\\/\\\/chemgramx.com\\\/product\\\/3-cpm-3-chlorophenmetrazine-online-kaufen\\\/\",\"name\":\"3-CPM online kaufen - Hochrein | Chemgramx\",\"isPartOf\":{\"@id\":\"https:\\\/\\\/chemgramx.com\\\/#website\"},\"primaryImageOfPage\":{\"@id\":\"https:\\\/\\\/chemgramx.com\\\/product\\\/3-cpm-3-chlorophenmetrazine-online-kaufen\\\/#primaryimage\"},\"image\":{\"@id\":\"https:\\\/\\\/chemgramx.com\\\/product\\\/3-cpm-3-chlorophenmetrazine-online-kaufen\\\/#primaryimage\"},\"thumbnailUrl\":\"https:\\\/\\\/chemgramx.com\\\/wp-content\\\/uploads\\\/2025\\\/11\\\/Buy-3-CPM-online.webp\",\"datePublished\":\"2025-11-21T18:18:27+00:00\",\"dateModified\":\"2025-12-09T10:12:08+00:00\",\"description\":\"3-CPM Kaufen: Hochreines 3-Chlorophenmetrazine in Laborqualit\u00e4t f\u00fcr Ihre Forschung. Erzielen Sie pr\u00e4zise Ergebnisse mit zertifizierten Produkten von Chemgramx. Jetzt online bestellen.\",\"breadcrumb\":{\"@id\":\"https:\\\/\\\/chemgramx.com\\\/product\\\/3-cpm-3-chlorophenmetrazine-online-kaufen\\\/#breadcrumb\"},\"inLanguage\":\"es\",\"potentialAction\":[{\"@type\":\"ReadAction\",\"target\":[\"https:\\\/\\\/chemgramx.com\\\/product\\\/3-cpm-3-chlorophenmetrazine-online-kaufen\\\/\"]}]},{\"@type\":\"ImageObject\",\"inLanguage\":\"es\",\"@id\":\"https:\\\/\\\/chemgramx.com\\\/product\\\/3-cpm-3-chlorophenmetrazine-online-kaufen\\\/#primaryimage\",\"url\":\"https:\\\/\\\/chemgramx.com\\\/wp-content\\\/uploads\\\/2025\\\/11\\\/Buy-3-CPM-online.webp\",\"contentUrl\":\"https:\\\/\\\/chemgramx.com\\\/wp-content\\\/uploads\\\/2025\\\/11\\\/Buy-3-CPM-online.webp\",\"width\":700,\"height\":500},{\"@type\":\"BreadcrumbList\",\"@id\":\"https:\\\/\\\/chemgramx.com\\\/product\\\/3-cpm-3-chlorophenmetrazine-online-kaufen\\\/#breadcrumb\",\"itemListElement\":[{\"@type\":\"ListItem\",\"position\":1,\"name\":\"Home\",\"item\":\"https:\\\/\\\/chemgramx.com\\\/\"},{\"@type\":\"ListItem\",\"position\":2,\"name\":\"Shop\",\"item\":\"https:\\\/\\\/chemgramx.com\\\/shop\\\/\"},{\"@type\":\"ListItem\",\"position\":3,\"name\":\"3-CPM online kaufen &#8211; Hochrein | Chemgramx\"}]},{\"@type\":\"WebSite\",\"@id\":\"https:\\\/\\\/chemgramx.com\\\/#website\",\"url\":\"https:\\\/\\\/chemgramx.com\\\/\",\"name\":\"Chemgramx\",\"description\":\"\",\"publisher\":{\"@id\":\"https:\\\/\\\/chemgramx.com\\\/#organization\"},\"potentialAction\":[{\"@type\":\"SearchAction\",\"target\":{\"@type\":\"EntryPoint\",\"urlTemplate\":\"https:\\\/\\\/chemgramx.com\\\/?s={search_term_string}\"},\"query-input\":{\"@type\":\"PropertyValueSpecification\",\"valueRequired\":true,\"valueName\":\"search_term_string\"}}],\"inLanguage\":\"es\"},{\"@type\":\"Organization\",\"@id\":\"https:\\\/\\\/chemgramx.com\\\/#organization\",\"name\":\"Chemgramx\",\"url\":\"https:\\\/\\\/chemgramx.com\\\/\",\"logo\":{\"@type\":\"ImageObject\",\"inLanguage\":\"es\",\"@id\":\"https:\\\/\\\/chemgramx.com\\\/#\\\/schema\\\/logo\\\/image\\\/\",\"url\":\"https:\\\/\\\/chemgramx.com\\\/wp-content\\\/uploads\\\/2024\\\/10\\\/final-logo.png\",\"contentUrl\":\"https:\\\/\\\/chemgramx.com\\\/wp-content\\\/uploads\\\/2024\\\/10\\\/final-logo.png\",\"width\":250,\"height\":48,\"caption\":\"Chemgramx\"},\"image\":{\"@id\":\"https:\\\/\\\/chemgramx.com\\\/#\\\/schema\\\/logo\\\/image\\\/\"}}]}<\/script>\n<!-- \/ Yoast SEO plugin. -->","yoast_head_json":{"title":"Comprar 3-CPM online - Alta pureza | Chemgramx","description":"Comprar 3-CPM: Metrazinas de 3-clorofeno de alta pureza en calidad de laboratorio para su investigaci\u00f3n. Consiga resultados precisos con los productos certificados de Chemgramx. Haga su pedido en l\u00ednea ahora.","robots":{"index":"index","follow":"follow","max-snippet":"max-snippet:-1","max-image-preview":"max-image-preview:large","max-video-preview":"max-video-preview:-1"},"canonical":"https:\/\/chemgramx.com\/es\/producto-1\/3-cpm-3-clorofenmetrazina-comprar-online\/","og_locale":"es_ES","og_type":"article","og_title":"3-CPM online kaufen - Hochrein | Chemgramx","og_description":"3-CPM Kaufen: Hochreines 3-Chlorophenmetrazine in Laborqualit\u00e4t f\u00fcr Ihre Forschung. Erzielen Sie pr\u00e4zise Ergebnisse mit zertifizierten Produkten von Chemgramx. Jetzt online bestellen.","og_url":"https:\/\/chemgramx.com\/es\/producto-1\/3-cpm-3-clorofenmetrazina-comprar-online\/","og_site_name":"Chemgramx","article_modified_time":"2025-12-09T10:12:08+00:00","og_image":[{"width":700,"height":500,"url":"https:\/\/chemgramx.com\/wp-content\/uploads\/2025\/11\/Buy-3-CPM-online.webp","type":"image\/webp"}],"twitter_card":"summary_large_image","twitter_misc":{"Tiempo de lectura":"4 minutos"},"schema":{"@context":"https:\/\/schema.org","@graph":[{"@type":"WebPage","@id":"https:\/\/chemgramx.com\/product\/3-cpm-3-chlorophenmetrazine-online-kaufen\/","url":"https:\/\/chemgramx.com\/product\/3-cpm-3-chlorophenmetrazine-online-kaufen\/","name":"Comprar 3-CPM online - Alta pureza | Chemgramx","isPartOf":{"@id":"https:\/\/chemgramx.com\/#website"},"primaryImageOfPage":{"@id":"https:\/\/chemgramx.com\/product\/3-cpm-3-chlorophenmetrazine-online-kaufen\/#primaryimage"},"image":{"@id":"https:\/\/chemgramx.com\/product\/3-cpm-3-chlorophenmetrazine-online-kaufen\/#primaryimage"},"thumbnailUrl":"https:\/\/chemgramx.com\/wp-content\/uploads\/2025\/11\/Buy-3-CPM-online.webp","datePublished":"2025-11-21T18:18:27+00:00","dateModified":"2025-12-09T10:12:08+00:00","description":"Comprar 3-CPM: Metrazinas de 3-clorofeno de alta pureza en calidad de laboratorio para su investigaci\u00f3n. Consiga resultados precisos con los productos certificados de Chemgramx. Haga su pedido en l\u00ednea ahora.","breadcrumb":{"@id":"https:\/\/chemgramx.com\/product\/3-cpm-3-chlorophenmetrazine-online-kaufen\/#breadcrumb"},"inLanguage":"es","potentialAction":[{"@type":"ReadAction","target":["https:\/\/chemgramx.com\/product\/3-cpm-3-chlorophenmetrazine-online-kaufen\/"]}]},{"@type":"ImageObject","inLanguage":"es","@id":"https:\/\/chemgramx.com\/product\/3-cpm-3-chlorophenmetrazine-online-kaufen\/#primaryimage","url":"https:\/\/chemgramx.com\/wp-content\/uploads\/2025\/11\/Buy-3-CPM-online.webp","contentUrl":"https:\/\/chemgramx.com\/wp-content\/uploads\/2025\/11\/Buy-3-CPM-online.webp","width":700,"height":500},{"@type":"BreadcrumbList","@id":"https:\/\/chemgramx.com\/product\/3-cpm-3-chlorophenmetrazine-online-kaufen\/#breadcrumb","itemListElement":[{"@type":"ListItem","position":1,"name":"Home","item":"https:\/\/chemgramx.com\/"},{"@type":"ListItem","position":2,"name":"Shop","item":"https:\/\/chemgramx.com\/shop\/"},{"@type":"ListItem","position":3,"name":"3-CPM online kaufen &#8211; Hochrein | Chemgramx"}]},{"@type":"WebSite","@id":"https:\/\/chemgramx.com\/#website","url":"https:\/\/chemgramx.com\/","name":"Chemgramx","description":"","publisher":{"@id":"https:\/\/chemgramx.com\/#organization"},"potentialAction":[{"@type":"SearchAction","target":{"@type":"EntryPoint","urlTemplate":"https:\/\/chemgramx.com\/?s={search_term_string}"},"query-input":{"@type":"PropertyValueSpecification","valueRequired":true,"valueName":"search_term_string"}}],"inLanguage":"es"},{"@type":"Organization","@id":"https:\/\/chemgramx.com\/#organization","name":"Chemgramx","url":"https:\/\/chemgramx.com\/","logo":{"@type":"ImageObject","inLanguage":"es","@id":"https:\/\/chemgramx.com\/#\/schema\/logo\/image\/","url":"https:\/\/chemgramx.com\/wp-content\/uploads\/2024\/10\/final-logo.png","contentUrl":"https:\/\/chemgramx.com\/wp-content\/uploads\/2024\/10\/final-logo.png","width":250,"height":48,"caption":"Chemgramx"},"image":{"@id":"https:\/\/chemgramx.com\/#\/schema\/logo\/image\/"}}]}},"_links":{"self":[{"href":"https:\/\/chemgramx.com\/es\/wp-json\/wp\/v2\/product\/8386","targetHints":{"allow":["GET"]}}],"collection":[{"href":"https:\/\/chemgramx.com\/es\/wp-json\/wp\/v2\/product"}],"about":[{"href":"https:\/\/chemgramx.com\/es\/wp-json\/wp\/v2\/types\/product"}],"replies":[{"embeddable":true,"href":"https:\/\/chemgramx.com\/es\/wp-json\/wp\/v2\/comments?post=8386"}],"wp:featuredmedia":[{"embeddable":true,"href":"https:\/\/chemgramx.com\/es\/wp-json\/wp\/v2\/media\/8416"}],"wp:attachment":[{"href":"https:\/\/chemgramx.com\/es\/wp-json\/wp\/v2\/media?parent=8386"}],"wp:term":[{"taxonomy":"product_brand","embeddable":true,"href":"https:\/\/chemgramx.com\/es\/wp-json\/wp\/v2\/product_brand?post=8386"},{"taxonomy":"product_cat","embeddable":true,"href":"https:\/\/chemgramx.com\/es\/wp-json\/wp\/v2\/product_cat?post=8386"},{"taxonomy":"product_tag","embeddable":true,"href":"https:\/\/chemgramx.com\/es\/wp-json\/wp\/v2\/product_tag?post=8386"}],"curies":[{"name":"wp","href":"https:\/\/api.w.org\/{rel}","templated":true}]}}