{"id":8387,"date":"2025-11-21T18:18:27","date_gmt":"2025-11-21T18:18:27","guid":{"rendered":"https:\/\/chemgramx.com\/?post_type=product&#038;p=8387"},"modified":"2025-12-09T10:12:14","modified_gmt":"2025-12-09T10:12:14","slug":"4-metmp-threo-4-metilmetilfenidato-comprar-online","status":"publish","type":"product","link":"https:\/\/chemgramx.com\/es\/product\/4-metmp-threo-4-methylmethylphenidat-online-kaufen\/","title":{"rendered":"Comprar treo-4-metilmetilfenidato \u2013 Calidad para investigaci\u00f3n"},"content":{"rendered":"<p>La investigaci\u00f3n qu\u00edmica requiere la m\u00e1xima precisi\u00f3n y materiales fiables. <b>En particular<\/b> El acceso a sustancias de la m\u00e1s alta calidad es esencial para el estudio de interacciones moleculares complejas. Si usted <b>Treo-4-metilmetilfenidato a la venta<\/b> , Chemgramx ofrece una soluci\u00f3n de primera clase para sus proyectos cient\u00edficos. Nuestro 4-MeTMP es sin\u00f3nimo de <b>Alta pureza a la venta<\/b> y est\u00e1 especialmente dise\u00f1ado para fines de investigaci\u00f3n exigentes.<\/p>\n<p><b>En consecuencia<\/b> Aproveche las ventajas de una sustancia cuya calidad y consistencia est\u00e1n sujetas a estrictas normas. <b>Por lo tanto<\/b> Garantizamos que nuestro metilfenidato 4-metil-3-hidroxietileno tiene una calidad superior. <b>La calidad de la investigaci\u00f3n a la venta<\/b> tiene.<\/p>\n<h2>La ciencia detr\u00e1s del 4-metilmetilfenidato (4-MeTMP) de threo<\/h2>\n<p><b>treo-4-metilmetilfenidato<\/b>, abreviado 4-MeTMP, es un compuesto fascinante que despierta un gran inter\u00e9s en la comunidad cient\u00edfica. Su estructura molecular est\u00e1 estrechamente relacionada con el metilfenidato, pero un grupo metilo en la posici\u00f3n 4 del anillo fenilo confiere al 4-MeTMP propiedades \u00fanicas para la neurociencia y la farmacolog\u00eda.<\/p>\n<p><b>Adem\u00e1s<\/b> es la espec\u00edfica <i>threo<\/i>La configuraci\u00f3n es decisiva para la interacci\u00f3n de la sustancia con los receptores y transportadores neuronales. <b>En consecuencia<\/b> Esto permite a los investigadores estudiar con mayor detalle los complejos mecanismos de los neurotransmisores, como la dopamina y la noradrenalina. Una s\u00edntesis precisa es de suma importancia para la validez de los resultados experimentales.<\/p>\n<p>Para los cient\u00edficos que <b>Metilfenidato threo-4-metilo aut\u00e9ntico<\/b> necesitan, Chemgramx ofrece una fuente fiable. <b>De hecho<\/b> Nuestras muestras de laboratorio de alta pureza permiten realizar estudios fundamentados sobre perfiles farmacol\u00f3gicos. <b>Por lo tanto<\/b> Encontrar\u00e1 siempre en nuestra empresa <b>Metilfenidato de threo-4-metilo de m\u00e1xima calidad<\/b> para sus proyectos.<\/p>\n<h2>\u00c1mbitos de aplicaci\u00f3n y protocolos experimentales<\/h2>\n<p>Las posibilidades de aplicaci\u00f3n de <b>treo-4-metilmetilfenidato<\/b> en la investigaci\u00f3n cient\u00edfica son muy variadas. <b>En particular<\/b> Se utiliza en estudios sobre la regulaci\u00f3n de los neurotransmisores, la funci\u00f3n sin\u00e1ptica y el desarrollo de nuevos enfoques terap\u00e9uticos. <b>Adem\u00e1s<\/b> El 4-MeTMP sirve como sustancia de referencia para el an\u00e1lisis de compuestos similares.<\/p>\n<p><b>Adem\u00e1s<\/b> la sustancia desempe\u00f1a un papel importante en la investigaci\u00f3n de los sistemas dopamin\u00e9rgicos. <b>En consecuencia<\/b> El 4-MeTMP es interesante para estudios precl\u00ednicos sobre enfermedades como el TDAH o el Parkinson. El control preciso de la dosis y la pureza son decisivos para la validez de los resultados.<\/p>\n<p>Al llevar a cabo protocolos experimentales, es importante contar con <b>El mejor 4-metilmetilfenidato threo disponible<\/b> un factor cr\u00edtico. <b>Por lo tanto<\/b> Los laboratorios de investigaci\u00f3n conceden gran importancia a los proveedores que cumplen con los m\u00e1s altos est\u00e1ndares. <b>Por ejemplo<\/b> \u00bfEl 4-metilmetilfenidato de treo puede <i>In vitro<\/i>-Se utilizan ensayos.<\/p>\n<p><b>Adem\u00e1s<\/b> \u00bfPuede usted? <b><a href=\"https:\/\/chemgramx.com\/product\/4-metmp-threo-4-methylmethylphenidat-online-kaufen\/\">Comprar treo-4-metilmetilfenidato online<\/a><\/b>, para que sus experimentos se basen en fundamentos s\u00f3lidos. <b>Por \u00faltimo<\/b>, Para completar su investigaci\u00f3n, en Chemgramx tambi\u00e9n ofrecemos otros <b><a href=\"https:\/\/chemgramx.com\/product\/zdcm-04-online-kaufen\/\">Productos qu\u00edmicos relacionados con la investigaci\u00f3n<\/a><\/b> que podr\u00edan resultar \u00fatiles en estudios complementarios.<\/p>\n<h2>Est\u00e1ndares de calidad y pureza<\/h2>\n<p>La m\u00e1xima pureza es la piedra angular de toda investigaci\u00f3n qu\u00edmica exitosa. <b>En consecuencia<\/b> Chemgramx se dedica al control de calidad en <b>treo-4-metilmetilfenidato<\/b> especial atenci\u00f3n. Cada lote se somete a rigurosas pruebas anal\u00edticas para garantizar que cumple con el grado de pureza declarado.<\/p>\n<p><b>En el proceso<\/b> Se utilizan m\u00e9todos de an\u00e1lisis de \u00faltima generaci\u00f3n, como HPLC y NMR. <b>As\u00ed<\/b> Garantizamos que nuestro producto cumple con las expectativas en cuanto a <b>Calidad de laboratorio a la venta<\/b> y <b>La calidad de la investigaci\u00f3n a la venta<\/b> supera. <b>En consecuencia<\/b> Aseg\u00farese con la compra de <b><a href=\"https:\/\/chemgramx.com\/product\/4-metmp-threo-4-methylmethylphenidat-online-kaufen\/\">4-MeTMP para sus necesidades de investigaci\u00f3n<\/a><\/b> M\u00e1xima precisi\u00f3n.<\/p>\n<h3>Pureza certificada para su investigaci\u00f3n<\/h3>\n<ul>\n<li><b>Trazabilidad:<\/b> Cada entrega es totalmente trazable.<\/li>\n<li><b>An\u00e1lisis de lotes:<\/b> Certificados de an\u00e1lisis completos bajo petici\u00f3n.<\/li>\n<li><b>Coherencia:<\/b> Calidad constante y elevada en todos los lotes.<\/li>\n<\/ul>\n<p><b>Por lo tanto<\/b> puede estar seguro de que est\u00e1 adquiriendo un producto de calidad incomparable. Si <b>Comprar treo-4-metilmetilfenidato online<\/b>, obtendr\u00e1 una sustancia optimizada para los entornos de laboratorio m\u00e1s exigentes.<\/p>\n<h2>Seguridad y manipulaci\u00f3n<\/h2>\n<p>El manejo seguro de los productos qu\u00edmicos de investigaci\u00f3n es de suma importancia. <b>Por lo tanto<\/b> Recomendamos encarecidamente que, al manipular <b>treo-4-metilmetilfenidato<\/b> Seguir siempre las directrices de laboratorio y las normas de seguridad generalmente aceptadas. Esto incluye el uso de equipo de protecci\u00f3n personal adecuado.<\/p>\n<p><b>Adem\u00e1s<\/b> Es imprescindible una ventilaci\u00f3n adecuada del \u00e1rea de trabajo. <b>Todos nuestros productos<\/b> est\u00e1n destinados exclusivamente a fines de investigaci\u00f3n y no al consumo humano. <b>En consecuencia<\/b> El almacenamiento debe realizarse en un entorno seguro y controlado.<\/p>\n<p><b>Otro aspecto importante<\/b> es la eliminaci\u00f3n correcta de los residuos. <b>Siempre<\/b> Debe respetar las normativas locales para evitar da\u00f1os medioambientales. Una documentaci\u00f3n cuidadosa garantiza la seguridad y la reproducibilidad de los resultados de su investigaci\u00f3n.<\/p>\n<p>En Chemgramx concedemos gran importancia a la investigaci\u00f3n responsable. <b>Por este motivo<\/b> Nos aseguramos de que todos nuestros productos <b>Procesado de forma segura<\/b> y listos para su investigaci\u00f3n.<\/p>\n<h2>\u00bfPor qu\u00e9 comprar treo-4-metilmetilfenidato en Chemgramx?<\/h2>\n<p>La elecci\u00f3n del proveedor es fundamental para sus proyectos. En Chemgramx comprendemos las necesidades espec\u00edficas de la comunidad cient\u00edfica. <b>Por lo tanto<\/b> le ofrecemos productos de alta calidad y un servicio integral. Si usted <b>4-metilmetilfenidato de treo en Chemgramx<\/b> , elija un socio que anteponga la calidad y la integridad.<\/p>\n<h3>Sus ventajas de un vistazo:<\/h3>\n<ul>\n<li><b>Excelente pureza:<\/b> M\u00e1ximo cuidado en la s\u00edntesis y el control.<\/li>\n<li><b>Fiabilidad:<\/b> Conocido por la calidad constante de sus productos.<\/li>\n<li><b>Competencia en materia de datos:<\/b> Informaci\u00f3n precisa sobre los productos y datos relevantes.<\/li>\n<li><b>Enfoque en la investigaci\u00f3n:<\/b> Productos especialmente optimizados para laboratorios.<\/li>\n<\/ul>\n<p><b>Adem\u00e1s<\/b> es el proceso de, <b>Comprar ahora online<\/b> con nosotros, sencillo y transparente. <b>Una compra segura<\/b> es algo que nos preocupa especialmente. <b>Por lo tanto<\/b> Utilizamos los protocolos de seguridad m\u00e1s modernos para proteger sus datos y transacciones. Esto garantiza un procesamiento fluido y fiable.<\/p>\n<p>Somos su socio de confianza para <b>Metilfenidato threo-4-metilo aut\u00e9ntico<\/b>. <b>En consecuencia<\/b> Puede confiar en nosotros para equipar sus laboratorios con las mejores sustancias.<\/p>\n<h2>Preguntas frecuentes (FAQ)<\/h2>\n<dl>\n<dt><b>\u00bfPara qu\u00e9 se utiliza el 4-metilmetilfenidato (4-MeTMP)?<\/b><\/dt>\n<dd><b>Contesta:<\/b> El 4-MeTMP est\u00e1 destinado exclusivamente a fines de investigaci\u00f3n cient\u00edfica, por ejemplo, en neurociencias. No est\u00e1 destinado al consumo humano ni animal.<\/dd>\n<dt><b>\u00bfC\u00f3mo puedo comprobar la pureza del producto?<\/b><\/dt>\n<dd><b>Contesta:<\/b> Chemgramx proporciona para cada lote <b>treo-4-metilmetilfenidato<\/b> Certificados de an\u00e1lisis completos que documentan los ensayos de pureza mediante HPLC y RMN. <b>Adem\u00e1s<\/b> Esto demuestra nuestros altos est\u00e1ndares de calidad.<\/dd>\n<dt><b>\u00bfEs seguro comprar 4-MeTMP por Internet?<\/b><\/dt>\n<dd><b>Contesta:<\/b> S\u00ed, con un proveedor de renombre como Chemgramx. Garantizamos un <b>Compra segura<\/b> mediante transacciones cifradas y un procesamiento seguro de los datos. <b>Adem\u00e1s<\/b> Tratamos todos los pedidos con la m\u00e1xima discreci\u00f3n.<\/dd>\n<\/dl>","protected":false},"excerpt":{"rendered":"<p>Descubra la alta pureza <b>4-metilmetilfenidato (4-MeTMP)<\/b> para su exigente investigaci\u00f3n. Este producto est\u00e1 especialmente dise\u00f1ado para aplicaciones cient\u00edficas y garantiza la m\u00e1xima precisi\u00f3n y fiabilidad en sus experimentos. El <i>threo<\/i>La configuraci\u00f3n permite realizar estudios detallados en neurociencia. Adquiera este producto en <b>La calidad de la investigaci\u00f3n a la venta<\/b>. <b>Comprar treo-4-metilmetilfenidato<\/b> De forma f\u00e1cil y segura <b>en Chemgramx<\/b>.<\/p>","protected":false},"featured_media":8417,"comment_status":"open","ping_status":"closed","template":"","meta":{"_joinchat":[]},"product_brand":[],"product_cat":[48],"product_tag":[1050,1069,1065,1605,1624,1070,1612,1071,1611,1610,1618,1056,1619,1058,1064,1052,1607,1057,1063,1609,1053,1068,1625,1606,1615,1620,1055,1072,1066,1608,1062,1059,1613,1073,1067,1054,1575,1616,1617,1626,1621,1623,1622,1051,1614,1075,1060,1061,1074],"class_list":{"0":"post-8387","1":"product","2":"type-product","3":"status-publish","4":"has-post-thumbnail","6":"product_cat-stimulants","7":"product_tag-4-metmp","8":"product_tag-4-metmp-analyse","9":"product_tag-4-metmp-anwendungen","10":"product_tag-4-metmp-bestellen","11":"product_tag-4-metmp-bulk-bestellung","12":"product_tag-4-metmp-chemie","13":"product_tag-4-metmp-chemikalie","14":"product_tag-4-metmp-effekte","15":"product_tag-4-metmp-experimente","16":"product_tag-4-metmp-forschung","17":"product_tag-4-metmp-forschung-chemikalie","18":"product_tag-4-metmp-forschungschemikalie","19":"product_tag-4-metmp-fur-neurowissenschaftliche-studien","20":"product_tag-4-metmp-groshandel","21":"product_tag-4-metmp-handhabung","22":"product_tag-4-metmp-kaufen","23":"product_tag-4-metmp-labor","24":"product_tag-4-metmp-laboranwendung","25":"product_tag-4-metmp-lagerung","26":"product_tag-4-metmp-legal","27":"product_tag-4-metmp-lieferant","28":"product_tag-4-metmp-markt","29":"product_tag-4-metmp-marktanalyse","30":"product_tag-4-metmp-online","31":"product_tag-4-metmp-online-bestellen","32":"product_tag-4-metmp-pharmazeutische-forschung","33":"product_tag-4-metmp-preis","34":"product_tag-4-metmp-reinheit","35":"product_tag-4-metmp-risiken","36":"product_tag-4-metmp-sicher","37":"product_tag-4-metmp-sicherheit","38":"product_tag-4-metmp-verfugbarkeit","39":"product_tag-4-metmp-versand","40":"product_tag-4-metmp-vertrieb","41":"product_tag-4-metmp-vorschriften","42":"product_tag-4-metmp-zum-verkauf","43":"product_tag-4metmp-gunstig","44":"product_tag-forschung-chemikalien-4-metmp","45":"product_tag-hochwertige-4-metmp-kaufen","46":"product_tag-innovative-4-metmp-forschung","47":"product_tag-laborqualitat-4-metmp","48":"product_tag-legaler-4-metmp-anbieter","49":"product_tag-sicherer-4-metmp-versand","50":"product_tag-threo-4-methylmethylphenidat","51":"product_tag-threo-4-methylmethylphenidat-bestellen","52":"product_tag-threo-4-methylmethylphenidat-fur-forschung","53":"product_tag-threo-4-methylmethylphenidat-kaufen","54":"product_tag-threo-4-methylmethylphenidat-lieferant","55":"product_tag-threo-4-methylmethylphenidat-studien","57":"first","58":"instock","59":"shipping-taxable","60":"purchasable","61":"product-type-variable"},"yoast_head":"<!-- This site is optimized with the Yoast SEO plugin v27.5 - https:\/\/yoast.com\/product\/yoast-seo-wordpress\/ -->\n<title>threo-4-Methylmethylphenidat kaufen \u2013 Forschungsqualit\u00e4t<\/title>\n<meta name=\"description\" content=\"threo-4-Methylmethylphenidat kaufen Sie bei Chemgramx. Entdecken Sie hochreines 4-MeTMP in Forschungs- und Laborqualit\u00e4t f\u00fcr pr\u00e4zise Studien. Jetzt Top-Qualit\u00e4t sichern.\" \/>\n<meta name=\"robots\" content=\"index, follow, max-snippet:-1, max-image-preview:large, max-video-preview:-1\" \/>\n<link rel=\"canonical\" href=\"https:\/\/chemgramx.com\/es\/producto-1\/4-metmp-threo-4-metilmetilfenidato-comprar-online\/\" \/>\n<meta property=\"og:locale\" content=\"es_ES\" \/>\n<meta property=\"og:type\" content=\"article\" \/>\n<meta property=\"og:title\" content=\"threo-4-Methylmethylphenidat kaufen \u2013 Forschungsqualit\u00e4t\" \/>\n<meta property=\"og:description\" content=\"threo-4-Methylmethylphenidat kaufen Sie bei Chemgramx. Entdecken Sie hochreines 4-MeTMP in Forschungs- und Laborqualit\u00e4t f\u00fcr pr\u00e4zise Studien. Jetzt Top-Qualit\u00e4t sichern.\" \/>\n<meta property=\"og:url\" content=\"https:\/\/chemgramx.com\/es\/producto-1\/4-metmp-threo-4-metilmetilfenidato-comprar-online\/\" \/>\n<meta property=\"og:site_name\" content=\"Chemgramx\" \/>\n<meta property=\"article:modified_time\" content=\"2025-12-09T10:12:14+00:00\" \/>\n<meta property=\"og:image\" content=\"https:\/\/chemgramx.com\/wp-content\/uploads\/2025\/11\/Buy-4-MeTMP-online-1.webp\" \/>\n\t<meta property=\"og:image:width\" content=\"400\" \/>\n\t<meta property=\"og:image:height\" content=\"225\" \/>\n\t<meta property=\"og:image:type\" content=\"image\/webp\" \/>\n<meta name=\"twitter:card\" content=\"summary_large_image\" \/>\n<meta name=\"twitter:label1\" content=\"Tiempo de lectura\" \/>\n\t<meta name=\"twitter:data1\" content=\"5 minutos\" \/>\n<script type=\"application\/ld+json\" class=\"yoast-schema-graph\">{\"@context\":\"https:\\\/\\\/schema.org\",\"@graph\":[{\"@type\":\"WebPage\",\"@id\":\"https:\\\/\\\/chemgramx.com\\\/product\\\/4-metmp-threo-4-methylmethylphenidat-online-kaufen\\\/\",\"url\":\"https:\\\/\\\/chemgramx.com\\\/product\\\/4-metmp-threo-4-methylmethylphenidat-online-kaufen\\\/\",\"name\":\"threo-4-Methylmethylphenidat kaufen \u2013 Forschungsqualit\u00e4t\",\"isPartOf\":{\"@id\":\"https:\\\/\\\/chemgramx.com\\\/#website\"},\"primaryImageOfPage\":{\"@id\":\"https:\\\/\\\/chemgramx.com\\\/product\\\/4-metmp-threo-4-methylmethylphenidat-online-kaufen\\\/#primaryimage\"},\"image\":{\"@id\":\"https:\\\/\\\/chemgramx.com\\\/product\\\/4-metmp-threo-4-methylmethylphenidat-online-kaufen\\\/#primaryimage\"},\"thumbnailUrl\":\"https:\\\/\\\/chemgramx.com\\\/wp-content\\\/uploads\\\/2025\\\/11\\\/Buy-4-MeTMP-online-1.webp\",\"datePublished\":\"2025-11-21T18:18:27+00:00\",\"dateModified\":\"2025-12-09T10:12:14+00:00\",\"description\":\"threo-4-Methylmethylphenidat kaufen Sie bei Chemgramx. Entdecken Sie hochreines 4-MeTMP in Forschungs- und Laborqualit\u00e4t f\u00fcr pr\u00e4zise Studien. Jetzt Top-Qualit\u00e4t sichern.\",\"breadcrumb\":{\"@id\":\"https:\\\/\\\/chemgramx.com\\\/product\\\/4-metmp-threo-4-methylmethylphenidat-online-kaufen\\\/#breadcrumb\"},\"inLanguage\":\"es\",\"potentialAction\":[{\"@type\":\"ReadAction\",\"target\":[\"https:\\\/\\\/chemgramx.com\\\/product\\\/4-metmp-threo-4-methylmethylphenidat-online-kaufen\\\/\"]}]},{\"@type\":\"ImageObject\",\"inLanguage\":\"es\",\"@id\":\"https:\\\/\\\/chemgramx.com\\\/product\\\/4-metmp-threo-4-methylmethylphenidat-online-kaufen\\\/#primaryimage\",\"url\":\"https:\\\/\\\/chemgramx.com\\\/wp-content\\\/uploads\\\/2025\\\/11\\\/Buy-4-MeTMP-online-1.webp\",\"contentUrl\":\"https:\\\/\\\/chemgramx.com\\\/wp-content\\\/uploads\\\/2025\\\/11\\\/Buy-4-MeTMP-online-1.webp\",\"width\":400,\"height\":225},{\"@type\":\"BreadcrumbList\",\"@id\":\"https:\\\/\\\/chemgramx.com\\\/product\\\/4-metmp-threo-4-methylmethylphenidat-online-kaufen\\\/#breadcrumb\",\"itemListElement\":[{\"@type\":\"ListItem\",\"position\":1,\"name\":\"Home\",\"item\":\"https:\\\/\\\/chemgramx.com\\\/\"},{\"@type\":\"ListItem\",\"position\":2,\"name\":\"Shop\",\"item\":\"https:\\\/\\\/chemgramx.com\\\/shop\\\/\"},{\"@type\":\"ListItem\",\"position\":3,\"name\":\"threo-4-Methylmethylphenidat kaufen \u2013 Forschungsqualit\u00e4t\"}]},{\"@type\":\"WebSite\",\"@id\":\"https:\\\/\\\/chemgramx.com\\\/#website\",\"url\":\"https:\\\/\\\/chemgramx.com\\\/\",\"name\":\"Chemgramx\",\"description\":\"\",\"publisher\":{\"@id\":\"https:\\\/\\\/chemgramx.com\\\/#organization\"},\"potentialAction\":[{\"@type\":\"SearchAction\",\"target\":{\"@type\":\"EntryPoint\",\"urlTemplate\":\"https:\\\/\\\/chemgramx.com\\\/?s={search_term_string}\"},\"query-input\":{\"@type\":\"PropertyValueSpecification\",\"valueRequired\":true,\"valueName\":\"search_term_string\"}}],\"inLanguage\":\"es\"},{\"@type\":\"Organization\",\"@id\":\"https:\\\/\\\/chemgramx.com\\\/#organization\",\"name\":\"Chemgramx\",\"url\":\"https:\\\/\\\/chemgramx.com\\\/\",\"logo\":{\"@type\":\"ImageObject\",\"inLanguage\":\"es\",\"@id\":\"https:\\\/\\\/chemgramx.com\\\/#\\\/schema\\\/logo\\\/image\\\/\",\"url\":\"https:\\\/\\\/chemgramx.com\\\/wp-content\\\/uploads\\\/2024\\\/10\\\/final-logo.png\",\"contentUrl\":\"https:\\\/\\\/chemgramx.com\\\/wp-content\\\/uploads\\\/2024\\\/10\\\/final-logo.png\",\"width\":250,\"height\":48,\"caption\":\"Chemgramx\"},\"image\":{\"@id\":\"https:\\\/\\\/chemgramx.com\\\/#\\\/schema\\\/logo\\\/image\\\/\"}}]}<\/script>\n<!-- \/ Yoast SEO plugin. -->","yoast_head_json":{"title":"Comprar treo-4-metilmetilfenidato \u2013 Calidad para investigaci\u00f3n","description":"Compre treo-4-metilmetilfenidato en Chemgramx. Descubra el 4-MeTMP de alta pureza con calidad de investigaci\u00f3n y laboratorio para estudios precisos. Aseg\u00farese ahora la m\u00e1xima calidad.","robots":{"index":"index","follow":"follow","max-snippet":"max-snippet:-1","max-image-preview":"max-image-preview:large","max-video-preview":"max-video-preview:-1"},"canonical":"https:\/\/chemgramx.com\/es\/producto-1\/4-metmp-threo-4-metilmetilfenidato-comprar-online\/","og_locale":"es_ES","og_type":"article","og_title":"threo-4-Methylmethylphenidat kaufen \u2013 Forschungsqualit\u00e4t","og_description":"threo-4-Methylmethylphenidat kaufen Sie bei Chemgramx. Entdecken Sie hochreines 4-MeTMP in Forschungs- und Laborqualit\u00e4t f\u00fcr pr\u00e4zise Studien. Jetzt Top-Qualit\u00e4t sichern.","og_url":"https:\/\/chemgramx.com\/es\/producto-1\/4-metmp-threo-4-metilmetilfenidato-comprar-online\/","og_site_name":"Chemgramx","article_modified_time":"2025-12-09T10:12:14+00:00","og_image":[{"width":400,"height":225,"url":"https:\/\/chemgramx.com\/wp-content\/uploads\/2025\/11\/Buy-4-MeTMP-online-1.webp","type":"image\/webp"}],"twitter_card":"summary_large_image","twitter_misc":{"Tiempo de lectura":"5 minutos"},"schema":{"@context":"https:\/\/schema.org","@graph":[{"@type":"WebPage","@id":"https:\/\/chemgramx.com\/product\/4-metmp-threo-4-methylmethylphenidat-online-kaufen\/","url":"https:\/\/chemgramx.com\/product\/4-metmp-threo-4-methylmethylphenidat-online-kaufen\/","name":"Comprar treo-4-metilmetilfenidato \u2013 Calidad para investigaci\u00f3n","isPartOf":{"@id":"https:\/\/chemgramx.com\/#website"},"primaryImageOfPage":{"@id":"https:\/\/chemgramx.com\/product\/4-metmp-threo-4-methylmethylphenidat-online-kaufen\/#primaryimage"},"image":{"@id":"https:\/\/chemgramx.com\/product\/4-metmp-threo-4-methylmethylphenidat-online-kaufen\/#primaryimage"},"thumbnailUrl":"https:\/\/chemgramx.com\/wp-content\/uploads\/2025\/11\/Buy-4-MeTMP-online-1.webp","datePublished":"2025-11-21T18:18:27+00:00","dateModified":"2025-12-09T10:12:14+00:00","description":"Compre treo-4-metilmetilfenidato en Chemgramx. Descubra el 4-MeTMP de alta pureza con calidad de investigaci\u00f3n y laboratorio para estudios precisos. Aseg\u00farese ahora la m\u00e1xima calidad.","breadcrumb":{"@id":"https:\/\/chemgramx.com\/product\/4-metmp-threo-4-methylmethylphenidat-online-kaufen\/#breadcrumb"},"inLanguage":"es","potentialAction":[{"@type":"ReadAction","target":["https:\/\/chemgramx.com\/product\/4-metmp-threo-4-methylmethylphenidat-online-kaufen\/"]}]},{"@type":"ImageObject","inLanguage":"es","@id":"https:\/\/chemgramx.com\/product\/4-metmp-threo-4-methylmethylphenidat-online-kaufen\/#primaryimage","url":"https:\/\/chemgramx.com\/wp-content\/uploads\/2025\/11\/Buy-4-MeTMP-online-1.webp","contentUrl":"https:\/\/chemgramx.com\/wp-content\/uploads\/2025\/11\/Buy-4-MeTMP-online-1.webp","width":400,"height":225},{"@type":"BreadcrumbList","@id":"https:\/\/chemgramx.com\/product\/4-metmp-threo-4-methylmethylphenidat-online-kaufen\/#breadcrumb","itemListElement":[{"@type":"ListItem","position":1,"name":"Home","item":"https:\/\/chemgramx.com\/"},{"@type":"ListItem","position":2,"name":"Shop","item":"https:\/\/chemgramx.com\/shop\/"},{"@type":"ListItem","position":3,"name":"threo-4-Methylmethylphenidat kaufen \u2013 Forschungsqualit\u00e4t"}]},{"@type":"WebSite","@id":"https:\/\/chemgramx.com\/#website","url":"https:\/\/chemgramx.com\/","name":"Chemgramx","description":"","publisher":{"@id":"https:\/\/chemgramx.com\/#organization"},"potentialAction":[{"@type":"SearchAction","target":{"@type":"EntryPoint","urlTemplate":"https:\/\/chemgramx.com\/?s={search_term_string}"},"query-input":{"@type":"PropertyValueSpecification","valueRequired":true,"valueName":"search_term_string"}}],"inLanguage":"es"},{"@type":"Organization","@id":"https:\/\/chemgramx.com\/#organization","name":"Chemgramx","url":"https:\/\/chemgramx.com\/","logo":{"@type":"ImageObject","inLanguage":"es","@id":"https:\/\/chemgramx.com\/#\/schema\/logo\/image\/","url":"https:\/\/chemgramx.com\/wp-content\/uploads\/2024\/10\/final-logo.png","contentUrl":"https:\/\/chemgramx.com\/wp-content\/uploads\/2024\/10\/final-logo.png","width":250,"height":48,"caption":"Chemgramx"},"image":{"@id":"https:\/\/chemgramx.com\/#\/schema\/logo\/image\/"}}]}},"_links":{"self":[{"href":"https:\/\/chemgramx.com\/es\/wp-json\/wp\/v2\/product\/8387","targetHints":{"allow":["GET"]}}],"collection":[{"href":"https:\/\/chemgramx.com\/es\/wp-json\/wp\/v2\/product"}],"about":[{"href":"https:\/\/chemgramx.com\/es\/wp-json\/wp\/v2\/types\/product"}],"replies":[{"embeddable":true,"href":"https:\/\/chemgramx.com\/es\/wp-json\/wp\/v2\/comments?post=8387"}],"wp:featuredmedia":[{"embeddable":true,"href":"https:\/\/chemgramx.com\/es\/wp-json\/wp\/v2\/media\/8417"}],"wp:attachment":[{"href":"https:\/\/chemgramx.com\/es\/wp-json\/wp\/v2\/media?parent=8387"}],"wp:term":[{"taxonomy":"product_brand","embeddable":true,"href":"https:\/\/chemgramx.com\/es\/wp-json\/wp\/v2\/product_brand?post=8387"},{"taxonomy":"product_cat","embeddable":true,"href":"https:\/\/chemgramx.com\/es\/wp-json\/wp\/v2\/product_cat?post=8387"},{"taxonomy":"product_tag","embeddable":true,"href":"https:\/\/chemgramx.com\/es\/wp-json\/wp\/v2\/product_tag?post=8387"}],"curies":[{"name":"wp","href":"https:\/\/api.w.org\/{rel}","templated":true}]}}