{"id":8389,"date":"2025-11-21T18:18:28","date_gmt":"2025-11-21T18:18:28","guid":{"rendered":"https:\/\/chemgramx.com\/?post_type=product&#038;p=8389"},"modified":"2025-12-09T10:08:20","modified_gmt":"2025-12-09T10:08:20","slug":"2-nmc-comprar-online","status":"publish","type":"product","link":"https:\/\/chemgramx.com\/es\/product\/2-nmc-online-kaufen\/","title":{"rendered":"Comprar 2-NMC \u2013 Alta pureza | Pedido online"},"content":{"rendered":"<p>Bienvenido a Chemgramx, su proveedor l\u00edder de productos qu\u00edmicos de investigaci\u00f3n de la m\u00e1s alta calidad. En particular, le ofrecemos la posibilidad de, <b>2-NMC en venta<\/b> , una combinaci\u00f3n que est\u00e1 recibiendo cada vez m\u00e1s atenci\u00f3n en el mundo de la investigaci\u00f3n. Entendemos los requisitos de precisi\u00f3n y fiabilidad que implican los estudios cient\u00edficos modernos. Por eso, nuestro 2-NMC est\u00e1 dise\u00f1ado espec\u00edficamente para fines de investigaci\u00f3n y presenta una pureza impresionante.<\/p>\n<p>Nuestro compromiso es proporcionar sustancias que cumplan con los m\u00e1s estrictos est\u00e1ndares de laboratorio. Por lo tanto, puede estar seguro de que cada gramo de 2-NMC que compre con nosotros <a href=\"https:\/\/chemgramx.com\/product\/2-nmc-online-kaufen\/\">Comprar online<\/a>, se ha examinado y analizado minuciosamente. De este modo garantizamos la <b>2-NMC de m\u00e1xima calidad<\/b>, que hacen que los resultados de su investigaci\u00f3n sean precisos y reproducibles. Descubra nuestra oferta y aseg\u00farese los mejores materiales para sus proyectos.<\/p>\n<h2>\u00bfQu\u00e9 es el 2-NMC? Una introducci\u00f3n a su estructura qu\u00edmica<\/h2>\n<p>El 2-NMC, tambi\u00e9n conocido como 2-(metilamino)-1-(naftalen-2-il)propan-1-ona, pertenece a la clase de las catinonas. Se trata de una sustancia qu\u00edmica sint\u00e9tica para investigaci\u00f3n cuya estructura molecular est\u00e1 estrechamente relacionada con otros compuestos estimulantes. Adem\u00e1s, se caracteriza por sus grupos metilo y naftilo caracter\u00edsticos, que est\u00e1n unidos a la cadena principal de propan-1-ona.<\/p>\n<p>Adem\u00e1s, comprender la composici\u00f3n qu\u00edmica exacta es fundamental para los investigadores que desean estudiar las posibles interacciones y propiedades de esta sustancia. La estructura precisa permite determinar sin lugar a dudas la pureza y la identidad del material. Por este motivo, es imprescindible utilizar \u00fanicamente <b>aut\u00e9ntico 2-NMC<\/b> para sus experimentos.<\/p>\n<p>La investigaci\u00f3n sobre las catinonas es un campo din\u00e1mico, y el 2-NMC es uno de esos compuestos que sigue despertando el inter\u00e9s de cient\u00edficos de todo el mundo. Por lo tanto, una caracterizaci\u00f3n precisa de las propiedades qu\u00edmicas es de suma importancia para obtener resultados significativos en los estudios. Esto garantiza la validez y credibilidad de su trabajo cient\u00edfico.<\/p>\n<h2>La importancia de la pureza y la calidad en el 2-NMC<\/h2>\n<p>Para cualquier investigaci\u00f3n cient\u00edfica seria, la pureza de las sustancias utilizadas es de vital importancia. Los productos qu\u00edmicos de baja calidad o contaminados pueden dar lugar a datos poco fiables y conclusiones err\u00f3neas. Por eso, en Chemgramx damos mucha importancia a la <b>Alta pureza a la venta<\/b> de nuestro 2-NMC.<\/p>\n<p>Nuestro 2-NMC se fabrica en condiciones estrictamente controladas y se somete a m\u00faltiples pruebas de pureza. Utilizamos t\u00e9cnicas de an\u00e1lisis de \u00faltima generaci\u00f3n, como HPLC (cromatograf\u00eda l\u00edquida de alta resoluci\u00f3n) y GC-MS (cromatograf\u00eda de gases-espectrometr\u00eda de masas), para garantizar que usted <b>Calidad de la investigaci\u00f3n disponible<\/b> . Esto garantiza que sus experimentos no se vean afectados por subproductos indeseados o impurezas.<\/p>\n<p>Adem\u00e1s, nuestro producto est\u00e1 certificado como <b>Calidad de laboratorio disponible<\/b> , lo que significa que cumple con los altos est\u00e1ndares necesarios para su uso en entornos de investigaci\u00f3n profesionales. Por lo tanto, puede investigar con confianza, sabiendo que est\u00e1 utilizando un producto optimizado espec\u00edficamente para fines cient\u00edficos. Invierta en calidad para obtener resultados precisos y fiables.<\/p>\n<h2>\u00c1mbitos de aplicaci\u00f3n del 2-NMC en la investigaci\u00f3n<\/h2>\n<p>El 2-NMC es un producto qu\u00edmico de investigaci\u00f3n vers\u00e1til que puede utilizarse en diversas disciplinas cient\u00edficas. La farmacolog\u00eda est\u00e1 especialmente interesada en estudiar sus posibles mecanismos de acci\u00f3n e interacciones con los sistemas biol\u00f3gicos. Por lo tanto, se utiliza a menudo en <i>In vitro<\/i>Estudios utilizados para evaluar las afinidades de los receptores y la inhibici\u00f3n de la recaptaci\u00f3n de neurotransmisores.<\/p>\n<p>Adem\u00e1s, el 2-NMC se utiliza en qu\u00edmica anal\u00edtica, especialmente en el desarrollo y la validaci\u00f3n de nuevos m\u00e9todos de detecci\u00f3n de catinonas sint\u00e9ticas. Por lo tanto, contribuye a ampliar el conocimiento sobre esta clase de sustancias. El 2-NMC tambi\u00e9n es de inter\u00e9s en la investigaci\u00f3n toxicol\u00f3gica para estudiar las v\u00edas metab\u00f3licas y los posibles perfiles de toxicidad.<\/p>\n<p>Otro campo importante es la s\u00edntesis qu\u00edmica, donde el 2-NMC puede servir como materia prima o material de referencia. Una investigaci\u00f3n exhaustiva siempre requiere acceso a materiales fiables y estandarizados. Si usted <b>Comprar 2-NMC online<\/b> , le ofrecemos la soluci\u00f3n ideal para sus necesidades espec\u00edficas de investigaci\u00f3n. Descubra nuestra amplia oferta, que tambi\u00e9n incluye compuestos como <a href=\"https:\/\/chemgramx.com\/product\/dmt-dimethyltryptamine-online-kaufen\/\">DMT Dimetiltriptamina<\/a> para sus proyectos vers\u00e1tiles.<\/p>\n<h2>Aspectos de seguridad y uso responsable<\/h2>\n<p>El manejo de productos qu\u00edmicos de investigaci\u00f3n requiere siempre el m\u00e1ximo cuidado y el cumplimiento de estrictos protocolos de seguridad. Es fundamental que los investigadores comprendan los riesgos potenciales del 2-NMC y tomen las medidas de protecci\u00f3n adecuadas. Por lo tanto, recomendamos el uso de equipo de protecci\u00f3n personal (EPP) adecuado, como guantes, gafas de seguridad y batas de laboratorio.<\/p>\n<p>Adem\u00e1s, el 2-NMC solo debe manipularse en \u00e1reas bien ventiladas o bajo una campana extractora para minimizar la exposici\u00f3n a vapores o part\u00edculas. El almacenamiento debe realizarse en un entorno seguro, fresco y seco, alejado de la luz solar directa y la humedad. De este modo se garantiza la estabilidad de la sustancia durante un periodo de tiempo prolongado.<\/p>\n<p>Adem\u00e1s, es de suma importancia que el 2-NMC se utilice \u00fanicamente para los fines de investigaci\u00f3n previstos y no para el consumo humano u otras aplicaciones no cient\u00edficas. Un manejo responsable no solo protege al investigador, sino tambi\u00e9n la integridad del trabajo cient\u00edfico. Inf\u00f3rmese siempre sobre las fichas de datos de seguridad actuales.<\/p>\n<h2>\u00bfPor qu\u00e9 comprar 2-NMC en Chemgramx?<\/h2>\n<p>Elegir el proveedor adecuado de productos qu\u00edmicos para investigaci\u00f3n es fundamental para el \u00e9xito de sus proyectos. En Chemgramx nos enorgullecemos de ofrecer la m\u00e1xima calidad y el mejor servicio. Nos aseguramos de que usted reciba el <b>El mejor 2-NMC disponible<\/b> para sus estudios, ya que realizamos estrictos controles de calidad y an\u00e1lisis de laboratorio independientes.<\/p>\n<p>Nuestros productos se elaboran con el m\u00e1ximo cuidado y respetando las normas \u00e9ticas. Por lo tanto, con nosotros puede estar seguro de que <b>Compra segura<\/b> basado en la transparencia y la confianza. Damos gran importancia al tratamiento discreto y profesional de todas las consultas y pedidos, dando prioridad a sus necesidades de investigaci\u00f3n.<\/p>\n<p>Adem\u00e1s, nuestro objetivo es crear una experiencia fluida para los cient\u00edficos de todo el mundo. Por lo tanto, si usted <b>Comprar 2-NMC online<\/b> Chemgramx le ofrece la experiencia y los recursos que necesita. Aproveche nuestra experiencia y nuestro compromiso con la excelencia y <b>Compre en Chemgramx<\/b> para su investigaci\u00f3n.<\/p>\n<h2>Preguntas frecuentes sobre el 2-NMC (FAQ)<\/h2>\n<h3>\u00bfQu\u00e9 significa \u201ecalidad de la investigaci\u00f3n\u201c para 2-NMC?<\/h3>\n<p>La calidad de la investigaci\u00f3n significa que el 2-NMC ha sido fabricado y probado espec\u00edficamente para estudios cient\u00edficos y aplicaciones de laboratorio. Esto implica una alta pureza y una caracterizaci\u00f3n precisa de la sustancia para garantizar resultados fiables y reproducibles en configuraciones experimentales. No est\u00e1 destinado al consumo humano.<\/p>\n<h3>\u00bfC\u00f3mo se garantiza la pureza del 2-NMC en Chemgramx?<\/h3>\n<p>La pureza de nuestro 2-NMC est\u00e1 garantizada por una serie de estrictos controles de calidad. Estos incluyen m\u00e9todos anal\u00edticos de \u00faltima generaci\u00f3n, como HPLC, GC-MS y espectroscopia NMR. Estos m\u00e9todos nos permiten confirmar la identidad molecular y determinar con precisi\u00f3n el grado de pureza, de modo que siempre obtenga un <b>2-NMC de alta calidad<\/b> recibido.<\/p>\n<h3>\u00bfQu\u00e9 precauciones deben tenerse en cuenta al manipular 2-NMC?<\/h3>\n<p>Al manipular 2-NMC, deben observarse estrictas medidas de seguridad. Entre ellas se incluyen el uso de equipo de protecci\u00f3n personal (guantes, gafas protectoras, bata de laboratorio) y trabajar en una zona bien ventilada o bajo una campana extractora. Adem\u00e1s, es imprescindible almacenarlo adecuadamente en un recipiente fresco, seco y seguro. No apto para el consumo humano.<\/p>\n<h3>\u00bfPuedo adquirir 2-NMC legalmente con fines de investigaci\u00f3n?<\/h3>\n<p>La legalidad del 2-NMC var\u00eda seg\u00fan el pa\u00eds y la jurisdicci\u00f3n. Recomendamos encarecidamente que, antes de <b>Comprar 2-NMC online<\/b> informar sobre las leyes y normativas locales. Chemgramx solo realiza env\u00edos a investigadores e instituciones que puedan confirmar el cumplimiento de todas las normativas pertinentes.<\/p>\n<h2>Conclusi\u00f3n y su pr\u00f3xima adquisici\u00f3n de investigaci\u00f3n<\/h2>\n<p>En resumen, se puede decir que el 2-NMC es un valioso producto qu\u00edmico para la investigaci\u00f3n que se utiliza en diversos campos cient\u00edficos. La decisi\u00f3n de, <b>Comprar 2-NMC online<\/b>, debe tomarse con confianza en la calidad y la integridad cient\u00edfica. Por lo tanto, Chemgramx defiende precisamente estos principios.<\/p>\n<p>Le invitamos a descubrir la excelente calidad de nuestro 2-NMC y a utilizarlo en sus exigentes proyectos de investigaci\u00f3n. De este modo, nos aseguramos de que siempre tenga acceso a <b>2-NMC de m\u00e1xima calidad<\/b> para alcanzar eficazmente sus objetivos cient\u00edficos. Realice ahora su <b>adquisici\u00f3n segura<\/b> con nosotros y potencie su investigaci\u00f3n con productos fiables.<\/p>","protected":false},"excerpt":{"rendered":"<p>Descubra <b>Comprar 2-NMC en l\u00ednea<\/b> en Chemgramx, su proveedor de productos qu\u00edmicos de alta calidad para investigaci\u00f3n. Nuestro 2-NMC destaca por:<\/p>\n<ul>\n<li><b>Alta pureza:<\/b> Garantiza resultados de investigaci\u00f3n precisos.<\/li>\n<li><b>Calidad de laboratorio:<\/b> Ideal para aplicaciones cient\u00edficas exigentes.<\/li>\n<li><b>Fiabilidad:<\/b> Fabricado con esmero para garantizar la consistencia de los experimentos.<\/li>\n<\/ul>\n<p>Adquiera ahora su <b>2-NMC en Chemgramx<\/b> y aseg\u00farese la mejor calidad para sus estudios.<\/p>","protected":false},"featured_media":8425,"comment_status":"open","ping_status":"closed","template":"","meta":{"_joinchat":[]},"product_brand":[],"product_cat":[48],"product_tag":[2565,2569,2567,2573,2566,2572,2568,2570,2571,2015],"class_list":{"0":"post-8389","1":"product","2":"type-product","3":"status-publish","4":"has-post-thumbnail","6":"product_cat-stimulants","7":"product_tag-2-nmc-kaufen","8":"product_tag-2-nmc-kaufen-deutschland","9":"product_tag-2-nmc-kristalle","10":"product_tag-2-nmc-kristalle-kaufen","11":"product_tag-2-nmc-online","12":"product_tag-2-nmc-online-kaufen","13":"product_tag-2-nmc-pulver","14":"product_tag-2-nmc-research-chemical","15":"product_tag-2-nmc-zum-verkauf","16":"product_tag-synthetische-drogen","18":"first","19":"instock","20":"shipping-taxable","21":"purchasable","22":"product-type-variable"},"yoast_head":"<!-- This site is optimized with the Yoast SEO plugin v27.5 - https:\/\/yoast.com\/product\/yoast-seo-wordpress\/ -->\n<title>2-NMC Kaufen - Hochrein | Online Bestellen<\/title>\n<meta name=\"description\" content=\"Erwerben Sie hochwertiges 2-NMC f\u00fcr Ihre Forschung bei Chemgramx. Entdecken Sie unser reines, laborgepr\u00fcftes 2-NMC online f\u00fcr pr\u00e4zise Studien und Ergebnisse.\" \/>\n<meta name=\"robots\" content=\"index, follow, max-snippet:-1, max-image-preview:large, max-video-preview:-1\" \/>\n<link rel=\"canonical\" href=\"https:\/\/chemgramx.com\/es\/producto-1\/2-nmc-comprar-online\/\" \/>\n<meta property=\"og:locale\" content=\"es_ES\" \/>\n<meta property=\"og:type\" content=\"article\" \/>\n<meta property=\"og:title\" content=\"2-NMC Kaufen - Hochrein | Online Bestellen\" \/>\n<meta property=\"og:description\" content=\"Erwerben Sie hochwertiges 2-NMC f\u00fcr Ihre Forschung bei Chemgramx. Entdecken Sie unser reines, laborgepr\u00fcftes 2-NMC online f\u00fcr pr\u00e4zise Studien und Ergebnisse.\" \/>\n<meta property=\"og:url\" content=\"https:\/\/chemgramx.com\/es\/producto-1\/2-nmc-comprar-online\/\" \/>\n<meta property=\"og:site_name\" content=\"Chemgramx\" \/>\n<meta property=\"article:modified_time\" content=\"2025-12-09T10:08:20+00:00\" \/>\n<meta property=\"og:image\" content=\"https:\/\/chemgramx.com\/wp-content\/uploads\/2025\/11\/2nmc.png\" \/>\n\t<meta property=\"og:image:width\" content=\"600\" \/>\n\t<meta property=\"og:image:height\" content=\"400\" \/>\n\t<meta property=\"og:image:type\" content=\"image\/png\" \/>\n<meta name=\"twitter:card\" content=\"summary_large_image\" \/>\n<meta name=\"twitter:label1\" content=\"Tiempo de lectura\" \/>\n\t<meta name=\"twitter:data1\" content=\"5 minutos\" \/>\n<script type=\"application\/ld+json\" class=\"yoast-schema-graph\">{\"@context\":\"https:\\\/\\\/schema.org\",\"@graph\":[{\"@type\":\"WebPage\",\"@id\":\"https:\\\/\\\/chemgramx.com\\\/product\\\/2-nmc-online-kaufen\\\/\",\"url\":\"https:\\\/\\\/chemgramx.com\\\/product\\\/2-nmc-online-kaufen\\\/\",\"name\":\"2-NMC Kaufen - Hochrein | Online Bestellen\",\"isPartOf\":{\"@id\":\"https:\\\/\\\/chemgramx.com\\\/#website\"},\"primaryImageOfPage\":{\"@id\":\"https:\\\/\\\/chemgramx.com\\\/product\\\/2-nmc-online-kaufen\\\/#primaryimage\"},\"image\":{\"@id\":\"https:\\\/\\\/chemgramx.com\\\/product\\\/2-nmc-online-kaufen\\\/#primaryimage\"},\"thumbnailUrl\":\"https:\\\/\\\/chemgramx.com\\\/wp-content\\\/uploads\\\/2025\\\/11\\\/2nmc.png\",\"datePublished\":\"2025-11-21T18:18:28+00:00\",\"dateModified\":\"2025-12-09T10:08:20+00:00\",\"description\":\"Erwerben Sie hochwertiges 2-NMC f\u00fcr Ihre Forschung bei Chemgramx. Entdecken Sie unser reines, laborgepr\u00fcftes 2-NMC online f\u00fcr pr\u00e4zise Studien und Ergebnisse.\",\"breadcrumb\":{\"@id\":\"https:\\\/\\\/chemgramx.com\\\/product\\\/2-nmc-online-kaufen\\\/#breadcrumb\"},\"inLanguage\":\"es\",\"potentialAction\":[{\"@type\":\"ReadAction\",\"target\":[\"https:\\\/\\\/chemgramx.com\\\/product\\\/2-nmc-online-kaufen\\\/\"]}]},{\"@type\":\"ImageObject\",\"inLanguage\":\"es\",\"@id\":\"https:\\\/\\\/chemgramx.com\\\/product\\\/2-nmc-online-kaufen\\\/#primaryimage\",\"url\":\"https:\\\/\\\/chemgramx.com\\\/wp-content\\\/uploads\\\/2025\\\/11\\\/2nmc.png\",\"contentUrl\":\"https:\\\/\\\/chemgramx.com\\\/wp-content\\\/uploads\\\/2025\\\/11\\\/2nmc.png\",\"width\":600,\"height\":400},{\"@type\":\"BreadcrumbList\",\"@id\":\"https:\\\/\\\/chemgramx.com\\\/product\\\/2-nmc-online-kaufen\\\/#breadcrumb\",\"itemListElement\":[{\"@type\":\"ListItem\",\"position\":1,\"name\":\"Home\",\"item\":\"https:\\\/\\\/chemgramx.com\\\/\"},{\"@type\":\"ListItem\",\"position\":2,\"name\":\"Shop\",\"item\":\"https:\\\/\\\/chemgramx.com\\\/shop\\\/\"},{\"@type\":\"ListItem\",\"position\":3,\"name\":\"2-NMC Kaufen &#8211; Hochrein | Online Bestellen\"}]},{\"@type\":\"WebSite\",\"@id\":\"https:\\\/\\\/chemgramx.com\\\/#website\",\"url\":\"https:\\\/\\\/chemgramx.com\\\/\",\"name\":\"Chemgramx\",\"description\":\"\",\"publisher\":{\"@id\":\"https:\\\/\\\/chemgramx.com\\\/#organization\"},\"potentialAction\":[{\"@type\":\"SearchAction\",\"target\":{\"@type\":\"EntryPoint\",\"urlTemplate\":\"https:\\\/\\\/chemgramx.com\\\/?s={search_term_string}\"},\"query-input\":{\"@type\":\"PropertyValueSpecification\",\"valueRequired\":true,\"valueName\":\"search_term_string\"}}],\"inLanguage\":\"es\"},{\"@type\":\"Organization\",\"@id\":\"https:\\\/\\\/chemgramx.com\\\/#organization\",\"name\":\"Chemgramx\",\"url\":\"https:\\\/\\\/chemgramx.com\\\/\",\"logo\":{\"@type\":\"ImageObject\",\"inLanguage\":\"es\",\"@id\":\"https:\\\/\\\/chemgramx.com\\\/#\\\/schema\\\/logo\\\/image\\\/\",\"url\":\"https:\\\/\\\/chemgramx.com\\\/wp-content\\\/uploads\\\/2024\\\/10\\\/final-logo.png\",\"contentUrl\":\"https:\\\/\\\/chemgramx.com\\\/wp-content\\\/uploads\\\/2024\\\/10\\\/final-logo.png\",\"width\":250,\"height\":48,\"caption\":\"Chemgramx\"},\"image\":{\"@id\":\"https:\\\/\\\/chemgramx.com\\\/#\\\/schema\\\/logo\\\/image\\\/\"}}]}<\/script>\n<!-- \/ Yoast SEO plugin. -->","yoast_head_json":{"title":"Comprar 2-NMC - Alta pureza | Pedido online","description":"Adquiera 2-NMC de alta calidad para su investigaci\u00f3n en Chemgramx. Descubra nuestro 2-NMC puro y probado en laboratorio en l\u00ednea para estudios y resultados precisos.","robots":{"index":"index","follow":"follow","max-snippet":"max-snippet:-1","max-image-preview":"max-image-preview:large","max-video-preview":"max-video-preview:-1"},"canonical":"https:\/\/chemgramx.com\/es\/producto-1\/2-nmc-comprar-online\/","og_locale":"es_ES","og_type":"article","og_title":"2-NMC Kaufen - Hochrein | Online Bestellen","og_description":"Erwerben Sie hochwertiges 2-NMC f\u00fcr Ihre Forschung bei Chemgramx. Entdecken Sie unser reines, laborgepr\u00fcftes 2-NMC online f\u00fcr pr\u00e4zise Studien und Ergebnisse.","og_url":"https:\/\/chemgramx.com\/es\/producto-1\/2-nmc-comprar-online\/","og_site_name":"Chemgramx","article_modified_time":"2025-12-09T10:08:20+00:00","og_image":[{"width":600,"height":400,"url":"https:\/\/chemgramx.com\/wp-content\/uploads\/2025\/11\/2nmc.png","type":"image\/png"}],"twitter_card":"summary_large_image","twitter_misc":{"Tiempo de lectura":"5 minutos"},"schema":{"@context":"https:\/\/schema.org","@graph":[{"@type":"WebPage","@id":"https:\/\/chemgramx.com\/product\/2-nmc-online-kaufen\/","url":"https:\/\/chemgramx.com\/product\/2-nmc-online-kaufen\/","name":"Comprar 2-NMC - Alta pureza | Pedido online","isPartOf":{"@id":"https:\/\/chemgramx.com\/#website"},"primaryImageOfPage":{"@id":"https:\/\/chemgramx.com\/product\/2-nmc-online-kaufen\/#primaryimage"},"image":{"@id":"https:\/\/chemgramx.com\/product\/2-nmc-online-kaufen\/#primaryimage"},"thumbnailUrl":"https:\/\/chemgramx.com\/wp-content\/uploads\/2025\/11\/2nmc.png","datePublished":"2025-11-21T18:18:28+00:00","dateModified":"2025-12-09T10:08:20+00:00","description":"Adquiera 2-NMC de alta calidad para su investigaci\u00f3n en Chemgramx. Descubra nuestro 2-NMC puro y probado en laboratorio en l\u00ednea para estudios y resultados precisos.","breadcrumb":{"@id":"https:\/\/chemgramx.com\/product\/2-nmc-online-kaufen\/#breadcrumb"},"inLanguage":"es","potentialAction":[{"@type":"ReadAction","target":["https:\/\/chemgramx.com\/product\/2-nmc-online-kaufen\/"]}]},{"@type":"ImageObject","inLanguage":"es","@id":"https:\/\/chemgramx.com\/product\/2-nmc-online-kaufen\/#primaryimage","url":"https:\/\/chemgramx.com\/wp-content\/uploads\/2025\/11\/2nmc.png","contentUrl":"https:\/\/chemgramx.com\/wp-content\/uploads\/2025\/11\/2nmc.png","width":600,"height":400},{"@type":"BreadcrumbList","@id":"https:\/\/chemgramx.com\/product\/2-nmc-online-kaufen\/#breadcrumb","itemListElement":[{"@type":"ListItem","position":1,"name":"Home","item":"https:\/\/chemgramx.com\/"},{"@type":"ListItem","position":2,"name":"Shop","item":"https:\/\/chemgramx.com\/shop\/"},{"@type":"ListItem","position":3,"name":"2-NMC Kaufen &#8211; Hochrein | Online Bestellen"}]},{"@type":"WebSite","@id":"https:\/\/chemgramx.com\/#website","url":"https:\/\/chemgramx.com\/","name":"Chemgramx","description":"","publisher":{"@id":"https:\/\/chemgramx.com\/#organization"},"potentialAction":[{"@type":"SearchAction","target":{"@type":"EntryPoint","urlTemplate":"https:\/\/chemgramx.com\/?s={search_term_string}"},"query-input":{"@type":"PropertyValueSpecification","valueRequired":true,"valueName":"search_term_string"}}],"inLanguage":"es"},{"@type":"Organization","@id":"https:\/\/chemgramx.com\/#organization","name":"Chemgramx","url":"https:\/\/chemgramx.com\/","logo":{"@type":"ImageObject","inLanguage":"es","@id":"https:\/\/chemgramx.com\/#\/schema\/logo\/image\/","url":"https:\/\/chemgramx.com\/wp-content\/uploads\/2024\/10\/final-logo.png","contentUrl":"https:\/\/chemgramx.com\/wp-content\/uploads\/2024\/10\/final-logo.png","width":250,"height":48,"caption":"Chemgramx"},"image":{"@id":"https:\/\/chemgramx.com\/#\/schema\/logo\/image\/"}}]}},"_links":{"self":[{"href":"https:\/\/chemgramx.com\/es\/wp-json\/wp\/v2\/product\/8389","targetHints":{"allow":["GET"]}}],"collection":[{"href":"https:\/\/chemgramx.com\/es\/wp-json\/wp\/v2\/product"}],"about":[{"href":"https:\/\/chemgramx.com\/es\/wp-json\/wp\/v2\/types\/product"}],"replies":[{"embeddable":true,"href":"https:\/\/chemgramx.com\/es\/wp-json\/wp\/v2\/comments?post=8389"}],"wp:featuredmedia":[{"embeddable":true,"href":"https:\/\/chemgramx.com\/es\/wp-json\/wp\/v2\/media\/8425"}],"wp:attachment":[{"href":"https:\/\/chemgramx.com\/es\/wp-json\/wp\/v2\/media?parent=8389"}],"wp:term":[{"taxonomy":"product_brand","embeddable":true,"href":"https:\/\/chemgramx.com\/es\/wp-json\/wp\/v2\/product_brand?post=8389"},{"taxonomy":"product_cat","embeddable":true,"href":"https:\/\/chemgramx.com\/es\/wp-json\/wp\/v2\/product_cat?post=8389"},{"taxonomy":"product_tag","embeddable":true,"href":"https:\/\/chemgramx.com\/es\/wp-json\/wp\/v2\/product_tag?post=8389"}],"curies":[{"name":"wp","href":"https:\/\/api.w.org\/{rel}","templated":true}]}}