{"id":8390,"date":"2025-11-21T18:18:29","date_gmt":"2025-11-21T18:18:29","guid":{"rendered":"https:\/\/chemgramx.com\/?post_type=product&#038;p=8390"},"modified":"2025-12-09T09:56:56","modified_gmt":"2025-12-09T09:56:56","slug":"comprar-23-mdpv-online","status":"publish","type":"product","link":"https:\/\/chemgramx.com\/es\/product\/23-mdpv-online-kaufen\/","title":{"rendered":"Compre 23-MDPV en l\u00ednea"},"content":{"rendered":"<p>Descubra <b>23-MDPV<\/b> en su forma m\u00e1s pura, especialmente desarrollada para los exigentes requisitos de la investigaci\u00f3n. Si desea <b>23-MDPV En venta<\/b> Chemgramx es su primer puerto de escala para una calidad y fiabilidad excepcionales. Nos comprometemos a suministrar productos que cumplan las normas m\u00e1s estrictas para garantizar que sus proyectos cient\u00edficos ofrezcan los mejores resultados posibles. Con una impresionante pureza de <b>99%<\/b> nuestro 23-MDPV es ideal para una amplia gama de aplicaciones de laboratorio, desde la qu\u00edmica anal\u00edtica hasta la ciencia de materiales. Entendemos lo importante que es la calidad de los materiales de partida para el \u00e9xito de su investigaci\u00f3n. Por eso aplicamos estrictos controles de calidad en cada fase de la producci\u00f3n.<\/p>\n<h2>23-MDPV de calidad superior para su investigaci\u00f3n<\/h2>\n<p>La adquisici\u00f3n de <b>23-MDPV de calidad superior<\/b> es de gran importancia para los investigadores. Nuestro producto se caracteriza por su notable pureza, confirmada por t\u00e9cnicas anal\u00edticas de vanguardia. Esto garantiza la obtenci\u00f3n de resultados consistentes y reproducibles. Tambi\u00e9n estamos orgullosos de ello, <b>Se vende 23-MDPV de grado de investigaci\u00f3n<\/b> que cumple los estrictos requisitos de los laboratorios cient\u00edficos modernos. Sabemos que su trabajo requiere precisi\u00f3n, y nuestro 23-MDPV est\u00e1 dise\u00f1ado para ofrecerla. Conf\u00ede en Chemgramx para obtener materiales que lleven su investigaci\u00f3n al siguiente nivel.<\/p>\n<h3>Por qu\u00e9 Chemgramx es la mejor opci\u00f3n para el 23-MDPV<\/h3>\n<p>En Chemgramx, la satisfacci\u00f3n de nuestros clientes es nuestra m\u00e1xima prioridad. Le ofrecemos la oportunidad, <b>El mejor 23-MDPV disponible<\/b> sin tener que renunciar a la calidad. Nuestro meticuloso proceso de fabricaci\u00f3n garantiza que cada lote de 23-MDPV cumpla o supere las especificaciones. Adem\u00e1s, damos gran importancia a la integridad de nuestros productos. Los investigadores valoran la fiabilidad que ofrecemos cuando <b>Venta de 23-MDPV de laboratorio<\/b> necesidad. Nuestro objetivo es ofrecerle una experiencia fluida, desde la selecci\u00f3n hasta la solicitud.<\/p>\n<h2>An\u00e1lisis exhaustivos y garant\u00eda de pureza<\/h2>\n<p>Sabemos que la caracterizaci\u00f3n anal\u00edtica es crucial. Por eso ofrecemos <b>23-MDPV aut\u00e9ntico<\/b>, que se ha sometido a pruebas exhaustivas. Cada lote de nuestro producto se analiza mediante m\u00e9todos anal\u00edticos avanzados como HPLC y GC-MS para confirmar su identidad y pureza. Como resultado, puede estar seguro de que recibe un producto de la m\u00e1xima calidad. Esto es especialmente importante si <b>Venta de 23-MDPV de gran pureza<\/b> para experimentos cr\u00edticos. Nuestro compromiso con la transparencia significa que los certificados de an\u00e1lisis detallados est\u00e1n disponibles previa solicitud, d\u00e1ndole la seguridad que necesita para su trabajo cient\u00edfico.<\/p>\n<h3>\u00c1mbitos de aplicaci\u00f3n y ventajas cient\u00edficas<\/h3>\n<p>El 23-MDPV es un compuesto qu\u00edmico con diversos potenciales de investigaci\u00f3n. Se utiliza en \u00e1mbitos como la investigaci\u00f3n neuroqu\u00edmica, la farmacolog\u00eda y la toxicolog\u00eda. Los investigadores que <b>Compre 23-MDPV en l\u00ednea<\/b> A menudo lo hacemos para investigar los mecanismos de determinadas v\u00edas neuronales o para desarrollar nuevos est\u00e1ndares anal\u00edticos. La elevada pureza de nuestro producto garantiza que los resultados experimentales no se vean afectados por impurezas. Si busca una fuente fiable de productos qu\u00edmicos para investigaci\u00f3n, Chemgramx es la elecci\u00f3n correcta. Apoyamos a la comunidad cient\u00edfica proporcionando acceso a materiales de alta calidad como el 23-MDPV.<\/p>\n<h2>Adquisici\u00f3n segura y manipulaci\u00f3n responsable<\/h2>\n<p>Concedemos gran importancia a <b>Compra segura<\/b> Experiencia para todos nuestros clientes. Si te interesa <b>Comprar 23-MDPV Online<\/b> Con Chemgramx, puede confiar en un proceso que irradia profesionalidad y discreci\u00f3n. Nuestros productos se manipulan con el m\u00e1ximo cuidado para mantener su integridad hasta que llegan. Por lo tanto, nos aseguramos de que los materiales cumplan las normas m\u00e1s estrictas cuando lleguen a su laboratorio. Comprendemos la importancia de la fiabilidad en la investigaci\u00f3n y nos esforzamos por garantizarla a trav\u00e9s de nuestros procesos. Descubra las posibilidades de utilizar productos Chemgramx.<\/p>\n<h3>Amplia cartera de productos qu\u00edmicos de investigaci\u00f3n<\/h3>\n<p>Adem\u00e1s de 23-MDPV, Chemgramx ofrece una amplia gama de otros productos qu\u00edmicos de investigaci\u00f3n de alta calidad. Para aquellos interesados en compuestos relacionados, nuestra selecci\u00f3n de catinonas y otros nootr\u00f3picos puede ser de inter\u00e9s. Por ejemplo, descubra nuestra gama de <a href=\"https:\/\/chemgramx.com\/product\/green-mandala-mix-kaufen\/\">mezclas innovadoras<\/a>, dise\u00f1ados para fines de investigaci\u00f3n espec\u00edficos. Ampliamos constantemente nuestra cartera para satisfacer las necesidades cambiantes de la comunidad cient\u00edfica. Por ello, Chemgramx le invita a explorar nuestra amplia gama y encontrar los materiales perfectos para sus pr\u00f3ximos descubrimientos revolucionarios. Su investigaci\u00f3n s\u00f3lo se merece lo mejor.<\/p>\n<h2>Innovaci\u00f3n y progreso cient\u00edfico<\/h2>\n<p>Nuestro objetivo en Chemgramx es promover el progreso cient\u00edfico facilitando el acceso a productos qu\u00edmicos de investigaci\u00f3n de gran pureza. Si usted <b>Comprar 23-MDPV Online<\/b>, invierta en el futuro de su investigaci\u00f3n. Nos comprometemos a proporcionar a la comunidad cient\u00edfica las herramientas que necesita para ampliar los l\u00edmites del conocimiento. Tambi\u00e9n nos esforzamos continuamente por mejorar nuestros productos y servicios. Por ello, animamos a los investigadores a que se pongan en contacto con nosotros para hacernos preguntas y beneficiarse de nuestra experiencia. Su \u00e9xito es lo que nos mueve. Con Chemgramx, usted obtiene algo m\u00e1s que un producto qu\u00edmico: obtiene un socio para sus esfuerzos cient\u00edficos.<\/p>\n<h3>Control de calidad y especificaciones de los productos<\/h3>\n<p>Todos los productos que salen de Chemgramx se someten a estrictos controles de calidad. Nos aseguramos de que <b>23-MDPV En venta<\/b> es de la m\u00e1xima calidad y cumple las especificaciones establecidas. La pureza se comprueba rutinariamente mediante diversas t\u00e9cnicas anal\u00edticas para garantizar la coherencia. Adem\u00e1s, nos esforzamos por ofrecer total transparencia sobre las propiedades de nuestros productos. Si necesita un <b>Compra segura<\/b> para sus necesidades de laboratorio, ha venido al lugar adecuado. Nos tomamos muy en serio la responsabilidad de la calidad de nuestros productos qu\u00edmicos para que usted pueda concentrarse en su investigaci\u00f3n.<\/p>\n<h2>Su socio para productos qu\u00edmicos de investigaci\u00f3n<\/h2>\n<p>Chemgramx es m\u00e1s que un simple proveedor; somos un socio para sus objetivos cient\u00edficos. Si desea <b>El mejor 23-MDPV disponible<\/b> no s\u00f3lo ofrecemos un producto, sino tambi\u00e9n la confianza en su calidad. Comprendemos los retos a los que se enfrentan los investigadores y nos esforzamos por mitigarlos proporcion\u00e1ndoles productos qu\u00edmicos de primera calidad. Por ello, Chemgramx le invita a beneficiarse de nuestra experiencia y compromiso con la excelencia. Descubra por qu\u00e9 tantos investigadores conf\u00edan en nosotros cuando <b>Comprar 23-MDPV Online<\/b>.<\/p>\n<h3>Material de investigaci\u00f3n adicional en Chemgramx<\/h3>\n<p>Nuestro compromiso con la ciencia va m\u00e1s all\u00e1 de los productos individuales. Chemgramx ofrece una amplia gama de productos qu\u00edmicos relevantes para diversos campos de investigaci\u00f3n. Descubra nuestra gama de <a href=\"https:\/\/chemgramx.com\/product\/23-mdpv-online-kaufen\/\">conexiones especializadas<\/a>, que pueden hacer avanzar sus proyectos de investigaci\u00f3n. Trabajamos continuamente para ampliar nuestra oferta y satisfacer las necesidades cambiantes de la investigaci\u00f3n cient\u00edfica. Por lo tanto, le animamos a visitar nuestro sitio web con regularidad para mantenerse informado sobre nuestros \u00faltimos productos y ofertas. Estamos aqu\u00ed para apoyar sus avances cient\u00edficos.<\/p>\n<h2>Compromiso con la pureza y la integridad cient\u00edfica<\/h2>\n<p>En Chemgramx, entendemos que la integridad cient\u00edfica se basa en la calidad de los materiales utilizados. Por eso nos comprometemos a proporcionarle <b>23-MDPV aut\u00e9ntico<\/b> que cumple estrictas normas de pureza. Si usted <b>Venta de 23-MDPV de gran pureza<\/b> puede confiar en nuestros rigurosos procedimientos de ensayo. Cada paso, desde la s\u00edntesis hasta el embotellado, se supervisa cuidadosamente. Como resultado, puede estar seguro de que el producto que recibe es adecuado para sus aplicaciones m\u00e1s exigentes. Conf\u00ede en Chemgramx para obtener una calidad y fiabilidad inigualables en investigaci\u00f3n.<\/p>\n<table>\n<caption>Chemgramx 23-MDPV Detalles del producto<\/caption>\n<tr>\n<th>caracter\u00edstica<\/th>\n<th>Descripci\u00f3n de la<\/th>\n<\/tr>\n<tr>\n<td>Nombre del producto<\/td>\n<td>23-MDPV<\/td>\n<\/tr>\n<tr>\n<td>Pureza<\/td>\n<td><b>99%<\/b> M\u00ednimo<\/td>\n<\/tr>\n<tr>\n<td>Nivel de calidad<\/td>\n<td><b>Grado de investigaci\u00f3n<\/b>, <b>Grado de laboratorio<\/b><\/td>\n<\/tr>\n<tr>\n<td>Aplicaci\u00f3n<\/td>\n<td>Investigaci\u00f3n y desarrollo, normas anal\u00edticas<\/td>\n<\/tr>\n<tr>\n<td>disponibilidad<\/td>\n<td><b>Compre 23-MDPV en l\u00ednea<\/b><\/td>\n<\/tr>\n<\/table>\n<p>Siempre nos esforzamos por superar las expectativas de nuestros clientes. Si usted <b>Comprar 23-MDPV Online<\/b> est\u00e1 eligiendo un proveedor comprometido con la excelencia. Por eso Chemgramx es su socio de confianza para todas sus necesidades qu\u00edmicas de investigaci\u00f3n. Descubra la diferencia que marca la calidad y disfrute de un servicio de primera clase. Esperamos poder ayudarle en sus esfuerzos cient\u00edficos.<\/p>","protected":false},"excerpt":{"rendered":"<p>Alta pureza <b>23-MDPV<\/b> (<b>99%<\/b> pureza), disponible en <b>Grado de investigaci\u00f3n<\/b> y <b>Grado de laboratorio<\/b>. Ideal para aplicaciones de investigaci\u00f3n exigentes. Experiencia <b>23-MDPV de calidad superior<\/b> y <b>Compra segura<\/b>. Puede solicitar <b>23-MDPV en l\u00ednea<\/b> en Chemgramx.<\/p>","protected":false},"featured_media":8426,"comment_status":"open","ping_status":"closed","template":"","meta":{"_joinchat":[]},"product_brand":[],"product_cat":[48],"product_tag":[2548,2552,2550,2556,2549,2555,2551,2553,2554,2015],"class_list":{"0":"post-8390","1":"product","2":"type-product","3":"status-publish","4":"has-post-thumbnail","6":"product_cat-stimulants","7":"product_tag-23-mdpv-kaufen","8":"product_tag-23-mdpv-kaufen-deutschland","9":"product_tag-23-mdpv-kristalle","10":"product_tag-23-mdpv-kristalle-kaufen","11":"product_tag-23-mdpv-online","12":"product_tag-23-mdpv-online-kaufen","13":"product_tag-23-mdpv-pulver","14":"product_tag-23-mdpv-research-chemical","15":"product_tag-23-mdpv-zum-verkauf","16":"product_tag-synthetische-drogen","18":"first","19":"instock","20":"shipping-taxable","21":"purchasable","22":"product-type-variable"},"yoast_head":"<!-- This site is optimized with the Yoast SEO plugin v27.5 - https:\/\/yoast.com\/product\/yoast-seo-wordpress\/ -->\n<title>23-MDPV Online Kaufen<\/title>\n<meta name=\"description\" content=\"Entdecken Sie 23-MDPV in Top-Qualit\u00e4t f\u00fcr Ihre Forschung. Sichere Beschaffung und h\u00f6chste Reinheit. Jetzt 23-MDPV online kaufen.\" \/>\n<meta name=\"robots\" content=\"index, follow, max-snippet:-1, max-image-preview:large, max-video-preview:-1\" \/>\n<link rel=\"canonical\" href=\"https:\/\/chemgramx.com\/es\/producto-1\/comprar-23-mdpv-online\/\" \/>\n<meta property=\"og:locale\" content=\"es_ES\" \/>\n<meta property=\"og:type\" content=\"article\" \/>\n<meta property=\"og:title\" content=\"23-MDPV Online Kaufen\" \/>\n<meta property=\"og:description\" content=\"Entdecken Sie 23-MDPV in Top-Qualit\u00e4t f\u00fcr Ihre Forschung. Sichere Beschaffung und h\u00f6chste Reinheit. Jetzt 23-MDPV online kaufen.\" \/>\n<meta property=\"og:url\" content=\"https:\/\/chemgramx.com\/es\/producto-1\/comprar-23-mdpv-online\/\" \/>\n<meta property=\"og:site_name\" content=\"Chemgramx\" \/>\n<meta property=\"article:modified_time\" content=\"2025-12-09T09:56:56+00:00\" \/>\n<meta property=\"og:image\" content=\"https:\/\/chemgramx.com\/wp-content\/uploads\/2025\/11\/2-3md.png\" \/>\n\t<meta property=\"og:image:width\" content=\"600\" \/>\n\t<meta property=\"og:image:height\" content=\"400\" \/>\n\t<meta property=\"og:image:type\" content=\"image\/png\" \/>\n<meta name=\"twitter:card\" content=\"summary_large_image\" \/>\n<meta name=\"twitter:label1\" content=\"Tiempo de lectura\" \/>\n\t<meta name=\"twitter:data1\" content=\"4 minutos\" \/>\n<script type=\"application\/ld+json\" class=\"yoast-schema-graph\">{\"@context\":\"https:\\\/\\\/schema.org\",\"@graph\":[{\"@type\":\"WebPage\",\"@id\":\"https:\\\/\\\/chemgramx.com\\\/product\\\/23-mdpv-online-kaufen\\\/\",\"url\":\"https:\\\/\\\/chemgramx.com\\\/product\\\/23-mdpv-online-kaufen\\\/\",\"name\":\"23-MDPV Online Kaufen\",\"isPartOf\":{\"@id\":\"https:\\\/\\\/chemgramx.com\\\/#website\"},\"primaryImageOfPage\":{\"@id\":\"https:\\\/\\\/chemgramx.com\\\/product\\\/23-mdpv-online-kaufen\\\/#primaryimage\"},\"image\":{\"@id\":\"https:\\\/\\\/chemgramx.com\\\/product\\\/23-mdpv-online-kaufen\\\/#primaryimage\"},\"thumbnailUrl\":\"https:\\\/\\\/chemgramx.com\\\/wp-content\\\/uploads\\\/2025\\\/11\\\/2-3md.png\",\"datePublished\":\"2025-11-21T18:18:29+00:00\",\"dateModified\":\"2025-12-09T09:56:56+00:00\",\"description\":\"Entdecken Sie 23-MDPV in Top-Qualit\u00e4t f\u00fcr Ihre Forschung. Sichere Beschaffung und h\u00f6chste Reinheit. Jetzt 23-MDPV online kaufen.\",\"breadcrumb\":{\"@id\":\"https:\\\/\\\/chemgramx.com\\\/product\\\/23-mdpv-online-kaufen\\\/#breadcrumb\"},\"inLanguage\":\"es\",\"potentialAction\":[{\"@type\":\"ReadAction\",\"target\":[\"https:\\\/\\\/chemgramx.com\\\/product\\\/23-mdpv-online-kaufen\\\/\"]}]},{\"@type\":\"ImageObject\",\"inLanguage\":\"es\",\"@id\":\"https:\\\/\\\/chemgramx.com\\\/product\\\/23-mdpv-online-kaufen\\\/#primaryimage\",\"url\":\"https:\\\/\\\/chemgramx.com\\\/wp-content\\\/uploads\\\/2025\\\/11\\\/2-3md.png\",\"contentUrl\":\"https:\\\/\\\/chemgramx.com\\\/wp-content\\\/uploads\\\/2025\\\/11\\\/2-3md.png\",\"width\":600,\"height\":400},{\"@type\":\"BreadcrumbList\",\"@id\":\"https:\\\/\\\/chemgramx.com\\\/product\\\/23-mdpv-online-kaufen\\\/#breadcrumb\",\"itemListElement\":[{\"@type\":\"ListItem\",\"position\":1,\"name\":\"Home\",\"item\":\"https:\\\/\\\/chemgramx.com\\\/\"},{\"@type\":\"ListItem\",\"position\":2,\"name\":\"Shop\",\"item\":\"https:\\\/\\\/chemgramx.com\\\/shop\\\/\"},{\"@type\":\"ListItem\",\"position\":3,\"name\":\"23-MDPV Online Kaufen\"}]},{\"@type\":\"WebSite\",\"@id\":\"https:\\\/\\\/chemgramx.com\\\/#website\",\"url\":\"https:\\\/\\\/chemgramx.com\\\/\",\"name\":\"Chemgramx\",\"description\":\"\",\"publisher\":{\"@id\":\"https:\\\/\\\/chemgramx.com\\\/#organization\"},\"potentialAction\":[{\"@type\":\"SearchAction\",\"target\":{\"@type\":\"EntryPoint\",\"urlTemplate\":\"https:\\\/\\\/chemgramx.com\\\/?s={search_term_string}\"},\"query-input\":{\"@type\":\"PropertyValueSpecification\",\"valueRequired\":true,\"valueName\":\"search_term_string\"}}],\"inLanguage\":\"es\"},{\"@type\":\"Organization\",\"@id\":\"https:\\\/\\\/chemgramx.com\\\/#organization\",\"name\":\"Chemgramx\",\"url\":\"https:\\\/\\\/chemgramx.com\\\/\",\"logo\":{\"@type\":\"ImageObject\",\"inLanguage\":\"es\",\"@id\":\"https:\\\/\\\/chemgramx.com\\\/#\\\/schema\\\/logo\\\/image\\\/\",\"url\":\"https:\\\/\\\/chemgramx.com\\\/wp-content\\\/uploads\\\/2024\\\/10\\\/final-logo.png\",\"contentUrl\":\"https:\\\/\\\/chemgramx.com\\\/wp-content\\\/uploads\\\/2024\\\/10\\\/final-logo.png\",\"width\":250,\"height\":48,\"caption\":\"Chemgramx\"},\"image\":{\"@id\":\"https:\\\/\\\/chemgramx.com\\\/#\\\/schema\\\/logo\\\/image\\\/\"}}]}<\/script>\n<!-- \/ Yoast SEO plugin. -->","yoast_head_json":{"title":"Compre 23-MDPV en l\u00ednea","description":"Descubra 23-MDPV de m\u00e1xima calidad para su investigaci\u00f3n. Abastecimiento seguro y m\u00e1xima pureza. Compre 23-MDPV en l\u00ednea ahora.","robots":{"index":"index","follow":"follow","max-snippet":"max-snippet:-1","max-image-preview":"max-image-preview:large","max-video-preview":"max-video-preview:-1"},"canonical":"https:\/\/chemgramx.com\/es\/producto-1\/comprar-23-mdpv-online\/","og_locale":"es_ES","og_type":"article","og_title":"23-MDPV Online Kaufen","og_description":"Entdecken Sie 23-MDPV in Top-Qualit\u00e4t f\u00fcr Ihre Forschung. Sichere Beschaffung und h\u00f6chste Reinheit. Jetzt 23-MDPV online kaufen.","og_url":"https:\/\/chemgramx.com\/es\/producto-1\/comprar-23-mdpv-online\/","og_site_name":"Chemgramx","article_modified_time":"2025-12-09T09:56:56+00:00","og_image":[{"width":600,"height":400,"url":"https:\/\/chemgramx.com\/wp-content\/uploads\/2025\/11\/2-3md.png","type":"image\/png"}],"twitter_card":"summary_large_image","twitter_misc":{"Tiempo de lectura":"4 minutos"},"schema":{"@context":"https:\/\/schema.org","@graph":[{"@type":"WebPage","@id":"https:\/\/chemgramx.com\/product\/23-mdpv-online-kaufen\/","url":"https:\/\/chemgramx.com\/product\/23-mdpv-online-kaufen\/","name":"Compre 23-MDPV en l\u00ednea","isPartOf":{"@id":"https:\/\/chemgramx.com\/#website"},"primaryImageOfPage":{"@id":"https:\/\/chemgramx.com\/product\/23-mdpv-online-kaufen\/#primaryimage"},"image":{"@id":"https:\/\/chemgramx.com\/product\/23-mdpv-online-kaufen\/#primaryimage"},"thumbnailUrl":"https:\/\/chemgramx.com\/wp-content\/uploads\/2025\/11\/2-3md.png","datePublished":"2025-11-21T18:18:29+00:00","dateModified":"2025-12-09T09:56:56+00:00","description":"Descubra 23-MDPV de m\u00e1xima calidad para su investigaci\u00f3n. Abastecimiento seguro y m\u00e1xima pureza. Compre 23-MDPV en l\u00ednea ahora.","breadcrumb":{"@id":"https:\/\/chemgramx.com\/product\/23-mdpv-online-kaufen\/#breadcrumb"},"inLanguage":"es","potentialAction":[{"@type":"ReadAction","target":["https:\/\/chemgramx.com\/product\/23-mdpv-online-kaufen\/"]}]},{"@type":"ImageObject","inLanguage":"es","@id":"https:\/\/chemgramx.com\/product\/23-mdpv-online-kaufen\/#primaryimage","url":"https:\/\/chemgramx.com\/wp-content\/uploads\/2025\/11\/2-3md.png","contentUrl":"https:\/\/chemgramx.com\/wp-content\/uploads\/2025\/11\/2-3md.png","width":600,"height":400},{"@type":"BreadcrumbList","@id":"https:\/\/chemgramx.com\/product\/23-mdpv-online-kaufen\/#breadcrumb","itemListElement":[{"@type":"ListItem","position":1,"name":"Home","item":"https:\/\/chemgramx.com\/"},{"@type":"ListItem","position":2,"name":"Shop","item":"https:\/\/chemgramx.com\/shop\/"},{"@type":"ListItem","position":3,"name":"23-MDPV Online Kaufen"}]},{"@type":"WebSite","@id":"https:\/\/chemgramx.com\/#website","url":"https:\/\/chemgramx.com\/","name":"Chemgramx","description":"","publisher":{"@id":"https:\/\/chemgramx.com\/#organization"},"potentialAction":[{"@type":"SearchAction","target":{"@type":"EntryPoint","urlTemplate":"https:\/\/chemgramx.com\/?s={search_term_string}"},"query-input":{"@type":"PropertyValueSpecification","valueRequired":true,"valueName":"search_term_string"}}],"inLanguage":"es"},{"@type":"Organization","@id":"https:\/\/chemgramx.com\/#organization","name":"Chemgramx","url":"https:\/\/chemgramx.com\/","logo":{"@type":"ImageObject","inLanguage":"es","@id":"https:\/\/chemgramx.com\/#\/schema\/logo\/image\/","url":"https:\/\/chemgramx.com\/wp-content\/uploads\/2024\/10\/final-logo.png","contentUrl":"https:\/\/chemgramx.com\/wp-content\/uploads\/2024\/10\/final-logo.png","width":250,"height":48,"caption":"Chemgramx"},"image":{"@id":"https:\/\/chemgramx.com\/#\/schema\/logo\/image\/"}}]}},"_links":{"self":[{"href":"https:\/\/chemgramx.com\/es\/wp-json\/wp\/v2\/product\/8390","targetHints":{"allow":["GET"]}}],"collection":[{"href":"https:\/\/chemgramx.com\/es\/wp-json\/wp\/v2\/product"}],"about":[{"href":"https:\/\/chemgramx.com\/es\/wp-json\/wp\/v2\/types\/product"}],"replies":[{"embeddable":true,"href":"https:\/\/chemgramx.com\/es\/wp-json\/wp\/v2\/comments?post=8390"}],"wp:featuredmedia":[{"embeddable":true,"href":"https:\/\/chemgramx.com\/es\/wp-json\/wp\/v2\/media\/8426"}],"wp:attachment":[{"href":"https:\/\/chemgramx.com\/es\/wp-json\/wp\/v2\/media?parent=8390"}],"wp:term":[{"taxonomy":"product_brand","embeddable":true,"href":"https:\/\/chemgramx.com\/es\/wp-json\/wp\/v2\/product_brand?post=8390"},{"taxonomy":"product_cat","embeddable":true,"href":"https:\/\/chemgramx.com\/es\/wp-json\/wp\/v2\/product_cat?post=8390"},{"taxonomy":"product_tag","embeddable":true,"href":"https:\/\/chemgramx.com\/es\/wp-json\/wp\/v2\/product_tag?post=8390"}],"curies":[{"name":"wp","href":"https:\/\/api.w.org\/{rel}","templated":true}]}}