{"id":8393,"date":"2025-11-21T18:18:29","date_gmt":"2025-11-21T18:18:29","guid":{"rendered":"https:\/\/chemgramx.com\/?post_type=product&#038;p=8393"},"modified":"2025-12-09T10:06:02","modified_gmt":"2025-12-09T10:06:02","slug":"comprar-mefedrona-4-mmc-en-linea","status":"publish","type":"product","link":"https:\/\/chemgramx.com\/es\/product\/4-mmc-mephedrone-online-kaufen\/","title":{"rendered":"Comprar 4 MMC: alta pureza y calidad de laboratorio"},"content":{"rendered":"<p>Para investigadores exigentes que <b>mefedrona aut\u00e9ntica<\/b> Chemgramx ofrece una soluci\u00f3n de primera clase. Si desea <b>4 MMC en venta<\/b> en su forma m\u00e1s pura, ha llegado al lugar adecuado. Este producto est\u00e1 especialmente dise\u00f1ado con fines cient\u00edficos y garantiza los m\u00e1s altos est\u00e1ndares en investigaci\u00f3n. <b>La calidad de la investigaci\u00f3n a la venta<\/b> nunca ha sido tan f\u00e1cil y fiable.<\/p>\n<p>Entendemos la importancia de obtener resultados precisos en el trabajo cient\u00edfico. Por eso nuestra 4 MMC, tambi\u00e9n conocida como Mefedrona, es de una pureza excepcional. Es la elecci\u00f3n ideal para laboratorios y organizaciones de investigaci\u00f3n que necesitan confiar en la integridad de sus experimentos. As\u00ed que puede estar seguro de que est\u00e1 obteniendo un producto que cumple sus exigentes requisitos.<\/p>\n<h2>\u00bfQu\u00e9 es la 4-MMC (mefedrona)?<\/h2>\n<p>La 4-metilmetcatinona, m\u00e1s conocida como mefedrona o 4-MMC, es un compuesto qu\u00edmico sint\u00e9tico de la clase de las catinonas. Se sintetiz\u00f3 por primera vez en 1929, pero no cobr\u00f3 mayor importancia en el mundo de la investigaci\u00f3n hasta el siglo XXI. Adem\u00e1s, la mefedrona est\u00e1 estrechamente relacionada estructuralmente con otros estimulantes y se caracteriza por su estructura de cetona metilada.<\/p>\n<p>En investigaci\u00f3n, la 4-MMC constituye una valiosa herramienta para analizar procesos neuroqu\u00edmicos espec\u00edficos. Permite a los cient\u00edficos comprender mejor las complejas interacciones de los neurotransmisores en el cerebro. Por ello, el inter\u00e9s por este compuesto no ha dejado de crecer en los campos de la neurociencia y la farmacolog\u00eda. Por ello puede <b>4 Pedir MMC en l\u00ednea<\/b>, que se ha preparado especialmente para este fin.<\/p>\n<h2>La qu\u00edmica detr\u00e1s de la 4-MMC<\/h2>\n<p>La f\u00f3rmula qu\u00edmica de la 4-MMC es C<sub>11<\/sub>H<sub>15<\/sub>NO. Se trata de un polvo blanco cristalino que suele presentarse como sal clorhidrato. Adem\u00e1s, su masa molar es de unos 177,24 g\/mol. La especialidad reside en el grupo metilo en la posici\u00f3n 4 del anillo fenilo y la funci\u00f3n cetona.<\/p>\n<p>Esta estructura espec\u00edfica confiere a la 4-MMC sus propiedades farmacol\u00f3gicas \u00fanicas, que la convierten en un interesante candidato para la investigaci\u00f3n. Interact\u00faa principalmente con los transportadores de monoaminas del sistema nervioso central. En particular, influye en la liberaci\u00f3n de dopamina, noradrenalina y serotonina, lo que la convierte en un importante objeto de investigaci\u00f3n. Para an\u00e1lisis m\u00e1s profundos, nuestra <b>4 MMC de alta calidad<\/b> por tanto, la primera opci\u00f3n.<\/p>\n<h2>Aplicaciones en la investigaci\u00f3n<\/h2>\n<p>La 4-MMC se utiliza ampliamente en estudios precl\u00ednicos, sobre todo en neurofarmacolog\u00eda y toxicolog\u00eda. Los investigadores la utilizan para simular los efectos de los estimulantes sobre el comportamiento y la fisiolog\u00eda. Tambi\u00e9n se estudian en detalle los mecanismos de liberaci\u00f3n y recaptaci\u00f3n de neurotransmisores.<\/p>\n<p>Adem\u00e1s, la 4-MMC es ideal para experimentos in vitro en los que se analiza el efecto sobre cultivos celulares o receptores. Tambi\u00e9n ayuda a identificar biomarcadores potenciales para evaluar el efecto de los estimulantes. Como resultado, es un reactivo indispensable en muchos laboratorios de investigaci\u00f3n modernos. Si utiliza este <b>las 4 mejores MMC disponibles<\/b> para sus experimentos, nuestro producto es la elecci\u00f3n ideal.<\/p>\n<p>La versatilidad de la 4-MMC permite responder a diversas cuestiones de investigaci\u00f3n, desde la investigaci\u00f3n b\u00e1sica hasta los estudios aplicados. De este modo, contribuye significativamente a ampliar nuestros conocimientos sobre sistemas neurobiol\u00f3gicos complejos. Adquiera <b>Alta pureza a la venta<\/b>, para validar los resultados de su investigaci\u00f3n.<\/p>\n<h2>\u00bfPor qu\u00e9 elegir Chemgramx para la 4-MMC?<\/h2>\n<p>En Chemgramx, damos prioridad a la calidad y la pureza. Cada lote de nuestra 4-MMC se somete a rigurosas pruebas de laboratorio para garantizar una pureza superior a 98%. Esto garantiza que los resultados de su investigaci\u00f3n no se vean falseados por impurezas. Por lo tanto, nuestro objetivo es proporcionarle la <b>las 4 mejores MMC disponibles<\/b> que ofrecer.<\/p>\n<p>Estamos comprometidos con la transparencia y la integridad cient\u00edfica. Nuestros productos se almacenan en condiciones controladas y se procesan cuidadosamente para mantener su estabilidad. Esto significa que puede confiar en la consistencia y fiabilidad de cada compra. A <b>Compra segura<\/b> es nuestra prioridad n\u00famero uno.<\/p>\n<p>Adem\u00e1s, apoyamos a la comunidad investigadora facilitando el acceso a <b>Calidad de laboratorio a la venta<\/b> oferta. Conf\u00ede en Chemgramx si <b>aut\u00e9ntico 4 MMC<\/b> para sus necesidades profesionales. Puede <a href=\"https:\/\/chemgramx.com\/product\/4-mmc-mephedrone-online-kaufen\/\">esta 4 MMC de gran pureza<\/a> de forma f\u00e1cil y fiable.<\/p>\n<p>Nuestro compromiso con la excelencia en el servicio y la calidad de nuestros productos nos convierte en el socio preferido de cient\u00edficos de todo el mundo. Estamos orgullosos de ser parte integrante de sus descubrimientos cient\u00edficos. En pocas palabras, <b>comprar a Chemgramx<\/b> la seguridad de trabajar con materiales de alta calidad.<\/p>\n<h2>Normas de manipulaci\u00f3n y almacenamiento<\/h2>\n<p>La manipulaci\u00f3n responsable de 4-MMC es fundamental para la seguridad del laboratorio y la integridad del producto. Debe utilizarse en todo momento equipo de protecci\u00f3n personal adecuado, como guantes, gafas y batas de laboratorio. Adem\u00e1s, es esencial una buena ventilaci\u00f3n en la zona de trabajo para evitar la inhalaci\u00f3n de polvo.<\/p>\n<p>Para un almacenamiento \u00f3ptimo, se recomienda conservar la 4-MMC en un recipiente herm\u00e9ticamente cerrado en un lugar fresco, seco y protegido de la luz. Esto maximizar\u00e1 la estabilidad qu\u00edmica y mantendr\u00e1 la pureza durante periodos de tiempo m\u00e1s largos. Evite las temperaturas y la humedad extremas para prevenir la degradaci\u00f3n del material.<\/p>\n<p>Elimine todos los residuos y materiales de envasado de acuerdo con la normativa local y nacional aplicable a los residuos qu\u00edmicos. Una manipulaci\u00f3n cuidadosa garantiza no s\u00f3lo la seguridad, sino tambi\u00e9n el respeto medioambiental de sus pr\u00e1cticas de laboratorio. De este modo, contribuir\u00e1 a una actividad cient\u00edfica responsable.<\/p>\n<h2>Especificaciones t\u00e9cnicas<\/h2>\n<p>La siguiente tabla resume los datos t\u00e9cnicos m\u00e1s importantes de nuestra 4-MMC. Esta informaci\u00f3n es crucial para planificar y llevar a cabo sus experimentos y garantiza la compatibilidad con sus protocolos de investigaci\u00f3n.<\/p>\n<table>\n<thead>\n<tr>\n<th>Propiedad<\/th>\n<th>Valor<\/th>\n<\/tr>\n<\/thead>\n<tbody>\n<tr>\n<td>Nombre qu\u00edmico<\/td>\n<td>4-metilmetcatinona (mefedrona)<\/td>\n<\/tr>\n<tr>\n<td>N\u00famero CAS<\/td>\n<td>1189805-46-6 (clorhidrato de base libre)<\/td>\n<\/tr>\n<tr>\n<td>F\u00f3rmula qu\u00edmica<\/td>\n<td>C<sub>11<\/sub>H<sub>15<\/sub>NO<\/td>\n<\/tr>\n<tr>\n<td>masa molar<\/td>\n<td>177,24 g\/mol<\/td>\n<\/tr>\n<tr>\n<td>Pureza<\/td>\n<td>&gt;98%<\/td>\n<\/tr>\n<tr>\n<td>Apariencia<\/td>\n<td>Polvo blanco cristalino<\/td>\n<\/tr>\n<\/tbody>\n<\/table>\n<h2>Consideraciones jur\u00eddicas y \u00e9ticas<\/h2>\n<p>El uso de 4-MMC est\u00e1 estrictamente limitado a fines de investigaci\u00f3n cient\u00edfica. No se destina expresamente al consumo humano ni a aplicaciones terap\u00e9uticas o de diagn\u00f3stico. Por lo tanto, todos los compradores y usuarios deben cumplir con las leyes y reglamentos pertinentes de sus respectivos pa\u00edses en materia de productos qu\u00edmicos de investigaci\u00f3n.<\/p>\n<p>Chemgramx rechaza cualquier uso indebido de este producto. Esperamos que nuestros clientes utilicen la 4-MMC de forma responsable y s\u00f3lo en el contexto de proyectos cient\u00edficos autorizados. De este modo, contribuimos conjuntamente a la seguridad e integridad de la investigaci\u00f3n. Si necesita m\u00e1s informaci\u00f3n <a href=\"https:\/\/chemgramx.com\/product\/2c-e-hcl-kaufen\/\">Productos qu\u00edmicos de investigaci\u00f3n como <b>2C-E-HCl<\/b><\/a> tambi\u00e9n los encontrar\u00e1 en nuestra gama.<\/p>\n<p>Para subrayarlo, nuestra 4-MMC se utiliza exclusivamente como reactivo de laboratorio. Aseg\u00farese de que dispone de las autorizaciones e instalaciones necesarias para manipular este tipo de sustancias. A <b>Comprar ahora online<\/b> con nosotros significa aceptar estas condiciones.<\/p>\n<h2>Conclusi\u00f3n<\/h2>\n<p>En resumen, Chemgramx ofrece 4-MMC (mefedrona) de alta pureza desarrollada espec\u00edficamente para aplicaciones de investigaci\u00f3n exigentes. Nuestro compromiso con la calidad, la pureza y la integridad cient\u00edfica nos convierte en su socio ideal.<\/p>\n<p>Conf\u00ede en nuestro producto para obtener resultados precisos y fiables en sus experimentos. Descubra hoy mismo las ventajas de <b>M\u00e1xima calidad 4 MMC<\/b> para sus proyectos cient\u00edficos. Nuestro objetivo es proporcionarle los mejores materiales para sus descubrimientos.<\/p>\n<p><b>Pedir 4 MMC en l\u00ednea<\/b> en Chemgramx y benef\u00edciese de nuestra experiencia y compromiso con la investigaci\u00f3n. Esperamos poder ayudarle en su pr\u00f3ximo avance cient\u00edfico.<\/p>","protected":false},"excerpt":{"rendered":"<p>Descubra nuestra <b>4 MMC (mefedro)<\/b> en <b>La calidad de la investigaci\u00f3n a la venta<\/b>, especialmente dise\u00f1ado para aplicaciones cient\u00edficas precisas. Adquiera <b>aut\u00e9ntico 4 MMC<\/b> para sus proyectos de laboratorio. <b>Comprar ahora online<\/b> en Chemgramx y benef\u00edciese de nuestro compromiso con la calidad y la pureza.<\/p>","protected":false},"featured_media":8433,"comment_status":"open","ping_status":"closed","template":"","meta":{"_joinchat":[]},"product_brand":[],"product_cat":[48],"product_tag":[2496,2499,2500,2502,1627,2498,2497,2501,2503,2015],"class_list":{"0":"post-8393","1":"product","2":"type-product","3":"status-publish","4":"has-post-thumbnail","6":"product_cat-stimulants","7":"product_tag-4-mmc","8":"product_tag-4-mmc-kristalle","9":"product_tag-4-mmc-online-kaufen","10":"product_tag-4-mmc-pulver","11":"product_tag-4-mmc-kaufen","12":"product_tag-mephedrone-4-mmc","13":"product_tag-mephedrone-kaufen","14":"product_tag-mephedrone-online-kaufen","15":"product_tag-mephedrone-zum-verkauf","16":"product_tag-synthetische-drogen","18":"first","19":"instock","20":"shipping-taxable","21":"purchasable","22":"product-type-variable"},"yoast_head":"<!-- This site is optimized with the Yoast SEO plugin v27.5 - https:\/\/yoast.com\/product\/yoast-seo-wordpress\/ -->\n<title>4 MMC Kaufen \u2013 Hohe Reinheit &amp; Laborqualit\u00e4t<\/title>\n<meta name=\"description\" content=\"M\u00f6chten Sie hochwertiges 4 MMC (Mephedron) f\u00fcr Ihre Forschung online bestellen? Entdecken Sie reine Forschungsqualit\u00e4t bei Chemgramx. Jetzt 4 MMC Kaufen.\" \/>\n<meta name=\"robots\" content=\"index, follow, max-snippet:-1, max-image-preview:large, max-video-preview:-1\" \/>\n<link rel=\"canonical\" href=\"https:\/\/chemgramx.com\/es\/producto-1\/comprar-mefedrona-4-mmc-en-linea\/\" \/>\n<meta property=\"og:locale\" content=\"es_ES\" \/>\n<meta property=\"og:type\" content=\"article\" \/>\n<meta property=\"og:title\" content=\"4 MMC Kaufen \u2013 Hohe Reinheit &amp; Laborqualit\u00e4t\" \/>\n<meta property=\"og:description\" content=\"M\u00f6chten Sie hochwertiges 4 MMC (Mephedron) f\u00fcr Ihre Forschung online bestellen? Entdecken Sie reine Forschungsqualit\u00e4t bei Chemgramx. Jetzt 4 MMC Kaufen.\" \/>\n<meta property=\"og:url\" content=\"https:\/\/chemgramx.com\/es\/producto-1\/comprar-mefedrona-4-mmc-en-linea\/\" \/>\n<meta property=\"og:site_name\" content=\"Chemgramx\" \/>\n<meta property=\"article:modified_time\" content=\"2025-12-09T10:06:02+00:00\" \/>\n<meta property=\"og:image\" content=\"https:\/\/chemgramx.com\/wp-content\/uploads\/2025\/11\/4mmc.png\" \/>\n\t<meta property=\"og:image:width\" content=\"600\" \/>\n\t<meta property=\"og:image:height\" content=\"400\" \/>\n\t<meta property=\"og:image:type\" content=\"image\/png\" \/>\n<meta name=\"twitter:card\" content=\"summary_large_image\" \/>\n<meta name=\"twitter:label1\" content=\"Tiempo de lectura\" \/>\n\t<meta name=\"twitter:data1\" content=\"4 minutos\" \/>\n<script type=\"application\/ld+json\" class=\"yoast-schema-graph\">{\"@context\":\"https:\\\/\\\/schema.org\",\"@graph\":[{\"@type\":\"WebPage\",\"@id\":\"https:\\\/\\\/chemgramx.com\\\/product\\\/4-mmc-mephedrone-online-kaufen\\\/\",\"url\":\"https:\\\/\\\/chemgramx.com\\\/product\\\/4-mmc-mephedrone-online-kaufen\\\/\",\"name\":\"4 MMC Kaufen \u2013 Hohe Reinheit & Laborqualit\u00e4t\",\"isPartOf\":{\"@id\":\"https:\\\/\\\/chemgramx.com\\\/#website\"},\"primaryImageOfPage\":{\"@id\":\"https:\\\/\\\/chemgramx.com\\\/product\\\/4-mmc-mephedrone-online-kaufen\\\/#primaryimage\"},\"image\":{\"@id\":\"https:\\\/\\\/chemgramx.com\\\/product\\\/4-mmc-mephedrone-online-kaufen\\\/#primaryimage\"},\"thumbnailUrl\":\"https:\\\/\\\/chemgramx.com\\\/wp-content\\\/uploads\\\/2025\\\/11\\\/4mmc.png\",\"datePublished\":\"2025-11-21T18:18:29+00:00\",\"dateModified\":\"2025-12-09T10:06:02+00:00\",\"description\":\"M\u00f6chten Sie hochwertiges 4 MMC (Mephedron) f\u00fcr Ihre Forschung online bestellen? Entdecken Sie reine Forschungsqualit\u00e4t bei Chemgramx. Jetzt 4 MMC Kaufen.\",\"breadcrumb\":{\"@id\":\"https:\\\/\\\/chemgramx.com\\\/product\\\/4-mmc-mephedrone-online-kaufen\\\/#breadcrumb\"},\"inLanguage\":\"es\",\"potentialAction\":[{\"@type\":\"ReadAction\",\"target\":[\"https:\\\/\\\/chemgramx.com\\\/product\\\/4-mmc-mephedrone-online-kaufen\\\/\"]}]},{\"@type\":\"ImageObject\",\"inLanguage\":\"es\",\"@id\":\"https:\\\/\\\/chemgramx.com\\\/product\\\/4-mmc-mephedrone-online-kaufen\\\/#primaryimage\",\"url\":\"https:\\\/\\\/chemgramx.com\\\/wp-content\\\/uploads\\\/2025\\\/11\\\/4mmc.png\",\"contentUrl\":\"https:\\\/\\\/chemgramx.com\\\/wp-content\\\/uploads\\\/2025\\\/11\\\/4mmc.png\",\"width\":600,\"height\":400},{\"@type\":\"BreadcrumbList\",\"@id\":\"https:\\\/\\\/chemgramx.com\\\/product\\\/4-mmc-mephedrone-online-kaufen\\\/#breadcrumb\",\"itemListElement\":[{\"@type\":\"ListItem\",\"position\":1,\"name\":\"Home\",\"item\":\"https:\\\/\\\/chemgramx.com\\\/\"},{\"@type\":\"ListItem\",\"position\":2,\"name\":\"Shop\",\"item\":\"https:\\\/\\\/chemgramx.com\\\/shop\\\/\"},{\"@type\":\"ListItem\",\"position\":3,\"name\":\"4 MMC Kaufen \u2013 Hohe Reinheit &amp; Laborqualit\u00e4t\"}]},{\"@type\":\"WebSite\",\"@id\":\"https:\\\/\\\/chemgramx.com\\\/#website\",\"url\":\"https:\\\/\\\/chemgramx.com\\\/\",\"name\":\"Chemgramx\",\"description\":\"\",\"publisher\":{\"@id\":\"https:\\\/\\\/chemgramx.com\\\/#organization\"},\"potentialAction\":[{\"@type\":\"SearchAction\",\"target\":{\"@type\":\"EntryPoint\",\"urlTemplate\":\"https:\\\/\\\/chemgramx.com\\\/?s={search_term_string}\"},\"query-input\":{\"@type\":\"PropertyValueSpecification\",\"valueRequired\":true,\"valueName\":\"search_term_string\"}}],\"inLanguage\":\"es\"},{\"@type\":\"Organization\",\"@id\":\"https:\\\/\\\/chemgramx.com\\\/#organization\",\"name\":\"Chemgramx\",\"url\":\"https:\\\/\\\/chemgramx.com\\\/\",\"logo\":{\"@type\":\"ImageObject\",\"inLanguage\":\"es\",\"@id\":\"https:\\\/\\\/chemgramx.com\\\/#\\\/schema\\\/logo\\\/image\\\/\",\"url\":\"https:\\\/\\\/chemgramx.com\\\/wp-content\\\/uploads\\\/2024\\\/10\\\/final-logo.png\",\"contentUrl\":\"https:\\\/\\\/chemgramx.com\\\/wp-content\\\/uploads\\\/2024\\\/10\\\/final-logo.png\",\"width\":250,\"height\":48,\"caption\":\"Chemgramx\"},\"image\":{\"@id\":\"https:\\\/\\\/chemgramx.com\\\/#\\\/schema\\\/logo\\\/image\\\/\"}}]}<\/script>\n<!-- \/ Yoast SEO plugin. -->","yoast_head_json":{"title":"Comprar 4 MMC: alta pureza y calidad de laboratorio","description":"\u00bfDesea encargar 4 MMC (mefedrona) de alta calidad para su investigaci\u00f3n en l\u00ednea? Descubre la calidad pura de la investigaci\u00f3n en Chemgramx. Compra 4 MMC ahora.","robots":{"index":"index","follow":"follow","max-snippet":"max-snippet:-1","max-image-preview":"max-image-preview:large","max-video-preview":"max-video-preview:-1"},"canonical":"https:\/\/chemgramx.com\/es\/producto-1\/comprar-mefedrona-4-mmc-en-linea\/","og_locale":"es_ES","og_type":"article","og_title":"4 MMC Kaufen \u2013 Hohe Reinheit & Laborqualit\u00e4t","og_description":"M\u00f6chten Sie hochwertiges 4 MMC (Mephedron) f\u00fcr Ihre Forschung online bestellen? Entdecken Sie reine Forschungsqualit\u00e4t bei Chemgramx. Jetzt 4 MMC Kaufen.","og_url":"https:\/\/chemgramx.com\/es\/producto-1\/comprar-mefedrona-4-mmc-en-linea\/","og_site_name":"Chemgramx","article_modified_time":"2025-12-09T10:06:02+00:00","og_image":[{"width":600,"height":400,"url":"https:\/\/chemgramx.com\/wp-content\/uploads\/2025\/11\/4mmc.png","type":"image\/png"}],"twitter_card":"summary_large_image","twitter_misc":{"Tiempo de lectura":"4 minutos"},"schema":{"@context":"https:\/\/schema.org","@graph":[{"@type":"WebPage","@id":"https:\/\/chemgramx.com\/product\/4-mmc-mephedrone-online-kaufen\/","url":"https:\/\/chemgramx.com\/product\/4-mmc-mephedrone-online-kaufen\/","name":"Comprar 4 MMC: alta pureza y calidad de laboratorio","isPartOf":{"@id":"https:\/\/chemgramx.com\/#website"},"primaryImageOfPage":{"@id":"https:\/\/chemgramx.com\/product\/4-mmc-mephedrone-online-kaufen\/#primaryimage"},"image":{"@id":"https:\/\/chemgramx.com\/product\/4-mmc-mephedrone-online-kaufen\/#primaryimage"},"thumbnailUrl":"https:\/\/chemgramx.com\/wp-content\/uploads\/2025\/11\/4mmc.png","datePublished":"2025-11-21T18:18:29+00:00","dateModified":"2025-12-09T10:06:02+00:00","description":"\u00bfDesea encargar 4 MMC (mefedrona) de alta calidad para su investigaci\u00f3n en l\u00ednea? Descubre la calidad pura de la investigaci\u00f3n en Chemgramx. Compra 4 MMC ahora.","breadcrumb":{"@id":"https:\/\/chemgramx.com\/product\/4-mmc-mephedrone-online-kaufen\/#breadcrumb"},"inLanguage":"es","potentialAction":[{"@type":"ReadAction","target":["https:\/\/chemgramx.com\/product\/4-mmc-mephedrone-online-kaufen\/"]}]},{"@type":"ImageObject","inLanguage":"es","@id":"https:\/\/chemgramx.com\/product\/4-mmc-mephedrone-online-kaufen\/#primaryimage","url":"https:\/\/chemgramx.com\/wp-content\/uploads\/2025\/11\/4mmc.png","contentUrl":"https:\/\/chemgramx.com\/wp-content\/uploads\/2025\/11\/4mmc.png","width":600,"height":400},{"@type":"BreadcrumbList","@id":"https:\/\/chemgramx.com\/product\/4-mmc-mephedrone-online-kaufen\/#breadcrumb","itemListElement":[{"@type":"ListItem","position":1,"name":"Home","item":"https:\/\/chemgramx.com\/"},{"@type":"ListItem","position":2,"name":"Shop","item":"https:\/\/chemgramx.com\/shop\/"},{"@type":"ListItem","position":3,"name":"4 MMC Kaufen \u2013 Hohe Reinheit &amp; Laborqualit\u00e4t"}]},{"@type":"WebSite","@id":"https:\/\/chemgramx.com\/#website","url":"https:\/\/chemgramx.com\/","name":"Chemgramx","description":"","publisher":{"@id":"https:\/\/chemgramx.com\/#organization"},"potentialAction":[{"@type":"SearchAction","target":{"@type":"EntryPoint","urlTemplate":"https:\/\/chemgramx.com\/?s={search_term_string}"},"query-input":{"@type":"PropertyValueSpecification","valueRequired":true,"valueName":"search_term_string"}}],"inLanguage":"es"},{"@type":"Organization","@id":"https:\/\/chemgramx.com\/#organization","name":"Chemgramx","url":"https:\/\/chemgramx.com\/","logo":{"@type":"ImageObject","inLanguage":"es","@id":"https:\/\/chemgramx.com\/#\/schema\/logo\/image\/","url":"https:\/\/chemgramx.com\/wp-content\/uploads\/2024\/10\/final-logo.png","contentUrl":"https:\/\/chemgramx.com\/wp-content\/uploads\/2024\/10\/final-logo.png","width":250,"height":48,"caption":"Chemgramx"},"image":{"@id":"https:\/\/chemgramx.com\/#\/schema\/logo\/image\/"}}]}},"_links":{"self":[{"href":"https:\/\/chemgramx.com\/es\/wp-json\/wp\/v2\/product\/8393","targetHints":{"allow":["GET"]}}],"collection":[{"href":"https:\/\/chemgramx.com\/es\/wp-json\/wp\/v2\/product"}],"about":[{"href":"https:\/\/chemgramx.com\/es\/wp-json\/wp\/v2\/types\/product"}],"replies":[{"embeddable":true,"href":"https:\/\/chemgramx.com\/es\/wp-json\/wp\/v2\/comments?post=8393"}],"wp:featuredmedia":[{"embeddable":true,"href":"https:\/\/chemgramx.com\/es\/wp-json\/wp\/v2\/media\/8433"}],"wp:attachment":[{"href":"https:\/\/chemgramx.com\/es\/wp-json\/wp\/v2\/media?parent=8393"}],"wp:term":[{"taxonomy":"product_brand","embeddable":true,"href":"https:\/\/chemgramx.com\/es\/wp-json\/wp\/v2\/product_brand?post=8393"},{"taxonomy":"product_cat","embeddable":true,"href":"https:\/\/chemgramx.com\/es\/wp-json\/wp\/v2\/product_cat?post=8393"},{"taxonomy":"product_tag","embeddable":true,"href":"https:\/\/chemgramx.com\/es\/wp-json\/wp\/v2\/product_tag?post=8393"}],"curies":[{"name":"wp","href":"https:\/\/api.w.org\/{rel}","templated":true}]}}