{"id":8394,"date":"2025-11-21T18:18:30","date_gmt":"2025-11-21T18:18:30","guid":{"rendered":"https:\/\/chemgramx.com\/?post_type=product&#038;p=8394"},"modified":"2025-12-09T09:55:25","modified_gmt":"2025-12-09T09:55:25","slug":"4-cl-pvp-comprar-en-linea","status":"publish","type":"product","link":"https:\/\/chemgramx.com\/es\/product\/4-cl-pvp-online-kaufen\/","title":{"rendered":"Comprar 4-Cl-PVP online \u2013 Alta calidad"},"content":{"rendered":"<h2>Chemgramx: Su especialista en 4-Cl-PVP de la m\u00e1s alta calidad<\/h2>\n<p>\u00bfBusca <b>4-Cl-PVP<\/b> de excelente calidad y pureza? Chemgramx es el lugar adecuado para usted. Le ofrecemos <b>Venta de 4-Cl-PVP<\/b>, que se somete a estrictos controles de calidad y es perfecto para fines de investigaci\u00f3n exigentes. Nuestro compromiso con la pureza le garantiza los mejores resultados posibles en sus proyectos cient\u00edficos. Conf\u00ede en la experiencia de Chemgramx a la hora de abastecerse de productos qu\u00edmicos de la m\u00e1xima calidad. Comprendemos las necesidades de los investigadores y laboratorios y nos esforzamos por suministrar productos que no s\u00f3lo cumplan, sino que superen estas expectativas.<\/p>\n<p>La obtenci\u00f3n de sustancias qu\u00edmicas fiables es crucial para el progreso en muchas disciplinas cient\u00edficas. Por eso, en Chemgramx damos prioridad a la calidad y consistencia de nuestros productos. Nuestra <b>4-Cl-PVP<\/b> no es una excepci\u00f3n. Garantizamos un <b>alta pureza en venta<\/b>, que es esencial para obtener resultados de investigaci\u00f3n precisos y reproducibles. Experimente la diferencia que los productos qu\u00edmicos de primera clase pueden marcar en su trabajo. Estamos orgullosos de ser una fuente de confianza para sus necesidades qu\u00edmicas.<\/p>\n<h2>\u00bfPor qu\u00e9 elegir 4-Cl-PVP de Chemgramx?<\/h2>\n<p>La elecci\u00f3n del proveedor adecuado para sus reactivos qu\u00edmicos puede tener un impacto significativo en los resultados de su investigaci\u00f3n. Chemgramx se compromete a suministrar productos qu\u00edmicos que cumplan las normas m\u00e1s estrictas. Si desea <b>Comprar 4-Cl-PVP online<\/b> puede contar con nuestra fiabilidad y la calidad de nuestros productos. Le ofrecemos la seguridad de que cada lote ha sido cuidadosamente probado para garantizar su pureza y eficacia. Descubra nuestra gama y compruebe nuestro compromiso con la excelencia.<\/p>\n<p>Adem\u00e1s, nuestro proceso de pedido est\u00e1 dise\u00f1ado para ofrecerle una experiencia sin complicaciones. Sabemos que su tiempo es oro y queremos asegurarnos de que obtiene los materiales que necesita de forma r\u00e1pida y sencilla. Por eso, nuestro objetivo es ofrecerle el mejor servicio para que pueda centrarse en su investigaci\u00f3n. Obtenga m\u00e1s informaci\u00f3n sobre nuestra amplia gama y encuentre los productos qu\u00edmicos que necesita para su pr\u00f3ximo proyecto. Somos su socio para el \u00e9xito cient\u00edfico.<\/p>\n<h3>La pureza y composici\u00f3n del 4-Cl-PVP<\/h3>\n<p>Nuestra <b>4-Cl-PVP<\/b> se fabrica en condiciones estrictamente controladas para garantizar una pureza elevada y constante. Somos conscientes de que incluso las impurezas m\u00e1s peque\u00f1as pueden distorsionar los resultados de sus experimentos. Por eso utilizamos m\u00e9todos anal\u00edticos avanzados para confirmar la integridad de nuestros productos. En <b>4-Cl-PVP de calidad superior<\/b>, que encontrar\u00e1 aqu\u00ed refleja nuestra incesante b\u00fasqueda de la perfecci\u00f3n. Cada muestra se somete a rigurosas pruebas antes de su publicaci\u00f3n.<\/p>\n<p>La composici\u00f3n qu\u00edmica exacta y las propiedades f\u00edsicas de <b>4-Cl-PVP<\/b> son de vital importancia para su aplicaci\u00f3n en la investigaci\u00f3n. Por ello, nos aseguramos de que nuestros productos tengan especificaciones detalladas que le permitan hacer una evaluaci\u00f3n precisa. Si usted <b>aut\u00e9ntico 4-Cl-PVP<\/b> somos el lugar adecuado. Conf\u00ede en nuestra transparencia y compromiso con la integridad cient\u00edfica. Estamos seguros de que quedar\u00e1 muy satisfecho con la calidad de nuestros productos.<\/p>\n<h3>\u00c1mbitos de aplicaci\u00f3n y potencial de investigaci\u00f3n<\/h3>\n<p><b>4-Cl-PVP<\/b> es una sustancia de inter\u00e9s en diversos campos de investigaci\u00f3n debido a sus propiedades \u00fanicas. Los cient\u00edficos utilizan este compuesto para obtener nuevos conocimientos sobre qu\u00edmica org\u00e1nica y disciplinas afines. El control preciso de la estructura qu\u00edmica permite a los investigadores estudiar reacciones espec\u00edficas y comprender las interacciones moleculares. Esto hace que <b>4-Cl-PVP<\/b> una valiosa herramienta en el arsenal de cualquier investigador dedicado.<\/p>\n<p>Adem\u00e1s, la posibilidad, <b>Comprar 4-Cl-PVP en l\u00ednea<\/b>, investigadores de todo el mundo tengan acceso a este importante compuesto. La disponibilidad de productos qu\u00edmicos de alta pureza es un factor cr\u00edtico para el progreso cient\u00edfico. En Chemgramx, estamos orgullosos de contribuir a este progreso proporcionando productos qu\u00edmicos de investigaci\u00f3n de primera clase. Explore las aplicaciones potenciales y ampl\u00ede sus conocimientos con nuestros productos. Descubra todo el potencial de su investigaci\u00f3n con Chemgramx.<\/p>\n<h2>Seguridad y manipulaci\u00f3n<\/h2>\n<p>La manipulaci\u00f3n segura de sustancias qu\u00edmicas es de suma importancia. Al manipular <b>4-Cl-PVP<\/b> deben seguirse siempre los protocolos de seguridad recomendados. Esto incluye el uso de equipo de protecci\u00f3n personal adecuado, como guantes y gafas, y trabajar en una zona bien ventilada o bajo una campana extractora. Recomendamos encarecidamente consultar las fichas de datos de seguridad de los materiales (MSDS) para obtener informaci\u00f3n detallada sobre la manipulaci\u00f3n, el almacenamiento y la eliminaci\u00f3n seguros. Estos documentos contienen informaci\u00f3n esencial para proteger su salud y evitar riesgos.<\/p>\n<p>En <b>Tratamiento seguro<\/b> de nuestros productos es nuestra m\u00e1xima prioridad. Nos aseguramos de que toda la informaci\u00f3n necesaria para un uso seguro sea f\u00e1cilmente accesible. Consulte las instrucciones y advertencias espec\u00edficas suministradas con el producto. Una planificaci\u00f3n y preparaci\u00f3n cuidadosas son la clave del \u00e9xito y la seguridad de la investigaci\u00f3n. Si tiene alguna duda sobre la manipulaci\u00f3n, nuestro equipo de atenci\u00f3n al cliente estar\u00e1 encantado de ayudarle. Su bienestar y la seguridad de su trabajo son importantes para nosotros.<\/p>\n<h3>Almacenamiento y estabilidad<\/h3>\n<p>Para garantizar la integridad y eficacia de <b>4-Cl-PVP<\/b> es esencial un almacenamiento adecuado. Recomendamos almacenar la sustancia en un recipiente bien cerrado en un lugar fresco, seco y bien ventilado. Evite la luz solar directa y las fuentes de calor, ya que pueden afectar a la estabilidad del producto. El almacenamiento correcto ayuda a preservar la <b>4-Cl-PVP de calidad superior<\/b> durante un periodo de tiempo m\u00e1s largo y garantizar su fiabilidad para sus necesidades de investigaci\u00f3n.<\/p>\n<p>Adem\u00e1s, es aconsejable almacenar la sustancia separada de materiales incompatibles. Encontrar\u00e1 informaci\u00f3n detallada sobre las condiciones de almacenamiento y la estabilidad en la documentaci\u00f3n espec\u00edfica del producto. El cumplimiento de estas directrices es esencial para optimizar el rendimiento del producto y maximizar la seguridad. Nos esforzamos por proporcionarle toda la informaci\u00f3n que necesita para sacar el m\u00e1ximo partido de nuestros productos qu\u00edmicos. Conf\u00ede en Chemgramx para obtener una calidad constante.<\/p>\n<h2>Su socio para productos qu\u00edmicos de investigaci\u00f3n: Chemgramx<\/h2>\n<p>En Chemgramx, somos conscientes del papel fundamental que desempe\u00f1an los productos qu\u00edmicos de alta calidad en la investigaci\u00f3n cient\u00edfica. Estamos orgullosos de ofrecerle una amplia gama de productos qu\u00edmicos de investigaci\u00f3n, incluyendo <b>4-Cl-PVP<\/b>. Nuestro compromiso con la pureza, la calidad y el servicio al cliente nos convierte en la primera opci\u00f3n para investigadores de todo el mundo. Si desea <b>4-Cl-PVP de la m\u00e1xima calidad<\/b> ha llegado al lugar adecuado. Compre en Chemgramx y experimente la diferencia.<\/p>\n<p>Nos esforzamos por simplificar el acceso a importantes materiales de investigaci\u00f3n. Por eso ofrecemos una opci\u00f3n sencilla y segura, <b>4-Cl-PVP por encargo<\/b>. Descubra nuestra gama y averig\u00fce por qu\u00e9 tantos investigadores eligen a Chemgramx como su proveedor preferido. Le invitamos a unirse a nuestra creciente comunidad de cient\u00edficos que valoran la calidad y la fiabilidad. Su investigaci\u00f3n merece lo mejor, y Chemgramx se lo ofrece.<\/p>\n<h3>Preguntas frecuentes sobre la 4-Cl-PVP<\/h3>\n<ul>\n<li><b>\u00bfCu\u00e1l es la pureza del 4-Cl-PVP?<\/b> Nuestro 4-Cl-PVP se ofrece con una alta pureza adecuada para fines de investigaci\u00f3n exigentes. Se pueden solicitar certificados de an\u00e1lisis detallados.<\/li>\n<li><b>\u00bfC\u00f3mo debe almacenarse la 4-Cl-PVP?<\/b> Debe almacenarse en un lugar fresco, seco y bien ventilado, en un recipiente bien cerrado, alejado de la luz solar directa y de fuentes de calor.<\/li>\n<li><b>\u00bfEs la 4-Cl-PVP adecuada para todas las aplicaciones de investigaci\u00f3n?<\/b> La idoneidad depende de la investigaci\u00f3n concreta. Consulte siempre la bibliograf\u00eda cient\u00edfica pertinente y realice sus propias pruebas.<\/li>\n<\/ul>\n<h3>\u00bfPor qu\u00e9 Chemgramx para sus necesidades de investigaci\u00f3n?<\/h3>\n<p>Chemgramx es sin\u00f3nimo de confianza y calidad en el mundo de los productos qu\u00edmicos de investigaci\u00f3n. No s\u00f3lo ofrecemos <b>Venta de 4-Cl-PVP<\/b>, sino tambi\u00e9n un amplio apoyo a sus esfuerzos cient\u00edficos. Nuestro objetivo es proporcionarle los mejores materiales posibles para ayudarle a alcanzar sus objetivos de investigaci\u00f3n. Descubra la amplia gama de productos qu\u00edmicos que ofrecemos y encuentre lo que necesita para su pr\u00f3ximo descubrimiento. Con nosotros obtendr\u00e1 <b>4-Cl-PVP de alta calidad<\/b>, que cumplir\u00e1 sus expectativas.<\/p>\n<p>Nos comprometemos a ofrecerle un servicio de primera clase. Nuestra experiencia en qu\u00edmica y nuestro compromiso con la satisfacci\u00f3n del cliente nos convierten en el socio ideal. Si est\u00e1 considerando, <b>4-Cl-PVP a la venta en l\u00ednea<\/b>, elija Chemgramx para obtener una soluci\u00f3n fiable y de alta calidad. Visite tambi\u00e9n nuestra selecci\u00f3n de otros productos qu\u00edmicos de investigaci\u00f3n, como el <a href=\"https:\/\/chemgramx.com\/product\/2c-b-fly-10mg-pellets-kaufen\/\">2C-B-FLY 10mg gr\u00e1nulos<\/a>, que tambi\u00e9n cumplen las normas de calidad m\u00e1s exigentes. Su viaje cient\u00edfico comienza aqu\u00ed, con Chemgramx.<\/p>\n<h2>Productos qu\u00edmicos de investigaci\u00f3n relacionados<\/h2>\n<p>Adem\u00e1s de 4-Cl-PVP, Chemgramx ofrece una amplia gama de otros productos qu\u00edmicos de investigaci\u00f3n que son importantes para diversas disciplinas cient\u00edficas. Entendemos que a menudo se necesita una combinaci\u00f3n de diferentes sustancias para realizar estudios exhaustivos. Por ello, ampliamos constantemente nuestra gama para satisfacer las diversas necesidades de nuestros clientes. Por ejemplo, descubra nuestra gama de <a href=\"https:\/\/chemgramx.com\/product\/4-cl-pvp-online-kaufen\/\">4-Cl-PVP<\/a>, caracterizados por una pureza excepcional y perfectos para sus necesidades experimentales. Nos esforzamos por ofrecerle una ventanilla \u00fanica para todas sus necesidades de investigaci\u00f3n qu\u00edmica.<\/p>\n<p>Nuestro compromiso con la calidad se extiende a todos los productos de nuestro cat\u00e1logo. Tanto si busca compuestos especializados como reactivos comunes de laboratorio, Chemgramx es su socio de confianza. Le invitamos a explorar toda nuestra cartera de productos y descubrir la variedad y calidad que ofrecemos. D\u00e9 el siguiente paso en su investigaci\u00f3n con Chemgramx. Estamos aqu\u00ed para ayudarle.<\/p>\n<h3>Conclusi\u00f3n: la elecci\u00f3n por la calidad y la confianza<\/h3>\n<p>En resumen, Chemgramx es el lugar ideal para <b>Venta de 4-Cl-PVP<\/b>. Ofrecemos <b>4-Cl-PVP de calidad superior<\/b>, pureza garantizada y un servicio de atenci\u00f3n al cliente adaptado a sus necesidades. Si usted <b>el mejor 4-Cl-PVP disponible<\/b> puede confiar en nuestra experiencia y compromiso. Haga su pedido hoy mismo y experimente la fiabilidad y la excelencia que caracterizan a Chemgramx. Estamos orgullosos de contribuir a su \u00e9xito cient\u00edfico.<\/p>\n<p>Elegir a Chemgramx significa elegir a un socio que comprende y apoya sus objetivos de investigaci\u00f3n. Somos m\u00e1s que un simple proveedor; somos parte integrante de su viaje cient\u00edfico. Conf\u00ede en nuestra experiencia y compromiso con los m\u00e1s altos est\u00e1ndares. Comprar <b>4-Cl-PVP<\/b> en Chemgramx - para obtener resultados en los que puede confiar. Esperamos poder servirle y contribuir a su \u00e9xito.<\/p>","protected":false},"excerpt":{"rendered":"<p>Descubra <b>4-Cl-PVP<\/b> de Chemgramx - Su fuente de <b>Cooperativa de investigaci\u00f3n de calidad<\/b>. Ofrecemos <b>c\u00f3mo ahorrar dinero<\/b> para su laboratorio. <\/p>\n<ul>\n<li>Garant\u00eda de calidad y seguridad.<\/li>\n<li>Ideaal voor onderzoeksdoeleinden.<\/li>\n<li>Eenvoudig en betrouwbaar <b>Comprar 4-Cl-PVP online<\/b>.<\/li>\n<\/ul>\n<p> Visite Chemgramx para obtener m\u00e1s informaci\u00f3n <b>mejor 4-Cl-PVP disponible<\/b>.<\/p>","protected":false},"featured_media":8434,"comment_status":"open","ping_status":"closed","template":"","meta":{"_joinchat":[]},"product_brand":[],"product_cat":[48],"product_tag":[2482,2488,2487,2483,2489,2486,2484,2485,2490,2182],"class_list":{"0":"post-8394","1":"product","2":"type-product","3":"status-publish","4":"has-post-thumbnail","6":"product_cat-stimulants","7":"product_tag-4-cl-pvp","8":"product_tag-4-cl-pvp-chemikalien","9":"product_tag-4-cl-pvp-forschung","10":"product_tag-4-cl-pvp-kaufen","11":"product_tag-4-cl-pvp-kaufen-online","12":"product_tag-4-cl-pvp-kristalle","13":"product_tag-4-cl-pvp-online","14":"product_tag-4-cl-pvp-pulver","15":"product_tag-forschung-4-cl-pvp","16":"product_tag-synthetische-chemikalien","18":"first","19":"instock","20":"shipping-taxable","21":"purchasable","22":"product-type-variable"},"yoast_head":"<!-- This site is optimized with the Yoast SEO plugin v27.5 - https:\/\/yoast.com\/product\/yoast-seo-wordpress\/ -->\n<title>Koop 4-Cl-PVP Online - Hoge Kwaliteit<\/title>\n<meta name=\"description\" content=\"Zoek je 4-Cl-PVP? Bestel hoge zuiverheid 4-Cl-PVP online bij Chemgramx. Gegarandeerde kwaliteit voor uw onderzoek.\" \/>\n<meta name=\"robots\" content=\"index, follow, max-snippet:-1, max-image-preview:large, max-video-preview:-1\" \/>\n<link rel=\"canonical\" href=\"https:\/\/chemgramx.com\/es\/producto-1\/4-cl-pvp-comprar-en-linea\/\" \/>\n<meta property=\"og:locale\" content=\"es_ES\" \/>\n<meta property=\"og:type\" content=\"article\" \/>\n<meta property=\"og:title\" content=\"Koop 4-Cl-PVP Online - Hoge Kwaliteit\" \/>\n<meta property=\"og:description\" content=\"Zoek je 4-Cl-PVP? Bestel hoge zuiverheid 4-Cl-PVP online bij Chemgramx. Gegarandeerde kwaliteit voor uw onderzoek.\" \/>\n<meta property=\"og:url\" content=\"https:\/\/chemgramx.com\/es\/producto-1\/4-cl-pvp-comprar-en-linea\/\" \/>\n<meta property=\"og:site_name\" content=\"Chemgramx\" \/>\n<meta property=\"article:modified_time\" content=\"2025-12-09T09:55:25+00:00\" \/>\n<meta property=\"og:image\" content=\"https:\/\/chemgramx.com\/wp-content\/uploads\/2025\/11\/4clpvp.png\" \/>\n\t<meta property=\"og:image:width\" content=\"600\" \/>\n\t<meta property=\"og:image:height\" content=\"400\" \/>\n\t<meta property=\"og:image:type\" content=\"image\/png\" \/>\n<meta name=\"twitter:card\" content=\"summary_large_image\" \/>\n<meta name=\"twitter:label1\" content=\"Tiempo de lectura\" \/>\n\t<meta name=\"twitter:data1\" content=\"4 minutos\" \/>\n<script type=\"application\/ld+json\" class=\"yoast-schema-graph\">{\"@context\":\"https:\\\/\\\/schema.org\",\"@graph\":[{\"@type\":\"WebPage\",\"@id\":\"https:\\\/\\\/chemgramx.com\\\/product\\\/4-cl-pvp-online-kaufen\\\/\",\"url\":\"https:\\\/\\\/chemgramx.com\\\/product\\\/4-cl-pvp-online-kaufen\\\/\",\"name\":\"Koop 4-Cl-PVP Online - Hoge Kwaliteit\",\"isPartOf\":{\"@id\":\"https:\\\/\\\/chemgramx.com\\\/#website\"},\"primaryImageOfPage\":{\"@id\":\"https:\\\/\\\/chemgramx.com\\\/product\\\/4-cl-pvp-online-kaufen\\\/#primaryimage\"},\"image\":{\"@id\":\"https:\\\/\\\/chemgramx.com\\\/product\\\/4-cl-pvp-online-kaufen\\\/#primaryimage\"},\"thumbnailUrl\":\"https:\\\/\\\/chemgramx.com\\\/wp-content\\\/uploads\\\/2025\\\/11\\\/4clpvp.png\",\"datePublished\":\"2025-11-21T18:18:30+00:00\",\"dateModified\":\"2025-12-09T09:55:25+00:00\",\"description\":\"Zoek je 4-Cl-PVP? Bestel hoge zuiverheid 4-Cl-PVP online bij Chemgramx. Gegarandeerde kwaliteit voor uw onderzoek.\",\"breadcrumb\":{\"@id\":\"https:\\\/\\\/chemgramx.com\\\/product\\\/4-cl-pvp-online-kaufen\\\/#breadcrumb\"},\"inLanguage\":\"es\",\"potentialAction\":[{\"@type\":\"ReadAction\",\"target\":[\"https:\\\/\\\/chemgramx.com\\\/product\\\/4-cl-pvp-online-kaufen\\\/\"]}]},{\"@type\":\"ImageObject\",\"inLanguage\":\"es\",\"@id\":\"https:\\\/\\\/chemgramx.com\\\/product\\\/4-cl-pvp-online-kaufen\\\/#primaryimage\",\"url\":\"https:\\\/\\\/chemgramx.com\\\/wp-content\\\/uploads\\\/2025\\\/11\\\/4clpvp.png\",\"contentUrl\":\"https:\\\/\\\/chemgramx.com\\\/wp-content\\\/uploads\\\/2025\\\/11\\\/4clpvp.png\",\"width\":600,\"height\":400},{\"@type\":\"BreadcrumbList\",\"@id\":\"https:\\\/\\\/chemgramx.com\\\/product\\\/4-cl-pvp-online-kaufen\\\/#breadcrumb\",\"itemListElement\":[{\"@type\":\"ListItem\",\"position\":1,\"name\":\"Home\",\"item\":\"https:\\\/\\\/chemgramx.com\\\/\"},{\"@type\":\"ListItem\",\"position\":2,\"name\":\"Shop\",\"item\":\"https:\\\/\\\/chemgramx.com\\\/shop\\\/\"},{\"@type\":\"ListItem\",\"position\":3,\"name\":\"Koop 4-Cl-PVP Online &#8211; Hoge Kwaliteit\"}]},{\"@type\":\"WebSite\",\"@id\":\"https:\\\/\\\/chemgramx.com\\\/#website\",\"url\":\"https:\\\/\\\/chemgramx.com\\\/\",\"name\":\"Chemgramx\",\"description\":\"\",\"publisher\":{\"@id\":\"https:\\\/\\\/chemgramx.com\\\/#organization\"},\"potentialAction\":[{\"@type\":\"SearchAction\",\"target\":{\"@type\":\"EntryPoint\",\"urlTemplate\":\"https:\\\/\\\/chemgramx.com\\\/?s={search_term_string}\"},\"query-input\":{\"@type\":\"PropertyValueSpecification\",\"valueRequired\":true,\"valueName\":\"search_term_string\"}}],\"inLanguage\":\"es\"},{\"@type\":\"Organization\",\"@id\":\"https:\\\/\\\/chemgramx.com\\\/#organization\",\"name\":\"Chemgramx\",\"url\":\"https:\\\/\\\/chemgramx.com\\\/\",\"logo\":{\"@type\":\"ImageObject\",\"inLanguage\":\"es\",\"@id\":\"https:\\\/\\\/chemgramx.com\\\/#\\\/schema\\\/logo\\\/image\\\/\",\"url\":\"https:\\\/\\\/chemgramx.com\\\/wp-content\\\/uploads\\\/2024\\\/10\\\/final-logo.png\",\"contentUrl\":\"https:\\\/\\\/chemgramx.com\\\/wp-content\\\/uploads\\\/2024\\\/10\\\/final-logo.png\",\"width\":250,\"height\":48,\"caption\":\"Chemgramx\"},\"image\":{\"@id\":\"https:\\\/\\\/chemgramx.com\\\/#\\\/schema\\\/logo\\\/image\\\/\"}}]}<\/script>\n<!-- \/ Yoast SEO plugin. -->","yoast_head_json":{"title":"Comprar 4-Cl-PVP online - Alta calidad","description":"\u00bfEst\u00e1 buscando 4-Cl-PVP? Compre online 4-Cl-PVP a trav\u00e9s de Chemgramx con garant\u00eda de calidad para su pedido.","robots":{"index":"index","follow":"follow","max-snippet":"max-snippet:-1","max-image-preview":"max-image-preview:large","max-video-preview":"max-video-preview:-1"},"canonical":"https:\/\/chemgramx.com\/es\/producto-1\/4-cl-pvp-comprar-en-linea\/","og_locale":"es_ES","og_type":"article","og_title":"Koop 4-Cl-PVP Online - Hoge Kwaliteit","og_description":"Zoek je 4-Cl-PVP? Bestel hoge zuiverheid 4-Cl-PVP online bij Chemgramx. Gegarandeerde kwaliteit voor uw onderzoek.","og_url":"https:\/\/chemgramx.com\/es\/producto-1\/4-cl-pvp-comprar-en-linea\/","og_site_name":"Chemgramx","article_modified_time":"2025-12-09T09:55:25+00:00","og_image":[{"width":600,"height":400,"url":"https:\/\/chemgramx.com\/wp-content\/uploads\/2025\/11\/4clpvp.png","type":"image\/png"}],"twitter_card":"summary_large_image","twitter_misc":{"Tiempo de lectura":"4 minutos"},"schema":{"@context":"https:\/\/schema.org","@graph":[{"@type":"WebPage","@id":"https:\/\/chemgramx.com\/product\/4-cl-pvp-online-kaufen\/","url":"https:\/\/chemgramx.com\/product\/4-cl-pvp-online-kaufen\/","name":"Comprar 4-Cl-PVP online - Alta calidad","isPartOf":{"@id":"https:\/\/chemgramx.com\/#website"},"primaryImageOfPage":{"@id":"https:\/\/chemgramx.com\/product\/4-cl-pvp-online-kaufen\/#primaryimage"},"image":{"@id":"https:\/\/chemgramx.com\/product\/4-cl-pvp-online-kaufen\/#primaryimage"},"thumbnailUrl":"https:\/\/chemgramx.com\/wp-content\/uploads\/2025\/11\/4clpvp.png","datePublished":"2025-11-21T18:18:30+00:00","dateModified":"2025-12-09T09:55:25+00:00","description":"\u00bfEst\u00e1 buscando 4-Cl-PVP? Compre online 4-Cl-PVP a trav\u00e9s de Chemgramx con garant\u00eda de calidad para su pedido.","breadcrumb":{"@id":"https:\/\/chemgramx.com\/product\/4-cl-pvp-online-kaufen\/#breadcrumb"},"inLanguage":"es","potentialAction":[{"@type":"ReadAction","target":["https:\/\/chemgramx.com\/product\/4-cl-pvp-online-kaufen\/"]}]},{"@type":"ImageObject","inLanguage":"es","@id":"https:\/\/chemgramx.com\/product\/4-cl-pvp-online-kaufen\/#primaryimage","url":"https:\/\/chemgramx.com\/wp-content\/uploads\/2025\/11\/4clpvp.png","contentUrl":"https:\/\/chemgramx.com\/wp-content\/uploads\/2025\/11\/4clpvp.png","width":600,"height":400},{"@type":"BreadcrumbList","@id":"https:\/\/chemgramx.com\/product\/4-cl-pvp-online-kaufen\/#breadcrumb","itemListElement":[{"@type":"ListItem","position":1,"name":"Home","item":"https:\/\/chemgramx.com\/"},{"@type":"ListItem","position":2,"name":"Shop","item":"https:\/\/chemgramx.com\/shop\/"},{"@type":"ListItem","position":3,"name":"Koop 4-Cl-PVP Online &#8211; Hoge Kwaliteit"}]},{"@type":"WebSite","@id":"https:\/\/chemgramx.com\/#website","url":"https:\/\/chemgramx.com\/","name":"Chemgramx","description":"","publisher":{"@id":"https:\/\/chemgramx.com\/#organization"},"potentialAction":[{"@type":"SearchAction","target":{"@type":"EntryPoint","urlTemplate":"https:\/\/chemgramx.com\/?s={search_term_string}"},"query-input":{"@type":"PropertyValueSpecification","valueRequired":true,"valueName":"search_term_string"}}],"inLanguage":"es"},{"@type":"Organization","@id":"https:\/\/chemgramx.com\/#organization","name":"Chemgramx","url":"https:\/\/chemgramx.com\/","logo":{"@type":"ImageObject","inLanguage":"es","@id":"https:\/\/chemgramx.com\/#\/schema\/logo\/image\/","url":"https:\/\/chemgramx.com\/wp-content\/uploads\/2024\/10\/final-logo.png","contentUrl":"https:\/\/chemgramx.com\/wp-content\/uploads\/2024\/10\/final-logo.png","width":250,"height":48,"caption":"Chemgramx"},"image":{"@id":"https:\/\/chemgramx.com\/#\/schema\/logo\/image\/"}}]}},"_links":{"self":[{"href":"https:\/\/chemgramx.com\/es\/wp-json\/wp\/v2\/product\/8394","targetHints":{"allow":["GET"]}}],"collection":[{"href":"https:\/\/chemgramx.com\/es\/wp-json\/wp\/v2\/product"}],"about":[{"href":"https:\/\/chemgramx.com\/es\/wp-json\/wp\/v2\/types\/product"}],"replies":[{"embeddable":true,"href":"https:\/\/chemgramx.com\/es\/wp-json\/wp\/v2\/comments?post=8394"}],"wp:featuredmedia":[{"embeddable":true,"href":"https:\/\/chemgramx.com\/es\/wp-json\/wp\/v2\/media\/8434"}],"wp:attachment":[{"href":"https:\/\/chemgramx.com\/es\/wp-json\/wp\/v2\/media?parent=8394"}],"wp:term":[{"taxonomy":"product_brand","embeddable":true,"href":"https:\/\/chemgramx.com\/es\/wp-json\/wp\/v2\/product_brand?post=8394"},{"taxonomy":"product_cat","embeddable":true,"href":"https:\/\/chemgramx.com\/es\/wp-json\/wp\/v2\/product_cat?post=8394"},{"taxonomy":"product_tag","embeddable":true,"href":"https:\/\/chemgramx.com\/es\/wp-json\/wp\/v2\/product_tag?post=8394"}],"curies":[{"name":"wp","href":"https:\/\/api.w.org\/{rel}","templated":true}]}}