{"id":8396,"date":"2025-11-21T18:18:30","date_gmt":"2025-11-21T18:18:30","guid":{"rendered":"https:\/\/chemgramx.com\/?post_type=product&#038;p=8396"},"modified":"2025-12-09T09:56:13","modified_gmt":"2025-12-09T09:56:13","slug":"4-cprc-pedido-en-linea","status":"publish","type":"product","link":"https:\/\/chemgramx.com\/es\/product\/4-cprc-bestellung-online\/","title":{"rendered":"Comprar 4-CPrC online, m\u00e1xima calidad"},"content":{"rendered":"<h2>Descubra 4-CPrC: su fuente de excelencia en investigaci\u00f3n<\/h2>\n<p>Bienvenido a Chemgramx, su socio de confianza para compuestos qu\u00edmicos de alta calidad. Nos enorgullece presentar <b>4-CPrC<\/b>, una sustancia apreciada por su pureza y fiabilidad en aplicaciones de investigaci\u00f3n exigentes. Si <b>4-CPrC en venta<\/b> busca, est\u00e1 en el lugar adecuado. Le ofrecemos la posibilidad de adquirir esta conexi\u00f3n en l\u00ednea y as\u00ed impulsar sus proyectos cient\u00edficos.<\/p>\n<p>La adquisici\u00f3n de materiales de investigaci\u00f3n de la m\u00e1s alta calidad es fundamental para el \u00e9xito de cualquier estudio. Por eso, en Chemgramx damos mucha importancia a la calidad de nuestros productos. Nuestro <b>4-CPrC<\/b> Se fabrica bajo estrictos controles de calidad para garantizar que cumple con los exigentes est\u00e1ndares de los laboratorios de investigaci\u00f3n de todo el mundo. Con <b>4-CPrC de la mejor calidad<\/b> obtendr\u00e1 una conexi\u00f3n en la que puede confiar para obtener resultados reproducibles y precisos.<\/p>\n<h2>\u00bfPor qu\u00e9 elegir 4-CPrC de Chemgramx?<\/h2>\n<p>Elegir el proveedor adecuado es tan importante como la calidad de la sustancia en s\u00ed. Chemgramx se ha comprometido a proporcionar a los investigadores acceso a productos qu\u00edmicos de primera calidad. Nuestro compromiso con la excelencia significa que con nosotros obtendr\u00e1 el <b>mejor 4-CPrC<\/b> disponible en la actualidad. Entendemos los matices de la investigaci\u00f3n qu\u00edmica y nos esforzamos por proporcionarle materiales que superen sus expectativas.<\/p>\n<p>Adem\u00e1s, el proceso es, <b>4-CPrC para pedir online<\/b>, lo hemos dise\u00f1ado para que sea lo m\u00e1s sencillo y eficiente posible. Sabemos que su tiempo es valioso. Por eso hemos creado una plataforma f\u00e1cil de usar que le permite encontrar y pedir los productos qu\u00edmicos que necesita de forma r\u00e1pida y sencilla. Sus proyectos cient\u00edficos se merecen lo mejor, y nosotros estamos aqu\u00ed para ofrec\u00e9rselo.<\/p>\n<h2>La pureza y la calidad que usted espera<\/h2>\n<p>Nuestro compromiso con la calidad comienza ya en la selecci\u00f3n de las materias primas y se mantiene a lo largo de todo el proceso de fabricaci\u00f3n. Si usted <b>aut\u00e9ntico 4-CPrC<\/b> puede confiar en Chemgramx. Realizamos an\u00e1lisis exhaustivos para garantizar la identidad y pureza de cada lote. Esto garantiza que usted reciba un producto que sea \u00f3ptimo para los fines de investigaci\u00f3n previstos.<\/p>\n<p>La disponibilidad de <b>4-CPrC de alta pureza a la venta<\/b> es uno de los pilares fundamentales de nuestra oferta. Somos conscientes de que incluso las impurezas m\u00e1s insignificantes pueden influir considerablemente en los resultados de su investigaci\u00f3n. Por eso apostamos por las t\u00e9cnicas de s\u00edntesis y purificaci\u00f3n m\u00e1s modernas para garantizar que nuestro 4-CPrC alcance los m\u00e1s altos grados de pureza. Esto lo convierte en la opci\u00f3n ideal para procedimientos anal\u00edticos sensibles y configuraciones experimentales complejas.<\/p>\n<h2>Aplicaciones vers\u00e1tiles de 4-CPrC<\/h2>\n<p>El 4-CPrC es un compuesto qu\u00edmico que se utiliza en diversos campos de la investigaci\u00f3n cient\u00edfica. Sus propiedades espec\u00edficas lo convierten en una herramienta valiosa para qu\u00edmicos, bi\u00f3logos e ingenieros de materiales. La caracterizaci\u00f3n precisa y la alta pureza de nuestro producto permiten a los investigadores explorar toda la gama de sus posibles aplicaciones.<\/p>\n<p>Salvo que se indique lo contrario, nuestro <b>4-CPrC Calidad de investigaci\u00f3n a la venta<\/b> Destinado al uso en entornos de laboratorio controlados. Animamos a los investigadores a que consulten las publicaciones cient\u00edficas pertinentes para comprender las aplicaciones espec\u00edficas y los protocolos de manipulaci\u00f3n del 4-CPrC. El meticuloso cuidado en la fabricaci\u00f3n garantiza que usted reciba un producto listo para los descubrimientos cient\u00edficos.<\/p>\n<h3>Ampl\u00ede sus habilidades de investigaci\u00f3n<\/h3>\n<p>La posibilidad de, <b>Comprar 4-CPrC<\/b>, abre nuevas v\u00edas para la investigaci\u00f3n innovadora. Tanto si desea investigar nuevas v\u00edas de s\u00edntesis, analizar las propiedades de los materiales o comprender los procesos biol\u00f3gicos, es imprescindible disponer de productos qu\u00edmicos de investigaci\u00f3n fiables. Chemgramx se compromete a ayudarle en sus esfuerzos proporcion\u00e1ndole acceso a componentes qu\u00edmicos de la m\u00e1s alta calidad.<\/p>\n<p>Recuerde que la comunidad cient\u00edfica se basa en el intercambio de conocimientos y en el uso de materiales fiables. Si usted <b>4-CPrC de la m\u00e1s alta calidad<\/b> de un proveedor de confianza, reforzar\u00e1 la base de su propia investigaci\u00f3n y, al mismo tiempo, contribuir\u00e1 al progreso en su campo de especializaci\u00f3n. Le invitamos a explorar nuestra gama de productos y descubrir las ventajas de colaborar con un proveedor l\u00edder de productos qu\u00edmicos para investigaci\u00f3n.<\/p>\n<h3>Abastecimiento seguro y fiable<\/h3>\n<p>La adquisici\u00f3n de productos qu\u00edmicos especializados puede ser todo un reto. En Chemgramx nos hemos propuesto facilitarle al m\u00e1ximo este proceso. Si decide, <b>4-CPrC para pedir online<\/b>, puede confiar en un servicio que antepone el cuidado y la profesionalidad. Su satisfacci\u00f3n y el \u00e9xito de sus proyectos de investigaci\u00f3n son nuestra m\u00e1xima prioridad.<\/p>\n<p>Le ofrecemos una plataforma transparente y f\u00e1cil de usar para realizar su pedido. Desde una navegaci\u00f3n sencilla hasta una informaci\u00f3n clara sobre los productos, todo est\u00e1 dise\u00f1ado para ofrecerle una experiencia de compra positiva. Nuestra experiencia en el sector de los productos qu\u00edmicos le garantiza que siempre podr\u00e1 tomar decisiones bien informadas. Compre en Chemgramx y experimente la diferencia.<\/p>\n<h2>Calidad de laboratorio para la ciencia de precisi\u00f3n<\/h2>\n<p>Para aplicaciones que requieren la m\u00e1xima precisi\u00f3n, es <b>4-CPrC de calidad de laboratorio a la venta<\/b> La elecci\u00f3n obvia. Entendemos que la pureza y la consistencia son fundamentales cuando se trata de an\u00e1lisis cuantitativos, calibraciones o el desarrollo de nuevos m\u00e9todos anal\u00edticos. Por eso nos aseguramos de que nuestro 4-CPrC se someta a rigurosas pruebas para confirmar su idoneidad para los requisitos de laboratorio m\u00e1s exigentes.<\/p>\n<p>Si se decide por la <b>Adquisici\u00f3n de 4-CPrC<\/b> de Chemgramx, est\u00e1 invirtiendo en la fiabilidad y reproducibilidad de los resultados de sus experimentos. Nuestro compromiso con la calidad se refleja en cada mol\u00e9cula de nuestro producto. Conf\u00ede en Chemgramx para satisfacer las necesidades de su laboratorio y descubra c\u00f3mo una base qu\u00edmica adecuada puede llevar su investigaci\u00f3n a un nuevo nivel.<\/p>\n<h3>Descubra m\u00e1s productos qu\u00edmicos para investigaci\u00f3n<\/h3>\n<p>La gama Chemgramx incluye una amplia variedad de compuestos que son esenciales para diversos campos de investigaci\u00f3n. Considere la posibilidad de explorar nuestra oferta de productos qu\u00edmicos relacionados que podr\u00edan complementar sus proyectos actuales. Por ejemplo, el estudio de <b>Pellets Beta-K-2C-B<\/b> proporcionar nuevos conocimientos sobre estructuras qu\u00edmicas relacionadas y sus propiedades. Esta diversidad nos permite ser un socio integral para todas sus necesidades de investigaci\u00f3n qu\u00edmica.<\/p>\n<p>Adem\u00e1s, nos esforzamos constantemente por ampliar nuestra gama de productos para satisfacer las necesidades cambiantes de la comunidad cient\u00edfica. Le invitamos a visitar nuestra p\u00e1gina web con regularidad para mantenerse informado sobre los nuevos productos e innovaciones. El suministro de <b>productos qu\u00edmicos de investigaci\u00f3n de alta calidad<\/b> es nuestra principal preocupaci\u00f3n.<\/p>\n<h2>Su socio para el progreso cient\u00edfico<\/h2>\n<p>En Chemgramx somos m\u00e1s que un simple proveedor; somos un socio en su b\u00fasqueda cient\u00edfica. La posibilidad de, <b>Comprar 4-CPrC online<\/b>, es solo una parte de nuestra amplia oferta, cuyo objetivo es apoyar su investigaci\u00f3n. Creemos en el poder de la ciencia y nos enorgullece contribuir a los descubrimientos que dar\u00e1n forma al futuro.<\/p>\n<p>Elija Chemgramx para su adquisici\u00f3n de <b>4-CPrC<\/b> y benef\u00edciese de nuestra experiencia, nuestro compromiso con la calidad y nuestro enfoque orientado al cliente. Estaremos encantados de ayudarle en sus importantes trabajos de investigaci\u00f3n. Su \u00e9xito es nuestra motivaci\u00f3n.<\/p>","protected":false},"excerpt":{"rendered":"<p><b>4-CPrC<\/b> con la m\u00e1xima calidad de investigaci\u00f3n. Ideal para aplicaciones de laboratorio exigentes. Descubra lo mejor <b>4-CPrC<\/b>, que est\u00e1 disponible actualmente. <b>Pida 4-CPrC en l\u00ednea<\/b> en Chemgramx para un suministro seguro y fiable. Conf\u00ede en el aut\u00e9ntico 4-CPrC para sus proyectos cient\u00edficos.<\/p>","protected":false},"featured_media":8440,"comment_status":"open","ping_status":"closed","template":"","meta":{"_joinchat":[]},"product_brand":[],"product_cat":[48],"product_tag":[2466,2472,2471,2467,2473,2470,2468,2469,2474,2182],"class_list":{"0":"post-8396","1":"product","2":"type-product","3":"status-publish","4":"has-post-thumbnail","6":"product_cat-stimulants","7":"product_tag-4-cprc","8":"product_tag-4-cprc-chemikalien","9":"product_tag-4-cprc-forschung","10":"product_tag-4-cprc-kaufen","11":"product_tag-4-cprc-kaufen-online","12":"product_tag-4-cprc-kristalle","13":"product_tag-4-cprc-online","14":"product_tag-4-cprc-pulver","15":"product_tag-forschung-4-cprc","16":"product_tag-synthetische-chemikalien","18":"first","19":"instock","20":"shipping-taxable","21":"purchasable","22":"product-type-variable"},"yoast_head":"<!-- This site is optimized with the Yoast SEO plugin v27.5 - https:\/\/yoast.com\/product\/yoast-seo-wordpress\/ -->\n<title>4-CPrC Kaufen Online, Top Qualit\u00e4t<\/title>\n<meta name=\"description\" content=\"Entdecken Sie 4-CPrC in Top-Qualit\u00e4t. Bestellen Sie 4-CPrC online bei Chemgramx. Hochreine Forschungschemikalien f\u00fcr anspruchsvolle Anwendungen.\" \/>\n<meta name=\"robots\" content=\"index, follow, max-snippet:-1, max-image-preview:large, max-video-preview:-1\" \/>\n<link rel=\"canonical\" href=\"https:\/\/chemgramx.com\/es\/producto-1\/4-cprc-pedido-en-linea\/\" \/>\n<meta property=\"og:locale\" content=\"es_ES\" \/>\n<meta property=\"og:type\" content=\"article\" \/>\n<meta property=\"og:title\" content=\"4-CPrC Kaufen Online, Top Qualit\u00e4t\" \/>\n<meta property=\"og:description\" content=\"Entdecken Sie 4-CPrC in Top-Qualit\u00e4t. Bestellen Sie 4-CPrC online bei Chemgramx. Hochreine Forschungschemikalien f\u00fcr anspruchsvolle Anwendungen.\" \/>\n<meta property=\"og:url\" content=\"https:\/\/chemgramx.com\/es\/producto-1\/4-cprc-pedido-en-linea\/\" \/>\n<meta property=\"og:site_name\" content=\"Chemgramx\" \/>\n<meta property=\"article:modified_time\" content=\"2025-12-09T09:56:13+00:00\" \/>\n<meta property=\"og:image\" content=\"https:\/\/chemgramx.com\/wp-content\/uploads\/2025\/11\/4cprc.png\" \/>\n\t<meta property=\"og:image:width\" content=\"600\" \/>\n\t<meta property=\"og:image:height\" content=\"400\" \/>\n\t<meta property=\"og:image:type\" content=\"image\/png\" \/>\n<meta name=\"twitter:card\" content=\"summary_large_image\" \/>\n<meta name=\"twitter:label1\" content=\"Tiempo de lectura\" \/>\n\t<meta name=\"twitter:data1\" content=\"5 minutos\" \/>\n<script type=\"application\/ld+json\" class=\"yoast-schema-graph\">{\"@context\":\"https:\\\/\\\/schema.org\",\"@graph\":[{\"@type\":\"WebPage\",\"@id\":\"https:\\\/\\\/chemgramx.com\\\/product\\\/4-cprc-bestellung-online\\\/\",\"url\":\"https:\\\/\\\/chemgramx.com\\\/product\\\/4-cprc-bestellung-online\\\/\",\"name\":\"4-CPrC Kaufen Online, Top Qualit\u00e4t\",\"isPartOf\":{\"@id\":\"https:\\\/\\\/chemgramx.com\\\/#website\"},\"primaryImageOfPage\":{\"@id\":\"https:\\\/\\\/chemgramx.com\\\/product\\\/4-cprc-bestellung-online\\\/#primaryimage\"},\"image\":{\"@id\":\"https:\\\/\\\/chemgramx.com\\\/product\\\/4-cprc-bestellung-online\\\/#primaryimage\"},\"thumbnailUrl\":\"https:\\\/\\\/chemgramx.com\\\/wp-content\\\/uploads\\\/2025\\\/11\\\/4cprc.png\",\"datePublished\":\"2025-11-21T18:18:30+00:00\",\"dateModified\":\"2025-12-09T09:56:13+00:00\",\"description\":\"Entdecken Sie 4-CPrC in Top-Qualit\u00e4t. Bestellen Sie 4-CPrC online bei Chemgramx. Hochreine Forschungschemikalien f\u00fcr anspruchsvolle Anwendungen.\",\"breadcrumb\":{\"@id\":\"https:\\\/\\\/chemgramx.com\\\/product\\\/4-cprc-bestellung-online\\\/#breadcrumb\"},\"inLanguage\":\"es\",\"potentialAction\":[{\"@type\":\"ReadAction\",\"target\":[\"https:\\\/\\\/chemgramx.com\\\/product\\\/4-cprc-bestellung-online\\\/\"]}]},{\"@type\":\"ImageObject\",\"inLanguage\":\"es\",\"@id\":\"https:\\\/\\\/chemgramx.com\\\/product\\\/4-cprc-bestellung-online\\\/#primaryimage\",\"url\":\"https:\\\/\\\/chemgramx.com\\\/wp-content\\\/uploads\\\/2025\\\/11\\\/4cprc.png\",\"contentUrl\":\"https:\\\/\\\/chemgramx.com\\\/wp-content\\\/uploads\\\/2025\\\/11\\\/4cprc.png\",\"width\":600,\"height\":400},{\"@type\":\"BreadcrumbList\",\"@id\":\"https:\\\/\\\/chemgramx.com\\\/product\\\/4-cprc-bestellung-online\\\/#breadcrumb\",\"itemListElement\":[{\"@type\":\"ListItem\",\"position\":1,\"name\":\"Home\",\"item\":\"https:\\\/\\\/chemgramx.com\\\/\"},{\"@type\":\"ListItem\",\"position\":2,\"name\":\"Shop\",\"item\":\"https:\\\/\\\/chemgramx.com\\\/shop\\\/\"},{\"@type\":\"ListItem\",\"position\":3,\"name\":\"4-CPrC Kaufen Online, Top Qualit\u00e4t\"}]},{\"@type\":\"WebSite\",\"@id\":\"https:\\\/\\\/chemgramx.com\\\/#website\",\"url\":\"https:\\\/\\\/chemgramx.com\\\/\",\"name\":\"Chemgramx\",\"description\":\"\",\"publisher\":{\"@id\":\"https:\\\/\\\/chemgramx.com\\\/#organization\"},\"potentialAction\":[{\"@type\":\"SearchAction\",\"target\":{\"@type\":\"EntryPoint\",\"urlTemplate\":\"https:\\\/\\\/chemgramx.com\\\/?s={search_term_string}\"},\"query-input\":{\"@type\":\"PropertyValueSpecification\",\"valueRequired\":true,\"valueName\":\"search_term_string\"}}],\"inLanguage\":\"es\"},{\"@type\":\"Organization\",\"@id\":\"https:\\\/\\\/chemgramx.com\\\/#organization\",\"name\":\"Chemgramx\",\"url\":\"https:\\\/\\\/chemgramx.com\\\/\",\"logo\":{\"@type\":\"ImageObject\",\"inLanguage\":\"es\",\"@id\":\"https:\\\/\\\/chemgramx.com\\\/#\\\/schema\\\/logo\\\/image\\\/\",\"url\":\"https:\\\/\\\/chemgramx.com\\\/wp-content\\\/uploads\\\/2024\\\/10\\\/final-logo.png\",\"contentUrl\":\"https:\\\/\\\/chemgramx.com\\\/wp-content\\\/uploads\\\/2024\\\/10\\\/final-logo.png\",\"width\":250,\"height\":48,\"caption\":\"Chemgramx\"},\"image\":{\"@id\":\"https:\\\/\\\/chemgramx.com\\\/#\\\/schema\\\/logo\\\/image\\\/\"}}]}<\/script>\n<!-- \/ Yoast SEO plugin. -->","yoast_head_json":{"title":"Comprar 4-CPrC online, m\u00e1xima calidad","description":"Descubra el 4-CPrC de la mejor calidad. Pida 4-CPrC online en Chemgramx. Productos qu\u00edmicos de alta pureza para aplicaciones exigentes.","robots":{"index":"index","follow":"follow","max-snippet":"max-snippet:-1","max-image-preview":"max-image-preview:large","max-video-preview":"max-video-preview:-1"},"canonical":"https:\/\/chemgramx.com\/es\/producto-1\/4-cprc-pedido-en-linea\/","og_locale":"es_ES","og_type":"article","og_title":"4-CPrC Kaufen Online, Top Qualit\u00e4t","og_description":"Entdecken Sie 4-CPrC in Top-Qualit\u00e4t. Bestellen Sie 4-CPrC online bei Chemgramx. Hochreine Forschungschemikalien f\u00fcr anspruchsvolle Anwendungen.","og_url":"https:\/\/chemgramx.com\/es\/producto-1\/4-cprc-pedido-en-linea\/","og_site_name":"Chemgramx","article_modified_time":"2025-12-09T09:56:13+00:00","og_image":[{"width":600,"height":400,"url":"https:\/\/chemgramx.com\/wp-content\/uploads\/2025\/11\/4cprc.png","type":"image\/png"}],"twitter_card":"summary_large_image","twitter_misc":{"Tiempo de lectura":"5 minutos"},"schema":{"@context":"https:\/\/schema.org","@graph":[{"@type":"WebPage","@id":"https:\/\/chemgramx.com\/product\/4-cprc-bestellung-online\/","url":"https:\/\/chemgramx.com\/product\/4-cprc-bestellung-online\/","name":"Comprar 4-CPrC online, m\u00e1xima calidad","isPartOf":{"@id":"https:\/\/chemgramx.com\/#website"},"primaryImageOfPage":{"@id":"https:\/\/chemgramx.com\/product\/4-cprc-bestellung-online\/#primaryimage"},"image":{"@id":"https:\/\/chemgramx.com\/product\/4-cprc-bestellung-online\/#primaryimage"},"thumbnailUrl":"https:\/\/chemgramx.com\/wp-content\/uploads\/2025\/11\/4cprc.png","datePublished":"2025-11-21T18:18:30+00:00","dateModified":"2025-12-09T09:56:13+00:00","description":"Descubra el 4-CPrC de la mejor calidad. Pida 4-CPrC online en Chemgramx. Productos qu\u00edmicos de alta pureza para aplicaciones exigentes.","breadcrumb":{"@id":"https:\/\/chemgramx.com\/product\/4-cprc-bestellung-online\/#breadcrumb"},"inLanguage":"es","potentialAction":[{"@type":"ReadAction","target":["https:\/\/chemgramx.com\/product\/4-cprc-bestellung-online\/"]}]},{"@type":"ImageObject","inLanguage":"es","@id":"https:\/\/chemgramx.com\/product\/4-cprc-bestellung-online\/#primaryimage","url":"https:\/\/chemgramx.com\/wp-content\/uploads\/2025\/11\/4cprc.png","contentUrl":"https:\/\/chemgramx.com\/wp-content\/uploads\/2025\/11\/4cprc.png","width":600,"height":400},{"@type":"BreadcrumbList","@id":"https:\/\/chemgramx.com\/product\/4-cprc-bestellung-online\/#breadcrumb","itemListElement":[{"@type":"ListItem","position":1,"name":"Home","item":"https:\/\/chemgramx.com\/"},{"@type":"ListItem","position":2,"name":"Shop","item":"https:\/\/chemgramx.com\/shop\/"},{"@type":"ListItem","position":3,"name":"4-CPrC Kaufen Online, Top Qualit\u00e4t"}]},{"@type":"WebSite","@id":"https:\/\/chemgramx.com\/#website","url":"https:\/\/chemgramx.com\/","name":"Chemgramx","description":"","publisher":{"@id":"https:\/\/chemgramx.com\/#organization"},"potentialAction":[{"@type":"SearchAction","target":{"@type":"EntryPoint","urlTemplate":"https:\/\/chemgramx.com\/?s={search_term_string}"},"query-input":{"@type":"PropertyValueSpecification","valueRequired":true,"valueName":"search_term_string"}}],"inLanguage":"es"},{"@type":"Organization","@id":"https:\/\/chemgramx.com\/#organization","name":"Chemgramx","url":"https:\/\/chemgramx.com\/","logo":{"@type":"ImageObject","inLanguage":"es","@id":"https:\/\/chemgramx.com\/#\/schema\/logo\/image\/","url":"https:\/\/chemgramx.com\/wp-content\/uploads\/2024\/10\/final-logo.png","contentUrl":"https:\/\/chemgramx.com\/wp-content\/uploads\/2024\/10\/final-logo.png","width":250,"height":48,"caption":"Chemgramx"},"image":{"@id":"https:\/\/chemgramx.com\/#\/schema\/logo\/image\/"}}]}},"_links":{"self":[{"href":"https:\/\/chemgramx.com\/es\/wp-json\/wp\/v2\/product\/8396","targetHints":{"allow":["GET"]}}],"collection":[{"href":"https:\/\/chemgramx.com\/es\/wp-json\/wp\/v2\/product"}],"about":[{"href":"https:\/\/chemgramx.com\/es\/wp-json\/wp\/v2\/types\/product"}],"replies":[{"embeddable":true,"href":"https:\/\/chemgramx.com\/es\/wp-json\/wp\/v2\/comments?post=8396"}],"wp:featuredmedia":[{"embeddable":true,"href":"https:\/\/chemgramx.com\/es\/wp-json\/wp\/v2\/media\/8440"}],"wp:attachment":[{"href":"https:\/\/chemgramx.com\/es\/wp-json\/wp\/v2\/media?parent=8396"}],"wp:term":[{"taxonomy":"product_brand","embeddable":true,"href":"https:\/\/chemgramx.com\/es\/wp-json\/wp\/v2\/product_brand?post=8396"},{"taxonomy":"product_cat","embeddable":true,"href":"https:\/\/chemgramx.com\/es\/wp-json\/wp\/v2\/product_cat?post=8396"},{"taxonomy":"product_tag","embeddable":true,"href":"https:\/\/chemgramx.com\/es\/wp-json\/wp\/v2\/product_tag?post=8396"}],"curies":[{"name":"wp","href":"https:\/\/api.w.org\/{rel}","templated":true}]}}