{"id":8398,"date":"2025-11-21T18:18:31","date_gmt":"2025-11-21T18:18:31","guid":{"rendered":"https:\/\/chemgramx.com\/?post_type=product&#038;p=8398"},"modified":"2025-12-09T09:54:35","modified_gmt":"2025-12-09T09:54:35","slug":"4-mec-pedido-en-linea","status":"publish","type":"product","link":"https:\/\/chemgramx.com\/es\/product\/4-mec-online-bestellung\/","title":{"rendered":"Comprar 4-MEC \u2013 Pureza alta"},"content":{"rendered":"<p>Descubra la excepcional pureza y calidad de 4-MEC, un producto de investigaci\u00f3n qu\u00edmica desarrollado espec\u00edficamente para aplicaciones cient\u00edficas exigentes. Si busca una fuente fiable para su pr\u00f3ximo proyecto, ha llegado al lugar adecuado. Le ofrecemos <b>4-MEC en venta<\/b>, que cumple las normas m\u00e1s estrictas de la industria. Este producto se caracteriza por una consistencia y pureza notables, lo que lo convierte en la opci\u00f3n ideal para laboratorios e instalaciones de investigaci\u00f3n que necesitan obtener resultados precisos.<\/p>\n<h2>\u00bfQu\u00e9 es 4-MEC?<\/h2>\n<p>La 4-MEC, tambi\u00e9n conocida como 4-metiletilcatinona, es un compuesto qu\u00edmico que pertenece a la clase de las catinonas. Est\u00e1 estructuralmente relacionado con otras sustancias estudiadas en la investigaci\u00f3n farmac\u00e9utica y qu\u00edmica. Su estructura molecular \u00fanica la convierte en una herramienta interesante para diversas disciplinas cient\u00edficas, especialmente en \u00e1reas relacionadas con las interacciones de los receptores y los procesos bioqu\u00edmicos. La disponibilidad de <b>venta de 4-MEC de gran pureza<\/b> es crucial para la reproducibilidad y fiabilidad de los resultados de la investigaci\u00f3n.<\/p>\n<h3>Propiedades qu\u00edmicas y especificaciones<\/h3>\n<p>Nuestra 4-MEC se produce en condiciones estrictamente controladas para garantizar la m\u00e1xima pureza. Esto significa que usted recibe un producto libre de impurezas no deseadas. Por lo tanto, es el <b>la mejor calidad 4-MEC disponible<\/b>. Las especificaciones detalladas incluyen:<\/p>\n<ul>\n<li><b>Pureza:<\/b> Normalmente mediante 99% (dependiendo del lote, analizado por HPLC y GC-MS)<\/li>\n<li><b>Molde:<\/b> Polvo o cristales (var\u00eda seg\u00fan el lote y el procesado)<\/li>\n<li><b>Solubilidad:<\/b> Muy soluble en disolventes org\u00e1nicos comunes<\/li>\n<li><b>Almacenamiento:<\/b> Conservar en un lugar fresco, seco y oscuro para mantener la estabilidad<\/li>\n<\/ul>\n<p>Una manipulaci\u00f3n y un tratamiento cuidadosos garantizan <b>aut\u00e9ntico 4-MEC<\/b> optimizado para sus fines de investigaci\u00f3n. Si usted <b>Pedir 4-MEC en l\u00ednea<\/b> Chemgramx es su primera escala de calidad y confianza.<\/p>\n<h2>\u00bfPor qu\u00e9 elegir 4-MEC de alta calidad?<\/h2>\n<p>En el mundo de la investigaci\u00f3n qu\u00edmica, la calidad de los materiales de partida es de vital importancia. Una menor pureza puede dar lugar a resultados poco fiables, falsos positivos o negativos y, en \u00faltima instancia, a un retraso o incluso al fracaso de los proyectos de investigaci\u00f3n. Por eso, en Chemgramx nos comprometemos a proporcionar <b>M\u00e1xima calidad 4-MEC<\/b>. Entendemos que su trabajo es crucial y nos esforzamos por proporcionarle las herramientas que necesita para triunfar.<\/p>\n<p>Nuestro compromiso con la calidad comienza con el abastecimiento de materias primas y se extiende a lo largo de todo el proceso de fabricaci\u00f3n. Cada lote se somete a rigurosas pruebas para garantizar que cumple nuestras estrictas normas de pureza y especificaci\u00f3n. Al elegir nuestros <b>4-MEC en venta<\/b> apuesta por la fiabilidad y la precisi\u00f3n. Esto es especialmente importante cuando se trabaja con sustancias destinadas a an\u00e1lisis sensibles o s\u00edntesis complejas.<\/p>\n<h3>\u00c1mbitos de aplicaci\u00f3n en la investigaci\u00f3n<\/h3>\n<p>La 4-MEC se utiliza en diversas \u00e1reas de investigaci\u00f3n. Sus propiedades estructurales la convierten en una mol\u00e9cula interesante para:<\/p>\n<ul>\n<li><b>Estudios farmacol\u00f3gicos:<\/b> Investigaci\u00f3n de las interacciones con diferentes sistemas receptores del sistema nervioso central.<\/li>\n<li><b>Investigaci\u00f3n neuroqu\u00edmica:<\/b> An\u00e1lisis de los transportadores de neurotransmisores y los procesos de liberaci\u00f3n.<\/li>\n<li><b>Qu\u00edmica sint\u00e9tica:<\/b> Como componente b\u00e1sico para el desarrollo de nuevos compuestos qu\u00edmicos.<\/li>\n<li><b>Qu\u00edmica anal\u00edtica:<\/b> Desarrollo y validaci\u00f3n de m\u00e9todos de detecci\u00f3n.<\/li>\n<\/ul>\n<p>La disponibilidad de <b>Productos qu\u00edmicos de investigaci\u00f3n de alta calidad<\/b> es esencial para el desarrollo de estos campos. Por eso, en Chemgramx concedemos gran importancia a ofrecer \u00fanicamente productos que cumplan nuestras estrictas normas. Si usted <b>Pedir 4-MEC en l\u00ednea<\/b> puede confiar en la calidad y coherencia que necesita para su investigaci\u00f3n.<\/p>\n<h2>El proceso de contrataci\u00f3n: seguridad y eficacia<\/h2>\n<p>Sabemos que el abastecimiento de productos qu\u00edmicos de investigaci\u00f3n requiere confianza y fiabilidad. Nuestro proceso de pedido est\u00e1 dise\u00f1ado para ofrecerle una experiencia fluida y segura. Cuando usted decida, <b>Pedir 4-MEC en l\u00ednea<\/b>, su pedido se somete a un cuidadoso procedimiento de tramitaci\u00f3n. Nos aseguramos de que todos los productos se manipulen de forma segura. Esto garantiza la integridad de la sustancia hasta que est\u00e9 lista para su trabajo.<\/p>\n<p>Tambi\u00e9n nos esforzamos por ofrecerle un servicio transparente y eficaz. Nuestra plataforma est\u00e1 dise\u00f1ada para ser f\u00e1cil de usar, de modo que pueda encontrar lo que busca de forma r\u00e1pida y sencilla. Si tiene necesidades espec\u00edficas o preguntas sobre nuestros productos, nuestro equipo de atenci\u00f3n al cliente estar\u00e1 encantado de ayudarle. La oportunidad, <b>comprar 4-MEC de alta calidad<\/b>, nunca ha sido tan sencillo y accesible.<\/p>\n<h3>Comparaci\u00f3n con conexiones similares<\/h3>\n<p>Para comprender plenamente la importancia de la 4-MEC en la investigaci\u00f3n, resulta \u00fatil compararla con compuestos similares. Aunque muchas catinonas tienen similitudes estructurales, difieren en propiedades qu\u00edmicas y farmacol\u00f3gicas sutiles pero importantes. Estas diferencias pueden tener implicaciones significativas para su actividad biol\u00f3gica y su idoneidad para cuestiones de investigaci\u00f3n espec\u00edficas. Por lo tanto, es importante <b>la conexi\u00f3n 4-MEC m\u00e1s adecuada para su aplicaci\u00f3n espec\u00edfica<\/b> para elegir.<\/p>\n<p>Nuestra <b>4-MEC en venta<\/b> ha sido cuidadosamente caracterizado para garantizar que cumple las especificaciones requeridas para fines de investigaci\u00f3n. Tambi\u00e9n ofrecemos otros compuestos relacionados, como el clorhidrato de metillescalina, que tambi\u00e9n puede encontrar aqu\u00ed. Esto permite a los investigadores comparar y estudiar una amplia gama de sustancias. La disponibilidad de este tipo de sustancias qu\u00edmicas es crucial para la investigaci\u00f3n b\u00e1sica en diversas disciplinas cient\u00edficas.<\/p>\n<h2>Control de calidad y certificados de an\u00e1lisis<\/h2>\n<p>En Chemgramx, la calidad es nuestra m\u00e1xima prioridad. Realizamos estrictos controles de calidad en cada lote de nuestro 4-MEC. Para ello utilizamos t\u00e9cnicas anal\u00edticas avanzadas como la cromatograf\u00eda l\u00edquida de alta resoluci\u00f3n (HPLC) y la cromatograf\u00eda de gases-espectrometr\u00eda de masas (GC-MS). Estos m\u00e9todos proporcionan datos precisos sobre la pureza y la identidad del compuesto.<\/p>\n<p>Estamos orgullosos de poder ofrecerle <b>4-MEC en calidad de laboratorio a la venta<\/b> para poder ofrecer la m\u00e1xima calidad. Esto significa que los productos cumplen los estrictos requisitos para su uso en laboratorios cient\u00edficos. Si se solicita, se pueden facilitar certificados de an\u00e1lisis (CoA) con informaci\u00f3n detallada sobre el lote espec\u00edfico, incluida la pureza, las pruebas de identificaci\u00f3n y otros par\u00e1metros relevantes. Ello pone de relieve nuestro compromiso con la transparencia y la garant\u00eda de calidad. Si desea <b>aut\u00e9ntico 4-MEC<\/b> somos su fuente de confianza.<\/p>\n<h3>Manipulaci\u00f3n segura y responsable<\/h3>\n<p>La manipulaci\u00f3n segura de sustancias qu\u00edmicas es una piedra angular de nuestro negocio. Recomendamos a todos nuestros clientes que sigan los protocolos de seguridad adecuados cuando trabajen con 4-MEC u otros productos qu\u00edmicos de investigaci\u00f3n. Esto incluye el uso de equipos de protecci\u00f3n individual (EPI) adecuados, como guantes y gafas, y trabajar en zonas bien ventiladas o bajo una campana extractora.<\/p>\n<p>Adem\u00e1s, nos gustar\u00eda subrayar que nuestros productos est\u00e1n destinados \u00fanicamente a fines de investigaci\u00f3n. No est\u00e1n destinados a uso humano ni veterinario. El almacenamiento y la manipulaci\u00f3n adecuados son fundamentales para garantizar la integridad y seguridad del producto. Si usted <b>Pedir 4-MEC en l\u00ednea<\/b>, Como cliente, usted tambi\u00e9n es responsable del uso seguro y adecuado de nuestros productos. Somos su socio para <b>4-MEC de alta calidad<\/b>.<\/p>\n<h2>Chemgramx: su socio para productos qu\u00edmicos de investigaci\u00f3n<\/h2>\n<p>En Chemgramx, nos comprometemos a proporcionar productos qu\u00edmicos de investigaci\u00f3n de primera clase a la comunidad cient\u00edfica. Entendemos los retos a los que se enfrentan los investigadores y nos esforzamos por hacerlos m\u00e1s f\u00e1ciles proporcionando productos fiables y de alta pureza. Si desea <b>4-MEC en venta<\/b> Chemgramx ofrece una opci\u00f3n fiable y c\u00f3moda.<\/p>\n<p>Nuestro objetivo es establecer relaciones a largo plazo con nuestros clientes basadas en la confianza, la calidad y un servicio excelente. Actualizamos constantemente nuestra oferta de productos y mejoramos nuestros procesos para garantizar que podemos satisfacer las necesidades cambiantes de la comunidad investigadora. El\u00edjanos cuando necesite <b>La mejor opci\u00f3n 4-MEC del mercado<\/b> b\u00fasqueda. Le damos acceso a <b>Productos qu\u00edmicos de investigaci\u00f3n de la m\u00e1xima calidad<\/b>.<\/p>\n<p>Siempre nos esforzamos por ofrecerle la mejor experiencia de compra posible, desde la facilidad de navegaci\u00f3n por nuestro sitio web hasta la tramitaci\u00f3n r\u00e1pida y eficaz de su consulta. Su satisfacci\u00f3n y el \u00e9xito de sus proyectos de investigaci\u00f3n son nuestra m\u00e1xima prioridad. Explore la gama y descubra por qu\u00e9 Chemgramx es la opci\u00f3n preferida de muchos investigadores cuando se trata de <b>aut\u00e9ntico 4-MEC<\/b> y otros productos qu\u00edmicos especializados.<\/p>","protected":false},"excerpt":{"rendered":"<p>4-MEC de gran pureza, ideal para aplicaciones de investigaci\u00f3n exigentes. Proporciona una consistencia y fiabilidad excepcionales. <b>M\u00e1xima calidad 4-MEC<\/b> para obtener resultados precisos. <b>Pedir 4-MEC en l\u00ednea<\/b> en Chemgramx para sus necesidades cient\u00edficas.<\/p>","protected":false},"featured_media":8443,"comment_status":"open","ping_status":"closed","template":"","meta":{"_joinchat":[]},"product_brand":[],"product_cat":[48],"product_tag":[2451,2454,1602,1595,2455,2453,1597,2452,2456,2182],"class_list":{"0":"post-8398","1":"product","2":"type-product","3":"status-publish","4":"has-post-thumbnail","6":"product_cat-stimulants","7":"product_tag-4-mec","8":"product_tag-4-mec-chemikalien","9":"product_tag-4-mec-forschung","10":"product_tag-4-mec-kaufen","11":"product_tag-4-mec-kaufen-online","12":"product_tag-4-mec-kristalle","13":"product_tag-4-mec-online","14":"product_tag-4-mec-pulver","15":"product_tag-forschung-4-mec","16":"product_tag-synthetische-chemikalien","18":"first","19":"instock","20":"shipping-taxable","21":"purchasable","22":"product-type-variable"},"yoast_head":"<!-- This site is optimized with the Yoast SEO plugin v27.5 - https:\/\/yoast.com\/product\/yoast-seo-wordpress\/ -->\n<title>4-MEC Kaufen - Reinheit Hoch<\/title>\n<meta name=\"description\" content=\"Entdecken Sie 4-MEC zum Kauf. H\u00f6chste Reinheit f\u00fcr Ihre Forschungsprojekte. Bestellen Sie jetzt online. Sichere Abwicklung und Top-Qualit\u00e4t.\" \/>\n<meta name=\"robots\" content=\"index, follow, max-snippet:-1, max-image-preview:large, max-video-preview:-1\" \/>\n<link rel=\"canonical\" href=\"https:\/\/chemgramx.com\/es\/producto-1\/4-mec-pedido-en-linea\/\" \/>\n<meta property=\"og:locale\" content=\"es_ES\" \/>\n<meta property=\"og:type\" content=\"article\" \/>\n<meta property=\"og:title\" content=\"4-MEC Kaufen - Reinheit Hoch\" \/>\n<meta property=\"og:description\" content=\"Entdecken Sie 4-MEC zum Kauf. H\u00f6chste Reinheit f\u00fcr Ihre Forschungsprojekte. Bestellen Sie jetzt online. Sichere Abwicklung und Top-Qualit\u00e4t.\" \/>\n<meta property=\"og:url\" content=\"https:\/\/chemgramx.com\/es\/producto-1\/4-mec-pedido-en-linea\/\" \/>\n<meta property=\"og:site_name\" content=\"Chemgramx\" \/>\n<meta property=\"article:modified_time\" content=\"2025-12-09T09:54:35+00:00\" \/>\n<meta property=\"og:image\" content=\"https:\/\/chemgramx.com\/wp-content\/uploads\/2025\/11\/4mec.png\" \/>\n\t<meta property=\"og:image:width\" content=\"600\" \/>\n\t<meta property=\"og:image:height\" content=\"400\" \/>\n\t<meta property=\"og:image:type\" content=\"image\/png\" \/>\n<meta name=\"twitter:card\" content=\"summary_large_image\" \/>\n<meta name=\"twitter:label1\" content=\"Tiempo de lectura\" \/>\n\t<meta name=\"twitter:data1\" content=\"5 minutos\" \/>\n<script type=\"application\/ld+json\" class=\"yoast-schema-graph\">{\"@context\":\"https:\\\/\\\/schema.org\",\"@graph\":[{\"@type\":\"WebPage\",\"@id\":\"https:\\\/\\\/chemgramx.com\\\/product\\\/4-mec-online-bestellung\\\/\",\"url\":\"https:\\\/\\\/chemgramx.com\\\/product\\\/4-mec-online-bestellung\\\/\",\"name\":\"4-MEC Kaufen - Reinheit Hoch\",\"isPartOf\":{\"@id\":\"https:\\\/\\\/chemgramx.com\\\/#website\"},\"primaryImageOfPage\":{\"@id\":\"https:\\\/\\\/chemgramx.com\\\/product\\\/4-mec-online-bestellung\\\/#primaryimage\"},\"image\":{\"@id\":\"https:\\\/\\\/chemgramx.com\\\/product\\\/4-mec-online-bestellung\\\/#primaryimage\"},\"thumbnailUrl\":\"https:\\\/\\\/chemgramx.com\\\/wp-content\\\/uploads\\\/2025\\\/11\\\/4mec.png\",\"datePublished\":\"2025-11-21T18:18:31+00:00\",\"dateModified\":\"2025-12-09T09:54:35+00:00\",\"description\":\"Entdecken Sie 4-MEC zum Kauf. H\u00f6chste Reinheit f\u00fcr Ihre Forschungsprojekte. Bestellen Sie jetzt online. Sichere Abwicklung und Top-Qualit\u00e4t.\",\"breadcrumb\":{\"@id\":\"https:\\\/\\\/chemgramx.com\\\/product\\\/4-mec-online-bestellung\\\/#breadcrumb\"},\"inLanguage\":\"es\",\"potentialAction\":[{\"@type\":\"ReadAction\",\"target\":[\"https:\\\/\\\/chemgramx.com\\\/product\\\/4-mec-online-bestellung\\\/\"]}]},{\"@type\":\"ImageObject\",\"inLanguage\":\"es\",\"@id\":\"https:\\\/\\\/chemgramx.com\\\/product\\\/4-mec-online-bestellung\\\/#primaryimage\",\"url\":\"https:\\\/\\\/chemgramx.com\\\/wp-content\\\/uploads\\\/2025\\\/11\\\/4mec.png\",\"contentUrl\":\"https:\\\/\\\/chemgramx.com\\\/wp-content\\\/uploads\\\/2025\\\/11\\\/4mec.png\",\"width\":600,\"height\":400},{\"@type\":\"BreadcrumbList\",\"@id\":\"https:\\\/\\\/chemgramx.com\\\/product\\\/4-mec-online-bestellung\\\/#breadcrumb\",\"itemListElement\":[{\"@type\":\"ListItem\",\"position\":1,\"name\":\"Home\",\"item\":\"https:\\\/\\\/chemgramx.com\\\/\"},{\"@type\":\"ListItem\",\"position\":2,\"name\":\"Shop\",\"item\":\"https:\\\/\\\/chemgramx.com\\\/shop\\\/\"},{\"@type\":\"ListItem\",\"position\":3,\"name\":\"4-MEC Kaufen &#8211; Reinheit Hoch\"}]},{\"@type\":\"WebSite\",\"@id\":\"https:\\\/\\\/chemgramx.com\\\/#website\",\"url\":\"https:\\\/\\\/chemgramx.com\\\/\",\"name\":\"Chemgramx\",\"description\":\"\",\"publisher\":{\"@id\":\"https:\\\/\\\/chemgramx.com\\\/#organization\"},\"potentialAction\":[{\"@type\":\"SearchAction\",\"target\":{\"@type\":\"EntryPoint\",\"urlTemplate\":\"https:\\\/\\\/chemgramx.com\\\/?s={search_term_string}\"},\"query-input\":{\"@type\":\"PropertyValueSpecification\",\"valueRequired\":true,\"valueName\":\"search_term_string\"}}],\"inLanguage\":\"es\"},{\"@type\":\"Organization\",\"@id\":\"https:\\\/\\\/chemgramx.com\\\/#organization\",\"name\":\"Chemgramx\",\"url\":\"https:\\\/\\\/chemgramx.com\\\/\",\"logo\":{\"@type\":\"ImageObject\",\"inLanguage\":\"es\",\"@id\":\"https:\\\/\\\/chemgramx.com\\\/#\\\/schema\\\/logo\\\/image\\\/\",\"url\":\"https:\\\/\\\/chemgramx.com\\\/wp-content\\\/uploads\\\/2024\\\/10\\\/final-logo.png\",\"contentUrl\":\"https:\\\/\\\/chemgramx.com\\\/wp-content\\\/uploads\\\/2024\\\/10\\\/final-logo.png\",\"width\":250,\"height\":48,\"caption\":\"Chemgramx\"},\"image\":{\"@id\":\"https:\\\/\\\/chemgramx.com\\\/#\\\/schema\\\/logo\\\/image\\\/\"}}]}<\/script>\n<!-- \/ Yoast SEO plugin. -->","yoast_head_json":{"title":"Comprar 4-MEC - Pureza alta","description":"Descubra 4-MEC en venta. M\u00e1xima pureza para sus proyectos de investigaci\u00f3n. Haga su pedido en l\u00ednea. Procesamiento seguro y m\u00e1xima calidad.","robots":{"index":"index","follow":"follow","max-snippet":"max-snippet:-1","max-image-preview":"max-image-preview:large","max-video-preview":"max-video-preview:-1"},"canonical":"https:\/\/chemgramx.com\/es\/producto-1\/4-mec-pedido-en-linea\/","og_locale":"es_ES","og_type":"article","og_title":"4-MEC Kaufen - Reinheit Hoch","og_description":"Entdecken Sie 4-MEC zum Kauf. H\u00f6chste Reinheit f\u00fcr Ihre Forschungsprojekte. Bestellen Sie jetzt online. Sichere Abwicklung und Top-Qualit\u00e4t.","og_url":"https:\/\/chemgramx.com\/es\/producto-1\/4-mec-pedido-en-linea\/","og_site_name":"Chemgramx","article_modified_time":"2025-12-09T09:54:35+00:00","og_image":[{"width":600,"height":400,"url":"https:\/\/chemgramx.com\/wp-content\/uploads\/2025\/11\/4mec.png","type":"image\/png"}],"twitter_card":"summary_large_image","twitter_misc":{"Tiempo de lectura":"5 minutos"},"schema":{"@context":"https:\/\/schema.org","@graph":[{"@type":"WebPage","@id":"https:\/\/chemgramx.com\/product\/4-mec-online-bestellung\/","url":"https:\/\/chemgramx.com\/product\/4-mec-online-bestellung\/","name":"Comprar 4-MEC - Pureza alta","isPartOf":{"@id":"https:\/\/chemgramx.com\/#website"},"primaryImageOfPage":{"@id":"https:\/\/chemgramx.com\/product\/4-mec-online-bestellung\/#primaryimage"},"image":{"@id":"https:\/\/chemgramx.com\/product\/4-mec-online-bestellung\/#primaryimage"},"thumbnailUrl":"https:\/\/chemgramx.com\/wp-content\/uploads\/2025\/11\/4mec.png","datePublished":"2025-11-21T18:18:31+00:00","dateModified":"2025-12-09T09:54:35+00:00","description":"Descubra 4-MEC en venta. M\u00e1xima pureza para sus proyectos de investigaci\u00f3n. Haga su pedido en l\u00ednea. Procesamiento seguro y m\u00e1xima calidad.","breadcrumb":{"@id":"https:\/\/chemgramx.com\/product\/4-mec-online-bestellung\/#breadcrumb"},"inLanguage":"es","potentialAction":[{"@type":"ReadAction","target":["https:\/\/chemgramx.com\/product\/4-mec-online-bestellung\/"]}]},{"@type":"ImageObject","inLanguage":"es","@id":"https:\/\/chemgramx.com\/product\/4-mec-online-bestellung\/#primaryimage","url":"https:\/\/chemgramx.com\/wp-content\/uploads\/2025\/11\/4mec.png","contentUrl":"https:\/\/chemgramx.com\/wp-content\/uploads\/2025\/11\/4mec.png","width":600,"height":400},{"@type":"BreadcrumbList","@id":"https:\/\/chemgramx.com\/product\/4-mec-online-bestellung\/#breadcrumb","itemListElement":[{"@type":"ListItem","position":1,"name":"Home","item":"https:\/\/chemgramx.com\/"},{"@type":"ListItem","position":2,"name":"Shop","item":"https:\/\/chemgramx.com\/shop\/"},{"@type":"ListItem","position":3,"name":"4-MEC Kaufen &#8211; Reinheit Hoch"}]},{"@type":"WebSite","@id":"https:\/\/chemgramx.com\/#website","url":"https:\/\/chemgramx.com\/","name":"Chemgramx","description":"","publisher":{"@id":"https:\/\/chemgramx.com\/#organization"},"potentialAction":[{"@type":"SearchAction","target":{"@type":"EntryPoint","urlTemplate":"https:\/\/chemgramx.com\/?s={search_term_string}"},"query-input":{"@type":"PropertyValueSpecification","valueRequired":true,"valueName":"search_term_string"}}],"inLanguage":"es"},{"@type":"Organization","@id":"https:\/\/chemgramx.com\/#organization","name":"Chemgramx","url":"https:\/\/chemgramx.com\/","logo":{"@type":"ImageObject","inLanguage":"es","@id":"https:\/\/chemgramx.com\/#\/schema\/logo\/image\/","url":"https:\/\/chemgramx.com\/wp-content\/uploads\/2024\/10\/final-logo.png","contentUrl":"https:\/\/chemgramx.com\/wp-content\/uploads\/2024\/10\/final-logo.png","width":250,"height":48,"caption":"Chemgramx"},"image":{"@id":"https:\/\/chemgramx.com\/#\/schema\/logo\/image\/"}}]}},"_links":{"self":[{"href":"https:\/\/chemgramx.com\/es\/wp-json\/wp\/v2\/product\/8398","targetHints":{"allow":["GET"]}}],"collection":[{"href":"https:\/\/chemgramx.com\/es\/wp-json\/wp\/v2\/product"}],"about":[{"href":"https:\/\/chemgramx.com\/es\/wp-json\/wp\/v2\/types\/product"}],"replies":[{"embeddable":true,"href":"https:\/\/chemgramx.com\/es\/wp-json\/wp\/v2\/comments?post=8398"}],"wp:featuredmedia":[{"embeddable":true,"href":"https:\/\/chemgramx.com\/es\/wp-json\/wp\/v2\/media\/8443"}],"wp:attachment":[{"href":"https:\/\/chemgramx.com\/es\/wp-json\/wp\/v2\/media?parent=8398"}],"wp:term":[{"taxonomy":"product_brand","embeddable":true,"href":"https:\/\/chemgramx.com\/es\/wp-json\/wp\/v2\/product_brand?post=8398"},{"taxonomy":"product_cat","embeddable":true,"href":"https:\/\/chemgramx.com\/es\/wp-json\/wp\/v2\/product_cat?post=8398"},{"taxonomy":"product_tag","embeddable":true,"href":"https:\/\/chemgramx.com\/es\/wp-json\/wp\/v2\/product_tag?post=8398"}],"curies":[{"name":"wp","href":"https:\/\/api.w.org\/{rel}","templated":true}]}}