{"id":8399,"date":"2025-11-21T18:18:31","date_gmt":"2025-11-21T18:18:31","guid":{"rendered":"https:\/\/chemgramx.com\/?post_type=product&#038;p=8399"},"modified":"2025-12-09T09:55:20","modified_gmt":"2025-12-09T09:55:20","slug":"4-comprar-mpd-en-linea","status":"publish","type":"product","link":"https:\/\/chemgramx.com\/es\/product\/4-mpd-online-kaufen\/","title":{"rendered":"Comprar 4-MPD \u2013 Alta pureza, en venta"},"content":{"rendered":"<h2>Descubra la investigaci\u00f3n de vanguardia con 4-MPD de Chemgramx<\/h2>\n<p>Chemgramx se enorgullece de presentar <b>4-MPD<\/b>, una conexi\u00f3n dise\u00f1ada para entornos de investigaci\u00f3n exigentes y an\u00e1lisis cient\u00edficos. Si <b>4-MPD en venta<\/b> , est\u00e1 en el lugar adecuado, ya que le ofrecemos un producto de la m\u00e1xima pureza y consistencia. Nuestro compromiso con la excelencia garantiza que cada gramo <b>4-MPD<\/b> cumple con los m\u00e1s estrictos est\u00e1ndares de calidad. Descubra las posibilidades que ofrece el uso de <b>M\u00e1xima calidad 4-MPD<\/b> en sus proyectos. La disponibilidad de <b>El mejor 4-MPD disponible<\/b> nos convierte en su socio ideal para los descubrimientos cient\u00edficos. Entendemos la importancia de obtener resultados precisos, por lo que damos gran importancia a la calidad de nuestros productos qu\u00edmicos.<\/p>\n<p>Nuestro objetivo es proporcionar a investigadores y cient\u00edficos de todo el mundo acceso a reactivos qu\u00edmicos de primera calidad. Por eso es importante que usted <b>aut\u00e9ntico 4-MPD<\/b> para garantizar la integridad de sus experimentos. El <b>Pedir 4-MPD en l\u00ednea<\/b> a trav\u00e9s de nuestra plataforma es un proceso sencillo y eficaz. Hemos optimizado la experiencia del usuario para garantizar que pueda acceder a los materiales que necesita de forma r\u00e1pida y sin complicaciones. Conf\u00ede en Chemgramx para sus necesidades de investigaci\u00f3n. El desarrollo continuo del conocimiento cient\u00edfico depende de la disponibilidad de sustancias fiables y de alta pureza.<\/p>\n<h2>La importancia de la pureza y la calidad en los productos qu\u00edmicos<\/h2>\n<p>En el mundo de la investigaci\u00f3n y el desarrollo, la pureza de un compuesto qu\u00edmico es de suma importancia. Incluso las impurezas m\u00e1s m\u00ednimas pueden falsear los resultados de los experimentos y dar lugar a interpretaciones err\u00f3neas. Por este motivo, Chemgramx se dedica a suministrar productos qu\u00edmicos que <b>Alta pureza a la venta<\/b> . Nuestros procesos de control de calidad son rigurosos y comprenden varias etapas para garantizar que cada lote <b>4-MPD<\/b> cumpla con nuestros altos est\u00e1ndares. Si valora los resultados precisos y reproducibles, es esencial elegir una fuente fiable.<\/p>\n<p>La selecci\u00f3n de productos qu\u00edmicos para fines cient\u00edficos requiere cuidado y conocimiento. Nos aseguramos de que nuestro <b>4-MPD<\/b> no solo es puro, sino que tambi\u00e9n cumple con las especificaciones para su uso en laboratorios exigentes. Por lo tanto, nuestro objetivo es ofrecerle <b>Calidad de investigaci\u00f3n a la venta<\/b> Ofrecer productos que respalden sus objetivos de investigaci\u00f3n. La <b>El mejor 4-MPD disponible<\/b> Encontrar\u00e1 todo lo que necesita aqu\u00ed, en Chemgramx, y nos esforzamos por superar sus expectativas. La integridad de su trabajo cient\u00edfico comienza con la calidad de los materiales que utiliza.<\/p>\n<h2>Por qu\u00e9 Chemgramx es la opci\u00f3n preferida para el 4-MPD<\/h2>\n<p>En Chemgramx comprendemos el papel fundamental que desempe\u00f1an los productos qu\u00edmicos de alta calidad en la comunidad cient\u00edfica. Por eso nos comprometemos a ofrecerle no solo productos, sino tambi\u00e9n confianza y fiabilidad. Si usted <b>4-MPD<\/b> necesita, puede estar seguro de que <b>aut\u00e9ntico 4-MPD<\/b> de la m\u00e1xima calidad. Nuestra experiencia en s\u00edntesis qu\u00edmica y an\u00e1lisis nos permite ofrecer productos que cumplen con los m\u00e1s altos est\u00e1ndares. Adem\u00e1s, la posibilidad de, <b>Pedir 4-MPD en l\u00ednea<\/b> con nosotros, una prueba de nuestro enfoque orientado al cliente. Queremos que su experiencia de compra sea lo m\u00e1s fluida y eficiente posible.<\/p>\n<p>La b\u00fasqueda de productos qu\u00edmicos espec\u00edficos para investigaci\u00f3n puede ser todo un reto. Sin embargo, Chemgramx facilita este proceso al ofrecer una amplia gama de productos, entre los que se incluyen <b>4-MPD<\/b>, accesible. Nos enorgullece ser una fuente fiable de <b>M\u00e1xima calidad 4-MPD<\/b> ser reconocido. La posibilidad de, <b>Comprar 4-MPD en venta<\/b> adquirir nuestros productos significa que usted se decide por la calidad y la integridad cient\u00edfica. Nuestro cuidadoso manejo y procesamiento garantizan que los productos lleguen a usted en las mejores condiciones. Lea m\u00e1s sobre nuestros est\u00e1ndares de calidad en nuestra <a href=\"https:\/\/chemgramx.com\/product\/3-meo-pcp-3-methoxyphencyclidin-online-kaufen\/\">P\u00e1ginas detalladas sobre productos qu\u00edmicos<\/a>.<\/p>\n<h2>Aplicaciones y valor cient\u00edfico del 4-MPD<\/h2>\n<p><b>4-MPD<\/b> es un compuesto de inter\u00e9s en diversos campos de investigaci\u00f3n. Su estructura qu\u00edmica \u00fanica permite estudiar nuevas interacciones moleculares y perfiles farmacol\u00f3gicos. Los cient\u00edficos utilizan estos compuestos para investigar cuestiones fundamentales en qu\u00edmica y biolog\u00eda. La disponibilidad de <b>4-MPD en venta<\/b> de Chemgramx ofrece a los investigadores la oportunidad de utilizar esta fascinante sustancia en sus estudios. Damos gran importancia a que nuestros clientes puedan <b>El mejor 4-MPD disponible<\/b> para maximizar los resultados de sus investigaciones. La comunidad cient\u00edfica se beneficia del suministro de estos productos qu\u00edmicos especializados.<\/p>\n<p>La s\u00edntesis precisa de 4-MPD requiere t\u00e9cnicas qu\u00edmicas avanzadas y estrictos controles de calidad. Chemgramx invierte continuamente en tecnolog\u00eda y experiencia para garantizar que nuestros productos cumplan con los requisitos de la investigaci\u00f3n moderna. Si usted <b>Calidad de investigaci\u00f3n a la venta<\/b> Si necesita sustancias, Chemgramx es su primera opci\u00f3n. Con la posibilidad de, <b>Pedir 4-MPD en l\u00ednea<\/b>, ayudamos a los investigadores a impulsar sus proyectos sin tener que renunciar a la calidad. Nuestro compromiso con la excelencia es inquebrantable.<\/p>\n<h2>Suministro seguro y fiable de productos qu\u00edmicos para investigaci\u00f3n<\/h2>\n<p>En Chemgramx, la seguridad y la satisfacci\u00f3n de nuestros clientes son nuestra m\u00e1xima prioridad. Entendemos que la adquisici\u00f3n de productos qu\u00edmicos para investigaci\u00f3n requiere confianza. Por eso garantizamos un <b>Compra segura<\/b> Proceso, si usted <b>4-MPD<\/b> u otros productos nuestros. Nuestra plataforma est\u00e1 dise\u00f1ada para ser f\u00e1cil de usar y segura, de modo que pueda centrarse en su investigaci\u00f3n en lugar de preocuparse por el proceso de adquisici\u00f3n. La disponibilidad de <b>Alta pureza a la venta<\/b> Los materiales son una parte fundamental de nuestra oferta.<\/p>\n<p>El manejo y procesamiento cuidadosos de nuestros productos son fundamentales. Nos aseguramos de que cada pedido se procese con el mayor cuidado para preservar la integridad de los productos qu\u00edmicos. Si usted <b>aut\u00e9ntico 4-MPD<\/b> , Chemgramx es la opci\u00f3n ideal. Nuestra experiencia en el manejo de sustancias qu\u00edmicas garantiza que usted reciba un producto que cumpla con los m\u00e1s altos est\u00e1ndares. La posibilidad de, <b>Comprar 4-MPD en venta<\/b> con confianza es una promesa que cumplimos en Chemgramx. Obtenga m\u00e1s informaci\u00f3n sobre nuestra gama de productos en <a href=\"https:\/\/chemgramx.com\/product\/4-mpd-online-kaufen\/\">4-MPD<\/a>.<\/p>\n<h2>Especificaciones t\u00e9cnicas y garant\u00eda de calidad<\/h2>\n<p>Chemgramx se esfuerza por ofrecer una transparencia total sobre la calidad de nuestros productos. Cada lote de nuestro <b>4-MPD<\/b> Se somete a exhaustivas pruebas para confirmar su identidad y pureza. Ofrecemos <b>Calidad de laboratorio a la venta<\/b> Materiales adecuados para aplicaciones anal\u00edticas exigentes. Las especificaciones t\u00e9cnicas est\u00e1n documentadas detalladamente para garantizar que sepa exactamente lo que est\u00e1 adquiriendo. La posibilidad de, <b>Pedir 4-MPD en l\u00ednea<\/b> est\u00e1 respaldada por nuestro riguroso control de calidad. Conf\u00ede en Chemgramx para satisfacer sus necesidades de investigaci\u00f3n.<\/p>\n<p>Nuestros procesos de control de calidad son parte integral de la fabricaci\u00f3n. Utilizamos m\u00e9todos de an\u00e1lisis de \u00faltima generaci\u00f3n para determinar la composici\u00f3n y pureza de <b>4-MPD<\/b> . Esto garantiza que usted <b>M\u00e1xima calidad 4-MPD<\/b> que satisfaga sus expectativas. La supervisi\u00f3n y mejora continuas de nuestros procesos son fundamentales para mantener nuestra reputaci\u00f3n como proveedor de productos de primera calidad. Los <b>El mejor 4-MPD disponible<\/b> Encontrar\u00e1 una certeza en nosotros. Visite tambi\u00e9n nuestra p\u00e1gina sobre <a href=\"https:\/\/chemgramx.com\/product\/3-meo-pcp-3-methoxyphencyclidin-online-kaufen\/\">otros compuestos relacionados<\/a> para m\u00e1s opciones.<\/p>\n<h2>Su socio para la innovaci\u00f3n cient\u00edfica<\/h2>\n<p>El progreso cient\u00edfico depende de la disponibilidad de materiales de investigaci\u00f3n de excelente calidad. Chemgramx comprende esta necesidad y se ha propuesto proporcionar productos qu\u00edmicos de primera clase a investigadores de todo el mundo. Si usted <b>4-MPD en venta<\/b> busca, puede confiar en nosotros para suministrarle productos que cumplen con los m\u00e1s altos est\u00e1ndares. La posibilidad de, <b>Comprar 4-MPD en venta<\/b> online hace que el acceso a estas importantes herramientas de investigaci\u00f3n sea m\u00e1s f\u00e1cil que nunca. Estamos orgullosos de ser una parte integral del ecosistema cient\u00edfico.<\/p>\n<p>Le invitamos a descubrir las ventajas de trabajar con Chemgramx. Nuestro compromiso con la calidad, la pureza y la satisfacci\u00f3n del cliente es inquebrantable. Si est\u00e1 interesado en <b>aut\u00e9ntico 4-MPD<\/b> decidir, opte por la fiabilidad en los resultados de su investigaci\u00f3n. La <b>El mejor 4-MPD disponible<\/b> Encontrar\u00e1 todo lo que necesita y nos esforzaremos por superar sus expectativas. Su \u00e9xito es nuestro motor y estamos deseando ayudarle en sus proyectos cient\u00edficos. Aproveche la oportunidad., <b>Pedir 4-MPD en l\u00ednea<\/b> y experimente la diferencia.<\/p>\n<h2>Resumen de las ventajas del producto<\/h2>\n<p>Chemgramx ofrece <b>4-MPD<\/b> de la m\u00e1xima pureza para aplicaciones de investigaci\u00f3n exigentes. Nos aseguramos de que usted <b>M\u00e1xima calidad 4-MPD<\/b> que est\u00e1 sujeto a estrictos controles de calidad. La sencilla posibilidad de, <b>Pedir 4-MPD en l\u00ednea<\/b> nos convierte en su proveedor preferido. Puede estar seguro de que <b>aut\u00e9ntico 4-MPD<\/b> de un proveedor de confianza. Adem\u00e1s, la disponibilidad de <b>Alta pureza a la venta<\/b> una caracter\u00edstica distintiva de nuestra oferta. Somos su socio de confianza para la excelencia cient\u00edfica y le ofrecemos la <b>El mejor 4-MPD disponible<\/b> para sus proyectos.<\/p>\n<p>Elegir Chemgramx significa elegir calidad y precisi\u00f3n. Nos esforzamos por satisfacer las necesidades de la comunidad cient\u00edfica proporcionando acceso a productos qu\u00edmicos de investigaci\u00f3n de primera clase. Si usted <b>4-MPD en venta<\/b> busca, ha llegado al lugar adecuado. Nuestra experiencia y nuestro compromiso con la calidad nos convierten en la opci\u00f3n ideal para todas sus necesidades de investigaci\u00f3n. La posibilidad de, <b>Comprar 4-MPD en venta<\/b> a trav\u00e9s de nuestra plataforma segura, lo que subraya nuestro compromiso con su satisfacci\u00f3n. Conf\u00ede en Chemgramx para sus descubrimientos cient\u00edficos.<\/p>","protected":false},"excerpt":{"rendered":"<p>Alta pureza <b>4-MPD<\/b> para fines de investigaci\u00f3n exigentes. Obtenga <b>Calidad de investigaci\u00f3n a la venta<\/b> Calidad y <b>aut\u00e9ntico 4-MPD<\/b> Directamente de Chemgramx. Haga su pedido online ahora para sus proyectos cient\u00edficos.<\/p>","protected":false},"featured_media":8444,"comment_status":"open","ping_status":"closed","template":"","meta":{"_joinchat":[]},"product_brand":[],"product_cat":[48],"product_tag":[2442,2448,2447,2443,2449,2446,2444,2445,2450,2182],"class_list":{"0":"post-8399","1":"product","2":"type-product","3":"status-publish","4":"has-post-thumbnail","6":"product_cat-stimulants","7":"product_tag-4-mpd","8":"product_tag-4-mpd-chemikalien","9":"product_tag-4-mpd-forschung","10":"product_tag-4-mpd-kaufen","11":"product_tag-4-mpd-kaufen-online","12":"product_tag-4-mpd-kristalle","13":"product_tag-4-mpd-online","14":"product_tag-4-mpd-pulver","15":"product_tag-forschung-4-mpd","16":"product_tag-synthetische-chemikalien","18":"first","19":"instock","20":"shipping-taxable","21":"purchasable","22":"product-type-variable"},"yoast_head":"<!-- This site is optimized with the Yoast SEO plugin v27.5 - https:\/\/yoast.com\/product\/yoast-seo-wordpress\/ -->\n<title>4-MPD Kaufen - Hochrein, For Sale<\/title>\n<meta name=\"description\" content=\"Erhalten Sie authentisches 4-MPD in Top-Qualit\u00e4t. Bestellen Sie Ihr 4-MPD online bei Chemgramx. Sichere und zuverl\u00e4ssige Beschaffung f\u00fcr Ihre Forschung.\" \/>\n<meta name=\"robots\" content=\"index, follow, max-snippet:-1, max-image-preview:large, max-video-preview:-1\" \/>\n<link rel=\"canonical\" href=\"https:\/\/chemgramx.com\/es\/producto-1\/4-comprar-mpd-en-linea\/\" \/>\n<meta property=\"og:locale\" content=\"es_ES\" \/>\n<meta property=\"og:type\" content=\"article\" \/>\n<meta property=\"og:title\" content=\"4-MPD Kaufen - Hochrein, For Sale\" \/>\n<meta property=\"og:description\" content=\"Erhalten Sie authentisches 4-MPD in Top-Qualit\u00e4t. Bestellen Sie Ihr 4-MPD online bei Chemgramx. Sichere und zuverl\u00e4ssige Beschaffung f\u00fcr Ihre Forschung.\" \/>\n<meta property=\"og:url\" content=\"https:\/\/chemgramx.com\/es\/producto-1\/4-comprar-mpd-en-linea\/\" \/>\n<meta property=\"og:site_name\" content=\"Chemgramx\" \/>\n<meta property=\"article:modified_time\" content=\"2025-12-09T09:55:20+00:00\" \/>\n<meta property=\"og:image\" content=\"https:\/\/chemgramx.com\/wp-content\/uploads\/2025\/11\/4-mpd.png\" \/>\n\t<meta property=\"og:image:width\" content=\"600\" \/>\n\t<meta property=\"og:image:height\" content=\"400\" \/>\n\t<meta property=\"og:image:type\" content=\"image\/png\" \/>\n<meta name=\"twitter:card\" content=\"summary_large_image\" \/>\n<meta name=\"twitter:label1\" content=\"Tiempo de lectura\" \/>\n\t<meta name=\"twitter:data1\" content=\"4 minutos\" \/>\n<script type=\"application\/ld+json\" class=\"yoast-schema-graph\">{\"@context\":\"https:\\\/\\\/schema.org\",\"@graph\":[{\"@type\":\"WebPage\",\"@id\":\"https:\\\/\\\/chemgramx.com\\\/product\\\/4-mpd-online-kaufen\\\/\",\"url\":\"https:\\\/\\\/chemgramx.com\\\/product\\\/4-mpd-online-kaufen\\\/\",\"name\":\"4-MPD Kaufen - Hochrein, For Sale\",\"isPartOf\":{\"@id\":\"https:\\\/\\\/chemgramx.com\\\/#website\"},\"primaryImageOfPage\":{\"@id\":\"https:\\\/\\\/chemgramx.com\\\/product\\\/4-mpd-online-kaufen\\\/#primaryimage\"},\"image\":{\"@id\":\"https:\\\/\\\/chemgramx.com\\\/product\\\/4-mpd-online-kaufen\\\/#primaryimage\"},\"thumbnailUrl\":\"https:\\\/\\\/chemgramx.com\\\/wp-content\\\/uploads\\\/2025\\\/11\\\/4-mpd.png\",\"datePublished\":\"2025-11-21T18:18:31+00:00\",\"dateModified\":\"2025-12-09T09:55:20+00:00\",\"description\":\"Erhalten Sie authentisches 4-MPD in Top-Qualit\u00e4t. Bestellen Sie Ihr 4-MPD online bei Chemgramx. Sichere und zuverl\u00e4ssige Beschaffung f\u00fcr Ihre Forschung.\",\"breadcrumb\":{\"@id\":\"https:\\\/\\\/chemgramx.com\\\/product\\\/4-mpd-online-kaufen\\\/#breadcrumb\"},\"inLanguage\":\"es\",\"potentialAction\":[{\"@type\":\"ReadAction\",\"target\":[\"https:\\\/\\\/chemgramx.com\\\/product\\\/4-mpd-online-kaufen\\\/\"]}]},{\"@type\":\"ImageObject\",\"inLanguage\":\"es\",\"@id\":\"https:\\\/\\\/chemgramx.com\\\/product\\\/4-mpd-online-kaufen\\\/#primaryimage\",\"url\":\"https:\\\/\\\/chemgramx.com\\\/wp-content\\\/uploads\\\/2025\\\/11\\\/4-mpd.png\",\"contentUrl\":\"https:\\\/\\\/chemgramx.com\\\/wp-content\\\/uploads\\\/2025\\\/11\\\/4-mpd.png\",\"width\":600,\"height\":400},{\"@type\":\"BreadcrumbList\",\"@id\":\"https:\\\/\\\/chemgramx.com\\\/product\\\/4-mpd-online-kaufen\\\/#breadcrumb\",\"itemListElement\":[{\"@type\":\"ListItem\",\"position\":1,\"name\":\"Home\",\"item\":\"https:\\\/\\\/chemgramx.com\\\/\"},{\"@type\":\"ListItem\",\"position\":2,\"name\":\"Shop\",\"item\":\"https:\\\/\\\/chemgramx.com\\\/shop\\\/\"},{\"@type\":\"ListItem\",\"position\":3,\"name\":\"4-MPD Kaufen &#8211; Hochrein, For Sale\"}]},{\"@type\":\"WebSite\",\"@id\":\"https:\\\/\\\/chemgramx.com\\\/#website\",\"url\":\"https:\\\/\\\/chemgramx.com\\\/\",\"name\":\"Chemgramx\",\"description\":\"\",\"publisher\":{\"@id\":\"https:\\\/\\\/chemgramx.com\\\/#organization\"},\"potentialAction\":[{\"@type\":\"SearchAction\",\"target\":{\"@type\":\"EntryPoint\",\"urlTemplate\":\"https:\\\/\\\/chemgramx.com\\\/?s={search_term_string}\"},\"query-input\":{\"@type\":\"PropertyValueSpecification\",\"valueRequired\":true,\"valueName\":\"search_term_string\"}}],\"inLanguage\":\"es\"},{\"@type\":\"Organization\",\"@id\":\"https:\\\/\\\/chemgramx.com\\\/#organization\",\"name\":\"Chemgramx\",\"url\":\"https:\\\/\\\/chemgramx.com\\\/\",\"logo\":{\"@type\":\"ImageObject\",\"inLanguage\":\"es\",\"@id\":\"https:\\\/\\\/chemgramx.com\\\/#\\\/schema\\\/logo\\\/image\\\/\",\"url\":\"https:\\\/\\\/chemgramx.com\\\/wp-content\\\/uploads\\\/2024\\\/10\\\/final-logo.png\",\"contentUrl\":\"https:\\\/\\\/chemgramx.com\\\/wp-content\\\/uploads\\\/2024\\\/10\\\/final-logo.png\",\"width\":250,\"height\":48,\"caption\":\"Chemgramx\"},\"image\":{\"@id\":\"https:\\\/\\\/chemgramx.com\\\/#\\\/schema\\\/logo\\\/image\\\/\"}}]}<\/script>\n<!-- \/ Yoast SEO plugin. -->","yoast_head_json":{"title":"Comprar 4-MPD - Alta pureza, en venta","description":"Obtenga 4-MPD aut\u00e9ntico de la mejor calidad. Pida su 4-MPD en l\u00ednea en Chemgramx. Adquisici\u00f3n segura y fiable para su investigaci\u00f3n.","robots":{"index":"index","follow":"follow","max-snippet":"max-snippet:-1","max-image-preview":"max-image-preview:large","max-video-preview":"max-video-preview:-1"},"canonical":"https:\/\/chemgramx.com\/es\/producto-1\/4-comprar-mpd-en-linea\/","og_locale":"es_ES","og_type":"article","og_title":"4-MPD Kaufen - Hochrein, For Sale","og_description":"Erhalten Sie authentisches 4-MPD in Top-Qualit\u00e4t. Bestellen Sie Ihr 4-MPD online bei Chemgramx. Sichere und zuverl\u00e4ssige Beschaffung f\u00fcr Ihre Forschung.","og_url":"https:\/\/chemgramx.com\/es\/producto-1\/4-comprar-mpd-en-linea\/","og_site_name":"Chemgramx","article_modified_time":"2025-12-09T09:55:20+00:00","og_image":[{"width":600,"height":400,"url":"https:\/\/chemgramx.com\/wp-content\/uploads\/2025\/11\/4-mpd.png","type":"image\/png"}],"twitter_card":"summary_large_image","twitter_misc":{"Tiempo de lectura":"4 minutos"},"schema":{"@context":"https:\/\/schema.org","@graph":[{"@type":"WebPage","@id":"https:\/\/chemgramx.com\/product\/4-mpd-online-kaufen\/","url":"https:\/\/chemgramx.com\/product\/4-mpd-online-kaufen\/","name":"Comprar 4-MPD - Alta pureza, en venta","isPartOf":{"@id":"https:\/\/chemgramx.com\/#website"},"primaryImageOfPage":{"@id":"https:\/\/chemgramx.com\/product\/4-mpd-online-kaufen\/#primaryimage"},"image":{"@id":"https:\/\/chemgramx.com\/product\/4-mpd-online-kaufen\/#primaryimage"},"thumbnailUrl":"https:\/\/chemgramx.com\/wp-content\/uploads\/2025\/11\/4-mpd.png","datePublished":"2025-11-21T18:18:31+00:00","dateModified":"2025-12-09T09:55:20+00:00","description":"Obtenga 4-MPD aut\u00e9ntico de la mejor calidad. Pida su 4-MPD en l\u00ednea en Chemgramx. Adquisici\u00f3n segura y fiable para su investigaci\u00f3n.","breadcrumb":{"@id":"https:\/\/chemgramx.com\/product\/4-mpd-online-kaufen\/#breadcrumb"},"inLanguage":"es","potentialAction":[{"@type":"ReadAction","target":["https:\/\/chemgramx.com\/product\/4-mpd-online-kaufen\/"]}]},{"@type":"ImageObject","inLanguage":"es","@id":"https:\/\/chemgramx.com\/product\/4-mpd-online-kaufen\/#primaryimage","url":"https:\/\/chemgramx.com\/wp-content\/uploads\/2025\/11\/4-mpd.png","contentUrl":"https:\/\/chemgramx.com\/wp-content\/uploads\/2025\/11\/4-mpd.png","width":600,"height":400},{"@type":"BreadcrumbList","@id":"https:\/\/chemgramx.com\/product\/4-mpd-online-kaufen\/#breadcrumb","itemListElement":[{"@type":"ListItem","position":1,"name":"Home","item":"https:\/\/chemgramx.com\/"},{"@type":"ListItem","position":2,"name":"Shop","item":"https:\/\/chemgramx.com\/shop\/"},{"@type":"ListItem","position":3,"name":"4-MPD Kaufen &#8211; Hochrein, For Sale"}]},{"@type":"WebSite","@id":"https:\/\/chemgramx.com\/#website","url":"https:\/\/chemgramx.com\/","name":"Chemgramx","description":"","publisher":{"@id":"https:\/\/chemgramx.com\/#organization"},"potentialAction":[{"@type":"SearchAction","target":{"@type":"EntryPoint","urlTemplate":"https:\/\/chemgramx.com\/?s={search_term_string}"},"query-input":{"@type":"PropertyValueSpecification","valueRequired":true,"valueName":"search_term_string"}}],"inLanguage":"es"},{"@type":"Organization","@id":"https:\/\/chemgramx.com\/#organization","name":"Chemgramx","url":"https:\/\/chemgramx.com\/","logo":{"@type":"ImageObject","inLanguage":"es","@id":"https:\/\/chemgramx.com\/#\/schema\/logo\/image\/","url":"https:\/\/chemgramx.com\/wp-content\/uploads\/2024\/10\/final-logo.png","contentUrl":"https:\/\/chemgramx.com\/wp-content\/uploads\/2024\/10\/final-logo.png","width":250,"height":48,"caption":"Chemgramx"},"image":{"@id":"https:\/\/chemgramx.com\/#\/schema\/logo\/image\/"}}]}},"_links":{"self":[{"href":"https:\/\/chemgramx.com\/es\/wp-json\/wp\/v2\/product\/8399","targetHints":{"allow":["GET"]}}],"collection":[{"href":"https:\/\/chemgramx.com\/es\/wp-json\/wp\/v2\/product"}],"about":[{"href":"https:\/\/chemgramx.com\/es\/wp-json\/wp\/v2\/types\/product"}],"replies":[{"embeddable":true,"href":"https:\/\/chemgramx.com\/es\/wp-json\/wp\/v2\/comments?post=8399"}],"wp:featuredmedia":[{"embeddable":true,"href":"https:\/\/chemgramx.com\/es\/wp-json\/wp\/v2\/media\/8444"}],"wp:attachment":[{"href":"https:\/\/chemgramx.com\/es\/wp-json\/wp\/v2\/media?parent=8399"}],"wp:term":[{"taxonomy":"product_brand","embeddable":true,"href":"https:\/\/chemgramx.com\/es\/wp-json\/wp\/v2\/product_brand?post=8399"},{"taxonomy":"product_cat","embeddable":true,"href":"https:\/\/chemgramx.com\/es\/wp-json\/wp\/v2\/product_cat?post=8399"},{"taxonomy":"product_tag","embeddable":true,"href":"https:\/\/chemgramx.com\/es\/wp-json\/wp\/v2\/product_tag?post=8399"}],"curies":[{"name":"wp","href":"https:\/\/api.w.org\/{rel}","templated":true}]}}