{"id":8594,"date":"2025-11-21T20:37:09","date_gmt":"2025-11-21T20:37:09","guid":{"rendered":"https:\/\/chemgramx.com\/?post_type=product&#038;p=8594"},"modified":"2025-12-09T09:47:20","modified_gmt":"2025-12-09T09:47:20","slug":"comprar-ghb-gamma-hidroxibutirato-online","status":"publish","type":"product","link":"https:\/\/chemgramx.com\/es\/product\/ghb-gamma-hydroxybutyrat-online-kaufen\/","title":{"rendered":"Comprar GHB \u2013 Alta pureza Chemgramx"},"content":{"rendered":"<h2>Bienvenido a Chemgramx: Su fuente de GHB (gamma-hidroxibutirato) de alta calidad<\/h2>\n<p>Bienvenido a Chemgramx, su principal proveedor de productos qu\u00edmicos de alta calidad para investigaci\u00f3n. Si usted <b>Comprar GHB (gamma-hidroxibutirato) en venta<\/b> ha llegado al lugar adecuado. Le ofrecemos en exclusiva <b>Gamma-hidroxibutirato de calidad superior<\/b>, que se somete a los m\u00e1s estrictos controles de calidad. Nuestro objetivo es facilitar a investigadores y cient\u00edficos el acceso a <b>GHB aut\u00e9ntico<\/b> en calidad de laboratorio.<\/p>\n<p>Chemgramx es consciente de la importancia cr\u00edtica de disponer de reactivos precisos y fiables para cualquier investigaci\u00f3n cient\u00edfica. <b>Adem\u00e1s<\/b> le garantizamos que todos los productos que nos compra cumplen las normas m\u00e1s estrictas. Por lo tanto, puede estar seguro de que recibir\u00e1 el <b>el mejor GHB disponible<\/b> que apoye de forma \u00f3ptima sus objetivos de investigaci\u00f3n.<\/p>\n<h2>Propiedades qu\u00edmicas y estructura del GHB<\/h2>\n<p>El gamma-hidroxibutirato, o GHB para abreviar, es una sustancia natural del cuerpo humano que tambi\u00e9n se produce sint\u00e9ticamente. Su f\u00f3rmula qu\u00edmica es C\u2084H\u2088O\u2083. <b>Adem\u00e1s<\/b> Se conoce como \u00e1cido graso de cadena corta y est\u00e1 estrechamente relacionado estructuralmente con la sustancia neurotransmisora GABA (\u00e1cido gamma-aminobut\u00edrico). Esta similitud qu\u00edmica es decisiva para su actividad biol\u00f3gica.<\/p>\n<p><b>Adem\u00e1s<\/b> El GHB es un derivado del \u00e1cido but\u00edrico en el que un grupo hidroxilo est\u00e1 sustituido en el tercer \u00e1tomo de carbono. Esta configuraci\u00f3n espec\u00edfica confiere al GHB sus propiedades f\u00edsicas y qu\u00edmicas \u00fanicas. <b>En consecuencia<\/b> hace de esta estructura una mol\u00e9cula interesante para una amplia gama de proyectos de investigaci\u00f3n en qu\u00edmica y biolog\u00eda.<\/p>\n<h2>\u00c1mbitos de aplicaci\u00f3n del gamma-hidroxibutirato en la investigaci\u00f3n<\/h2>\n<p>El gamma-hidroxibutirato es objeto de intensas investigaciones en la comunidad cient\u00edfica debido a su diverso modo de acci\u00f3n. <b>En particular<\/b> se utiliza en estudios sobre los sistemas neurotransmisores, los mecanismos del sue\u00f1o y determinados trastornos neurol\u00f3gicos. <b>Adem\u00e1s<\/b> es una herramienta valiosa para analizar las interacciones de los receptores en el cerebro.<\/p>\n<p>Los investigadores utilizan el GHB como sustancia modelo para descifrar v\u00edas bioqu\u00edmicas complejas. <b>Por ejemplo<\/b> su efecto sobre los receptores GHB y GABA puede aportar nuevos conocimientos sobre los circuitos neuronales. Para estas aplicaciones sensibles, es esencial desarrollar un <b>La calidad de la investigaci\u00f3n a la venta<\/b> que garantiza la m\u00e1xima pureza y consistencia.<\/p>\n<h2>Importancia de la pureza del GHB para la investigaci\u00f3n<\/h2>\n<p>La pureza del GHB es de suma importancia para obtener resultados de investigaci\u00f3n precisos y reproducibles. Las impurezas pueden falsear los datos experimentales y llevar a conclusiones incorrectas. <b>Por lo tanto<\/b> Chemgramx concede gran importancia a la calidad de las sustancias que ofrece. Cada lote de nuestro gamma-hidroxibutirato se somete a exhaustivos an\u00e1lisis de pureza.<\/p>\n<p>Garantizamos que nuestro producto <b>Alta pureza a la venta<\/b> que se requiere para el exigente trabajo de laboratorio. <b>Igualmente<\/b> es crucial que se confirme claramente la identidad qu\u00edmica del producto para evitar interpretaciones err\u00f3neas en la investigaci\u00f3n. S\u00f3lo recibir\u00e1 de nosotros <b>Calidad de laboratorio a la venta<\/b>, que cumple las normas anal\u00edticas m\u00e1s estrictas.<\/p>\n<h2>El proceso de compra de GHB en Chemgramx<\/h2>\n<p>La compra de productos qu\u00edmicos para investigaci\u00f3n debe ser sencilla y segura. En Chemgramx puede <b>Encargar GHB en l\u00ednea<\/b> con total transparencia y confidencialidad. Nuestra intuitiva tienda online est\u00e1 dise\u00f1ada para facilitarle el proceso de pedido. <b>Adem\u00e1s<\/b> nuestro servicio de atenci\u00f3n al cliente est\u00e1 siempre dispuesto a responder a sus preguntas.<\/p>\n<p>Para <b>gamma-hidroxibutirato de alta calidad<\/b> para sus estudios, s\u00f3lo tiene que visitar nuestra p\u00e1gina de productos en <a href=\"https:\/\/chemgramx.com\/product\/ghb-gamma-hydroxybutyrat-online-kaufen\/\">Comprar GHB (gamma-hidroxibutirato) en l\u00ednea<\/a>. All\u00ed encontrar\u00e1 informaci\u00f3n detallada y podr\u00e1 realizar su compra. <b>Naturalmente<\/b> Damos mucha importancia a un <b>compra segura<\/b> y la protecci\u00f3n de sus datos. <b>Adem\u00e1s<\/b> tambi\u00e9n ofrecemos una amplia gama de <b>Productos especiales<\/b> en. Por ejemplo, descubra nuestra gama de <a href=\"https:\/\/chemgramx.com\/product\/mushroom-edibles-kaufen\/\">Hongos comestibles<\/a> para su investigaci\u00f3n bot\u00e1nica.<\/p>\n<p>Sabemos que el tiempo es oro en el laboratorio. <b>Por este motivo<\/b> hemos optimizado nuestro proceso para que pueda completar su pedido de forma r\u00e1pida y eficaz. Podr\u00e1 <b>Comprar ahora online<\/b> y conf\u00ede en la calidad que s\u00f3lo Chemgramx le ofrece. Recuerde que s\u00f3lo tiene que comprar \u201e<b>Compre en Chemgramx<\/b>\u201c para convencerse de nuestro excelente servicio.<\/p>\n<h2>Seguridad y almacenamiento del gamma-hidroxibutirato<\/h2>\n<p>La manipulaci\u00f3n y el almacenamiento seguros de los productos qu\u00edmicos de investigaci\u00f3n son de suma importancia. El gamma-hidroxibutirato debe almacenarse siempre en un lugar fresco, seco y bien ventilado, alejado de la luz solar directa y de fuentes de calor. <b>Adem\u00e1s<\/b> es crucial almacenar el producto en un recipiente herm\u00e9ticamente cerrado para evitar la contaminaci\u00f3n y la p\u00e9rdida de calidad.<\/p>\n<p><b>Por ejemplo<\/b> siempre debe consultar las fichas de datos de seguridad (FDS) espec\u00edficas del producto antes de trabajar con GHB. Estos documentos contienen informaci\u00f3n importante sobre peligros potenciales, medidas de protecci\u00f3n y medidas de primeros auxilios. <b>En conclusi\u00f3n<\/b> para garantizar su seguridad, le recomendamos que utilice equipos de protecci\u00f3n personal adecuados, como guantes y gafas de seguridad, durante la manipulaci\u00f3n. Todos nuestros productos se manipulan y procesan con el m\u00e1ximo cuidado.<\/p>\n<h2>Preguntas frecuentes sobre el GHB (FAQ)<\/h2>\n<h3>\u00bfEs legal comprar GHB?<\/h3>\n<p>La legalidad del GHB var\u00eda seg\u00fan el pa\u00eds y la jurisdicci\u00f3n y est\u00e1 estrictamente regulada en muchas regiones. <b>Por lo tanto<\/b> es esencial para los compradores revisar cuidadosamente y cumplir con las leyes y reglamentos locales antes de la compra. Chemgramx ofrece GHB s\u00f3lo para investigaci\u00f3n y uso en laboratorio y el comprador es responsable del cumplimiento de todas las leyes pertinentes.<\/p>\n<h3>\u00bfQu\u00e9 pureza puedo esperar de su GHB?<\/h3>\n<p>Garantizamos una alta pureza de nuestro gamma-hidroxibutirato, normalmente superior a 98%. Cada lote se prueba y analiza cuidadosamente antes de su venta. <b>As\u00ed<\/b> puede estar seguro de que recibe un producto que cumple las normas m\u00e1s estrictas para fines de investigaci\u00f3n. Nuestros certificados de an\u00e1lisis detallados est\u00e1n disponibles previa solicitud.<\/p>\n<h3>\u00bfPuedo pedir GHB en grandes cantidades?<\/h3>\n<p>S\u00ed, Chemgramx est\u00e1 preparado para suministrar peque\u00f1as y grandes cantidades de gamma-hidroxibutirato para sus proyectos de investigaci\u00f3n. <b>Para pedidos al por mayor<\/b> p\u00f3ngase en contacto con nuestro servicio de atenci\u00f3n al cliente para recibir ofertas personalizadas y m\u00e1s informaci\u00f3n. <b>En particular<\/b> nos esforzamos por encontrar soluciones a medida para sus necesidades espec\u00edficas.<\/p>\n<h2>Conclusi\u00f3n: Su socio de confianza para los productos qu\u00edmicos de investigaci\u00f3n del GHB<\/h2>\n<p>En resumen, Chemgramx es su socio de confianza si desea <b>gamma-hidroxibutirato aut\u00e9ntico en venta<\/b> b\u00fasqueda. Estamos comprometidos con la calidad, la pureza y el servicio al cliente. <b>Adem\u00e1s<\/b> apoyamos su importante labor de investigaci\u00f3n con productos fiables y de alta calidad. Nuestra amplia gama de <b>Productos qu\u00edmicos de investigaci\u00f3n de alta calidad<\/b> garantiza que siempre reciba el mejor material para sus estudios.<\/p>\n<p>Elija Chemgramx para apoyar su investigaci\u00f3n con <b>GHB de gran pureza<\/b> al siguiente nivel. <b>Por \u00faltimo<\/b> le ofrecemos no s\u00f3lo productos, sino tambi\u00e9n confianza en su calidad y la certeza de que sus experimentos pueden construirse sobre una base s\u00f3lida. Vis\u00edtenos hoy mismo para organizar su <b>Comprar gamma-hidroxibutirato online<\/b> y experimente la diferencia.<\/p>","protected":false},"excerpt":{"rendered":"<p>Descubra <b>GHB (gamma-hidroxibutirato)<\/b> Nuestra f\u00f3rmula pura es ideal para estudios precisos de laboratorio y aplicaciones cient\u00edficas. Aseg\u00farese de obtener <b>gamma-hidroxibutirato aut\u00e9ntico<\/b>, que se somete a estrictos controles de calidad. Para obtener resultados fiables, <b>Haga su pedido en l\u00ednea en Chemgramx<\/b>.<\/p>","protected":false},"featured_media":8615,"comment_status":"open","ping_status":"closed","template":"","meta":{"_joinchat":[]},"product_brand":[],"product_cat":[65],"product_tag":[88,559,90,548,558,547,555,546,572,564,573,561,577,576,87,562,565,560,570,563,575,567,566,574,568,571,569,552,553,556,550,89,551,557,554,549],"class_list":{"0":"post-8594","1":"product","2":"type-product","3":"status-publish","4":"has-post-thumbnail","6":"product_cat-arylcyclohexylamine","7":"product_tag-gamma-hydroxybutyrat-bestellen","8":"product_tag-abhangigkeit","9":"product_tag-beruhigende-chemikalien-kaufen","10":"product_tag-chemische-formel-ghb","11":"product_tag-euphorie","12":"product_tag-gamma-hydroxybutyrate","13":"product_tag-gesundheitliche-risiken-von-ghb","14":"product_tag-ghb","15":"product_tag-ghb-analyse","16":"product_tag-ghb-anwendung","17":"product_tag-ghb-chemie","18":"product_tag-ghb-forschung","19":"product_tag-ghb-forschungslabor","20":"product_tag-ghb-groshandel","21":"product_tag-ghb-kaufen","22":"product_tag-ghb-labor","23":"product_tag-ghb-lagerung","24":"product_tag-ghb-lieferant","25":"product_tag-ghb-markt","26":"product_tag-ghb-preis","27":"product_tag-ghb-referenzmaterial","28":"product_tag-ghb-risiken","29":"product_tag-ghb-sicherheit","30":"product_tag-ghb-substanz","31":"product_tag-ghb-verfugbarkeit","32":"product_tag-ghb-vertrieb","33":"product_tag-ghb-vorschriften","34":"product_tag-medizinische-anwendungen-ghb","35":"product_tag-missbrauchspotenzial-ghb","36":"product_tag-narkolepsie-behandlung","37":"product_tag-rechtlicher-status-ghb","38":"product_tag-research-chemicals-kaufen","39":"product_tag-risiken-ghb","40":"product_tag-sedativa","41":"product_tag-uberdosierung-ghb","42":"product_tag-wirkungen-von-ghb","44":"first","45":"instock","46":"shipping-taxable","47":"purchasable","48":"product-type-variable"},"yoast_head":"<!-- This site is optimized with the Yoast SEO plugin v27.5 - https:\/\/yoast.com\/product\/yoast-seo-wordpress\/ -->\n<title>GHB Kaufen - Hohe Reinheit Chemgramx<\/title>\n<meta name=\"description\" content=\"Entdecken Sie hochreines GHB (Gamma-Hydroxybutyrat) f\u00fcr Forschungszwecke. GHB Kaufen in bester Laborqualit\u00e4t f\u00fcr pr\u00e4zise wissenschaftliche Anwendungen.\" \/>\n<meta name=\"robots\" content=\"index, follow, max-snippet:-1, max-image-preview:large, max-video-preview:-1\" \/>\n<link rel=\"canonical\" href=\"https:\/\/chemgramx.com\/es\/producto-1\/comprar-ghb-gamma-hidroxibutirato-online\/\" \/>\n<meta property=\"og:locale\" content=\"es_ES\" \/>\n<meta property=\"og:type\" content=\"article\" \/>\n<meta property=\"og:title\" content=\"GHB Kaufen - Hohe Reinheit Chemgramx\" \/>\n<meta property=\"og:description\" content=\"Entdecken Sie hochreines GHB (Gamma-Hydroxybutyrat) f\u00fcr Forschungszwecke. GHB Kaufen in bester Laborqualit\u00e4t f\u00fcr pr\u00e4zise wissenschaftliche Anwendungen.\" \/>\n<meta property=\"og:url\" content=\"https:\/\/chemgramx.com\/es\/producto-1\/comprar-ghb-gamma-hidroxibutirato-online\/\" \/>\n<meta property=\"og:site_name\" content=\"Chemgramx\" \/>\n<meta property=\"article:modified_time\" content=\"2025-12-09T09:47:20+00:00\" \/>\n<meta property=\"og:image\" content=\"https:\/\/chemgramx.com\/wp-content\/uploads\/2025\/11\/GHB-Gamma-Hydroxybutyrat.jpeg\" \/>\n\t<meta property=\"og:image:width\" content=\"1500\" \/>\n\t<meta property=\"og:image:height\" content=\"1000\" \/>\n\t<meta property=\"og:image:type\" content=\"image\/jpeg\" \/>\n<meta name=\"twitter:card\" content=\"summary_large_image\" \/>\n<meta name=\"twitter:label1\" content=\"Tiempo de lectura\" \/>\n\t<meta name=\"twitter:data1\" content=\"3 minutos\" \/>\n<script type=\"application\/ld+json\" class=\"yoast-schema-graph\">{\"@context\":\"https:\\\/\\\/schema.org\",\"@graph\":[{\"@type\":\"WebPage\",\"@id\":\"https:\\\/\\\/chemgramx.com\\\/product\\\/ghb-gamma-hydroxybutyrat-online-kaufen\\\/\",\"url\":\"https:\\\/\\\/chemgramx.com\\\/product\\\/ghb-gamma-hydroxybutyrat-online-kaufen\\\/\",\"name\":\"GHB Kaufen - Hohe Reinheit Chemgramx\",\"isPartOf\":{\"@id\":\"https:\\\/\\\/chemgramx.com\\\/#website\"},\"primaryImageOfPage\":{\"@id\":\"https:\\\/\\\/chemgramx.com\\\/product\\\/ghb-gamma-hydroxybutyrat-online-kaufen\\\/#primaryimage\"},\"image\":{\"@id\":\"https:\\\/\\\/chemgramx.com\\\/product\\\/ghb-gamma-hydroxybutyrat-online-kaufen\\\/#primaryimage\"},\"thumbnailUrl\":\"https:\\\/\\\/chemgramx.com\\\/wp-content\\\/uploads\\\/2025\\\/11\\\/GHB-Gamma-Hydroxybutyrat.jpeg\",\"datePublished\":\"2025-11-21T20:37:09+00:00\",\"dateModified\":\"2025-12-09T09:47:20+00:00\",\"description\":\"Entdecken Sie hochreines GHB (Gamma-Hydroxybutyrat) f\u00fcr Forschungszwecke. GHB Kaufen in bester Laborqualit\u00e4t f\u00fcr pr\u00e4zise wissenschaftliche Anwendungen.\",\"breadcrumb\":{\"@id\":\"https:\\\/\\\/chemgramx.com\\\/product\\\/ghb-gamma-hydroxybutyrat-online-kaufen\\\/#breadcrumb\"},\"inLanguage\":\"es\",\"potentialAction\":[{\"@type\":\"ReadAction\",\"target\":[\"https:\\\/\\\/chemgramx.com\\\/product\\\/ghb-gamma-hydroxybutyrat-online-kaufen\\\/\"]}]},{\"@type\":\"ImageObject\",\"inLanguage\":\"es\",\"@id\":\"https:\\\/\\\/chemgramx.com\\\/product\\\/ghb-gamma-hydroxybutyrat-online-kaufen\\\/#primaryimage\",\"url\":\"https:\\\/\\\/chemgramx.com\\\/wp-content\\\/uploads\\\/2025\\\/11\\\/GHB-Gamma-Hydroxybutyrat.jpeg\",\"contentUrl\":\"https:\\\/\\\/chemgramx.com\\\/wp-content\\\/uploads\\\/2025\\\/11\\\/GHB-Gamma-Hydroxybutyrat.jpeg\",\"width\":1500,\"height\":1000},{\"@type\":\"BreadcrumbList\",\"@id\":\"https:\\\/\\\/chemgramx.com\\\/product\\\/ghb-gamma-hydroxybutyrat-online-kaufen\\\/#breadcrumb\",\"itemListElement\":[{\"@type\":\"ListItem\",\"position\":1,\"name\":\"Home\",\"item\":\"https:\\\/\\\/chemgramx.com\\\/\"},{\"@type\":\"ListItem\",\"position\":2,\"name\":\"Shop\",\"item\":\"https:\\\/\\\/chemgramx.com\\\/shop\\\/\"},{\"@type\":\"ListItem\",\"position\":3,\"name\":\"GHB Kaufen &#8211; Hohe Reinheit Chemgramx\"}]},{\"@type\":\"WebSite\",\"@id\":\"https:\\\/\\\/chemgramx.com\\\/#website\",\"url\":\"https:\\\/\\\/chemgramx.com\\\/\",\"name\":\"Chemgramx\",\"description\":\"\",\"publisher\":{\"@id\":\"https:\\\/\\\/chemgramx.com\\\/#organization\"},\"potentialAction\":[{\"@type\":\"SearchAction\",\"target\":{\"@type\":\"EntryPoint\",\"urlTemplate\":\"https:\\\/\\\/chemgramx.com\\\/?s={search_term_string}\"},\"query-input\":{\"@type\":\"PropertyValueSpecification\",\"valueRequired\":true,\"valueName\":\"search_term_string\"}}],\"inLanguage\":\"es\"},{\"@type\":\"Organization\",\"@id\":\"https:\\\/\\\/chemgramx.com\\\/#organization\",\"name\":\"Chemgramx\",\"url\":\"https:\\\/\\\/chemgramx.com\\\/\",\"logo\":{\"@type\":\"ImageObject\",\"inLanguage\":\"es\",\"@id\":\"https:\\\/\\\/chemgramx.com\\\/#\\\/schema\\\/logo\\\/image\\\/\",\"url\":\"https:\\\/\\\/chemgramx.com\\\/wp-content\\\/uploads\\\/2024\\\/10\\\/final-logo.png\",\"contentUrl\":\"https:\\\/\\\/chemgramx.com\\\/wp-content\\\/uploads\\\/2024\\\/10\\\/final-logo.png\",\"width\":250,\"height\":48,\"caption\":\"Chemgramx\"},\"image\":{\"@id\":\"https:\\\/\\\/chemgramx.com\\\/#\\\/schema\\\/logo\\\/image\\\/\"}}]}<\/script>\n<!-- \/ Yoast SEO plugin. -->","yoast_head_json":{"title":"Comprar GHB - Alta pureza Chemgramx","description":"Descubra el GHB (gamma-hidroxibutirato) de alta pureza para fines de investigaci\u00f3n. Compre GHB con la mejor calidad de laboratorio para aplicaciones cient\u00edficas precisas.","robots":{"index":"index","follow":"follow","max-snippet":"max-snippet:-1","max-image-preview":"max-image-preview:large","max-video-preview":"max-video-preview:-1"},"canonical":"https:\/\/chemgramx.com\/es\/producto-1\/comprar-ghb-gamma-hidroxibutirato-online\/","og_locale":"es_ES","og_type":"article","og_title":"GHB Kaufen - Hohe Reinheit Chemgramx","og_description":"Entdecken Sie hochreines GHB (Gamma-Hydroxybutyrat) f\u00fcr Forschungszwecke. GHB Kaufen in bester Laborqualit\u00e4t f\u00fcr pr\u00e4zise wissenschaftliche Anwendungen.","og_url":"https:\/\/chemgramx.com\/es\/producto-1\/comprar-ghb-gamma-hidroxibutirato-online\/","og_site_name":"Chemgramx","article_modified_time":"2025-12-09T09:47:20+00:00","og_image":[{"width":1500,"height":1000,"url":"https:\/\/chemgramx.com\/wp-content\/uploads\/2025\/11\/GHB-Gamma-Hydroxybutyrat.jpeg","type":"image\/jpeg"}],"twitter_card":"summary_large_image","twitter_misc":{"Tiempo de lectura":"3 minutos"},"schema":{"@context":"https:\/\/schema.org","@graph":[{"@type":"WebPage","@id":"https:\/\/chemgramx.com\/product\/ghb-gamma-hydroxybutyrat-online-kaufen\/","url":"https:\/\/chemgramx.com\/product\/ghb-gamma-hydroxybutyrat-online-kaufen\/","name":"Comprar GHB - Alta pureza Chemgramx","isPartOf":{"@id":"https:\/\/chemgramx.com\/#website"},"primaryImageOfPage":{"@id":"https:\/\/chemgramx.com\/product\/ghb-gamma-hydroxybutyrat-online-kaufen\/#primaryimage"},"image":{"@id":"https:\/\/chemgramx.com\/product\/ghb-gamma-hydroxybutyrat-online-kaufen\/#primaryimage"},"thumbnailUrl":"https:\/\/chemgramx.com\/wp-content\/uploads\/2025\/11\/GHB-Gamma-Hydroxybutyrat.jpeg","datePublished":"2025-11-21T20:37:09+00:00","dateModified":"2025-12-09T09:47:20+00:00","description":"Descubra el GHB (gamma-hidroxibutirato) de alta pureza para fines de investigaci\u00f3n. Compre GHB con la mejor calidad de laboratorio para aplicaciones cient\u00edficas precisas.","breadcrumb":{"@id":"https:\/\/chemgramx.com\/product\/ghb-gamma-hydroxybutyrat-online-kaufen\/#breadcrumb"},"inLanguage":"es","potentialAction":[{"@type":"ReadAction","target":["https:\/\/chemgramx.com\/product\/ghb-gamma-hydroxybutyrat-online-kaufen\/"]}]},{"@type":"ImageObject","inLanguage":"es","@id":"https:\/\/chemgramx.com\/product\/ghb-gamma-hydroxybutyrat-online-kaufen\/#primaryimage","url":"https:\/\/chemgramx.com\/wp-content\/uploads\/2025\/11\/GHB-Gamma-Hydroxybutyrat.jpeg","contentUrl":"https:\/\/chemgramx.com\/wp-content\/uploads\/2025\/11\/GHB-Gamma-Hydroxybutyrat.jpeg","width":1500,"height":1000},{"@type":"BreadcrumbList","@id":"https:\/\/chemgramx.com\/product\/ghb-gamma-hydroxybutyrat-online-kaufen\/#breadcrumb","itemListElement":[{"@type":"ListItem","position":1,"name":"Home","item":"https:\/\/chemgramx.com\/"},{"@type":"ListItem","position":2,"name":"Shop","item":"https:\/\/chemgramx.com\/shop\/"},{"@type":"ListItem","position":3,"name":"GHB Kaufen &#8211; Hohe Reinheit Chemgramx"}]},{"@type":"WebSite","@id":"https:\/\/chemgramx.com\/#website","url":"https:\/\/chemgramx.com\/","name":"Chemgramx","description":"","publisher":{"@id":"https:\/\/chemgramx.com\/#organization"},"potentialAction":[{"@type":"SearchAction","target":{"@type":"EntryPoint","urlTemplate":"https:\/\/chemgramx.com\/?s={search_term_string}"},"query-input":{"@type":"PropertyValueSpecification","valueRequired":true,"valueName":"search_term_string"}}],"inLanguage":"es"},{"@type":"Organization","@id":"https:\/\/chemgramx.com\/#organization","name":"Chemgramx","url":"https:\/\/chemgramx.com\/","logo":{"@type":"ImageObject","inLanguage":"es","@id":"https:\/\/chemgramx.com\/#\/schema\/logo\/image\/","url":"https:\/\/chemgramx.com\/wp-content\/uploads\/2024\/10\/final-logo.png","contentUrl":"https:\/\/chemgramx.com\/wp-content\/uploads\/2024\/10\/final-logo.png","width":250,"height":48,"caption":"Chemgramx"},"image":{"@id":"https:\/\/chemgramx.com\/#\/schema\/logo\/image\/"}}]}},"_links":{"self":[{"href":"https:\/\/chemgramx.com\/es\/wp-json\/wp\/v2\/product\/8594","targetHints":{"allow":["GET"]}}],"collection":[{"href":"https:\/\/chemgramx.com\/es\/wp-json\/wp\/v2\/product"}],"about":[{"href":"https:\/\/chemgramx.com\/es\/wp-json\/wp\/v2\/types\/product"}],"replies":[{"embeddable":true,"href":"https:\/\/chemgramx.com\/es\/wp-json\/wp\/v2\/comments?post=8594"}],"wp:featuredmedia":[{"embeddable":true,"href":"https:\/\/chemgramx.com\/es\/wp-json\/wp\/v2\/media\/8615"}],"wp:attachment":[{"href":"https:\/\/chemgramx.com\/es\/wp-json\/wp\/v2\/media?parent=8594"}],"wp:term":[{"taxonomy":"product_brand","embeddable":true,"href":"https:\/\/chemgramx.com\/es\/wp-json\/wp\/v2\/product_brand?post=8594"},{"taxonomy":"product_cat","embeddable":true,"href":"https:\/\/chemgramx.com\/es\/wp-json\/wp\/v2\/product_cat?post=8594"},{"taxonomy":"product_tag","embeddable":true,"href":"https:\/\/chemgramx.com\/es\/wp-json\/wp\/v2\/product_tag?post=8594"}],"curies":[{"name":"wp","href":"https:\/\/api.w.org\/{rel}","templated":true}]}}