{"id":8596,"date":"2025-11-21T20:37:09","date_gmt":"2025-11-21T20:37:09","guid":{"rendered":"https:\/\/chemgramx.com\/?post_type=product&#038;p=8596"},"modified":"2025-12-09T09:48:50","modified_gmt":"2025-12-09T09:48:50","slug":"comprar-metoxetamina-mxe-online-2","status":"publish","type":"product","link":"https:\/\/chemgramx.com\/es\/product\/methoxetamin-mxe-online-kaufen\/","title":{"rendered":"Comprar metoxetamina \u2013 Investigaci\u00f3n | Alta pureza"},"content":{"rendered":"<p>Chemgramx le presenta <b>Comprar metoxetamina (MXE) en venta<\/b>, una sustancia de calidad excepcional dise\u00f1ada espec\u00edficamente para fines de investigaci\u00f3n exigentes. Entendemos la importancia cr\u00edtica de la pureza y la fiabilidad en los estudios cient\u00edficos. Por eso garantizamos que nuestro MXE es excepcionalmente puro, ideal para aplicaciones precisas de laboratorio y una s\u00f3lida investigaci\u00f3n cient\u00edfica. Este producto es una arilciclohexilamina y se ha estudiado ampliamente en investigaci\u00f3n debido a sus propiedades \u00fanicas. Pertenece a una clase de sustancias disociativas que act\u00faan como antagonistas de los receptores NMDA.<\/p>\n<p>Nuestra <b>La mejor metoxetamina disponible<\/b> se fabrica bajo los m\u00e1s estrictos controles de calidad y se destina exclusivamente a la investigaci\u00f3n y al uso en laboratorio. Nos aseguramos de que cada lote cumpla nuestras exigentes normas. La precisi\u00f3n de la composici\u00f3n qu\u00edmica y la integridad estructural son esenciales para obtener resultados fiables. Adem\u00e1s, la documentaci\u00f3n de la pureza es una parte clave de nuestra oferta. Obtenga m\u00e1s informaci\u00f3n sobre este fascinante producto qu\u00edmico de investigaci\u00f3n y sus posibles aplicaciones.<\/p>\n<h2>\u00bfQu\u00e9 es la metoxetamina (MXE)?<\/h2>\n<p>La metoxetamina, a menudo abreviada como MXE, es una arilciclohexilamina sint\u00e9tica estructuralmente relacionada con la ketamina y la fenciclidina (PCP). En un principio se investig\u00f3 como posible anest\u00e9sico disociativo y antidepresivo. Sin embargo, su aplicaci\u00f3n principal se ha desplazado al campo de los productos qu\u00edmicos de investigaci\u00f3n. La f\u00f3rmula molecular de la MXE es C<sub>15<\/sub>H<sub>21<\/sub>NO, y tiene una masa molar de 231,33 g\/mol. Su estructura qu\u00edmica se caracteriza por una base de ciclohexilamina, decisiva para sus efectos farmacol\u00f3gicos.<\/p>\n<p>Esta mol\u00e9cula se sintetiz\u00f3 a principios del siglo XXI y r\u00e1pidamente atrajo la atenci\u00f3n de la comunidad cient\u00edfica. Ofrece una alternativa interesante a otras sustancias disociativas para cuestiones de investigaci\u00f3n espec\u00edficas. En consecuencia, el conocimiento preciso de sus propiedades es esencial para cualquier estudio. Por ello, proporcionamos informaci\u00f3n exhaustiva y garantizamos que nuestro producto cumple las normas cient\u00edficas m\u00e1s estrictas.<\/p>\n<h3>Farmacolog\u00eda de la MXE<\/h3>\n<p>El principal efecto de la metoxetamina se basa en su antagonismo en los receptores N-metil-D-aspartato (NMDA). Esto provoca efectos disociativos que se utilizan en la investigaci\u00f3n para estudiar las redes neuronales y modelar determinados estados neurol\u00f3gicos. Adem\u00e1s, la MXE tambi\u00e9n interact\u00faa con el transportador de dopamina, lo que conduce a una inhibici\u00f3n de la recaptaci\u00f3n de dopamina. Esta doble acci\u00f3n hace del MXE una valiosa herramienta en neurofarmacolog\u00eda para estudiar interacciones complejas en el cerebro.<\/p>\n<p>Adem\u00e1s, en algunos estudios tambi\u00e9n se han observado afinidades con los receptores de serotonina, lo que diversifica a\u00fan m\u00e1s el perfil farmacol\u00f3gico de la MXE. A diferencia de la ketamina, se cree que la MXE tiene una mayor duraci\u00f3n de acci\u00f3n y una mayor biodisponibilidad. Estos son factores importantes para el dise\u00f1o experimental. Tambi\u00e9n es importante determinar su dosificaci\u00f3n exacta y las interacciones en <i>in vitro<\/i> y <i>in vivo<\/i> modelos. Esta es la \u00fanica manera de conseguir resultados de investigaci\u00f3n precisos y reproducibles.<\/p>\n<h2>Aplicaciones en la investigaci\u00f3n<\/h2>\n<p>En <b>La calidad de la investigaci\u00f3n a la venta<\/b> La metoxetamina se utiliza en diversas disciplinas cient\u00edficas. Es especialmente \u00fatil en neurobiolog\u00eda y psicofarmacolog\u00eda. Los cient\u00edficos utilizan la MXE para estudiar los mecanismos de disociaci\u00f3n, anestesia y modulaci\u00f3n del dolor. Tambi\u00e9n puede contribuir al estudio de la neuroplasticidad y al desarrollo de nuevas terapias para trastornos neurol\u00f3gicos o psiqui\u00e1tricos. La naturaleza precisa de nuestras sustancias permite realizar montajes experimentales fiables.<\/p>\n<p>Otro campo de investigaci\u00f3n prometedor es el estudio del potencial de las sustancias disociativas para el tratamiento de la depresi\u00f3n y el trastorno de estr\u00e9s postraum\u00e1tico (TEPT). Aunque la investigaci\u00f3n est\u00e1 a\u00fan en sus inicios, la MXE proporciona valiosos conocimientos sobre estos complejos procesos. En consecuencia, los investigadores pueden utilizar <b>Metoxetamina aut\u00e9ntica<\/b> analizar en detalle los efectos espec\u00edficos sobre los sistemas neurotransmisores y la actividad cortical. Por lo tanto, la disponibilidad de material de investigaci\u00f3n puro es de suma importancia para este trabajo pionero.<\/p>\n<h3>Investigaci\u00f3n del antagonismo del receptor NMDA<\/h3>\n<p>El antagonismo del receptor NMDA es un mecanismo de acci\u00f3n central de muchos anest\u00e9sicos disociativos. MXE permite a los cient\u00edficos estudiar este mecanismo en detalle. Esto puede conducir a una mejor comprensi\u00f3n de la formaci\u00f3n de la memoria, los procesos de aprendizaje y el da\u00f1o neuronal. Tambi\u00e9n se est\u00e1n investigando los efectos sobre la plasticidad sin\u00e1ptica. En concreto, se analizar\u00e1n los sitios de uni\u00f3n espec\u00edficos y las afinidades de MXE a las distintas subunidades del receptor NMDA. Esto permitir\u00e1 evaluar mejor el potencial terap\u00e9utico de los antagonistas NMDA.<\/p>\n<h3>Modelizaci\u00f3n de las enfermedades mentales<\/h3>\n<p>En estudios precl\u00ednicos, la MXE puede utilizarse para modelizar s\u00edntomas de enfermedades mentales como la esquizofrenia con el fin de probar nuevas intervenciones farmacol\u00f3gicas. El estado disociativo que puede inducir la MXE es similar a ciertos aspectos de los estados psic\u00f3ticos. Por tanto, constituye una valiosa plataforma para el desarrollo y la evaluaci\u00f3n de nuevos f\u00e1rmacos. Adem\u00e1s, los efectos de la MXE sobre las funciones cognitivas y los patrones de comportamiento pueden investigarse con precisi\u00f3n, contribuyendo a una comprensi\u00f3n m\u00e1s profunda de la fisiopatolog\u00eda de los trastornos mentales.<\/p>\n<h2>Calidad y pureza en Chemgramx<\/h2>\n<p>En Chemgramx damos mucha importancia a la calidad de nuestros productos. Nuestro <b>Metoxetamina de alta calidad<\/b> es un ejemplo de nuestro compromiso con la excelencia. Cada lote se somete a rigurosas pruebas anal\u00edticas para garantizar su pureza e identidad. Utilizamos t\u00e9cnicas de vanguardia como la HPLC (cromatograf\u00eda l\u00edquida de alta resoluci\u00f3n) y la espectroscopia de RMN (resonancia magn\u00e9tica nuclear) para excluir impurezas y confirmar la estructura qu\u00edmica. Esto garantiza que usted <b>Calidad de laboratorio a la venta<\/b> que cumpla las normas m\u00e1s estrictas.<\/p>\n<p>Nuestros productos son conocidos por su calidad constante, esencial para obtener resultados de investigaci\u00f3n reproducibles. Por lo tanto, siempre obtendr\u00e1 un material en el que puede confiar. Ofrecemos documentaci\u00f3n completa para nuestros productos qu\u00edmicos de investigaci\u00f3n. Esto incluye certificados de an\u00e1lisis detallados que confirman la pureza, identidad y concentraci\u00f3n de cada sustancia. Esta transparencia es la piedra angular de nuestra promesa de servicio. Tambi\u00e9n ayuda a nuestros clientes a realizar sus investigaciones con la m\u00e1xima confianza.<\/p>\n<h3>Normas y garant\u00edas anal\u00edticas<\/h3>\n<p>El cumplimiento de las normas anal\u00edticas internacionales es algo natural para nosotros. Trabajamos con laboratorios acreditados para garantizar la m\u00e1xima integridad de nuestros productos. Esto significa que nuestros <b>Metoxetamina de calidad superior<\/b> cumple siempre las especificaciones declaradas. Adem\u00e1s, nuestra misi\u00f3n es proporcionar a la comunidad investigadora sustancias qu\u00edmicas fiables y seguras. Por ello, todas nuestras sustancias se someten a pruebas minuciosas y se procesan de forma segura para mantener su estabilidad y pureza.<\/p>\n<h2>Seguridad y manipulaci\u00f3n en la investigaci\u00f3n<\/h2>\n<p>La manipulaci\u00f3n segura de los productos qu\u00edmicos de investigaci\u00f3n es de vital importancia. La metoxetamina s\u00f3lo debe ser utilizada por personal cualificado en un entorno de laboratorio controlado. Recomendamos el estricto cumplimiento de todas las normas de seguridad pertinentes y el uso de equipos de protecci\u00f3n individual (EPI), incluidos guantes, gafas y batas de laboratorio. Tambi\u00e9n es esencial una buena ventilaci\u00f3n del lugar de trabajo. Siempre deben consultarse las fichas de datos de seguridad de los materiales (MSDS) en caso de dudas sobre su uso seguro.<\/p>\n<p>Es crucial subrayar que la metoxetamina se destina exclusivamente a fines de investigaci\u00f3n y <b>no para consumo humano o uso terap\u00e9utico<\/b> est\u00e1 previsto. Cualquier uso indebido puede tener graves consecuencias para la salud. Por lo tanto, deben tomarse todas las precauciones necesarias para evitar la exposici\u00f3n. El producto debe mantenerse fuera del alcance de personas no autorizadas y, especialmente, de los ni\u00f1os. El uso responsable en el contexto de la investigaci\u00f3n cient\u00edfica es nuestra m\u00e1xima prioridad.<\/p>\n<h3>Recomendaciones para el almacenamiento<\/h3>\n<ul>\n<li>Almacenar la metoxetamina en un lugar fresco, seco y bien ventilado.<\/li>\n<li>Conservar en un recipiente herm\u00e9tico para evitar la contaminaci\u00f3n y la degradaci\u00f3n.<\/li>\n<li>Prot\u00e9jalo de la luz solar directa, la humedad y el calor.<\/li>\n<li>Garantice un almacenamiento seguro y etiquetado para evitar confusiones.<\/li>\n<\/ul>\n<p>Estas medidas contribuyen a mantener la integridad y eficacia del producto durante m\u00e1s tiempo. Tambi\u00e9n garantizan la seguridad en el laboratorio. <b>Metoxetamina aut\u00e9ntica<\/b> conserva mejor sus propiedades cuando se almacena en estas condiciones \u00f3ptimas.<\/p>\n<h2>C\u00f3mo comprar metoxetamina (MXE) en l\u00ednea<\/h2>\n<p>Si usted <b>Encargar metoxetamina online<\/b> Chemgramx le ofrece una plataforma segura y eficaz. Nuestra tienda en l\u00ednea est\u00e1 dise\u00f1ada para facilitarle el acceso a productos qu\u00edmicos de investigaci\u00f3n de alta calidad. Para apoyar nuestra <b>La mejor metoxetamina disponible<\/b> s\u00f3lo tiene que visitar nuestra p\u00e1gina de productos. All\u00ed encontrar\u00e1 toda la informaci\u00f3n pertinente y podr\u00e1 realizar su pedido. Todo el proceso se ha optimizado para garantizar la m\u00e1xima seguridad y discreci\u00f3n. Podr\u00e1 <b>Comprar ahora online<\/b> y benef\u00edciese de nuestra experiencia.<\/p>\n<p>Comprendemos la necesidad de <b>Compra segura<\/b>-proceso. Por ello, hemos implementado tecnolog\u00edas de seguridad de \u00faltima generaci\u00f3n para proteger sus datos y transacciones. Nuestro equipo de atenci\u00f3n al cliente est\u00e1 siempre disponible para responder a sus preguntas y ayudarle a seleccionar y comprar los productos adecuados. Estamos orgullosos de ser una fuente fiable de productos qu\u00edmicos para investigaci\u00f3n. Adem\u00e1s, tambi\u00e9n puede adquirir otros <a href=\"https:\/\/chemgramx.com\/product\/legal-psychedelics-kaufen\/\">comprar psicod\u00e9licos legales<\/a>, relevantes para la investigaci\u00f3n cient\u00edfica. Visite nuestra p\u00e1gina principal para <a href=\"https:\/\/chemgramx.com\/product\/methoxetamin-mxe-online-kaufen\/\">Comprar metoxetamina (MXE) en l\u00ednea<\/a>, para cubrir sus necesidades de investigaci\u00f3n.<\/p>\n<h2>\u00bfPor qu\u00e9 comprar en Chemgramx?<\/h2>\n<p>Chemgramx es su socio de confianza para productos qu\u00edmicos de investigaci\u00f3n de alta calidad. No s\u00f3lo ofrecemos <b>Metoxetamina de alta calidad<\/b>, sino tambi\u00e9n un servicio y una asistencia t\u00e9cnica inigualables. Nuestro compromiso con la pureza y la calidad es inquebrantable, lo que nos convierte en la opci\u00f3n preferida de investigadores de todo el mundo. Por \u00faltimo, nos aseguramos de que todos nuestros productos se procesen cuidadosamente y se conserven en condiciones \u00f3ptimas.<\/p>\n<p>Siempre nos esforzamos por superar las expectativas de nuestros clientes. Si usted <b>Comprar metoxetamina en venta<\/b>, invierta en la fiabilidad de su investigaci\u00f3n. Nuestra experiencia en el campo de los productos qu\u00edmicos para investigaci\u00f3n le garantiza que s\u00f3lo recibir\u00e1 lo mejor. Adem\u00e1s, ampliamos continuamente nuestra gama para satisfacer las necesidades cambiantes de la comunidad cient\u00edfica. Comprar a Chemgramx significa elegir precisi\u00f3n, calidad y un servicio excepcional.<\/p>","protected":false},"excerpt":{"rendered":"<p>Descubra <b>Metoxetamina (MXE)<\/b> en Chemgramx, una arilciclohexilamina de <b>m\u00e1xima pureza<\/b>, ideal para fines de investigaci\u00f3n exigentes. Esta mol\u00e9cula disociativa act\u00faa como antagonista del receptor NMDA e inhibidor de la recaptaci\u00f3n de dopamina. Est\u00e1 estrictamente destinada a estudios de laboratorio, no al consumo humano. Adquirir <b>La calidad de la investigaci\u00f3n a la venta<\/b> y <a href=\"https:\/\/chemgramx.com\/product\/methoxetamin-mxe-online-kaufen\/\">comprar Methoxetamine en Chemgramx<\/a> para obtener resultados precisos.<\/p>\n<ul>\n<li>Pura calidad investigadora<\/li>\n<li>Propiedades antagonistas NMDA<\/li>\n<li>Exclusivamente para estudios de laboratorio<\/li>\n<\/ul>","protected":false},"featured_media":8617,"comment_status":"open","ping_status":"closed","template":"","meta":{"_joinchat":[]},"product_brand":[],"product_cat":[65],"product_tag":[188,1814,2048,2050,2054,2052,2049,2053,2051,2046],"class_list":{"0":"post-8596","1":"product","2":"type-product","3":"status-publish","4":"has-post-thumbnail","6":"product_cat-arylcyclohexylamine","7":"product_tag-forschungschemikalien","8":"product_tag-forschungsstoffe-kaufen","9":"product_tag-methoxetamine","10":"product_tag-methoxetamine-kaufen","11":"product_tag-methoxetamine-online","12":"product_tag-methoxetamine-pulver","13":"product_tag-mxe-kaufen","14":"product_tag-mxe-kristalle","15":"product_tag-mxe-zum-verkauf","16":"product_tag-synthetische-dissoziativa","18":"first","19":"instock","20":"shipping-taxable","21":"purchasable","22":"product-type-variable"},"yoast_head":"<!-- This site is optimized with the Yoast SEO plugin v27.5 - https:\/\/yoast.com\/product\/yoast-seo-wordpress\/ -->\n<title>Methoxetamin Kaufen \u2013 Forschung | Hohe Reinheit<\/title>\n<meta name=\"description\" content=\"Erwerben Sie hochwertiges Methoxetamin (MXE) f\u00fcr Ihre Forschung. Top Qualit\u00e4t und Laborstandard zum Verkauf bei Chemgramx. Jetzt sicher online bestellen.\" \/>\n<meta name=\"robots\" content=\"index, follow, max-snippet:-1, max-image-preview:large, max-video-preview:-1\" \/>\n<link rel=\"canonical\" href=\"https:\/\/chemgramx.com\/es\/producto-1\/comprar-metoxetamina-mxe-online-2\/\" \/>\n<meta property=\"og:locale\" content=\"es_ES\" \/>\n<meta property=\"og:type\" content=\"article\" \/>\n<meta property=\"og:title\" content=\"Methoxetamin Kaufen \u2013 Forschung | Hohe Reinheit\" \/>\n<meta property=\"og:description\" content=\"Erwerben Sie hochwertiges Methoxetamin (MXE) f\u00fcr Ihre Forschung. Top Qualit\u00e4t und Laborstandard zum Verkauf bei Chemgramx. Jetzt sicher online bestellen.\" \/>\n<meta property=\"og:url\" content=\"https:\/\/chemgramx.com\/es\/producto-1\/comprar-metoxetamina-mxe-online-2\/\" \/>\n<meta property=\"og:site_name\" content=\"Chemgramx\" \/>\n<meta property=\"article:modified_time\" content=\"2025-12-09T09:48:50+00:00\" \/>\n<meta property=\"og:image\" content=\"https:\/\/chemgramx.com\/wp-content\/uploads\/2025\/11\/mxe.png\" \/>\n\t<meta property=\"og:image:width\" content=\"600\" \/>\n\t<meta property=\"og:image:height\" content=\"400\" \/>\n\t<meta property=\"og:image:type\" content=\"image\/png\" \/>\n<meta name=\"twitter:card\" content=\"summary_large_image\" \/>\n<meta name=\"twitter:label1\" content=\"Tiempo de lectura\" \/>\n\t<meta name=\"twitter:data1\" content=\"4 minutos\" \/>\n<script type=\"application\/ld+json\" class=\"yoast-schema-graph\">{\"@context\":\"https:\\\/\\\/schema.org\",\"@graph\":[{\"@type\":\"WebPage\",\"@id\":\"https:\\\/\\\/chemgramx.com\\\/product\\\/methoxetamin-mxe-online-kaufen\\\/\",\"url\":\"https:\\\/\\\/chemgramx.com\\\/product\\\/methoxetamin-mxe-online-kaufen\\\/\",\"name\":\"Methoxetamin Kaufen \u2013 Forschung | Hohe Reinheit\",\"isPartOf\":{\"@id\":\"https:\\\/\\\/chemgramx.com\\\/#website\"},\"primaryImageOfPage\":{\"@id\":\"https:\\\/\\\/chemgramx.com\\\/product\\\/methoxetamin-mxe-online-kaufen\\\/#primaryimage\"},\"image\":{\"@id\":\"https:\\\/\\\/chemgramx.com\\\/product\\\/methoxetamin-mxe-online-kaufen\\\/#primaryimage\"},\"thumbnailUrl\":\"https:\\\/\\\/chemgramx.com\\\/wp-content\\\/uploads\\\/2025\\\/11\\\/mxe.png\",\"datePublished\":\"2025-11-21T20:37:09+00:00\",\"dateModified\":\"2025-12-09T09:48:50+00:00\",\"description\":\"Erwerben Sie hochwertiges Methoxetamin (MXE) f\u00fcr Ihre Forschung. Top Qualit\u00e4t und Laborstandard zum Verkauf bei Chemgramx. Jetzt sicher online bestellen.\",\"breadcrumb\":{\"@id\":\"https:\\\/\\\/chemgramx.com\\\/product\\\/methoxetamin-mxe-online-kaufen\\\/#breadcrumb\"},\"inLanguage\":\"es\",\"potentialAction\":[{\"@type\":\"ReadAction\",\"target\":[\"https:\\\/\\\/chemgramx.com\\\/product\\\/methoxetamin-mxe-online-kaufen\\\/\"]}]},{\"@type\":\"ImageObject\",\"inLanguage\":\"es\",\"@id\":\"https:\\\/\\\/chemgramx.com\\\/product\\\/methoxetamin-mxe-online-kaufen\\\/#primaryimage\",\"url\":\"https:\\\/\\\/chemgramx.com\\\/wp-content\\\/uploads\\\/2025\\\/11\\\/mxe.png\",\"contentUrl\":\"https:\\\/\\\/chemgramx.com\\\/wp-content\\\/uploads\\\/2025\\\/11\\\/mxe.png\",\"width\":600,\"height\":400},{\"@type\":\"BreadcrumbList\",\"@id\":\"https:\\\/\\\/chemgramx.com\\\/product\\\/methoxetamin-mxe-online-kaufen\\\/#breadcrumb\",\"itemListElement\":[{\"@type\":\"ListItem\",\"position\":1,\"name\":\"Home\",\"item\":\"https:\\\/\\\/chemgramx.com\\\/\"},{\"@type\":\"ListItem\",\"position\":2,\"name\":\"Shop\",\"item\":\"https:\\\/\\\/chemgramx.com\\\/shop\\\/\"},{\"@type\":\"ListItem\",\"position\":3,\"name\":\"Methoxetamin Kaufen \u2013 Forschung | Hohe Reinheit\"}]},{\"@type\":\"WebSite\",\"@id\":\"https:\\\/\\\/chemgramx.com\\\/#website\",\"url\":\"https:\\\/\\\/chemgramx.com\\\/\",\"name\":\"Chemgramx\",\"description\":\"\",\"publisher\":{\"@id\":\"https:\\\/\\\/chemgramx.com\\\/#organization\"},\"potentialAction\":[{\"@type\":\"SearchAction\",\"target\":{\"@type\":\"EntryPoint\",\"urlTemplate\":\"https:\\\/\\\/chemgramx.com\\\/?s={search_term_string}\"},\"query-input\":{\"@type\":\"PropertyValueSpecification\",\"valueRequired\":true,\"valueName\":\"search_term_string\"}}],\"inLanguage\":\"es\"},{\"@type\":\"Organization\",\"@id\":\"https:\\\/\\\/chemgramx.com\\\/#organization\",\"name\":\"Chemgramx\",\"url\":\"https:\\\/\\\/chemgramx.com\\\/\",\"logo\":{\"@type\":\"ImageObject\",\"inLanguage\":\"es\",\"@id\":\"https:\\\/\\\/chemgramx.com\\\/#\\\/schema\\\/logo\\\/image\\\/\",\"url\":\"https:\\\/\\\/chemgramx.com\\\/wp-content\\\/uploads\\\/2024\\\/10\\\/final-logo.png\",\"contentUrl\":\"https:\\\/\\\/chemgramx.com\\\/wp-content\\\/uploads\\\/2024\\\/10\\\/final-logo.png\",\"width\":250,\"height\":48,\"caption\":\"Chemgramx\"},\"image\":{\"@id\":\"https:\\\/\\\/chemgramx.com\\\/#\\\/schema\\\/logo\\\/image\\\/\"}}]}<\/script>\n<!-- \/ Yoast SEO plugin. -->","yoast_head_json":{"title":"Comprar metoxetamina \u2013 Investigaci\u00f3n | Alta pureza","description":"Comprar Methoxetamine (MXE) de alta calidad para su investigaci\u00f3n. Calidad superior y est\u00e1ndar de laboratorio a la venta en Chemgramx. Haga su pedido en l\u00ednea de forma segura ahora.","robots":{"index":"index","follow":"follow","max-snippet":"max-snippet:-1","max-image-preview":"max-image-preview:large","max-video-preview":"max-video-preview:-1"},"canonical":"https:\/\/chemgramx.com\/es\/producto-1\/comprar-metoxetamina-mxe-online-2\/","og_locale":"es_ES","og_type":"article","og_title":"Methoxetamin Kaufen \u2013 Forschung | Hohe Reinheit","og_description":"Erwerben Sie hochwertiges Methoxetamin (MXE) f\u00fcr Ihre Forschung. Top Qualit\u00e4t und Laborstandard zum Verkauf bei Chemgramx. Jetzt sicher online bestellen.","og_url":"https:\/\/chemgramx.com\/es\/producto-1\/comprar-metoxetamina-mxe-online-2\/","og_site_name":"Chemgramx","article_modified_time":"2025-12-09T09:48:50+00:00","og_image":[{"width":600,"height":400,"url":"https:\/\/chemgramx.com\/wp-content\/uploads\/2025\/11\/mxe.png","type":"image\/png"}],"twitter_card":"summary_large_image","twitter_misc":{"Tiempo de lectura":"4 minutos"},"schema":{"@context":"https:\/\/schema.org","@graph":[{"@type":"WebPage","@id":"https:\/\/chemgramx.com\/product\/methoxetamin-mxe-online-kaufen\/","url":"https:\/\/chemgramx.com\/product\/methoxetamin-mxe-online-kaufen\/","name":"Comprar metoxetamina \u2013 Investigaci\u00f3n | Alta pureza","isPartOf":{"@id":"https:\/\/chemgramx.com\/#website"},"primaryImageOfPage":{"@id":"https:\/\/chemgramx.com\/product\/methoxetamin-mxe-online-kaufen\/#primaryimage"},"image":{"@id":"https:\/\/chemgramx.com\/product\/methoxetamin-mxe-online-kaufen\/#primaryimage"},"thumbnailUrl":"https:\/\/chemgramx.com\/wp-content\/uploads\/2025\/11\/mxe.png","datePublished":"2025-11-21T20:37:09+00:00","dateModified":"2025-12-09T09:48:50+00:00","description":"Comprar Methoxetamine (MXE) de alta calidad para su investigaci\u00f3n. Calidad superior y est\u00e1ndar de laboratorio a la venta en Chemgramx. Haga su pedido en l\u00ednea de forma segura ahora.","breadcrumb":{"@id":"https:\/\/chemgramx.com\/product\/methoxetamin-mxe-online-kaufen\/#breadcrumb"},"inLanguage":"es","potentialAction":[{"@type":"ReadAction","target":["https:\/\/chemgramx.com\/product\/methoxetamin-mxe-online-kaufen\/"]}]},{"@type":"ImageObject","inLanguage":"es","@id":"https:\/\/chemgramx.com\/product\/methoxetamin-mxe-online-kaufen\/#primaryimage","url":"https:\/\/chemgramx.com\/wp-content\/uploads\/2025\/11\/mxe.png","contentUrl":"https:\/\/chemgramx.com\/wp-content\/uploads\/2025\/11\/mxe.png","width":600,"height":400},{"@type":"BreadcrumbList","@id":"https:\/\/chemgramx.com\/product\/methoxetamin-mxe-online-kaufen\/#breadcrumb","itemListElement":[{"@type":"ListItem","position":1,"name":"Home","item":"https:\/\/chemgramx.com\/"},{"@type":"ListItem","position":2,"name":"Shop","item":"https:\/\/chemgramx.com\/shop\/"},{"@type":"ListItem","position":3,"name":"Methoxetamin Kaufen \u2013 Forschung | Hohe Reinheit"}]},{"@type":"WebSite","@id":"https:\/\/chemgramx.com\/#website","url":"https:\/\/chemgramx.com\/","name":"Chemgramx","description":"","publisher":{"@id":"https:\/\/chemgramx.com\/#organization"},"potentialAction":[{"@type":"SearchAction","target":{"@type":"EntryPoint","urlTemplate":"https:\/\/chemgramx.com\/?s={search_term_string}"},"query-input":{"@type":"PropertyValueSpecification","valueRequired":true,"valueName":"search_term_string"}}],"inLanguage":"es"},{"@type":"Organization","@id":"https:\/\/chemgramx.com\/#organization","name":"Chemgramx","url":"https:\/\/chemgramx.com\/","logo":{"@type":"ImageObject","inLanguage":"es","@id":"https:\/\/chemgramx.com\/#\/schema\/logo\/image\/","url":"https:\/\/chemgramx.com\/wp-content\/uploads\/2024\/10\/final-logo.png","contentUrl":"https:\/\/chemgramx.com\/wp-content\/uploads\/2024\/10\/final-logo.png","width":250,"height":48,"caption":"Chemgramx"},"image":{"@id":"https:\/\/chemgramx.com\/#\/schema\/logo\/image\/"}}]}},"_links":{"self":[{"href":"https:\/\/chemgramx.com\/es\/wp-json\/wp\/v2\/product\/8596","targetHints":{"allow":["GET"]}}],"collection":[{"href":"https:\/\/chemgramx.com\/es\/wp-json\/wp\/v2\/product"}],"about":[{"href":"https:\/\/chemgramx.com\/es\/wp-json\/wp\/v2\/types\/product"}],"replies":[{"embeddable":true,"href":"https:\/\/chemgramx.com\/es\/wp-json\/wp\/v2\/comments?post=8596"}],"wp:featuredmedia":[{"embeddable":true,"href":"https:\/\/chemgramx.com\/es\/wp-json\/wp\/v2\/media\/8617"}],"wp:attachment":[{"href":"https:\/\/chemgramx.com\/es\/wp-json\/wp\/v2\/media?parent=8596"}],"wp:term":[{"taxonomy":"product_brand","embeddable":true,"href":"https:\/\/chemgramx.com\/es\/wp-json\/wp\/v2\/product_brand?post=8596"},{"taxonomy":"product_cat","embeddable":true,"href":"https:\/\/chemgramx.com\/es\/wp-json\/wp\/v2\/product_cat?post=8596"},{"taxonomy":"product_tag","embeddable":true,"href":"https:\/\/chemgramx.com\/es\/wp-json\/wp\/v2\/product_tag?post=8596"}],"curies":[{"name":"wp","href":"https:\/\/api.w.org\/{rel}","templated":true}]}}