{"id":8720,"date":"2025-12-11T00:27:46","date_gmt":"2025-12-11T00:27:46","guid":{"rendered":"https:\/\/chemgramx.com\/?post_type=product&#038;p=8720"},"modified":"2025-12-11T01:03:56","modified_gmt":"2025-12-11T01:03:56","slug":"comprar-nb-5-meo-dalt-oxalate","status":"publish","type":"product","link":"https:\/\/chemgramx.com\/es\/product\/nb-5-meo-dalt-oxalate-kaufen\/","title":{"rendered":"Comprar oxalato de NB-5-MeO-DALT"},"content":{"rendered":"<p><b>NB-5-MeO-DALT Oxalato<\/b> es un <b>Investigaci\u00f3n qu\u00edmica<\/b>, que se utilizan en los sectores bioqu\u00edmico y <b>investigaci\u00f3n neurofarmacol\u00f3gica b\u00e1sica<\/b> se utiliza. Su estructura se deriva de la clase biol\u00f3gicamente importante de <b>Triptaminas<\/b> lo que las convierte en una herramienta fundamental para la <b>Investigaci\u00f3n espec\u00edfica del sistema receptor de la serotonina<\/b> en el sistema nervioso central (SNC). Esta conexi\u00f3n es <b>exclusivamente<\/b> para su uso en <b>entornos de laboratorio controlados y profesionales<\/b> dise\u00f1ados. Sus sustituyentes \u00fanicos y la garant\u00eda <b>Alto grado de pureza<\/b> predestinarlos para estudios cient\u00edficos avanzados. En consecuencia, la manipulaci\u00f3n de esta sustancia est\u00e1 sujeta a la <b>los protocolos de seguridad, \u00e9ticos y jur\u00eddicos m\u00e1s estrictos<\/b>. Un conocimiento detallado de la nomenclatura qu\u00edmica, la relevancia farmacol\u00f3gica y las normas de laboratorio necesarias es esencial para el uso profesional.<\/p>\n<h2>Nomenclatura qu\u00edmica y similitud estructural<\/h2>\n<p>El nombre qu\u00edmico exacto de NB-5-MeO-DALT es <b>Oxalato de N-butil-5-metoxi-N-aliltriptamina<\/b>. Esta nomenclatura no es s\u00f3lo un nombre, sino un perfil qu\u00edmico que explica claramente la clasificaci\u00f3n como triptamina sustituida y las modificaciones espec\u00edficas de la columna vertebral. La estructura exacta es la clave para comprender su actividad potencial en los receptores 5-HT.<\/p>\n<h3>La columna vertebral de las triptaminas: base de la neurofarmacolog\u00eda<\/h3>\n<p>NB-5-MeO-DALT pertenece como <b>Indol alquilamina<\/b> a la clase qu\u00edmica fundamental de <b>Triptaminas<\/b>. Esta estructura b\u00e1sica est\u00e1 estrechamente relacionada qu\u00edmicamente con el neurotransmisor del propio organismo <b>Serotonina (5-hidroxitriptamina)<\/b>.<\/p>\n<ul>\n<li><b>Afinidad receptora:<\/b> Debido a esta analog\u00eda estructural, las sustancias de esta clase suelen interactuar con una variedad de <b>Subtipos de receptores de serotonina<\/b> en el sistema nervioso central. Esto hace que el compuesto sea ideal <b>Herramienta ligando<\/b> para la investigaci\u00f3n de la cin\u00e9tica y la funci\u00f3n de los receptores.<\/li>\n<li><b>Clase indol:<\/b> La estructura ind\u00f3lica es esencial para la uni\u00f3n a los bolsillos proteicos del <b>Receptores acoplados a prote\u00ednas G (GPCR)<\/b>, que incluyen los receptores de serotonina.<\/li>\n<\/ul>\n<h3>Sustituyentes espec\u00edficos: El regulador de la actividad<\/h3>\n<p>Las propiedades farmacol\u00f3gicas vienen determinadas por sustituciones espec\u00edficas en la mol\u00e9cula de triptamina. Estas modificaciones son decisivas para la <b>Relaciones estructura-actividad (SAR)<\/b>:<\/p>\n<ul>\n<li><b>5-MeO (grupo 5-metoxi):<\/b> Este grupo en el anillo de indol (posici\u00f3n C5) se encuentra en otras triptaminas farmacol\u00f3gicamente relevantes (como la 5-MeO-DMT) y a menudo se asocia con un <b>mayor afinidad y potencia<\/b> en determinados receptores de serotonina. La electronegatividad del grupo metoxi influye en la densidad electr\u00f3nica del sistema de anillos.<\/li>\n<li><b>N-butilo y N-alilo:<\/b> Las sustituciones complejas en el grupo amino (N) de la cola de etilamina son decisivas para la <b>Farmacocin\u00e9tica<\/b>. Estos grupos <b>aumentar la lipofilia<\/b> del compuesto. El aumento de la lipofilia es decisivo para la facilidad con que la sustancia penetra las barreras biol\u00f3gicas, en particular el <b>Barrera hematoencef\u00e1lica<\/b>, que es esencial para la realizaci\u00f3n de <i>in vivo<\/i> o <i>in vitro<\/i> estudios de cultivos celulares es de vital importancia.<\/li>\n<\/ul>\n<h3>La forma oxalato: Estabilidad y precisi\u00f3n anal\u00edticas<\/h3>\n<p>La disposici\u00f3n <b>Sal de oxalato<\/b> es una elecci\u00f3n deliberada para la investigaci\u00f3n anal\u00edtica.<\/p>\n<ul>\n<li><b>Peso molecular:<\/b> La forma oxalato tiene un peso molecular de <b><span class=\"math-inline\" data-math=\"401.45 text{ g}\/text{mol}\">401,45 g\/mol<\/span><\/b>. La masa exacta es esencial para la preparaci\u00f3n gravim\u00e9trica de soluciones molares.<\/li>\n<li><b>Precisi\u00f3n de dosificaci\u00f3n:<\/b> La formaci\u00f3n de la sal sirve al <b>Mejora de la estabilidad qu\u00edmica<\/b> y el <b>Precisi\u00f3n de dosificaci\u00f3n<\/b> en el laboratorio. Esto garantiza una concentraci\u00f3n constante en las soluciones de investigaci\u00f3n.<\/li>\n<li><b>Solubilidad en agua:<\/b> Los oxalatos ofrecen a menudo un <b>solubilidad moderada en agua<\/b> en comparaci\u00f3n con la base libre, lo que facilita mucho la preparaci\u00f3n de soluciones de investigaci\u00f3n acuosas y estables para experimentos fisiol\u00f3gicos.<\/li>\n<\/ul>\n<h2>\u00c1reas de investigaci\u00f3n y relevancia farmacol\u00f3gica<\/h2>\n<p>El oxalato NB-5-MeO-DALT sirve de instrumento preciso en la <b>Neurofarmacolog\u00eda<\/b>. La principal aplicaci\u00f3n reside en la elucidaci\u00f3n de los mecanismos celulares y moleculares b\u00e1sicos.<\/p>\n<h3><b>Aplicaciones centrales de investigaci\u00f3n<\/b><\/h3>\n<ul>\n<li><b>Estudios del mecanismo de acci\u00f3n (MoA):<\/b> La conexi\u00f3n se convierte en <b><a href=\"\/product\/camel-stamp-hash-kaufen\/\">Clasificaci\u00f3n<\/a> de la actividad del ligando<\/b> (agonista, agonista parcial, antagonista) en subtipos espec\u00edficos de receptores de serotonina. Esto es fundamental para comprender la <b>SAR<\/b> dentro de la clase de las triptaminas y para el desarrollo racional de nuevos candidatos a f\u00e1rmacos.<\/li>\n<li><b>Investigaci\u00f3n del metabolismo:<\/b> Investigaciones sobre la <b>estabilidad bioqu\u00edmica<\/b> y el <b>v\u00edas de degradaci\u00f3n enzim\u00e1tica (metabolismo)<\/b> de la conexi\u00f3n (<i>in vitro<\/i> con microsomas hep\u00e1ticos) son esenciales. Tales estudios sirven para predecir la <b>semivida biol\u00f3gica<\/b> y la identificaci\u00f3n de sustancias potencialmente activas o t\u00f3xicas <b>Metabolitos<\/b>.<\/li>\n<\/ul>\n<h2>Protocolos de seguridad y gesti\u00f3n de laboratorios: cumplimiento \u00e9tico y legal<\/h2>\n<p>Debido a la <b>perfil toxicol\u00f3gico humano desconocido<\/b> y la potencial naturaleza psicoactiva de estos an\u00e1logos de la triptamina son <b>Los protocolos de seguridad m\u00e1s estrictos son obligatorios<\/b>. El uso es exclusivamente para <b>Investigaci\u00f3n cualificada<\/b> en un <b>entorno de laboratorio controlado<\/b> autorizado.<\/p>\n<h3><b>Normas de laboratorio exigidas<\/b><\/h3>\n<ul>\n<li><b>Conformidad con las BPL:<\/b> Todos los proyectos de investigaci\u00f3n deben cumplir la <b>Normas de Buenas Pr\u00e1cticas de Laboratorio (BPL)<\/b> se lleven a cabo. Esto incluye la <b>Documentaci\u00f3n<\/b> de todos los pasos de producci\u00f3n, mediciones y resultados para garantizar la integridad de los datos.<\/li>\n<li><b>Equipo de protecci\u00f3n individual (EPI):<\/b> La manipulaci\u00f3n del polvo cristalino y de las soluciones requiere el uso obligatorio de <b>Batas de protecci\u00f3n qu\u00edmica, guantes desechables<\/b> (nitrilo) y <b>Protecci\u00f3n ocular<\/b> (gafas de protecci\u00f3n completas). Esto minimiza el riesgo de exposici\u00f3n por inhalaci\u00f3n, contacto con la piel o ingesti\u00f3n accidental.<\/li>\n<li><b>Ventilaci\u00f3n y almacenamiento:<\/b> La manipulaci\u00f3n de la sustancia pura debe realizarse bajo un <b>vitrina de gases qu\u00edmicos certificada<\/b> con una circulaci\u00f3n de aire adecuada para evitar la inhalaci\u00f3n de polvos o vapores potencialmente nocivos. El almacenamiento requiere un <b>oscuro, fresco<\/b> Medio ambiente, idealmente <b>en atm\u00f3sfera de gas inerte (arg\u00f3n\/nitr\u00f3geno)<\/b>para optimizar la <b>Sensibilidad a la luz y al ox\u00edgeno<\/b> de la estructura del anillo de indol y garantizar la pureza declarada y la estabilidad a largo plazo.<\/li>\n<\/ul>\n<h2>Aviso jur\u00eddico - Cumplimiento estricto<\/h2>\n<p>Este producto es\u00a0<b>exclusivamente con fines de investigaci\u00f3n<\/b>\u00a0en instituciones cient\u00edficas. El comprador confirma por la compra: el uso s\u00f3lo en\u00a0<b>entornos de investigaci\u00f3n jur\u00eddica<\/b>que\u00a0<b>Cumplimiento de todas las leyes y normativas locales<\/b>que\u00a0<b>Aplicaci\u00f3n de medidas de seguridad adecuadas<\/b>\u00a0y el\u00a0<b>Prohibici\u00f3n de uso no autorizado<\/b>.<\/p>","protected":false},"excerpt":{"rendered":"<p>Comprar oxalato de NB-5-MeO-DALT: Producto qu\u00edmico de investigaci\u00f3n de alta pureza en forma de oxalato para fines de investigaci\u00f3n cient\u00edfica. Calidad probada en laboratorio con certificado de an\u00e1lisis. Exclusivamente para fines de investigaci\u00f3n en entornos de laboratorio.<\/p>","protected":false},"featured_media":8751,"comment_status":"open","ping_status":"closed","template":"","meta":{"_joinchat":[]},"product_brand":[],"product_cat":[54],"product_tag":[],"class_list":{"0":"post-8720","1":"product","2":"type-product","3":"status-publish","4":"has-post-thumbnail","6":"product_cat-tryptamines","8":"first","9":"instock","10":"shipping-taxable","11":"purchasable","12":"product-type-variable"},"yoast_head":"<!-- This site is optimized with the Yoast SEO plugin v27.5 - https:\/\/yoast.com\/product\/yoast-seo-wordpress\/ -->\n<title>NB-5-MeO-DALT Oxalate Kaufen | Research ChemicalChemgramx<\/title>\n<meta name=\"description\" content=\"NB-5-MeO-DALT Oxalate kaufen - Hochreine Forschungschemikalie f\u00fcr wissenschaftliche Zwecke. Laborgepr\u00fcfte Qualit\u00e4t, diskret &amp; sicher. Nur f\u00fcr Forschungszwecke.\" \/>\n<meta name=\"robots\" content=\"index, follow, max-snippet:-1, max-image-preview:large, max-video-preview:-1\" \/>\n<link rel=\"canonical\" href=\"https:\/\/chemgramx.com\/es\/producto-1\/comprar-nb-5-meo-dalt-oxalate\/\" \/>\n<meta property=\"og:locale\" content=\"es_ES\" \/>\n<meta property=\"og:type\" content=\"article\" \/>\n<meta property=\"og:title\" content=\"NB-5-MeO-DALT Oxalate Kaufen | Research ChemicalChemgramx\" \/>\n<meta property=\"og:description\" content=\"NB-5-MeO-DALT Oxalate kaufen - Hochreine Forschungschemikalie f\u00fcr wissenschaftliche Zwecke. Laborgepr\u00fcfte Qualit\u00e4t, diskret &amp; sicher. Nur f\u00fcr Forschungszwecke.\" \/>\n<meta property=\"og:url\" content=\"https:\/\/chemgramx.com\/es\/producto-1\/comprar-nb-5-meo-dalt-oxalate\/\" \/>\n<meta property=\"og:site_name\" content=\"Chemgramx\" \/>\n<meta property=\"article:modified_time\" content=\"2025-12-11T01:03:56+00:00\" \/>\n<meta property=\"og:image\" content=\"https:\/\/chemgramx.com\/wp-content\/uploads\/2025\/12\/buy-nb-5-meo-dalt-oxalate-chem-store-online.png\" \/>\n\t<meta property=\"og:image:width\" content=\"560\" \/>\n\t<meta property=\"og:image:height\" content=\"517\" \/>\n\t<meta property=\"og:image:type\" content=\"image\/png\" \/>\n<meta name=\"twitter:card\" content=\"summary_large_image\" \/>\n<meta name=\"twitter:label1\" content=\"Tiempo de lectura\" \/>\n\t<meta name=\"twitter:data1\" content=\"4 minutos\" \/>\n<script type=\"application\/ld+json\" class=\"yoast-schema-graph\">{\"@context\":\"https:\\\/\\\/schema.org\",\"@graph\":[{\"@type\":\"WebPage\",\"@id\":\"https:\\\/\\\/chemgramx.com\\\/product\\\/nb-5-meo-dalt-oxalate-kaufen\\\/\",\"url\":\"https:\\\/\\\/chemgramx.com\\\/product\\\/nb-5-meo-dalt-oxalate-kaufen\\\/\",\"name\":\"NB-5-MeO-DALT Oxalate Kaufen | Research ChemicalChemgramx\",\"isPartOf\":{\"@id\":\"https:\\\/\\\/chemgramx.com\\\/#website\"},\"primaryImageOfPage\":{\"@id\":\"https:\\\/\\\/chemgramx.com\\\/product\\\/nb-5-meo-dalt-oxalate-kaufen\\\/#primaryimage\"},\"image\":{\"@id\":\"https:\\\/\\\/chemgramx.com\\\/product\\\/nb-5-meo-dalt-oxalate-kaufen\\\/#primaryimage\"},\"thumbnailUrl\":\"https:\\\/\\\/chemgramx.com\\\/wp-content\\\/uploads\\\/2025\\\/12\\\/buy-nb-5-meo-dalt-oxalate-chem-store-online.png\",\"datePublished\":\"2025-12-11T00:27:46+00:00\",\"dateModified\":\"2025-12-11T01:03:56+00:00\",\"description\":\"NB-5-MeO-DALT Oxalate kaufen - Hochreine Forschungschemikalie f\u00fcr wissenschaftliche Zwecke. Laborgepr\u00fcfte Qualit\u00e4t, diskret &amp; sicher. Nur f\u00fcr Forschungszwecke.\",\"breadcrumb\":{\"@id\":\"https:\\\/\\\/chemgramx.com\\\/product\\\/nb-5-meo-dalt-oxalate-kaufen\\\/#breadcrumb\"},\"inLanguage\":\"es\",\"potentialAction\":[{\"@type\":\"ReadAction\",\"target\":[\"https:\\\/\\\/chemgramx.com\\\/product\\\/nb-5-meo-dalt-oxalate-kaufen\\\/\"]}]},{\"@type\":\"ImageObject\",\"inLanguage\":\"es\",\"@id\":\"https:\\\/\\\/chemgramx.com\\\/product\\\/nb-5-meo-dalt-oxalate-kaufen\\\/#primaryimage\",\"url\":\"https:\\\/\\\/chemgramx.com\\\/wp-content\\\/uploads\\\/2025\\\/12\\\/buy-nb-5-meo-dalt-oxalate-chem-store-online.png\",\"contentUrl\":\"https:\\\/\\\/chemgramx.com\\\/wp-content\\\/uploads\\\/2025\\\/12\\\/buy-nb-5-meo-dalt-oxalate-chem-store-online.png\",\"width\":560,\"height\":517},{\"@type\":\"BreadcrumbList\",\"@id\":\"https:\\\/\\\/chemgramx.com\\\/product\\\/nb-5-meo-dalt-oxalate-kaufen\\\/#breadcrumb\",\"itemListElement\":[{\"@type\":\"ListItem\",\"position\":1,\"name\":\"Home\",\"item\":\"https:\\\/\\\/chemgramx.com\\\/\"},{\"@type\":\"ListItem\",\"position\":2,\"name\":\"Shop\",\"item\":\"https:\\\/\\\/chemgramx.com\\\/shop\\\/\"},{\"@type\":\"ListItem\",\"position\":3,\"name\":\"NB-5-MeO-DALT Oxalate kaufen\"}]},{\"@type\":\"WebSite\",\"@id\":\"https:\\\/\\\/chemgramx.com\\\/#website\",\"url\":\"https:\\\/\\\/chemgramx.com\\\/\",\"name\":\"Chemgramx\",\"description\":\"\",\"publisher\":{\"@id\":\"https:\\\/\\\/chemgramx.com\\\/#organization\"},\"potentialAction\":[{\"@type\":\"SearchAction\",\"target\":{\"@type\":\"EntryPoint\",\"urlTemplate\":\"https:\\\/\\\/chemgramx.com\\\/?s={search_term_string}\"},\"query-input\":{\"@type\":\"PropertyValueSpecification\",\"valueRequired\":true,\"valueName\":\"search_term_string\"}}],\"inLanguage\":\"es\"},{\"@type\":\"Organization\",\"@id\":\"https:\\\/\\\/chemgramx.com\\\/#organization\",\"name\":\"Chemgramx\",\"url\":\"https:\\\/\\\/chemgramx.com\\\/\",\"logo\":{\"@type\":\"ImageObject\",\"inLanguage\":\"es\",\"@id\":\"https:\\\/\\\/chemgramx.com\\\/#\\\/schema\\\/logo\\\/image\\\/\",\"url\":\"https:\\\/\\\/chemgramx.com\\\/wp-content\\\/uploads\\\/2024\\\/10\\\/final-logo.png\",\"contentUrl\":\"https:\\\/\\\/chemgramx.com\\\/wp-content\\\/uploads\\\/2024\\\/10\\\/final-logo.png\",\"width\":250,\"height\":48,\"caption\":\"Chemgramx\"},\"image\":{\"@id\":\"https:\\\/\\\/chemgramx.com\\\/#\\\/schema\\\/logo\\\/image\\\/\"}}]}<\/script>\n<!-- \/ Yoast SEO plugin. -->","yoast_head_json":{"title":"Comprar Oxalato de NB-5-MeO-DALT | Investigaci\u00f3n Qu\u00edmicaChemgramx","description":"Comprar Oxalato de NB-5-MeO-DALT - Qu\u00edmico de investigaci\u00f3n de alta pureza para fines cient\u00edficos. Calidad probada en laboratorio, discreto y seguro. S\u00f3lo para uso en investigaci\u00f3n.","robots":{"index":"index","follow":"follow","max-snippet":"max-snippet:-1","max-image-preview":"max-image-preview:large","max-video-preview":"max-video-preview:-1"},"canonical":"https:\/\/chemgramx.com\/es\/producto-1\/comprar-nb-5-meo-dalt-oxalate\/","og_locale":"es_ES","og_type":"article","og_title":"NB-5-MeO-DALT Oxalate Kaufen | Research ChemicalChemgramx","og_description":"NB-5-MeO-DALT Oxalate kaufen - Hochreine Forschungschemikalie f\u00fcr wissenschaftliche Zwecke. Laborgepr\u00fcfte Qualit\u00e4t, diskret &amp; sicher. Nur f\u00fcr Forschungszwecke.","og_url":"https:\/\/chemgramx.com\/es\/producto-1\/comprar-nb-5-meo-dalt-oxalate\/","og_site_name":"Chemgramx","article_modified_time":"2025-12-11T01:03:56+00:00","og_image":[{"width":560,"height":517,"url":"https:\/\/chemgramx.com\/wp-content\/uploads\/2025\/12\/buy-nb-5-meo-dalt-oxalate-chem-store-online.png","type":"image\/png"}],"twitter_card":"summary_large_image","twitter_misc":{"Tiempo de lectura":"4 minutos"},"schema":{"@context":"https:\/\/schema.org","@graph":[{"@type":"WebPage","@id":"https:\/\/chemgramx.com\/product\/nb-5-meo-dalt-oxalate-kaufen\/","url":"https:\/\/chemgramx.com\/product\/nb-5-meo-dalt-oxalate-kaufen\/","name":"Comprar Oxalato de NB-5-MeO-DALT | Investigaci\u00f3n Qu\u00edmicaChemgramx","isPartOf":{"@id":"https:\/\/chemgramx.com\/#website"},"primaryImageOfPage":{"@id":"https:\/\/chemgramx.com\/product\/nb-5-meo-dalt-oxalate-kaufen\/#primaryimage"},"image":{"@id":"https:\/\/chemgramx.com\/product\/nb-5-meo-dalt-oxalate-kaufen\/#primaryimage"},"thumbnailUrl":"https:\/\/chemgramx.com\/wp-content\/uploads\/2025\/12\/buy-nb-5-meo-dalt-oxalate-chem-store-online.png","datePublished":"2025-12-11T00:27:46+00:00","dateModified":"2025-12-11T01:03:56+00:00","description":"Comprar Oxalato de NB-5-MeO-DALT - Qu\u00edmico de investigaci\u00f3n de alta pureza para fines cient\u00edficos. Calidad probada en laboratorio, discreto y seguro. S\u00f3lo para uso en investigaci\u00f3n.","breadcrumb":{"@id":"https:\/\/chemgramx.com\/product\/nb-5-meo-dalt-oxalate-kaufen\/#breadcrumb"},"inLanguage":"es","potentialAction":[{"@type":"ReadAction","target":["https:\/\/chemgramx.com\/product\/nb-5-meo-dalt-oxalate-kaufen\/"]}]},{"@type":"ImageObject","inLanguage":"es","@id":"https:\/\/chemgramx.com\/product\/nb-5-meo-dalt-oxalate-kaufen\/#primaryimage","url":"https:\/\/chemgramx.com\/wp-content\/uploads\/2025\/12\/buy-nb-5-meo-dalt-oxalate-chem-store-online.png","contentUrl":"https:\/\/chemgramx.com\/wp-content\/uploads\/2025\/12\/buy-nb-5-meo-dalt-oxalate-chem-store-online.png","width":560,"height":517},{"@type":"BreadcrumbList","@id":"https:\/\/chemgramx.com\/product\/nb-5-meo-dalt-oxalate-kaufen\/#breadcrumb","itemListElement":[{"@type":"ListItem","position":1,"name":"Home","item":"https:\/\/chemgramx.com\/"},{"@type":"ListItem","position":2,"name":"Shop","item":"https:\/\/chemgramx.com\/shop\/"},{"@type":"ListItem","position":3,"name":"NB-5-MeO-DALT Oxalate kaufen"}]},{"@type":"WebSite","@id":"https:\/\/chemgramx.com\/#website","url":"https:\/\/chemgramx.com\/","name":"Chemgramx","description":"","publisher":{"@id":"https:\/\/chemgramx.com\/#organization"},"potentialAction":[{"@type":"SearchAction","target":{"@type":"EntryPoint","urlTemplate":"https:\/\/chemgramx.com\/?s={search_term_string}"},"query-input":{"@type":"PropertyValueSpecification","valueRequired":true,"valueName":"search_term_string"}}],"inLanguage":"es"},{"@type":"Organization","@id":"https:\/\/chemgramx.com\/#organization","name":"Chemgramx","url":"https:\/\/chemgramx.com\/","logo":{"@type":"ImageObject","inLanguage":"es","@id":"https:\/\/chemgramx.com\/#\/schema\/logo\/image\/","url":"https:\/\/chemgramx.com\/wp-content\/uploads\/2024\/10\/final-logo.png","contentUrl":"https:\/\/chemgramx.com\/wp-content\/uploads\/2024\/10\/final-logo.png","width":250,"height":48,"caption":"Chemgramx"},"image":{"@id":"https:\/\/chemgramx.com\/#\/schema\/logo\/image\/"}}]}},"_links":{"self":[{"href":"https:\/\/chemgramx.com\/es\/wp-json\/wp\/v2\/product\/8720","targetHints":{"allow":["GET"]}}],"collection":[{"href":"https:\/\/chemgramx.com\/es\/wp-json\/wp\/v2\/product"}],"about":[{"href":"https:\/\/chemgramx.com\/es\/wp-json\/wp\/v2\/types\/product"}],"replies":[{"embeddable":true,"href":"https:\/\/chemgramx.com\/es\/wp-json\/wp\/v2\/comments?post=8720"}],"wp:featuredmedia":[{"embeddable":true,"href":"https:\/\/chemgramx.com\/es\/wp-json\/wp\/v2\/media\/8751"}],"wp:attachment":[{"href":"https:\/\/chemgramx.com\/es\/wp-json\/wp\/v2\/media?parent=8720"}],"wp:term":[{"taxonomy":"product_brand","embeddable":true,"href":"https:\/\/chemgramx.com\/es\/wp-json\/wp\/v2\/product_brand?post=8720"},{"taxonomy":"product_cat","embeddable":true,"href":"https:\/\/chemgramx.com\/es\/wp-json\/wp\/v2\/product_cat?post=8720"},{"taxonomy":"product_tag","embeddable":true,"href":"https:\/\/chemgramx.com\/es\/wp-json\/wp\/v2\/product_tag?post=8720"}],"curies":[{"name":"wp","href":"https:\/\/api.w.org\/{rel}","templated":true}]}}