{"id":8723,"date":"2025-12-11T00:49:25","date_gmt":"2025-12-11T00:49:25","guid":{"rendered":"https:\/\/chemgramx.com\/?post_type=product&#038;p=8723"},"modified":"2025-12-11T01:06:36","modified_gmt":"2025-12-11T01:06:36","slug":"4-ho-mipt-20mg-pellets-comprar","status":"publish","type":"product","link":"https:\/\/chemgramx.com\/es\/product\/4-ho-mipt-20mg-pellets-kaufen\/","title":{"rendered":"Comprar 4-HO-MiPT 20mg pellets"},"content":{"rendered":"<p data-start=\"105\" data-end=\"514\"><strong data-start=\"105\" data-end=\"131\">4-HO-MiPT 20mg gr\u00e1nulos<\/strong> son un producto de investigaci\u00f3n de dosificaci\u00f3n precisa, probado en laboratorio y dise\u00f1ado espec\u00edficamente para la investigaci\u00f3n cient\u00edfica en entornos de laboratorio controlados. Estos gr\u00e1nulos proporcionan una dosificaci\u00f3n precisa y una distribuci\u00f3n uniforme del f\u00e1rmaco, lo que los convierte en la opci\u00f3n preferida para institutos acad\u00e9micos, instalaciones de investigaci\u00f3n farmac\u00e9utica y laboratorios anal\u00edticos.<\/p>\n<p data-start=\"516\" data-end=\"967\">El producto contiene <strong data-start=\"536\" data-end=\"591\">4-Hidroxi-N-metil-N-isopropiltriptamina (4-HO-MiPT)<\/strong> - un derivado de la triptamina que pertenece a la misma familia qu\u00edmica que la psilocina y la psilocibina. Se utiliza en farmacolog\u00eda experimental para investigar mecanismos de acci\u00f3n, interacciones con receptores y relaciones estructura-actividad. <strong data-start=\"835\" data-end=\"856\">4-HO-MiPT pellets<\/strong> se destinan exclusivamente a la investigaci\u00f3n y el an\u00e1lisis y <strong data-start=\"916\" data-end=\"953\">no para el <a href=\"\/product\/kaufen-sie-kokain-online\/\">humano<\/a> Consumo<\/strong> autorizado.<\/p>\n<h2 data-start=\"974\" data-end=\"1005\">Propiedades y calidad<\/h2>\n<p data-start=\"1007\" data-end=\"1401\">Cada unidad contiene <strong data-start=\"1028\" data-end=\"1046\">20mg 4-HO-MiPT<\/strong> con una desviaci\u00f3n m\u00e1xima de \u00b11mg. La sustancia est\u00e1 prensada en forma microestablecida para garantizar la m\u00e1xima precisi\u00f3n de dosificaci\u00f3n y un f\u00e1cil manejo. Con una pureza de <strong data-start=\"1241\" data-end=\"1264\">\u226597% (probado por HPLC)<\/strong> y estabilidad probada a largo plazo, estos gr\u00e1nulos son ideales para obtener resultados de investigaci\u00f3n reproducibles y fiables.<\/p>\n<p data-start=\"1403\" data-end=\"1726\">Todos los lotes se analizan individualmente y se les proporciona un <strong data-start=\"1470\" data-end=\"1497\">Certificado de an\u00e1lisis (COA)<\/strong> que documenta la identidad qu\u00edmica, la pureza y la estabilidad. El control de calidad se lleva a cabo de acuerdo con las normas de los laboratorios farmac\u00e9uticos, lo que significa que <strong data-start=\"1653\" data-end=\"1674\">4-HO-MiPT pellets<\/strong> ofrecen la m\u00e1xima precisi\u00f3n y seguridad.<\/p>\n<p data-start=\"1728\" data-end=\"1760\"><strong data-start=\"1728\" data-end=\"1758\">Especificaciones qu\u00edmicas:<\/strong><\/p>\n<ul data-start=\"1761\" data-end=\"2039\">\n<li data-start=\"1761\" data-end=\"1814\">\n<p data-start=\"1763\" data-end=\"1814\">Sustancia: 4-hidroxi-N-metil-N-isopropiltriptamina<\/p>\n<\/li>\n<li data-start=\"1815\" data-end=\"1862\">\n<p data-start=\"1817\" data-end=\"1862\">Forma de dosificaci\u00f3n: gr\u00e1nulos microcomprimidos<\/p>\n<\/li>\n<li data-start=\"1863\" data-end=\"1893\">\n<p data-start=\"1865\" data-end=\"1893\">Posolog\u00eda: 20 mg por gr\u00e1nulo<\/p>\n<\/li>\n<li data-start=\"1894\" data-end=\"1927\">\n<p data-start=\"1896\" data-end=\"1927\">Pureza: \u226597% (prueba HPLC)<\/p>\n<\/li>\n<li data-start=\"1928\" data-end=\"1985\">\n<p data-start=\"1930\" data-end=\"1985\">Aspecto: De color blanco a crema, firmemente prensado<\/p>\n<\/li>\n<li data-start=\"1986\" data-end=\"2039\">\n<p data-start=\"1988\" data-end=\"2039\">Estabilidad: Estabilidad a largo plazo con un almacenamiento correcto<\/p>\n<\/li>\n<\/ul>\n<h2 data-start=\"2046\" data-end=\"2072\">Aplicaciones de la investigaci\u00f3n<\/h2>\n<p data-start=\"2074\" data-end=\"2203\"><strong data-start=\"2074\" data-end=\"2100\">4-HO-MiPT 20mg gr\u00e1nulos<\/strong> se utilizan exclusivamente para <a href=\"\/product\/kokain-volkswagen-90-rein\/\">cient\u00edfico<\/a> fines. Los \u00e1mbitos de aplicaci\u00f3n t\u00edpicos son<\/p>\n<ul data-start=\"2205\" data-end=\"2640\">\n<li data-start=\"2205\" data-end=\"2297\">\n<p data-start=\"2207\" data-end=\"2297\"><strong data-start=\"2207\" data-end=\"2236\">Estudios farmacol\u00f3gicos:<\/strong> Investigaci\u00f3n de la uni\u00f3n a receptores de serotonina (5-HT2A, 5-HT1A)<\/p>\n<\/li>\n<li data-start=\"2298\" data-end=\"2412\">\n<p data-start=\"2300\" data-end=\"2412\"><strong data-start=\"2300\" data-end=\"2327\">An\u00e1lisis comparativos:<\/strong> Evaluaci\u00f3n de la relaci\u00f3n estructura-actividad en comparaci\u00f3n con triptaminas relacionadas<\/p>\n<\/li>\n<li data-start=\"2413\" data-end=\"2486\">\n<p data-start=\"2415\" data-end=\"2486\"><strong data-start=\"2415\" data-end=\"2439\">Investigaci\u00f3n de la dosis:<\/strong> Aplicaci\u00f3n precisa para la validaci\u00f3n de principios activos<\/p>\n<\/li>\n<li data-start=\"2487\" data-end=\"2561\">\n<p data-start=\"2489\" data-end=\"2561\"><strong data-start=\"2489\" data-end=\"2512\">Estudios de estabilidad:<\/strong> Observaci\u00f3n de los cambios qu\u00edmicos a lo largo del tiempo<\/p>\n<\/li>\n<li data-start=\"2562\" data-end=\"2640\">\n<p data-start=\"2564\" data-end=\"2640\"><strong data-start=\"2564\" data-end=\"2594\">Caracterizaci\u00f3n de los materiales:<\/strong> Propiedades f\u00edsicas y anal\u00edticas<\/p>\n<\/li>\n<\/ul>\n<p data-start=\"2642\" data-end=\"2799\">La forma estandarizada de los gr\u00e1nulos permite a los investigadores realizar experimentos precisos y controlados, una ventaja decisiva frente al polvo suelto.<\/p>\n<h2 data-start=\"2806\" data-end=\"2836\">Seguridad y manipulaci\u00f3n<\/h2>\n<p data-start=\"2838\" data-end=\"3073\">Este producto est\u00e1 destinado exclusivamente a <strong data-start=\"2880\" data-end=\"2911\">uso cient\u00edfico<\/strong> previsto. La manipulaci\u00f3n de 4-HO-MiPT requiere un entorno de laboratorio profesional y el cumplimiento de todas las normas legales y de seguridad.<\/p>\n<p data-start=\"3075\" data-end=\"3104\"><strong data-start=\"3075\" data-end=\"3102\">Directrices de seguridad:<\/strong><\/p>\n<ul data-start=\"3105\" data-end=\"3401\">\n<li data-start=\"3105\" data-end=\"3154\">\n<p data-start=\"3107\" data-end=\"3154\">Uso exclusivo por personal de laboratorio formado<\/p>\n<\/li>\n<li data-start=\"3155\" data-end=\"3223\">\n<p data-start=\"3157\" data-end=\"3223\">Trabajar bajo una campana extractora o en un entorno bien ventilado<\/p>\n<\/li>\n<li data-start=\"3224\" data-end=\"3293\">\n<p data-start=\"3226\" data-end=\"3293\">Llevar ropa de protecci\u00f3n (bata de laboratorio, guantes, gafas de seguridad)<\/p>\n<\/li>\n<li data-start=\"3294\" data-end=\"3340\">\n<p data-start=\"3296\" data-end=\"3340\">Sin contacto directo con la piel<\/p>\n<\/li>\n<li data-start=\"3341\" data-end=\"3401\">\n<p data-start=\"3343\" data-end=\"3401\">Documentaci\u00f3n y eliminaci\u00f3n segura seg\u00fan las normas del laboratorio<\/p>\n<\/li>\n<\/ul>\n<p data-start=\"3403\" data-end=\"3431\"><strong data-start=\"3403\" data-end=\"3429\">Recomendaciones de almacenamiento:<\/strong><\/p>\n<ul data-start=\"3432\" data-end=\"3643\">\n<li data-start=\"3432\" data-end=\"3467\">\n<p data-start=\"3434\" data-end=\"3467\">Temperatura: 2-8\u00b0C (frigor\u00edfico)<\/p>\n<\/li>\n<li data-start=\"3468\" data-end=\"3526\">\n<p data-start=\"3470\" data-end=\"3526\">Humedad: Seco (&lt;60% humedad relativa)<\/p>\n<\/li>\n<li data-start=\"3527\" data-end=\"3584\">\n<p data-start=\"3529\" data-end=\"3584\">Protecci\u00f3n contra la luz: Proteger de la luz solar directa<\/p>\n<\/li>\n<li data-start=\"3585\" data-end=\"3643\">\n<p data-start=\"3587\" data-end=\"3643\">Envase: Mantener el envase original bien cerrado<\/p>\n<\/li>\n<\/ul>\n<p data-start=\"3645\" data-end=\"3721\">En estas condiciones, la vida \u00fatil es <strong data-start=\"3694\" data-end=\"3718\">al menos 18 meses<\/strong>.<\/p>\n<h2 data-start=\"3728\" data-end=\"3753\">Informaci\u00f3n para pedidos<\/h2>\n<p data-start=\"3755\" data-end=\"3873\"><strong data-start=\"3755\" data-end=\"3781\">4-HO-MiPT 20mg gr\u00e1nulos<\/strong> est\u00e1n disponibles en varios tama\u00f1os de investigaci\u00f3n, en funci\u00f3n del alcance del proyecto y de las necesidades del laboratorio:<\/p>\n<ul data-start=\"3875\" data-end=\"4003\">\n<li data-start=\"3875\" data-end=\"3903\">\n<p data-start=\"3877\" data-end=\"3903\">Envase peque\u00f1o: 10 gr\u00e1nulos<\/p>\n<\/li>\n<li data-start=\"3904\" data-end=\"3935\">\n<p data-start=\"3906\" data-end=\"3935\">Envase est\u00e1ndar: 25 gr\u00e1nulos<\/p>\n<\/li>\n<li data-start=\"3936\" data-end=\"3964\">\n<p data-start=\"3938\" data-end=\"3964\">Envase a granel: 100 gr\u00e1nulos<\/p>\n<\/li>\n<li data-start=\"3965\" data-end=\"4003\">\n<p data-start=\"3967\" data-end=\"4003\">Investigaci\u00f3n a granel: 250 gr\u00e1nulos<\/p>\n<\/li>\n<\/ul>\n<p data-start=\"4005\" data-end=\"4034\"><strong data-start=\"4005\" data-end=\"4032\">Requisitos del pedido:<\/strong><\/p>\n<ul data-start=\"4035\" data-end=\"4230\">\n<li data-start=\"4035\" data-end=\"4107\">\n<p data-start=\"4037\" data-end=\"4107\">Prueba de una instituci\u00f3n o laboratorio de investigaci\u00f3n registrado<\/p>\n<\/li>\n<li data-start=\"4108\" data-end=\"4165\">\n<p data-start=\"4110\" data-end=\"4165\">Descripci\u00f3n del objetivo cient\u00edfico<\/p>\n<\/li>\n<li data-start=\"4166\" data-end=\"4230\">\n<p data-start=\"4168\" data-end=\"4230\">Confirmaci\u00f3n de los conocimientos de seguridad de acuerdo con las directrices del laboratorio<\/p>\n<\/li>\n<\/ul>\n<p data-start=\"4232\" data-end=\"4333\">La expedici\u00f3n tiene lugar <strong data-start=\"4252\" data-end=\"4284\">Embalaje discreto y neutro<\/strong>, para garantizar una confidencialidad absoluta.<\/p>\n<h2 data-start=\"4340\" data-end=\"4374\">Preguntas m\u00e1s frecuentes (FAQ)<\/h2>\n<p data-start=\"4376\" data-end=\"4517\"><strong data-start=\"4376\" data-end=\"4439\">P: \u00bfLos gr\u00e1nulos son aptos para el consumo humano?<\/strong><br data-start=\"4439\" data-end=\"4442\" \/>R: No, este producto est\u00e1 destinado \u00fanicamente a fines de investigaci\u00f3n.<\/p>\n<p data-start=\"4519\" data-end=\"4637\"><strong data-start=\"4519\" data-end=\"4561\">P: \u00bfQu\u00e9 datos de an\u00e1lisis hay disponibles?<\/strong><br data-start=\"4561\" data-end=\"4564\" \/>R: Cada lote contiene datos completos de HPLC, GC\/MS y estabilidad.<\/p>\n<p data-start=\"4639\" data-end=\"4737\"><strong data-start=\"4639\" data-end=\"4681\">P: \u00bfCu\u00e1l es la vida \u00fatil de los gr\u00e1nulos?<\/strong><br data-start=\"4681\" data-end=\"4684\" \/>R: Al menos 18 meses si se almacena correctamente.<\/p>\n<p data-start=\"4739\" data-end=\"4847\"><strong data-start=\"4739\" data-end=\"4783\">P: \u00bfLos env\u00edos se realizan con discreci\u00f3n?<\/strong><br data-start=\"4783\" data-end=\"4786\" \/>R: S\u00ed, todos los env\u00edos son an\u00f3nimos y est\u00e1n empaquetados de forma neutral.<\/p>\n<p data-start=\"4849\" data-end=\"4983\"><strong data-start=\"4849\" data-end=\"4886\">P: \u00bfNecesito una licencia?<\/strong><br data-start=\"4886\" data-end=\"4889\" \/>R: S\u00ed, la adquisici\u00f3n requiere la pertenencia a una instituci\u00f3n de investigaci\u00f3n reconocida.<\/p>\n<h2 data-start=\"4849\" data-end=\"4983\">Aviso legal<\/h2>\n<p data-start=\"5016\" data-end=\"5306\"><strong data-start=\"5016\" data-end=\"5042\">4-HO-MiPT 20mg gr\u00e1nulos<\/strong> son un producto de investigaci\u00f3n y <strong data-start=\"5074\" data-end=\"5141\">no para uso humano o veterinario<\/strong> autorizado. Con la compra, el comprador se compromete a utilizar el producto exclusivamente <strong data-start=\"5233\" data-end=\"5290\">en el \u00e1mbito de las actividades de investigaci\u00f3n legalmente permitidas<\/strong> usar.<\/p>\n<p data-start=\"5308\" data-end=\"5495\">El cumplimiento de todas las normativas locales e internacionales es responsabilidad del comprador. Queda prohibido cualquier uso indebido o reventa con fines no autorizados.<\/p>","protected":false},"excerpt":{"rendered":"<p>Comprar 4-HO-MiPT 20mg pellets: Producto qu\u00edmico de investigaci\u00f3n en gr\u00e1nulos uniformemente dosificados para trabajos cient\u00edficos precisos. Exclusivamente para fines de investigaci\u00f3n en entornos de laboratorio.<\/p>","protected":false},"featured_media":8753,"comment_status":"open","ping_status":"closed","template":"","meta":{"_joinchat":[]},"product_brand":[],"product_cat":[54],"product_tag":[],"class_list":{"0":"post-8723","1":"product","2":"type-product","3":"status-publish","4":"has-post-thumbnail","6":"product_cat-tryptamines","8":"first","9":"instock","10":"shipping-taxable","11":"purchasable","12":"product-type-variable"},"yoast_head":"<!-- This site is optimized with the Yoast SEO plugin v27.5 - https:\/\/yoast.com\/product\/yoast-seo-wordpress\/ -->\n<title>4-HO-MiPT Pellets Kaufen | 20mg | Research Chemical Chemgramx<\/title>\n<meta name=\"description\" content=\"4-HO-MiPT 20mg Pellets kaufen - Forschungschemikalie in pelletierter Form. F\u00fcr wissenschaftliche Analysen. Laborgepr\u00fcft &amp; diskret.\" \/>\n<meta name=\"robots\" content=\"index, follow, max-snippet:-1, max-image-preview:large, max-video-preview:-1\" \/>\n<link rel=\"canonical\" href=\"https:\/\/chemgramx.com\/es\/producto-1\/4-ho-mipt-20mg-pellets-comprar\/\" \/>\n<meta property=\"og:locale\" content=\"es_ES\" \/>\n<meta property=\"og:type\" content=\"article\" \/>\n<meta property=\"og:title\" content=\"4-HO-MiPT Pellets Kaufen | 20mg | Research Chemical Chemgramx\" \/>\n<meta property=\"og:description\" content=\"4-HO-MiPT 20mg Pellets kaufen - Forschungschemikalie in pelletierter Form. F\u00fcr wissenschaftliche Analysen. Laborgepr\u00fcft &amp; diskret.\" \/>\n<meta property=\"og:url\" content=\"https:\/\/chemgramx.com\/es\/producto-1\/4-ho-mipt-20mg-pellets-comprar\/\" \/>\n<meta property=\"og:site_name\" content=\"Chemgramx\" \/>\n<meta property=\"article:modified_time\" content=\"2025-12-11T01:06:36+00:00\" \/>\n<meta property=\"og:image\" content=\"https:\/\/chemgramx.com\/wp-content\/uploads\/2025\/12\/buy-4-ho-mipt-20-mg-pellets-chem-store-online.png\" \/>\n\t<meta property=\"og:image:width\" content=\"524\" \/>\n\t<meta property=\"og:image:height\" content=\"559\" \/>\n\t<meta property=\"og:image:type\" content=\"image\/png\" \/>\n<meta name=\"twitter:card\" content=\"summary_large_image\" \/>\n<meta name=\"twitter:label1\" content=\"Tiempo de lectura\" \/>\n\t<meta name=\"twitter:data1\" content=\"3 minutos\" \/>\n<script type=\"application\/ld+json\" class=\"yoast-schema-graph\">{\"@context\":\"https:\\\/\\\/schema.org\",\"@graph\":[{\"@type\":\"WebPage\",\"@id\":\"https:\\\/\\\/chemgramx.com\\\/product\\\/4-ho-mipt-20mg-pellets-kaufen\\\/\",\"url\":\"https:\\\/\\\/chemgramx.com\\\/product\\\/4-ho-mipt-20mg-pellets-kaufen\\\/\",\"name\":\"4-HO-MiPT Pellets Kaufen | 20mg | Research Chemical Chemgramx\",\"isPartOf\":{\"@id\":\"https:\\\/\\\/chemgramx.com\\\/#website\"},\"primaryImageOfPage\":{\"@id\":\"https:\\\/\\\/chemgramx.com\\\/product\\\/4-ho-mipt-20mg-pellets-kaufen\\\/#primaryimage\"},\"image\":{\"@id\":\"https:\\\/\\\/chemgramx.com\\\/product\\\/4-ho-mipt-20mg-pellets-kaufen\\\/#primaryimage\"},\"thumbnailUrl\":\"https:\\\/\\\/chemgramx.com\\\/wp-content\\\/uploads\\\/2025\\\/12\\\/buy-4-ho-mipt-20-mg-pellets-chem-store-online.png\",\"datePublished\":\"2025-12-11T00:49:25+00:00\",\"dateModified\":\"2025-12-11T01:06:36+00:00\",\"description\":\"4-HO-MiPT 20mg Pellets kaufen - Forschungschemikalie in pelletierter Form. F\u00fcr wissenschaftliche Analysen. Laborgepr\u00fcft &amp; diskret.\",\"breadcrumb\":{\"@id\":\"https:\\\/\\\/chemgramx.com\\\/product\\\/4-ho-mipt-20mg-pellets-kaufen\\\/#breadcrumb\"},\"inLanguage\":\"es\",\"potentialAction\":[{\"@type\":\"ReadAction\",\"target\":[\"https:\\\/\\\/chemgramx.com\\\/product\\\/4-ho-mipt-20mg-pellets-kaufen\\\/\"]}]},{\"@type\":\"ImageObject\",\"inLanguage\":\"es\",\"@id\":\"https:\\\/\\\/chemgramx.com\\\/product\\\/4-ho-mipt-20mg-pellets-kaufen\\\/#primaryimage\",\"url\":\"https:\\\/\\\/chemgramx.com\\\/wp-content\\\/uploads\\\/2025\\\/12\\\/buy-4-ho-mipt-20-mg-pellets-chem-store-online.png\",\"contentUrl\":\"https:\\\/\\\/chemgramx.com\\\/wp-content\\\/uploads\\\/2025\\\/12\\\/buy-4-ho-mipt-20-mg-pellets-chem-store-online.png\",\"width\":524,\"height\":559},{\"@type\":\"BreadcrumbList\",\"@id\":\"https:\\\/\\\/chemgramx.com\\\/product\\\/4-ho-mipt-20mg-pellets-kaufen\\\/#breadcrumb\",\"itemListElement\":[{\"@type\":\"ListItem\",\"position\":1,\"name\":\"Home\",\"item\":\"https:\\\/\\\/chemgramx.com\\\/\"},{\"@type\":\"ListItem\",\"position\":2,\"name\":\"Shop\",\"item\":\"https:\\\/\\\/chemgramx.com\\\/shop\\\/\"},{\"@type\":\"ListItem\",\"position\":3,\"name\":\"4-HO-MiPT 20mg Pellets kaufen\"}]},{\"@type\":\"WebSite\",\"@id\":\"https:\\\/\\\/chemgramx.com\\\/#website\",\"url\":\"https:\\\/\\\/chemgramx.com\\\/\",\"name\":\"Chemgramx\",\"description\":\"\",\"publisher\":{\"@id\":\"https:\\\/\\\/chemgramx.com\\\/#organization\"},\"potentialAction\":[{\"@type\":\"SearchAction\",\"target\":{\"@type\":\"EntryPoint\",\"urlTemplate\":\"https:\\\/\\\/chemgramx.com\\\/?s={search_term_string}\"},\"query-input\":{\"@type\":\"PropertyValueSpecification\",\"valueRequired\":true,\"valueName\":\"search_term_string\"}}],\"inLanguage\":\"es\"},{\"@type\":\"Organization\",\"@id\":\"https:\\\/\\\/chemgramx.com\\\/#organization\",\"name\":\"Chemgramx\",\"url\":\"https:\\\/\\\/chemgramx.com\\\/\",\"logo\":{\"@type\":\"ImageObject\",\"inLanguage\":\"es\",\"@id\":\"https:\\\/\\\/chemgramx.com\\\/#\\\/schema\\\/logo\\\/image\\\/\",\"url\":\"https:\\\/\\\/chemgramx.com\\\/wp-content\\\/uploads\\\/2024\\\/10\\\/final-logo.png\",\"contentUrl\":\"https:\\\/\\\/chemgramx.com\\\/wp-content\\\/uploads\\\/2024\\\/10\\\/final-logo.png\",\"width\":250,\"height\":48,\"caption\":\"Chemgramx\"},\"image\":{\"@id\":\"https:\\\/\\\/chemgramx.com\\\/#\\\/schema\\\/logo\\\/image\\\/\"}}]}<\/script>\n<!-- \/ Yoast SEO plugin. -->","yoast_head_json":{"title":"Comprar 4-HO-MiPT Pellets | 20mg | Investigaci\u00f3n Qu\u00edmica Chemgramx","description":"Comprar 4-HO-MiPT 20mg Pellets - Producto qu\u00edmico de investigaci\u00f3n en forma de pellets. Para an\u00e1lisis cient\u00edficos. Probado en laboratorio y discreto.","robots":{"index":"index","follow":"follow","max-snippet":"max-snippet:-1","max-image-preview":"max-image-preview:large","max-video-preview":"max-video-preview:-1"},"canonical":"https:\/\/chemgramx.com\/es\/producto-1\/4-ho-mipt-20mg-pellets-comprar\/","og_locale":"es_ES","og_type":"article","og_title":"4-HO-MiPT Pellets Kaufen | 20mg | Research Chemical Chemgramx","og_description":"4-HO-MiPT 20mg Pellets kaufen - Forschungschemikalie in pelletierter Form. F\u00fcr wissenschaftliche Analysen. Laborgepr\u00fcft &amp; diskret.","og_url":"https:\/\/chemgramx.com\/es\/producto-1\/4-ho-mipt-20mg-pellets-comprar\/","og_site_name":"Chemgramx","article_modified_time":"2025-12-11T01:06:36+00:00","og_image":[{"width":524,"height":559,"url":"https:\/\/chemgramx.com\/wp-content\/uploads\/2025\/12\/buy-4-ho-mipt-20-mg-pellets-chem-store-online.png","type":"image\/png"}],"twitter_card":"summary_large_image","twitter_misc":{"Tiempo de lectura":"3 minutos"},"schema":{"@context":"https:\/\/schema.org","@graph":[{"@type":"WebPage","@id":"https:\/\/chemgramx.com\/product\/4-ho-mipt-20mg-pellets-kaufen\/","url":"https:\/\/chemgramx.com\/product\/4-ho-mipt-20mg-pellets-kaufen\/","name":"Comprar 4-HO-MiPT Pellets | 20mg | Investigaci\u00f3n Qu\u00edmica Chemgramx","isPartOf":{"@id":"https:\/\/chemgramx.com\/#website"},"primaryImageOfPage":{"@id":"https:\/\/chemgramx.com\/product\/4-ho-mipt-20mg-pellets-kaufen\/#primaryimage"},"image":{"@id":"https:\/\/chemgramx.com\/product\/4-ho-mipt-20mg-pellets-kaufen\/#primaryimage"},"thumbnailUrl":"https:\/\/chemgramx.com\/wp-content\/uploads\/2025\/12\/buy-4-ho-mipt-20-mg-pellets-chem-store-online.png","datePublished":"2025-12-11T00:49:25+00:00","dateModified":"2025-12-11T01:06:36+00:00","description":"Comprar 4-HO-MiPT 20mg Pellets - Producto qu\u00edmico de investigaci\u00f3n en forma de pellets. Para an\u00e1lisis cient\u00edficos. Probado en laboratorio y discreto.","breadcrumb":{"@id":"https:\/\/chemgramx.com\/product\/4-ho-mipt-20mg-pellets-kaufen\/#breadcrumb"},"inLanguage":"es","potentialAction":[{"@type":"ReadAction","target":["https:\/\/chemgramx.com\/product\/4-ho-mipt-20mg-pellets-kaufen\/"]}]},{"@type":"ImageObject","inLanguage":"es","@id":"https:\/\/chemgramx.com\/product\/4-ho-mipt-20mg-pellets-kaufen\/#primaryimage","url":"https:\/\/chemgramx.com\/wp-content\/uploads\/2025\/12\/buy-4-ho-mipt-20-mg-pellets-chem-store-online.png","contentUrl":"https:\/\/chemgramx.com\/wp-content\/uploads\/2025\/12\/buy-4-ho-mipt-20-mg-pellets-chem-store-online.png","width":524,"height":559},{"@type":"BreadcrumbList","@id":"https:\/\/chemgramx.com\/product\/4-ho-mipt-20mg-pellets-kaufen\/#breadcrumb","itemListElement":[{"@type":"ListItem","position":1,"name":"Home","item":"https:\/\/chemgramx.com\/"},{"@type":"ListItem","position":2,"name":"Shop","item":"https:\/\/chemgramx.com\/shop\/"},{"@type":"ListItem","position":3,"name":"4-HO-MiPT 20mg Pellets kaufen"}]},{"@type":"WebSite","@id":"https:\/\/chemgramx.com\/#website","url":"https:\/\/chemgramx.com\/","name":"Chemgramx","description":"","publisher":{"@id":"https:\/\/chemgramx.com\/#organization"},"potentialAction":[{"@type":"SearchAction","target":{"@type":"EntryPoint","urlTemplate":"https:\/\/chemgramx.com\/?s={search_term_string}"},"query-input":{"@type":"PropertyValueSpecification","valueRequired":true,"valueName":"search_term_string"}}],"inLanguage":"es"},{"@type":"Organization","@id":"https:\/\/chemgramx.com\/#organization","name":"Chemgramx","url":"https:\/\/chemgramx.com\/","logo":{"@type":"ImageObject","inLanguage":"es","@id":"https:\/\/chemgramx.com\/#\/schema\/logo\/image\/","url":"https:\/\/chemgramx.com\/wp-content\/uploads\/2024\/10\/final-logo.png","contentUrl":"https:\/\/chemgramx.com\/wp-content\/uploads\/2024\/10\/final-logo.png","width":250,"height":48,"caption":"Chemgramx"},"image":{"@id":"https:\/\/chemgramx.com\/#\/schema\/logo\/image\/"}}]}},"_links":{"self":[{"href":"https:\/\/chemgramx.com\/es\/wp-json\/wp\/v2\/product\/8723","targetHints":{"allow":["GET"]}}],"collection":[{"href":"https:\/\/chemgramx.com\/es\/wp-json\/wp\/v2\/product"}],"about":[{"href":"https:\/\/chemgramx.com\/es\/wp-json\/wp\/v2\/types\/product"}],"replies":[{"embeddable":true,"href":"https:\/\/chemgramx.com\/es\/wp-json\/wp\/v2\/comments?post=8723"}],"wp:featuredmedia":[{"embeddable":true,"href":"https:\/\/chemgramx.com\/es\/wp-json\/wp\/v2\/media\/8753"}],"wp:attachment":[{"href":"https:\/\/chemgramx.com\/es\/wp-json\/wp\/v2\/media?parent=8723"}],"wp:term":[{"taxonomy":"product_brand","embeddable":true,"href":"https:\/\/chemgramx.com\/es\/wp-json\/wp\/v2\/product_brand?post=8723"},{"taxonomy":"product_cat","embeddable":true,"href":"https:\/\/chemgramx.com\/es\/wp-json\/wp\/v2\/product_cat?post=8723"},{"taxonomy":"product_tag","embeddable":true,"href":"https:\/\/chemgramx.com\/es\/wp-json\/wp\/v2\/product_tag?post=8723"}],"curies":[{"name":"wp","href":"https:\/\/api.w.org\/{rel}","templated":true}]}}