{"id":8733,"date":"2025-12-11T00:49:46","date_gmt":"2025-12-11T00:49:46","guid":{"rendered":"https:\/\/chemgramx.com\/?post_type=product&#038;p=8733"},"modified":"2025-12-11T01:04:29","modified_gmt":"2025-12-11T01:04:29","slug":"1b-lsd-100mcg-online-order","status":"publish","type":"product","link":"https:\/\/chemgramx.com\/es\/product\/1b-lsd-100mcg-online-bestellung\/","title":{"rendered":"1B-LSD 100mcg Pedido en l\u00ednea"},"content":{"rendered":"<p data-start=\"469\" data-end=\"1006\"><strong data-start=\"469\" data-end=\"487\">1B-LSD 100 mcg<\/strong> es una moderna sustancia qu\u00edmica de investigaci\u00f3n de la familia de las lisergamidas que suscita un inter\u00e9s creciente en la comunidad cient\u00edfica. Estructuralmente, es muy similar a la cl\u00e1sica <strong data-start=\"670\" data-end=\"680\">LSD-25<\/strong> y proporciona a los investigadores una base estable para la investigaci\u00f3n espec\u00edfica de la conciencia, la percepci\u00f3n y los procesos cognitivos. Con una dosis normalizada de <strong data-start=\"842\" data-end=\"872\">100 microgramos por unidad<\/strong> la sustancia puede utilizarse de forma extremadamente controlada y reproducible, una ventaja decisiva para obtener resultados de laboratorio precisos.<\/p>\n<p data-start=\"1008\" data-end=\"1410\">Adem\u00e1s, la 1B-LSD permite una manipulaci\u00f3n segura, ya que es qu\u00edmicamente estable y f\u00e1cil de almacenar. Los investigadores de los campos de la neuroqu\u00edmica, la psicolog\u00eda y la farmacolog\u00eda la utilizan para comprender mejor los mecanismos neurobiol\u00f3gicos de los estados psicod\u00e9licos. Gracias a sus fiables propiedades de dosificaci\u00f3n, el comportamiento de la sustancia puede analizarse met\u00f3dicamente en diversas condiciones.<\/p>\n<h2 data-start=\"1417\" data-end=\"1449\">\u00bfQu\u00e9 es 1B-LSD 100 mcg?<\/h2>\n<p data-start=\"1451\" data-end=\"1732\"><strong data-start=\"1451\" data-end=\"1497\">1B-LSD (dietilamida del \u00e1cido 1-butanoil-lis\u00e9rgico)<\/strong> es un derivado del LSD-25 y act\u00faa como un <strong data-start=\"1550\" data-end=\"1561\">Prodrug<\/strong>. Tras su ingesti\u00f3n, se convierte parcialmente en LSD activo en el organismo. Esto produce efectos similares, pero con un car\u00e1cter algo m\u00e1s suave y claro.<\/p>\n<p data-start=\"1734\" data-end=\"2069\">A diferencia del LSD-25, los usuarios afirman tener una experiencia equilibrada y centrada. Estas propiedades hacen que el 1B-LSD sea especialmente interesante para estudios centrados en la percepci\u00f3n, la creatividad y el pensamiento introspectivo. El compuesto tambi\u00e9n se considera m\u00e1s estable, lo que facilita considerablemente su almacenamiento y transporte.<\/p>\n<h2 data-start=\"2076\" data-end=\"2108\">Efectos y aplicaci\u00f3n<\/h2>\n<p data-start=\"2110\" data-end=\"2339\">El efecto de <strong data-start=\"2126\" data-end=\"2144\">1B-LSD 100 mcg<\/strong> puede variar en funci\u00f3n de la persona, la dosis y el entorno. En <a href=\"\/product\/kolumbianisches-kokain-96-rein\/\">Entornos de investigaci\u00f3n<\/a> suelen mostrar cambios sutiles pero claros en la percepci\u00f3n sensorial y el procesamiento emocional.<\/p>\n<p data-start=\"2341\" data-end=\"2389\">Entre los efectos observados con frecuencia se incluyen<\/p>\n<ul data-start=\"2390\" data-end=\"2615\">\n<li data-start=\"2390\" data-end=\"2436\">\n<p data-start=\"2392\" data-end=\"2436\">Impresiones visuales y auditivas amplificadas<\/p>\n<\/li>\n<li data-start=\"2437\" data-end=\"2478\">\n<p data-start=\"2439\" data-end=\"2478\">Cambio en el sentido del tiempo y el espacio<\/p>\n<\/li>\n<li data-start=\"2479\" data-end=\"2510\">\n<p data-start=\"2481\" data-end=\"2510\">Mayor resonancia emocional<\/p>\n<\/li>\n<li data-start=\"2511\" data-end=\"2560\">\n<p data-start=\"2513\" data-end=\"2560\">Mayor creatividad y claridad mental<\/p>\n<\/li>\n<li data-start=\"2561\" data-end=\"2615\">\n<p data-start=\"2563\" data-end=\"2615\">Mejora la concentraci\u00f3n con dosis moderadas<\/p>\n<\/li>\n<\/ul>\n<p data-start=\"2617\" data-end=\"2828\">Durante el efecto, muchos sujetos de prueba informan de un curso uniforme y fluido sin sobreestimulaci\u00f3n. Por tanto, la sustancia es muy adecuada para los estudios que investigan los procesos neurocognitivos y creativos.<\/p>\n<h2 data-start=\"2835\" data-end=\"2879\">\u00bfPor qu\u00e9 comprar 1B-LSD 100 mcg en l\u00ednea?<\/h2>\n<p data-start=\"2881\" data-end=\"3187\">La compra por Internet ofrece numerosas ventajas a investigadores y laboratorios. Por una parte <strong data-start=\"2974\" data-end=\"2994\">fuentes verificadas<\/strong> m\u00e1s f\u00e1cilmente accesibles en l\u00ednea que en las tiendas f\u00edsicas. Por otra parte, muchos proveedores <strong data-start=\"3085\" data-end=\"3130\">Certificados COA (Certificado de An\u00e1lisis)<\/strong> listo para confirmar la pureza y la precisi\u00f3n de la dosificaci\u00f3n.<\/p>\n<p data-start=\"3189\" data-end=\"3446\">Nosotros <strong data-start=\"3193\" data-end=\"3222\">1B-LSD 100 mcg comprar online<\/strong> tambi\u00e9n se beneficia de una gran selecci\u00f3n de productos y opciones de env\u00edo internacional. Adem\u00e1s, las estructuras de precios transparentes y los c\u00f3modos m\u00e9todos de pago hacen que el proceso de pedido sea sencillo y seguro.<\/p>\n<p data-start=\"3448\" data-end=\"3486\">Las ventajas m\u00e1s importantes son<\/p>\n<ul data-start=\"3487\" data-end=\"3664\">\n<li data-start=\"3487\" data-end=\"3534\">\n<p data-start=\"3489\" data-end=\"3534\">Entrega en todo el mundo en embalaje neutro<\/p>\n<\/li>\n<li data-start=\"3535\" data-end=\"3570\">\n<p data-start=\"3537\" data-end=\"3570\">Calidad probada<\/p>\n<\/li>\n<li data-start=\"3571\" data-end=\"3615\">\n<p data-start=\"3573\" data-end=\"3615\">Servicio de atenci\u00f3n al cliente r\u00e1pido y profesional<\/p>\n<\/li>\n<li data-start=\"3616\" data-end=\"3664\">\n<p data-start=\"3618\" data-end=\"3664\">Atractivos descuentos para grandes pedidos<\/p>\n<\/li>\n<\/ul>\n<p data-start=\"3666\" data-end=\"3800\">Por ello, cada vez m\u00e1s instituciones de investigaci\u00f3n deciden obtener sus muestras exclusivamente de fuentes en l\u00ednea certificadas.<\/p>\n<h3>Estatus legal<\/h3>\n<p data-start=\"4150\" data-end=\"4543\">En Alemania, el 1B-LSD se encuentra actualmente en una zona gris: no figura expl\u00edcitamente en la Ley de Estupefacientes, pero podr\u00eda quedar subsumido en la normativa sobre an\u00e1logos. Por lo tanto, es aconsejable informarse detalladamente sobre la situaci\u00f3n legal antes de realizar un pedido. <strong data-start=\"4403\" data-end=\"4442\">disposiciones legales vigentes<\/strong> en su propio pa\u00eds. De este modo, se evitan posibles riesgos jur\u00eddicos.<\/p>\n<h2 data-start=\"4150\" data-end=\"4543\">Entrega discreta y pedidos seguros<\/h2>\n<p data-start=\"4602\" data-end=\"4944\">Una gran ventaja del <strong data-start=\"4632\" data-end=\"4664\">Comprar 1B-LSD 100 mcg en l\u00ednea<\/strong> es la entrega discreta y segura. Los proveedores reputados utilizan embalajes discretos sin ninguna indicaci\u00f3n del contenido. Adem\u00e1s, los env\u00edos suelen estar asegurados y etiquetados con un n\u00famero de seguimiento. Esto garantiza la trazabilidad y confidencialidad de todo el proceso.<\/p>\n<p data-start=\"4946\" data-end=\"5130\">Adem\u00e1s, muchas tiendas ofrecen opciones de env\u00edo flexibles, como servicio urgente o prioritario internacional. Esto significa que los investigadores reciben sus productos de forma fiable y puntual.<\/p>\n<h3 data-start=\"5137\" data-end=\"5178\">Seleccionar un proveedor con buena reputaci\u00f3n<\/h3>\n<p data-start=\"5180\" data-end=\"5339\">La confianza es crucial a la hora de comprar productos qu\u00edmicos de investigaci\u00f3n. Por ello, solo debe hacer pedidos a distribuidores que ofrezcan productos cuya seguridad haya quedado demostrada.<\/p>\n<p data-start=\"5341\" data-end=\"5387\">Presta especial atenci\u00f3n a los siguientes puntos:<\/p>\n<ul data-start=\"5388\" data-end=\"5620\">\n<li data-start=\"5388\" data-end=\"5440\">\n<p data-start=\"5390\" data-end=\"5440\">Existente <strong data-start=\"5401\" data-end=\"5418\">Informes de laboratorio<\/strong> y certificados COA<\/p>\n<\/li>\n<li data-start=\"5441\" data-end=\"5497\">\n<p data-start=\"5443\" data-end=\"5497\">Transparente <strong data-start=\"5456\" data-end=\"5495\">Directrices de env\u00edo y protecci\u00f3n de datos<\/strong><\/p>\n<\/li>\n<li data-start=\"5498\" data-end=\"5532\">\n<p data-start=\"5500\" data-end=\"5532\">Positivo <strong data-start=\"5509\" data-end=\"5530\">Valoraciones de los clientes<\/strong><\/p>\n<\/li>\n<li data-start=\"5533\" data-end=\"5572\">\n<p data-start=\"5535\" data-end=\"5572\"><strong data-start=\"5535\" data-end=\"5557\">Cifrado SSL<\/strong> Formas de pago<\/p>\n<\/li>\n<li data-start=\"5573\" data-end=\"5620\">\n<p data-start=\"5575\" data-end=\"5620\">Competente <strong data-start=\"5586\" data-end=\"5603\">Apoyo a<\/strong> Para consultas<\/p>\n<\/li>\n<\/ul>\n<p data-start=\"5622\" data-end=\"5704\">Estas caracter\u00edsticas demuestran que un proveedor trabaja de forma fiable y profesional.<\/p>\n<h2 data-start=\"5711\" data-end=\"5768\">Seguridad y uso responsable<\/h2>\n<p data-start=\"5770\" data-end=\"5988\">Aunque el 1B-LSD se considera un producto qu\u00edmico de investigaci\u00f3n, siempre debe tratarse con precauci\u00f3n. La dosis normalizada de <strong data-start=\"5899\" data-end=\"5910\">100 mcg<\/strong> facilita el manejo, pero no sustituye a las medidas de seguridad.<\/p>\n<p data-start=\"5990\" data-end=\"6027\">Recomendaciones para uso en laboratorio:<\/p>\n<ul data-start=\"6028\" data-end=\"6236\">\n<li data-start=\"6028\" data-end=\"6074\">\n<p data-start=\"6030\" data-end=\"6074\">Uso exclusivo con fines cient\u00edficos<\/p>\n<\/li>\n<li data-start=\"6075\" data-end=\"6136\">\n<p data-start=\"6077\" data-end=\"6136\">Evitar la combinaci\u00f3n con alcohol u otras sustancias<\/p>\n<\/li>\n<li data-start=\"6137\" data-end=\"6192\">\n<p data-start=\"6139\" data-end=\"6192\">Conservar en un lugar fresco, seco y oscuro<\/p>\n<\/li>\n<li data-start=\"6193\" data-end=\"6236\">\n<p data-start=\"6195\" data-end=\"6236\">Mantenga una cuidadosa documentaci\u00f3n de las pruebas<\/p>\n<\/li>\n<\/ul>\n<p data-start=\"6238\" data-end=\"6350\">Un trabajo disciplinado y un registro preciso garantizan que los resultados de los estudios sigan siendo reproducibles y fiables.<\/p>\n<h2 data-start=\"6238\" data-end=\"6350\">\u00a0Conclusi\u00f3n<\/h2>\n<p data-start=\"6373\" data-end=\"6652\"><strong data-start=\"6373\" data-end=\"6391\">1B-LSD 100 mcg<\/strong> es ejemplar para la nueva generaci\u00f3n de derivados precisos de la lisergamida. Combina estabilidad, pureza y una caracter\u00edstica de efecto equilibrado que lo hace extremadamente valioso para la investigaci\u00f3n en los campos de la neuroqu\u00edmica, la psicolog\u00eda y la investigaci\u00f3n de la conciencia.<\/p>\n<p data-start=\"6654\" data-end=\"7090\">Nosotros <strong data-start=\"6658\" data-end=\"6690\">Comprar 1B-LSD 100 mcg en l\u00ednea<\/strong> s\u00f3lo debe recurrir a proveedores acreditados con certificados de laboratorio. Esto garantiza que la sustancia cumple las normas m\u00e1s estrictas de calidad y seguridad. En combinaci\u00f3n con un uso responsable y una metodolog\u00eda cient\u00edfica, el 1B-LSD abre nuevas perspectivas para la investigaci\u00f3n de la conciencia humana, precisas, seguras y legalmente fundamentadas.<\/p>","protected":false},"excerpt":{"rendered":"<p><strong>1B-LSD 100mcg<\/strong> es un compuesto qu\u00edmico de gran pureza desarrollado para estudios cient\u00edficos. Esta sustancia se utiliza a menudo en la investigaci\u00f3n psicofarmacol\u00f3gica para investigar su efecto en el cerebro humano. <strong>1B-LSD<\/strong> est\u00e1 destinado exclusivamente a su uso en entornos de laboratorio y no debe ser consumido por los seres humanos.<\/p>","protected":false},"featured_media":8755,"comment_status":"open","ping_status":"closed","template":"","meta":{"_joinchat":[]},"product_brand":[],"product_cat":[1802],"product_tag":[2103,2105,2110,2111,2112,2104,2108,2106,2107,2109],"class_list":{"0":"post-8733","1":"product","2":"type-product","3":"status-publish","4":"has-post-thumbnail","6":"product_cat-blotters","7":"product_tag-1b-lsd-100mcg","8":"product_tag-1b-lsd-100mcg-zum-verkauf","9":"product_tag-1b-lsd-chemikalien","10":"product_tag-1b-lsd-forschung","11":"product_tag-1b-lsd-fur-forschung","12":"product_tag-1b-lsd-kaufen","13":"product_tag-1b-lsd-kristalle","14":"product_tag-1b-lsd-online","15":"product_tag-1b-lsd-pulver","16":"product_tag-lsd-derivate","18":"first","19":"instock","20":"shipping-taxable","21":"purchasable","22":"product-type-variable"},"yoast_head":"<!-- This site is optimized with the Yoast SEO plugin v27.5 - https:\/\/yoast.com\/product\/yoast-seo-wordpress\/ -->\n<title>1B-LSD 100mcg online Kaufen \u2013 1B-LSD 100mcg zu verkaufen<\/title>\n<meta name=\"description\" content=\"Finden Sie erstklassiges 1B-LSD 100mcg zu verkaufen in unserem Online-Shop, der eine sichere Plattform bietet, um 1B-LSD 100mcg ganz einfach online zu kaufen und Ihren Forschungsanforderungen gerecht zu werden.\" \/>\n<meta name=\"robots\" content=\"index, follow, max-snippet:-1, max-image-preview:large, max-video-preview:-1\" \/>\n<link rel=\"canonical\" href=\"https:\/\/chemgramx.com\/es\/producto-1\/1b-lsd-100mcg-online-order\/\" \/>\n<meta property=\"og:locale\" content=\"es_ES\" \/>\n<meta property=\"og:type\" content=\"article\" \/>\n<meta property=\"og:title\" content=\"1B-LSD 100mcg online Kaufen \u2013 1B-LSD 100mcg zu verkaufen\" \/>\n<meta property=\"og:description\" content=\"Finden Sie erstklassiges 1B-LSD 100mcg zu verkaufen in unserem Online-Shop, der eine sichere Plattform bietet, um 1B-LSD 100mcg ganz einfach online zu kaufen und Ihren Forschungsanforderungen gerecht zu werden.\" \/>\n<meta property=\"og:url\" content=\"https:\/\/chemgramx.com\/es\/producto-1\/1b-lsd-100mcg-online-order\/\" \/>\n<meta property=\"og:site_name\" content=\"Chemgramx\" \/>\n<meta property=\"article:modified_time\" content=\"2025-12-11T01:04:29+00:00\" \/>\n<meta property=\"og:image\" content=\"https:\/\/chemgramx.com\/wp-content\/uploads\/2025\/12\/1b-1.png\" \/>\n\t<meta property=\"og:image:width\" content=\"600\" \/>\n\t<meta property=\"og:image:height\" content=\"400\" \/>\n\t<meta property=\"og:image:type\" content=\"image\/png\" \/>\n<meta name=\"twitter:card\" content=\"summary_large_image\" \/>\n<meta name=\"twitter:label1\" content=\"Tiempo de lectura\" \/>\n\t<meta name=\"twitter:data1\" content=\"4 minutos\" \/>\n<script type=\"application\/ld+json\" class=\"yoast-schema-graph\">{\"@context\":\"https:\\\/\\\/schema.org\",\"@graph\":[{\"@type\":\"WebPage\",\"@id\":\"https:\\\/\\\/chemgramx.com\\\/product\\\/1b-lsd-100mcg-online-bestellung\\\/\",\"url\":\"https:\\\/\\\/chemgramx.com\\\/product\\\/1b-lsd-100mcg-online-bestellung\\\/\",\"name\":\"1B-LSD 100mcg online Kaufen \u2013 1B-LSD 100mcg zu verkaufen\",\"isPartOf\":{\"@id\":\"https:\\\/\\\/chemgramx.com\\\/#website\"},\"primaryImageOfPage\":{\"@id\":\"https:\\\/\\\/chemgramx.com\\\/product\\\/1b-lsd-100mcg-online-bestellung\\\/#primaryimage\"},\"image\":{\"@id\":\"https:\\\/\\\/chemgramx.com\\\/product\\\/1b-lsd-100mcg-online-bestellung\\\/#primaryimage\"},\"thumbnailUrl\":\"https:\\\/\\\/chemgramx.com\\\/wp-content\\\/uploads\\\/2025\\\/12\\\/1b-1.png\",\"datePublished\":\"2025-12-11T00:49:46+00:00\",\"dateModified\":\"2025-12-11T01:04:29+00:00\",\"description\":\"Finden Sie erstklassiges 1B-LSD 100mcg zu verkaufen in unserem Online-Shop, der eine sichere Plattform bietet, um 1B-LSD 100mcg ganz einfach online zu kaufen und Ihren Forschungsanforderungen gerecht zu werden.\",\"breadcrumb\":{\"@id\":\"https:\\\/\\\/chemgramx.com\\\/product\\\/1b-lsd-100mcg-online-bestellung\\\/#breadcrumb\"},\"inLanguage\":\"es\",\"potentialAction\":[{\"@type\":\"ReadAction\",\"target\":[\"https:\\\/\\\/chemgramx.com\\\/product\\\/1b-lsd-100mcg-online-bestellung\\\/\"]}]},{\"@type\":\"ImageObject\",\"inLanguage\":\"es\",\"@id\":\"https:\\\/\\\/chemgramx.com\\\/product\\\/1b-lsd-100mcg-online-bestellung\\\/#primaryimage\",\"url\":\"https:\\\/\\\/chemgramx.com\\\/wp-content\\\/uploads\\\/2025\\\/12\\\/1b-1.png\",\"contentUrl\":\"https:\\\/\\\/chemgramx.com\\\/wp-content\\\/uploads\\\/2025\\\/12\\\/1b-1.png\",\"width\":600,\"height\":400},{\"@type\":\"BreadcrumbList\",\"@id\":\"https:\\\/\\\/chemgramx.com\\\/product\\\/1b-lsd-100mcg-online-bestellung\\\/#breadcrumb\",\"itemListElement\":[{\"@type\":\"ListItem\",\"position\":1,\"name\":\"Home\",\"item\":\"https:\\\/\\\/chemgramx.com\\\/\"},{\"@type\":\"ListItem\",\"position\":2,\"name\":\"Shop\",\"item\":\"https:\\\/\\\/chemgramx.com\\\/shop\\\/\"},{\"@type\":\"ListItem\",\"position\":3,\"name\":\"1B-LSD 100mcg Online Bestellung\"}]},{\"@type\":\"WebSite\",\"@id\":\"https:\\\/\\\/chemgramx.com\\\/#website\",\"url\":\"https:\\\/\\\/chemgramx.com\\\/\",\"name\":\"Chemgramx\",\"description\":\"\",\"publisher\":{\"@id\":\"https:\\\/\\\/chemgramx.com\\\/#organization\"},\"potentialAction\":[{\"@type\":\"SearchAction\",\"target\":{\"@type\":\"EntryPoint\",\"urlTemplate\":\"https:\\\/\\\/chemgramx.com\\\/?s={search_term_string}\"},\"query-input\":{\"@type\":\"PropertyValueSpecification\",\"valueRequired\":true,\"valueName\":\"search_term_string\"}}],\"inLanguage\":\"es\"},{\"@type\":\"Organization\",\"@id\":\"https:\\\/\\\/chemgramx.com\\\/#organization\",\"name\":\"Chemgramx\",\"url\":\"https:\\\/\\\/chemgramx.com\\\/\",\"logo\":{\"@type\":\"ImageObject\",\"inLanguage\":\"es\",\"@id\":\"https:\\\/\\\/chemgramx.com\\\/#\\\/schema\\\/logo\\\/image\\\/\",\"url\":\"https:\\\/\\\/chemgramx.com\\\/wp-content\\\/uploads\\\/2024\\\/10\\\/final-logo.png\",\"contentUrl\":\"https:\\\/\\\/chemgramx.com\\\/wp-content\\\/uploads\\\/2024\\\/10\\\/final-logo.png\",\"width\":250,\"height\":48,\"caption\":\"Chemgramx\"},\"image\":{\"@id\":\"https:\\\/\\\/chemgramx.com\\\/#\\\/schema\\\/logo\\\/image\\\/\"}}]}<\/script>\n<!-- \/ Yoast SEO plugin. -->","yoast_head_json":{"title":"Compre 1B-LSD 100 mcg en l\u00ednea \u2013 1B-LSD 100 mcg a la venta","description":"Encuentre 1B-LSD 100 mcg premium a la venta en nuestra tienda en l\u00ednea, que proporciona una plataforma segura para comprar f\u00e1cilmente 1B-LSD 100 mcg en l\u00ednea y satisfacer sus necesidades de investigaci\u00f3n.","robots":{"index":"index","follow":"follow","max-snippet":"max-snippet:-1","max-image-preview":"max-image-preview:large","max-video-preview":"max-video-preview:-1"},"canonical":"https:\/\/chemgramx.com\/es\/producto-1\/1b-lsd-100mcg-online-order\/","og_locale":"es_ES","og_type":"article","og_title":"1B-LSD 100mcg online Kaufen \u2013 1B-LSD 100mcg zu verkaufen","og_description":"Finden Sie erstklassiges 1B-LSD 100mcg zu verkaufen in unserem Online-Shop, der eine sichere Plattform bietet, um 1B-LSD 100mcg ganz einfach online zu kaufen und Ihren Forschungsanforderungen gerecht zu werden.","og_url":"https:\/\/chemgramx.com\/es\/producto-1\/1b-lsd-100mcg-online-order\/","og_site_name":"Chemgramx","article_modified_time":"2025-12-11T01:04:29+00:00","og_image":[{"width":600,"height":400,"url":"https:\/\/chemgramx.com\/wp-content\/uploads\/2025\/12\/1b-1.png","type":"image\/png"}],"twitter_card":"summary_large_image","twitter_misc":{"Tiempo de lectura":"4 minutos"},"schema":{"@context":"https:\/\/schema.org","@graph":[{"@type":"WebPage","@id":"https:\/\/chemgramx.com\/product\/1b-lsd-100mcg-online-bestellung\/","url":"https:\/\/chemgramx.com\/product\/1b-lsd-100mcg-online-bestellung\/","name":"Compre 1B-LSD 100 mcg en l\u00ednea \u2013 1B-LSD 100 mcg a la venta","isPartOf":{"@id":"https:\/\/chemgramx.com\/#website"},"primaryImageOfPage":{"@id":"https:\/\/chemgramx.com\/product\/1b-lsd-100mcg-online-bestellung\/#primaryimage"},"image":{"@id":"https:\/\/chemgramx.com\/product\/1b-lsd-100mcg-online-bestellung\/#primaryimage"},"thumbnailUrl":"https:\/\/chemgramx.com\/wp-content\/uploads\/2025\/12\/1b-1.png","datePublished":"2025-12-11T00:49:46+00:00","dateModified":"2025-12-11T01:04:29+00:00","description":"Encuentre 1B-LSD 100 mcg premium a la venta en nuestra tienda en l\u00ednea, que proporciona una plataforma segura para comprar f\u00e1cilmente 1B-LSD 100 mcg en l\u00ednea y satisfacer sus necesidades de investigaci\u00f3n.","breadcrumb":{"@id":"https:\/\/chemgramx.com\/product\/1b-lsd-100mcg-online-bestellung\/#breadcrumb"},"inLanguage":"es","potentialAction":[{"@type":"ReadAction","target":["https:\/\/chemgramx.com\/product\/1b-lsd-100mcg-online-bestellung\/"]}]},{"@type":"ImageObject","inLanguage":"es","@id":"https:\/\/chemgramx.com\/product\/1b-lsd-100mcg-online-bestellung\/#primaryimage","url":"https:\/\/chemgramx.com\/wp-content\/uploads\/2025\/12\/1b-1.png","contentUrl":"https:\/\/chemgramx.com\/wp-content\/uploads\/2025\/12\/1b-1.png","width":600,"height":400},{"@type":"BreadcrumbList","@id":"https:\/\/chemgramx.com\/product\/1b-lsd-100mcg-online-bestellung\/#breadcrumb","itemListElement":[{"@type":"ListItem","position":1,"name":"Home","item":"https:\/\/chemgramx.com\/"},{"@type":"ListItem","position":2,"name":"Shop","item":"https:\/\/chemgramx.com\/shop\/"},{"@type":"ListItem","position":3,"name":"1B-LSD 100mcg Online Bestellung"}]},{"@type":"WebSite","@id":"https:\/\/chemgramx.com\/#website","url":"https:\/\/chemgramx.com\/","name":"Chemgramx","description":"","publisher":{"@id":"https:\/\/chemgramx.com\/#organization"},"potentialAction":[{"@type":"SearchAction","target":{"@type":"EntryPoint","urlTemplate":"https:\/\/chemgramx.com\/?s={search_term_string}"},"query-input":{"@type":"PropertyValueSpecification","valueRequired":true,"valueName":"search_term_string"}}],"inLanguage":"es"},{"@type":"Organization","@id":"https:\/\/chemgramx.com\/#organization","name":"Chemgramx","url":"https:\/\/chemgramx.com\/","logo":{"@type":"ImageObject","inLanguage":"es","@id":"https:\/\/chemgramx.com\/#\/schema\/logo\/image\/","url":"https:\/\/chemgramx.com\/wp-content\/uploads\/2024\/10\/final-logo.png","contentUrl":"https:\/\/chemgramx.com\/wp-content\/uploads\/2024\/10\/final-logo.png","width":250,"height":48,"caption":"Chemgramx"},"image":{"@id":"https:\/\/chemgramx.com\/#\/schema\/logo\/image\/"}}]}},"_links":{"self":[{"href":"https:\/\/chemgramx.com\/es\/wp-json\/wp\/v2\/product\/8733","targetHints":{"allow":["GET"]}}],"collection":[{"href":"https:\/\/chemgramx.com\/es\/wp-json\/wp\/v2\/product"}],"about":[{"href":"https:\/\/chemgramx.com\/es\/wp-json\/wp\/v2\/types\/product"}],"replies":[{"embeddable":true,"href":"https:\/\/chemgramx.com\/es\/wp-json\/wp\/v2\/comments?post=8733"}],"wp:featuredmedia":[{"embeddable":true,"href":"https:\/\/chemgramx.com\/es\/wp-json\/wp\/v2\/media\/8755"}],"wp:attachment":[{"href":"https:\/\/chemgramx.com\/es\/wp-json\/wp\/v2\/media?parent=8733"}],"wp:term":[{"taxonomy":"product_brand","embeddable":true,"href":"https:\/\/chemgramx.com\/es\/wp-json\/wp\/v2\/product_brand?post=8733"},{"taxonomy":"product_cat","embeddable":true,"href":"https:\/\/chemgramx.com\/es\/wp-json\/wp\/v2\/product_cat?post=8733"},{"taxonomy":"product_tag","embeddable":true,"href":"https:\/\/chemgramx.com\/es\/wp-json\/wp\/v2\/product_tag?post=8733"}],"curies":[{"name":"wp","href":"https:\/\/api.w.org\/{rel}","templated":true}]}}