{"id":8757,"date":"2025-12-11T01:04:02","date_gmt":"2025-12-11T01:04:02","guid":{"rendered":"https:\/\/chemgramx.com\/?post_type=product&#038;p=8757"},"modified":"2025-12-11T01:06:20","modified_gmt":"2025-12-11T01:06:20","slug":"variedad-girl-scout-cookies-28-thc-2","status":"publish","type":"product","link":"https:\/\/chemgramx.com\/es\/product\/girl-scout-cookies-strain-28-thc-2\/","title":{"rendered":"Girl Scout Cookies Cepa 28% THC"},"content":{"rendered":"<p><b>Alprazolam<\/b>, m\u00e1s conocido internacionalmente con el nombre comercial de Xanax, es un <b>Benzodiacepina muy potente y de acci\u00f3n corta<\/b>. <b>En<\/b> es una de las sustancias psicoactivas m\u00e1s recetadas en todo el mundo. <b>Su<\/b> La principal indicaci\u00f3n es el tratamiento de <b>Trastornos de ansiedad, trastornos de p\u00e1nico con o sin agorafobia<\/b> y <b>Ansiedad y tensi\u00f3n graves de corta duraci\u00f3n<\/b>. <b>En<\/b> Forma de dosificaci\u00f3n de <b>2 mg<\/b> representa un <b>Dosis \u00fanica alta<\/b> principalmente para pacientes con <b>s\u00edntomas pronunciados<\/b> o para los que ya tienen un <b>cierta tolerancia<\/b> Se tiene en cuenta el riesgo de desarrollar un efecto secundario contra la sustancia. <b>En consecuencia<\/b> el uso de alprazolam est\u00e1 sujeto a los controles m\u00e9dicos y legales m\u00e1s estrictos.<\/p>\n<p>Este art\u00edculo ofrece una <b>investigaci\u00f3n detallada y cient\u00edfica<\/b> del mecanismo de acci\u00f3n, las propiedades farmacocin\u00e9ticas, la aplicaci\u00f3n terap\u00e9utica y los considerables riesgos y potencial de dependencia asociados al consumo de este potente f\u00e1rmaco.<\/p>\n<h2><b>Mecanismo de acci\u00f3n y farmacodin\u00e1mica<\/b><\/h2>\n<p>El alprazolam desarrolla su efecto en el sistema nervioso central (SNC). <b>Aqu\u00ed<\/b> potencia el efecto de los <b><a href=\"\/product\/green-mandala-mix-kaufen\/\">inhibiendo<\/a> Neurotransmisores<\/b>, \u00e1cido gamma-aminobut\u00edrico <b>(GABA)<\/b>.<\/p>\n<h4><b>El papel del receptor GABA-A<\/b><\/h4>\n<p>Las benzodiacepinas como el alprazolam se unen espec\u00edficamente a una subunidad de la <b>Complejo receptor GABA-A<\/b>. <b>Estos<\/b> La vinculaci\u00f3n conduce a una <b>apertura reforzada<\/b> de los canales de cloruro. <b>As\u00ed,<\/b> los iones de cloruro cargados negativamente fluyen hacia la c\u00e9lula nerviosa. <b>Este<\/b> da lugar a un <b>Hiperpolarizaci\u00f3n<\/b> de la c\u00e9lula. <b>Lo esencial<\/b> la excitabilidad de la c\u00e9lula nerviosa se reduce considerablemente. <b>As\u00ed<\/b> a <b>Amortiguaci\u00f3n general<\/b> de la actividad neuronal en el cerebro.<\/p>\n<ul>\n<li><b>Ansiol\u00edtico (ansiol\u00edtico):<\/b> La atenuaci\u00f3n de los sistemas l\u00edmbicos conduce a una r\u00e1pida <b>Reducci\u00f3n de la ansiedad y el nerviosismo<\/b>.<\/li>\n<li><b>Calmante (sedante\/hipn\u00f3tico):<\/b> El efecto <b>Fomento de la paz interior y la relajaci\u00f3n<\/b>.<\/li>\n<li><b>Relajante muscular y anticonvulsivo:<\/b> <b>Adem\u00e1s<\/b> El alprazolam posee propiedades que <b>Relajaci\u00f3n de los m\u00fasculos<\/b> y al <b>Prevenci\u00f3n de las convulsiones<\/b> contribuir.<\/li>\n<\/ul>\n<h4><b>Cin\u00e9tica del efecto<\/b><\/h4>\n<p>El alprazolam se caracteriza por <b>r\u00e1pido inicio de acci\u00f3n<\/b> de. <b>Normalmente<\/b> la concentraci\u00f3n plasm\u00e1tica m\u00e1xima ya es <b>en una o dos horas<\/b> tras la administraci\u00f3n oral. <b>Este<\/b> inundaci\u00f3n r\u00e1pida es la raz\u00f3n de la popularidad del <b>Tratamiento agudo<\/b> de ataques de p\u00e1nico. <b>Sin embargo<\/b> lleva el relativamente <b>Vida media corta<\/b> (unas 11 a 15 horas) tambi\u00e9n al <b>mayor riesgo de dependencia<\/b> ya que los pacientes pueden esforzarse r\u00e1pidamente por un nuevo inicio de acci\u00f3n.<\/p>\n<h2><b>Uso terap\u00e9utico y directrices<\/b><\/h2>\n<p>La dosis de <b>2 mg de alprazolam<\/b> est\u00e1 en la terapia a <b>Dosis \u00fanica alta<\/b>, que requiere una indicaci\u00f3n precisa. <b>La solicitud<\/b> se limita estrictamente a <b>Tratamientos a corto plazo<\/b> limitado.<\/p>\n<h4><b>Indicaciones<\/b><\/h4>\n<p><b>Principalmente<\/b> Alprazolam se prescribe para el tratamiento de:<\/p>\n<ul>\n<li><b>Trastornos de p\u00e1nico:<\/b> <b>Aqu\u00ed<\/b> el efecto r\u00e1pido desempe\u00f1a un papel decisivo en la interrupci\u00f3n aguda del ataque de p\u00e1nico.<\/li>\n<li><b>Ansiedad severa:<\/b> <b>En<\/b> s\u00f3lo se utiliza para condiciones que <b>muy perjudicial<\/b> y no responden suficientemente a otros medicamentos menos arriesgados.<\/li>\n<\/ul>\n<h4><b>Restricciones de uso y precauciones<\/b><\/h4>\n<p><b>Directrices m\u00e9dicas<\/b> destacan que las benzodiacepinas, debido a su <b>alto potencial de dependencia<\/b> s\u00f3lo para uno <b>periodo corto<\/b> (normalmente no m\u00e1s de 2 a 4 semanas). <b>Este<\/b> se aplica en particular a la forma de dosis alta de 2 mg. <b>Adem\u00e1s<\/b> debe tomarse siempre <b>seg\u00fan prescripci\u00f3n m\u00e9dica<\/b> tener lugar.<\/p>\n<ul>\n<li><b>Combinaciones peligrosas:<\/b> <b>En<\/b> Combinaci\u00f3n de alprazolam con <b>Alcohol<\/b> u otros <b>Sedantes<\/b> (como opioides, antihistam\u00ednicos) es <b>potencialmente mortal<\/b>. <b>Estos<\/b> Las interacciones pueden dar lugar a <b>depresi\u00f3n respiratoria potencialmente mortal<\/b> plomo.<\/li>\n<\/ul>\n<h2><b>Riesgos, dependencia y potencial de abuso<\/b><\/h2>\n<p>El alprazolam, especialmente en la formulaci\u00f3n de 2 mg, alberga los siguientes riesgos <b>Riesgos importantes<\/b> con respecto al desarrollo de <b>Dependencia y abuso<\/b>.<\/p>\n<ul>\n<li><b>Dependencia f\u00edsica y psicol\u00f3gica:<\/b> <b>Un<\/b> La tolerancia puede desarrollarse tras unas pocas semanas de uso regular. <b>En consecuencia<\/b> se requieren dosis m\u00e1s elevadas para lograr el mismo efecto terap\u00e9utico.<\/li>\n<li><b>S\u00edntomas de abstinencia:<\/b> <b>Con<\/b> Tras una interrupci\u00f3n brusca pueden producirse s\u00edntomas graves de abstinencia. <b>Estos<\/b> van desde ansiedad de rebote, insomnio, estados de agitaci\u00f3n hasta <b>convulsiones potencialmente mortales<\/b>. <b>Por lo tanto<\/b> el medicamento siempre debe <b>espeluznante<\/b> y suspendido bajo supervisi\u00f3n m\u00e9dica.<\/li>\n<\/ul>\n<h2><b>Normativa legal y peligros de la adquisici\u00f3n ilegal<\/b><\/h2>\n<p><b>En Alemania<\/b> y en la mayor\u00eda de los pa\u00edses, el alprazolam se incluye en la <b>Ley de estupefacientes (BtMG)<\/b> o normas estrictas similares.<\/p>\n<ul>\n<li><b>S\u00f3lo con receta:<\/b> Cada entrega, cada posesi\u00f3n y cada aplicaci\u00f3n requieren un <b>receta m\u00e9dica v\u00e1lida<\/b>. <b>En<\/b> La entrega tiene lugar <b>exclusivamente a trav\u00e9s de farmacias autorizadas<\/b>.<\/li>\n<li><b>El peligro de comprar por Internet:<\/b> <b>En<\/b> compra ilegal en l\u00ednea de Alprazolam sin receta es <b>Extremadamente peligroso<\/b>. <b>En el proceso<\/b> existe un riesgo, <b>preparados falsificados<\/b> para recibir. <b>Estos<\/b> pueden contener dosis incorrectas o ingredientes t\u00f3xicos, que <b>consecuencias mortales<\/b> puede tener.<\/li>\n<\/ul>","protected":false},"excerpt":{"rendered":"<p data-start=\"2615\" data-end=\"2732\">Girl Scout Cookies - H\u00edbrido con 28 % de THC. Sabor dulce y terroso, coloc\u00f3n fuerte y calidad premium para usuarios experimentados.<\/p>","protected":false},"featured_media":8790,"comment_status":"open","ping_status":"closed","template":"","meta":{"_joinchat":[]},"product_brand":[],"product_cat":[62],"product_tag":[],"class_list":{"0":"post-8757","1":"product","2":"type-product","3":"status-publish","4":"has-post-thumbnail","6":"product_cat-marijuana","8":"first","9":"instock","10":"shipping-taxable","11":"purchasable","12":"product-type-variable"},"yoast_head":"<!-- This site is optimized with the Yoast SEO plugin v27.5 - https:\/\/yoast.com\/product\/yoast-seo-wordpress\/ -->\n<title>Girl Scout Cookies kaufen | 28% THC Hybrid<\/title>\n<meta name=\"description\" content=\"Girl Scout Cookies online kaufen \u2013 28 % THC, s\u00fc\u00df-erdiges Aroma, starkes High. Premium-Hybrid mit diskretem Versand in Deutschland &amp; EU.\" \/>\n<meta name=\"robots\" content=\"index, follow, max-snippet:-1, max-image-preview:large, max-video-preview:-1\" \/>\n<link rel=\"canonical\" href=\"https:\/\/chemgramx.com\/es\/producto-1\/variedad-girl-scout-cookies-28-thc-2\/\" \/>\n<meta property=\"og:locale\" content=\"es_ES\" \/>\n<meta property=\"og:type\" content=\"article\" \/>\n<meta property=\"og:title\" content=\"Girl Scout Cookies kaufen | 28% THC Hybrid\" \/>\n<meta property=\"og:description\" content=\"Girl Scout Cookies online kaufen \u2013 28 % THC, s\u00fc\u00df-erdiges Aroma, starkes High. Premium-Hybrid mit diskretem Versand in Deutschland &amp; EU.\" \/>\n<meta property=\"og:url\" content=\"https:\/\/chemgramx.com\/es\/producto-1\/variedad-girl-scout-cookies-28-thc-2\/\" \/>\n<meta property=\"og:site_name\" content=\"Chemgramx\" \/>\n<meta property=\"article:modified_time\" content=\"2025-12-11T01:06:20+00:00\" \/>\n<meta property=\"og:image\" content=\"https:\/\/chemgramx.com\/wp-content\/uploads\/2025\/12\/girl-scout-cookies-strain-28-thc.jpg\" \/>\n\t<meta property=\"og:image:width\" content=\"800\" \/>\n\t<meta property=\"og:image:height\" content=\"800\" \/>\n\t<meta property=\"og:image:type\" content=\"image\/jpeg\" \/>\n<meta name=\"twitter:card\" content=\"summary_large_image\" \/>\n<meta name=\"twitter:label1\" content=\"Tiempo de lectura\" \/>\n\t<meta name=\"twitter:data1\" content=\"3 minutos\" \/>\n<script type=\"application\/ld+json\" class=\"yoast-schema-graph\">{\"@context\":\"https:\\\/\\\/schema.org\",\"@graph\":[{\"@type\":\"WebPage\",\"@id\":\"https:\\\/\\\/chemgramx.com\\\/product\\\/girl-scout-cookies-strain-28-thc-2\\\/\",\"url\":\"https:\\\/\\\/chemgramx.com\\\/product\\\/girl-scout-cookies-strain-28-thc-2\\\/\",\"name\":\"Girl Scout Cookies kaufen | 28% THC Hybrid\",\"isPartOf\":{\"@id\":\"https:\\\/\\\/chemgramx.com\\\/#website\"},\"primaryImageOfPage\":{\"@id\":\"https:\\\/\\\/chemgramx.com\\\/product\\\/girl-scout-cookies-strain-28-thc-2\\\/#primaryimage\"},\"image\":{\"@id\":\"https:\\\/\\\/chemgramx.com\\\/product\\\/girl-scout-cookies-strain-28-thc-2\\\/#primaryimage\"},\"thumbnailUrl\":\"https:\\\/\\\/chemgramx.com\\\/wp-content\\\/uploads\\\/2025\\\/12\\\/girl-scout-cookies-strain-28-thc.jpg\",\"datePublished\":\"2025-12-11T01:04:02+00:00\",\"dateModified\":\"2025-12-11T01:06:20+00:00\",\"description\":\"Girl Scout Cookies online kaufen \u2013 28 % THC, s\u00fc\u00df-erdiges Aroma, starkes High. Premium-Hybrid mit diskretem Versand in Deutschland &amp; EU.\",\"breadcrumb\":{\"@id\":\"https:\\\/\\\/chemgramx.com\\\/product\\\/girl-scout-cookies-strain-28-thc-2\\\/#breadcrumb\"},\"inLanguage\":\"es\",\"potentialAction\":[{\"@type\":\"ReadAction\",\"target\":[\"https:\\\/\\\/chemgramx.com\\\/product\\\/girl-scout-cookies-strain-28-thc-2\\\/\"]}]},{\"@type\":\"ImageObject\",\"inLanguage\":\"es\",\"@id\":\"https:\\\/\\\/chemgramx.com\\\/product\\\/girl-scout-cookies-strain-28-thc-2\\\/#primaryimage\",\"url\":\"https:\\\/\\\/chemgramx.com\\\/wp-content\\\/uploads\\\/2025\\\/12\\\/girl-scout-cookies-strain-28-thc.jpg\",\"contentUrl\":\"https:\\\/\\\/chemgramx.com\\\/wp-content\\\/uploads\\\/2025\\\/12\\\/girl-scout-cookies-strain-28-thc.jpg\",\"width\":800,\"height\":800},{\"@type\":\"BreadcrumbList\",\"@id\":\"https:\\\/\\\/chemgramx.com\\\/product\\\/girl-scout-cookies-strain-28-thc-2\\\/#breadcrumb\",\"itemListElement\":[{\"@type\":\"ListItem\",\"position\":1,\"name\":\"Home\",\"item\":\"https:\\\/\\\/chemgramx.com\\\/\"},{\"@type\":\"ListItem\",\"position\":2,\"name\":\"Shop\",\"item\":\"https:\\\/\\\/chemgramx.com\\\/shop\\\/\"},{\"@type\":\"ListItem\",\"position\":3,\"name\":\"Girl Scout Cookies Strain 28% THC\"}]},{\"@type\":\"WebSite\",\"@id\":\"https:\\\/\\\/chemgramx.com\\\/#website\",\"url\":\"https:\\\/\\\/chemgramx.com\\\/\",\"name\":\"Chemgramx\",\"description\":\"\",\"publisher\":{\"@id\":\"https:\\\/\\\/chemgramx.com\\\/#organization\"},\"potentialAction\":[{\"@type\":\"SearchAction\",\"target\":{\"@type\":\"EntryPoint\",\"urlTemplate\":\"https:\\\/\\\/chemgramx.com\\\/?s={search_term_string}\"},\"query-input\":{\"@type\":\"PropertyValueSpecification\",\"valueRequired\":true,\"valueName\":\"search_term_string\"}}],\"inLanguage\":\"es\"},{\"@type\":\"Organization\",\"@id\":\"https:\\\/\\\/chemgramx.com\\\/#organization\",\"name\":\"Chemgramx\",\"url\":\"https:\\\/\\\/chemgramx.com\\\/\",\"logo\":{\"@type\":\"ImageObject\",\"inLanguage\":\"es\",\"@id\":\"https:\\\/\\\/chemgramx.com\\\/#\\\/schema\\\/logo\\\/image\\\/\",\"url\":\"https:\\\/\\\/chemgramx.com\\\/wp-content\\\/uploads\\\/2024\\\/10\\\/final-logo.png\",\"contentUrl\":\"https:\\\/\\\/chemgramx.com\\\/wp-content\\\/uploads\\\/2024\\\/10\\\/final-logo.png\",\"width\":250,\"height\":48,\"caption\":\"Chemgramx\"},\"image\":{\"@id\":\"https:\\\/\\\/chemgramx.com\\\/#\\\/schema\\\/logo\\\/image\\\/\"}}]}<\/script>\n<!-- \/ Yoast SEO plugin. -->","yoast_head_json":{"title":"Comprar Girl Scout Cookies | 28% H\u00edbrido de THC","description":"Girl Scout Cookies online kaufen \u2013 28 % THC, s\u00fc\u00df-erdiges Aroma, starkes High. Premium-Hybrid mit diskretem Versand in Deutschland &amp; EU.","robots":{"index":"index","follow":"follow","max-snippet":"max-snippet:-1","max-image-preview":"max-image-preview:large","max-video-preview":"max-video-preview:-1"},"canonical":"https:\/\/chemgramx.com\/es\/producto-1\/variedad-girl-scout-cookies-28-thc-2\/","og_locale":"es_ES","og_type":"article","og_title":"Girl Scout Cookies kaufen | 28% THC Hybrid","og_description":"Girl Scout Cookies online kaufen \u2013 28 % THC, s\u00fc\u00df-erdiges Aroma, starkes High. Premium-Hybrid mit diskretem Versand in Deutschland &amp; EU.","og_url":"https:\/\/chemgramx.com\/es\/producto-1\/variedad-girl-scout-cookies-28-thc-2\/","og_site_name":"Chemgramx","article_modified_time":"2025-12-11T01:06:20+00:00","og_image":[{"width":800,"height":800,"url":"https:\/\/chemgramx.com\/wp-content\/uploads\/2025\/12\/girl-scout-cookies-strain-28-thc.jpg","type":"image\/jpeg"}],"twitter_card":"summary_large_image","twitter_misc":{"Tiempo de lectura":"3 minutos"},"schema":{"@context":"https:\/\/schema.org","@graph":[{"@type":"WebPage","@id":"https:\/\/chemgramx.com\/product\/girl-scout-cookies-strain-28-thc-2\/","url":"https:\/\/chemgramx.com\/product\/girl-scout-cookies-strain-28-thc-2\/","name":"Comprar Girl Scout Cookies | 28% H\u00edbrido de THC","isPartOf":{"@id":"https:\/\/chemgramx.com\/#website"},"primaryImageOfPage":{"@id":"https:\/\/chemgramx.com\/product\/girl-scout-cookies-strain-28-thc-2\/#primaryimage"},"image":{"@id":"https:\/\/chemgramx.com\/product\/girl-scout-cookies-strain-28-thc-2\/#primaryimage"},"thumbnailUrl":"https:\/\/chemgramx.com\/wp-content\/uploads\/2025\/12\/girl-scout-cookies-strain-28-thc.jpg","datePublished":"2025-12-11T01:04:02+00:00","dateModified":"2025-12-11T01:06:20+00:00","description":"Girl Scout Cookies online kaufen \u2013 28 % THC, s\u00fc\u00df-erdiges Aroma, starkes High. Premium-Hybrid mit diskretem Versand in Deutschland &amp; EU.","breadcrumb":{"@id":"https:\/\/chemgramx.com\/product\/girl-scout-cookies-strain-28-thc-2\/#breadcrumb"},"inLanguage":"es","potentialAction":[{"@type":"ReadAction","target":["https:\/\/chemgramx.com\/product\/girl-scout-cookies-strain-28-thc-2\/"]}]},{"@type":"ImageObject","inLanguage":"es","@id":"https:\/\/chemgramx.com\/product\/girl-scout-cookies-strain-28-thc-2\/#primaryimage","url":"https:\/\/chemgramx.com\/wp-content\/uploads\/2025\/12\/girl-scout-cookies-strain-28-thc.jpg","contentUrl":"https:\/\/chemgramx.com\/wp-content\/uploads\/2025\/12\/girl-scout-cookies-strain-28-thc.jpg","width":800,"height":800},{"@type":"BreadcrumbList","@id":"https:\/\/chemgramx.com\/product\/girl-scout-cookies-strain-28-thc-2\/#breadcrumb","itemListElement":[{"@type":"ListItem","position":1,"name":"Home","item":"https:\/\/chemgramx.com\/"},{"@type":"ListItem","position":2,"name":"Shop","item":"https:\/\/chemgramx.com\/shop\/"},{"@type":"ListItem","position":3,"name":"Girl Scout Cookies Strain 28% THC"}]},{"@type":"WebSite","@id":"https:\/\/chemgramx.com\/#website","url":"https:\/\/chemgramx.com\/","name":"Chemgramx","description":"","publisher":{"@id":"https:\/\/chemgramx.com\/#organization"},"potentialAction":[{"@type":"SearchAction","target":{"@type":"EntryPoint","urlTemplate":"https:\/\/chemgramx.com\/?s={search_term_string}"},"query-input":{"@type":"PropertyValueSpecification","valueRequired":true,"valueName":"search_term_string"}}],"inLanguage":"es"},{"@type":"Organization","@id":"https:\/\/chemgramx.com\/#organization","name":"Chemgramx","url":"https:\/\/chemgramx.com\/","logo":{"@type":"ImageObject","inLanguage":"es","@id":"https:\/\/chemgramx.com\/#\/schema\/logo\/image\/","url":"https:\/\/chemgramx.com\/wp-content\/uploads\/2024\/10\/final-logo.png","contentUrl":"https:\/\/chemgramx.com\/wp-content\/uploads\/2024\/10\/final-logo.png","width":250,"height":48,"caption":"Chemgramx"},"image":{"@id":"https:\/\/chemgramx.com\/#\/schema\/logo\/image\/"}}]}},"_links":{"self":[{"href":"https:\/\/chemgramx.com\/es\/wp-json\/wp\/v2\/product\/8757","targetHints":{"allow":["GET"]}}],"collection":[{"href":"https:\/\/chemgramx.com\/es\/wp-json\/wp\/v2\/product"}],"about":[{"href":"https:\/\/chemgramx.com\/es\/wp-json\/wp\/v2\/types\/product"}],"replies":[{"embeddable":true,"href":"https:\/\/chemgramx.com\/es\/wp-json\/wp\/v2\/comments?post=8757"}],"wp:featuredmedia":[{"embeddable":true,"href":"https:\/\/chemgramx.com\/es\/wp-json\/wp\/v2\/media\/8790"}],"wp:attachment":[{"href":"https:\/\/chemgramx.com\/es\/wp-json\/wp\/v2\/media?parent=8757"}],"wp:term":[{"taxonomy":"product_brand","embeddable":true,"href":"https:\/\/chemgramx.com\/es\/wp-json\/wp\/v2\/product_brand?post=8757"},{"taxonomy":"product_cat","embeddable":true,"href":"https:\/\/chemgramx.com\/es\/wp-json\/wp\/v2\/product_cat?post=8757"},{"taxonomy":"product_tag","embeddable":true,"href":"https:\/\/chemgramx.com\/es\/wp-json\/wp\/v2\/product_tag?post=8757"}],"curies":[{"name":"wp","href":"https:\/\/api.w.org\/{rel}","templated":true}]}}