{"id":8759,"date":"2025-12-11T01:04:03","date_gmt":"2025-12-11T01:04:03","guid":{"rendered":"https:\/\/chemgramx.com\/?post_type=product&#038;p=8759"},"modified":"2025-12-11T01:05:12","modified_gmt":"2025-12-11T01:05:12","slug":"valoron-liquid-e-liquid-pedido-online","status":"publish","type":"product","link":"https:\/\/chemgramx.com\/es\/product\/valoron-liquid-e-liquid-online-bestellung\/","title":{"rendered":"Valoron Liquid (E-Liquid) Pedido en l\u00ednea"},"content":{"rendered":"<p data-start=\"242\" data-end=\"754\">Est\u00e1 buscando Valoron l\u00edquido (e-l\u00edquido) de alta calidad? En Chemgramx puedes comprar Valoron L\u00edquido (E-L\u00edquido) online - ofrecemos Valoron L\u00edquido probado en laboratorio con una pureza de \u226599%, ideal para tus estudios y aplicaciones cient\u00edficas. Con entrega r\u00e1pida, precios competitivos y servicio fiable, somos tu primera opci\u00f3n si te preguntas d\u00f3nde comprar Valoron L\u00edquido (E-Liquid) MDMA o si buscas el mejor Valoron L\u00edquido (E-Liquid) MDMA. <a href=\"https:\/\/chemgramx.com\/product\/valoron-liquid-e-liquid\/\">Mejor lugar para comprar Valoron Liquid (E-Liquid) en l\u00ednea<\/a>\u00a0b\u00fasqueda.<\/p>\n<h2 data-start=\"756\" data-end=\"814\">\u00bfPor qu\u00e9 comprar Valoron Liquid (E-Liquid) en Chemgramx?<\/h2>\n<p data-start=\"815\" data-end=\"1176\">Nuestra <a href=\"https:\/\/en.wikipedia.org\/wiki\/Tilidine\">L\u00edquido Valoron<\/a> procede de proveedores de confianza y se somete a estrictos controles de calidad para garantizar que cumple las normas m\u00e1s exigentes. Tanto si busca Valoron Liquid (E-Liquid) en venta como si desea encargar Valoron Liquid (E-Liquid) directamente, Chemgramx le ofrece productos de primera clase para su investigaci\u00f3n.<\/p>\n<h3 data-start=\"1178\" data-end=\"1223\">Ventajas de Valoron Liquid (E-Liquid)<\/h3>\n<ul data-start=\"1224\" data-end=\"1566\">\n<li data-start=\"1224\" data-end=\"1322\">\n<p data-start=\"1226\" data-end=\"1322\">M\u00e1xima pureza: pureza garantizada \u226599 % para obtener resultados de investigaci\u00f3n precisos.<\/p>\n<\/li>\n<li data-start=\"1323\" data-end=\"1420\">\n<p data-start=\"1325\" data-end=\"1420\">Su pedido se embalar\u00e1 de forma segura y se entregar\u00e1 a tiempo.<\/p>\n<\/li>\n<li data-start=\"1421\" data-end=\"1566\">\n<p data-start=\"1423\" data-end=\"1566\">Precios justos: Ofrecemos calidad premium a condiciones competitivas - compare usted mismo el precio de Valoron Liquid (E-Liquid).<\/p>\n<\/li>\n<\/ul>\n<p data-start=\"1568\" data-end=\"1689\">Conf\u00ede en Chemgramx si desea comprar Valoron Liquid (e-liquid) en l\u00ednea de una fuente de investigaci\u00f3n fiable.<\/p>\n<h3 data-start=\"1691\" data-end=\"1730\">\u00bfQu\u00e9 es Valoron Liquid (e-liquid)?<\/h3>\n<p data-start=\"1731\" data-end=\"2201\">Valoron Liquid (tambi\u00e9n conocido como E-Liquid) es un l\u00edquido sint\u00e9tico que se utiliza con frecuencia en estudios cient\u00edficos y para aplicaciones farmac\u00e9uticas. Se utiliza en investigaci\u00f3n para investigar el efecto sobre los receptores opioides y las propiedades farmacol\u00f3gicas asociadas. Los productos como Valoron Liquid (E-Liquid) comprar en l\u00ednea est\u00e1n destinados \u00fanicamente a fines de investigaci\u00f3n y no son aptos para el consumo humano.<\/p>\n<h3 data-start=\"2203\" data-end=\"2231\">\u00bfPor qu\u00e9 elegir Chemgramx?<\/h3>\n<ul data-start=\"2232\" data-end=\"2490\">\n<li data-start=\"2232\" data-end=\"2300\">\n<p data-start=\"2234\" data-end=\"2300\">Fuente confiable: Solo proveedores verificados y con experiencia.<\/p>\n<\/li>\n<li data-start=\"2301\" data-end=\"2401\">\n<p data-start=\"2303\" data-end=\"2401\">Estrictos controles de calidad: Cada lote se prueba para garantizar los m\u00e1s altos est\u00e1ndares.<\/p>\n<\/li>\n<li data-start=\"2402\" data-end=\"2490\">\n<p data-start=\"2404\" data-end=\"2490\">Nuestro equipo garantiza una experiencia de compra sin contratiempos.<\/p>\n<\/li>\n<\/ul>\n<p data-start=\"2492\" data-end=\"2632\">Si est\u00e1 pensando en comprar Valoron Liquid (e-liquid), con nosotros encontrar\u00e1 la combinaci\u00f3n de pureza, discreci\u00f3n y servicio.<\/p>\n<h2 data-start=\"2634\" data-end=\"2695\">\u00bfC\u00f3mo puedo pedir Valoron Liquid (e-liquid) en l\u00ednea?<\/h2>\n<p data-start=\"2696\" data-end=\"2963\">es sencillo y seguro. Visite nuestro sitio web, seleccione la cantidad deseada y finalice su pedido. Con una entrega r\u00e1pida y un embalaje discreto, recibir\u00e1 sus productos de forma r\u00e1pida y fiable.<\/p>\n<p data-start=\"2965\" data-end=\"3203\">Ahora es el momento adecuado si usted est\u00e1 buscando Valoron Liquid (E-Liquid) para la venta o considerando d\u00f3nde comprar Valoron Liquid (E-Liquid) MDMA. Chemgramx le ofrece calidad probada y un proceso de pedido profesional.<\/p>\n<h2 data-start=\"3205\" data-end=\"3215\">Conclusi\u00f3n<\/h2>\n<p data-start=\"3216\" data-end=\"3567\">Tanto si busca el mejor precio de Valoron Liquid (E-Liquid) como si desea comprar Valoron Liquid (E-Liquid) directamente en l\u00ednea, Chemgramx es su socio de confianza. Elija el mejor lugar para comprar Valoron Liquid (E-Liquid) online y aseg\u00farese la m\u00e1xima pureza, calidad probada y un servicio fiable.<\/p>\n<p data-start=\"3569\" data-end=\"3694\">Haga su pedido ahora en Chemgramx y benef\u00edciese de Valoron Liquid (E-Liquid) en las mejores condiciones.<\/p>","protected":false},"excerpt":{"rendered":"<p><strong>L\u00edquido Valoron<\/strong> es un medicamento que <strong>Tilidina<\/strong> contiene un opi\u00e1ceo sint\u00e9tico para el tratamiento de <strong>dolor de moderado a intenso<\/strong>. Suele recetarse en forma de soluci\u00f3n oral y es prescrito por un m\u00e9dico. El uso de Tilidina o Valoron en <strong>E-l\u00edquidos<\/strong> (para vapear) es extremadamente peligroso y no est\u00e1 destinado a este fin.<\/p>\n<h3><strong>Datos importantes<\/strong><\/h3>\n<p><strong>Principio activo<\/strong>Tilidina (a menudo combinada con naloxona para prevenir el abuso)<br \/>\n<strong>Indicaciones<\/strong>Dolor moderado a intenso<br \/>\n<strong>Formulaci\u00f3n<\/strong>Soluci\u00f3n oral (no apta para inhalaci\u00f3n o vaporizaci\u00f3n)<br \/>\n<strong>Dosificaci\u00f3n<\/strong>En funci\u00f3n de la prescripci\u00f3n m\u00e9dica<\/p>","protected":false},"featured_media":8792,"comment_status":"open","ping_status":"closed","template":"","meta":{"_joinchat":[]},"product_brand":[],"product_cat":[96],"product_tag":[1085,1076,1100,1098,1099,1082,1090,1094,1093,1084,1088,1097,1095,1078,1089,1079,1096,1086,1081,1091,1087,1083,1092,1080,1077],"class_list":{"0":"post-8759","1":"product","2":"type-product","3":"status-publish","4":"has-post-thumbnail","6":"product_cat-psychedelische-droge","7":"product_tag-tilidin-valoron-liquid","8":"product_tag-valoron-liquid","9":"product_tag-valoron-liquid-1l","10":"product_tag-valoron-liquid-250ml","11":"product_tag-valoron-liquid-500ml","12":"product_tag-valoron-liquid-dosierung","13":"product_tag-valoron-liquid-effekte","14":"product_tag-valoron-liquid-fur-apotheken","15":"product_tag-valoron-liquid-fur-medizinische-zwecke","16":"product_tag-valoron-liquid-groshandel","17":"product_tag-valoron-liquid-handhabung","18":"product_tag-valoron-liquid-in-100ml","19":"product_tag-valoron-liquid-in-kleinen-mengen","20":"product_tag-valoron-liquid-kaufen","21":"product_tag-valoron-liquid-lagerung","22":"product_tag-valoron-liquid-lieferant","23":"product_tag-valoron-liquid-markt","24":"product_tag-valoron-liquid-nebenwirkungen","25":"product_tag-valoron-liquid-preis","26":"product_tag-valoron-liquid-risiken","27":"product_tag-valoron-liquid-sicherheit","28":"product_tag-valoron-liquid-verfugbarkeit","29":"product_tag-valoron-liquid-vorschriften","30":"product_tag-valoron-liquid-zum-verkauf","31":"product_tag-valoron-tilidin-liquid","33":"first","34":"instock","35":"shipping-taxable","36":"purchasable","37":"product-type-variable"},"yoast_head":"<!-- This site is optimized with the Yoast SEO plugin v27.5 - https:\/\/yoast.com\/product\/yoast-seo-wordpress\/ -->\n<title>Valoron Liquid (E-Liquid) Kaufen \u2013 H\u00f6chste Qualit\u00e4t | Chemgramx<\/title>\n<meta name=\"description\" content=\"Valoron Liquid (E-Liquid) online kaufen bei chemgramx. Laborgepr\u00fcft, \u226599 % Reinheit, schneller Versand und wettbewerbsf\u00e4hige Preise. Jetzt bestellen!\" \/>\n<meta name=\"robots\" content=\"index, follow, max-snippet:-1, max-image-preview:large, max-video-preview:-1\" \/>\n<link rel=\"canonical\" href=\"https:\/\/chemgramx.com\/es\/producto-1\/valoron-liquid-e-liquid-pedido-online\/\" \/>\n<meta property=\"og:locale\" content=\"es_ES\" \/>\n<meta property=\"og:type\" content=\"article\" \/>\n<meta property=\"og:title\" content=\"Valoron Liquid (E-Liquid) Kaufen \u2013 H\u00f6chste Qualit\u00e4t | Chemgramx\" \/>\n<meta property=\"og:description\" content=\"Valoron Liquid (E-Liquid) online kaufen bei chemgramx. Laborgepr\u00fcft, \u226599 % Reinheit, schneller Versand und wettbewerbsf\u00e4hige Preise. Jetzt bestellen!\" \/>\n<meta property=\"og:url\" content=\"https:\/\/chemgramx.com\/es\/producto-1\/valoron-liquid-e-liquid-pedido-online\/\" \/>\n<meta property=\"og:site_name\" content=\"Chemgramx\" \/>\n<meta property=\"article:modified_time\" content=\"2025-12-11T01:05:12+00:00\" \/>\n<meta property=\"og:image\" content=\"https:\/\/chemgramx.com\/wp-content\/uploads\/2025\/12\/E-Liquids.jpg\" \/>\n\t<meta property=\"og:image:width\" content=\"260\" \/>\n\t<meta property=\"og:image:height\" content=\"194\" \/>\n\t<meta property=\"og:image:type\" content=\"image\/jpeg\" \/>\n<meta name=\"twitter:card\" content=\"summary_large_image\" \/>\n<meta name=\"twitter:label1\" content=\"Tiempo de lectura\" \/>\n\t<meta name=\"twitter:data1\" content=\"3 minutos\" \/>\n<script type=\"application\/ld+json\" class=\"yoast-schema-graph\">{\"@context\":\"https:\\\/\\\/schema.org\",\"@graph\":[{\"@type\":\"WebPage\",\"@id\":\"https:\\\/\\\/chemgramx.com\\\/product\\\/valoron-liquid-e-liquid-online-bestellung\\\/\",\"url\":\"https:\\\/\\\/chemgramx.com\\\/product\\\/valoron-liquid-e-liquid-online-bestellung\\\/\",\"name\":\"Valoron Liquid (E-Liquid) Kaufen \u2013 H\u00f6chste Qualit\u00e4t | Chemgramx\",\"isPartOf\":{\"@id\":\"https:\\\/\\\/chemgramx.com\\\/#website\"},\"primaryImageOfPage\":{\"@id\":\"https:\\\/\\\/chemgramx.com\\\/product\\\/valoron-liquid-e-liquid-online-bestellung\\\/#primaryimage\"},\"image\":{\"@id\":\"https:\\\/\\\/chemgramx.com\\\/product\\\/valoron-liquid-e-liquid-online-bestellung\\\/#primaryimage\"},\"thumbnailUrl\":\"https:\\\/\\\/chemgramx.com\\\/wp-content\\\/uploads\\\/2025\\\/12\\\/E-Liquids.jpg\",\"datePublished\":\"2025-12-11T01:04:03+00:00\",\"dateModified\":\"2025-12-11T01:05:12+00:00\",\"description\":\"Valoron Liquid (E-Liquid) online kaufen bei chemgramx. Laborgepr\u00fcft, \u226599 % Reinheit, schneller Versand und wettbewerbsf\u00e4hige Preise. Jetzt bestellen!\",\"breadcrumb\":{\"@id\":\"https:\\\/\\\/chemgramx.com\\\/product\\\/valoron-liquid-e-liquid-online-bestellung\\\/#breadcrumb\"},\"inLanguage\":\"es\",\"potentialAction\":[{\"@type\":\"ReadAction\",\"target\":[\"https:\\\/\\\/chemgramx.com\\\/product\\\/valoron-liquid-e-liquid-online-bestellung\\\/\"]}]},{\"@type\":\"ImageObject\",\"inLanguage\":\"es\",\"@id\":\"https:\\\/\\\/chemgramx.com\\\/product\\\/valoron-liquid-e-liquid-online-bestellung\\\/#primaryimage\",\"url\":\"https:\\\/\\\/chemgramx.com\\\/wp-content\\\/uploads\\\/2025\\\/12\\\/E-Liquids.jpg\",\"contentUrl\":\"https:\\\/\\\/chemgramx.com\\\/wp-content\\\/uploads\\\/2025\\\/12\\\/E-Liquids.jpg\",\"width\":260,\"height\":194},{\"@type\":\"BreadcrumbList\",\"@id\":\"https:\\\/\\\/chemgramx.com\\\/product\\\/valoron-liquid-e-liquid-online-bestellung\\\/#breadcrumb\",\"itemListElement\":[{\"@type\":\"ListItem\",\"position\":1,\"name\":\"Home\",\"item\":\"https:\\\/\\\/chemgramx.com\\\/\"},{\"@type\":\"ListItem\",\"position\":2,\"name\":\"Shop\",\"item\":\"https:\\\/\\\/chemgramx.com\\\/shop\\\/\"},{\"@type\":\"ListItem\",\"position\":3,\"name\":\"Valoron Liquid (E-Liquid) Online Bestellung\"}]},{\"@type\":\"WebSite\",\"@id\":\"https:\\\/\\\/chemgramx.com\\\/#website\",\"url\":\"https:\\\/\\\/chemgramx.com\\\/\",\"name\":\"Chemgramx\",\"description\":\"\",\"publisher\":{\"@id\":\"https:\\\/\\\/chemgramx.com\\\/#organization\"},\"potentialAction\":[{\"@type\":\"SearchAction\",\"target\":{\"@type\":\"EntryPoint\",\"urlTemplate\":\"https:\\\/\\\/chemgramx.com\\\/?s={search_term_string}\"},\"query-input\":{\"@type\":\"PropertyValueSpecification\",\"valueRequired\":true,\"valueName\":\"search_term_string\"}}],\"inLanguage\":\"es\"},{\"@type\":\"Organization\",\"@id\":\"https:\\\/\\\/chemgramx.com\\\/#organization\",\"name\":\"Chemgramx\",\"url\":\"https:\\\/\\\/chemgramx.com\\\/\",\"logo\":{\"@type\":\"ImageObject\",\"inLanguage\":\"es\",\"@id\":\"https:\\\/\\\/chemgramx.com\\\/#\\\/schema\\\/logo\\\/image\\\/\",\"url\":\"https:\\\/\\\/chemgramx.com\\\/wp-content\\\/uploads\\\/2024\\\/10\\\/final-logo.png\",\"contentUrl\":\"https:\\\/\\\/chemgramx.com\\\/wp-content\\\/uploads\\\/2024\\\/10\\\/final-logo.png\",\"width\":250,\"height\":48,\"caption\":\"Chemgramx\"},\"image\":{\"@id\":\"https:\\\/\\\/chemgramx.com\\\/#\\\/schema\\\/logo\\\/image\\\/\"}}]}<\/script>\n<!-- \/ Yoast SEO plugin. -->","yoast_head_json":{"title":"Compra Valoron Liquid (e-l\u00edquido) \u2013 M\u00e1xima calidad | Chemgramx","description":"Comprar Valoron Liquid (E-Liquid) online en chemgramx. Probado en laboratorio, pureza \u226599 %, env\u00edo r\u00e1pido y precios competitivos. \u00a1Haga su pedido ahora!","robots":{"index":"index","follow":"follow","max-snippet":"max-snippet:-1","max-image-preview":"max-image-preview:large","max-video-preview":"max-video-preview:-1"},"canonical":"https:\/\/chemgramx.com\/es\/producto-1\/valoron-liquid-e-liquid-pedido-online\/","og_locale":"es_ES","og_type":"article","og_title":"Valoron Liquid (E-Liquid) Kaufen \u2013 H\u00f6chste Qualit\u00e4t | Chemgramx","og_description":"Valoron Liquid (E-Liquid) online kaufen bei chemgramx. Laborgepr\u00fcft, \u226599 % Reinheit, schneller Versand und wettbewerbsf\u00e4hige Preise. Jetzt bestellen!","og_url":"https:\/\/chemgramx.com\/es\/producto-1\/valoron-liquid-e-liquid-pedido-online\/","og_site_name":"Chemgramx","article_modified_time":"2025-12-11T01:05:12+00:00","og_image":[{"width":260,"height":194,"url":"https:\/\/chemgramx.com\/wp-content\/uploads\/2025\/12\/E-Liquids.jpg","type":"image\/jpeg"}],"twitter_card":"summary_large_image","twitter_misc":{"Tiempo de lectura":"3 minutos"},"schema":{"@context":"https:\/\/schema.org","@graph":[{"@type":"WebPage","@id":"https:\/\/chemgramx.com\/product\/valoron-liquid-e-liquid-online-bestellung\/","url":"https:\/\/chemgramx.com\/product\/valoron-liquid-e-liquid-online-bestellung\/","name":"Compra Valoron Liquid (e-l\u00edquido) \u2013 M\u00e1xima calidad | Chemgramx","isPartOf":{"@id":"https:\/\/chemgramx.com\/#website"},"primaryImageOfPage":{"@id":"https:\/\/chemgramx.com\/product\/valoron-liquid-e-liquid-online-bestellung\/#primaryimage"},"image":{"@id":"https:\/\/chemgramx.com\/product\/valoron-liquid-e-liquid-online-bestellung\/#primaryimage"},"thumbnailUrl":"https:\/\/chemgramx.com\/wp-content\/uploads\/2025\/12\/E-Liquids.jpg","datePublished":"2025-12-11T01:04:03+00:00","dateModified":"2025-12-11T01:05:12+00:00","description":"Comprar Valoron Liquid (E-Liquid) online en chemgramx. Probado en laboratorio, pureza \u226599 %, env\u00edo r\u00e1pido y precios competitivos. \u00a1Haga su pedido ahora!","breadcrumb":{"@id":"https:\/\/chemgramx.com\/product\/valoron-liquid-e-liquid-online-bestellung\/#breadcrumb"},"inLanguage":"es","potentialAction":[{"@type":"ReadAction","target":["https:\/\/chemgramx.com\/product\/valoron-liquid-e-liquid-online-bestellung\/"]}]},{"@type":"ImageObject","inLanguage":"es","@id":"https:\/\/chemgramx.com\/product\/valoron-liquid-e-liquid-online-bestellung\/#primaryimage","url":"https:\/\/chemgramx.com\/wp-content\/uploads\/2025\/12\/E-Liquids.jpg","contentUrl":"https:\/\/chemgramx.com\/wp-content\/uploads\/2025\/12\/E-Liquids.jpg","width":260,"height":194},{"@type":"BreadcrumbList","@id":"https:\/\/chemgramx.com\/product\/valoron-liquid-e-liquid-online-bestellung\/#breadcrumb","itemListElement":[{"@type":"ListItem","position":1,"name":"Home","item":"https:\/\/chemgramx.com\/"},{"@type":"ListItem","position":2,"name":"Shop","item":"https:\/\/chemgramx.com\/shop\/"},{"@type":"ListItem","position":3,"name":"Valoron Liquid (E-Liquid) Online Bestellung"}]},{"@type":"WebSite","@id":"https:\/\/chemgramx.com\/#website","url":"https:\/\/chemgramx.com\/","name":"Chemgramx","description":"","publisher":{"@id":"https:\/\/chemgramx.com\/#organization"},"potentialAction":[{"@type":"SearchAction","target":{"@type":"EntryPoint","urlTemplate":"https:\/\/chemgramx.com\/?s={search_term_string}"},"query-input":{"@type":"PropertyValueSpecification","valueRequired":true,"valueName":"search_term_string"}}],"inLanguage":"es"},{"@type":"Organization","@id":"https:\/\/chemgramx.com\/#organization","name":"Chemgramx","url":"https:\/\/chemgramx.com\/","logo":{"@type":"ImageObject","inLanguage":"es","@id":"https:\/\/chemgramx.com\/#\/schema\/logo\/image\/","url":"https:\/\/chemgramx.com\/wp-content\/uploads\/2024\/10\/final-logo.png","contentUrl":"https:\/\/chemgramx.com\/wp-content\/uploads\/2024\/10\/final-logo.png","width":250,"height":48,"caption":"Chemgramx"},"image":{"@id":"https:\/\/chemgramx.com\/#\/schema\/logo\/image\/"}}]}},"_links":{"self":[{"href":"https:\/\/chemgramx.com\/es\/wp-json\/wp\/v2\/product\/8759","targetHints":{"allow":["GET"]}}],"collection":[{"href":"https:\/\/chemgramx.com\/es\/wp-json\/wp\/v2\/product"}],"about":[{"href":"https:\/\/chemgramx.com\/es\/wp-json\/wp\/v2\/types\/product"}],"replies":[{"embeddable":true,"href":"https:\/\/chemgramx.com\/es\/wp-json\/wp\/v2\/comments?post=8759"}],"wp:featuredmedia":[{"embeddable":true,"href":"https:\/\/chemgramx.com\/es\/wp-json\/wp\/v2\/media\/8792"}],"wp:attachment":[{"href":"https:\/\/chemgramx.com\/es\/wp-json\/wp\/v2\/media?parent=8759"}],"wp:term":[{"taxonomy":"product_brand","embeddable":true,"href":"https:\/\/chemgramx.com\/es\/wp-json\/wp\/v2\/product_brand?post=8759"},{"taxonomy":"product_cat","embeddable":true,"href":"https:\/\/chemgramx.com\/es\/wp-json\/wp\/v2\/product_cat?post=8759"},{"taxonomy":"product_tag","embeddable":true,"href":"https:\/\/chemgramx.com\/es\/wp-json\/wp\/v2\/product_tag?post=8759"}],"curies":[{"name":"wp","href":"https:\/\/api.w.org\/{rel}","templated":true}]}}