{"id":8766,"date":"2025-12-11T01:04:04","date_gmt":"2025-12-11T01:04:04","guid":{"rendered":"https:\/\/chemgramx.com\/?post_type=product&#038;p=8766"},"modified":"2025-12-11T01:05:13","modified_gmt":"2025-12-11T01:05:13","slug":"comprar-boh-2c-b-hcl","status":"publish","type":"product","link":"https:\/\/chemgramx.com\/es\/product\/boh-2c-b-hcl-kaufen\/","title":{"rendered":"BOH-2C-B HCL Comprar"},"content":{"rendered":"<p><b>BOH-2C-B HCL<\/b> es un producto qu\u00edmico de investigaci\u00f3n especializado de <b>m\u00e1xima calidad<\/b>. <b>Los expertos los determinan<\/b> exclusivamente para investigaciones cient\u00edficas en entornos de laboratorio estrictamente controlados. Nuestro <b>Calidad comprobada anal\u00edticamente<\/b> garantizado <b>Resultados fiables<\/b> para proyectos de investigaci\u00f3n complejos. <b>Entregamos<\/b> el clorhidrato en su forma m\u00e1s pura, garantizando la integridad anal\u00edtica de sus experimentos al m\u00e1s alto nivel. <b>Por lo tanto, este producto<\/b> un reactivo indispensable en la investigaci\u00f3n b\u00e1sica farmacol\u00f3gica y toxicol\u00f3gica moderna.<\/p>\n<h2><b>Propiedades qu\u00edmicas detalladas y calidad farmac\u00e9utica<\/b><\/h2>\n<p>El clorhidrato de BOH-2C-B es una herramienta qu\u00edmica precisa. <b>Los cient\u00edficos lo describen<\/b> como un importante derivado de la conocida clase de las fenetilaminas, que resulta ideal para la investigaci\u00f3n especializada basada en receptores. <b>Su estructura qu\u00edmica<\/b> permite a los investigadores estudiar las sutiles interacciones del sistema de la serotonina.<\/p>\n<h4><b>Especificaciones detalladas del producto<\/b><\/h4>\n<ul>\n<li><b>Nombre qu\u00edmico:<\/b> BOH-2C-B clorhidrato<\/li>\n<li><b>Molde:<\/b> Fino, puro <b>polvo cristalino<\/b><\/li>\n<li><b>Solubilidad:<\/b> <b>La sustancia se disuelve<\/b> excelente en el agua. <b>Esto es importante<\/b>, porque facilita la preparaci\u00f3n de soluciones maestras precisas para <i>In vitro<\/i>-se simplifican los ensayos.<\/li>\n<li><b>Pureza:<\/b> Garantizamos <span class=\"math-inline\" data-math=\"ge 98%\">98%<\/span> (<b>Confirmado por an\u00e1lisis HPLC<\/b>). <b>Este alt\u00edsimo grado de pureza corresponde a<\/b> la calidad farmac\u00e9utica requerida para los estudios cient\u00edficos.<\/li>\n<\/ul>\n<h4><b>Garant\u00eda de calidad: nuestro compromiso con la reproducibilidad<\/b><\/h4>\n<p><b>Aseguramos<\/b> calidad constante mediante procesos anal\u00edticos multietapa, internos y externos. <b>Esto le proporciona<\/b> resultados coherentes y comparables en cada experimento.<\/p>\n<ol start=\"1\">\n<li><b>Documentaci\u00f3n anal\u00edtica:<\/b> <b>A\u00f1adimos a cada pedido<\/b> completo y firmado <b>Certificados de an\u00e1lisis<\/b> con.<\/li>\n<li><b>Consistencia de los lotes:<\/b> <b>Garantizamos<\/b> calidad constante. <b>Gracias a esta coherencia<\/b> los investigadores pueden realizar estudios a largo plazo sin factores de confusi\u00f3n variables.<\/li>\n<li><b>Estabilidad y almacenamiento:<\/b> <b>La sustancia permite<\/b> almacenamiento a largo plazo sin problemas. <b>No obstante, recomendamos<\/b>, respetar estrictamente las condiciones \u00f3ptimas que se indican a continuaci\u00f3n.<\/li>\n<li><b>Grado de pureza:<\/b> <b>Conseguimos<\/b> la m\u00e1xima calidad mediante <b>An\u00e1lisis de laboratorio independientes<\/b>.<\/li>\n<\/ol>\n<h2><b>Principales \u00e1mbitos de aplicaci\u00f3n y papel de la investigaci\u00f3n<\/b><\/h2>\n<p>BOH-2C-B HCL es un reactivo vers\u00e1til. <b>Es indispensable<\/b> para laboratorios centrados en el an\u00e1lisis detallado de nuevas sustancias psicoactivas y su actividad biol\u00f3gica. <b>En consecuencia<\/b> Los investigadores la utilizan en cuatro \u00e1mbitos principales y cr\u00edticos.<\/p>\n<h3><b>Posibles \u00e1reas de investigaci\u00f3n<\/b><\/h3>\n<ul>\n<li><b>Estudios bioqu\u00edmicos:<\/b> <b>Los investigadores analizan<\/b> el exacto <b>Afinidad del receptor<\/b> y la selectividad de la sustancia, especialmente en los receptores de serotonina y dopamina. <b>Estos datos<\/b> son cruciales para el desarrollo de nuevas terapias.<\/li>\n<li><b>Estudios farmacol\u00f3gicos:<\/b> <b>Aclarar las pruebas<\/b> el exacto <b>Mecanismos de acci\u00f3n<\/b> y la activaci\u00f3n posterior de las v\u00edas de se\u00f1alizaci\u00f3n celular. <b>El objetivo es<\/b>, para comprender la cascada molecular.<\/li>\n<li><b>Qu\u00edmica anal\u00edtica y medicina forense:<\/b> <b>Los qu\u00edmicos desarrollan<\/b> y validar nuevos <b>M\u00e9todos de detecci\u00f3n<\/b> (por ejemplo, mediante GC-MS o LC-MS). <b>Esto es importante<\/b> para toxicolog\u00eda forense y determinaci\u00f3n del valor l\u00edmite.<\/li>\n<li><b>Investigaci\u00f3n toxicol\u00f3gica:<\/b> <b>Determinar los an\u00e1lisis<\/b> la precl\u00ednica <b>Perfil de seguridad<\/b>, metabolitos y toxicidad celular (citotoxicidad). <b>Estos datos<\/b> son esenciales para la evaluaci\u00f3n de riesgos.<\/li>\n<\/ul>\n<p><b>Adem\u00e1s<\/b> el producto qu\u00edmico de alta pureza sirve como <b>Norma de referencia<\/b>. <b>Los necesitas<\/b>, para calibrar otras sustancias y garantizar la precisi\u00f3n de los analizadores.<\/p>\n<h2><b>Protocolos de seguridad, almacenamiento y cumplimiento de la legislaci\u00f3n<\/b><\/h2>\n<p>El cumplimiento estricto de los protocolos de seguridad es absolutamente esencial. <b>Por lo tanto<\/b> BOH-2C-B HCL <b>s\u00f3lo con fines de investigaci\u00f3n<\/b> determinado. <b>Insistimos en<\/b> cumplimiento de todas las especificaciones.<\/p>\n<h3><b>Precauciones necesarias y equipo de seguridad<\/b><\/h3>\n<p><b>Usted debe<\/b> la sustancia en un <b>laboratorios profesionales y bien equipados<\/b> mango. <b>P\u00f3ngase<\/b> siempre apropiado <b>Ropa de protecci\u00f3n (EPI)<\/b>, incluyendo gafas de seguridad, bata de laboratorio y guantes adecuados. <b>Aseg\u00farese de que<\/b>, que todo su equipo tenga <b>Medidas de primeros auxilios<\/b> y la ficha de datos de seguridad. <b>El laboratorio debe disponer de<\/b> la infraestructura necesaria para la <b>Eliminaci\u00f3n profesional<\/b> de residuos qu\u00edmicos.<\/p>\n<h3><b>Condiciones \u00f3ptimas de almacenamiento<\/b><\/h3>\n<p>Mantener la estabilidad qu\u00edmica y la integridad durante un largo periodo de tiempo, <b>tienda<\/b> el polvo de forma \u00f3ptima:<\/p>\n<ul>\n<li><b>Temperatura:<\/b> Con control <b>Temperatura ambiente<\/b> <span class=\"math-inline\" data-math=\"15text{\u2013}25^{circ}text{C}\">15-25{C}<\/span>. <b>Evitar fluctuaciones extremas de temperatura<\/b> en el proceso.<\/li>\n<li><b>Humedad:<\/b> En un <b>ambiente seco<\/b> (<span class=\"math-inline\" data-math=\"&lt;60%\">&lt;60%<\/span>\u00a0humedad relativa). <b>La humedad puede<\/b> influyen en la hidrataci\u00f3n de la sal clorhidrato.<\/li>\n<li><b>Protecci\u00f3n contra la luz:<\/b> <b>Prot\u00e9jalo<\/b> de la luz solar directa. <b>Por lo tanto, gu\u00e1rdelo<\/b> en recipientes opacos.<\/li>\n<li><b>Contenedor:<\/b> <b>Qu\u00e9datelo<\/b> Mantenga siempre el envase bien cerrado para evitar la contaminaci\u00f3n.<\/li>\n<\/ul>\n<h2><b>Informaci\u00f3n para pedidos y disposiciones importantes<\/b><\/h2>\n<p><b>Entregamos<\/b> BOH-2C-B HCL a organizaciones de investigaci\u00f3n cualificadas y registradas.<\/p>\n<h3><b>Cantidades disponibles y requisitos de pedido<\/b><\/h3>\n<p><b>Ofrecemos cantidades flexibles:<\/b> Muestra de investigaci\u00f3n (10 mg), peque\u00f1a cantidad (25 mg), cantidad est\u00e1ndar (50 mg) y gran cantidad (100 mg).<\/p>\n<p><b>Su pedido requiere lo siguiente:<\/b><\/p>\n<ol start=\"1\">\n<li><b>Certificado del Instituto:<\/b> Presentaci\u00f3n de la documentaci\u00f3n oficial de su instituci\u00f3n de investigaci\u00f3n.<\/li>\n<li><b>Uso previsto:<\/b> Descripci\u00f3n detallada del proyecto de investigaci\u00f3n.<\/li>\n<li><b>Prueba de cualificaci\u00f3n:<\/b> <b>Usted debe<\/b> demostrar la competencia profesional del cient\u00edfico responsable.<\/li>\n<\/ol>\n<h2><b>Las preguntas m\u00e1s frecuentes (FAQ) arrojan luz sobre su uso:<\/b><\/h2>\n<ul>\n<li><b>P: \u00bfEs BOH-2C-B HCL apto para el consumo humano o la medicina veterinaria?<\/b><b>A:<\/b> No, <b>Este producto es s\u00f3lo para fines de investigaci\u00f3n<\/b> determinados en laboratorios controlados. <b>Prohibimos<\/b> cualquier forma de consumo humano o animal, ya que no se dispone de datos de seguridad para este uso.<\/li>\n<li><b>P: \u00bfQu\u00e9 documentaci\u00f3n anal\u00edtica se incluye con cada entrega?<\/b><b>A:<\/b> Cada entrega contiene un <b>Ficha de datos anal\u00edticos completa<\/b> y un <b>Certificado de lote<\/b>. Estos documentos confirman el grado de pureza de <span class=\"math-inline\" data-math=\"ge 98%\">$ge 98%$<\/span> a trav\u00e9s de <b>An\u00e1lisis HPLC<\/b>.<\/li>\n<li><b>P: \u00bfNecesito permisos o licencias especiales para la compra?<\/b><b>A:<\/b> S\u00ed, indirectamente. <b>Las instituciones de investigaci\u00f3n deben<\/b> el <b>legislaci\u00f3n local y normativa nacional<\/b> (por ejemplo, la normativa BtMG, si procede). <b>El comprador es responsable<\/b> el cumplimiento de todas las normas de importaci\u00f3n y utilizaci\u00f3n en el pa\u00eds de destino.<\/li>\n<li><b>P: \u00bfC\u00f3mo es la alta pureza de <span class=\"math-inline\" data-math=\"ge 98%\">$ge 98%$<\/span> \u00bfgarantizado?<\/b><b>A:<\/b> <b>Garantizamos la pureza<\/b> mediante procesos de s\u00edntesis estrictamente controlados y <b>An\u00e1lisis de laboratorio peri\u00f3dicos e independientes<\/b> de terceros proveedores. <b>Este procedimiento<\/b> garantiza la calidad farmac\u00e9utica constante que necesita para una investigaci\u00f3n fiable.<\/li>\n<\/ul>\n<h4><b>Requisitos del pedido e informaci\u00f3n jur\u00eddica<\/b><\/h4>\n<p>Ofrecemos distintos tama\u00f1os de envases. <b>Para descartar un uso indebido<\/b>, s\u00f3lo suministramos a instituciones de investigaci\u00f3n cualificadas.<\/p>\n<p><b>Su pedido es necesario:<\/b><\/p>\n<ol start=\"1\">\n<li><b>Certificado del Instituto:<\/b> Presentaci\u00f3n de la documentaci\u00f3n oficial.<\/li>\n<li><b>Uso previsto:<\/b> Una descripci\u00f3n cient\u00edfica del proyecto de investigaci\u00f3n.<\/li>\n<li><b>Ficha de datos de seguridad:<\/b> <b>Usted debe<\/b> confirme que ha tomado nota.<\/li>\n<\/ol>","protected":false},"excerpt":{"rendered":"<p>Comprar BOH-2C-B HCL: Producto qu\u00edmico de investigaci\u00f3n de alta pureza en forma de clorhidrato. Exclusivamente para fines de investigaci\u00f3n cient\u00edfica en entornos de laboratorio. Calidad probada en laboratorio con certificado de an\u00e1lisis.<\/p>","protected":false},"featured_media":8793,"comment_status":"open","ping_status":"closed","template":"","meta":{"_joinchat":[]},"product_brand":[],"product_cat":[51],"product_tag":[3076,3073,2907,3080,2917,3079,3077,3078,3074,3075],"class_list":{"0":"post-8766","1":"product","2":"type-product","3":"status-publish","4":"has-post-thumbnail","6":"product_cat-phenethylamines","7":"product_tag-analytische-chemie","8":"product_tag-boh-2c-b-hcl","9":"product_tag-forschungschemikalie","10":"product_tag-hydrochlorid","11":"product_tag-laborchemikalie","12":"product_tag-laborqualitaet","13":"product_tag-pharmakologische-studie","14":"product_tag-reinstoff","15":"product_tag-research-chemical","16":"product_tag-wissenschaftliche-forschung","18":"first","19":"instock","20":"shipping-taxable","21":"purchasable","22":"product-type-variable"},"yoast_head":"<!-- This site is optimized with the Yoast SEO plugin v27.5 - https:\/\/yoast.com\/product\/yoast-seo-wordpress\/ -->\n<title>BOH-2C-B HCL Kaufen | Research Chemical | Laborqualit\u00e4t Chemgramx<\/title>\n<meta name=\"description\" content=\"BOH-2C-B HCL kaufen - Hochreine Forschungschemikalie f\u00fcr wissenschaftliche Zwecke. Laborgepr\u00fcfte Qualit\u00e4t, diskret &amp; sicher. Nur f\u00fcr Forschungszwecke.\" \/>\n<meta name=\"robots\" content=\"index, follow, max-snippet:-1, max-image-preview:large, max-video-preview:-1\" \/>\n<link rel=\"canonical\" href=\"https:\/\/chemgramx.com\/es\/producto-1\/comprar-boh-2c-b-hcl\/\" \/>\n<meta property=\"og:locale\" content=\"es_ES\" \/>\n<meta property=\"og:type\" content=\"article\" \/>\n<meta property=\"og:title\" content=\"BOH-2C-B HCL Kaufen | Research Chemical | Laborqualit\u00e4t Chemgramx\" \/>\n<meta property=\"og:description\" content=\"BOH-2C-B HCL kaufen - Hochreine Forschungschemikalie f\u00fcr wissenschaftliche Zwecke. Laborgepr\u00fcfte Qualit\u00e4t, diskret &amp; sicher. Nur f\u00fcr Forschungszwecke.\" \/>\n<meta property=\"og:url\" content=\"https:\/\/chemgramx.com\/es\/producto-1\/comprar-boh-2c-b-hcl\/\" \/>\n<meta property=\"og:site_name\" content=\"Chemgramx\" \/>\n<meta property=\"article:modified_time\" content=\"2025-12-11T01:05:13+00:00\" \/>\n<meta property=\"og:image\" content=\"https:\/\/chemgramx.com\/wp-content\/uploads\/2025\/12\/boh-2c-b-hcl-hydrochloride-chem-store-online.png\" \/>\n\t<meta property=\"og:image:width\" content=\"689\" \/>\n\t<meta property=\"og:image:height\" content=\"357\" \/>\n\t<meta property=\"og:image:type\" content=\"image\/png\" \/>\n<meta name=\"twitter:card\" content=\"summary_large_image\" \/>\n<meta name=\"twitter:label1\" content=\"Tiempo de lectura\" \/>\n\t<meta name=\"twitter:data1\" content=\"4 minutos\" \/>\n<script type=\"application\/ld+json\" class=\"yoast-schema-graph\">{\"@context\":\"https:\\\/\\\/schema.org\",\"@graph\":[{\"@type\":\"WebPage\",\"@id\":\"https:\\\/\\\/chemgramx.com\\\/product\\\/boh-2c-b-hcl-kaufen\\\/\",\"url\":\"https:\\\/\\\/chemgramx.com\\\/product\\\/boh-2c-b-hcl-kaufen\\\/\",\"name\":\"BOH-2C-B HCL Kaufen | Research Chemical | Laborqualit\u00e4t Chemgramx\",\"isPartOf\":{\"@id\":\"https:\\\/\\\/chemgramx.com\\\/#website\"},\"primaryImageOfPage\":{\"@id\":\"https:\\\/\\\/chemgramx.com\\\/product\\\/boh-2c-b-hcl-kaufen\\\/#primaryimage\"},\"image\":{\"@id\":\"https:\\\/\\\/chemgramx.com\\\/product\\\/boh-2c-b-hcl-kaufen\\\/#primaryimage\"},\"thumbnailUrl\":\"https:\\\/\\\/chemgramx.com\\\/wp-content\\\/uploads\\\/2025\\\/12\\\/boh-2c-b-hcl-hydrochloride-chem-store-online.png\",\"datePublished\":\"2025-12-11T01:04:04+00:00\",\"dateModified\":\"2025-12-11T01:05:13+00:00\",\"description\":\"BOH-2C-B HCL kaufen - Hochreine Forschungschemikalie f\u00fcr wissenschaftliche Zwecke. Laborgepr\u00fcfte Qualit\u00e4t, diskret &amp; sicher. Nur f\u00fcr Forschungszwecke.\",\"breadcrumb\":{\"@id\":\"https:\\\/\\\/chemgramx.com\\\/product\\\/boh-2c-b-hcl-kaufen\\\/#breadcrumb\"},\"inLanguage\":\"es\",\"potentialAction\":[{\"@type\":\"ReadAction\",\"target\":[\"https:\\\/\\\/chemgramx.com\\\/product\\\/boh-2c-b-hcl-kaufen\\\/\"]}]},{\"@type\":\"ImageObject\",\"inLanguage\":\"es\",\"@id\":\"https:\\\/\\\/chemgramx.com\\\/product\\\/boh-2c-b-hcl-kaufen\\\/#primaryimage\",\"url\":\"https:\\\/\\\/chemgramx.com\\\/wp-content\\\/uploads\\\/2025\\\/12\\\/boh-2c-b-hcl-hydrochloride-chem-store-online.png\",\"contentUrl\":\"https:\\\/\\\/chemgramx.com\\\/wp-content\\\/uploads\\\/2025\\\/12\\\/boh-2c-b-hcl-hydrochloride-chem-store-online.png\",\"width\":689,\"height\":357},{\"@type\":\"BreadcrumbList\",\"@id\":\"https:\\\/\\\/chemgramx.com\\\/product\\\/boh-2c-b-hcl-kaufen\\\/#breadcrumb\",\"itemListElement\":[{\"@type\":\"ListItem\",\"position\":1,\"name\":\"Home\",\"item\":\"https:\\\/\\\/chemgramx.com\\\/\"},{\"@type\":\"ListItem\",\"position\":2,\"name\":\"Shop\",\"item\":\"https:\\\/\\\/chemgramx.com\\\/shop\\\/\"},{\"@type\":\"ListItem\",\"position\":3,\"name\":\"BOH-2C-B HCL Kaufen\"}]},{\"@type\":\"WebSite\",\"@id\":\"https:\\\/\\\/chemgramx.com\\\/#website\",\"url\":\"https:\\\/\\\/chemgramx.com\\\/\",\"name\":\"Chemgramx\",\"description\":\"\",\"publisher\":{\"@id\":\"https:\\\/\\\/chemgramx.com\\\/#organization\"},\"potentialAction\":[{\"@type\":\"SearchAction\",\"target\":{\"@type\":\"EntryPoint\",\"urlTemplate\":\"https:\\\/\\\/chemgramx.com\\\/?s={search_term_string}\"},\"query-input\":{\"@type\":\"PropertyValueSpecification\",\"valueRequired\":true,\"valueName\":\"search_term_string\"}}],\"inLanguage\":\"es\"},{\"@type\":\"Organization\",\"@id\":\"https:\\\/\\\/chemgramx.com\\\/#organization\",\"name\":\"Chemgramx\",\"url\":\"https:\\\/\\\/chemgramx.com\\\/\",\"logo\":{\"@type\":\"ImageObject\",\"inLanguage\":\"es\",\"@id\":\"https:\\\/\\\/chemgramx.com\\\/#\\\/schema\\\/logo\\\/image\\\/\",\"url\":\"https:\\\/\\\/chemgramx.com\\\/wp-content\\\/uploads\\\/2024\\\/10\\\/final-logo.png\",\"contentUrl\":\"https:\\\/\\\/chemgramx.com\\\/wp-content\\\/uploads\\\/2024\\\/10\\\/final-logo.png\",\"width\":250,\"height\":48,\"caption\":\"Chemgramx\"},\"image\":{\"@id\":\"https:\\\/\\\/chemgramx.com\\\/#\\\/schema\\\/logo\\\/image\\\/\"}}]}<\/script>\n<!-- \/ Yoast SEO plugin. -->","yoast_head_json":{"title":"BOH-2C-B HCL Comprar | Investigaci\u00f3n Qu\u00edmica | Calidad de Laboratorio Chemgramx","description":"Comprar BOH-2C-B HCL - Qu\u00edmico de investigaci\u00f3n de alta pureza para fines cient\u00edficos. Calidad probada en laboratorio, discreto y seguro. S\u00f3lo para uso en investigaci\u00f3n.","robots":{"index":"index","follow":"follow","max-snippet":"max-snippet:-1","max-image-preview":"max-image-preview:large","max-video-preview":"max-video-preview:-1"},"canonical":"https:\/\/chemgramx.com\/es\/producto-1\/comprar-boh-2c-b-hcl\/","og_locale":"es_ES","og_type":"article","og_title":"BOH-2C-B HCL Kaufen | Research Chemical | Laborqualit\u00e4t Chemgramx","og_description":"BOH-2C-B HCL kaufen - Hochreine Forschungschemikalie f\u00fcr wissenschaftliche Zwecke. Laborgepr\u00fcfte Qualit\u00e4t, diskret &amp; sicher. Nur f\u00fcr Forschungszwecke.","og_url":"https:\/\/chemgramx.com\/es\/producto-1\/comprar-boh-2c-b-hcl\/","og_site_name":"Chemgramx","article_modified_time":"2025-12-11T01:05:13+00:00","og_image":[{"width":689,"height":357,"url":"https:\/\/chemgramx.com\/wp-content\/uploads\/2025\/12\/boh-2c-b-hcl-hydrochloride-chem-store-online.png","type":"image\/png"}],"twitter_card":"summary_large_image","twitter_misc":{"Tiempo de lectura":"4 minutos"},"schema":{"@context":"https:\/\/schema.org","@graph":[{"@type":"WebPage","@id":"https:\/\/chemgramx.com\/product\/boh-2c-b-hcl-kaufen\/","url":"https:\/\/chemgramx.com\/product\/boh-2c-b-hcl-kaufen\/","name":"BOH-2C-B HCL Comprar | Investigaci\u00f3n Qu\u00edmica | Calidad de Laboratorio Chemgramx","isPartOf":{"@id":"https:\/\/chemgramx.com\/#website"},"primaryImageOfPage":{"@id":"https:\/\/chemgramx.com\/product\/boh-2c-b-hcl-kaufen\/#primaryimage"},"image":{"@id":"https:\/\/chemgramx.com\/product\/boh-2c-b-hcl-kaufen\/#primaryimage"},"thumbnailUrl":"https:\/\/chemgramx.com\/wp-content\/uploads\/2025\/12\/boh-2c-b-hcl-hydrochloride-chem-store-online.png","datePublished":"2025-12-11T01:04:04+00:00","dateModified":"2025-12-11T01:05:13+00:00","description":"Comprar BOH-2C-B HCL - Qu\u00edmico de investigaci\u00f3n de alta pureza para fines cient\u00edficos. Calidad probada en laboratorio, discreto y seguro. S\u00f3lo para uso en investigaci\u00f3n.","breadcrumb":{"@id":"https:\/\/chemgramx.com\/product\/boh-2c-b-hcl-kaufen\/#breadcrumb"},"inLanguage":"es","potentialAction":[{"@type":"ReadAction","target":["https:\/\/chemgramx.com\/product\/boh-2c-b-hcl-kaufen\/"]}]},{"@type":"ImageObject","inLanguage":"es","@id":"https:\/\/chemgramx.com\/product\/boh-2c-b-hcl-kaufen\/#primaryimage","url":"https:\/\/chemgramx.com\/wp-content\/uploads\/2025\/12\/boh-2c-b-hcl-hydrochloride-chem-store-online.png","contentUrl":"https:\/\/chemgramx.com\/wp-content\/uploads\/2025\/12\/boh-2c-b-hcl-hydrochloride-chem-store-online.png","width":689,"height":357},{"@type":"BreadcrumbList","@id":"https:\/\/chemgramx.com\/product\/boh-2c-b-hcl-kaufen\/#breadcrumb","itemListElement":[{"@type":"ListItem","position":1,"name":"Home","item":"https:\/\/chemgramx.com\/"},{"@type":"ListItem","position":2,"name":"Shop","item":"https:\/\/chemgramx.com\/shop\/"},{"@type":"ListItem","position":3,"name":"BOH-2C-B HCL Kaufen"}]},{"@type":"WebSite","@id":"https:\/\/chemgramx.com\/#website","url":"https:\/\/chemgramx.com\/","name":"Chemgramx","description":"","publisher":{"@id":"https:\/\/chemgramx.com\/#organization"},"potentialAction":[{"@type":"SearchAction","target":{"@type":"EntryPoint","urlTemplate":"https:\/\/chemgramx.com\/?s={search_term_string}"},"query-input":{"@type":"PropertyValueSpecification","valueRequired":true,"valueName":"search_term_string"}}],"inLanguage":"es"},{"@type":"Organization","@id":"https:\/\/chemgramx.com\/#organization","name":"Chemgramx","url":"https:\/\/chemgramx.com\/","logo":{"@type":"ImageObject","inLanguage":"es","@id":"https:\/\/chemgramx.com\/#\/schema\/logo\/image\/","url":"https:\/\/chemgramx.com\/wp-content\/uploads\/2024\/10\/final-logo.png","contentUrl":"https:\/\/chemgramx.com\/wp-content\/uploads\/2024\/10\/final-logo.png","width":250,"height":48,"caption":"Chemgramx"},"image":{"@id":"https:\/\/chemgramx.com\/#\/schema\/logo\/image\/"}}]}},"_links":{"self":[{"href":"https:\/\/chemgramx.com\/es\/wp-json\/wp\/v2\/product\/8766","targetHints":{"allow":["GET"]}}],"collection":[{"href":"https:\/\/chemgramx.com\/es\/wp-json\/wp\/v2\/product"}],"about":[{"href":"https:\/\/chemgramx.com\/es\/wp-json\/wp\/v2\/types\/product"}],"replies":[{"embeddable":true,"href":"https:\/\/chemgramx.com\/es\/wp-json\/wp\/v2\/comments?post=8766"}],"wp:featuredmedia":[{"embeddable":true,"href":"https:\/\/chemgramx.com\/es\/wp-json\/wp\/v2\/media\/8793"}],"wp:attachment":[{"href":"https:\/\/chemgramx.com\/es\/wp-json\/wp\/v2\/media?parent=8766"}],"wp:term":[{"taxonomy":"product_brand","embeddable":true,"href":"https:\/\/chemgramx.com\/es\/wp-json\/wp\/v2\/product_brand?post=8766"},{"taxonomy":"product_cat","embeddable":true,"href":"https:\/\/chemgramx.com\/es\/wp-json\/wp\/v2\/product_cat?post=8766"},{"taxonomy":"product_tag","embeddable":true,"href":"https:\/\/chemgramx.com\/es\/wp-json\/wp\/v2\/product_tag?post=8766"}],"curies":[{"name":"wp","href":"https:\/\/api.w.org\/{rel}","templated":true}]}}