{"id":8783,"date":"2025-12-11T01:04:46","date_gmt":"2025-12-11T01:04:46","guid":{"rendered":"https:\/\/chemgramx.com\/?post_type=product&#038;p=8783"},"modified":"2025-12-11T01:06:00","modified_gmt":"2025-12-11T01:06:00","slug":"comprar-mdma-anonimo-180mg-online","status":"publish","type":"product","link":"https:\/\/chemgramx.com\/es\/product\/anonymous-180mg-mdma-online-kaufen\/","title":{"rendered":"An\u00f3nimo 180mg MDMA comprar en l\u00ednea"},"content":{"rendered":"<h2 data-start=\"160\" data-end=\"198\">An\u00f3nimo 180mg MDMA<\/h2>\n<h2 data-start=\"200\" data-end=\"218\">\u00bfQu\u00e9 es el MDMA?<\/h2>\n<p data-start=\"219\" data-end=\"712\"><a href=\"https:\/\/chemgramx.com\/product\/anonymes-180-mg-mdma\/\">An\u00f3nimo 180mg MDMA comprar en l\u00ednea<\/a> is een veelvoorkomende zoekopdracht onder ge\u00efnteresseerde gebruikers die op zoek zijn naar hoogwaardige, geverifieerde bronnen. MDMA (3,4-methylenedioxy-N-methylamphetamine) is een psychoactieve stof die bekendstaat om zijn euforische en empathogene effecten. In recreatieve contexten is het beter bekend als \"ecstasy\" of \"molly\". Producten zoals Anonymous 180mg MDMA zijn vooral populair onder gebruikers die waarde hechten aan een duidelijke dosering.<\/p>\n<h3 data-start=\"714\" data-end=\"786\">\u00bfPor qu\u00e9 discutir el MDMA en el contexto de la seguridad y las pol\u00edticas de drogas?<\/h3>\n<p data-start=\"787\" data-end=\"1153\">Existe un gran inter\u00e9s p\u00fablico por la MDMA, sobre todo en el \u00e1mbito del uso recreativo. Tambi\u00e9n hay un creciente inter\u00e9s cient\u00edfico en las aplicaciones m\u00e9dicas, en particular en el tratamiento del TEPT (trastorno de estr\u00e9s postraum\u00e1tico). Muchas personas tambi\u00e9n se preguntan d\u00f3nde comprar MDMA an\u00f3nima de 180 mg de forma segura y fiable sin correr riesgos.<\/p>\n<h3 data-start=\"1155\" data-end=\"1186\">Profilo chimico dell'MDMA<\/h3>\n<p data-start=\"1187\" data-end=\"1248\">Nombre qu\u00edmico:<\/p>\n<p data-start=\"1187\" data-end=\"1248\">3,4-metilendioxi-N-metilanfetamina<\/p>\n<p data-start=\"1250\" data-end=\"1284\"><strong data-start=\"1250\" data-end=\"1282\">Estructura y clasificaci\u00f3n:<\/strong><\/p>\n<ul data-start=\"1285\" data-end=\"1419\">\n<li data-start=\"1285\" data-end=\"1336\">\n<p data-start=\"1287\" data-end=\"1336\">Pertenece a la clase de las fenetilaminas y anfetaminas<\/p>\n<\/li>\n<li data-start=\"1337\" data-end=\"1419\">\n<p data-start=\"1339\" data-end=\"1419\">Muestra similitudes estructurales tanto con los estimulantes como con los psicod\u00e9licos<\/p>\n<\/li>\n<\/ul>\n<p data-start=\"1421\" data-end=\"1454\"><strong data-start=\"1421\" data-end=\"1452\">Actividad farmacol\u00f3gica:<\/strong><\/p>\n<ul data-start=\"1455\" data-end=\"1612\">\n<li data-start=\"1455\" data-end=\"1522\">\n<p data-start=\"1457\" data-end=\"1522\">Favorece la liberaci\u00f3n de serotonina, dopamina y noradrenalina<\/p>\n<\/li>\n<li data-start=\"1523\" data-end=\"1612\">\n<p data-start=\"1525\" data-end=\"1612\">Produce sentimientos intensos de conexi\u00f3n, mayor conciencia y euforia.<\/p>\n<\/li>\n<\/ul>\n<p data-start=\"1614\" data-end=\"1731\">Los compradores que quieren comprar MDMA an\u00f3nimo 180mg en l\u00ednea siempre deben prestar atenci\u00f3n a la pureza y la composici\u00f3n.<\/p>\n<h3 data-start=\"1733\" data-end=\"1790\">Uso y mal uso en diferentes contextos<\/h3>\n<p data-start=\"1792\" data-end=\"2097\"><strong data-start=\"1792\" data-end=\"1811\">Consumo recreativo:<\/strong><br data-start=\"1811\" data-end=\"1814\" \/>Se utiliza con frecuencia en discotecas, fiestas o festivales de m\u00fasica. Una dosis de 180 mg se considera alta - las dosis habituales est\u00e1n entre 75 y 125 mg. Si desea comprar MDMA an\u00f3nima 180 mg o pedir MDMA an\u00f3nima 180 mg, siempre debe seguir las recomendaciones de dosificaci\u00f3n.<\/p>\n<p data-start=\"2099\" data-end=\"2288\"><strong data-start=\"2099\" data-end=\"2123\">Investigaci\u00f3n cl\u00ednica:<\/strong><br data-start=\"2123\" data-end=\"2126\" \/>Actualmente est\u00e1 siendo investigado por organizaciones como MAPS (Asociaci\u00f3n Multidisciplinaria para Estudios Psicod\u00e9licos) como tratamiento para el trastorno de estr\u00e9s postraum\u00e1tico (TEPT) o los trastornos de ansiedad.<\/p>\n<p data-start=\"2290\" data-end=\"2504\"><strong data-start=\"2290\" data-end=\"2323\">Sin aplicaci\u00f3n industrial:<\/strong><br data-start=\"2323\" data-end=\"2326\" \/>El MDMA no tiene un uso industrial legal. Su uso indebido incluye el comercio ilegal en l\u00ednea y el etiquetado enga\u00f1oso como una sustancia supuestamente industrial.<\/p>\n<h3 data-start=\"2506\" data-end=\"2555\">\u00bfPor qu\u00e9 180 mg? Un vistazo a las tendencias de dosificaci\u00f3n<\/h3>\n<ul data-start=\"2556\" data-end=\"2922\">\n<li data-start=\"2556\" data-end=\"2693\">\n<p data-start=\"2558\" data-end=\"2693\">Algunos usuarios creen que dosis m\u00e1s altas producen efectos m\u00e1s intensos o duraderos, pero esto conlleva mayores riesgos.<\/p>\n<\/li>\n<li data-start=\"2694\" data-end=\"2810\">\n<p data-start=\"2696\" data-end=\"2810\">Dosis superiores a 180 mg pueden aumentar el riesgo de s\u00edndrome serotonin\u00e9rgico, hipertermia, ansiedad y deshidrataci\u00f3n.<\/p>\n<\/li>\n<li data-start=\"2811\" data-end=\"2922\">\n<p data-start=\"2813\" data-end=\"2922\">Los expertos recomiendan comenzar con dosis m\u00e1s bajas, especialmente si se desconoce la pureza del producto.<\/p>\n<\/li>\n<\/ul>\n<p data-start=\"2924\" data-end=\"3043\">Este consejo se aplica en particular a los compradores que buscan el mejor lugar para comprar an\u00f3nimos 180 mg MDMA en l\u00ednea.<\/p>\n<h3 data-start=\"3045\" data-end=\"3083\">Riesgos de comprar MDMA en l\u00ednea<\/h3>\n<p data-start=\"3084\" data-end=\"3292\"><strong data-start=\"3084\" data-end=\"3112\">Sustancias no reguladas:<\/strong><br data-start=\"3112\" data-end=\"3115\" \/>Los productos comprados en l\u00ednea, como Anonymous 180 mg MDMA for sale, pueden estar contaminados con aditivos peligrosos, por ejemplo, catinonas sint\u00e9ticas (\u201esales de ba\u00f1o\u201c) o PMA.<\/p>\n<p data-start=\"3294\" data-end=\"3424\"><strong data-start=\"3294\" data-end=\"3323\">No hay control de calidad:<\/strong><br data-start=\"3323\" data-end=\"3326\" \/>La pureza y la dosis no est\u00e1n garantizadas: aumenta el riesgo de efectos secundarios graves.<\/p>\n<p data-start=\"3426\" data-end=\"3664\"><strong data-start=\"3426\" data-end=\"3454\">Consecuencias jur\u00eddicas:<\/strong><br data-start=\"3454\" data-end=\"3457\" \/>Possesso o acquisto di <a href=\"https:\/\/en.wikipedia.org\/wiki\/MDMA\">MDMA<\/a> Es un delito en muchos pa\u00edses. Quienes deseen adquirir MDMA de 180 mg de forma an\u00f3nima en l\u00ednea a trav\u00e9s de una fuente de investigaci\u00f3n confiable deben informarse sobre la situaci\u00f3n legal local.<\/p>\n<h3 data-start=\"3666\" data-end=\"3716\">Reducci\u00f3n de da\u00f1os y pr\u00e1cticas de consumo m\u00e1s seguras<\/h3>\n<ul data-start=\"3717\" data-end=\"4211\">\n<li data-start=\"3717\" data-end=\"3845\">\n<p data-start=\"3719\" data-end=\"3845\"><strong data-start=\"3719\" data-end=\"3739\">Pruebas de sustancias:<\/strong> El uso de pruebas de reactivos (por ejemplo, Marquis, prueba de Ehrlich) puede ayudar a verificar la pureza.<\/p>\n<\/li>\n<li data-start=\"3846\" data-end=\"3953\">\n<p data-start=\"3848\" data-end=\"3953\"><strong data-start=\"3848\" data-end=\"3884\">Hidrataci\u00f3n y control de la temperatura:<\/strong> Bebe mucha agua, pero evita la sobrehidrataci\u00f3n.<\/p>\n<\/li>\n<li data-start=\"3954\" data-end=\"4061\">\n<p data-start=\"3956\" data-end=\"4061\"><strong data-start=\"3956\" data-end=\"3988\">No a las pr\u00e1cticas de consumo mixto:<\/strong> Combinarlo con alcohol o estimulantes aumenta significativamente el riesgo.<\/p>\n<\/li>\n<li data-start=\"4062\" data-end=\"4211\">\n<p data-start=\"4064\" data-end=\"4211\"><strong data-start=\"4064\" data-end=\"4099\">Preste atenci\u00f3n a la salud mental:<\/strong> Las personas con trastornos de ansiedad, depresi\u00f3n o enfermedades cardiovasculares deben abstenerse de su consumo.<\/p>\n<\/li>\n<\/ul>\n<h3>Salud p\u00fablica y pol\u00edtica<\/h3>\n<ul data-start=\"4253\" data-end=\"4683\">\n<li data-start=\"4253\" data-end=\"4357\">\n<p data-start=\"4255\" data-end=\"4357\"><strong data-start=\"4255\" data-end=\"4283\">Alegato a favor de la iluminaci\u00f3n:<\/strong> La educaci\u00f3n sobre drogas basada en evidencia es m\u00e1s efectiva que la mera disuasi\u00f3n.<\/p>\n<\/li>\n<li data-start=\"4358\" data-end=\"4514\">\n<p data-start=\"4360\" data-end=\"4514\"><strong data-start=\"4360\" data-end=\"4410\">Movimiento hacia la legalizaci\u00f3n en un contexto terap\u00e9utico:<\/strong> Los estudios sobre psicoterapia asistida con MDMA muestran resultados prometedores, particularmente para el trastorno de estr\u00e9s postraum\u00e1tico (TEPT).<\/p>\n<\/li>\n<li data-start=\"4515\" data-end=\"4683\">\n<p data-start=\"4517\" data-end=\"4683\"><strong data-start=\"4517\" data-end=\"4556\">A favor de una pol\u00edtica de drogas equilibrada:<\/strong> La despenalizaci\u00f3n, la regulaci\u00f3n y los programas educativos ayudan a reducir el abuso y los riesgos para la salud.<\/p>\n<\/li>\n<\/ul>\n<h3 data-start=\"4685\" data-end=\"4695\">Conclusi\u00f3n<\/h3>\n<p data-start=\"4696\" data-end=\"5081\">Si desea comprar MDMA An\u00f3nimo 180mg en l\u00ednea, debe dar importancia a las fuentes verificadas y a la seguridad. El Anonymous 180mg MDMA precio puede variar dependiendo del proveedor, por lo que vale la pena comparar diferentes opciones. Es importante que los compradores elijan el mejor lugar para comprar MDMA An\u00f3nima 180mg en l\u00ednea para evitar los riesgos de falsificaci\u00f3n y problemas legales.<\/p>\n<p data-start=\"5083\" data-end=\"5272\">Si usted est\u00e1 buscando para vender An\u00f3nimo 180mg MDMA o el orden An\u00f3nimo 180mg MDMA, la prioridad debe ser siempre la seguridad, la pureza y una decisi\u00f3n informada.<\/p>","protected":false},"excerpt":{"rendered":"<p>An\u00f3nimo <strong>180mg MDMA<\/strong> ofrece pureza y potencia en cada dosis. Estos comprimidos se han formulado cuidadosamente para conseguir un efecto duradero, un estado de \u00e1nimo y un subid\u00f3n de energ\u00eda, perfectos para eventos sociales o para la relajaci\u00f3n personal. Cada lote se somete a rigurosas pruebas de calidad para garantizar la seguridad y fiabilidad en cada uso.<\/p>","protected":false},"featured_media":8795,"comment_status":"open","ping_status":"closed","template":"","meta":{"_joinchat":[]},"product_brand":[],"product_cat":[2846],"product_tag":[1782,1790,1780,1787,1781,1789,1788,1785,1786,1783,1784],"class_list":{"0":"post-8783","1":"product","2":"type-product","3":"status-publish","4":"has-post-thumbnail","6":"product_cat-ecstasy-pills","7":"product_tag-180mg-mdma-for-sale","8":"product_tag-180mg-mdma-pills","9":"product_tag-anonymous-180mg-mdma","10":"product_tag-anonymous-mdma-tablets","11":"product_tag-buy-anonymous-mdma","12":"product_tag-buy-mdma-online","13":"product_tag-mdma-chemical","14":"product_tag-mdma-online","15":"product_tag-mdma-pills","16":"product_tag-mdma-tablets","17":"product_tag-research-chemicals","19":"first","20":"instock","21":"shipping-taxable","22":"purchasable","23":"product-type-variable"},"yoast_head":"<!-- This site is optimized with the Yoast SEO plugin v27.5 - https:\/\/yoast.com\/product\/yoast-seo-wordpress\/ -->\n<title>Anonymes 180 mg MDMA zu verkaufen | Chemgramx<\/title>\n<meta name=\"description\" content=\"Unser Shop hat anonymes 180 mg MDMA zu erschwinglichen Preisen zu verkaufen. Wenn Sie anonymes 180 mg MDMA online kaufen m\u00f6chten, kontaktieren Sie uns jetzt. Erwarten Sie die Bestellung bald!\" \/>\n<meta name=\"robots\" content=\"index, follow, max-snippet:-1, max-image-preview:large, max-video-preview:-1\" \/>\n<link rel=\"canonical\" href=\"https:\/\/chemgramx.com\/es\/producto-1\/comprar-mdma-anonimo-180mg-online\/\" \/>\n<meta property=\"og:locale\" content=\"es_ES\" \/>\n<meta property=\"og:type\" content=\"article\" \/>\n<meta property=\"og:title\" content=\"Anonymes 180 mg MDMA zu verkaufen | Chemgramx\" \/>\n<meta property=\"og:description\" content=\"Unser Shop hat anonymes 180 mg MDMA zu erschwinglichen Preisen zu verkaufen. Wenn Sie anonymes 180 mg MDMA online kaufen m\u00f6chten, kontaktieren Sie uns jetzt. Erwarten Sie die Bestellung bald!\" \/>\n<meta property=\"og:url\" content=\"https:\/\/chemgramx.com\/es\/producto-1\/comprar-mdma-anonimo-180mg-online\/\" \/>\n<meta property=\"og:site_name\" content=\"Chemgramx\" \/>\n<meta property=\"article:modified_time\" content=\"2025-12-11T01:06:00+00:00\" \/>\n<meta property=\"og:image\" content=\"https:\/\/chemgramx.com\/wp-content\/uploads\/2025\/12\/p2.png\" \/>\n\t<meta property=\"og:image:width\" content=\"600\" \/>\n\t<meta property=\"og:image:height\" content=\"400\" \/>\n\t<meta property=\"og:image:type\" content=\"image\/png\" \/>\n<meta name=\"twitter:card\" content=\"summary_large_image\" \/>\n<meta name=\"twitter:label1\" content=\"Tiempo de lectura\" \/>\n\t<meta name=\"twitter:data1\" content=\"3 minutos\" \/>\n<script type=\"application\/ld+json\" class=\"yoast-schema-graph\">{\"@context\":\"https:\\\/\\\/schema.org\",\"@graph\":[{\"@type\":\"WebPage\",\"@id\":\"https:\\\/\\\/chemgramx.com\\\/product\\\/anonymous-180mg-mdma-online-kaufen\\\/\",\"url\":\"https:\\\/\\\/chemgramx.com\\\/product\\\/anonymous-180mg-mdma-online-kaufen\\\/\",\"name\":\"Anonymes 180 mg MDMA zu verkaufen | Chemgramx\",\"isPartOf\":{\"@id\":\"https:\\\/\\\/chemgramx.com\\\/#website\"},\"primaryImageOfPage\":{\"@id\":\"https:\\\/\\\/chemgramx.com\\\/product\\\/anonymous-180mg-mdma-online-kaufen\\\/#primaryimage\"},\"image\":{\"@id\":\"https:\\\/\\\/chemgramx.com\\\/product\\\/anonymous-180mg-mdma-online-kaufen\\\/#primaryimage\"},\"thumbnailUrl\":\"https:\\\/\\\/chemgramx.com\\\/wp-content\\\/uploads\\\/2025\\\/12\\\/p2.png\",\"datePublished\":\"2025-12-11T01:04:46+00:00\",\"dateModified\":\"2025-12-11T01:06:00+00:00\",\"description\":\"Unser Shop hat anonymes 180 mg MDMA zu erschwinglichen Preisen zu verkaufen. Wenn Sie anonymes 180 mg MDMA online kaufen m\u00f6chten, kontaktieren Sie uns jetzt. Erwarten Sie die Bestellung bald!\",\"breadcrumb\":{\"@id\":\"https:\\\/\\\/chemgramx.com\\\/product\\\/anonymous-180mg-mdma-online-kaufen\\\/#breadcrumb\"},\"inLanguage\":\"es\",\"potentialAction\":[{\"@type\":\"ReadAction\",\"target\":[\"https:\\\/\\\/chemgramx.com\\\/product\\\/anonymous-180mg-mdma-online-kaufen\\\/\"]}]},{\"@type\":\"ImageObject\",\"inLanguage\":\"es\",\"@id\":\"https:\\\/\\\/chemgramx.com\\\/product\\\/anonymous-180mg-mdma-online-kaufen\\\/#primaryimage\",\"url\":\"https:\\\/\\\/chemgramx.com\\\/wp-content\\\/uploads\\\/2025\\\/12\\\/p2.png\",\"contentUrl\":\"https:\\\/\\\/chemgramx.com\\\/wp-content\\\/uploads\\\/2025\\\/12\\\/p2.png\",\"width\":600,\"height\":400},{\"@type\":\"BreadcrumbList\",\"@id\":\"https:\\\/\\\/chemgramx.com\\\/product\\\/anonymous-180mg-mdma-online-kaufen\\\/#breadcrumb\",\"itemListElement\":[{\"@type\":\"ListItem\",\"position\":1,\"name\":\"Home\",\"item\":\"https:\\\/\\\/chemgramx.com\\\/\"},{\"@type\":\"ListItem\",\"position\":2,\"name\":\"Shop\",\"item\":\"https:\\\/\\\/chemgramx.com\\\/shop\\\/\"},{\"@type\":\"ListItem\",\"position\":3,\"name\":\"Anonymous 180mg MDMA online kaufen\"}]},{\"@type\":\"WebSite\",\"@id\":\"https:\\\/\\\/chemgramx.com\\\/#website\",\"url\":\"https:\\\/\\\/chemgramx.com\\\/\",\"name\":\"Chemgramx\",\"description\":\"\",\"publisher\":{\"@id\":\"https:\\\/\\\/chemgramx.com\\\/#organization\"},\"potentialAction\":[{\"@type\":\"SearchAction\",\"target\":{\"@type\":\"EntryPoint\",\"urlTemplate\":\"https:\\\/\\\/chemgramx.com\\\/?s={search_term_string}\"},\"query-input\":{\"@type\":\"PropertyValueSpecification\",\"valueRequired\":true,\"valueName\":\"search_term_string\"}}],\"inLanguage\":\"es\"},{\"@type\":\"Organization\",\"@id\":\"https:\\\/\\\/chemgramx.com\\\/#organization\",\"name\":\"Chemgramx\",\"url\":\"https:\\\/\\\/chemgramx.com\\\/\",\"logo\":{\"@type\":\"ImageObject\",\"inLanguage\":\"es\",\"@id\":\"https:\\\/\\\/chemgramx.com\\\/#\\\/schema\\\/logo\\\/image\\\/\",\"url\":\"https:\\\/\\\/chemgramx.com\\\/wp-content\\\/uploads\\\/2024\\\/10\\\/final-logo.png\",\"contentUrl\":\"https:\\\/\\\/chemgramx.com\\\/wp-content\\\/uploads\\\/2024\\\/10\\\/final-logo.png\",\"width\":250,\"height\":48,\"caption\":\"Chemgramx\"},\"image\":{\"@id\":\"https:\\\/\\\/chemgramx.com\\\/#\\\/schema\\\/logo\\\/image\\\/\"}}]}<\/script>\n<!-- \/ Yoast SEO plugin. -->","yoast_head_json":{"title":"An\u00f3nimo 180 mg MDMA para la venta | Chemgramx","description":"Nuestra tienda tiene MDMA an\u00f3nimo 180 mg en venta a precios asequibles. Si quieres comprar MDMA an\u00f3nimo 180 mg online, cont\u00e1ctanos ahora. \u00a1Espere el pedido pronto!","robots":{"index":"index","follow":"follow","max-snippet":"max-snippet:-1","max-image-preview":"max-image-preview:large","max-video-preview":"max-video-preview:-1"},"canonical":"https:\/\/chemgramx.com\/es\/producto-1\/comprar-mdma-anonimo-180mg-online\/","og_locale":"es_ES","og_type":"article","og_title":"Anonymes 180 mg MDMA zu verkaufen | Chemgramx","og_description":"Unser Shop hat anonymes 180 mg MDMA zu erschwinglichen Preisen zu verkaufen. Wenn Sie anonymes 180 mg MDMA online kaufen m\u00f6chten, kontaktieren Sie uns jetzt. Erwarten Sie die Bestellung bald!","og_url":"https:\/\/chemgramx.com\/es\/producto-1\/comprar-mdma-anonimo-180mg-online\/","og_site_name":"Chemgramx","article_modified_time":"2025-12-11T01:06:00+00:00","og_image":[{"width":600,"height":400,"url":"https:\/\/chemgramx.com\/wp-content\/uploads\/2025\/12\/p2.png","type":"image\/png"}],"twitter_card":"summary_large_image","twitter_misc":{"Tiempo de lectura":"3 minutos"},"schema":{"@context":"https:\/\/schema.org","@graph":[{"@type":"WebPage","@id":"https:\/\/chemgramx.com\/product\/anonymous-180mg-mdma-online-kaufen\/","url":"https:\/\/chemgramx.com\/product\/anonymous-180mg-mdma-online-kaufen\/","name":"An\u00f3nimo 180 mg MDMA para la venta | Chemgramx","isPartOf":{"@id":"https:\/\/chemgramx.com\/#website"},"primaryImageOfPage":{"@id":"https:\/\/chemgramx.com\/product\/anonymous-180mg-mdma-online-kaufen\/#primaryimage"},"image":{"@id":"https:\/\/chemgramx.com\/product\/anonymous-180mg-mdma-online-kaufen\/#primaryimage"},"thumbnailUrl":"https:\/\/chemgramx.com\/wp-content\/uploads\/2025\/12\/p2.png","datePublished":"2025-12-11T01:04:46+00:00","dateModified":"2025-12-11T01:06:00+00:00","description":"Nuestra tienda tiene MDMA an\u00f3nimo 180 mg en venta a precios asequibles. Si quieres comprar MDMA an\u00f3nimo 180 mg online, cont\u00e1ctanos ahora. \u00a1Espere el pedido pronto!","breadcrumb":{"@id":"https:\/\/chemgramx.com\/product\/anonymous-180mg-mdma-online-kaufen\/#breadcrumb"},"inLanguage":"es","potentialAction":[{"@type":"ReadAction","target":["https:\/\/chemgramx.com\/product\/anonymous-180mg-mdma-online-kaufen\/"]}]},{"@type":"ImageObject","inLanguage":"es","@id":"https:\/\/chemgramx.com\/product\/anonymous-180mg-mdma-online-kaufen\/#primaryimage","url":"https:\/\/chemgramx.com\/wp-content\/uploads\/2025\/12\/p2.png","contentUrl":"https:\/\/chemgramx.com\/wp-content\/uploads\/2025\/12\/p2.png","width":600,"height":400},{"@type":"BreadcrumbList","@id":"https:\/\/chemgramx.com\/product\/anonymous-180mg-mdma-online-kaufen\/#breadcrumb","itemListElement":[{"@type":"ListItem","position":1,"name":"Home","item":"https:\/\/chemgramx.com\/"},{"@type":"ListItem","position":2,"name":"Shop","item":"https:\/\/chemgramx.com\/shop\/"},{"@type":"ListItem","position":3,"name":"Anonymous 180mg MDMA online kaufen"}]},{"@type":"WebSite","@id":"https:\/\/chemgramx.com\/#website","url":"https:\/\/chemgramx.com\/","name":"Chemgramx","description":"","publisher":{"@id":"https:\/\/chemgramx.com\/#organization"},"potentialAction":[{"@type":"SearchAction","target":{"@type":"EntryPoint","urlTemplate":"https:\/\/chemgramx.com\/?s={search_term_string}"},"query-input":{"@type":"PropertyValueSpecification","valueRequired":true,"valueName":"search_term_string"}}],"inLanguage":"es"},{"@type":"Organization","@id":"https:\/\/chemgramx.com\/#organization","name":"Chemgramx","url":"https:\/\/chemgramx.com\/","logo":{"@type":"ImageObject","inLanguage":"es","@id":"https:\/\/chemgramx.com\/#\/schema\/logo\/image\/","url":"https:\/\/chemgramx.com\/wp-content\/uploads\/2024\/10\/final-logo.png","contentUrl":"https:\/\/chemgramx.com\/wp-content\/uploads\/2024\/10\/final-logo.png","width":250,"height":48,"caption":"Chemgramx"},"image":{"@id":"https:\/\/chemgramx.com\/#\/schema\/logo\/image\/"}}]}},"_links":{"self":[{"href":"https:\/\/chemgramx.com\/es\/wp-json\/wp\/v2\/product\/8783","targetHints":{"allow":["GET"]}}],"collection":[{"href":"https:\/\/chemgramx.com\/es\/wp-json\/wp\/v2\/product"}],"about":[{"href":"https:\/\/chemgramx.com\/es\/wp-json\/wp\/v2\/types\/product"}],"replies":[{"embeddable":true,"href":"https:\/\/chemgramx.com\/es\/wp-json\/wp\/v2\/comments?post=8783"}],"wp:featuredmedia":[{"embeddable":true,"href":"https:\/\/chemgramx.com\/es\/wp-json\/wp\/v2\/media\/8795"}],"wp:attachment":[{"href":"https:\/\/chemgramx.com\/es\/wp-json\/wp\/v2\/media?parent=8783"}],"wp:term":[{"taxonomy":"product_brand","embeddable":true,"href":"https:\/\/chemgramx.com\/es\/wp-json\/wp\/v2\/product_brand?post=8783"},{"taxonomy":"product_cat","embeddable":true,"href":"https:\/\/chemgramx.com\/es\/wp-json\/wp\/v2\/product_cat?post=8783"},{"taxonomy":"product_tag","embeddable":true,"href":"https:\/\/chemgramx.com\/es\/wp-json\/wp\/v2\/product_tag?post=8783"}],"curies":[{"name":"wp","href":"https:\/\/api.w.org\/{rel}","templated":true}]}}