{"id":8784,"date":"2025-12-11T01:04:46","date_gmt":"2025-12-11T01:04:46","guid":{"rendered":"https:\/\/chemgramx.com\/?post_type=product&#038;p=8784"},"modified":"2025-12-11T01:06:00","modified_gmt":"2025-12-11T01:06:00","slug":"energeticka-exploze-s-beans-195mg-mdma-comprar-online","status":"publish","type":"product","link":"https:\/\/chemgramx.com\/es\/product\/energeticka-exploze-s-beans-195mg-mdma-online-kaufen\/","title":{"rendered":"Energetick\u00e1 exploze s Beans 195mg MDMA comprar online"},"content":{"rendered":"<h2 data-start=\"192\" data-end=\"280\">Comprar Beans Domino MDMA 134 mg en l\u00ednea: Gu\u00eda completa para compradores informados<\/h2>\n<p data-start=\"298\" data-end=\"629\"><a href=\"https:\/\/chemgramx.com\/product\/beans-195mg-mdma\/\">Experimenta la intensidad con Beans Domino MDMA 134 mg compra online<\/a> Se ha ganado una reputaci\u00f3n entre los entusiastas gracias a su potencia equilibrada y reconocida pureza. Este producto es conocido por sus efectos suaves y euf\u00f3ricos, y resulta atractivo para quienes buscan una experiencia estimulante que mejore las percepciones sociales y sensoriales.<\/p>\n<p data-start=\"631\" data-end=\"934\">Adem\u00e1s de las variantes cl\u00e1sicas, los compradores tambi\u00e9n est\u00e1n cada vez m\u00e1s interesados \u200b\u200ben otras formulaciones como Beans 195 mg MDMA. Muchos quieren saber d\u00f3nde comprar Beans 195 mg MDMA de forma segura o pedir Beans 195 mg MDMA en l\u00ednea, as\u00ed como la mejor fuente de Beans 195 mg MDMA en l\u00ednea.<\/p>\n<p data-start=\"936\" data-end=\"1133\">Esta gu\u00eda contiene toda la informaci\u00f3n importante que debe saber antes de comprar Beans Domino MDMA 134 mg en l\u00ednea para que pueda tomar una decisi\u00f3n segura e informada.<\/p>\n<h3 data-start=\"1135\" data-end=\"1192\">\u00bfPor qu\u00e9 Beans Domino MDMA 134 mg es tan popular en l\u00ednea?<\/h3>\n<p data-start=\"1193\" data-end=\"1630\">La gran demanda de Beans Domino <a href=\"https:\/\/en.wikipedia.org\/wiki\/MDMA\">MDMA<\/a> El precio en l\u00ednea de 134 mg se debe a su dosis consistente y a sus rese\u00f1as positivas. Al igual que con la compra de Beans 195 mg MDMA, el producto suele ser elogiado por su pureza y consistencia. Muchas personas buscan espec\u00edficamente el precio de Beans 195 mg MDMA o se preguntan d\u00f3nde comprar Beans 195 mg MDMA para encontrar una fuente aut\u00e9ntica y verificada.<\/p>\n<h3 data-start=\"1632\" data-end=\"1677\">\u00bfQu\u00e9 hace que Beans Domino MDMA sea \u00fanico?<\/h3>\n<p data-start=\"1678\" data-end=\"2102\">Beans Domino MDMA se caracteriza por su precisa dosis de 134 mg, adecuada tanto para principiantes como para usuarios experimentados. Al mismo tiempo, los fabricantes tambi\u00e9n ponen a la venta alternativas m\u00e1s fuertes como Beans 195mg MDMA. Cualquiera que se pregunte si existe una opci\u00f3n de buena reputaci\u00f3n s\u00f3lo deber\u00eda comprar Beans 195mg MDMA en l\u00ednea de fuentes fiables o encargar Beans 195mg MDMA a distribuidores verificados.<\/p>\n<h3 data-start=\"2104\" data-end=\"2134\">Composici\u00f3n qu\u00edmica<\/h3>\n<p data-start=\"2135\" data-end=\"2499\">Cada comprimido contiene aproximadamente 134 mg de 3,4-metilendioximetanfetamina (MDMA) farmac\u00e9uticamente pura, libre de impurezas o rellenos nocivos. Pruebas independientes confirman con frecuencia la pureza y consistencia de estos comprimidos. Pruebas comparables tambi\u00e9n se aplican a productos como Beans 195mg MDMA comprar en l\u00ednea, que son ofrecidos por distribuidores de buena reputaci\u00f3n.<\/p>\n<h3 data-start=\"2501\" data-end=\"2540\">Dosis y manejo recomendados<\/h3>\n<p data-start=\"2541\" data-end=\"2560\">Efectos t\u00edpicos:<\/p>\n<ul data-start=\"2561\" data-end=\"2712\">\n<li data-start=\"2561\" data-end=\"2594\">\n<p data-start=\"2563\" data-end=\"2594\">Euforia y calidez emocional<\/p>\n<\/li>\n<li data-start=\"2595\" data-end=\"2632\">\n<p data-start=\"2597\" data-end=\"2632\">Mayor empat\u00eda y sociabilidad<\/p>\n<\/li>\n<li data-start=\"2633\" data-end=\"2676\">\n<p data-start=\"2635\" data-end=\"2676\">Aumento de la percepci\u00f3n musical y sensorial<\/p>\n<\/li>\n<li data-start=\"2677\" data-end=\"2712\">\n<p data-start=\"2679\" data-end=\"2712\">Ligera estimulaci\u00f3n f\u00edsica<\/p>\n<\/li>\n<\/ul>\n<p data-start=\"2714\" data-end=\"2739\">Recomendaciones de dosificaci\u00f3n:<\/p>\n<ul data-start=\"2740\" data-end=\"2872\">\n<li data-start=\"2740\" data-end=\"2777\">\n<p data-start=\"2742\" data-end=\"2777\">Principiante: medio comprimido (~67 mg)<\/p>\n<\/li>\n<li data-start=\"2778\" data-end=\"2823\">\n<p data-start=\"2780\" data-end=\"2823\">Usuarios experimentados: comprimido entero (134 mg)<\/p>\n<\/li>\n<li data-start=\"2824\" data-end=\"2872\">\n<p data-start=\"2826\" data-end=\"2872\">Posdosificaci\u00f3n cuidadosa despu\u00e9s de 1,5-2 horas<\/p>\n<\/li>\n<\/ul>\n<p data-start=\"2874\" data-end=\"3001\">Cualquiera que quiera comprar variantes m\u00e1s fuertes como Beans 195mg MDMA en l\u00ednea debe tener especial cuidado con la dosis.<\/p>\n<h3 data-start=\"3003\" data-end=\"3065\">\u00bfEs seguro comprar Beans Domino MDMA 134 mg en l\u00ednea?<\/h3>\n<p data-start=\"3066\" data-end=\"3379\">La seguridad es la m\u00e1xima prioridad a la hora de comprar MDMA en l\u00ednea. Lo mismo se aplica a productos como Beans 195mg MDMA en venta. S\u00f3lo compre a vendedores de buena reputaci\u00f3n que ofrezcan transparencia. Muchos compradores buscan espec\u00edficamente el mejor lugar para comprar Beans 195mg MDMA en l\u00ednea para evitar los riesgos de falsificaci\u00f3n.<\/p>\n<h3 data-start=\"3381\" data-end=\"3400\">Resumen de precios<\/h3>\n<p data-start=\"3401\" data-end=\"3453\">Los precios de Beans Domino MDMA 134 mg var\u00edan:<\/p>\n<ul data-start=\"3454\" data-end=\"3583\">\n<li data-start=\"3454\" data-end=\"3486\">\n<p data-start=\"3456\" data-end=\"3486\">Pastilla individual: 15-25 USD<\/p>\n<\/li>\n<li data-start=\"3487\" data-end=\"3533\">\n<p data-start=\"3489\" data-end=\"3533\">Pedidos por cantidad: 12-18 USD por comprimido<\/p>\n<\/li>\n<li data-start=\"3534\" data-end=\"3583\">\n<p data-start=\"3536\" data-end=\"3583\">Pedidos al por mayor (50+): 8-12 USD por comprimido<\/p>\n<\/li>\n<\/ul>\n<p data-start=\"3585\" data-end=\"3791\">Lo mismo ocurre con el precio de Beans 195 mg MDMA, que puede fluctuar seg\u00fan el proveedor y la cantidad del pedido. Un an\u00e1lisis detallado del mercado puede ayudarle a encontrar el mejor precio para Beans 195 mg MDMA.<\/p>\n<h3 data-start=\"3793\" data-end=\"3803\">Conclusi\u00f3n<\/h3>\n<p data-start=\"3804\" data-end=\"4226\">Beans Domino MDMA 134mg ofrece una experiencia de MDMA equilibrada y fiable que combina potencia con control de calidad. Para los compradores que buscan alternativas, productos como comprar Beans 195mg MDMA online tambi\u00e9n son de inter\u00e9s. Tanto si quieres pedir Beans 195mg MDMA como comprar Beans 195mg MDMA online de una fuente de investigaci\u00f3n fiable, es importante que el proveedor tenga buena reputaci\u00f3n y ofrezca una calidad probada.<\/p>","protected":false},"excerpt":{"rendered":"<p><strong>Jud\u00edas 195 mg MDMA<\/strong>\u00a0es una pastilla para una experiencia pura e intensa. Contiene 195 mg de MDMA de alta calidad, ideal para eventos de baile, festivales o relajaci\u00f3n profunda. Cada lote se somete a rigurosas pruebas para garantizar su seguridad, consistencia y m\u00e1ximo efecto. La elecci\u00f3n perfecta para cualquiera que busque una euforia y una conexi\u00f3n duraderas.<\/p>","protected":false},"featured_media":8819,"comment_status":"open","ping_status":"closed","template":"","meta":{"_joinchat":[]},"product_brand":[],"product_cat":[2846],"product_tag":[2505,2508,2507,1791,2504,2506,2011,2017,2164,2018,2015],"class_list":{"0":"post-8784","1":"product","2":"type-product","3":"status-publish","4":"has-post-thumbnail","6":"product_cat-ecstasy-pills","7":"product_tag-195mg-mdma","8":"product_tag-195mg-mdma-kaufen","9":"product_tag-beans-195mg-kaufen","10":"product_tag-beans-195mg-mdma","11":"product_tag-beans-mdma","12":"product_tag-mdma-195mg","13":"product_tag-mdma-kaufen","14":"product_tag-mdma-kristalle","15":"product_tag-mdma-online-kaufen","16":"product_tag-mdma-zum-verkauf","17":"product_tag-synthetische-drogen","19":"first","20":"instock","21":"shipping-taxable","22":"purchasable","23":"product-type-variable"},"yoast_head":"<!-- This site is optimized with the Yoast SEO plugin v27.5 - https:\/\/yoast.com\/product\/yoast-seo-wordpress\/ -->\n<title>Bohnen 195mg MDMA Verkauf | Kaufen Sie MDMA-Tabletten online<\/title>\n<meta name=\"description\" content=\"Kaufen Sie Bohnen 195 mg MDMA \u2013 hochwertige 195 mg MDMA-Tabletten. Sicher, getestet und versandbereit. Bestellen Sie noch heute f\u00fcr ein intensives Erlebnis!\" \/>\n<meta name=\"robots\" content=\"index, follow, max-snippet:-1, max-image-preview:large, max-video-preview:-1\" \/>\n<link rel=\"canonical\" href=\"https:\/\/chemgramx.com\/es\/producto-1\/energeticka-exploze-s-beans-195mg-mdma-comprar-online\/\" \/>\n<meta property=\"og:locale\" content=\"es_ES\" \/>\n<meta property=\"og:type\" content=\"article\" \/>\n<meta property=\"og:title\" content=\"Bohnen 195mg MDMA Verkauf | Kaufen Sie MDMA-Tabletten online\" \/>\n<meta property=\"og:description\" content=\"Kaufen Sie Bohnen 195 mg MDMA \u2013 hochwertige 195 mg MDMA-Tabletten. Sicher, getestet und versandbereit. Bestellen Sie noch heute f\u00fcr ein intensives Erlebnis!\" \/>\n<meta property=\"og:url\" content=\"https:\/\/chemgramx.com\/es\/producto-1\/energeticka-exploze-s-beans-195mg-mdma-comprar-online\/\" \/>\n<meta property=\"og:site_name\" content=\"Chemgramx\" \/>\n<meta property=\"article:modified_time\" content=\"2025-12-11T01:06:00+00:00\" \/>\n<meta property=\"og:image\" content=\"https:\/\/chemgramx.com\/wp-content\/uploads\/2025\/12\/p3.png\" \/>\n\t<meta property=\"og:image:width\" content=\"600\" \/>\n\t<meta property=\"og:image:height\" content=\"400\" \/>\n\t<meta property=\"og:image:type\" content=\"image\/png\" \/>\n<meta name=\"twitter:card\" content=\"summary_large_image\" \/>\n<meta name=\"twitter:label1\" content=\"Tiempo de lectura\" \/>\n\t<meta name=\"twitter:data1\" content=\"3 minutos\" \/>\n<script type=\"application\/ld+json\" class=\"yoast-schema-graph\">{\"@context\":\"https:\\\/\\\/schema.org\",\"@graph\":[{\"@type\":\"WebPage\",\"@id\":\"https:\\\/\\\/chemgramx.com\\\/product\\\/energeticka-exploze-s-beans-195mg-mdma-online-kaufen\\\/\",\"url\":\"https:\\\/\\\/chemgramx.com\\\/product\\\/energeticka-exploze-s-beans-195mg-mdma-online-kaufen\\\/\",\"name\":\"Bohnen 195mg MDMA Verkauf | Kaufen Sie MDMA-Tabletten online\",\"isPartOf\":{\"@id\":\"https:\\\/\\\/chemgramx.com\\\/#website\"},\"primaryImageOfPage\":{\"@id\":\"https:\\\/\\\/chemgramx.com\\\/product\\\/energeticka-exploze-s-beans-195mg-mdma-online-kaufen\\\/#primaryimage\"},\"image\":{\"@id\":\"https:\\\/\\\/chemgramx.com\\\/product\\\/energeticka-exploze-s-beans-195mg-mdma-online-kaufen\\\/#primaryimage\"},\"thumbnailUrl\":\"https:\\\/\\\/chemgramx.com\\\/wp-content\\\/uploads\\\/2025\\\/12\\\/p3.png\",\"datePublished\":\"2025-12-11T01:04:46+00:00\",\"dateModified\":\"2025-12-11T01:06:00+00:00\",\"description\":\"Kaufen Sie Bohnen 195 mg MDMA \u2013 hochwertige 195 mg MDMA-Tabletten. Sicher, getestet und versandbereit. Bestellen Sie noch heute f\u00fcr ein intensives Erlebnis!\",\"breadcrumb\":{\"@id\":\"https:\\\/\\\/chemgramx.com\\\/product\\\/energeticka-exploze-s-beans-195mg-mdma-online-kaufen\\\/#breadcrumb\"},\"inLanguage\":\"es\",\"potentialAction\":[{\"@type\":\"ReadAction\",\"target\":[\"https:\\\/\\\/chemgramx.com\\\/product\\\/energeticka-exploze-s-beans-195mg-mdma-online-kaufen\\\/\"]}]},{\"@type\":\"ImageObject\",\"inLanguage\":\"es\",\"@id\":\"https:\\\/\\\/chemgramx.com\\\/product\\\/energeticka-exploze-s-beans-195mg-mdma-online-kaufen\\\/#primaryimage\",\"url\":\"https:\\\/\\\/chemgramx.com\\\/wp-content\\\/uploads\\\/2025\\\/12\\\/p3.png\",\"contentUrl\":\"https:\\\/\\\/chemgramx.com\\\/wp-content\\\/uploads\\\/2025\\\/12\\\/p3.png\",\"width\":600,\"height\":400},{\"@type\":\"BreadcrumbList\",\"@id\":\"https:\\\/\\\/chemgramx.com\\\/product\\\/energeticka-exploze-s-beans-195mg-mdma-online-kaufen\\\/#breadcrumb\",\"itemListElement\":[{\"@type\":\"ListItem\",\"position\":1,\"name\":\"Home\",\"item\":\"https:\\\/\\\/chemgramx.com\\\/\"},{\"@type\":\"ListItem\",\"position\":2,\"name\":\"Shop\",\"item\":\"https:\\\/\\\/chemgramx.com\\\/shop\\\/\"},{\"@type\":\"ListItem\",\"position\":3,\"name\":\"Energetick\u00e1 exploze s Beans 195mg MDMA online kaufen\"}]},{\"@type\":\"WebSite\",\"@id\":\"https:\\\/\\\/chemgramx.com\\\/#website\",\"url\":\"https:\\\/\\\/chemgramx.com\\\/\",\"name\":\"Chemgramx\",\"description\":\"\",\"publisher\":{\"@id\":\"https:\\\/\\\/chemgramx.com\\\/#organization\"},\"potentialAction\":[{\"@type\":\"SearchAction\",\"target\":{\"@type\":\"EntryPoint\",\"urlTemplate\":\"https:\\\/\\\/chemgramx.com\\\/?s={search_term_string}\"},\"query-input\":{\"@type\":\"PropertyValueSpecification\",\"valueRequired\":true,\"valueName\":\"search_term_string\"}}],\"inLanguage\":\"es\"},{\"@type\":\"Organization\",\"@id\":\"https:\\\/\\\/chemgramx.com\\\/#organization\",\"name\":\"Chemgramx\",\"url\":\"https:\\\/\\\/chemgramx.com\\\/\",\"logo\":{\"@type\":\"ImageObject\",\"inLanguage\":\"es\",\"@id\":\"https:\\\/\\\/chemgramx.com\\\/#\\\/schema\\\/logo\\\/image\\\/\",\"url\":\"https:\\\/\\\/chemgramx.com\\\/wp-content\\\/uploads\\\/2024\\\/10\\\/final-logo.png\",\"contentUrl\":\"https:\\\/\\\/chemgramx.com\\\/wp-content\\\/uploads\\\/2024\\\/10\\\/final-logo.png\",\"width\":250,\"height\":48,\"caption\":\"Chemgramx\"},\"image\":{\"@id\":\"https:\\\/\\\/chemgramx.com\\\/#\\\/schema\\\/logo\\\/image\\\/\"}}]}<\/script>\n<!-- \/ Yoast SEO plugin. -->","yoast_head_json":{"title":"Venta de frijoles de MDMA de 195 mg | Compre tabletas de MDMA en l\u00ednea","description":"Compra Bohnen 195 mg MDMA: tabletas de MDMA de 195 mg de alta calidad. Seguras, probadas y listas para enviar. \u00a1P\u00eddelas hoy para una experiencia intensa!","robots":{"index":"index","follow":"follow","max-snippet":"max-snippet:-1","max-image-preview":"max-image-preview:large","max-video-preview":"max-video-preview:-1"},"canonical":"https:\/\/chemgramx.com\/es\/producto-1\/energeticka-exploze-s-beans-195mg-mdma-comprar-online\/","og_locale":"es_ES","og_type":"article","og_title":"Bohnen 195mg MDMA Verkauf | Kaufen Sie MDMA-Tabletten online","og_description":"Kaufen Sie Bohnen 195 mg MDMA \u2013 hochwertige 195 mg MDMA-Tabletten. Sicher, getestet und versandbereit. Bestellen Sie noch heute f\u00fcr ein intensives Erlebnis!","og_url":"https:\/\/chemgramx.com\/es\/producto-1\/energeticka-exploze-s-beans-195mg-mdma-comprar-online\/","og_site_name":"Chemgramx","article_modified_time":"2025-12-11T01:06:00+00:00","og_image":[{"width":600,"height":400,"url":"https:\/\/chemgramx.com\/wp-content\/uploads\/2025\/12\/p3.png","type":"image\/png"}],"twitter_card":"summary_large_image","twitter_misc":{"Tiempo de lectura":"3 minutos"},"schema":{"@context":"https:\/\/schema.org","@graph":[{"@type":"WebPage","@id":"https:\/\/chemgramx.com\/product\/energeticka-exploze-s-beans-195mg-mdma-online-kaufen\/","url":"https:\/\/chemgramx.com\/product\/energeticka-exploze-s-beans-195mg-mdma-online-kaufen\/","name":"Venta de frijoles de MDMA de 195 mg | Compre tabletas de MDMA en l\u00ednea","isPartOf":{"@id":"https:\/\/chemgramx.com\/#website"},"primaryImageOfPage":{"@id":"https:\/\/chemgramx.com\/product\/energeticka-exploze-s-beans-195mg-mdma-online-kaufen\/#primaryimage"},"image":{"@id":"https:\/\/chemgramx.com\/product\/energeticka-exploze-s-beans-195mg-mdma-online-kaufen\/#primaryimage"},"thumbnailUrl":"https:\/\/chemgramx.com\/wp-content\/uploads\/2025\/12\/p3.png","datePublished":"2025-12-11T01:04:46+00:00","dateModified":"2025-12-11T01:06:00+00:00","description":"Compra Bohnen 195 mg MDMA: tabletas de MDMA de 195 mg de alta calidad. Seguras, probadas y listas para enviar. \u00a1P\u00eddelas hoy para una experiencia intensa!","breadcrumb":{"@id":"https:\/\/chemgramx.com\/product\/energeticka-exploze-s-beans-195mg-mdma-online-kaufen\/#breadcrumb"},"inLanguage":"es","potentialAction":[{"@type":"ReadAction","target":["https:\/\/chemgramx.com\/product\/energeticka-exploze-s-beans-195mg-mdma-online-kaufen\/"]}]},{"@type":"ImageObject","inLanguage":"es","@id":"https:\/\/chemgramx.com\/product\/energeticka-exploze-s-beans-195mg-mdma-online-kaufen\/#primaryimage","url":"https:\/\/chemgramx.com\/wp-content\/uploads\/2025\/12\/p3.png","contentUrl":"https:\/\/chemgramx.com\/wp-content\/uploads\/2025\/12\/p3.png","width":600,"height":400},{"@type":"BreadcrumbList","@id":"https:\/\/chemgramx.com\/product\/energeticka-exploze-s-beans-195mg-mdma-online-kaufen\/#breadcrumb","itemListElement":[{"@type":"ListItem","position":1,"name":"Home","item":"https:\/\/chemgramx.com\/"},{"@type":"ListItem","position":2,"name":"Shop","item":"https:\/\/chemgramx.com\/shop\/"},{"@type":"ListItem","position":3,"name":"Energetick\u00e1 exploze s Beans 195mg MDMA online kaufen"}]},{"@type":"WebSite","@id":"https:\/\/chemgramx.com\/#website","url":"https:\/\/chemgramx.com\/","name":"Chemgramx","description":"","publisher":{"@id":"https:\/\/chemgramx.com\/#organization"},"potentialAction":[{"@type":"SearchAction","target":{"@type":"EntryPoint","urlTemplate":"https:\/\/chemgramx.com\/?s={search_term_string}"},"query-input":{"@type":"PropertyValueSpecification","valueRequired":true,"valueName":"search_term_string"}}],"inLanguage":"es"},{"@type":"Organization","@id":"https:\/\/chemgramx.com\/#organization","name":"Chemgramx","url":"https:\/\/chemgramx.com\/","logo":{"@type":"ImageObject","inLanguage":"es","@id":"https:\/\/chemgramx.com\/#\/schema\/logo\/image\/","url":"https:\/\/chemgramx.com\/wp-content\/uploads\/2024\/10\/final-logo.png","contentUrl":"https:\/\/chemgramx.com\/wp-content\/uploads\/2024\/10\/final-logo.png","width":250,"height":48,"caption":"Chemgramx"},"image":{"@id":"https:\/\/chemgramx.com\/#\/schema\/logo\/image\/"}}]}},"_links":{"self":[{"href":"https:\/\/chemgramx.com\/es\/wp-json\/wp\/v2\/product\/8784","targetHints":{"allow":["GET"]}}],"collection":[{"href":"https:\/\/chemgramx.com\/es\/wp-json\/wp\/v2\/product"}],"about":[{"href":"https:\/\/chemgramx.com\/es\/wp-json\/wp\/v2\/types\/product"}],"replies":[{"embeddable":true,"href":"https:\/\/chemgramx.com\/es\/wp-json\/wp\/v2\/comments?post=8784"}],"wp:featuredmedia":[{"embeddable":true,"href":"https:\/\/chemgramx.com\/es\/wp-json\/wp\/v2\/media\/8819"}],"wp:attachment":[{"href":"https:\/\/chemgramx.com\/es\/wp-json\/wp\/v2\/media?parent=8784"}],"wp:term":[{"taxonomy":"product_brand","embeddable":true,"href":"https:\/\/chemgramx.com\/es\/wp-json\/wp\/v2\/product_brand?post=8784"},{"taxonomy":"product_cat","embeddable":true,"href":"https:\/\/chemgramx.com\/es\/wp-json\/wp\/v2\/product_cat?post=8784"},{"taxonomy":"product_tag","embeddable":true,"href":"https:\/\/chemgramx.com\/es\/wp-json\/wp\/v2\/product_tag?post=8784"}],"curies":[{"name":"wp","href":"https:\/\/api.w.org\/{rel}","templated":true}]}}