{"id":8785,"date":"2025-12-11T01:04:47","date_gmt":"2025-12-11T01:04:47","guid":{"rendered":"https:\/\/chemgramx.com\/?post_type=product&#038;p=8785"},"modified":"2025-12-11T01:06:01","modified_gmt":"2025-12-11T01:06:01","slug":"blue-punisher-220mg-mdma-comprar-online","status":"publish","type":"product","link":"https:\/\/chemgramx.com\/es\/product\/blue-punisher-220mg-mdma-online-kaufen\/","title":{"rendered":"BLUE PUNISHER 220MG MDMA Compra Online"},"content":{"rendered":"<h2 data-start=\"161\" data-end=\"232\">Comprar BLUE PUNISHER 220MG MDMA en l\u00ednea de una fuente confiable de investigaci\u00f3n<\/h2>\n<p data-start=\"234\" data-end=\"336\">Compre BLUE PUNISHER 220 MG MDMA en l\u00ednea: calidad superior para investigaci\u00f3n cognitiva y emocional.<\/p>\n<p data-start=\"338\" data-end=\"841\">La demanda de sustancias innovadoras para la investigaci\u00f3n y el desarrollo cognitivo est\u00e1 creciendo a nivel mundial. Muchos investigadores y laboratorios buscan productos de alta calidad para estudiar el estado de \u00e1nimo, la empat\u00eda y la percepci\u00f3n. Uno de los productos m\u00e1s conocidos en este campo es... <a href=\"https:\/\/chemgramx.com\/product\/blue-punisher-220-mg-mdma\/\">BLUE PUNISHER 220MG MDMA para la venta<\/a>, valorado por su potencia, pureza y efectos fiables. Si usted est\u00e1 planeando comprar BLUE PUNISHER 220MG MDMA en l\u00ednea, PVPgrams es el mejor lugar para comprar BLUE PUNISHER 220MG MDMA en l\u00ednea.<\/p>\n<h3 data-start=\"843\" data-end=\"881\">\u00bfQu\u00e9 era BLUE PUNISHER 220MG MDMA?<\/h3>\n<p data-start=\"883\" data-end=\"1369\">BLUE PUNISHER 220MG MDMA es una forma de dosis alta de 3,4-metilendioxi-N-metilanfetamina (<a href=\"https:\/\/en.wikipedia.org\/wiki\/MDMA\">MDMA<\/a>), conocido por sus efectos empat\u00f3genos, euf\u00f3ricos y estimulantes. Cada unidad contiene 220mg de principio activo, lo que permite una dosificaci\u00f3n fiable y una experiencia potente pero controlable. Los investigadores que compran BLUE PUNISHER 220MG MDMA online la valoran especialmente para estudios sobre la liberaci\u00f3n de neurotransmisores, el v\u00ednculo social y los efectos cognitivos.<\/p>\n<h3 data-start=\"1371\" data-end=\"1411\">\u00bfC\u00f3mo funciona BLUE PUNISHER 220MG MDMA?<\/h3>\n<p data-start=\"1413\" data-end=\"1552\">El efecto se basa en el aumento de la liberaci\u00f3n de serotonina, dopamina y noradrenalina en el cerebro. Esto respalda la investigaci\u00f3n sobre:<\/p>\n<ul data-start=\"1554\" data-end=\"1693\">\n<li data-start=\"1554\" data-end=\"1591\">\n<p data-start=\"1556\" data-end=\"1591\">Mejor estado de \u00e1nimo y energ\u00eda<\/p>\n<\/li>\n<li data-start=\"1592\" data-end=\"1630\">\n<p data-start=\"1594\" data-end=\"1630\">Apertura emocional y empat\u00eda<\/p>\n<\/li>\n<li data-start=\"1631\" data-end=\"1693\">\n<p data-start=\"1633\" data-end=\"1693\">Procesos neuroqu\u00edmicos que promueven la interacci\u00f3n social<\/p>\n<\/li>\n<\/ul>\n<p data-start=\"1695\" data-end=\"1833\">Esto hace que BLUE PUNISHER 220MG MDMA en venta sea ideal para estudios sobre el comportamiento, la cognici\u00f3n y la regulaci\u00f3n emocional.<\/p>\n<h3 data-start=\"1835\" data-end=\"1877\">Beneficios de BLUE PUNISHER 220MG MDMA<\/h3>\n<ul data-start=\"1879\" data-end=\"2195\">\n<li data-start=\"1879\" data-end=\"1958\">\n<p data-start=\"1881\" data-end=\"1958\">Dosis constante (220 mg): ideal para obtener resultados de investigaci\u00f3n precisos<\/p>\n<\/li>\n<li data-start=\"1959\" data-end=\"2025\">\n<p data-start=\"1961\" data-end=\"2025\">High purity \u2013 all batches are laboratory tested<\/p>\n<\/li>\n<li data-start=\"2026\" data-end=\"2098\">\n<p data-start=\"2028\" data-end=\"2098\">Efecto estable: facilita resultados de investigaci\u00f3n repetibles<\/p>\n<\/li>\n<li data-start=\"2099\" data-end=\"2195\">\n<p data-start=\"2101\" data-end=\"2195\">Precio atractivo de BLUE PUNISHER 220MG MDMA: competitivo para instituciones de investigaci\u00f3n<\/p>\n<\/li>\n<\/ul>\n<h3 data-start=\"2197\" data-end=\"2266\">Comprar BLUE PUNISHER 220MG MDMA: A qu\u00e9 deben prestar atenci\u00f3n los investigadores<\/h3>\n<p data-start=\"2268\" data-end=\"2364\">Si est\u00e1 considerando pedir BLUE PUNISHER 220MG MDMA, aseg\u00farese de que el proveedor:<\/p>\n<ul data-start=\"2366\" data-end=\"2579\">\n<li data-start=\"2366\" data-end=\"2420\">\n<p data-start=\"2368\" data-end=\"2420\">Pureza certificada garantizada por pruebas de laboratorio.<\/p>\n<\/li>\n<li data-start=\"2421\" data-end=\"2464\">\n<p data-start=\"2423\" data-end=\"2464\">Ofrece env\u00edo seguro y discreto.<\/p>\n<\/li>\n<li data-start=\"2465\" data-end=\"2510\">\n<p data-start=\"2467\" data-end=\"2510\">Proporciona informaci\u00f3n transparente sobre el producto.<\/p>\n<\/li>\n<li data-start=\"2511\" data-end=\"2579\">\n<p data-start=\"2513\" data-end=\"2579\">Puede demostrar retroalimentaci\u00f3n positiva de la comunidad de investigaci\u00f3n.<\/p>\n<\/li>\n<\/ul>\n<p data-start=\"2581\" data-end=\"2677\">Estos son criterios importantes a la hora de decidir d\u00f3nde comprar BLUE PUNISHER 220MG MDMA.<\/p>\n<h3 data-start=\"2679\" data-end=\"2703\">Aviso legal<\/h3>\n<p data-start=\"2705\" data-end=\"3069\">La situaci\u00f3n legal de la MDMA var\u00eda en todo el mundo. En la mayor\u00eda de los pa\u00edses se considera una sustancia controlada y su uso s\u00f3lo est\u00e1 permitido para fines cient\u00edficos. PVPgrams ofrece BLUE PUNISHER 220MG MDMA a la venta s\u00f3lo con fines de investigaci\u00f3n y laboratorio. Los compradores est\u00e1n obligados a informarse sobre la normativa legal local.<\/p>\n<h3 data-start=\"3071\" data-end=\"3113\">Orden BLUE PUNISHER 220MG MDMA en l\u00ednea<\/h3>\n<p data-start=\"3115\" data-end=\"3401\">\u00bfEst\u00e1s listo para empezar tu proyecto? Ahora puedes comprar BLUE PUNISHER 220MG MDMA online en PVPgrams. Con calidad comprobada, entrega r\u00e1pida y env\u00edo discreto, PVPgrams es su socio de confianza y el mejor lugar para comprar BLUE PUNISHER 220MG MDMA online.<\/p>\n<p data-start=\"3403\" data-end=\"3513\">ChemGramx - Su proveedor de confianza para BLUE PUNISHER 220MG MDMA y sustancias de investigaci\u00f3n de alta calidad.<\/p>","protected":false},"excerpt":{"rendered":"<p><strong><span style=\"vertical-align: inherit;\"><span style=\"vertical-align: inherit;\">Blue Punisher 220mg MDMA<\/span><\/span><\/strong><span style=\"vertical-align: inherit;\"><span style=\"vertical-align: inherit;\"> es una pastilla con 220mg de MDMA que te ofrece un efecto m\u00e1ximo y una \u00f3ptima relaci\u00f3n calidad-precio. Perfecta para las vacaciones, ideal para festivales, pero tambi\u00e9n para muchos otros proyectos. Antes de probarla, tendr\u00e1s que conformarte con probarla. La tableta premium completa ya no est\u00e1 disponible.<\/span><\/span><\/p>","protected":false},"featured_media":8820,"comment_status":"open","ping_status":"closed","template":"","meta":{"_joinchat":[]},"product_brand":[],"product_cat":[2846],"product_tag":[2187,2383,2385,2382,2188,2384,2017,2164,2018,2015],"class_list":{"0":"post-8785","1":"product","2":"type-product","3":"status-publish","4":"has-post-thumbnail","6":"product_cat-ecstasy-pills","7":"product_tag-220mg-mdma","8":"product_tag-blue-punisher-220mg","9":"product_tag-blue-punisher-kaufen","10":"product_tag-blue-punisher-mdma","11":"product_tag-mdma-220mg-kaufen","12":"product_tag-mdma-blue-punisher","13":"product_tag-mdma-kristalle","14":"product_tag-mdma-online-kaufen","15":"product_tag-mdma-zum-verkauf","16":"product_tag-synthetische-drogen","18":"first","19":"instock","20":"shipping-taxable","21":"purchasable","22":"product-type-variable"},"yoast_head":"<!-- This site is optimized with the Yoast SEO plugin v27.5 - https:\/\/yoast.com\/product\/yoast-seo-wordpress\/ -->\n<title>BLUE PUNISHER 220 MG MDMA online Kaufen | chemgramx<\/title>\n<meta name=\"description\" content=\"Sie k\u00f6nnen Blue Punisher 220 mg MDMA online zu den besten Preisen in unserem Chemgramx-Onlineshop kaufen. Wir haben g\u00fcnstiges und hochwertiges Blue Punisher 220 mg MDMA im Angebot und liefern weltweit. Sie k\u00f6nnen jederzeit und \u00fcberall bestellen.\" \/>\n<meta name=\"robots\" content=\"index, follow, max-snippet:-1, max-image-preview:large, max-video-preview:-1\" \/>\n<link rel=\"canonical\" href=\"https:\/\/chemgramx.com\/es\/producto-1\/blue-punisher-220mg-mdma-comprar-online\/\" \/>\n<meta property=\"og:locale\" content=\"es_ES\" \/>\n<meta property=\"og:type\" content=\"article\" \/>\n<meta property=\"og:title\" content=\"BLUE PUNISHER 220 MG MDMA online Kaufen | chemgramx\" \/>\n<meta property=\"og:description\" content=\"Sie k\u00f6nnen Blue Punisher 220 mg MDMA online zu den besten Preisen in unserem Chemgramx-Onlineshop kaufen. Wir haben g\u00fcnstiges und hochwertiges Blue Punisher 220 mg MDMA im Angebot und liefern weltweit. Sie k\u00f6nnen jederzeit und \u00fcberall bestellen.\" \/>\n<meta property=\"og:url\" content=\"https:\/\/chemgramx.com\/es\/producto-1\/blue-punisher-220mg-mdma-comprar-online\/\" \/>\n<meta property=\"og:site_name\" content=\"Chemgramx\" \/>\n<meta property=\"article:modified_time\" content=\"2025-12-11T01:06:01+00:00\" \/>\n<meta property=\"og:image\" content=\"https:\/\/chemgramx.com\/wp-content\/uploads\/2025\/12\/p-7.png\" \/>\n\t<meta property=\"og:image:width\" content=\"600\" \/>\n\t<meta property=\"og:image:height\" content=\"400\" \/>\n\t<meta property=\"og:image:type\" content=\"image\/png\" \/>\n<meta name=\"twitter:card\" content=\"summary_large_image\" \/>\n<meta name=\"twitter:label1\" content=\"Tiempo de lectura\" \/>\n\t<meta name=\"twitter:data1\" content=\"3 minutos\" \/>\n<script type=\"application\/ld+json\" class=\"yoast-schema-graph\">{\"@context\":\"https:\\\/\\\/schema.org\",\"@graph\":[{\"@type\":\"WebPage\",\"@id\":\"https:\\\/\\\/chemgramx.com\\\/product\\\/blue-punisher-220mg-mdma-online-kaufen\\\/\",\"url\":\"https:\\\/\\\/chemgramx.com\\\/product\\\/blue-punisher-220mg-mdma-online-kaufen\\\/\",\"name\":\"BLUE PUNISHER 220 MG MDMA online Kaufen | chemgramx\",\"isPartOf\":{\"@id\":\"https:\\\/\\\/chemgramx.com\\\/#website\"},\"primaryImageOfPage\":{\"@id\":\"https:\\\/\\\/chemgramx.com\\\/product\\\/blue-punisher-220mg-mdma-online-kaufen\\\/#primaryimage\"},\"image\":{\"@id\":\"https:\\\/\\\/chemgramx.com\\\/product\\\/blue-punisher-220mg-mdma-online-kaufen\\\/#primaryimage\"},\"thumbnailUrl\":\"https:\\\/\\\/chemgramx.com\\\/wp-content\\\/uploads\\\/2025\\\/12\\\/p-7.png\",\"datePublished\":\"2025-12-11T01:04:47+00:00\",\"dateModified\":\"2025-12-11T01:06:01+00:00\",\"description\":\"Sie k\u00f6nnen Blue Punisher 220 mg MDMA online zu den besten Preisen in unserem Chemgramx-Onlineshop kaufen. Wir haben g\u00fcnstiges und hochwertiges Blue Punisher 220 mg MDMA im Angebot und liefern weltweit. Sie k\u00f6nnen jederzeit und \u00fcberall bestellen.\",\"breadcrumb\":{\"@id\":\"https:\\\/\\\/chemgramx.com\\\/product\\\/blue-punisher-220mg-mdma-online-kaufen\\\/#breadcrumb\"},\"inLanguage\":\"es\",\"potentialAction\":[{\"@type\":\"ReadAction\",\"target\":[\"https:\\\/\\\/chemgramx.com\\\/product\\\/blue-punisher-220mg-mdma-online-kaufen\\\/\"]}]},{\"@type\":\"ImageObject\",\"inLanguage\":\"es\",\"@id\":\"https:\\\/\\\/chemgramx.com\\\/product\\\/blue-punisher-220mg-mdma-online-kaufen\\\/#primaryimage\",\"url\":\"https:\\\/\\\/chemgramx.com\\\/wp-content\\\/uploads\\\/2025\\\/12\\\/p-7.png\",\"contentUrl\":\"https:\\\/\\\/chemgramx.com\\\/wp-content\\\/uploads\\\/2025\\\/12\\\/p-7.png\",\"width\":600,\"height\":400},{\"@type\":\"BreadcrumbList\",\"@id\":\"https:\\\/\\\/chemgramx.com\\\/product\\\/blue-punisher-220mg-mdma-online-kaufen\\\/#breadcrumb\",\"itemListElement\":[{\"@type\":\"ListItem\",\"position\":1,\"name\":\"Home\",\"item\":\"https:\\\/\\\/chemgramx.com\\\/\"},{\"@type\":\"ListItem\",\"position\":2,\"name\":\"Shop\",\"item\":\"https:\\\/\\\/chemgramx.com\\\/shop\\\/\"},{\"@type\":\"ListItem\",\"position\":3,\"name\":\"BLUE PUNISHER 220MG MDMA Online kaufen\"}]},{\"@type\":\"WebSite\",\"@id\":\"https:\\\/\\\/chemgramx.com\\\/#website\",\"url\":\"https:\\\/\\\/chemgramx.com\\\/\",\"name\":\"Chemgramx\",\"description\":\"\",\"publisher\":{\"@id\":\"https:\\\/\\\/chemgramx.com\\\/#organization\"},\"potentialAction\":[{\"@type\":\"SearchAction\",\"target\":{\"@type\":\"EntryPoint\",\"urlTemplate\":\"https:\\\/\\\/chemgramx.com\\\/?s={search_term_string}\"},\"query-input\":{\"@type\":\"PropertyValueSpecification\",\"valueRequired\":true,\"valueName\":\"search_term_string\"}}],\"inLanguage\":\"es\"},{\"@type\":\"Organization\",\"@id\":\"https:\\\/\\\/chemgramx.com\\\/#organization\",\"name\":\"Chemgramx\",\"url\":\"https:\\\/\\\/chemgramx.com\\\/\",\"logo\":{\"@type\":\"ImageObject\",\"inLanguage\":\"es\",\"@id\":\"https:\\\/\\\/chemgramx.com\\\/#\\\/schema\\\/logo\\\/image\\\/\",\"url\":\"https:\\\/\\\/chemgramx.com\\\/wp-content\\\/uploads\\\/2024\\\/10\\\/final-logo.png\",\"contentUrl\":\"https:\\\/\\\/chemgramx.com\\\/wp-content\\\/uploads\\\/2024\\\/10\\\/final-logo.png\",\"width\":250,\"height\":48,\"caption\":\"Chemgramx\"},\"image\":{\"@id\":\"https:\\\/\\\/chemgramx.com\\\/#\\\/schema\\\/logo\\\/image\\\/\"}}]}<\/script>\n<!-- \/ Yoast SEO plugin. -->","yoast_head_json":{"title":"Comprar BLUE PUNISHER 220 MG MDMA en l\u00ednea | chemgramx","description":"Puedes comprar Blue Punisher 220 mg MDMA online al mejor precio en nuestra tienda online Chemgramx. Ofrecemos Blue Punisher 220 mg MDMA asequible y de alta calidad, con env\u00edos a todo el mundo. Puedes pedirlo cuando y donde quieras.","robots":{"index":"index","follow":"follow","max-snippet":"max-snippet:-1","max-image-preview":"max-image-preview:large","max-video-preview":"max-video-preview:-1"},"canonical":"https:\/\/chemgramx.com\/es\/producto-1\/blue-punisher-220mg-mdma-comprar-online\/","og_locale":"es_ES","og_type":"article","og_title":"BLUE PUNISHER 220 MG MDMA online Kaufen | chemgramx","og_description":"Sie k\u00f6nnen Blue Punisher 220 mg MDMA online zu den besten Preisen in unserem Chemgramx-Onlineshop kaufen. Wir haben g\u00fcnstiges und hochwertiges Blue Punisher 220 mg MDMA im Angebot und liefern weltweit. Sie k\u00f6nnen jederzeit und \u00fcberall bestellen.","og_url":"https:\/\/chemgramx.com\/es\/producto-1\/blue-punisher-220mg-mdma-comprar-online\/","og_site_name":"Chemgramx","article_modified_time":"2025-12-11T01:06:01+00:00","og_image":[{"width":600,"height":400,"url":"https:\/\/chemgramx.com\/wp-content\/uploads\/2025\/12\/p-7.png","type":"image\/png"}],"twitter_card":"summary_large_image","twitter_misc":{"Tiempo de lectura":"3 minutos"},"schema":{"@context":"https:\/\/schema.org","@graph":[{"@type":"WebPage","@id":"https:\/\/chemgramx.com\/product\/blue-punisher-220mg-mdma-online-kaufen\/","url":"https:\/\/chemgramx.com\/product\/blue-punisher-220mg-mdma-online-kaufen\/","name":"Comprar BLUE PUNISHER 220 MG MDMA en l\u00ednea | chemgramx","isPartOf":{"@id":"https:\/\/chemgramx.com\/#website"},"primaryImageOfPage":{"@id":"https:\/\/chemgramx.com\/product\/blue-punisher-220mg-mdma-online-kaufen\/#primaryimage"},"image":{"@id":"https:\/\/chemgramx.com\/product\/blue-punisher-220mg-mdma-online-kaufen\/#primaryimage"},"thumbnailUrl":"https:\/\/chemgramx.com\/wp-content\/uploads\/2025\/12\/p-7.png","datePublished":"2025-12-11T01:04:47+00:00","dateModified":"2025-12-11T01:06:01+00:00","description":"Puedes comprar Blue Punisher 220 mg MDMA online al mejor precio en nuestra tienda online Chemgramx. Ofrecemos Blue Punisher 220 mg MDMA asequible y de alta calidad, con env\u00edos a todo el mundo. Puedes pedirlo cuando y donde quieras.","breadcrumb":{"@id":"https:\/\/chemgramx.com\/product\/blue-punisher-220mg-mdma-online-kaufen\/#breadcrumb"},"inLanguage":"es","potentialAction":[{"@type":"ReadAction","target":["https:\/\/chemgramx.com\/product\/blue-punisher-220mg-mdma-online-kaufen\/"]}]},{"@type":"ImageObject","inLanguage":"es","@id":"https:\/\/chemgramx.com\/product\/blue-punisher-220mg-mdma-online-kaufen\/#primaryimage","url":"https:\/\/chemgramx.com\/wp-content\/uploads\/2025\/12\/p-7.png","contentUrl":"https:\/\/chemgramx.com\/wp-content\/uploads\/2025\/12\/p-7.png","width":600,"height":400},{"@type":"BreadcrumbList","@id":"https:\/\/chemgramx.com\/product\/blue-punisher-220mg-mdma-online-kaufen\/#breadcrumb","itemListElement":[{"@type":"ListItem","position":1,"name":"Home","item":"https:\/\/chemgramx.com\/"},{"@type":"ListItem","position":2,"name":"Shop","item":"https:\/\/chemgramx.com\/shop\/"},{"@type":"ListItem","position":3,"name":"BLUE PUNISHER 220MG MDMA Online kaufen"}]},{"@type":"WebSite","@id":"https:\/\/chemgramx.com\/#website","url":"https:\/\/chemgramx.com\/","name":"Chemgramx","description":"","publisher":{"@id":"https:\/\/chemgramx.com\/#organization"},"potentialAction":[{"@type":"SearchAction","target":{"@type":"EntryPoint","urlTemplate":"https:\/\/chemgramx.com\/?s={search_term_string}"},"query-input":{"@type":"PropertyValueSpecification","valueRequired":true,"valueName":"search_term_string"}}],"inLanguage":"es"},{"@type":"Organization","@id":"https:\/\/chemgramx.com\/#organization","name":"Chemgramx","url":"https:\/\/chemgramx.com\/","logo":{"@type":"ImageObject","inLanguage":"es","@id":"https:\/\/chemgramx.com\/#\/schema\/logo\/image\/","url":"https:\/\/chemgramx.com\/wp-content\/uploads\/2024\/10\/final-logo.png","contentUrl":"https:\/\/chemgramx.com\/wp-content\/uploads\/2024\/10\/final-logo.png","width":250,"height":48,"caption":"Chemgramx"},"image":{"@id":"https:\/\/chemgramx.com\/#\/schema\/logo\/image\/"}}]}},"_links":{"self":[{"href":"https:\/\/chemgramx.com\/es\/wp-json\/wp\/v2\/product\/8785","targetHints":{"allow":["GET"]}}],"collection":[{"href":"https:\/\/chemgramx.com\/es\/wp-json\/wp\/v2\/product"}],"about":[{"href":"https:\/\/chemgramx.com\/es\/wp-json\/wp\/v2\/types\/product"}],"replies":[{"embeddable":true,"href":"https:\/\/chemgramx.com\/es\/wp-json\/wp\/v2\/comments?post=8785"}],"wp:featuredmedia":[{"embeddable":true,"href":"https:\/\/chemgramx.com\/es\/wp-json\/wp\/v2\/media\/8820"}],"wp:attachment":[{"href":"https:\/\/chemgramx.com\/es\/wp-json\/wp\/v2\/media?parent=8785"}],"wp:term":[{"taxonomy":"product_brand","embeddable":true,"href":"https:\/\/chemgramx.com\/es\/wp-json\/wp\/v2\/product_brand?post=8785"},{"taxonomy":"product_cat","embeddable":true,"href":"https:\/\/chemgramx.com\/es\/wp-json\/wp\/v2\/product_cat?post=8785"},{"taxonomy":"product_tag","embeddable":true,"href":"https:\/\/chemgramx.com\/es\/wp-json\/wp\/v2\/product_tag?post=8785"}],"curies":[{"name":"wp","href":"https:\/\/api.w.org\/{rel}","templated":true}]}}