{"id":8786,"date":"2025-12-11T01:04:48","date_gmt":"2025-12-11T01:04:48","guid":{"rendered":"https:\/\/chemgramx.com\/?post_type=product&#038;p=8786"},"modified":"2025-12-11T01:06:01","modified_gmt":"2025-12-11T01:06:01","slug":"comprar-pastillas-tesla-azul-mdma-online","status":"publish","type":"product","link":"https:\/\/chemgramx.com\/es\/product\/blue-tesla-pills-mdma-online-kaufen\/","title":{"rendered":"Comprar Pastillas Tesla Azul MDMA Online"},"content":{"rendered":"<h2 data-start=\"131\" data-end=\"221\">Comprar pastillas Blue Tesla MDMA en l\u00ednea: Premium para el desarrollo cognitivo y emocional<\/h2>\n<h2 data-start=\"223\" data-end=\"238\">introducci\u00f3n<\/h2>\n<p data-start=\"240\" data-end=\"678\">Con la creciente demanda de mejora del rendimiento cognitivo, <a href=\"https:\/\/chemgramx.com\/product\/blue-tesla-pills-mdma\/\">Comprar Blue Tesla Pills MDMA en l\u00ednea<\/a> Se ha consolidado como una opci\u00f3n l\u00edder para quienes buscan mejorar su claridad mental, estado de \u00e1nimo y conexi\u00f3n emocional. Conocido por sus efectos potentes y consistentes, este producto ofrece una experiencia potente y equilibrada, y es especialmente popular entre usuarios experimentados que buscan resultados confiables.<\/p>\n<h3 data-start=\"680\" data-end=\"715\">\u00bfLas pastillas Blue Tesla eran MDMA?<\/h3>\n<p data-start=\"717\" data-end=\"1031\">P\u00edldoras Blue Tesla <a href=\"https:\/\/en.wikipedia.org\/wiki\/MDMA\">MDMA<\/a> en venta son formulaciones de alta calidad de 3,4-metilendioxi-N-metilanfetamina (MDMA), dise\u00f1adas para una dosificaci\u00f3n precisa y efectos psicoactivos consistentemente intensos. Las pastillas Blue Tesla Pills MDMA ofrecen resultados fiables en t\u00e9rminos de euforia, empat\u00eda y claridad mental.<\/p>\n<h3 data-start=\"1033\" data-end=\"1070\">Perfil qu\u00edmico e historia<\/h3>\n<p data-start=\"1072\" data-end=\"1428\">El MDMA se sintetiz\u00f3 por primera vez a principios del siglo XX y es conocido por su capacidad para promover la empat\u00eda, la apertura emocional y la funci\u00f3n cognitiva. Comprar pastillas Blue Tesla de MDMA a proveedores confiables garantiza su pureza y potencia, por lo que son especialmente valoradas en la comunidad de la mejora cognitiva.<\/p>\n<h3 data-start=\"1430\" data-end=\"1448\">Modo de acci\u00f3n<\/h3>\n<p data-start=\"1450\" data-end=\"1580\">Las pastillas Blue Tesla MDMA promueven la liberaci\u00f3n de neurotransmisores como la serotonina, la dopamina y la noradrenalina. Esto produce:<\/p>\n<ul data-start=\"1582\" data-end=\"1701\">\n<li data-start=\"1582\" data-end=\"1607\">\n<p data-start=\"1584\" data-end=\"1607\">Estado de \u00e1nimo mejorado<\/p>\n<\/li>\n<li data-start=\"1608\" data-end=\"1642\">\n<p data-start=\"1610\" data-end=\"1642\">Aumento del estado de alerta mental<\/p>\n<\/li>\n<li data-start=\"1643\" data-end=\"1668\">\n<p data-start=\"1645\" data-end=\"1668\">Mayor empat\u00eda<\/p>\n<\/li>\n<li data-start=\"1669\" data-end=\"1701\">\n<p data-start=\"1671\" data-end=\"1701\">Lazos sociales m\u00e1s fuertes<\/p>\n<\/li>\n<\/ul>\n<p data-start=\"1703\" data-end=\"1835\">El MDMA tambi\u00e9n puede tener efectos neuroprotectores al promover la plasticidad sin\u00e1ptica y la salud cognitiva.<\/p>\n<h3 data-start=\"1837\" data-end=\"1876\">Beneficios de las pastillas Blue Tesla MDMA<\/h3>\n<ul data-start=\"1878\" data-end=\"2083\">\n<li data-start=\"1878\" data-end=\"1915\">\n<p data-start=\"1880\" data-end=\"1915\">Conexi\u00f3n emocional mejorada<\/p>\n<\/li>\n<li data-start=\"1916\" data-end=\"1961\">\n<p data-start=\"1918\" data-end=\"1961\">Funciones cognitivas y concentraci\u00f3n optimizadas<\/p>\n<\/li>\n<li data-start=\"1962\" data-end=\"1994\">\n<p data-start=\"1964\" data-end=\"1994\">Aumento del estado de \u00e1nimo y la energ\u00eda<\/p>\n<\/li>\n<li data-start=\"1995\" data-end=\"2043\">\n<p data-start=\"1997\" data-end=\"2043\">Dosis constante para efectos fiables<\/p>\n<\/li>\n<li data-start=\"2044\" data-end=\"2083\">\n<p data-start=\"2046\" data-end=\"2083\">Posibles efectos neuroprotectores<\/p>\n<\/li>\n<\/ul>\n<h3 data-start=\"2085\" data-end=\"2106\">Posibles efectos<\/h3>\n<p data-start=\"2108\" data-end=\"2132\">Los usuarios informan sobre:<\/p>\n<ul data-start=\"2134\" data-end=\"2331\">\n<li data-start=\"2134\" data-end=\"2175\">\n<p data-start=\"2136\" data-end=\"2175\">Mayor empat\u00eda y calidez emocional.<\/p>\n<\/li>\n<li data-start=\"2176\" data-end=\"2220\">\n<p data-start=\"2178\" data-end=\"2220\">Mayor energ\u00eda y concentraci\u00f3n<\/p>\n<\/li>\n<li data-start=\"2221\" data-end=\"2279\">\n<p data-start=\"2223\" data-end=\"2279\">Tensi\u00f3n temporal de la mand\u00edbula o rechinamiento de dientes<\/p>\n<\/li>\n<li data-start=\"2280\" data-end=\"2331\">\n<p data-start=\"2282\" data-end=\"2331\">Ligero aumento de la frecuencia card\u00edaca y la presi\u00f3n arterial.<\/p>\n<\/li>\n<\/ul>\n<p data-start=\"2333\" data-end=\"2449\">El consumo responsable seg\u00fan las pautas de dosificaci\u00f3n es crucial para la seguridad y resultados \u00f3ptimos.<\/p>\n<h3 data-start=\"2451\" data-end=\"2506\">Formas disponibles de Blue Tesla Pills MDMA en l\u00ednea<\/h3>\n<ul data-start=\"2508\" data-end=\"2694\">\n<li data-start=\"2508\" data-end=\"2570\">\n<p data-start=\"2510\" data-end=\"2570\">Polvo: Dosis flexible y m\u00e9todos de administraci\u00f3n preferidos.<\/p>\n<\/li>\n<li data-start=\"2571\" data-end=\"2628\">\n<p data-start=\"2573\" data-end=\"2628\">C\u00e1psulas: Dosis premedidas para un uso discreto.<\/p>\n<\/li>\n<li data-start=\"2629\" data-end=\"2694\">\n<p data-start=\"2631\" data-end=\"2694\">Comprimidos sublinguales: Absorci\u00f3n y inicio de acci\u00f3n m\u00e1s r\u00e1pidos.<\/p>\n<\/li>\n<\/ul>\n<h3 data-start=\"2696\" data-end=\"2719\">Estatus legal<\/h3>\n<p data-start=\"2721\" data-end=\"2983\">La legalidad de la MDMA, incluidas las Blue Tesla Pills MDMAonline kaufen, var\u00eda en todo el mundo. En pa\u00edses como EE.UU., Reino Unido y la UE, la MDMA es una sustancia controlada. Antes de comprar, debes comprobar las leyes locales para evitar riesgos.<\/p>\n<h3 data-start=\"2985\" data-end=\"3028\">\u00bfC\u00f3mo elegir un proveedor con buena reputaci\u00f3n?<\/h3>\n<p data-start=\"3030\" data-end=\"3094\">Al comprar pastillas Blue Tesla MDMA en l\u00ednea, preste atenci\u00f3n a:<\/p>\n<ul data-start=\"3096\" data-end=\"3326\">\n<li data-start=\"3096\" data-end=\"3167\">\n<p data-start=\"3098\" data-end=\"3167\">Pruebas de laboratorio transparentes para confirmar la pureza y la seguridad.<\/p>\n<\/li>\n<li data-start=\"3168\" data-end=\"3209\">\n<p data-start=\"3170\" data-end=\"3209\">M\u00e9todos de pago seguros y discretos<\/p>\n<\/li>\n<li data-start=\"3210\" data-end=\"3272\">\n<p data-start=\"3212\" data-end=\"3272\">Rese\u00f1as positivas de los clientes y un servicio al cliente confiable.<\/p>\n<\/li>\n<li data-start=\"3273\" data-end=\"3326\">\n<p data-start=\"3275\" data-end=\"3326\">Informaci\u00f3n detallada del producto y la dosis<\/p>\n<\/li>\n<\/ul>\n<p data-start=\"3328\" data-end=\"3424\">Un proveedor confiable garantiza la autenticidad, seguridad y satisfacci\u00f3n del producto.<\/p>\n<h3 data-start=\"3426\" data-end=\"3436\">Conclusi\u00f3n<\/h3>\n<p data-start=\"3438\" data-end=\"3862\">Comprar Blue Tesla Pills MDMA es una elecci\u00f3n de primera clase para cualquiera que quiera mejorar sus capacidades cognitivas y emocionales. Con efectos equilibrados, alta pureza y dosificaci\u00f3n consistente, el producto es ideal para usuarios experimentados. Encuentra el mejor lugar para comprar Blue Tesla Pills MDMA online y comienza hoy mismo tu viaje hacia una mayor claridad mental y conectividad emocional.<\/p>","protected":false},"excerpt":{"rendered":"<p><strong>Pastillas Blue Tesla MDMA<\/strong>\u00a0ofrece la dosis ideal para una euforia de alta calidad y una energ\u00eda duradera. Cada comprimido se prueba cuidadosamente, garantizando la m\u00e1xima seguridad y pureza. Ideal para usuarios experimentados que buscan efectos potentes para festivales, fiestas o veladas relajadas. Vive una experiencia inolvidable con Blue Tesla Pills.<\/p>","protected":false},"featured_media":8821,"comment_status":"open","ping_status":"closed","template":"","meta":{"_joinchat":[]},"product_brand":[],"product_cat":[2846],"product_tag":[2345,2348,2344,2346,2017,2164,2347,2018,2015,2148],"class_list":{"0":"post-8786","1":"product","2":"type-product","3":"status-publish","4":"has-post-thumbnail","6":"product_cat-ecstasy-pills","7":"product_tag-blue-tesla-mdma","8":"product_tag-blue-tesla-mdma-kaufen","9":"product_tag-blue-tesla-pills","10":"product_tag-mdma-blue-tesla","11":"product_tag-mdma-kristalle","12":"product_tag-mdma-online-kaufen","13":"product_tag-mdma-pillen-kaufen","14":"product_tag-mdma-zum-verkauf","15":"product_tag-synthetische-drogen","16":"product_tag-tesla-pills-mdma","18":"first","19":"instock","20":"shipping-taxable","21":"purchasable","22":"product-type-variable"},"yoast_head":"<!-- This site is optimized with the Yoast SEO plugin v27.5 - https:\/\/yoast.com\/product\/yoast-seo-wordpress\/ -->\n<title>Blue Tesla Pills MDMA online Kaufen | Chemgramx<\/title>\n<meta name=\"description\" content=\"In unserem Chemgramx-Shop k\u00f6nnen Sie Blue Tesla Pills MDMA zu g\u00fcnstigen Preisen kaufen. Wir handeln ausschlie\u00dflich mit Produkten der Klasse A. Kaufen Sie Blue Tesla Pills MDMA jetzt online in unserem Shop mit schnellem und sicherem Versandservice.\" \/>\n<meta name=\"robots\" content=\"index, follow, max-snippet:-1, max-image-preview:large, max-video-preview:-1\" \/>\n<link rel=\"canonical\" href=\"https:\/\/chemgramx.com\/es\/producto-1\/comprar-pastillas-tesla-azul-mdma-online\/\" \/>\n<meta property=\"og:locale\" content=\"es_ES\" \/>\n<meta property=\"og:type\" content=\"article\" \/>\n<meta property=\"og:title\" content=\"Blue Tesla Pills MDMA online Kaufen | Chemgramx\" \/>\n<meta property=\"og:description\" content=\"In unserem Chemgramx-Shop k\u00f6nnen Sie Blue Tesla Pills MDMA zu g\u00fcnstigen Preisen kaufen. Wir handeln ausschlie\u00dflich mit Produkten der Klasse A. Kaufen Sie Blue Tesla Pills MDMA jetzt online in unserem Shop mit schnellem und sicherem Versandservice.\" \/>\n<meta property=\"og:url\" content=\"https:\/\/chemgramx.com\/es\/producto-1\/comprar-pastillas-tesla-azul-mdma-online\/\" \/>\n<meta property=\"og:site_name\" content=\"Chemgramx\" \/>\n<meta property=\"article:modified_time\" content=\"2025-12-11T01:06:01+00:00\" \/>\n<meta property=\"og:image\" content=\"https:\/\/chemgramx.com\/wp-content\/uploads\/2025\/12\/p-9.png\" \/>\n\t<meta property=\"og:image:width\" content=\"600\" \/>\n\t<meta property=\"og:image:height\" content=\"400\" \/>\n\t<meta property=\"og:image:type\" content=\"image\/png\" \/>\n<meta name=\"twitter:card\" content=\"summary_large_image\" \/>\n<meta name=\"twitter:label1\" content=\"Tiempo de lectura\" \/>\n\t<meta name=\"twitter:data1\" content=\"3 minutos\" \/>\n<script type=\"application\/ld+json\" class=\"yoast-schema-graph\">{\"@context\":\"https:\\\/\\\/schema.org\",\"@graph\":[{\"@type\":\"WebPage\",\"@id\":\"https:\\\/\\\/chemgramx.com\\\/product\\\/blue-tesla-pills-mdma-online-kaufen\\\/\",\"url\":\"https:\\\/\\\/chemgramx.com\\\/product\\\/blue-tesla-pills-mdma-online-kaufen\\\/\",\"name\":\"Blue Tesla Pills MDMA online Kaufen | Chemgramx\",\"isPartOf\":{\"@id\":\"https:\\\/\\\/chemgramx.com\\\/#website\"},\"primaryImageOfPage\":{\"@id\":\"https:\\\/\\\/chemgramx.com\\\/product\\\/blue-tesla-pills-mdma-online-kaufen\\\/#primaryimage\"},\"image\":{\"@id\":\"https:\\\/\\\/chemgramx.com\\\/product\\\/blue-tesla-pills-mdma-online-kaufen\\\/#primaryimage\"},\"thumbnailUrl\":\"https:\\\/\\\/chemgramx.com\\\/wp-content\\\/uploads\\\/2025\\\/12\\\/p-9.png\",\"datePublished\":\"2025-12-11T01:04:48+00:00\",\"dateModified\":\"2025-12-11T01:06:01+00:00\",\"description\":\"In unserem Chemgramx-Shop k\u00f6nnen Sie Blue Tesla Pills MDMA zu g\u00fcnstigen Preisen kaufen. Wir handeln ausschlie\u00dflich mit Produkten der Klasse A. Kaufen Sie Blue Tesla Pills MDMA jetzt online in unserem Shop mit schnellem und sicherem Versandservice.\",\"breadcrumb\":{\"@id\":\"https:\\\/\\\/chemgramx.com\\\/product\\\/blue-tesla-pills-mdma-online-kaufen\\\/#breadcrumb\"},\"inLanguage\":\"es\",\"potentialAction\":[{\"@type\":\"ReadAction\",\"target\":[\"https:\\\/\\\/chemgramx.com\\\/product\\\/blue-tesla-pills-mdma-online-kaufen\\\/\"]}]},{\"@type\":\"ImageObject\",\"inLanguage\":\"es\",\"@id\":\"https:\\\/\\\/chemgramx.com\\\/product\\\/blue-tesla-pills-mdma-online-kaufen\\\/#primaryimage\",\"url\":\"https:\\\/\\\/chemgramx.com\\\/wp-content\\\/uploads\\\/2025\\\/12\\\/p-9.png\",\"contentUrl\":\"https:\\\/\\\/chemgramx.com\\\/wp-content\\\/uploads\\\/2025\\\/12\\\/p-9.png\",\"width\":600,\"height\":400},{\"@type\":\"BreadcrumbList\",\"@id\":\"https:\\\/\\\/chemgramx.com\\\/product\\\/blue-tesla-pills-mdma-online-kaufen\\\/#breadcrumb\",\"itemListElement\":[{\"@type\":\"ListItem\",\"position\":1,\"name\":\"Home\",\"item\":\"https:\\\/\\\/chemgramx.com\\\/\"},{\"@type\":\"ListItem\",\"position\":2,\"name\":\"Shop\",\"item\":\"https:\\\/\\\/chemgramx.com\\\/shop\\\/\"},{\"@type\":\"ListItem\",\"position\":3,\"name\":\"Blue Tesla Pills MDMA Online kaufen\"}]},{\"@type\":\"WebSite\",\"@id\":\"https:\\\/\\\/chemgramx.com\\\/#website\",\"url\":\"https:\\\/\\\/chemgramx.com\\\/\",\"name\":\"Chemgramx\",\"description\":\"\",\"publisher\":{\"@id\":\"https:\\\/\\\/chemgramx.com\\\/#organization\"},\"potentialAction\":[{\"@type\":\"SearchAction\",\"target\":{\"@type\":\"EntryPoint\",\"urlTemplate\":\"https:\\\/\\\/chemgramx.com\\\/?s={search_term_string}\"},\"query-input\":{\"@type\":\"PropertyValueSpecification\",\"valueRequired\":true,\"valueName\":\"search_term_string\"}}],\"inLanguage\":\"es\"},{\"@type\":\"Organization\",\"@id\":\"https:\\\/\\\/chemgramx.com\\\/#organization\",\"name\":\"Chemgramx\",\"url\":\"https:\\\/\\\/chemgramx.com\\\/\",\"logo\":{\"@type\":\"ImageObject\",\"inLanguage\":\"es\",\"@id\":\"https:\\\/\\\/chemgramx.com\\\/#\\\/schema\\\/logo\\\/image\\\/\",\"url\":\"https:\\\/\\\/chemgramx.com\\\/wp-content\\\/uploads\\\/2024\\\/10\\\/final-logo.png\",\"contentUrl\":\"https:\\\/\\\/chemgramx.com\\\/wp-content\\\/uploads\\\/2024\\\/10\\\/final-logo.png\",\"width\":250,\"height\":48,\"caption\":\"Chemgramx\"},\"image\":{\"@id\":\"https:\\\/\\\/chemgramx.com\\\/#\\\/schema\\\/logo\\\/image\\\/\"}}]}<\/script>\n<!-- \/ Yoast SEO plugin. -->","yoast_head_json":{"title":"Comprar pastillas Blue Tesla MDMA online | Chemgramx","description":"En nuestra tienda Chemgramx, puedes comprar Blue Tesla Pills MDMA a precios asequibles. Solo trabajamos con productos de clase A. Compra Blue Tesla Pills MDMA online ahora en nuestra tienda con env\u00edo r\u00e1pido y seguro.","robots":{"index":"index","follow":"follow","max-snippet":"max-snippet:-1","max-image-preview":"max-image-preview:large","max-video-preview":"max-video-preview:-1"},"canonical":"https:\/\/chemgramx.com\/es\/producto-1\/comprar-pastillas-tesla-azul-mdma-online\/","og_locale":"es_ES","og_type":"article","og_title":"Blue Tesla Pills MDMA online Kaufen | Chemgramx","og_description":"In unserem Chemgramx-Shop k\u00f6nnen Sie Blue Tesla Pills MDMA zu g\u00fcnstigen Preisen kaufen. Wir handeln ausschlie\u00dflich mit Produkten der Klasse A. Kaufen Sie Blue Tesla Pills MDMA jetzt online in unserem Shop mit schnellem und sicherem Versandservice.","og_url":"https:\/\/chemgramx.com\/es\/producto-1\/comprar-pastillas-tesla-azul-mdma-online\/","og_site_name":"Chemgramx","article_modified_time":"2025-12-11T01:06:01+00:00","og_image":[{"width":600,"height":400,"url":"https:\/\/chemgramx.com\/wp-content\/uploads\/2025\/12\/p-9.png","type":"image\/png"}],"twitter_card":"summary_large_image","twitter_misc":{"Tiempo de lectura":"3 minutos"},"schema":{"@context":"https:\/\/schema.org","@graph":[{"@type":"WebPage","@id":"https:\/\/chemgramx.com\/product\/blue-tesla-pills-mdma-online-kaufen\/","url":"https:\/\/chemgramx.com\/product\/blue-tesla-pills-mdma-online-kaufen\/","name":"Comprar pastillas Blue Tesla MDMA online | Chemgramx","isPartOf":{"@id":"https:\/\/chemgramx.com\/#website"},"primaryImageOfPage":{"@id":"https:\/\/chemgramx.com\/product\/blue-tesla-pills-mdma-online-kaufen\/#primaryimage"},"image":{"@id":"https:\/\/chemgramx.com\/product\/blue-tesla-pills-mdma-online-kaufen\/#primaryimage"},"thumbnailUrl":"https:\/\/chemgramx.com\/wp-content\/uploads\/2025\/12\/p-9.png","datePublished":"2025-12-11T01:04:48+00:00","dateModified":"2025-12-11T01:06:01+00:00","description":"En nuestra tienda Chemgramx, puedes comprar Blue Tesla Pills MDMA a precios asequibles. Solo trabajamos con productos de clase A. Compra Blue Tesla Pills MDMA online ahora en nuestra tienda con env\u00edo r\u00e1pido y seguro.","breadcrumb":{"@id":"https:\/\/chemgramx.com\/product\/blue-tesla-pills-mdma-online-kaufen\/#breadcrumb"},"inLanguage":"es","potentialAction":[{"@type":"ReadAction","target":["https:\/\/chemgramx.com\/product\/blue-tesla-pills-mdma-online-kaufen\/"]}]},{"@type":"ImageObject","inLanguage":"es","@id":"https:\/\/chemgramx.com\/product\/blue-tesla-pills-mdma-online-kaufen\/#primaryimage","url":"https:\/\/chemgramx.com\/wp-content\/uploads\/2025\/12\/p-9.png","contentUrl":"https:\/\/chemgramx.com\/wp-content\/uploads\/2025\/12\/p-9.png","width":600,"height":400},{"@type":"BreadcrumbList","@id":"https:\/\/chemgramx.com\/product\/blue-tesla-pills-mdma-online-kaufen\/#breadcrumb","itemListElement":[{"@type":"ListItem","position":1,"name":"Home","item":"https:\/\/chemgramx.com\/"},{"@type":"ListItem","position":2,"name":"Shop","item":"https:\/\/chemgramx.com\/shop\/"},{"@type":"ListItem","position":3,"name":"Blue Tesla Pills MDMA Online kaufen"}]},{"@type":"WebSite","@id":"https:\/\/chemgramx.com\/#website","url":"https:\/\/chemgramx.com\/","name":"Chemgramx","description":"","publisher":{"@id":"https:\/\/chemgramx.com\/#organization"},"potentialAction":[{"@type":"SearchAction","target":{"@type":"EntryPoint","urlTemplate":"https:\/\/chemgramx.com\/?s={search_term_string}"},"query-input":{"@type":"PropertyValueSpecification","valueRequired":true,"valueName":"search_term_string"}}],"inLanguage":"es"},{"@type":"Organization","@id":"https:\/\/chemgramx.com\/#organization","name":"Chemgramx","url":"https:\/\/chemgramx.com\/","logo":{"@type":"ImageObject","inLanguage":"es","@id":"https:\/\/chemgramx.com\/#\/schema\/logo\/image\/","url":"https:\/\/chemgramx.com\/wp-content\/uploads\/2024\/10\/final-logo.png","contentUrl":"https:\/\/chemgramx.com\/wp-content\/uploads\/2024\/10\/final-logo.png","width":250,"height":48,"caption":"Chemgramx"},"image":{"@id":"https:\/\/chemgramx.com\/#\/schema\/logo\/image\/"}}]}},"_links":{"self":[{"href":"https:\/\/chemgramx.com\/es\/wp-json\/wp\/v2\/product\/8786","targetHints":{"allow":["GET"]}}],"collection":[{"href":"https:\/\/chemgramx.com\/es\/wp-json\/wp\/v2\/product"}],"about":[{"href":"https:\/\/chemgramx.com\/es\/wp-json\/wp\/v2\/types\/product"}],"replies":[{"embeddable":true,"href":"https:\/\/chemgramx.com\/es\/wp-json\/wp\/v2\/comments?post=8786"}],"wp:featuredmedia":[{"embeddable":true,"href":"https:\/\/chemgramx.com\/es\/wp-json\/wp\/v2\/media\/8821"}],"wp:attachment":[{"href":"https:\/\/chemgramx.com\/es\/wp-json\/wp\/v2\/media?parent=8786"}],"wp:term":[{"taxonomy":"product_brand","embeddable":true,"href":"https:\/\/chemgramx.com\/es\/wp-json\/wp\/v2\/product_brand?post=8786"},{"taxonomy":"product_cat","embeddable":true,"href":"https:\/\/chemgramx.com\/es\/wp-json\/wp\/v2\/product_cat?post=8786"},{"taxonomy":"product_tag","embeddable":true,"href":"https:\/\/chemgramx.com\/es\/wp-json\/wp\/v2\/product_tag?post=8786"}],"curies":[{"name":"wp","href":"https:\/\/api.w.org\/{rel}","templated":true}]}}