{"id":8787,"date":"2025-12-11T01:04:48","date_gmt":"2025-12-11T01:04:48","guid":{"rendered":"https:\/\/chemgramx.com\/?post_type=product&#038;p=8787"},"modified":"2025-12-11T01:06:19","modified_gmt":"2025-12-11T01:06:19","slug":"comprar-toyotas-azules-160mg-mdma-online","status":"publish","type":"product","link":"https:\/\/chemgramx.com\/es\/product\/blue-toyotas-160mg-mdma-online-kaufen\/","title":{"rendered":"Comprar Blue Toyotas 160mg MDMA online"},"content":{"rendered":"<h2 data-start=\"124\" data-end=\"171\">Descripci\u00f3n del producto Blue Toyotas 160 mg MDMA<\/h2>\n<h2 data-start=\"173\" data-end=\"188\">introducci\u00f3n<\/h2>\n<p data-start=\"190\" data-end=\"710\">Blue Toyotas 160mg MDMA comprar online se ha convertido r\u00e1pidamente en una de las favoritas entre los entusiastas de la mejora cognitiva y los usuarios recreativos por igual. Conocida por su potencia fiable y sus efectos equilibrados, esta variante de MDMA ofrece una experiencia \u00fanica que combina claridad mental, apertura emocional y energ\u00eda euf\u00f3rica. Tanto si eres nuevo en la MDMA como si tienes experiencia, <a href=\"https:\/\/chemgramx.com\/product\/blue-toyotas-160-mg-mdma\/\">Comprar Blue Toyotas 160mg MDMA online<\/a> Ofrece resultados consistentes y es popular en los mercados en l\u00ednea de todo el mundo.<\/p>\n<h3 data-start=\"712\" data-end=\"763\">\u00bfQu\u00e9 hace que el MDMA de 160 mg de Blue Toyota sea \u00fanico?<\/h3>\n<h3 data-start=\"765\" data-end=\"796\">Composici\u00f3n qu\u00edmica<\/h3>\n<p data-start=\"798\" data-end=\"1086\">El MDMA de 160 mg de Blue Toyota es una formulaci\u00f3n de alta calidad de 3,4-metilendioximetanfetamina, dosificada con precisi\u00f3n a 160 mg por unidad. Fabricado bajo estrictos controles de calidad, este producto garantiza pureza, seguridad y potencia para una experiencia psicoactiva \u00f3ptima.<\/p>\n<h3 data-start=\"1088\" data-end=\"1126\">Efecto y dosis recomendada<\/h3>\n<p data-start=\"1128\" data-end=\"1517\">Experimente una mayor empat\u00eda, mejor estado de \u00e1nimo, mayor concentraci\u00f3n cognitiva y una euforia suave pero vigorizante. La dosis de 160 mg es ideal para quienes buscan una experiencia equilibrada: lo suficientemente potente como para producir efectos notables, pero manteniendo el control y la claridad. Los principiantes siempre deben comenzar con una dosis m\u00e1s baja y administrarla con responsabilidad.<\/p>\n<h3 data-start=\"1519\" data-end=\"1580\">\u00bfEs seguro comprar MDMA 160 mg de Blue Toyota en l\u00ednea?<\/h3>\n<h3 data-start=\"1582\" data-end=\"1634\">Consejos de seguridad y revisi\u00f3n del proveedor<\/h3>\n<p data-start=\"1636\" data-end=\"1903\">La compra de Blue Toyotas 160mg <a href=\"https:\/\/en.wikipedia.org\/wiki\/MDMA\">MDMA<\/a> Comprar en l\u00ednea requiere precauci\u00f3n. Aseg\u00farese de elegir proveedores que proporcionen informes de laboratorio transparentes sobre la pureza y seguridad del producto. Evite vendedores con precios sospechosamente bajos o informaci\u00f3n poco clara sobre el producto.<\/p>\n<h3 data-start=\"2183\" data-end=\"2223\">\u00bfC\u00f3mo reconocer a los vendedores confiables?<\/h3>\n<p data-start=\"2225\" data-end=\"2257\">Los proveedores con buena reputaci\u00f3n suelen ofrecer:<\/p>\n<ul data-start=\"2259\" data-end=\"2488\">\n<li data-start=\"2259\" data-end=\"2300\">\n<p data-start=\"2261\" data-end=\"2300\">M\u00e9todos de pago seguros y discretos<\/p>\n<\/li>\n<li data-start=\"2301\" data-end=\"2340\">\n<p data-start=\"2303\" data-end=\"2340\">Env\u00edo fiable y r\u00e1pido<\/p>\n<\/li>\n<li data-start=\"2341\" data-end=\"2377\">\n<p data-start=\"2343\" data-end=\"2377\">Servicio al cliente receptivo<\/p>\n<\/li>\n<li data-start=\"2438\" data-end=\"2488\">\n<p data-start=\"2440\" data-end=\"2488\">Instrucciones de dosificaci\u00f3n claras y detalles del producto.<\/p>\n<\/li>\n<\/ul>\n<h3 data-start=\"2490\" data-end=\"2524\">Panorama de la situaci\u00f3n jur\u00eddica<\/h3>\n<p data-start=\"2526\" data-end=\"2943\">La legalidad de la MDMA de 160 mg de Blue Toyota var\u00eda seg\u00fan el pa\u00eds. En EE. UU., el Reino Unido, la UE y muchas otras regiones, la MDMA es una sustancia controlada, y su compra o posesi\u00f3n no autorizada puede ser ilegal. Algunos pa\u00edses permiten excepciones para fines m\u00e9dicos o de investigaci\u00f3n. Consulte siempre la legislaci\u00f3n local antes de realizar un pedido para evitar riesgos legales.<\/p>\n<h3 data-start=\"2945\" data-end=\"2998\">Diferentes formas de productos y c\u00f3mo elegir<\/h3>\n<ul data-start=\"3000\" data-end=\"3198\">\n<li data-start=\"3000\" data-end=\"3070\">\n<p data-start=\"3002\" data-end=\"3070\">Polvo: dosificaci\u00f3n flexible y aplicaciones vers\u00e1tiles.<\/p>\n<\/li>\n<li data-start=\"3071\" data-end=\"3121\">\n<p data-start=\"3073\" data-end=\"3121\">C\u00e1psulas: Pr\u00e1cticas, pre-porcionadas y discretas<\/p>\n<\/li>\n<li data-start=\"3122\" data-end=\"3198\">\n<p data-start=\"3124\" data-end=\"3198\">Comprimidos sublinguales: Absorci\u00f3n m\u00e1s r\u00e1pida e inicio de acci\u00f3n m\u00e1s r\u00e1pido.<\/p>\n<\/li>\n<\/ul>\n<p data-start=\"3200\" data-end=\"3288\">La elecci\u00f3n depende de tus preferencias personales y del m\u00e9todo de consumo deseado.<\/p>\n<h3 data-start=\"3290\" data-end=\"3309\">Resumen de precios<\/h3>\n<p data-start=\"3311\" data-end=\"3592\">Los precios de Blue Toyotas 160 mg MDMA var\u00edan seg\u00fan el proveedor, la pureza y la cantidad. Las ofertas baratas pueden ser tentadoras, pero la calidad y la seguridad siempre deben tener prioridad. Busca una relaci\u00f3n calidad-precio justa que garantice la autenticidad.<\/p>\n<h3 data-start=\"3594\" data-end=\"3656\">\u00bfC\u00f3mo utilizar de forma responsable el MDMA de 160 mg de Blue Toyota?<\/h3>\n<ul data-start=\"3658\" data-end=\"3956\">\n<li data-start=\"3658\" data-end=\"3707\">\n<p data-start=\"3660\" data-end=\"3707\">Siga cuidadosamente las recomendaciones de dosificaci\u00f3n<\/p>\n<\/li>\n<li data-start=\"3708\" data-end=\"3776\">\n<p data-start=\"3710\" data-end=\"3776\">Aseg\u00farese de una ingesta de l\u00edquidos adecuada, pero no excesiva.<\/p>\n<\/li>\n<li data-start=\"3777\" data-end=\"3824\">\n<p data-start=\"3779\" data-end=\"3824\">Evitar mezclar con otras sustancias.<\/p>\n<\/li>\n<li data-start=\"3825\" data-end=\"3891\">\n<p data-start=\"3827\" data-end=\"3891\">Garantizar un entorno seguro y confortable durante el consumo.<\/p>\n<\/li>\n<\/ul>\n<p data-start=\"3958\" data-end=\"4036\">El uso responsable maximiza los beneficios y minimiza los riesgos.<\/p>\n<h3 data-start=\"4038\" data-end=\"4093\">\u00bfD\u00f3nde puedo comprar MDMA 160 mg de Blue Toyota en l\u00ednea?<\/h3>\n<p data-start=\"4095\" data-end=\"4406\">Para obtener la mejor experiencia, comprar Blue Toyotas 160mg MDMA a la venta s\u00f3lo de vendedores en l\u00ednea de confianza que ofrecen pruebas de laboratorio verificadas, opciones de pago seguras y comentarios positivos de los clientes. Evita los mercados de riesgo y presta siempre atenci\u00f3n a tu seguridad y al cumplimiento de los requisitos legales.<\/p>\n<h3 data-start=\"4408\" data-end=\"4418\">Conclusi\u00f3n<\/h3>\n<p data-start=\"4420\" data-end=\"4993\">Blue Toyotas 160mg MDMA buy es una excelente opci\u00f3n para cualquiera que busque una mejora cognitiva y emocional fiable y de alta calidad. Con sus efectos equilibrados, dosificaci\u00f3n consistente y pureza premium, es una recomendaci\u00f3n superior en la comunidad MDMA. Para garantizar la seguridad y la satisfacci\u00f3n, comprar Blue Toyotas 160mg MDMA en l\u00ednea s\u00f3lo de fuentes de buena reputaci\u00f3n. Comience su viaje a una mayor claridad mental y la conexi\u00f3n emocional hoy por encontrar el mejor lugar para comprar Blue Toyotas 160mg MDMA en l\u00ednea.<\/p>","protected":false},"excerpt":{"rendered":"<p><strong>Toyotas azules 160 mg MDMA<\/strong>\u00a0ofrece una dosis equilibrada de MDMA puro para una experiencia potente y duradera. Ideal para usuarios experimentados que buscan euforia y energ\u00eda en eventos de baile o festivales. Cada pastilla se somete a rigurosas pruebas para asegurar su calidad y seguridad, garantizando fiabilidad y efectos intensos.<\/p>","protected":false},"featured_media":8822,"comment_status":"open","ping_status":"closed","template":"","meta":{"_joinchat":[]},"product_brand":[],"product_cat":[2846],"product_tag":[2322,2325,2326,2324,2321,2323,2017,2164,2018,2015],"class_list":{"0":"post-8787","1":"product","2":"type-product","3":"status-publish","4":"has-post-thumbnail","6":"product_cat-ecstasy-pills","7":"product_tag-160mg-mdma","8":"product_tag-160mg-mdma-kaufen","9":"product_tag-blue-toyotas-160mg","10":"product_tag-blue-toyotas-kaufen","11":"product_tag-blue-toyotas-mdma","12":"product_tag-mdma-160mg-kaufen","13":"product_tag-mdma-kristalle","14":"product_tag-mdma-online-kaufen","15":"product_tag-mdma-zum-verkauf","16":"product_tag-synthetische-drogen","18":"first","19":"instock","20":"shipping-taxable","21":"purchasable","22":"product-type-variable"},"yoast_head":"<!-- This site is optimized with the Yoast SEO plugin v27.5 - https:\/\/yoast.com\/product\/yoast-seo-wordpress\/ -->\n<title>Blue Toyotas 160 mg MDMA zu verkaufen | Chemgramx<\/title>\n<meta name=\"description\" content=\"Sie k\u00f6nnen jetzt Blue Toyotas 160 mg MDMA zu g\u00fcnstigen Preisen in unserem Top-Chemgramx-Shop kaufen. Unsere Mitarbeiter helfen Ihnen, Blue Toyotas 160 mg MDMA online zu den besten Preisen zu kaufen. Bestellen Sie Blue Toyotas 160 mg MDMA noch heute online mit weltweitem Versand!\" \/>\n<meta name=\"robots\" content=\"index, follow, max-snippet:-1, max-image-preview:large, max-video-preview:-1\" \/>\n<link rel=\"canonical\" href=\"https:\/\/chemgramx.com\/es\/producto-1\/comprar-toyotas-azules-160mg-mdma-online\/\" \/>\n<meta property=\"og:locale\" content=\"es_ES\" \/>\n<meta property=\"og:type\" content=\"article\" \/>\n<meta property=\"og:title\" content=\"Blue Toyotas 160 mg MDMA zu verkaufen | Chemgramx\" \/>\n<meta property=\"og:description\" content=\"Sie k\u00f6nnen jetzt Blue Toyotas 160 mg MDMA zu g\u00fcnstigen Preisen in unserem Top-Chemgramx-Shop kaufen. Unsere Mitarbeiter helfen Ihnen, Blue Toyotas 160 mg MDMA online zu den besten Preisen zu kaufen. Bestellen Sie Blue Toyotas 160 mg MDMA noch heute online mit weltweitem Versand!\" \/>\n<meta property=\"og:url\" content=\"https:\/\/chemgramx.com\/es\/producto-1\/comprar-toyotas-azules-160mg-mdma-online\/\" \/>\n<meta property=\"og:site_name\" content=\"Chemgramx\" \/>\n<meta property=\"article:modified_time\" content=\"2025-12-11T01:06:19+00:00\" \/>\n<meta property=\"og:image\" content=\"https:\/\/chemgramx.com\/wp-content\/uploads\/2025\/12\/p-10.png\" \/>\n\t<meta property=\"og:image:width\" content=\"600\" \/>\n\t<meta property=\"og:image:height\" content=\"400\" \/>\n\t<meta property=\"og:image:type\" content=\"image\/png\" \/>\n<meta name=\"twitter:card\" content=\"summary_large_image\" \/>\n<meta name=\"twitter:label1\" content=\"Tiempo de lectura\" \/>\n\t<meta name=\"twitter:data1\" content=\"3 minutos\" \/>\n<script type=\"application\/ld+json\" class=\"yoast-schema-graph\">{\"@context\":\"https:\\\/\\\/schema.org\",\"@graph\":[{\"@type\":\"WebPage\",\"@id\":\"https:\\\/\\\/chemgramx.com\\\/product\\\/blue-toyotas-160mg-mdma-online-kaufen\\\/\",\"url\":\"https:\\\/\\\/chemgramx.com\\\/product\\\/blue-toyotas-160mg-mdma-online-kaufen\\\/\",\"name\":\"Blue Toyotas 160 mg MDMA zu verkaufen | Chemgramx\",\"isPartOf\":{\"@id\":\"https:\\\/\\\/chemgramx.com\\\/#website\"},\"primaryImageOfPage\":{\"@id\":\"https:\\\/\\\/chemgramx.com\\\/product\\\/blue-toyotas-160mg-mdma-online-kaufen\\\/#primaryimage\"},\"image\":{\"@id\":\"https:\\\/\\\/chemgramx.com\\\/product\\\/blue-toyotas-160mg-mdma-online-kaufen\\\/#primaryimage\"},\"thumbnailUrl\":\"https:\\\/\\\/chemgramx.com\\\/wp-content\\\/uploads\\\/2025\\\/12\\\/p-10.png\",\"datePublished\":\"2025-12-11T01:04:48+00:00\",\"dateModified\":\"2025-12-11T01:06:19+00:00\",\"description\":\"Sie k\u00f6nnen jetzt Blue Toyotas 160 mg MDMA zu g\u00fcnstigen Preisen in unserem Top-Chemgramx-Shop kaufen. Unsere Mitarbeiter helfen Ihnen, Blue Toyotas 160 mg MDMA online zu den besten Preisen zu kaufen. Bestellen Sie Blue Toyotas 160 mg MDMA noch heute online mit weltweitem Versand!\",\"breadcrumb\":{\"@id\":\"https:\\\/\\\/chemgramx.com\\\/product\\\/blue-toyotas-160mg-mdma-online-kaufen\\\/#breadcrumb\"},\"inLanguage\":\"es\",\"potentialAction\":[{\"@type\":\"ReadAction\",\"target\":[\"https:\\\/\\\/chemgramx.com\\\/product\\\/blue-toyotas-160mg-mdma-online-kaufen\\\/\"]}]},{\"@type\":\"ImageObject\",\"inLanguage\":\"es\",\"@id\":\"https:\\\/\\\/chemgramx.com\\\/product\\\/blue-toyotas-160mg-mdma-online-kaufen\\\/#primaryimage\",\"url\":\"https:\\\/\\\/chemgramx.com\\\/wp-content\\\/uploads\\\/2025\\\/12\\\/p-10.png\",\"contentUrl\":\"https:\\\/\\\/chemgramx.com\\\/wp-content\\\/uploads\\\/2025\\\/12\\\/p-10.png\",\"width\":600,\"height\":400},{\"@type\":\"BreadcrumbList\",\"@id\":\"https:\\\/\\\/chemgramx.com\\\/product\\\/blue-toyotas-160mg-mdma-online-kaufen\\\/#breadcrumb\",\"itemListElement\":[{\"@type\":\"ListItem\",\"position\":1,\"name\":\"Home\",\"item\":\"https:\\\/\\\/chemgramx.com\\\/\"},{\"@type\":\"ListItem\",\"position\":2,\"name\":\"Shop\",\"item\":\"https:\\\/\\\/chemgramx.com\\\/shop\\\/\"},{\"@type\":\"ListItem\",\"position\":3,\"name\":\"Blue Toyotas 160mg MDMA Online kaufen\"}]},{\"@type\":\"WebSite\",\"@id\":\"https:\\\/\\\/chemgramx.com\\\/#website\",\"url\":\"https:\\\/\\\/chemgramx.com\\\/\",\"name\":\"Chemgramx\",\"description\":\"\",\"publisher\":{\"@id\":\"https:\\\/\\\/chemgramx.com\\\/#organization\"},\"potentialAction\":[{\"@type\":\"SearchAction\",\"target\":{\"@type\":\"EntryPoint\",\"urlTemplate\":\"https:\\\/\\\/chemgramx.com\\\/?s={search_term_string}\"},\"query-input\":{\"@type\":\"PropertyValueSpecification\",\"valueRequired\":true,\"valueName\":\"search_term_string\"}}],\"inLanguage\":\"es\"},{\"@type\":\"Organization\",\"@id\":\"https:\\\/\\\/chemgramx.com\\\/#organization\",\"name\":\"Chemgramx\",\"url\":\"https:\\\/\\\/chemgramx.com\\\/\",\"logo\":{\"@type\":\"ImageObject\",\"inLanguage\":\"es\",\"@id\":\"https:\\\/\\\/chemgramx.com\\\/#\\\/schema\\\/logo\\\/image\\\/\",\"url\":\"https:\\\/\\\/chemgramx.com\\\/wp-content\\\/uploads\\\/2024\\\/10\\\/final-logo.png\",\"contentUrl\":\"https:\\\/\\\/chemgramx.com\\\/wp-content\\\/uploads\\\/2024\\\/10\\\/final-logo.png\",\"width\":250,\"height\":48,\"caption\":\"Chemgramx\"},\"image\":{\"@id\":\"https:\\\/\\\/chemgramx.com\\\/#\\\/schema\\\/logo\\\/image\\\/\"}}]}<\/script>\n<!-- \/ Yoast SEO plugin. -->","yoast_head_json":{"title":"Toyota Azul 160 mg MDMA a la venta | Chemgramx","description":"Ahora puede comprar Blue Toyotas 160 mg MDMA a precios bajos en nuestra tienda Chemgramx. Nuestro personal le ayudar\u00e1 a comprar Blue Toyotas 160 mg MDMA online a los mejores precios. \u00a1Pide Blue Toyotas 160 mg MDMA online hoy con env\u00edo mundial!","robots":{"index":"index","follow":"follow","max-snippet":"max-snippet:-1","max-image-preview":"max-image-preview:large","max-video-preview":"max-video-preview:-1"},"canonical":"https:\/\/chemgramx.com\/es\/producto-1\/comprar-toyotas-azules-160mg-mdma-online\/","og_locale":"es_ES","og_type":"article","og_title":"Blue Toyotas 160 mg MDMA zu verkaufen | Chemgramx","og_description":"Sie k\u00f6nnen jetzt Blue Toyotas 160 mg MDMA zu g\u00fcnstigen Preisen in unserem Top-Chemgramx-Shop kaufen. Unsere Mitarbeiter helfen Ihnen, Blue Toyotas 160 mg MDMA online zu den besten Preisen zu kaufen. Bestellen Sie Blue Toyotas 160 mg MDMA noch heute online mit weltweitem Versand!","og_url":"https:\/\/chemgramx.com\/es\/producto-1\/comprar-toyotas-azules-160mg-mdma-online\/","og_site_name":"Chemgramx","article_modified_time":"2025-12-11T01:06:19+00:00","og_image":[{"width":600,"height":400,"url":"https:\/\/chemgramx.com\/wp-content\/uploads\/2025\/12\/p-10.png","type":"image\/png"}],"twitter_card":"summary_large_image","twitter_misc":{"Tiempo de lectura":"3 minutos"},"schema":{"@context":"https:\/\/schema.org","@graph":[{"@type":"WebPage","@id":"https:\/\/chemgramx.com\/product\/blue-toyotas-160mg-mdma-online-kaufen\/","url":"https:\/\/chemgramx.com\/product\/blue-toyotas-160mg-mdma-online-kaufen\/","name":"Toyota Azul 160 mg MDMA a la venta | Chemgramx","isPartOf":{"@id":"https:\/\/chemgramx.com\/#website"},"primaryImageOfPage":{"@id":"https:\/\/chemgramx.com\/product\/blue-toyotas-160mg-mdma-online-kaufen\/#primaryimage"},"image":{"@id":"https:\/\/chemgramx.com\/product\/blue-toyotas-160mg-mdma-online-kaufen\/#primaryimage"},"thumbnailUrl":"https:\/\/chemgramx.com\/wp-content\/uploads\/2025\/12\/p-10.png","datePublished":"2025-12-11T01:04:48+00:00","dateModified":"2025-12-11T01:06:19+00:00","description":"Ahora puede comprar Blue Toyotas 160 mg MDMA a precios bajos en nuestra tienda Chemgramx. Nuestro personal le ayudar\u00e1 a comprar Blue Toyotas 160 mg MDMA online a los mejores precios. \u00a1Pide Blue Toyotas 160 mg MDMA online hoy con env\u00edo mundial!","breadcrumb":{"@id":"https:\/\/chemgramx.com\/product\/blue-toyotas-160mg-mdma-online-kaufen\/#breadcrumb"},"inLanguage":"es","potentialAction":[{"@type":"ReadAction","target":["https:\/\/chemgramx.com\/product\/blue-toyotas-160mg-mdma-online-kaufen\/"]}]},{"@type":"ImageObject","inLanguage":"es","@id":"https:\/\/chemgramx.com\/product\/blue-toyotas-160mg-mdma-online-kaufen\/#primaryimage","url":"https:\/\/chemgramx.com\/wp-content\/uploads\/2025\/12\/p-10.png","contentUrl":"https:\/\/chemgramx.com\/wp-content\/uploads\/2025\/12\/p-10.png","width":600,"height":400},{"@type":"BreadcrumbList","@id":"https:\/\/chemgramx.com\/product\/blue-toyotas-160mg-mdma-online-kaufen\/#breadcrumb","itemListElement":[{"@type":"ListItem","position":1,"name":"Home","item":"https:\/\/chemgramx.com\/"},{"@type":"ListItem","position":2,"name":"Shop","item":"https:\/\/chemgramx.com\/shop\/"},{"@type":"ListItem","position":3,"name":"Blue Toyotas 160mg MDMA Online kaufen"}]},{"@type":"WebSite","@id":"https:\/\/chemgramx.com\/#website","url":"https:\/\/chemgramx.com\/","name":"Chemgramx","description":"","publisher":{"@id":"https:\/\/chemgramx.com\/#organization"},"potentialAction":[{"@type":"SearchAction","target":{"@type":"EntryPoint","urlTemplate":"https:\/\/chemgramx.com\/?s={search_term_string}"},"query-input":{"@type":"PropertyValueSpecification","valueRequired":true,"valueName":"search_term_string"}}],"inLanguage":"es"},{"@type":"Organization","@id":"https:\/\/chemgramx.com\/#organization","name":"Chemgramx","url":"https:\/\/chemgramx.com\/","logo":{"@type":"ImageObject","inLanguage":"es","@id":"https:\/\/chemgramx.com\/#\/schema\/logo\/image\/","url":"https:\/\/chemgramx.com\/wp-content\/uploads\/2024\/10\/final-logo.png","contentUrl":"https:\/\/chemgramx.com\/wp-content\/uploads\/2024\/10\/final-logo.png","width":250,"height":48,"caption":"Chemgramx"},"image":{"@id":"https:\/\/chemgramx.com\/#\/schema\/logo\/image\/"}}]}},"_links":{"self":[{"href":"https:\/\/chemgramx.com\/es\/wp-json\/wp\/v2\/product\/8787","targetHints":{"allow":["GET"]}}],"collection":[{"href":"https:\/\/chemgramx.com\/es\/wp-json\/wp\/v2\/product"}],"about":[{"href":"https:\/\/chemgramx.com\/es\/wp-json\/wp\/v2\/types\/product"}],"replies":[{"embeddable":true,"href":"https:\/\/chemgramx.com\/es\/wp-json\/wp\/v2\/comments?post=8787"}],"wp:featuredmedia":[{"embeddable":true,"href":"https:\/\/chemgramx.com\/es\/wp-json\/wp\/v2\/media\/8822"}],"wp:attachment":[{"href":"https:\/\/chemgramx.com\/es\/wp-json\/wp\/v2\/media?parent=8787"}],"wp:term":[{"taxonomy":"product_brand","embeddable":true,"href":"https:\/\/chemgramx.com\/es\/wp-json\/wp\/v2\/product_brand?post=8787"},{"taxonomy":"product_cat","embeddable":true,"href":"https:\/\/chemgramx.com\/es\/wp-json\/wp\/v2\/product_cat?post=8787"},{"taxonomy":"product_tag","embeddable":true,"href":"https:\/\/chemgramx.com\/es\/wp-json\/wp\/v2\/product_tag?post=8787"}],"curies":[{"name":"wp","href":"https:\/\/api.w.org\/{rel}","templated":true}]}}